{"id":10670,"date":"2024-03-08T15:57:17","date_gmt":"2024-03-08T14:57:17","guid":{"rendered":"https:\/\/credaf.org\/?page_id=10670"},"modified":"2024-03-08T16:02:05","modified_gmt":"2024-03-08T15:02:05","slug":"formation-ihedd-omd-sur-la-science-des-donnees-au-service-dune-meilleure-mobilisation-des-recettes","status":"publish","type":"page","link":"https:\/\/credaf.org\/en\/formation-ihedd-omd-sur-la-science-des-donnees-au-service-dune-meilleure-mobilisation-des-recettes\/","title":{"rendered":"IHEDD-WCO Training on \"Data Science for Better Revenue Mobilization\""},"content":{"rendered":"<p>Nous avons le plaisir de vous annoncer le lancement de l\u2019appel \u00e0 candidatures pour le parcours de formation \u00e0 distance <strong><em>\u00ab\u00a0La science des donn\u00e9es au service d\u2019une meilleure mobilisation des recettes et de la lutte contre la fraude<\/em><\/strong><strong>\u00ab\u00a0<\/strong>\u00a0dans sa version certifiante (IHEDD- OMD) et tutor\u00e9e (classe virtuelle \u2013 forum \u2013 webinaires \u2013 etc).<\/p>\n<p>Ce parcours de formation s\u2019adresse en priorit\u00e9 aux agent.es francophones des administrations fiscales et douani\u00e8res. Certaines formations sont exclusives \u00e0 ces administrations et d\u2019autres sont \u00e9galement ouvertes aux partenaires techniques et financiers. Il est organis\u00e9 conjointement par l\u2019Institut des Hautes \u00c9tudes du D\u00e9veloppement Durable (IHEDD) de la FERDI et l\u2019Organisation mondiale des Douanes (OMD).<\/p>\n<div>\n<div>For more information, please visit:<\/div>\n<div>\u2013 la plaquette <em><span style=\"color: #0000ff;\"><strong><a style=\"color: #0000ff;\" href=\"https:\/\/credaf.org\/wp-content\/uploads\/2024\/03\/IHEDD-DATAFID-plaquette-2024-VF.pdf\" target=\"_blank\" rel=\"noopener\">here<\/a><\/strong><\/span><\/em> ;<\/div>\n<div>\u2013 le lien vers le site internet de la Ferdi :\u00a0<a href=\"https:\/\/ferdi.fr\/en\/ihedd\/134681fc-9e56-43c6-ab1d-56e3da08631f\" target=\"_blank\" rel=\"noopener\" data-saferedirecturl=\"https:\/\/www.google.com\/url?q=https:\/\/ferdi.fr\/en\/ihedd\/134681fc-9e56-43c6-ab1d-56e3da08631f&source=gmail&ust=1709995281703000&usg=AOvVaw0gieUANFcQYTbscxVYjxGb\">https:\/\/ferdi.fr\/en\/ihedd\/<wbr \/>134681fc-9e56-43c6-ab1d-<wbr \/>56e3da08631f<\/a><\/div>\n<div>\u2013 le lien vers le formulaire de candidature:\u00a0<a href=\"https:\/\/framaforms.org\/candidature-parcours-la-science-de-la-donnee-au-service-dune-meilleure-mobilisation-des-recettes-et\" target=\"_blank\" rel=\"noopener\" data-saferedirecturl=\"https:\/\/www.google.com\/url?q=https:\/\/framaforms.org\/candidature-parcours-la-science-de-la-donnee-au-service-dune-meilleure-mobilisation-des-recettes-et&source=gmail&ust=1709995281703000&usg=AOvVaw282joJEGUrXSw7VGp3pbVK\">https:\/\/<wbr \/>framaforms.org\/candidature-<wbr \/>parcours-la-science-de-la-<wbr \/>donnee-au-service-dune-<wbr \/>meilleure-mobilisation-des-<wbr \/>recettes-et<\/a><\/div>\n<\/div>\n<div><\/div>\n<div>The deadline to apply is March 11.<\/div>\n<!-- AddThis Advanced Settings generic via filter on the_content --><!-- AddThis Share Buttons generic via filter on the_content --><!-- AddThis Related Posts generic via filter on the_content -->","protected":false},"excerpt":{"rendered":"<p>Nous avons le plaisir de vous annoncer le lancement de l\u2019appel \u00e0 candidatures pour le parcours de formation \u00e0 distance \u00ab\u00a0La science des donn\u00e9es au service d\u2019une meilleure mobilisation des recettes et de la lutte contre la fraude\u00ab\u00a0\u00a0dans sa version certifiante (IHEDD- OMD) et tutor\u00e9e (classe virtuelle \u2013 forum \u2013 webinaires \u2013 etc). Ce parcours de formation s\u2019adresse en priorit\u00e9<\/p>","protected":false},"author":13,"featured_media":0,"parent":0,"menu_order":0,"comment_status":"closed","ping_status":"closed","template":"","meta":{"_acf_changed":false,"footnotes":""},"class_list":["post-10670","page","type-page","status-publish","hentry"],"acf":[],"yoast_head":"<!-- This site is optimized with the Yoast SEO plugin v27.5 - https:\/\/yoast.com\/product\/yoast-seo-wordpress\/ -->\n<title>Formation IHEDD-OMD sur &quot;La science des donn\u00e9es au service d&#039;une meilleure mobilisation des recettes .... -<\/title>\n<meta name=\"robots\" content=\"index, follow, max-snippet:-1, max-image-preview:large, max-video-preview:-1\" \/>\n<link rel=\"canonical\" href=\"https:\/\/credaf.org\/en\/formation-ihedd-omd-sur-la-science-des-donnees-au-service-dune-meilleure-mobilisation-des-recettes\/\" \/>\n<meta property=\"og:locale\" content=\"en_US\" \/>\n<meta property=\"og:type\" content=\"article\" \/>\n<meta property=\"og:title\" content=\"Formation IHEDD-OMD sur &quot;La science des donn\u00e9es au service d&#039;une meilleure mobilisation des recettes .... -\" \/>\n<meta property=\"og:description\" content=\"Nous avons le plaisir de vous annoncer le lancement de l\u2019appel \u00e0 candidatures pour le parcours de formation \u00e0 distance \u00ab\u00a0La science des donn\u00e9es au service d\u2019une meilleure mobilisation des recettes et de la lutte contre la fraude\u00ab\u00a0\u00a0dans sa version certifiante (IHEDD- OMD) et tutor\u00e9e (classe virtuelle \u2013 forum \u2013 webinaires \u2013 etc). Ce parcours de formation s\u2019adresse en priorit\u00e9\" \/>\n<meta property=\"og:url\" content=\"https:\/\/credaf.org\/en\/formation-ihedd-omd-sur-la-science-des-donnees-au-service-dune-meilleure-mobilisation-des-recettes\/\" \/>\n<meta property=\"article:modified_time\" content=\"2024-03-08T15:02:05+00:00\" \/>\n<meta name=\"twitter:card\" content=\"summary_large_image\" \/>\n<meta name=\"twitter:label1\" content=\"Est. reading time\" \/>\n\t<meta name=\"twitter:data1\" content=\"1 minute\" \/>\n<script type=\"application\/ld+json\" class=\"yoast-schema-graph\">{\"@context\":\"https:\\\/\\\/schema.org\",\"@graph\":[{\"@type\":\"WebPage\",\"@id\":\"https:\\\/\\\/credaf.org\\\/formation-ihedd-omd-sur-la-science-des-donnees-au-service-dune-meilleure-mobilisation-des-recettes\\\/\",\"url\":\"https:\\\/\\\/credaf.org\\\/formation-ihedd-omd-sur-la-science-des-donnees-au-service-dune-meilleure-mobilisation-des-recettes\\\/\",\"name\":\"Formation IHEDD-OMD sur \\\"La science des donn\u00e9es au service d'une meilleure mobilisation des recettes .... -\",\"isPartOf\":{\"@id\":\"https:\\\/\\\/credaf.org\\\/#website\"},\"datePublished\":\"2024-03-08T14:57:17+00:00\",\"dateModified\":\"2024-03-08T15:02:05+00:00\",\"breadcrumb\":{\"@id\":\"https:\\\/\\\/credaf.org\\\/formation-ihedd-omd-sur-la-science-des-donnees-au-service-dune-meilleure-mobilisation-des-recettes\\\/#breadcrumb\"},\"inLanguage\":\"en-US\",\"potentialAction\":[{\"@type\":\"ReadAction\",\"target\":[\"https:\\\/\\\/credaf.org\\\/formation-ihedd-omd-sur-la-science-des-donnees-au-service-dune-meilleure-mobilisation-des-recettes\\\/\"]}]},{\"@type\":\"BreadcrumbList\",\"@id\":\"https:\\\/\\\/credaf.org\\\/formation-ihedd-omd-sur-la-science-des-donnees-au-service-dune-meilleure-mobilisation-des-recettes\\\/#breadcrumb\",\"itemListElement\":[{\"@type\":\"ListItem\",\"position\":1,\"name\":\"Accueil\",\"item\":\"https:\\\/\\\/credaf.org\\\/\"},{\"@type\":\"ListItem\",\"position\":2,\"name\":\"Formation IHEDD-OMD sur \u00ab\u00a0La science des donn\u00e9es au service d&rsquo;une meilleure mobilisation des recettes &#8230;.\"}]},{\"@type\":\"WebSite\",\"@id\":\"https:\\\/\\\/credaf.org\\\/#website\",\"url\":\"https:\\\/\\\/credaf.org\\\/\",\"name\":\"\",\"description\":\"\",\"potentialAction\":[{\"@type\":\"SearchAction\",\"target\":{\"@type\":\"EntryPoint\",\"urlTemplate\":\"https:\\\/\\\/credaf.org\\\/?s={search_term_string}\"},\"query-input\":{\"@type\":\"PropertyValueSpecification\",\"valueRequired\":true,\"valueName\":\"search_term_string\"}}],\"inLanguage\":\"en-US\"}]}<\/script>\n<!-- \/ Yoast SEO plugin. -->","yoast_head_json":{"title":"Formation IHEDD-OMD sur \"La science des donn\u00e9es au service d'une meilleure mobilisation des recettes .... -","robots":{"index":"index","follow":"follow","max-snippet":"max-snippet:-1","max-image-preview":"max-image-preview:large","max-video-preview":"max-video-preview:-1"},"canonical":"https:\/\/credaf.org\/en\/formation-ihedd-omd-sur-la-science-des-donnees-au-service-dune-meilleure-mobilisation-des-recettes\/","og_locale":"en_US","og_type":"article","og_title":"Formation IHEDD-OMD sur \"La science des donn\u00e9es au service d'une meilleure mobilisation des recettes .... -","og_description":"Nous avons le plaisir de vous annoncer le lancement de l\u2019appel \u00e0 candidatures pour le parcours de formation \u00e0 distance \u00ab\u00a0La science des donn\u00e9es au service d\u2019une meilleure mobilisation des recettes et de la lutte contre la fraude\u00ab\u00a0\u00a0dans sa version certifiante (IHEDD- OMD) et tutor\u00e9e (classe virtuelle \u2013 forum \u2013 webinaires \u2013 etc). Ce parcours de formation s\u2019adresse en priorit\u00e9","og_url":"https:\/\/credaf.org\/en\/formation-ihedd-omd-sur-la-science-des-donnees-au-service-dune-meilleure-mobilisation-des-recettes\/","article_modified_time":"2024-03-08T15:02:05+00:00","twitter_card":"summary_large_image","twitter_misc":{"Est. reading time":"1 minute"},"schema":{"@context":"https:\/\/schema.org","@graph":[{"@type":"WebPage","@id":"https:\/\/credaf.org\/formation-ihedd-omd-sur-la-science-des-donnees-au-service-dune-meilleure-mobilisation-des-recettes\/","url":"https:\/\/credaf.org\/formation-ihedd-omd-sur-la-science-des-donnees-au-service-dune-meilleure-mobilisation-des-recettes\/","name":"Formation IHEDD-OMD sur \"La science des donn\u00e9es au service d'une meilleure mobilisation des recettes .... -","isPartOf":{"@id":"https:\/\/credaf.org\/#website"},"datePublished":"2024-03-08T14:57:17+00:00","dateModified":"2024-03-08T15:02:05+00:00","breadcrumb":{"@id":"https:\/\/credaf.org\/formation-ihedd-omd-sur-la-science-des-donnees-au-service-dune-meilleure-mobilisation-des-recettes\/#breadcrumb"},"inLanguage":"en-US","potentialAction":[{"@type":"ReadAction","target":["https:\/\/credaf.org\/formation-ihedd-omd-sur-la-science-des-donnees-au-service-dune-meilleure-mobilisation-des-recettes\/"]}]},{"@type":"BreadcrumbList","@id":"https:\/\/credaf.org\/formation-ihedd-omd-sur-la-science-des-donnees-au-service-dune-meilleure-mobilisation-des-recettes\/#breadcrumb","itemListElement":[{"@type":"ListItem","position":1,"name":"Accueil","item":"https:\/\/credaf.org\/"},{"@type":"ListItem","position":2,"name":"Formation IHEDD-OMD sur \u00ab\u00a0La science des donn\u00e9es au service d&rsquo;une meilleure mobilisation des recettes &#8230;."}]},{"@type":"WebSite","@id":"https:\/\/credaf.org\/#website","url":"https:\/\/credaf.org\/","name":"","description":"","potentialAction":[{"@type":"SearchAction","target":{"@type":"EntryPoint","urlTemplate":"https:\/\/credaf.org\/?s={search_term_string}"},"query-input":{"@type":"PropertyValueSpecification","valueRequired":true,"valueName":"search_term_string"}}],"inLanguage":"en-US"}]}},"rttpg_featured_image_url":null,"rttpg_author":{"display_name":"sgcredaf","author_link":"https:\/\/credaf.org\/en\/author\/sgcredaf\/"},"rttpg_comment":0,"rttpg_category":null,"rttpg_excerpt":"Nous avons le plaisir de vous annoncer le lancement de l\u2019appel \u00e0 candidatures pour le parcours de formation \u00e0 distance \u00ab\u00a0La science des donn\u00e9es au service d\u2019une meilleure mobilisation des recettes et de la lutte contre la fraude\u00ab\u00a0\u00a0dans sa version certifiante (IHEDD- OMD) et tutor\u00e9e (classe virtuelle \u2013 forum \u2013 webinaires \u2013 etc). Ce parcours&hellip;","_links":{"self":[{"href":"https:\/\/credaf.org\/en\/wp-json\/wp\/v2\/pages\/10670","targetHints":{"allow":["GET"]}}],"collection":[{"href":"https:\/\/credaf.org\/en\/wp-json\/wp\/v2\/pages"}],"about":[{"href":"https:\/\/credaf.org\/en\/wp-json\/wp\/v2\/types\/page"}],"author":[{"embeddable":true,"href":"https:\/\/credaf.org\/en\/wp-json\/wp\/v2\/users\/13"}],"replies":[{"embeddable":true,"href":"https:\/\/credaf.org\/en\/wp-json\/wp\/v2\/comments?post=10670"}],"version-history":[{"count":0,"href":"https:\/\/credaf.org\/en\/wp-json\/wp\/v2\/pages\/10670\/revisions"}],"wp:attachment":[{"href":"https:\/\/credaf.org\/en\/wp-json\/wp\/v2\/media?parent=10670"}],"curies":[{"name":"wp","href":"https:\/\/api.w.org\/{rel}","templated":true}]}}