{"id":1157,"date":"2016-10-25T10:33:30","date_gmt":"2016-10-25T08:33:30","guid":{"rendered":"http:\/\/credaf.org\/?page_id=1157"},"modified":"2023-09-01T17:24:22","modified_gmt":"2023-09-01T15:24:22","slug":"ciat","status":"publish","type":"page","link":"https:\/\/credaf.org\/en\/ciat\/","title":{"rendered":"CIAT"},"content":{"rendered":"<div data-elementor-type=\"wp-page\" data-elementor-id=\"1157\" class=\"elementor elementor-1157\">\n\t\t\t\t<div class=\"elementor-element elementor-element-2278087 e-flex e-con-boxed wpr-particle-no wpr-jarallax-no wpr-parallax-no wpr-sticky-section-no e-con e-parent\" data-id=\"2278087\" data-element_type=\"container\" data-e-type=\"container\">\n\t\t\t\t\t<div class=\"e-con-inner\">\n\t\t\t\t<div class=\"elementor-element elementor-element-6833b9a elementor-widget elementor-widget-heading\" data-id=\"6833b9a\" data-element_type=\"widget\" data-e-type=\"widget\" data-widget_type=\"heading.default\">\n\t\t\t\t<div class=\"elementor-widget-container\">\n\t\t\t\t\t<h2 class=\"elementor-heading-title elementor-size-default\">Le Centre Interam\u00e9ricain des Administrations Fiscales<\/h2>\t\t\t\t<\/div>\n\t\t\t\t<\/div>\n\t\t\t\t\t<\/div>\n\t\t\t\t<\/div>\n\t\t<div class=\"elementor-element elementor-element-7cb93b8 e-flex e-con-boxed wpr-particle-no wpr-jarallax-no wpr-parallax-no wpr-sticky-section-no e-con e-parent\" data-id=\"7cb93b8\" data-element_type=\"container\" data-e-type=\"container\">\n\t\t\t\t\t<div class=\"e-con-inner\">\n\t\t<div class=\"elementor-element elementor-element-d21f91d e-con-full e-flex wpr-particle-no wpr-jarallax-no wpr-parallax-no wpr-sticky-section-no e-con e-parent\" data-id=\"d21f91d\" data-element_type=\"container\" data-e-type=\"container\">\n\t\t\t\t<div class=\"elementor-element elementor-element-27b004d elementor-widget elementor-widget-text-editor\" data-id=\"27b004d\" data-element_type=\"widget\" data-e-type=\"widget\" data-widget_type=\"text-editor.default\">\n\t\t\t\t<div class=\"elementor-widget-container\">\n\t\t\t\t\t\t\t\t\t<p><span style=\"text-align: justify; color: var( --e-global-color-text ); font-family: var( --e-global-typography-text-font-family ), Sans-serif; font-weight: var( --e-global-typography-text-font-weight );\">Le CREDAF et le CIAT ont des exp\u00e9riences avec les pratiques de l&rsquo;administration fiscale, qui sont mutuellement b\u00e9n\u00e9fiques pour leur pays membres. En 2013, les deux organisation ont approfondi leur coop\u00e9ration dans le cadre d&rsquo;un accord formel. L&rsquo;objectif de ce partenariat est d&rsquo;\u00e9changer des informations sur leurs initiatives respectives, de promouvoir la diffusion de leurs publications au sein de leurs membres et d&rsquo;organiser des activit\u00e9s communes telles que des rencontres techniques ou activit\u00e9s de formation.<\/span><\/p><p>Dans le cadre de ce partenariat, le CREDAF relaie les informations et les publications du CIAT au sein de ses membres et d&rsquo;un public averti :<\/p><ul><li style=\"padding-left: 30px;\"><a href=\"http:\/\/biblioteca.ciat.org\/opac\" target=\"_blank\" rel=\"noopener noreferrer\">Biblioth\u00e8que virtuelle du CIAT<\/a><\/li><\/ul>\t\t\t\t\t\t\t\t<\/div>\n\t\t\t\t<\/div>\n\t\t\t\t<\/div>\n\t\t<div class=\"elementor-element elementor-element-ff1dbaa e-con-full e-flex wpr-particle-no wpr-jarallax-no wpr-parallax-no wpr-sticky-section-no e-con e-parent\" data-id=\"ff1dbaa\" data-element_type=\"container\" data-e-type=\"container\">\n\t\t<div class=\"elementor-element elementor-element-db5771e e-flex e-con-boxed wpr-particle-no wpr-jarallax-no wpr-parallax-no wpr-sticky-section-no e-con e-parent\" data-id=\"db5771e\" data-element_type=\"container\" data-e-type=\"container\">\n\t\t\t\t\t<div class=\"e-con-inner\">\n\t\t\t\t<div class=\"elementor-element elementor-element-1d56185 elementor-widget elementor-widget-image\" data-id=\"1d56185\" data-element_type=\"widget\" data-e-type=\"widget\" data-widget_type=\"image.default\">\n\t\t\t\t<div class=\"elementor-widget-container\">\n\t\t\t\t\t\t\t\t\t\t\t\t\t\t\t<img decoding=\"async\" width=\"200\" height=\"200\" src=\"https:\/\/credaf.org\/wp-content\/uploads\/2016\/10\/Logo-ciat-fr.svg_-1-e1477381340614.png\" class=\"attachment-large size-large wp-image-1160\" alt=\"\" srcset=\"https:\/\/credaf.org\/wp-content\/uploads\/2016\/10\/Logo-ciat-fr.svg_-1-e1477381340614.png 200w, https:\/\/credaf.org\/wp-content\/uploads\/2016\/10\/Logo-ciat-fr.svg_-1-e1477381340614-100x100.png 100w\" sizes=\"(max-width: 200px) 100vw, 200px\" \/>\t\t\t\t\t\t\t\t\t\t\t\t\t\t\t<\/div>\n\t\t\t\t<\/div>\n\t\t\t\t<div class=\"elementor-element elementor-element-7345d31 elementor-arrows-position-inside elementor-pagination-position-outside elementor-widget elementor-widget-image-carousel\" data-id=\"7345d31\" data-element_type=\"widget\" data-e-type=\"widget\" data-settings=\"{&quot;slides_to_show&quot;:&quot;1&quot;,&quot;navigation&quot;:&quot;both&quot;,&quot;autoplay&quot;:&quot;yes&quot;,&quot;pause_on_hover&quot;:&quot;yes&quot;,&quot;pause_on_interaction&quot;:&quot;yes&quot;,&quot;autoplay_speed&quot;:5000,&quot;infinite&quot;:&quot;yes&quot;,&quot;effect&quot;:&quot;slide&quot;,&quot;speed&quot;:500}\" data-widget_type=\"image-carousel.default\">\n\t\t\t\t<div class=\"elementor-widget-container\">\n\t\t\t\t\t\t\t<div class=\"elementor-image-carousel-wrapper swiper\" role=\"region\" aria-roledescription=\"carousel\" aria-label=\"Image Carousel\" dir=\"ltr\">\n\t\t\t<div class=\"elementor-image-carousel swiper-wrapper\" aria-live=\"off\">\n\t\t\t\t\t\t\t\t<div class=\"swiper-slide\" role=\"group\" aria-roledescription=\"slide\" aria-label=\"1 of 4\"><figure class=\"swiper-slide-inner\"><img decoding=\"async\" class=\"swiper-slide-image\" src=\"https:\/\/credaf.org\/wp-content\/uploads\/2023\/08\/MG_2358-1024x683.jpg\" alt=\"Photo, de gauche \u00e0 droite : Antoine Ngakosso, Directeur des Imp\u00f4ts de la R\u00e9publique du Congo et Pr\u00e9sident du CREDAF en 2013 ; F. J. Beiner, Directeur de la gestion institutionnelle et op\u00e9rationnelle du CIAT ; et Gilles Berteau, Secr\u00e9taire G\u00e9n\u00e9ral du CREDAF (2010-2013), \u00e0 Brazzaville le 27\/05\/2013.\" \/><figcaption class=\"elementor-image-carousel-caption\">Photo, de gauche \u00e0 droite : Antoine Ngakosso, Directeur des Imp\u00f4ts de la R\u00e9publique du Congo et Pr\u00e9sident du CREDAF en 2013 ; F. J. Beiner, Directeur de la gestion institutionnelle et op\u00e9rationnelle du CIAT ; et Gilles Berteau, Secr\u00e9taire G\u00e9n\u00e9ral du CREDAF (2010-2013), \u00e0 Brazzaville le 27\/05\/2013.<\/figcaption><\/figure><\/div><div class=\"swiper-slide\" role=\"group\" aria-roledescription=\"slide\" aria-label=\"2 of 4\"><figure class=\"swiper-slide-inner\"><img decoding=\"async\" class=\"swiper-slide-image\" src=\"https:\/\/credaf.org\/wp-content\/uploads\/2023\/08\/MG_2351-1024x683.jpg\" alt=\"MG_2351\" \/><\/figure><\/div><div class=\"swiper-slide\" role=\"group\" aria-roledescription=\"slide\" aria-label=\"3 of 4\"><figure class=\"swiper-slide-inner\"><img decoding=\"async\" class=\"swiper-slide-image\" src=\"https:\/\/credaf.org\/wp-content\/uploads\/2023\/08\/MG_2349-1024x683.jpg\" alt=\"Photo, de gauche \u00e0 droite : Antoine Ngakosso, Directeur des Imp\u00f4ts de la R\u00e9publique du Congo et Pr\u00e9sident du CREDAF en 2013 ; F. J. Beiner, Directeur de la gestion institutionnelle et op\u00e9rationnelle du CIAT ; et Gilles Berteau, Secr\u00e9taire G\u00e9n\u00e9ral du CREDAF (2010-2013), \u00e0 Brazzaville le 27\/05\/2013.\" \/><figcaption class=\"elementor-image-carousel-caption\">Photo, de gauche \u00e0 droite : Antoine Ngakosso, Directeur des Imp\u00f4ts de la R\u00e9publique du Congo et Pr\u00e9sident du CREDAF en 2013 ; F. J. Beiner, Directeur de la gestion institutionnelle et op\u00e9rationnelle du CIAT ; et Gilles Berteau, Secr\u00e9taire G\u00e9n\u00e9ral du CREDAF (2010-2013), \u00e0 Brazzaville le 27\/05\/2013.<\/figcaption><\/figure><\/div><div class=\"swiper-slide\" role=\"group\" aria-roledescription=\"slide\" aria-label=\"4 of 4\"><figure class=\"swiper-slide-inner\"><img decoding=\"async\" class=\"swiper-slide-image\" src=\"https:\/\/credaf.org\/wp-content\/uploads\/2023\/08\/MG_2347-1024x683.jpg\" alt=\"Photo, de gauche \u00e0 droite : Antoine Ngakosso, Directeur des Imp\u00f4ts de la R\u00e9publique du Congo et Pr\u00e9sident du CREDAF en 2013 ; F. J. Beiner, Directeur de la gestion institutionnelle et op\u00e9rationnelle du CIAT ; et Gilles Berteau, Secr\u00e9taire G\u00e9n\u00e9ral du CREDAF (2010-2013), \u00e0 Brazzaville le 27\/05\/2013.\" \/><figcaption class=\"elementor-image-carousel-caption\">Photo, de gauche \u00e0 droite : Antoine Ngakosso, Directeur des Imp\u00f4ts de la R\u00e9publique du Congo et Pr\u00e9sident du CREDAF en 2013 ; F. J. Beiner, Directeur de la gestion institutionnelle et op\u00e9rationnelle du CIAT ; et Gilles Berteau, Secr\u00e9taire G\u00e9n\u00e9ral du CREDAF (2010-2013), \u00e0 Brazzaville le 27\/05\/2013.<\/figcaption><\/figure><\/div>\t\t\t<\/div>\n\t\t\t\t\t\t\t\t\t\t\t\t<div class=\"elementor-swiper-button elementor-swiper-button-prev\" role=\"button\" tabindex=\"0\">\n\t\t\t\t\t\t<svg aria-hidden=\"true\" class=\"e-font-icon-svg e-eicon-chevron-left\" viewbox=\"0 0 1000 1000\" xmlns=\"http:\/\/www.w3.org\/2000\/svg\"><path d=\"M646 125C629 125 613 133 604 142L308 442C296 454 292 471 292 487 292 504 296 521 308 533L604 854C617 867 629 875 646 875 663 875 679 871 692 858 704 846 713 829 713 812 713 796 708 779 692 767L438 487 692 225C700 217 708 204 708 187 708 171 704 154 692 142 675 129 663 125 646 125Z\"><\/path><\/svg>\t\t\t\t\t<\/div>\n\t\t\t\t\t<div class=\"elementor-swiper-button elementor-swiper-button-next\" role=\"button\" tabindex=\"0\">\n\t\t\t\t\t\t<svg aria-hidden=\"true\" class=\"e-font-icon-svg e-eicon-chevron-right\" viewbox=\"0 0 1000 1000\" xmlns=\"http:\/\/www.w3.org\/2000\/svg\"><path d=\"M696 533C708 521 713 504 713 487 713 471 708 454 696 446L400 146C388 133 375 125 354 125 338 125 325 129 313 142 300 154 292 171 292 187 292 204 296 221 308 233L563 492 304 771C292 783 288 800 288 817 288 833 296 850 308 863 321 871 338 875 354 875 371 875 388 867 400 854L696 533Z\"><\/path><\/svg>\t\t\t\t\t<\/div>\n\t\t\t\t\n\t\t\t\t\t\t\t\t\t<div class=\"swiper-pagination\"><\/div>\n\t\t\t\t\t\t\t\t\t<\/div>\n\t\t\t\t\t\t<\/div>\n\t\t\t\t<\/div>\n\t\t\t\t\t<\/div>\n\t\t\t\t<\/div>\n\t\t\t\t<\/div>\n\t\t\t\t\t<\/div>\n\t\t\t\t<\/div>\n\t\t\t\t<\/div>\n\t\t<!-- AddThis Advanced Settings generic via filter on the_content --><!-- AddThis Share Buttons generic via filter on the_content --><!-- AddThis Related Posts generic via filter on the_content -->","protected":false},"excerpt":{"rendered":"<p>Le Centre Interam\u00e9ricain des Administrations Fiscales Le CREDAF et le CIAT ont des exp\u00e9riences avec les pratiques de l&rsquo;administration fiscale, qui sont mutuellement b\u00e9n\u00e9fiques pour leur pays membres. En 2013, les deux organisation ont approfondi leur coop\u00e9ration dans le cadre d&rsquo;un accord formel. L&rsquo;objectif de ce partenariat est d&rsquo;\u00e9changer des informations sur leurs initiatives respectives, de promouvoir la diffusion de<\/p>","protected":false},"author":13,"featured_media":0,"parent":0,"menu_order":0,"comment_status":"closed","ping_status":"closed","template":"","meta":{"_acf_changed":false,"footnotes":""},"class_list":["post-1157","page","type-page","status-publish","hentry"],"acf":[],"yoast_head":"<!-- This site is optimized with the Yoast SEO plugin v27.3 - https:\/\/yoast.com\/product\/yoast-seo-wordpress\/ -->\n<title>CIAT -<\/title>\n<meta name=\"robots\" content=\"index, follow, max-snippet:-1, max-image-preview:large, max-video-preview:-1\" \/>\n<link rel=\"canonical\" href=\"https:\/\/credaf.org\/en\/ciat\/\" \/>\n<meta property=\"og:locale\" content=\"en_US\" \/>\n<meta property=\"og:type\" content=\"article\" \/>\n<meta property=\"og:title\" content=\"CIAT -\" \/>\n<meta property=\"og:description\" content=\"Le Centre Interam\u00e9ricain des Administrations Fiscales Le CREDAF et le CIAT ont des exp\u00e9riences avec les pratiques de l&rsquo;administration fiscale, qui sont mutuellement b\u00e9n\u00e9fiques pour leur pays membres. En 2013, les deux organisation ont approfondi leur coop\u00e9ration dans le cadre d&rsquo;un accord formel. L&rsquo;objectif de ce partenariat est d&rsquo;\u00e9changer des informations sur leurs initiatives respectives, de promouvoir la diffusion de\" \/>\n<meta property=\"og:url\" content=\"https:\/\/credaf.org\/en\/ciat\/\" \/>\n<meta property=\"article:modified_time\" content=\"2023-09-01T15:24:22+00:00\" \/>\n<meta property=\"og:image\" content=\"https:\/\/credaf.org\/wp-content\/uploads\/2016\/10\/Logo-ciat-fr.svg_-1-e1477381340614.png\" \/>\n<meta name=\"twitter:card\" content=\"summary_large_image\" \/>\n<meta name=\"twitter:label1\" content=\"Est. reading time\" \/>\n\t<meta name=\"twitter:data1\" content=\"4 minutes\" \/>\n<script type=\"application\/ld+json\" class=\"yoast-schema-graph\">{\"@context\":\"https:\\\/\\\/schema.org\",\"@graph\":[{\"@type\":\"WebPage\",\"@id\":\"https:\\\/\\\/credaf.org\\\/ciat\\\/\",\"url\":\"https:\\\/\\\/credaf.org\\\/ciat\\\/\",\"name\":\"CIAT -\",\"isPartOf\":{\"@id\":\"https:\\\/\\\/credaf.org\\\/#website\"},\"primaryImageOfPage\":{\"@id\":\"https:\\\/\\\/credaf.org\\\/ciat\\\/#primaryimage\"},\"image\":{\"@id\":\"https:\\\/\\\/credaf.org\\\/ciat\\\/#primaryimage\"},\"thumbnailUrl\":\"https:\\\/\\\/credaf.org\\\/wp-content\\\/uploads\\\/2016\\\/10\\\/Logo-ciat-fr.svg_-1-e1477381340614.png\",\"datePublished\":\"2016-10-25T08:33:30+00:00\",\"dateModified\":\"2023-09-01T15:24:22+00:00\",\"breadcrumb\":{\"@id\":\"https:\\\/\\\/credaf.org\\\/ciat\\\/#breadcrumb\"},\"inLanguage\":\"en-US\",\"potentialAction\":[{\"@type\":\"ReadAction\",\"target\":[\"https:\\\/\\\/credaf.org\\\/ciat\\\/\"]}]},{\"@type\":\"ImageObject\",\"inLanguage\":\"en-US\",\"@id\":\"https:\\\/\\\/credaf.org\\\/ciat\\\/#primaryimage\",\"url\":\"https:\\\/\\\/credaf.org\\\/wp-content\\\/uploads\\\/2016\\\/10\\\/Logo-ciat-fr.svg_-1-e1477381340614.png\",\"contentUrl\":\"https:\\\/\\\/credaf.org\\\/wp-content\\\/uploads\\\/2016\\\/10\\\/Logo-ciat-fr.svg_-1-e1477381340614.png\"},{\"@type\":\"BreadcrumbList\",\"@id\":\"https:\\\/\\\/credaf.org\\\/ciat\\\/#breadcrumb\",\"itemListElement\":[{\"@type\":\"ListItem\",\"position\":1,\"name\":\"Accueil\",\"item\":\"https:\\\/\\\/credaf.org\\\/\"},{\"@type\":\"ListItem\",\"position\":2,\"name\":\"CIAT\"}]},{\"@type\":\"WebSite\",\"@id\":\"https:\\\/\\\/credaf.org\\\/#website\",\"url\":\"https:\\\/\\\/credaf.org\\\/\",\"name\":\"\",\"description\":\"\",\"potentialAction\":[{\"@type\":\"SearchAction\",\"target\":{\"@type\":\"EntryPoint\",\"urlTemplate\":\"https:\\\/\\\/credaf.org\\\/?s={search_term_string}\"},\"query-input\":{\"@type\":\"PropertyValueSpecification\",\"valueRequired\":true,\"valueName\":\"search_term_string\"}}],\"inLanguage\":\"en-US\"}]}<\/script>\n<!-- \/ Yoast SEO plugin. -->","yoast_head_json":{"title":"CIAT -","robots":{"index":"index","follow":"follow","max-snippet":"max-snippet:-1","max-image-preview":"max-image-preview:large","max-video-preview":"max-video-preview:-1"},"canonical":"https:\/\/credaf.org\/en\/ciat\/","og_locale":"en_US","og_type":"article","og_title":"CIAT -","og_description":"Le Centre Interam\u00e9ricain des Administrations Fiscales Le CREDAF et le CIAT ont des exp\u00e9riences avec les pratiques de l&rsquo;administration fiscale, qui sont mutuellement b\u00e9n\u00e9fiques pour leur pays membres. En 2013, les deux organisation ont approfondi leur coop\u00e9ration dans le cadre d&rsquo;un accord formel. L&rsquo;objectif de ce partenariat est d&rsquo;\u00e9changer des informations sur leurs initiatives respectives, de promouvoir la diffusion de","og_url":"https:\/\/credaf.org\/en\/ciat\/","article_modified_time":"2023-09-01T15:24:22+00:00","og_image":[{"url":"https:\/\/credaf.org\/wp-content\/uploads\/2016\/10\/Logo-ciat-fr.svg_-1-e1477381340614.png","type":"","width":"","height":""}],"twitter_card":"summary_large_image","twitter_misc":{"Est. reading time":"4 minutes"},"schema":{"@context":"https:\/\/schema.org","@graph":[{"@type":"WebPage","@id":"https:\/\/credaf.org\/ciat\/","url":"https:\/\/credaf.org\/ciat\/","name":"CIAT -","isPartOf":{"@id":"https:\/\/credaf.org\/#website"},"primaryImageOfPage":{"@id":"https:\/\/credaf.org\/ciat\/#primaryimage"},"image":{"@id":"https:\/\/credaf.org\/ciat\/#primaryimage"},"thumbnailUrl":"https:\/\/credaf.org\/wp-content\/uploads\/2016\/10\/Logo-ciat-fr.svg_-1-e1477381340614.png","datePublished":"2016-10-25T08:33:30+00:00","dateModified":"2023-09-01T15:24:22+00:00","breadcrumb":{"@id":"https:\/\/credaf.org\/ciat\/#breadcrumb"},"inLanguage":"en-US","potentialAction":[{"@type":"ReadAction","target":["https:\/\/credaf.org\/ciat\/"]}]},{"@type":"ImageObject","inLanguage":"en-US","@id":"https:\/\/credaf.org\/ciat\/#primaryimage","url":"https:\/\/credaf.org\/wp-content\/uploads\/2016\/10\/Logo-ciat-fr.svg_-1-e1477381340614.png","contentUrl":"https:\/\/credaf.org\/wp-content\/uploads\/2016\/10\/Logo-ciat-fr.svg_-1-e1477381340614.png"},{"@type":"BreadcrumbList","@id":"https:\/\/credaf.org\/ciat\/#breadcrumb","itemListElement":[{"@type":"ListItem","position":1,"name":"Accueil","item":"https:\/\/credaf.org\/"},{"@type":"ListItem","position":2,"name":"CIAT"}]},{"@type":"WebSite","@id":"https:\/\/credaf.org\/#website","url":"https:\/\/credaf.org\/","name":"","description":"","potentialAction":[{"@type":"SearchAction","target":{"@type":"EntryPoint","urlTemplate":"https:\/\/credaf.org\/?s={search_term_string}"},"query-input":{"@type":"PropertyValueSpecification","valueRequired":true,"valueName":"search_term_string"}}],"inLanguage":"en-US"}]}},"rttpg_featured_image_url":null,"rttpg_author":{"display_name":"sgcredaf","author_link":"https:\/\/credaf.org\/en\/author\/sgcredaf\/"},"rttpg_comment":0,"rttpg_category":null,"rttpg_excerpt":"Le Centre Interam\u00e9ricain des Administrations Fiscales Le CREDAF et le CIAT ont des exp\u00e9riences avec les pratiques de l&rsquo;administration fiscale, qui sont mutuellement b\u00e9n\u00e9fiques pour leur pays membres. En 2013, les deux organisation ont approfondi leur coop\u00e9ration dans le cadre d&rsquo;un accord formel. L&rsquo;objectif de ce partenariat est d&rsquo;\u00e9changer des informations sur leurs initiatives respectives,&hellip;","_links":{"self":[{"href":"https:\/\/credaf.org\/en\/wp-json\/wp\/v2\/pages\/1157","targetHints":{"allow":["GET"]}}],"collection":[{"href":"https:\/\/credaf.org\/en\/wp-json\/wp\/v2\/pages"}],"about":[{"href":"https:\/\/credaf.org\/en\/wp-json\/wp\/v2\/types\/page"}],"author":[{"embeddable":true,"href":"https:\/\/credaf.org\/en\/wp-json\/wp\/v2\/users\/13"}],"replies":[{"embeddable":true,"href":"https:\/\/credaf.org\/en\/wp-json\/wp\/v2\/comments?post=1157"}],"version-history":[{"count":0,"href":"https:\/\/credaf.org\/en\/wp-json\/wp\/v2\/pages\/1157\/revisions"}],"wp:attachment":[{"href":"https:\/\/credaf.org\/en\/wp-json\/wp\/v2\/media?parent=1157"}],"curies":[{"name":"wp","href":"https:\/\/api.w.org\/{rel}","templated":true}]}}