{"id":1183,"date":"2016-10-25T10:48:43","date_gmt":"2016-10-25T08:48:43","guid":{"rendered":"http:\/\/credaf.org\/?page_id=1183"},"modified":"2025-08-26T15:31:45","modified_gmt":"2025-08-26T13:31:45","slug":"oi-2","status":"publish","type":"page","link":"https:\/\/credaf.org\/en\/oi-2\/","title":{"rendered":"International and regional organizations"},"content":{"rendered":"<div data-elementor-type=\"wp-page\" data-elementor-id=\"1183\" class=\"elementor elementor-1183\">\n\t\t\t\t\t\t<section class=\"elementor-section elementor-top-section elementor-element elementor-element-4711f68f elementor-section-boxed elementor-section-height-default elementor-section-height-default wpr-particle-no wpr-jarallax-no wpr-parallax-no wpr-sticky-section-no wpr-equal-height-no\" data-id=\"4711f68f\" data-element_type=\"section\" data-e-type=\"section\">\n\t\t\t\t\t\t<div class=\"elementor-container elementor-column-gap-default\">\n\t\t\t\t\t<div class=\"elementor-column elementor-col-100 elementor-top-column elementor-element elementor-element-617a3300\" data-id=\"617a3300\" data-element_type=\"column\" data-e-type=\"column\">\n\t\t\t<div class=\"elementor-widget-wrap elementor-element-populated\">\n\t\t\t\t\t\t<div class=\"elementor-element elementor-element-78bace14 elementor-widget elementor-widget-text-editor\" data-id=\"78bace14\" data-element_type=\"widget\" data-e-type=\"widget\" data-widget_type=\"text-editor.default\">\n\t\t\t\t<div class=\"elementor-widget-container\">\n\t\t\t\t\t\t\t\t\t<p><strong style=\"color: var( --e-global-color-text );font-family: var( --e-global-typography-text-font-family ), Sans-serif\">Since 2012, the CREDAF General Secretariat has established contacts with international organizations for which it is today a full partner.<\/strong><\/p><p><strong>\u00c0 ce jour, le CREDAF a conclu six accords de coop\u00e9ration <\/strong>avec le CIAT (2013), l&rsquo;OCDE (2015), le P\u00f4le \u00ab\u00a0Strat\u00e9gie de D\u00e9veloppement et Finances Publiques\u00a0\u00bb du PNUD bas\u00e9 \u00e0 Dakar (2016), l&rsquo;OIF (2017), la FERDI (2017) et l\u2019\u00c9cole des Mines de Paris (2017).<\/p><p><strong>These partnerships aim to facilitate dialogue and the exchange of information between members on good practices.<\/strong> <strong>dans le domaine de la fiscalit\u00e9.<\/strong> Cette coop\u00e9ration internationale multilat\u00e9rale, qui est fond\u00e9e sur l&rsquo;int\u00e9r\u00eat commun et la mutualisation des exp\u00e9riences dans le domaine de la fiscalit\u00e9, se retrouve dans les objectifs des organisations.<\/p><p>In addition to these partnerships, the Lom\u00e9 General Assembly approved the participation of CREDAF in the Network of Secretariats of Tax Organizations and in the Addis Tax initiative (ATI):<\/p><p><span style=\"color: #6ec1e4\"><strong>&gt; The Network of Secretariats of Tax Organizations<\/strong><\/span> (en anglais \u00ab Network of Tax Organisation Secretariats \u2013NTOS \u00bb) regroupe sept partenaires : l\u2019ATAF, l\u2019ATAIC, le CATA, le CIAT, le CREDAF, l\u2019IOTA et le WATAF. L\u2019objectif est de renforcer leur coop\u00e9ration pour d\u00e9velopper les capacit\u00e9s des secr\u00e9tariats et am\u00e9liorer l&rsquo;efficacit\u00e9 de leurs ressources respectives au b\u00e9n\u00e9fice de leurs membres ;<\/p><p><span style=\"color: #6ec1e4\"><strong>&gt; The Addis Tax Initiative (ATI)<\/strong><\/span> is a multi-stakeholder capacity building partnership in domestic resource mobilization, bringing together more than 40 countries and organizations committed to scaling up their improvement efforts in partner countries. The ATI aims to enable partner countries to more effectively mobilize their own resources to finance development and achieve the Sustainable Development Goals (SDGs) \u2013 by increasing technical assistance and intensifying efforts to improve domestic resource mobilization (MRN) as well as to ensure the coherence of development policies.<\/p>\t\t\t\t\t\t\t\t<\/div>\n\t\t\t\t<\/div>\n\t\t\t\t\t<\/div>\n\t\t<\/div>\n\t\t\t\t\t<\/div>\n\t\t<\/section>\n\t\t<div class=\"elementor-element elementor-element-4eedb1b e-flex e-con-boxed wpr-particle-no wpr-jarallax-no wpr-parallax-no wpr-sticky-section-no wpr-equal-height-no e-con e-parent\" data-id=\"4eedb1b\" data-element_type=\"container\" data-e-type=\"container\">\n\t\t\t\t\t<div class=\"e-con-inner\">\n\t\t\t\t<div class=\"elementor-element elementor-element-5a62fe2 elementor-widget elementor-widget-heading\" data-id=\"5a62fe2\" data-element_type=\"widget\" data-e-type=\"widget\" data-widget_type=\"heading.default\">\n\t\t\t\t<div class=\"elementor-widget-container\">\n\t\t\t\t\t<h2 class=\"elementor-heading-title elementor-size-default\">International and regional organizations<\/h2>\t\t\t\t<\/div>\n\t\t\t\t<\/div>\n\t\t\t\t\t<\/div>\n\t\t\t\t<\/div>\n\t\t<div class=\"elementor-element elementor-element-bc11f23 e-flex e-con-boxed wpr-particle-no wpr-jarallax-no wpr-parallax-no wpr-sticky-section-no wpr-equal-height-no e-con e-parent\" data-id=\"bc11f23\" data-element_type=\"container\" data-e-type=\"container\">\n\t\t\t\t\t<div class=\"e-con-inner\">\n\t\t<div class=\"elementor-element elementor-element-d68cda7 e-con-full e-flex wpr-particle-no wpr-jarallax-no wpr-parallax-no wpr-sticky-section-no wpr-equal-height-no e-con e-child\" data-id=\"d68cda7\" data-element_type=\"container\" data-e-type=\"container\">\n\t\t\t\t<div class=\"elementor-element elementor-element-ff9014e elementor-widget elementor-widget-text-editor\" data-id=\"ff9014e\" data-element_type=\"widget\" data-e-type=\"widget\" data-widget_type=\"text-editor.default\">\n\t\t\t\t<div class=\"elementor-widget-container\">\n\t\t\t\t\t\t\t\t\t<p><span style=\"color: var( --e-global-color-text );font-family: var( --e-global-typography-text-font-family ), Sans-serif;font-weight: var( --e-global-typography-text-font-weight );text-align: var(--text-align)\">In order to learn more about CREDAF's partner organizations, we invite you to read our fact sheets on each of the organizations that actively contribute to our work and actions in a spirit of sharing and pooling good practices.<\/span><\/p>\t\t\t\t\t\t\t\t<\/div>\n\t\t\t\t<\/div>\n\t\t\t\t<\/div>\n\t\t<div class=\"elementor-element elementor-element-9790a9f e-con-full e-flex wpr-particle-no wpr-jarallax-no wpr-parallax-no wpr-sticky-section-no wpr-equal-height-no e-con e-child\" data-id=\"9790a9f\" data-element_type=\"container\" data-e-type=\"container\">\n\t\t\t\t<div class=\"elementor-element elementor-element-2157f21 elementor-widget elementor-widget-text-editor\" data-id=\"2157f21\" data-element_type=\"widget\" data-e-type=\"widget\" data-widget_type=\"text-editor.default\">\n\t\t\t\t<div class=\"elementor-widget-container\">\n\t\t\t\t\t\t\t\t\t<ul><li><a href=\"https:\/\/credaf.org\/en\/ciat\/\" target=\"_blank\" rel=\"noopener noreferrer\">CIAT<\/a><\/li><li><a href=\"https:\/\/credaf.org\/en\/ocde\/\" target=\"_blank\" rel=\"noopener noreferrer\">OCDE<\/a><\/li><li><a href=\"https:\/\/credaf.org\/en\/oif\/\" target=\"_blank\" rel=\"noopener noreferrer\">OIF<\/a><\/li><li><a href=\"https:\/\/credaf.org\/en\/pole-de-dakar\/\" target=\"_blank\" rel=\"noopener noreferrer\">P\u00f4le de Dakar<\/a><\/li><\/ul>\t\t\t\t\t\t\t\t<\/div>\n\t\t\t\t<\/div>\n\t\t\t\t<\/div>\n\t\t\t\t\t<\/div>\n\t\t\t\t<\/div>\n\t\t\t\t<\/div>\n\t\t<!-- AddThis Advanced Settings generic via filter on the_content --><!-- AddThis Share Buttons generic via filter on the_content --><!-- AddThis Related Posts generic via filter on the_content -->","protected":false},"excerpt":{"rendered":"<p>Depuis 2012, le Secr\u00e9tariat G\u00e9n\u00e9ral du CREDAF a nou\u00e9 des contacts avec les organisations internationales pour lesquelles il est aujourd&rsquo;hui un partenaire \u00e0 part enti\u00e8re. \u00c0 ce jour, le CREDAF a conclu six accords de coop\u00e9ration avec le CIAT (2013), l&rsquo;OCDE (2015), le P\u00f4le \u00ab\u00a0Strat\u00e9gie de D\u00e9veloppement et Finances Publiques\u00a0\u00bb du PNUD bas\u00e9 \u00e0 Dakar (2016), l&rsquo;OIF (2017), la FERDI<\/p>","protected":false},"author":13,"featured_media":0,"parent":0,"menu_order":0,"comment_status":"closed","ping_status":"closed","template":"","meta":{"_acf_changed":false,"footnotes":""},"class_list":["post-1183","page","type-page","status-publish","hentry"],"acf":[],"yoast_head":"<!-- This site is optimized with the Yoast SEO plugin v27.4 - https:\/\/yoast.com\/product\/yoast-seo-wordpress\/ -->\n<title>Organisations internationales et r\u00e9gionales -<\/title>\n<meta name=\"robots\" content=\"index, follow, max-snippet:-1, max-image-preview:large, max-video-preview:-1\" \/>\n<link rel=\"canonical\" href=\"https:\/\/credaf.org\/en\/oi-2\/\" \/>\n<meta property=\"og:locale\" content=\"en_US\" \/>\n<meta property=\"og:type\" content=\"article\" \/>\n<meta property=\"og:title\" content=\"Organisations internationales et r\u00e9gionales -\" \/>\n<meta property=\"og:description\" content=\"Depuis 2012, le Secr\u00e9tariat G\u00e9n\u00e9ral du CREDAF a nou\u00e9 des contacts avec les organisations internationales pour lesquelles il est aujourd&rsquo;hui un partenaire \u00e0 part enti\u00e8re. \u00c0 ce jour, le CREDAF a conclu six accords de coop\u00e9ration avec le CIAT (2013), l&rsquo;OCDE (2015), le P\u00f4le \u00ab\u00a0Strat\u00e9gie de D\u00e9veloppement et Finances Publiques\u00a0\u00bb du PNUD bas\u00e9 \u00e0 Dakar (2016), l&rsquo;OIF (2017), la FERDI\" \/>\n<meta property=\"og:url\" content=\"https:\/\/credaf.org\/en\/oi-2\/\" \/>\n<meta property=\"article:modified_time\" content=\"2025-08-26T13:31:45+00:00\" \/>\n<meta name=\"twitter:card\" content=\"summary_large_image\" \/>\n<meta name=\"twitter:label1\" content=\"Est. reading time\" \/>\n\t<meta name=\"twitter:data1\" content=\"2 minutes\" \/>\n<script type=\"application\/ld+json\" class=\"yoast-schema-graph\">{\"@context\":\"https:\\\/\\\/schema.org\",\"@graph\":[{\"@type\":\"WebPage\",\"@id\":\"https:\\\/\\\/credaf.org\\\/oi-2\\\/\",\"url\":\"https:\\\/\\\/credaf.org\\\/oi-2\\\/\",\"name\":\"Organisations internationales et r\u00e9gionales -\",\"isPartOf\":{\"@id\":\"https:\\\/\\\/credaf.org\\\/#website\"},\"datePublished\":\"2016-10-25T08:48:43+00:00\",\"dateModified\":\"2025-08-26T13:31:45+00:00\",\"breadcrumb\":{\"@id\":\"https:\\\/\\\/credaf.org\\\/oi-2\\\/#breadcrumb\"},\"inLanguage\":\"en-US\",\"potentialAction\":[{\"@type\":\"ReadAction\",\"target\":[\"https:\\\/\\\/credaf.org\\\/oi-2\\\/\"]}]},{\"@type\":\"BreadcrumbList\",\"@id\":\"https:\\\/\\\/credaf.org\\\/oi-2\\\/#breadcrumb\",\"itemListElement\":[{\"@type\":\"ListItem\",\"position\":1,\"name\":\"Accueil\",\"item\":\"https:\\\/\\\/credaf.org\\\/\"},{\"@type\":\"ListItem\",\"position\":2,\"name\":\"Organisations internationales et r\u00e9gionales\"}]},{\"@type\":\"WebSite\",\"@id\":\"https:\\\/\\\/credaf.org\\\/#website\",\"url\":\"https:\\\/\\\/credaf.org\\\/\",\"name\":\"\",\"description\":\"\",\"potentialAction\":[{\"@type\":\"SearchAction\",\"target\":{\"@type\":\"EntryPoint\",\"urlTemplate\":\"https:\\\/\\\/credaf.org\\\/?s={search_term_string}\"},\"query-input\":{\"@type\":\"PropertyValueSpecification\",\"valueRequired\":true,\"valueName\":\"search_term_string\"}}],\"inLanguage\":\"en-US\"}]}<\/script>\n<!-- \/ Yoast SEO plugin. -->","yoast_head_json":{"title":"Organisations internationales et r\u00e9gionales -","robots":{"index":"index","follow":"follow","max-snippet":"max-snippet:-1","max-image-preview":"max-image-preview:large","max-video-preview":"max-video-preview:-1"},"canonical":"https:\/\/credaf.org\/en\/oi-2\/","og_locale":"en_US","og_type":"article","og_title":"Organisations internationales et r\u00e9gionales -","og_description":"Depuis 2012, le Secr\u00e9tariat G\u00e9n\u00e9ral du CREDAF a nou\u00e9 des contacts avec les organisations internationales pour lesquelles il est aujourd&rsquo;hui un partenaire \u00e0 part enti\u00e8re. \u00c0 ce jour, le CREDAF a conclu six accords de coop\u00e9ration avec le CIAT (2013), l&rsquo;OCDE (2015), le P\u00f4le \u00ab\u00a0Strat\u00e9gie de D\u00e9veloppement et Finances Publiques\u00a0\u00bb du PNUD bas\u00e9 \u00e0 Dakar (2016), l&rsquo;OIF (2017), la FERDI","og_url":"https:\/\/credaf.org\/en\/oi-2\/","article_modified_time":"2025-08-26T13:31:45+00:00","twitter_card":"summary_large_image","twitter_misc":{"Est. reading time":"2 minutes"},"schema":{"@context":"https:\/\/schema.org","@graph":[{"@type":"WebPage","@id":"https:\/\/credaf.org\/oi-2\/","url":"https:\/\/credaf.org\/oi-2\/","name":"Organisations internationales et r\u00e9gionales -","isPartOf":{"@id":"https:\/\/credaf.org\/#website"},"datePublished":"2016-10-25T08:48:43+00:00","dateModified":"2025-08-26T13:31:45+00:00","breadcrumb":{"@id":"https:\/\/credaf.org\/oi-2\/#breadcrumb"},"inLanguage":"en-US","potentialAction":[{"@type":"ReadAction","target":["https:\/\/credaf.org\/oi-2\/"]}]},{"@type":"BreadcrumbList","@id":"https:\/\/credaf.org\/oi-2\/#breadcrumb","itemListElement":[{"@type":"ListItem","position":1,"name":"Accueil","item":"https:\/\/credaf.org\/"},{"@type":"ListItem","position":2,"name":"Organisations internationales et r\u00e9gionales"}]},{"@type":"WebSite","@id":"https:\/\/credaf.org\/#website","url":"https:\/\/credaf.org\/","name":"","description":"","potentialAction":[{"@type":"SearchAction","target":{"@type":"EntryPoint","urlTemplate":"https:\/\/credaf.org\/?s={search_term_string}"},"query-input":{"@type":"PropertyValueSpecification","valueRequired":true,"valueName":"search_term_string"}}],"inLanguage":"en-US"}]}},"rttpg_featured_image_url":null,"rttpg_author":{"display_name":"sgcredaf","author_link":"https:\/\/credaf.org\/en\/author\/sgcredaf\/"},"rttpg_comment":0,"rttpg_category":null,"rttpg_excerpt":"Depuis 2012, le Secr\u00e9tariat G\u00e9n\u00e9ral du CREDAF a nou\u00e9 des contacts avec les organisations internationales pour lesquelles il est aujourd&rsquo;hui un partenaire \u00e0 part enti\u00e8re. \u00c0 ce jour, le CREDAF a conclu six accords de coop\u00e9ration avec le CIAT (2013), l&rsquo;OCDE (2015), le P\u00f4le \u00ab\u00a0Strat\u00e9gie de D\u00e9veloppement et Finances Publiques\u00a0\u00bb du PNUD bas\u00e9 \u00e0 Dakar&hellip;","_links":{"self":[{"href":"https:\/\/credaf.org\/en\/wp-json\/wp\/v2\/pages\/1183","targetHints":{"allow":["GET"]}}],"collection":[{"href":"https:\/\/credaf.org\/en\/wp-json\/wp\/v2\/pages"}],"about":[{"href":"https:\/\/credaf.org\/en\/wp-json\/wp\/v2\/types\/page"}],"author":[{"embeddable":true,"href":"https:\/\/credaf.org\/en\/wp-json\/wp\/v2\/users\/13"}],"replies":[{"embeddable":true,"href":"https:\/\/credaf.org\/en\/wp-json\/wp\/v2\/comments?post=1183"}],"version-history":[{"count":3,"href":"https:\/\/credaf.org\/en\/wp-json\/wp\/v2\/pages\/1183\/revisions"}],"predecessor-version":[{"id":11177,"href":"https:\/\/credaf.org\/en\/wp-json\/wp\/v2\/pages\/1183\/revisions\/11177"}],"wp:attachment":[{"href":"https:\/\/credaf.org\/en\/wp-json\/wp\/v2\/media?parent=1183"}],"curies":[{"name":"wp","href":"https:\/\/api.w.org\/{rel}","templated":true}]}}