{"id":1184,"date":"2016-10-25T11:27:20","date_gmt":"2016-10-25T09:27:20","guid":{"rendered":"http:\/\/credaf.org\/?page_id=1184"},"modified":"2023-09-01T17:20:20","modified_gmt":"2023-09-01T15:20:20","slug":"ocde","status":"publish","type":"page","link":"https:\/\/credaf.org\/en\/ocde\/","title":{"rendered":"OCDE"},"content":{"rendered":"<div data-elementor-type=\"wp-page\" data-elementor-id=\"1184\" class=\"elementor elementor-1184\">\n\t\t\t\t<div class=\"elementor-element elementor-element-28d18ce e-flex e-con-boxed wpr-particle-no wpr-jarallax-no wpr-parallax-no wpr-sticky-section-no wpr-equal-height-no e-con e-parent\" data-id=\"28d18ce\" data-element_type=\"container\" data-e-type=\"container\">\n\t\t\t\t\t<div class=\"e-con-inner\">\n\t\t\t\t<div class=\"elementor-element elementor-element-0cf9c31 elementor-widget elementor-widget-heading\" data-id=\"0cf9c31\" data-element_type=\"widget\" data-e-type=\"widget\" data-widget_type=\"heading.default\">\n\t\t\t\t<div class=\"elementor-widget-container\">\n\t\t\t\t\t<h2 class=\"elementor-heading-title elementor-size-default\">L'Organisation de Coop\u00e9ration et de D\u00e9veloppement \u00c9conomiques<\/h2>\t\t\t\t<\/div>\n\t\t\t\t<\/div>\n\t\t\t\t\t<\/div>\n\t\t\t\t<\/div>\n\t\t<div class=\"elementor-element elementor-element-97ed54b e-flex e-con-boxed wpr-particle-no wpr-jarallax-no wpr-parallax-no wpr-sticky-section-no wpr-equal-height-no e-con e-parent\" data-id=\"97ed54b\" data-element_type=\"container\" data-e-type=\"container\">\n\t\t\t\t\t<div class=\"e-con-inner\">\n\t\t<div class=\"elementor-element elementor-element-d6914c8 e-con-full e-flex wpr-particle-no wpr-jarallax-no wpr-parallax-no wpr-sticky-section-no wpr-equal-height-no e-con e-parent\" data-id=\"d6914c8\" data-element_type=\"container\" data-e-type=\"container\">\n\t\t\t\t<div class=\"elementor-element elementor-element-4ae992c elementor-widget elementor-widget-text-editor\" data-id=\"4ae992c\" data-element_type=\"widget\" data-e-type=\"widget\" data-widget_type=\"text-editor.default\">\n\t\t\t\t<div class=\"elementor-widget-container\">\n\t\t\t\t\t\t\t\t\t<p><span style=\"text-align: justify; color: var( --e-global-color-text ); font-family: var( --e-global-typography-text-font-family ), Sans-serif; font-weight: var( --e-global-typography-text-font-weight );\">Depuis 2012, le CREDAF a le statut d\u2019observateur au Forum mondial pour la transparence et l\u2019\u00e9change de\u00a0renseignements \u00e0 des fins fiscales. Il a d\u00e9velopp\u00e9 des relations avec l\u2019OCDE en constante \u00e9volution gr\u00e2ce\u00a0aux actions r\u00e9alis\u00e9es.<\/span><\/p><p>Le CREDAF a pour objet de faciliter le dialogue et les \u00e9changes entre ses pays membres francophones, ce\u00a0qui rejoint l\u2019objectif de l&rsquo;OCDE d&rsquo;offrir aux gouvernements un forum o\u00f9 ils peuvent conjuguer leurs efforts,\u00a0partager leurs exp\u00e9riences et chercher des solutions \u00e0 des probl\u00e8mes communs.<\/p><p>Dans le cadre de l\u2019accord de coop\u00e9ration sign\u00e9 le 16 mars 2015 entre le CREDAF et l&rsquo;OCDE, notre\u00a0organisation est associ\u00e9e \u00e0 l&rsquo;ensemble des projets et travaux initi\u00e9s par l&rsquo;OCDE. Un groupe de travail sur le\u00a0BEPS d\u2019une quinzaine de membres a \u00e9t\u00e9 constitu\u00e9 par le CREDAF en 2015, associant des organisations\u00a0internationales (UEMOA, CEMAC, IBFD) et des repr\u00e9sentants de la soci\u00e9t\u00e9 civile.<\/p><p>La signature d\u2019un accord de partenariat confirme la place du CREDAF et son r\u00f4le dans le domaine de la\u00a0coop\u00e9ration internationale dans la sph\u00e8re Fiscalit\u00e9 et D\u00e9veloppement, en particulier en tant que seule\u00a0organisation francophone. Enfin, le CREDAF a rejoint en 2016 le Comit\u00e9 des Affaires Fiscales (CAF) avec le\u00a0statut d\u2019observateur.<\/p><p><span style=\"text-align: justify; color: var( --e-global-color-text ); font-family: var( --e-global-typography-text-font-family ), Sans-serif; font-weight: var( --e-global-typography-text-font-weight );\">Dans le cadre de ce partenariat, le CREDAF relaie les informations et les publications de l&rsquo;OCDE aupr\u00e8s de ses membres et d&rsquo;un public averti :<\/span><\/p><ul><li style=\"padding-left: 30px; text-align: justify;\"><a href=\"http:\/\/www.oecd.org\/fr\/\" target=\"_blank\" rel=\"noopener noreferrer\">Site web de l&rsquo;OCDE<\/a><\/li><li style=\"padding-left: 30px; text-align: justify;\"><a href=\"http:\/\/www.africaneconomicoutlook.org\/fr\/\" target=\"_blank\" rel=\"noopener noreferrer\">Perspectives \u00e9conomiques en Afrique<\/a><\/li><li style=\"padding-left: 30px; text-align: justify;\"><a href=\"https:\/\/www.oecd.org\/fr\/fiscalite\/revenue-statistics-in-africa-9789264253308-en-fr.htm\" target=\"_blank\" rel=\"noopener noreferrer\">Statistiques OCDE des recettes publiques en Afrique<\/a><\/li><\/ul>\t\t\t\t\t\t\t\t<\/div>\n\t\t\t\t<\/div>\n\t\t\t\t<\/div>\n\t\t<div class=\"elementor-element elementor-element-d4971d2 e-con-full e-flex wpr-particle-no wpr-jarallax-no wpr-parallax-no wpr-sticky-section-no wpr-equal-height-no e-con e-parent\" data-id=\"d4971d2\" data-element_type=\"container\" data-e-type=\"container\">\n\t\t<div class=\"elementor-element elementor-element-b0539f6 e-flex e-con-boxed wpr-particle-no wpr-jarallax-no wpr-parallax-no wpr-sticky-section-no wpr-equal-height-no e-con e-parent\" data-id=\"b0539f6\" data-element_type=\"container\" data-e-type=\"container\">\n\t\t\t\t\t<div class=\"e-con-inner\">\n\t\t\t\t<div class=\"elementor-element elementor-element-0e0b237 elementor-arrows-position-inside elementor-pagination-position-outside elementor-widget elementor-widget-image-carousel\" data-id=\"0e0b237\" data-element_type=\"widget\" data-e-type=\"widget\" data-settings=\"{&quot;slides_to_show&quot;:&quot;1&quot;,&quot;navigation&quot;:&quot;both&quot;,&quot;autoplay&quot;:&quot;yes&quot;,&quot;pause_on_hover&quot;:&quot;yes&quot;,&quot;pause_on_interaction&quot;:&quot;yes&quot;,&quot;autoplay_speed&quot;:5000,&quot;infinite&quot;:&quot;yes&quot;,&quot;effect&quot;:&quot;slide&quot;,&quot;speed&quot;:500}\" data-widget_type=\"image-carousel.default\">\n\t\t\t\t<div class=\"elementor-widget-container\">\n\t\t\t\t\t\t\t<div class=\"elementor-image-carousel-wrapper swiper\" role=\"region\" aria-roledescription=\"carousel\" aria-label=\"Image Carousel\" dir=\"ltr\">\n\t\t\t<div class=\"elementor-image-carousel swiper-wrapper\" aria-live=\"off\">\n\t\t\t\t\t\t\t\t<div class=\"swiper-slide\" role=\"group\" aria-roledescription=\"slide\" aria-label=\"1 of 3\" data-no-translation-aria-label=\"\"><figure class=\"swiper-slide-inner\"><img decoding=\"async\" class=\"swiper-slide-image\" src=\"https:\/\/credaf.org\/wp-content\/uploads\/2023\/09\/DSC08073.jpg\" alt=\"Photo, de gauche \u00e0 droite : Pascal Saint-Amans, Directeur du Centre de politique et d&#039;administration fiscales de l&#039;OCDE ; Pascal Kouakou Abinan, Pr\u00e9sident du CREDAF (2015) et Directeur G\u00e9n\u00e9ral des Imp\u00f4ts de C\u00f4te d&#039;Ivoire ; et Didier Cornillet, Secr\u00e9taire G\u00e9n\u00e9ral du CREDAF depuis 2013, \u00e0 Paris le 16\/03\/2015.\" \/><figcaption class=\"elementor-image-carousel-caption\">Photo, de gauche \u00e0 droite : Pascal Saint-Amans, Directeur du Centre de politique et d'administration fiscales de l'OCDE ; Pascal Kouakou Abinan, Pr\u00e9sident du CREDAF (2015) et Directeur G\u00e9n\u00e9ral des Imp\u00f4ts de C\u00f4te d'Ivoire ; et Didier Cornillet, Secr\u00e9taire G\u00e9n\u00e9ral du CREDAF depuis 2013, \u00e0 Paris le 16\/03\/2015.<\/figcaption><\/figure><\/div><div class=\"swiper-slide\" role=\"group\" aria-roledescription=\"slide\" aria-label=\"2 of 3\" data-no-translation-aria-label=\"\"><figure class=\"swiper-slide-inner\"><img decoding=\"async\" class=\"swiper-slide-image\" src=\"https:\/\/credaf.org\/wp-content\/uploads\/2023\/09\/DSC08077.jpg\" alt=\"Photo, de gauche \u00e0 droite : Pascal Saint-Amans, Directeur du Centre de politique et d&#039;administration fiscales de l&#039;OCDE ; Pascal Kouakou Abinan, Pr\u00e9sident du CREDAF (2015) et Directeur G\u00e9n\u00e9ral des Imp\u00f4ts de C\u00f4te d&#039;Ivoire ; et Didier Cornillet, Secr\u00e9taire G\u00e9n\u00e9ral du CREDAF depuis 2013, \u00e0 Paris le 16\/03\/2015.\" \/><figcaption class=\"elementor-image-carousel-caption\">Photo, de gauche \u00e0 droite : Pascal Saint-Amans, Directeur du Centre de politique et d'administration fiscales de l'OCDE ; Pascal Kouakou Abinan, Pr\u00e9sident du CREDAF (2015) et Directeur G\u00e9n\u00e9ral des Imp\u00f4ts de C\u00f4te d'Ivoire ; et Didier Cornillet, Secr\u00e9taire G\u00e9n\u00e9ral du CREDAF depuis 2013, \u00e0 Paris le 16\/03\/2015.<\/figcaption><\/figure><\/div><div class=\"swiper-slide\" role=\"group\" aria-roledescription=\"slide\" aria-label=\"3 of 3\" data-no-translation-aria-label=\"\"><figure class=\"swiper-slide-inner\"><img decoding=\"async\" class=\"swiper-slide-image\" src=\"https:\/\/credaf.org\/wp-content\/uploads\/2023\/09\/OCDE_DSC08072.jpg\" alt=\"Photo, de gauche \u00e0 droite : Pascal Saint-Amans, Directeur du Centre de politique et d&#039;administration fiscales de l&#039;OCDE ; Pascal Kouakou Abinan, Pr\u00e9sident du CREDAF (2015) et Directeur G\u00e9n\u00e9ral des Imp\u00f4ts de C\u00f4te d&#039;Ivoire ; et Didier Cornillet, Secr\u00e9taire G\u00e9n\u00e9ral du CREDAF depuis 2013, \u00e0 Paris le 16\/03\/2015.\" \/><figcaption class=\"elementor-image-carousel-caption\">Photo, de gauche \u00e0 droite : Pascal Saint-Amans, Directeur du Centre de politique et d'administration fiscales de l'OCDE ; Pascal Kouakou Abinan, Pr\u00e9sident du CREDAF (2015) et Directeur G\u00e9n\u00e9ral des Imp\u00f4ts de C\u00f4te d'Ivoire ; et Didier Cornillet, Secr\u00e9taire G\u00e9n\u00e9ral du CREDAF depuis 2013, \u00e0 Paris le 16\/03\/2015.<\/figcaption><\/figure><\/div>\t\t\t<\/div>\n\t\t\t\t\t\t\t\t\t\t\t\t<div class=\"elementor-swiper-button elementor-swiper-button-prev\" role=\"button\" tabindex=\"0\">\n\t\t\t\t\t\t<svg aria-hidden=\"true\" class=\"e-font-icon-svg e-eicon-chevron-left\" viewbox=\"0 0 1000 1000\" xmlns=\"http:\/\/www.w3.org\/2000\/svg\"><path d=\"M646 125C629 125 613 133 604 142L308 442C296 454 292 471 292 487 292 504 296 521 308 533L604 854C617 867 629 875 646 875 663 875 679 871 692 858 704 846 713 829 713 812 713 796 708 779 692 767L438 487 692 225C700 217 708 204 708 187 708 171 704 154 692 142 675 129 663 125 646 125Z\"><\/path><\/svg>\t\t\t\t\t<\/div>\n\t\t\t\t\t<div class=\"elementor-swiper-button elementor-swiper-button-next\" role=\"button\" tabindex=\"0\">\n\t\t\t\t\t\t<svg aria-hidden=\"true\" class=\"e-font-icon-svg e-eicon-chevron-right\" viewbox=\"0 0 1000 1000\" xmlns=\"http:\/\/www.w3.org\/2000\/svg\"><path d=\"M696 533C708 521 713 504 713 487 713 471 708 454 696 446L400 146C388 133 375 125 354 125 338 125 325 129 313 142 300 154 292 171 292 187 292 204 296 221 308 233L563 492 304 771C292 783 288 800 288 817 288 833 296 850 308 863 321 871 338 875 354 875 371 875 388 867 400 854L696 533Z\"><\/path><\/svg>\t\t\t\t\t<\/div>\n\t\t\t\t\n\t\t\t\t\t\t\t\t\t<div class=\"swiper-pagination\"><\/div>\n\t\t\t\t\t\t\t\t\t<\/div>\n\t\t\t\t\t\t<\/div>\n\t\t\t\t<\/div>\n\t\t\t\t\t<\/div>\n\t\t\t\t<\/div>\n\t\t\t\t<\/div>\n\t\t\t\t\t<\/div>\n\t\t\t\t<\/div>\n\t\t\t\t<\/div>\n\t\t<!-- AddThis Advanced Settings generic via filter on the_content --><!-- AddThis Share Buttons generic via filter on the_content --><!-- AddThis Related Posts generic via filter on the_content -->","protected":false},"excerpt":{"rendered":"<p>L&rsquo;Organisation de Coop\u00e9ration et de D\u00e9veloppement \u00c9conomiques Depuis 2012, le CREDAF a le statut d\u2019observateur au Forum mondial pour la transparence et l\u2019\u00e9change de\u00a0renseignements \u00e0 des fins fiscales. Il a d\u00e9velopp\u00e9 des relations avec l\u2019OCDE en constante \u00e9volution gr\u00e2ce\u00a0aux actions r\u00e9alis\u00e9es. Le CREDAF a pour objet de faciliter le dialogue et les \u00e9changes entre ses pays membres francophones, ce\u00a0qui rejoint<\/p>","protected":false},"author":13,"featured_media":0,"parent":0,"menu_order":0,"comment_status":"closed","ping_status":"closed","template":"","meta":{"_acf_changed":false,"footnotes":""},"class_list":["post-1184","page","type-page","status-publish","hentry"],"acf":[],"yoast_head":"<!-- This site is optimized with the Yoast SEO plugin v27.4 - https:\/\/yoast.com\/product\/yoast-seo-wordpress\/ -->\n<title>OCDE -<\/title>\n<meta name=\"robots\" content=\"index, follow, max-snippet:-1, max-image-preview:large, max-video-preview:-1\" \/>\n<link rel=\"canonical\" href=\"https:\/\/credaf.org\/en\/ocde\/\" \/>\n<meta property=\"og:locale\" content=\"en_US\" \/>\n<meta property=\"og:type\" content=\"article\" \/>\n<meta property=\"og:title\" content=\"OCDE -\" \/>\n<meta property=\"og:description\" content=\"L&rsquo;Organisation de Coop\u00e9ration et de D\u00e9veloppement \u00c9conomiques Depuis 2012, le CREDAF a le statut d\u2019observateur au Forum mondial pour la transparence et l\u2019\u00e9change de\u00a0renseignements \u00e0 des fins fiscales. Il a d\u00e9velopp\u00e9 des relations avec l\u2019OCDE en constante \u00e9volution gr\u00e2ce\u00a0aux actions r\u00e9alis\u00e9es. Le CREDAF a pour objet de faciliter le dialogue et les \u00e9changes entre ses pays membres francophones, ce\u00a0qui rejoint\" \/>\n<meta property=\"og:url\" content=\"https:\/\/credaf.org\/en\/ocde\/\" \/>\n<meta property=\"article:modified_time\" content=\"2023-09-01T15:20:20+00:00\" \/>\n<meta property=\"og:image\" content=\"https:\/\/credaf.org\/wp-content\/uploads\/2023\/09\/DSC08073.jpg\" \/>\n<meta name=\"twitter:card\" content=\"summary_large_image\" \/>\n<meta name=\"twitter:label1\" content=\"Est. reading time\" \/>\n\t<meta name=\"twitter:data1\" content=\"4 minutes\" \/>\n<script type=\"application\/ld+json\" class=\"yoast-schema-graph\">{\"@context\":\"https:\\\/\\\/schema.org\",\"@graph\":[{\"@type\":\"WebPage\",\"@id\":\"https:\\\/\\\/credaf.org\\\/en\\\/ocde\\\/\",\"url\":\"https:\\\/\\\/credaf.org\\\/en\\\/ocde\\\/\",\"name\":\"OCDE -\",\"isPartOf\":{\"@id\":\"https:\\\/\\\/credaf.org\\\/#website\"},\"primaryImageOfPage\":{\"@id\":\"https:\\\/\\\/credaf.org\\\/en\\\/ocde\\\/#primaryimage\"},\"image\":{\"@id\":\"https:\\\/\\\/credaf.org\\\/en\\\/ocde\\\/#primaryimage\"},\"thumbnailUrl\":\"https:\\\/\\\/credaf.org\\\/wp-content\\\/uploads\\\/2023\\\/09\\\/DSC08073.jpg\",\"datePublished\":\"2016-10-25T09:27:20+00:00\",\"dateModified\":\"2023-09-01T15:20:20+00:00\",\"breadcrumb\":{\"@id\":\"https:\\\/\\\/credaf.org\\\/en\\\/ocde\\\/#breadcrumb\"},\"inLanguage\":\"en-US\",\"potentialAction\":[{\"@type\":\"ReadAction\",\"target\":[\"https:\\\/\\\/credaf.org\\\/en\\\/ocde\\\/\"]}]},{\"@type\":\"ImageObject\",\"inLanguage\":\"en-US\",\"@id\":\"https:\\\/\\\/credaf.org\\\/en\\\/ocde\\\/#primaryimage\",\"url\":\"https:\\\/\\\/credaf.org\\\/wp-content\\\/uploads\\\/2023\\\/09\\\/DSC08073.jpg\",\"contentUrl\":\"https:\\\/\\\/credaf.org\\\/wp-content\\\/uploads\\\/2023\\\/09\\\/DSC08073.jpg\"},{\"@type\":\"BreadcrumbList\",\"@id\":\"https:\\\/\\\/credaf.org\\\/en\\\/ocde\\\/#breadcrumb\",\"itemListElement\":[{\"@type\":\"ListItem\",\"position\":1,\"name\":\"Accueil\",\"item\":\"https:\\\/\\\/credaf.org\\\/\"},{\"@type\":\"ListItem\",\"position\":2,\"name\":\"OCDE\"}]},{\"@type\":\"WebSite\",\"@id\":\"https:\\\/\\\/credaf.org\\\/#website\",\"url\":\"https:\\\/\\\/credaf.org\\\/\",\"name\":\"\",\"description\":\"\",\"potentialAction\":[{\"@type\":\"SearchAction\",\"target\":{\"@type\":\"EntryPoint\",\"urlTemplate\":\"https:\\\/\\\/credaf.org\\\/?s={search_term_string}\"},\"query-input\":{\"@type\":\"PropertyValueSpecification\",\"valueRequired\":true,\"valueName\":\"search_term_string\"}}],\"inLanguage\":\"en-US\"}]}<\/script>\n<!-- \/ Yoast SEO plugin. -->","yoast_head_json":{"title":"OCDE -","robots":{"index":"index","follow":"follow","max-snippet":"max-snippet:-1","max-image-preview":"max-image-preview:large","max-video-preview":"max-video-preview:-1"},"canonical":"https:\/\/credaf.org\/en\/ocde\/","og_locale":"en_US","og_type":"article","og_title":"OCDE -","og_description":"L&rsquo;Organisation de Coop\u00e9ration et de D\u00e9veloppement \u00c9conomiques Depuis 2012, le CREDAF a le statut d\u2019observateur au Forum mondial pour la transparence et l\u2019\u00e9change de\u00a0renseignements \u00e0 des fins fiscales. Il a d\u00e9velopp\u00e9 des relations avec l\u2019OCDE en constante \u00e9volution gr\u00e2ce\u00a0aux actions r\u00e9alis\u00e9es. Le CREDAF a pour objet de faciliter le dialogue et les \u00e9changes entre ses pays membres francophones, ce\u00a0qui rejoint","og_url":"https:\/\/credaf.org\/en\/ocde\/","article_modified_time":"2023-09-01T15:20:20+00:00","og_image":[{"url":"https:\/\/credaf.org\/wp-content\/uploads\/2023\/09\/DSC08073.jpg","type":"","width":"","height":""}],"twitter_card":"summary_large_image","twitter_misc":{"Est. reading time":"4 minutes"},"schema":{"@context":"https:\/\/schema.org","@graph":[{"@type":"WebPage","@id":"https:\/\/credaf.org\/en\/ocde\/","url":"https:\/\/credaf.org\/en\/ocde\/","name":"OCDE -","isPartOf":{"@id":"https:\/\/credaf.org\/#website"},"primaryImageOfPage":{"@id":"https:\/\/credaf.org\/en\/ocde\/#primaryimage"},"image":{"@id":"https:\/\/credaf.org\/en\/ocde\/#primaryimage"},"thumbnailUrl":"https:\/\/credaf.org\/wp-content\/uploads\/2023\/09\/DSC08073.jpg","datePublished":"2016-10-25T09:27:20+00:00","dateModified":"2023-09-01T15:20:20+00:00","breadcrumb":{"@id":"https:\/\/credaf.org\/en\/ocde\/#breadcrumb"},"inLanguage":"en-US","potentialAction":[{"@type":"ReadAction","target":["https:\/\/credaf.org\/en\/ocde\/"]}]},{"@type":"ImageObject","inLanguage":"en-US","@id":"https:\/\/credaf.org\/en\/ocde\/#primaryimage","url":"https:\/\/credaf.org\/wp-content\/uploads\/2023\/09\/DSC08073.jpg","contentUrl":"https:\/\/credaf.org\/wp-content\/uploads\/2023\/09\/DSC08073.jpg"},{"@type":"BreadcrumbList","@id":"https:\/\/credaf.org\/en\/ocde\/#breadcrumb","itemListElement":[{"@type":"ListItem","position":1,"name":"Accueil","item":"https:\/\/credaf.org\/"},{"@type":"ListItem","position":2,"name":"OCDE"}]},{"@type":"WebSite","@id":"https:\/\/credaf.org\/#website","url":"https:\/\/credaf.org\/","name":"","description":"","potentialAction":[{"@type":"SearchAction","target":{"@type":"EntryPoint","urlTemplate":"https:\/\/credaf.org\/?s={search_term_string}"},"query-input":{"@type":"PropertyValueSpecification","valueRequired":true,"valueName":"search_term_string"}}],"inLanguage":"en-US"}]}},"rttpg_featured_image_url":null,"rttpg_author":{"display_name":"sgcredaf","author_link":"https:\/\/credaf.org\/en\/author\/sgcredaf\/"},"rttpg_comment":0,"rttpg_category":null,"rttpg_excerpt":"L&rsquo;Organisation de Coop\u00e9ration et de D\u00e9veloppement \u00c9conomiques Depuis 2012, le CREDAF a le statut d\u2019observateur au Forum mondial pour la transparence et l\u2019\u00e9change de\u00a0renseignements \u00e0 des fins fiscales. Il a d\u00e9velopp\u00e9 des relations avec l\u2019OCDE en constante \u00e9volution gr\u00e2ce\u00a0aux actions r\u00e9alis\u00e9es. Le CREDAF a pour objet de faciliter le dialogue et les \u00e9changes entre ses&hellip;","_links":{"self":[{"href":"https:\/\/credaf.org\/en\/wp-json\/wp\/v2\/pages\/1184","targetHints":{"allow":["GET"]}}],"collection":[{"href":"https:\/\/credaf.org\/en\/wp-json\/wp\/v2\/pages"}],"about":[{"href":"https:\/\/credaf.org\/en\/wp-json\/wp\/v2\/types\/page"}],"author":[{"embeddable":true,"href":"https:\/\/credaf.org\/en\/wp-json\/wp\/v2\/users\/13"}],"replies":[{"embeddable":true,"href":"https:\/\/credaf.org\/en\/wp-json\/wp\/v2\/comments?post=1184"}],"version-history":[{"count":0,"href":"https:\/\/credaf.org\/en\/wp-json\/wp\/v2\/pages\/1184\/revisions"}],"wp:attachment":[{"href":"https:\/\/credaf.org\/en\/wp-json\/wp\/v2\/media?parent=1184"}],"curies":[{"name":"wp","href":"https:\/\/api.w.org\/{rel}","templated":true}]}}