{"id":1186,"date":"2016-10-25T11:57:34","date_gmt":"2016-10-25T09:57:34","guid":{"rendered":"http:\/\/credaf.org\/?page_id=1186"},"modified":"2023-09-01T17:26:07","modified_gmt":"2023-09-01T15:26:07","slug":"pole-de-dakar","status":"publish","type":"page","link":"https:\/\/credaf.org\/en\/pole-de-dakar\/","title":{"rendered":"P\u00f4le de Dakar"},"content":{"rendered":"<div data-elementor-type=\"wp-page\" data-elementor-id=\"1186\" class=\"elementor elementor-1186\">\n\t\t\t\t<div class=\"elementor-element elementor-element-13cf947 e-flex e-con-boxed wpr-particle-no wpr-jarallax-no wpr-parallax-no wpr-sticky-section-no wpr-equal-height-no e-con e-parent\" data-id=\"13cf947\" data-element_type=\"container\" data-e-type=\"container\">\n\t\t\t\t\t<div class=\"e-con-inner\">\n\t\t\t\t<div class=\"elementor-element elementor-element-65d46f3 elementor-widget elementor-widget-heading\" data-id=\"65d46f3\" data-element_type=\"widget\" data-e-type=\"widget\" data-widget_type=\"heading.default\">\n\t\t\t\t<div class=\"elementor-widget-container\">\n\t\t\t\t\t<h2 class=\"elementor-heading-title elementor-size-default\">Le P\u00f4le \u00ab Strat\u00e9gie de D\u00e9veloppement et Finances Publiques \u00bb<\/h2>\t\t\t\t<\/div>\n\t\t\t\t<\/div>\n\t\t\t\t\t<\/div>\n\t\t\t\t<\/div>\n\t\t<div class=\"elementor-element elementor-element-3aa531c e-flex e-con-boxed wpr-particle-no wpr-jarallax-no wpr-parallax-no wpr-sticky-section-no wpr-equal-height-no e-con e-parent\" data-id=\"3aa531c\" data-element_type=\"container\" data-e-type=\"container\">\n\t\t\t\t\t<div class=\"e-con-inner\">\n\t\t<div class=\"elementor-element elementor-element-b6ab9dd e-con-full e-flex wpr-particle-no wpr-jarallax-no wpr-parallax-no wpr-sticky-section-no wpr-equal-height-no e-con e-parent\" data-id=\"b6ab9dd\" data-element_type=\"container\" data-e-type=\"container\">\n\t\t\t\t<div class=\"elementor-element elementor-element-d81c875 elementor-widget elementor-widget-text-editor\" data-id=\"d81c875\" data-element_type=\"widget\" data-e-type=\"widget\" data-widget_type=\"text-editor.default\">\n\t\t\t\t<div class=\"elementor-widget-container\">\n\t\t\t\t\t\t\t\t\t<p><span style=\"color: var( --e-global-color-text ); font-family: var( --e-global-typography-text-font-family ), Sans-serif; font-weight: var( --e-global-typography-text-font-weight );\">Le P\u00f4le de Dakar est une antenne r\u00e9gionale, \u00e9tablie \u00e0 l&rsquo;initiative conjointe de la France et du Programme des Nations Unies pour le D\u00e9veloppement (PNUD). L&rsquo;accord sign\u00e9 avec le CREDAF permet aux deux structures de mener des actions conjointes et co\u2010financ\u00e9es, et de mobiliser&nbsp;une expertise publique de haut niveau en appui au renforcement des capacit\u00e9s des pays membres des&nbsp;Communaut\u00e9s Economiques et Mon\u00e9taires de l\u2019Afrique de l\u2019Ouest (UEMOA) et du Centre (CEMAC).<\/span><\/p>\n<p>Le CREDAF et le P\u00f4le sont impliqu\u00e9s dans des travaux communs, notamment sur la fiscalit\u00e9 locale et la&nbsp;production de guides de r\u00e9f\u00e9rence m\u00e9thodologiques, comme ceux sur l\u2019\u00e9valuation des d\u00e9penses fiscales&nbsp;(2015) et la gestion&nbsp;des remboursements de cr\u00e9dits de TVA (2016). Le P\u00f4le a particip\u00e9 au colloque annuel&nbsp;du CREDAF en mai 2016 \u00e0 Libreville sur le renforcement des capacit\u00e9s, l\u2019un des axes majeurs d&rsquo;intervention&nbsp;du P\u00f4le.<\/p>\n<p><span style=\"text-align: justify; color: var( --e-global-color-text ); font-family: var( --e-global-typography-text-font-family ), Sans-serif; font-weight: var( --e-global-typography-text-font-weight );\">Dans le cadre de ce partenariat, le CREDAF relaie les informations et les publications du P\u00f4le&nbsp;aupr\u00e8s de ses membres et d&rsquo;un public averti.<\/span><\/p>\t\t\t\t\t\t\t\t<\/div>\n\t\t\t\t<\/div>\n\t\t\t\t<\/div>\n\t\t<div class=\"elementor-element elementor-element-199ab52 e-con-full e-flex wpr-particle-no wpr-jarallax-no wpr-parallax-no wpr-sticky-section-no wpr-equal-height-no e-con e-parent\" data-id=\"199ab52\" data-element_type=\"container\" data-e-type=\"container\">\n\t\t<div class=\"elementor-element elementor-element-4186c3d e-flex e-con-boxed wpr-particle-no wpr-jarallax-no wpr-parallax-no wpr-sticky-section-no wpr-equal-height-no e-con e-parent\" data-id=\"4186c3d\" data-element_type=\"container\" data-e-type=\"container\">\n\t\t\t\t\t<div class=\"e-con-inner\">\n\t\t\t\t<div class=\"elementor-element elementor-element-3b88181 elementor-arrows-position-inside elementor-pagination-position-outside elementor-widget elementor-widget-image-carousel\" data-id=\"3b88181\" data-element_type=\"widget\" data-e-type=\"widget\" data-settings=\"{&quot;slides_to_show&quot;:&quot;1&quot;,&quot;navigation&quot;:&quot;both&quot;,&quot;autoplay&quot;:&quot;yes&quot;,&quot;pause_on_hover&quot;:&quot;yes&quot;,&quot;pause_on_interaction&quot;:&quot;yes&quot;,&quot;autoplay_speed&quot;:5000,&quot;infinite&quot;:&quot;yes&quot;,&quot;effect&quot;:&quot;slide&quot;,&quot;speed&quot;:500}\" data-widget_type=\"image-carousel.default\">\n\t\t\t\t<div class=\"elementor-widget-container\">\n\t\t\t\t\t\t\t<div class=\"elementor-image-carousel-wrapper swiper\" role=\"region\" aria-roledescription=\"carousel\" aria-label=\"Carrousel d\u2019images\" dir=\"ltr\">\n\t\t\t<div class=\"elementor-image-carousel swiper-wrapper\" aria-live=\"off\">\n\t\t\t\t\t\t\t\t<div class=\"swiper-slide\" role=\"group\" aria-roledescription=\"slide\" aria-label=\"1 sur 3\"><figure class=\"swiper-slide-inner\"><img decoding=\"async\" class=\"swiper-slide-image\" src=\"https:\/\/credaf.org\/wp-content\/uploads\/2023\/09\/Partenariat-CREDAF-PNUD-1.jpg\" alt=\"Photo, de gauche \u00e0 droite : Didier Cornillet, Secr\u00e9taire G\u00e9n\u00e9ral du CREDAF depuis 2013 ; Dieudonn\u00e9 Lokadi Moga, Pr\u00e9sident du CREDAF (2015) ; Njoya Tikum, Conseiller au Centre r\u00e9gional du PNUD pour l\u2019Afrique \u00e0 Addis-Abeba ; et Laurence Jacquet, Coordinatrice du P\u00f4le, \u00e0 Dakar le 22\/02\/2016.\" \/><figcaption class=\"elementor-image-carousel-caption\">Photo, de gauche \u00e0 droite : Didier Cornillet, Secr\u00e9taire G\u00e9n\u00e9ral du CREDAF depuis 2013 ; Dieudonn\u00e9 Lokadi Moga, Pr\u00e9sident du CREDAF (2015) ; Njoya Tikum, Conseiller au Centre r\u00e9gional du PNUD pour l\u2019Afrique \u00e0 Addis-Abeba ; et Laurence Jacquet, Coordinatrice du P\u00f4le, \u00e0 Dakar le 22\/02\/2016.<\/figcaption><\/figure><\/div><div class=\"swiper-slide\" role=\"group\" aria-roledescription=\"slide\" aria-label=\"2 sur 3\"><figure class=\"swiper-slide-inner\"><img decoding=\"async\" class=\"swiper-slide-image\" src=\"https:\/\/credaf.org\/wp-content\/uploads\/2023\/09\/Partenariat-CREDAF-PNUD-2.jpg\" alt=\"Partenariat-CREDAF-PNUD-2\" \/><\/figure><\/div><div class=\"swiper-slide\" role=\"group\" aria-roledescription=\"slide\" aria-label=\"3 sur 3\"><figure class=\"swiper-slide-inner\"><img decoding=\"async\" class=\"swiper-slide-image\" src=\"https:\/\/credaf.org\/wp-content\/uploads\/2023\/09\/Partenariat-CREDAF-PNUD-3.jpg\" alt=\"Partenariat-CREDAF-PNUD-3\" \/><\/figure><\/div>\t\t\t<\/div>\n\t\t\t\t\t\t\t\t\t\t\t\t<div class=\"elementor-swiper-button elementor-swiper-button-prev\" role=\"button\" tabindex=\"0\">\n\t\t\t\t\t\t<svg aria-hidden=\"true\" class=\"e-font-icon-svg e-eicon-chevron-left\" viewbox=\"0 0 1000 1000\" xmlns=\"http:\/\/www.w3.org\/2000\/svg\"><path d=\"M646 125C629 125 613 133 604 142L308 442C296 454 292 471 292 487 292 504 296 521 308 533L604 854C617 867 629 875 646 875 663 875 679 871 692 858 704 846 713 829 713 812 713 796 708 779 692 767L438 487 692 225C700 217 708 204 708 187 708 171 704 154 692 142 675 129 663 125 646 125Z\"><\/path><\/svg>\t\t\t\t\t<\/div>\n\t\t\t\t\t<div class=\"elementor-swiper-button elementor-swiper-button-next\" role=\"button\" tabindex=\"0\">\n\t\t\t\t\t\t<svg aria-hidden=\"true\" class=\"e-font-icon-svg e-eicon-chevron-right\" viewbox=\"0 0 1000 1000\" xmlns=\"http:\/\/www.w3.org\/2000\/svg\"><path d=\"M696 533C708 521 713 504 713 487 713 471 708 454 696 446L400 146C388 133 375 125 354 125 338 125 325 129 313 142 300 154 292 171 292 187 292 204 296 221 308 233L563 492 304 771C292 783 288 800 288 817 288 833 296 850 308 863 321 871 338 875 354 875 371 875 388 867 400 854L696 533Z\"><\/path><\/svg>\t\t\t\t\t<\/div>\n\t\t\t\t\n\t\t\t\t\t\t\t\t\t<div class=\"swiper-pagination\"><\/div>\n\t\t\t\t\t\t\t\t\t<\/div>\n\t\t\t\t\t\t<\/div>\n\t\t\t\t<\/div>\n\t\t\t\t\t<\/div>\n\t\t\t\t<\/div>\n\t\t\t\t<\/div>\n\t\t\t\t\t<\/div>\n\t\t\t\t<\/div>\n\t\t\t\t<\/div>\n\t\t<!-- AddThis Advanced Settings generic via filter on the_content --><!-- AddThis Share Buttons generic via filter on the_content --><!-- AddThis Related Posts generic via filter on the_content -->","protected":false},"excerpt":{"rendered":"<p>Le P\u00f4le \u00ab Strat\u00e9gie de D\u00e9veloppement et Finances Publiques \u00bb Le P\u00f4le de Dakar est une antenne r\u00e9gionale, \u00e9tablie \u00e0 l&rsquo;initiative conjointe de la France et du Programme des Nations Unies pour le D\u00e9veloppement (PNUD). L&rsquo;accord sign\u00e9 avec le CREDAF permet aux deux structures de mener des actions conjointes et co\u2010financ\u00e9es, et de mobiliser&nbsp;une expertise publique de haut niveau en<\/p>","protected":false},"author":13,"featured_media":0,"parent":0,"menu_order":0,"comment_status":"closed","ping_status":"closed","template":"","meta":{"_acf_changed":false,"footnotes":""},"class_list":["post-1186","page","type-page","status-publish","hentry"],"acf":[],"yoast_head":"<!-- This site is optimized with the Yoast SEO plugin v27.4 - https:\/\/yoast.com\/product\/yoast-seo-wordpress\/ -->\n<title>P\u00f4le de Dakar -<\/title>\n<meta name=\"robots\" content=\"index, follow, max-snippet:-1, max-image-preview:large, max-video-preview:-1\" \/>\n<link rel=\"canonical\" href=\"https:\/\/credaf.org\/en\/pole-de-dakar\/\" \/>\n<meta property=\"og:locale\" content=\"en_US\" \/>\n<meta property=\"og:type\" content=\"article\" \/>\n<meta property=\"og:title\" content=\"P\u00f4le de Dakar -\" \/>\n<meta property=\"og:description\" content=\"Le P\u00f4le \u00ab Strat\u00e9gie de D\u00e9veloppement et Finances Publiques \u00bb Le P\u00f4le de Dakar est une antenne r\u00e9gionale, \u00e9tablie \u00e0 l&rsquo;initiative conjointe de la France et du Programme des Nations Unies pour le D\u00e9veloppement (PNUD). L&rsquo;accord sign\u00e9 avec le CREDAF permet aux deux structures de mener des actions conjointes et co\u2010financ\u00e9es, et de mobiliser&nbsp;une expertise publique de haut niveau en\" \/>\n<meta property=\"og:url\" content=\"https:\/\/credaf.org\/en\/pole-de-dakar\/\" \/>\n<meta property=\"article:modified_time\" content=\"2023-09-01T15:26:07+00:00\" \/>\n<meta property=\"og:image\" content=\"https:\/\/credaf.org\/wp-content\/uploads\/2023\/09\/Partenariat-CREDAF-PNUD-1.jpg\" \/>\n<meta name=\"twitter:card\" content=\"summary_large_image\" \/>\n<meta name=\"twitter:label1\" content=\"Est. reading time\" \/>\n\t<meta name=\"twitter:data1\" content=\"3 minutes\" \/>\n<script type=\"application\/ld+json\" class=\"yoast-schema-graph\">{\"@context\":\"https:\\\/\\\/schema.org\",\"@graph\":[{\"@type\":\"WebPage\",\"@id\":\"https:\\\/\\\/credaf.org\\\/pole-de-dakar\\\/\",\"url\":\"https:\\\/\\\/credaf.org\\\/pole-de-dakar\\\/\",\"name\":\"P\u00f4le de Dakar -\",\"isPartOf\":{\"@id\":\"https:\\\/\\\/credaf.org\\\/#website\"},\"primaryImageOfPage\":{\"@id\":\"https:\\\/\\\/credaf.org\\\/pole-de-dakar\\\/#primaryimage\"},\"image\":{\"@id\":\"https:\\\/\\\/credaf.org\\\/pole-de-dakar\\\/#primaryimage\"},\"thumbnailUrl\":\"https:\\\/\\\/credaf.org\\\/wp-content\\\/uploads\\\/2023\\\/09\\\/Partenariat-CREDAF-PNUD-1.jpg\",\"datePublished\":\"2016-10-25T09:57:34+00:00\",\"dateModified\":\"2023-09-01T15:26:07+00:00\",\"breadcrumb\":{\"@id\":\"https:\\\/\\\/credaf.org\\\/pole-de-dakar\\\/#breadcrumb\"},\"inLanguage\":\"en-US\",\"potentialAction\":[{\"@type\":\"ReadAction\",\"target\":[\"https:\\\/\\\/credaf.org\\\/pole-de-dakar\\\/\"]}]},{\"@type\":\"ImageObject\",\"inLanguage\":\"en-US\",\"@id\":\"https:\\\/\\\/credaf.org\\\/pole-de-dakar\\\/#primaryimage\",\"url\":\"https:\\\/\\\/credaf.org\\\/wp-content\\\/uploads\\\/2023\\\/09\\\/Partenariat-CREDAF-PNUD-1.jpg\",\"contentUrl\":\"https:\\\/\\\/credaf.org\\\/wp-content\\\/uploads\\\/2023\\\/09\\\/Partenariat-CREDAF-PNUD-1.jpg\"},{\"@type\":\"BreadcrumbList\",\"@id\":\"https:\\\/\\\/credaf.org\\\/pole-de-dakar\\\/#breadcrumb\",\"itemListElement\":[{\"@type\":\"ListItem\",\"position\":1,\"name\":\"Accueil\",\"item\":\"https:\\\/\\\/credaf.org\\\/\"},{\"@type\":\"ListItem\",\"position\":2,\"name\":\"P\u00f4le de Dakar\"}]},{\"@type\":\"WebSite\",\"@id\":\"https:\\\/\\\/credaf.org\\\/#website\",\"url\":\"https:\\\/\\\/credaf.org\\\/\",\"name\":\"\",\"description\":\"\",\"potentialAction\":[{\"@type\":\"SearchAction\",\"target\":{\"@type\":\"EntryPoint\",\"urlTemplate\":\"https:\\\/\\\/credaf.org\\\/?s={search_term_string}\"},\"query-input\":{\"@type\":\"PropertyValueSpecification\",\"valueRequired\":true,\"valueName\":\"search_term_string\"}}],\"inLanguage\":\"en-US\"}]}<\/script>\n<!-- \/ Yoast SEO plugin. -->","yoast_head_json":{"title":"P\u00f4le de Dakar -","robots":{"index":"index","follow":"follow","max-snippet":"max-snippet:-1","max-image-preview":"max-image-preview:large","max-video-preview":"max-video-preview:-1"},"canonical":"https:\/\/credaf.org\/en\/pole-de-dakar\/","og_locale":"en_US","og_type":"article","og_title":"P\u00f4le de Dakar -","og_description":"Le P\u00f4le \u00ab Strat\u00e9gie de D\u00e9veloppement et Finances Publiques \u00bb Le P\u00f4le de Dakar est une antenne r\u00e9gionale, \u00e9tablie \u00e0 l&rsquo;initiative conjointe de la France et du Programme des Nations Unies pour le D\u00e9veloppement (PNUD). L&rsquo;accord sign\u00e9 avec le CREDAF permet aux deux structures de mener des actions conjointes et co\u2010financ\u00e9es, et de mobiliser&nbsp;une expertise publique de haut niveau en","og_url":"https:\/\/credaf.org\/en\/pole-de-dakar\/","article_modified_time":"2023-09-01T15:26:07+00:00","og_image":[{"url":"https:\/\/credaf.org\/wp-content\/uploads\/2023\/09\/Partenariat-CREDAF-PNUD-1.jpg","type":"","width":"","height":""}],"twitter_card":"summary_large_image","twitter_misc":{"Est. reading time":"3 minutes"},"schema":{"@context":"https:\/\/schema.org","@graph":[{"@type":"WebPage","@id":"https:\/\/credaf.org\/pole-de-dakar\/","url":"https:\/\/credaf.org\/pole-de-dakar\/","name":"P\u00f4le de Dakar -","isPartOf":{"@id":"https:\/\/credaf.org\/#website"},"primaryImageOfPage":{"@id":"https:\/\/credaf.org\/pole-de-dakar\/#primaryimage"},"image":{"@id":"https:\/\/credaf.org\/pole-de-dakar\/#primaryimage"},"thumbnailUrl":"https:\/\/credaf.org\/wp-content\/uploads\/2023\/09\/Partenariat-CREDAF-PNUD-1.jpg","datePublished":"2016-10-25T09:57:34+00:00","dateModified":"2023-09-01T15:26:07+00:00","breadcrumb":{"@id":"https:\/\/credaf.org\/pole-de-dakar\/#breadcrumb"},"inLanguage":"en-US","potentialAction":[{"@type":"ReadAction","target":["https:\/\/credaf.org\/pole-de-dakar\/"]}]},{"@type":"ImageObject","inLanguage":"en-US","@id":"https:\/\/credaf.org\/pole-de-dakar\/#primaryimage","url":"https:\/\/credaf.org\/wp-content\/uploads\/2023\/09\/Partenariat-CREDAF-PNUD-1.jpg","contentUrl":"https:\/\/credaf.org\/wp-content\/uploads\/2023\/09\/Partenariat-CREDAF-PNUD-1.jpg"},{"@type":"BreadcrumbList","@id":"https:\/\/credaf.org\/pole-de-dakar\/#breadcrumb","itemListElement":[{"@type":"ListItem","position":1,"name":"Accueil","item":"https:\/\/credaf.org\/"},{"@type":"ListItem","position":2,"name":"P\u00f4le de Dakar"}]},{"@type":"WebSite","@id":"https:\/\/credaf.org\/#website","url":"https:\/\/credaf.org\/","name":"","description":"","potentialAction":[{"@type":"SearchAction","target":{"@type":"EntryPoint","urlTemplate":"https:\/\/credaf.org\/?s={search_term_string}"},"query-input":{"@type":"PropertyValueSpecification","valueRequired":true,"valueName":"search_term_string"}}],"inLanguage":"en-US"}]}},"rttpg_featured_image_url":null,"rttpg_author":{"display_name":"sgcredaf","author_link":"https:\/\/credaf.org\/en\/author\/sgcredaf\/"},"rttpg_comment":0,"rttpg_category":null,"rttpg_excerpt":"Le P\u00f4le \u00ab Strat\u00e9gie de D\u00e9veloppement et Finances Publiques \u00bb Le P\u00f4le de Dakar est une antenne r\u00e9gionale, \u00e9tablie \u00e0 l&rsquo;initiative conjointe de la France et du Programme des Nations Unies pour le D\u00e9veloppement (PNUD). L&rsquo;accord sign\u00e9 avec le CREDAF permet aux deux structures de mener des actions conjointes et co\u2010financ\u00e9es, et de mobiliser&nbsp;une expertise&hellip;","_links":{"self":[{"href":"https:\/\/credaf.org\/en\/wp-json\/wp\/v2\/pages\/1186","targetHints":{"allow":["GET"]}}],"collection":[{"href":"https:\/\/credaf.org\/en\/wp-json\/wp\/v2\/pages"}],"about":[{"href":"https:\/\/credaf.org\/en\/wp-json\/wp\/v2\/types\/page"}],"author":[{"embeddable":true,"href":"https:\/\/credaf.org\/en\/wp-json\/wp\/v2\/users\/13"}],"replies":[{"embeddable":true,"href":"https:\/\/credaf.org\/en\/wp-json\/wp\/v2\/comments?post=1186"}],"version-history":[{"count":0,"href":"https:\/\/credaf.org\/en\/wp-json\/wp\/v2\/pages\/1186\/revisions"}],"wp:attachment":[{"href":"https:\/\/credaf.org\/en\/wp-json\/wp\/v2\/media?parent=1186"}],"curies":[{"name":"wp","href":"https:\/\/api.w.org\/{rel}","templated":true}]}}