{"id":132,"date":"2016-08-26T02:13:20","date_gmt":"2016-08-26T00:13:20","guid":{"rendered":"http:\/\/credaf.org\/?page_id=132"},"modified":"2025-08-26T15:40:23","modified_gmt":"2025-08-26T13:40:23","slug":"membres","status":"publish","type":"page","link":"https:\/\/credaf.org\/en\/membres\/","title":{"rendered":"Member countries"},"content":{"rendered":"<div data-elementor-type=\"wp-page\" data-elementor-id=\"132\" class=\"elementor elementor-132\">\n\t\t\t\t\t\t<section class=\"elementor-section elementor-top-section elementor-element elementor-element-7713b72a elementor-section-boxed elementor-section-height-default elementor-section-height-default wpr-particle-no wpr-jarallax-no wpr-parallax-no wpr-sticky-section-no wpr-column-slider-no wpr-equal-height-no\" data-id=\"7713b72a\" data-element_type=\"section\" data-e-type=\"section\">\n\t\t\t\t\t\t<div class=\"elementor-container elementor-column-gap-default\">\n\t\t\t\t\t<div class=\"elementor-column elementor-col-100 elementor-top-column elementor-element elementor-element-364b06a2\" data-id=\"364b06a2\" data-element_type=\"column\" data-e-type=\"column\">\n\t\t\t<div class=\"elementor-widget-wrap elementor-element-populated\">\n\t\t\t\t\t\t<div class=\"elementor-element elementor-element-f137450 elementor-widget elementor-widget-text-editor\" data-id=\"f137450\" data-element_type=\"widget\" data-e-type=\"widget\" data-widget_type=\"text-editor.default\">\n\t\t\t\t<div class=\"elementor-widget-container\">\n\t\t\t\t\t\t\t\t\t<p><strong style=\"color: #030303;font-family: Roboto;font-size: 32px\">CREDAF Family<\/strong><\/p><p style=\"text-align: justify\">Fi\u00e8re de son ancrage linguistique, l\u2019association du CREDAF compte parmi ses membres 30 pays d\u2019expression fran\u00e7aise, situ\u00e9s sur 4 continents. Cette proximit\u00e9 facilite les \u00e9changes et la mutualisation des bonnes pratiques en s\u2019appuyant sur la richesse des conditions politiques et \u00e9conomiques des \u00e9tats membres. Ainsi, chaque situation est particuli\u00e8re et vient apporter des solutions et propositions originales aux enjeux que nous traitons.<\/p>\t\t\t\t\t\t\t\t<\/div>\n\t\t\t\t<\/div>\n\t\t\t\t\t<\/div>\n\t\t<\/div>\n\t\t\t\t\t<\/div>\n\t\t<\/section>\n\t\t<div class=\"elementor-element elementor-element-36d0d49 e-flex e-con-boxed wpr-particle-no wpr-jarallax-no wpr-parallax-no wpr-sticky-section-no wpr-column-slider-no wpr-equal-height-no e-con e-parent\" data-id=\"36d0d49\" data-element_type=\"container\" data-e-type=\"container\">\n\t\t\t\t\t<div class=\"e-con-inner\">\n\t\t<div class=\"elementor-element elementor-element-7b91f37 e-con-full e-flex wpr-particle-no wpr-jarallax-no wpr-parallax-no wpr-sticky-section-no wpr-column-slider-no wpr-equal-height-no e-con e-child\" data-id=\"7b91f37\" data-element_type=\"container\" data-e-type=\"container\">\n\t\t\t\t<div class=\"elementor-element elementor-element-dc10ccd elementor-widget elementor-widget-text-editor\" data-id=\"dc10ccd\" data-element_type=\"widget\" data-e-type=\"widget\" data-widget_type=\"text-editor.default\">\n\t\t\t\t<div class=\"elementor-widget-container\">\n\t\t\t\t\t\t\t\t\t<p><span style=\"color: #030303;font-family: Roboto;font-size: 24px;font-weight: 600\">Countries members<\/span><\/p><p><span style=\"color: var( --e-global-color-text );font-family: var( --e-global-typography-text-font-family ), Sans-serif;font-weight: var( --e-global-typography-text-font-weight )\">Afin d\u2019en apprendre davantage sur les pays membres du CREDAF, nous vous invitons \u00e0 lire nos fiches pays sur chacun des \u00c9tats souverains qui contribuent activement \u00e0 nos travaux et actions dans un esprit de partage et de mutualisation des bonnes pratiques.\u00a0<\/span><\/p><p>Meeting us on\u00a0<span style=\"color: #000080\"><a style=\"color: #000080\" href=\"http:\/\/www.africaneconomicoutlook.org\/fr\/notes-pays\" target=\"_blank\" rel=\"noopener noreferrer\">la page\u00a0de notre partenaire OCDE<\/a><\/span>\u00a0pour compl\u00e9ter l\u2019aper\u00e7u et comparer nos pays membres en fonction de divers indicateurs \u00e9conomiques.\u00a0<\/p><p><strong>Membre Associ\u00e9 \u2013 Revenu Qu\u00e9bec<\/strong><\/p><p>Lors de l\u2019Assembl\u00e9e g\u00e9n\u00e9rale de juillet 2020, les statuts et r\u00e8glements int\u00e9rieurs ont \u00e9t\u00e9 modifi\u00e9s pour inclure la cat\u00e9gorie de membre associ\u00e9. Revenu Qu\u00e9bec est le premier \u00e9lu de cette cat\u00e9gorie ce qui est un \u00e9v\u00e8nement historique pour le CREDAF.<\/p>\t\t\t\t\t\t\t\t<\/div>\n\t\t\t\t<\/div>\n\t\t\t\t<\/div>\n\t\t<div class=\"elementor-element elementor-element-d67f1f3 e-con-full e-flex wpr-particle-no wpr-jarallax-no wpr-parallax-no wpr-sticky-section-no wpr-column-slider-no wpr-equal-height-no e-con e-child\" data-id=\"d67f1f3\" data-element_type=\"container\" data-e-type=\"container\">\n\t\t\t\t<div class=\"elementor-element elementor-element-69a418d elementor-widget elementor-widget-text-editor\" data-id=\"69a418d\" data-element_type=\"widget\" data-e-type=\"widget\" data-widget_type=\"text-editor.default\">\n\t\t\t\t<div class=\"elementor-widget-container\">\n\t\t\t\t\t\t\t\t\t<ul><li><a href=\"https:\/\/credaf.org\/fr\/algerie\/\" target=\"_blank\" rel=\"noopener noreferrer\">Algeria<\/a><\/li><li><a href=\"https:\/\/credaf.org\/fr\/belgique\/\" target=\"_blank\" rel=\"noopener noreferrer\">Belgium<\/a><\/li><li><a href=\"https:\/\/credaf.org\/fr\/benin\/\" target=\"_blank\" rel=\"noopener noreferrer\">Benin<\/a><\/li><li><a href=\"https:\/\/credaf.org\/fr\/burkina-faso\/\" target=\"_blank\" rel=\"noopener noreferrer\">Burkina Faso<\/a><\/li><li><a href=\"https:\/\/credaf.org\/fr\/burundi\/\" target=\"_blank\" rel=\"noopener noreferrer\">Burundi<\/a><\/li><li><a href=\"https:\/\/credaf.org\/fr\/cambodge\/\" target=\"_blank\" rel=\"noopener noreferrer\">Cambodge<\/a><\/li><li><a href=\"https:\/\/credaf.org\/fr\/cameroun\/\" target=\"_blank\" rel=\"noopener noreferrer\">Cameroun<\/a><\/li><li><a href=\"https:\/\/credaf.org\/fr\/canada\/\" target=\"_blank\" rel=\"noopener noreferrer\">Canada<\/a><\/li><li><a href=\"https:\/\/credaf.org\/fr\/comores\/\" target=\"_blank\" rel=\"noopener noreferrer\">Comores<\/a><\/li><li><a href=\"https:\/\/credaf.org\/fr\/congo\/\" target=\"_blank\" rel=\"noopener noreferrer\">Congo<\/a><\/li><li><a href=\"https:\/\/credaf.org\/fr\/cote-divoire\/\" target=\"_blank\" rel=\"noopener noreferrer\">C\u00f4te d\u2019Ivoire<\/a><\/li><li><a href=\"https:\/\/credaf.org\/fr\/djibouti\/\" target=\"_blank\" rel=\"noopener noreferrer\">Djibouti<\/a><\/li><li><a href=\"https:\/\/credaf.org\/fr\/france\/\" target=\"_blank\" rel=\"noopener noreferrer\">France<\/a><\/li><li><a href=\"https:\/\/credaf.org\/fr\/gabon\/\" target=\"_blank\" rel=\"noopener noreferrer\">Gabon<\/a><\/li><li><a href=\"https:\/\/credaf.org\/fr\/guinee\/\" target=\"_blank\" rel=\"noopener noreferrer\">Guin\u00e9e<\/a><\/li><li><a href=\"https:\/\/credaf.org\/fr\/guinee-bissau\/\" target=\"_blank\" rel=\"noopener noreferrer\">Guin\u00e9e Bissau<\/a><\/li><li><a href=\"https:\/\/credaf.org\/fr\/haiti\/\" target=\"_blank\" rel=\"noopener noreferrer\">Ha\u00efti<\/a><\/li><li><a href=\"https:\/\/credaf.org\/fr\/liban\/\" target=\"_blank\" rel=\"noopener noreferrer\">Lebanon<\/a><\/li><li><a href=\"https:\/\/credaf.org\/fr\/madagascar\/\" target=\"_blank\" rel=\"noopener noreferrer\">Madagascar<\/a><\/li><li><a href=\"https:\/\/credaf.org\/fr\/mali\/\" target=\"_blank\" rel=\"noopener noreferrer\">Mali<\/a><\/li><li><a href=\"https:\/\/credaf.org\/fr\/maroc\/\" target=\"_blank\" rel=\"noopener noreferrer\">Mauritania<\/a><\/li><li><a href=\"https:\/\/credaf.org\/fr\/mauritanie\/\" target=\"_blank\" rel=\"noopener noreferrer\">Mauritanie<\/a><\/li><li><a href=\"https:\/\/credaf.org\/fr\/niger\/\" target=\"_blank\" rel=\"noopener noreferrer\">Niger<\/a><\/li><li><a href=\"https:\/\/credaf.org\/fr\/republique-centrafricaine\/\" target=\"_blank\" rel=\"noopener noreferrer\">R\u00e9publique Centrafricaine<\/a><\/li><li><a href=\"https:\/\/credaf.org\/fr\/republique-democratique-du-congo\/\" target=\"_blank\" rel=\"noopener noreferrer\">R\u00e9publique d\u00e9m. du Congo<\/a><\/li><li><a href=\"https:\/\/credaf.org\/fr\/sao-tome-principe\/\" target=\"_blank\" rel=\"noopener noreferrer\">Sao Tom\u00e9-et-Principe<\/a><\/li><li><a href=\"https:\/\/credaf.org\/fr\/senegal\/\" target=\"_blank\" rel=\"noopener noreferrer\">S\u00e9n\u00e9gal<\/a><\/li><li><a href=\"https:\/\/credaf.org\/fr\/tchad\/\" target=\"_blank\" rel=\"noopener noreferrer\">Tchad<\/a><\/li><li><a href=\"https:\/\/credaf.org\/fr\/togo\/\" target=\"_blank\" rel=\"noopener noreferrer\">Togo<\/a><\/li><li><a href=\"https:\/\/credaf.org\/fr\/tunisie\/\" target=\"_blank\" rel=\"noopener noreferrer\">Tunisia<\/a><\/li><\/ul>\t\t\t\t\t\t\t\t<\/div>\n\t\t\t\t<\/div>\n\t\t\t\t<\/div>\n\t\t\t\t\t<\/div>\n\t\t\t\t<\/div>\n\t\t\t\t<\/div>\n\t\t<!-- AddThis Advanced Settings generic via filter on the_content --><!-- AddThis Share Buttons generic via filter on the_content --><!-- AddThis Related Posts generic via filter on the_content -->","protected":false},"excerpt":{"rendered":"<p>La Famille du\u00a0CREDAF Fi\u00e8re de son ancrage linguistique, l\u2019association du CREDAF compte parmi ses membres 30 pays d\u2019expression fran\u00e7aise, situ\u00e9s sur 4 continents. Cette proximit\u00e9 facilite les \u00e9changes et la mutualisation des bonnes pratiques en s\u2019appuyant sur la richesse des conditions politiques et \u00e9conomiques des \u00e9tats membres. Ainsi, chaque situation est particuli\u00e8re et vient apporter des solutions et propositions originales<\/p>","protected":false},"author":13,"featured_media":0,"parent":0,"menu_order":0,"comment_status":"closed","ping_status":"closed","template":"","meta":{"_acf_changed":false,"footnotes":""},"class_list":["post-132","page","type-page","status-publish","hentry"],"acf":[],"yoast_head":"<!-- This site is optimized with the Yoast SEO plugin v27.5 - https:\/\/yoast.com\/product\/yoast-seo-wordpress\/ -->\n<title>Pays membres -<\/title>\n<meta name=\"robots\" content=\"index, follow, max-snippet:-1, max-image-preview:large, max-video-preview:-1\" \/>\n<link rel=\"canonical\" href=\"https:\/\/credaf.org\/en\/membres\/\" \/>\n<meta property=\"og:locale\" content=\"en_US\" \/>\n<meta property=\"og:type\" content=\"article\" \/>\n<meta property=\"og:title\" content=\"Pays membres -\" \/>\n<meta property=\"og:description\" content=\"La Famille du\u00a0CREDAF Fi\u00e8re de son ancrage linguistique, l\u2019association du CREDAF compte parmi ses membres 30 pays d\u2019expression fran\u00e7aise, situ\u00e9s sur 4 continents. Cette proximit\u00e9 facilite les \u00e9changes et la mutualisation des bonnes pratiques en s\u2019appuyant sur la richesse des conditions politiques et \u00e9conomiques des \u00e9tats membres. Ainsi, chaque situation est particuli\u00e8re et vient apporter des solutions et propositions originales\" \/>\n<meta property=\"og:url\" content=\"https:\/\/credaf.org\/en\/membres\/\" \/>\n<meta property=\"article:modified_time\" content=\"2025-08-26T13:40:23+00:00\" \/>\n<meta name=\"twitter:card\" content=\"summary_large_image\" \/>\n<meta name=\"twitter:label1\" content=\"Est. reading time\" \/>\n\t<meta name=\"twitter:data1\" content=\"1 minute\" \/>\n<script type=\"application\/ld+json\" class=\"yoast-schema-graph\">{\"@context\":\"https:\\\/\\\/schema.org\",\"@graph\":[{\"@type\":\"WebPage\",\"@id\":\"https:\\\/\\\/credaf.org\\\/membres\\\/\",\"url\":\"https:\\\/\\\/credaf.org\\\/membres\\\/\",\"name\":\"Pays membres -\",\"isPartOf\":{\"@id\":\"https:\\\/\\\/credaf.org\\\/#website\"},\"datePublished\":\"2016-08-26T00:13:20+00:00\",\"dateModified\":\"2025-08-26T13:40:23+00:00\",\"breadcrumb\":{\"@id\":\"https:\\\/\\\/credaf.org\\\/membres\\\/#breadcrumb\"},\"inLanguage\":\"en-US\",\"potentialAction\":[{\"@type\":\"ReadAction\",\"target\":[\"https:\\\/\\\/credaf.org\\\/membres\\\/\"]}]},{\"@type\":\"BreadcrumbList\",\"@id\":\"https:\\\/\\\/credaf.org\\\/membres\\\/#breadcrumb\",\"itemListElement\":[{\"@type\":\"ListItem\",\"position\":1,\"name\":\"Accueil\",\"item\":\"https:\\\/\\\/credaf.org\\\/\"},{\"@type\":\"ListItem\",\"position\":2,\"name\":\"Pays membres\"}]},{\"@type\":\"WebSite\",\"@id\":\"https:\\\/\\\/credaf.org\\\/#website\",\"url\":\"https:\\\/\\\/credaf.org\\\/\",\"name\":\"\",\"description\":\"\",\"potentialAction\":[{\"@type\":\"SearchAction\",\"target\":{\"@type\":\"EntryPoint\",\"urlTemplate\":\"https:\\\/\\\/credaf.org\\\/?s={search_term_string}\"},\"query-input\":{\"@type\":\"PropertyValueSpecification\",\"valueRequired\":true,\"valueName\":\"search_term_string\"}}],\"inLanguage\":\"en-US\"}]}<\/script>\n<!-- \/ Yoast SEO plugin. -->","yoast_head_json":{"title":"Pays membres -","robots":{"index":"index","follow":"follow","max-snippet":"max-snippet:-1","max-image-preview":"max-image-preview:large","max-video-preview":"max-video-preview:-1"},"canonical":"https:\/\/credaf.org\/en\/membres\/","og_locale":"en_US","og_type":"article","og_title":"Pays membres -","og_description":"La Famille du\u00a0CREDAF Fi\u00e8re de son ancrage linguistique, l\u2019association du CREDAF compte parmi ses membres 30 pays d\u2019expression fran\u00e7aise, situ\u00e9s sur 4 continents. Cette proximit\u00e9 facilite les \u00e9changes et la mutualisation des bonnes pratiques en s\u2019appuyant sur la richesse des conditions politiques et \u00e9conomiques des \u00e9tats membres. Ainsi, chaque situation est particuli\u00e8re et vient apporter des solutions et propositions originales","og_url":"https:\/\/credaf.org\/en\/membres\/","article_modified_time":"2025-08-26T13:40:23+00:00","twitter_card":"summary_large_image","twitter_misc":{"Est. reading time":"1 minute"},"schema":{"@context":"https:\/\/schema.org","@graph":[{"@type":"WebPage","@id":"https:\/\/credaf.org\/membres\/","url":"https:\/\/credaf.org\/membres\/","name":"Pays membres -","isPartOf":{"@id":"https:\/\/credaf.org\/#website"},"datePublished":"2016-08-26T00:13:20+00:00","dateModified":"2025-08-26T13:40:23+00:00","breadcrumb":{"@id":"https:\/\/credaf.org\/membres\/#breadcrumb"},"inLanguage":"en-US","potentialAction":[{"@type":"ReadAction","target":["https:\/\/credaf.org\/membres\/"]}]},{"@type":"BreadcrumbList","@id":"https:\/\/credaf.org\/membres\/#breadcrumb","itemListElement":[{"@type":"ListItem","position":1,"name":"Accueil","item":"https:\/\/credaf.org\/"},{"@type":"ListItem","position":2,"name":"Pays membres"}]},{"@type":"WebSite","@id":"https:\/\/credaf.org\/#website","url":"https:\/\/credaf.org\/","name":"","description":"","potentialAction":[{"@type":"SearchAction","target":{"@type":"EntryPoint","urlTemplate":"https:\/\/credaf.org\/?s={search_term_string}"},"query-input":{"@type":"PropertyValueSpecification","valueRequired":true,"valueName":"search_term_string"}}],"inLanguage":"en-US"}]}},"rttpg_featured_image_url":null,"rttpg_author":{"display_name":"sgcredaf","author_link":"https:\/\/credaf.org\/en\/author\/sgcredaf\/"},"rttpg_comment":0,"rttpg_category":null,"rttpg_excerpt":"La Famille du\u00a0CREDAF Fi\u00e8re de son ancrage linguistique, l\u2019association du CREDAF compte parmi ses membres 30 pays d\u2019expression fran\u00e7aise, situ\u00e9s sur 4 continents. Cette proximit\u00e9 facilite les \u00e9changes et la mutualisation des bonnes pratiques en s\u2019appuyant sur la richesse des conditions politiques et \u00e9conomiques des \u00e9tats membres. Ainsi, chaque situation est particuli\u00e8re et vient apporter&hellip;","_links":{"self":[{"href":"https:\/\/credaf.org\/en\/wp-json\/wp\/v2\/pages\/132","targetHints":{"allow":["GET"]}}],"collection":[{"href":"https:\/\/credaf.org\/en\/wp-json\/wp\/v2\/pages"}],"about":[{"href":"https:\/\/credaf.org\/en\/wp-json\/wp\/v2\/types\/page"}],"author":[{"embeddable":true,"href":"https:\/\/credaf.org\/en\/wp-json\/wp\/v2\/users\/13"}],"replies":[{"embeddable":true,"href":"https:\/\/credaf.org\/en\/wp-json\/wp\/v2\/comments?post=132"}],"version-history":[{"count":3,"href":"https:\/\/credaf.org\/en\/wp-json\/wp\/v2\/pages\/132\/revisions"}],"predecessor-version":[{"id":11180,"href":"https:\/\/credaf.org\/en\/wp-json\/wp\/v2\/pages\/132\/revisions\/11180"}],"wp:attachment":[{"href":"https:\/\/credaf.org\/en\/wp-json\/wp\/v2\/media?parent=132"}],"curies":[{"name":"wp","href":"https:\/\/api.w.org\/{rel}","templated":true}]}}