{"id":1340,"date":"2016-11-04T14:52:36","date_gmt":"2016-11-04T13:52:36","guid":{"rendered":"http:\/\/credaf.org\/?page_id=1340"},"modified":"2024-06-24T10:59:46","modified_gmt":"2024-06-24T08:59:46","slug":"guinee-bissau","status":"publish","type":"page","link":"https:\/\/credaf.org\/en\/guinee-bissau\/","title":{"rendered":"Guin\u00e9e Bissau"},"content":{"rendered":"<div data-elementor-type=\"wp-page\" data-elementor-id=\"1340\" class=\"elementor elementor-1340\">\n\t\t\t\t<div class=\"elementor-element elementor-element-41dfb81 e-flex e-con-boxed wpr-particle-no wpr-jarallax-no wpr-parallax-no wpr-sticky-section-no wpr-equal-height-no e-con e-parent\" data-id=\"41dfb81\" data-element_type=\"container\" data-e-type=\"container\">\n\t\t\t\t\t<div class=\"e-con-inner\">\n\t\t\t\t<div class=\"elementor-element elementor-element-fb5d065 elementor-widget elementor-widget-heading\" data-id=\"fb5d065\" data-element_type=\"widget\" data-e-type=\"widget\" data-widget_type=\"heading.default\">\n\t\t\t\t<div class=\"elementor-widget-container\">\n\t\t\t\t\t<h2 class=\"elementor-heading-title elementor-size-default\">La R\u00e9publique de Guin\u00e9e Bissau<\/h2>\t\t\t\t<\/div>\n\t\t\t\t<\/div>\n\t\t\t\t\t<\/div>\n\t\t\t\t<\/div>\n\t\t<div class=\"elementor-element elementor-element-a70d9f9 e-flex e-con-boxed wpr-particle-no wpr-jarallax-no wpr-parallax-no wpr-sticky-section-no wpr-equal-height-no e-con e-parent\" data-id=\"a70d9f9\" data-element_type=\"container\" data-e-type=\"container\">\n\t\t\t\t\t<div class=\"e-con-inner\">\n\t\t<div class=\"elementor-element elementor-element-ae7e0de e-con-full e-flex wpr-particle-no wpr-jarallax-no wpr-parallax-no wpr-sticky-section-no wpr-equal-height-no e-con e-child\" data-id=\"ae7e0de\" data-element_type=\"container\" data-e-type=\"container\">\n\t\t\t\t<div class=\"elementor-element elementor-element-23ed91e elementor-widget elementor-widget-text-editor\" data-id=\"23ed91e\" data-element_type=\"widget\" data-e-type=\"widget\" data-widget_type=\"text-editor.default\">\n\t\t\t\t<div class=\"elementor-widget-container\">\n\t\t\t\t\t\t\t\t\t<p><span style=\"font-weight: bold; color: var( --e-global-color-text ); font-family: var( --e-global-typography-text-font-family ), Sans-serif;\">Nature du r\u00e9gime :<\/span><span style=\"color: var( --e-global-color-text ); font-family: var( --e-global-typography-text-font-family ), Sans-serif; font-weight: var( --e-global-typography-text-font-weight );\"> R\u00e9gime unitaire semi-pr\u00e9sidentiel<br \/><\/span><span style=\"font-weight: bold;\">Chef de l\u2019\u00c9tat :\u00a0<\/span>M. Umaro Sissoco Embalo (depuis le\u00a0<em>27 f\u00e9vrier 2020<\/em>)<\/p><h4><span style=\"color: #030303; font-family: Roboto; font-size: 24px; font-weight: 600;\">Administration fiscale<\/span><\/h4><p>Direction g\u00e9n\u00e9rale des imp\u00f4ts<\/p><p><span style=\"font-weight: bold;\">Directeur g\u00e9n\u00e9ral<\/span> : M. Uff\u00e9 Vieira Gomes da Silva<\/p><h4><span style=\"color: #030303; font-family: Roboto; font-size: 24px; font-weight: 600;\">La Guin\u00e9e Bissau\u00a0en quelques chiffres<\/span><\/h4><p><span style=\"font-weight: bold;\">Capitale :<\/span>\u00a0Bissau<br \/><span style=\"font-weight: bold;\">Superficie :<\/span>\u00a036 120 km\u00b2<br \/><span style=\"font-weight: bold;\">Nombre d&rsquo;habitants :<\/span> 2,197 millions (Ined, 2024)<br \/><span style=\"font-weight: bold;\">PIB\/hab (estimation) :<\/span> 1,090 US$ (FMI, 2024)<\/p><p><span style=\"color: var( --e-global-color-text ); font-family: var( --e-global-typography-text-font-family ), Sans-serif; font-weight: var( --e-global-typography-text-font-weight );\">Nos partenaires que sont l&rsquo;OCDE et le PNUD, r\u00e9digent, en collaboration avec le Groupe de la Banque Africaine de D\u00e9veloppement, des publications sur les perspectives \u00e9conomiques des pays africains.<\/span><\/p><p>Pour en savoir plus sur l&rsquo;\u00e9volution de la conjoncture \u00e9conomique de la Guin\u00e9e Bissau,\u00a0<a href=\"http:\/\/www.africaneconomicoutlook.org\/fr\/notes-pays\/guinee-bissau\" target=\"_blank\" rel=\"noopener noreferrer\">click here<\/a>.<\/p>\t\t\t\t\t\t\t\t<\/div>\n\t\t\t\t<\/div>\n\t\t\t\t<\/div>\n\t\t<div class=\"elementor-element elementor-element-4a8bba8 e-con-full e-flex wpr-particle-no wpr-jarallax-no wpr-parallax-no wpr-sticky-section-no wpr-equal-height-no e-con e-child\" data-id=\"4a8bba8\" data-element_type=\"container\" data-e-type=\"container\">\n\t\t<div class=\"elementor-element elementor-element-9126a6e e-flex e-con-boxed wpr-particle-no wpr-jarallax-no wpr-parallax-no wpr-sticky-section-no wpr-equal-height-no e-con e-child\" data-id=\"9126a6e\" data-element_type=\"container\" data-e-type=\"container\">\n\t\t\t\t\t<div class=\"e-con-inner\">\n\t\t\t\t<div class=\"elementor-element elementor-element-7994731 elementor-widget elementor-widget-image\" data-id=\"7994731\" data-element_type=\"widget\" data-e-type=\"widget\" data-widget_type=\"image.default\">\n\t\t\t\t<div class=\"elementor-widget-container\">\n\t\t\t\t\t\t\t\t\t\t\t\t\t\t\t<img decoding=\"async\" width=\"125\" height=\"63\" src=\"https:\/\/credaf.org\/wp-content\/uploads\/2023\/08\/Guinee_Bissau.png\" class=\"attachment-large size-large wp-image-10103\" alt=\"\" \/>\t\t\t\t\t\t\t\t\t\t\t\t\t\t\t<\/div>\n\t\t\t\t<\/div>\n\t\t\t\t\t<\/div>\n\t\t\t\t<\/div>\n\t\t<div class=\"elementor-element elementor-element-6f5c8d6 e-flex e-con-boxed wpr-particle-no wpr-jarallax-no wpr-parallax-no wpr-sticky-section-no wpr-equal-height-no e-con e-child\" data-id=\"6f5c8d6\" data-element_type=\"container\" data-e-type=\"container\">\n\t\t\t\t\t<div class=\"e-con-inner\">\n\t\t\t\t<div class=\"elementor-element elementor-element-59effc2 elementor-widget elementor-widget-image\" data-id=\"59effc2\" data-element_type=\"widget\" data-e-type=\"widget\" data-widget_type=\"image.default\">\n\t\t\t\t<div class=\"elementor-widget-container\">\n\t\t\t\t\t\t\t\t\t\t\t\t\t\t\t<img decoding=\"async\" width=\"200\" height=\"195\" src=\"https:\/\/credaf.org\/wp-content\/uploads\/2023\/08\/GuineeBissau.png\" class=\"attachment-large size-large wp-image-10104\" alt=\"\" \/>\t\t\t\t\t\t\t\t\t\t\t\t\t\t\t<\/div>\n\t\t\t\t<\/div>\n\t\t\t\t\t<\/div>\n\t\t\t\t<\/div>\n\t\t<div class=\"elementor-element elementor-element-c6ee2fc e-flex e-con-boxed wpr-particle-no wpr-jarallax-no wpr-parallax-no wpr-sticky-section-no wpr-equal-height-no e-con e-child\" data-id=\"c6ee2fc\" data-element_type=\"container\" data-e-type=\"container\">\n\t\t\t\t\t<div class=\"e-con-inner\">\n\t\t\t\t<div class=\"elementor-element elementor-element-bd5d764 elementor-widget elementor-widget-image\" data-id=\"bd5d764\" data-element_type=\"widget\" data-e-type=\"widget\" data-widget_type=\"image.default\">\n\t\t\t\t<div class=\"elementor-widget-container\">\n\t\t\t\t\t\t\t\t\t\t\t\t\t\t\t<img fetchpriority=\"high\" decoding=\"async\" width=\"720\" height=\"448\" src=\"https:\/\/credaf.org\/wp-content\/uploads\/2023\/08\/GUINEE_BISSAU.jpg\" class=\"attachment-large size-large wp-image-10102\" alt=\"\" srcset=\"https:\/\/credaf.org\/wp-content\/uploads\/2023\/08\/GUINEE_BISSAU.jpg 888w, https:\/\/credaf.org\/wp-content\/uploads\/2023\/08\/GUINEE_BISSAU-600x374.jpg 600w, https:\/\/credaf.org\/wp-content\/uploads\/2023\/08\/GUINEE_BISSAU-300x187.jpg 300w, https:\/\/credaf.org\/wp-content\/uploads\/2023\/08\/GUINEE_BISSAU-768x478.jpg 768w\" sizes=\"(max-width: 720px) 100vw, 720px\" \/>\t\t\t\t\t\t\t\t\t\t\t\t\t\t\t<\/div>\n\t\t\t\t<\/div>\n\t\t\t\t\t<\/div>\n\t\t\t\t<\/div>\n\t\t\t\t<\/div>\n\t\t\t\t\t<\/div>\n\t\t\t\t<\/div>\n\t\t\t\t<\/div>\n\t\t<!-- AddThis Advanced Settings generic via filter on the_content --><!-- AddThis Share Buttons generic via filter on the_content --><!-- AddThis Related Posts generic via filter on the_content -->","protected":false},"excerpt":{"rendered":"<p>La R\u00e9publique de Guin\u00e9e Bissau Nature du r\u00e9gime : R\u00e9gime unitaire semi-pr\u00e9sidentielChef de l\u2019\u00c9tat :\u00a0M. Umaro Sissoco Embalo (depuis le\u00a027 f\u00e9vrier 2020) Administration fiscale Direction g\u00e9n\u00e9rale des imp\u00f4ts Directeur g\u00e9n\u00e9ral : M. Uff\u00e9 Vieira Gomes da Silva La Guin\u00e9e Bissau\u00a0en quelques chiffres Capitale :\u00a0BissauSuperficie :\u00a036 120 km\u00b2Nombre d&rsquo;habitants : 2,197 millions (Ined, 2024)PIB\/hab (estimation) : 1,090 US$ (FMI, 2024) Nos<\/p>","protected":false},"author":13,"featured_media":0,"parent":0,"menu_order":0,"comment_status":"closed","ping_status":"closed","template":"","meta":{"_acf_changed":false,"footnotes":""},"class_list":["post-1340","page","type-page","status-publish","hentry"],"acf":[],"yoast_head":"<!-- This site is optimized with the Yoast SEO plugin v27.4 - https:\/\/yoast.com\/product\/yoast-seo-wordpress\/ -->\n<title>Guin\u00e9e Bissau -<\/title>\n<meta name=\"robots\" content=\"index, follow, max-snippet:-1, max-image-preview:large, max-video-preview:-1\" \/>\n<link rel=\"canonical\" href=\"https:\/\/credaf.org\/en\/guinee-bissau\/\" \/>\n<meta property=\"og:locale\" content=\"en_US\" \/>\n<meta property=\"og:type\" content=\"article\" \/>\n<meta property=\"og:title\" content=\"Guin\u00e9e Bissau -\" \/>\n<meta property=\"og:description\" content=\"La R\u00e9publique de Guin\u00e9e Bissau Nature du r\u00e9gime : R\u00e9gime unitaire semi-pr\u00e9sidentielChef de l\u2019\u00c9tat :\u00a0M. Umaro Sissoco Embalo (depuis le\u00a027 f\u00e9vrier 2020) Administration fiscale Direction g\u00e9n\u00e9rale des imp\u00f4ts Directeur g\u00e9n\u00e9ral : M. Uff\u00e9 Vieira Gomes da Silva La Guin\u00e9e Bissau\u00a0en quelques chiffres Capitale :\u00a0BissauSuperficie :\u00a036 120 km\u00b2Nombre d&rsquo;habitants : 2,197 millions (Ined, 2024)PIB\/hab (estimation) : 1,090 US$ (FMI, 2024) Nos\" \/>\n<meta property=\"og:url\" content=\"https:\/\/credaf.org\/en\/guinee-bissau\/\" \/>\n<meta property=\"article:modified_time\" content=\"2024-06-24T08:59:46+00:00\" \/>\n<meta property=\"og:image\" content=\"https:\/\/credaf.org\/wp-content\/uploads\/2023\/08\/Guinee_Bissau.png\" \/>\n<meta name=\"twitter:card\" content=\"summary_large_image\" \/>\n<meta name=\"twitter:label1\" content=\"Est. reading time\" \/>\n\t<meta name=\"twitter:data1\" content=\"2 minutes\" \/>\n<script type=\"application\/ld+json\" class=\"yoast-schema-graph\">{\"@context\":\"https:\\\/\\\/schema.org\",\"@graph\":[{\"@type\":\"WebPage\",\"@id\":\"https:\\\/\\\/credaf.org\\\/guinee-bissau\\\/\",\"url\":\"https:\\\/\\\/credaf.org\\\/guinee-bissau\\\/\",\"name\":\"Guin\u00e9e Bissau -\",\"isPartOf\":{\"@id\":\"https:\\\/\\\/credaf.org\\\/#website\"},\"primaryImageOfPage\":{\"@id\":\"https:\\\/\\\/credaf.org\\\/guinee-bissau\\\/#primaryimage\"},\"image\":{\"@id\":\"https:\\\/\\\/credaf.org\\\/guinee-bissau\\\/#primaryimage\"},\"thumbnailUrl\":\"https:\\\/\\\/credaf.org\\\/wp-content\\\/uploads\\\/2023\\\/08\\\/Guinee_Bissau.png\",\"datePublished\":\"2016-11-04T13:52:36+00:00\",\"dateModified\":\"2024-06-24T08:59:46+00:00\",\"breadcrumb\":{\"@id\":\"https:\\\/\\\/credaf.org\\\/guinee-bissau\\\/#breadcrumb\"},\"inLanguage\":\"en-US\",\"potentialAction\":[{\"@type\":\"ReadAction\",\"target\":[\"https:\\\/\\\/credaf.org\\\/guinee-bissau\\\/\"]}]},{\"@type\":\"ImageObject\",\"inLanguage\":\"en-US\",\"@id\":\"https:\\\/\\\/credaf.org\\\/guinee-bissau\\\/#primaryimage\",\"url\":\"https:\\\/\\\/credaf.org\\\/wp-content\\\/uploads\\\/2023\\\/08\\\/Guinee_Bissau.png\",\"contentUrl\":\"https:\\\/\\\/credaf.org\\\/wp-content\\\/uploads\\\/2023\\\/08\\\/Guinee_Bissau.png\"},{\"@type\":\"BreadcrumbList\",\"@id\":\"https:\\\/\\\/credaf.org\\\/guinee-bissau\\\/#breadcrumb\",\"itemListElement\":[{\"@type\":\"ListItem\",\"position\":1,\"name\":\"Accueil\",\"item\":\"https:\\\/\\\/credaf.org\\\/\"},{\"@type\":\"ListItem\",\"position\":2,\"name\":\"Guin\u00e9e Bissau\"}]},{\"@type\":\"WebSite\",\"@id\":\"https:\\\/\\\/credaf.org\\\/#website\",\"url\":\"https:\\\/\\\/credaf.org\\\/\",\"name\":\"\",\"description\":\"\",\"potentialAction\":[{\"@type\":\"SearchAction\",\"target\":{\"@type\":\"EntryPoint\",\"urlTemplate\":\"https:\\\/\\\/credaf.org\\\/?s={search_term_string}\"},\"query-input\":{\"@type\":\"PropertyValueSpecification\",\"valueRequired\":true,\"valueName\":\"search_term_string\"}}],\"inLanguage\":\"en-US\"}]}<\/script>\n<!-- \/ Yoast SEO plugin. -->","yoast_head_json":{"title":"Guin\u00e9e Bissau -","robots":{"index":"index","follow":"follow","max-snippet":"max-snippet:-1","max-image-preview":"max-image-preview:large","max-video-preview":"max-video-preview:-1"},"canonical":"https:\/\/credaf.org\/en\/guinee-bissau\/","og_locale":"en_US","og_type":"article","og_title":"Guin\u00e9e Bissau -","og_description":"La R\u00e9publique de Guin\u00e9e Bissau Nature du r\u00e9gime : R\u00e9gime unitaire semi-pr\u00e9sidentielChef de l\u2019\u00c9tat :\u00a0M. Umaro Sissoco Embalo (depuis le\u00a027 f\u00e9vrier 2020) Administration fiscale Direction g\u00e9n\u00e9rale des imp\u00f4ts Directeur g\u00e9n\u00e9ral : M. Uff\u00e9 Vieira Gomes da Silva La Guin\u00e9e Bissau\u00a0en quelques chiffres Capitale :\u00a0BissauSuperficie :\u00a036 120 km\u00b2Nombre d&rsquo;habitants : 2,197 millions (Ined, 2024)PIB\/hab (estimation) : 1,090 US$ (FMI, 2024) Nos","og_url":"https:\/\/credaf.org\/en\/guinee-bissau\/","article_modified_time":"2024-06-24T08:59:46+00:00","og_image":[{"url":"https:\/\/credaf.org\/wp-content\/uploads\/2023\/08\/Guinee_Bissau.png","type":"","width":"","height":""}],"twitter_card":"summary_large_image","twitter_misc":{"Est. reading time":"2 minutes"},"schema":{"@context":"https:\/\/schema.org","@graph":[{"@type":"WebPage","@id":"https:\/\/credaf.org\/guinee-bissau\/","url":"https:\/\/credaf.org\/guinee-bissau\/","name":"Guin\u00e9e Bissau -","isPartOf":{"@id":"https:\/\/credaf.org\/#website"},"primaryImageOfPage":{"@id":"https:\/\/credaf.org\/guinee-bissau\/#primaryimage"},"image":{"@id":"https:\/\/credaf.org\/guinee-bissau\/#primaryimage"},"thumbnailUrl":"https:\/\/credaf.org\/wp-content\/uploads\/2023\/08\/Guinee_Bissau.png","datePublished":"2016-11-04T13:52:36+00:00","dateModified":"2024-06-24T08:59:46+00:00","breadcrumb":{"@id":"https:\/\/credaf.org\/guinee-bissau\/#breadcrumb"},"inLanguage":"en-US","potentialAction":[{"@type":"ReadAction","target":["https:\/\/credaf.org\/guinee-bissau\/"]}]},{"@type":"ImageObject","inLanguage":"en-US","@id":"https:\/\/credaf.org\/guinee-bissau\/#primaryimage","url":"https:\/\/credaf.org\/wp-content\/uploads\/2023\/08\/Guinee_Bissau.png","contentUrl":"https:\/\/credaf.org\/wp-content\/uploads\/2023\/08\/Guinee_Bissau.png"},{"@type":"BreadcrumbList","@id":"https:\/\/credaf.org\/guinee-bissau\/#breadcrumb","itemListElement":[{"@type":"ListItem","position":1,"name":"Accueil","item":"https:\/\/credaf.org\/"},{"@type":"ListItem","position":2,"name":"Guin\u00e9e Bissau"}]},{"@type":"WebSite","@id":"https:\/\/credaf.org\/#website","url":"https:\/\/credaf.org\/","name":"","description":"","potentialAction":[{"@type":"SearchAction","target":{"@type":"EntryPoint","urlTemplate":"https:\/\/credaf.org\/?s={search_term_string}"},"query-input":{"@type":"PropertyValueSpecification","valueRequired":true,"valueName":"search_term_string"}}],"inLanguage":"en-US"}]}},"rttpg_featured_image_url":null,"rttpg_author":{"display_name":"sgcredaf","author_link":"https:\/\/credaf.org\/en\/author\/sgcredaf\/"},"rttpg_comment":0,"rttpg_category":null,"rttpg_excerpt":"La R\u00e9publique de Guin\u00e9e Bissau Nature du r\u00e9gime : R\u00e9gime unitaire semi-pr\u00e9sidentielChef de l\u2019\u00c9tat :\u00a0M. Umaro Sissoco Embalo (depuis le\u00a027 f\u00e9vrier 2020) Administration fiscale Direction g\u00e9n\u00e9rale des imp\u00f4ts Directeur g\u00e9n\u00e9ral : M. Uff\u00e9 Vieira Gomes da Silva La Guin\u00e9e Bissau\u00a0en quelques chiffres Capitale :\u00a0BissauSuperficie :\u00a036 120 km\u00b2Nombre d&rsquo;habitants : 2,197 millions (Ined, 2024)PIB\/hab (estimation) :&hellip;","_links":{"self":[{"href":"https:\/\/credaf.org\/en\/wp-json\/wp\/v2\/pages\/1340","targetHints":{"allow":["GET"]}}],"collection":[{"href":"https:\/\/credaf.org\/en\/wp-json\/wp\/v2\/pages"}],"about":[{"href":"https:\/\/credaf.org\/en\/wp-json\/wp\/v2\/types\/page"}],"author":[{"embeddable":true,"href":"https:\/\/credaf.org\/en\/wp-json\/wp\/v2\/users\/13"}],"replies":[{"embeddable":true,"href":"https:\/\/credaf.org\/en\/wp-json\/wp\/v2\/comments?post=1340"}],"version-history":[{"count":0,"href":"https:\/\/credaf.org\/en\/wp-json\/wp\/v2\/pages\/1340\/revisions"}],"wp:attachment":[{"href":"https:\/\/credaf.org\/en\/wp-json\/wp\/v2\/media?parent=1340"}],"curies":[{"name":"wp","href":"https:\/\/api.w.org\/{rel}","templated":true}]}}