{"id":1354,"date":"2016-11-04T15:37:02","date_gmt":"2016-11-04T14:37:02","guid":{"rendered":"http:\/\/credaf.org\/?page_id=1354"},"modified":"2024-06-24T02:47:00","modified_gmt":"2024-06-24T00:47:00","slug":"haiti","status":"publish","type":"page","link":"https:\/\/credaf.org\/en\/haiti\/","title":{"rendered":"Ha\u00efti"},"content":{"rendered":"<div data-elementor-type=\"wp-page\" data-elementor-id=\"1354\" class=\"elementor elementor-1354\">\n\t\t\t\t<div class=\"elementor-element elementor-element-9c947db e-flex e-con-boxed wpr-particle-no wpr-jarallax-no wpr-parallax-no wpr-sticky-section-no wpr-equal-height-no e-con e-parent\" data-id=\"9c947db\" data-element_type=\"container\" data-e-type=\"container\">\n\t\t\t\t\t<div class=\"e-con-inner\">\n\t\t\t\t<div class=\"elementor-element elementor-element-40fdcab elementor-widget elementor-widget-heading\" data-id=\"40fdcab\" data-element_type=\"widget\" data-e-type=\"widget\" data-widget_type=\"heading.default\">\n\t\t\t\t<div class=\"elementor-widget-container\">\n\t\t\t\t\t<h2 class=\"elementor-heading-title elementor-size-default\">La R\u00e9publique d'Ha\u00efti<\/h2>\t\t\t\t<\/div>\n\t\t\t\t<\/div>\n\t\t\t\t\t<\/div>\n\t\t\t\t<\/div>\n\t\t<div class=\"elementor-element elementor-element-4ecdde7 e-flex e-con-boxed wpr-particle-no wpr-jarallax-no wpr-parallax-no wpr-sticky-section-no wpr-equal-height-no e-con e-parent\" data-id=\"4ecdde7\" data-element_type=\"container\" data-e-type=\"container\">\n\t\t\t\t\t<div class=\"e-con-inner\">\n\t\t<div class=\"elementor-element elementor-element-51c2d8b e-con-full e-flex wpr-particle-no wpr-jarallax-no wpr-parallax-no wpr-sticky-section-no wpr-equal-height-no e-con e-child\" data-id=\"51c2d8b\" data-element_type=\"container\" data-e-type=\"container\">\n\t\t\t\t<div class=\"elementor-element elementor-element-41ac4ac elementor-widget elementor-widget-text-editor\" data-id=\"41ac4ac\" data-element_type=\"widget\" data-e-type=\"widget\" data-widget_type=\"text-editor.default\">\n\t\t\t\t<div class=\"elementor-widget-container\">\n\t\t\t\t\t\t\t\t\t<p><span style=\"font-weight: bold; color: var( --e-global-color-text ); font-family: var( --e-global-typography-text-font-family ), Sans-serif;\">Nature du r\u00e9gime :<\/span><span style=\"color: var( --e-global-color-text ); font-family: var( --e-global-typography-text-font-family ), Sans-serif; font-weight: var( --e-global-typography-text-font-weight );\">\u00a0Pr\u00e9sidentiel<br \/><\/span><span style=\"font-weight: bold;\">Chef de l\u2019Etat :<\/span> Gouvernement de M. Edgard Leblanc Fils <em>(interim de la Pr\u00e9sidence depuis le 20 juillet 2021)<br \/><\/em><span style=\"font-weight: bold;\">Premier ministre :<\/span> M. Garry Conille (depuis le\u00a0<em>3 juin 2024<\/em>)<\/p><h4>Administration fiscale<\/h4><p>Direction g\u00e9n\u00e9rale des Imp\u00f4ts<\/p><p><span style=\"font-weight: bold;\">Directeur g\u00e9n\u00e9ral :<\/span>\u00a0M. Jean Emmanuel CASS\u00c9US<br \/><span style=\"font-weight: bold;\">Site Internet: <\/span><a href=\"http:\/\/dgi.gouv.ht\/\">http:\/\/dgi.gouv.ht\/<\/a><\/p><h4>La R\u00e9publique d&rsquo;Ha\u00efti\u00a0en quelques chiffres<\/h4><p><span style=\"font-weight: bold;\">Capitale :<\/span>\u00a0Port-au-Prince<br \/><span style=\"font-weight: bold;\">Superficie :<\/span>\u00a028 773 km\u00b2<br \/><span style=\"font-weight: bold;\">Nombre d&rsquo;habitants :<\/span> 11,867 millions (Ined, 2024)<br \/><span style=\"font-weight: bold;\">PIB\/hab (estimation) :<\/span> 1 940 US$ (FMI, 2024)<\/p>\t\t\t\t\t\t\t\t<\/div>\n\t\t\t\t<\/div>\n\t\t\t\t<\/div>\n\t\t<div class=\"elementor-element elementor-element-58a4788 e-con-full e-flex wpr-particle-no wpr-jarallax-no wpr-parallax-no wpr-sticky-section-no wpr-equal-height-no e-con e-child\" data-id=\"58a4788\" data-element_type=\"container\" data-e-type=\"container\">\n\t\t<div class=\"elementor-element elementor-element-224cf45 e-flex e-con-boxed wpr-particle-no wpr-jarallax-no wpr-parallax-no wpr-sticky-section-no wpr-equal-height-no e-con e-child\" data-id=\"224cf45\" data-element_type=\"container\" data-e-type=\"container\">\n\t\t\t\t\t<div class=\"e-con-inner\">\n\t\t\t\t<div class=\"elementor-element elementor-element-0244edb elementor-widget elementor-widget-image\" data-id=\"0244edb\" data-element_type=\"widget\" data-e-type=\"widget\" data-widget_type=\"image.default\">\n\t\t\t\t<div class=\"elementor-widget-container\">\n\t\t\t\t\t\t\t\t\t\t\t\t\t\t\t<img decoding=\"async\" width=\"125\" height=\"75\" src=\"https:\/\/credaf.org\/wp-content\/uploads\/2023\/08\/Haiti.png\" class=\"attachment-large size-large wp-image-10097\" alt=\"\" \/>\t\t\t\t\t\t\t\t\t\t\t\t\t\t\t<\/div>\n\t\t\t\t<\/div>\n\t\t\t\t\t<\/div>\n\t\t\t\t<\/div>\n\t\t<div class=\"elementor-element elementor-element-dac0e74 e-flex e-con-boxed wpr-particle-no wpr-jarallax-no wpr-parallax-no wpr-sticky-section-no wpr-equal-height-no e-con e-child\" data-id=\"dac0e74\" data-element_type=\"container\" data-e-type=\"container\">\n\t\t\t\t\t<div class=\"e-con-inner\">\n\t\t\t\t<div class=\"elementor-element elementor-element-8d1a7a3 elementor-widget elementor-widget-image\" data-id=\"8d1a7a3\" data-element_type=\"widget\" data-e-type=\"widget\" data-widget_type=\"image.default\">\n\t\t\t\t<div class=\"elementor-widget-container\">\n\t\t\t\t\t\t\t\t\t\t\t\t\t\t\t<img fetchpriority=\"high\" decoding=\"async\" width=\"300\" height=\"300\" src=\"https:\/\/credaf.org\/wp-content\/uploads\/2023\/08\/Haiti_DGI-300x300.png\" class=\"attachment-medium size-medium wp-image-10098\" alt=\"\" srcset=\"https:\/\/credaf.org\/wp-content\/uploads\/2023\/08\/Haiti_DGI-300x300.png 300w, https:\/\/credaf.org\/wp-content\/uploads\/2023\/08\/Haiti_DGI-100x100.png 100w, https:\/\/credaf.org\/wp-content\/uploads\/2023\/08\/Haiti_DGI-600x600.png 600w, https:\/\/credaf.org\/wp-content\/uploads\/2023\/08\/Haiti_DGI-1024x1024.png 1024w, https:\/\/credaf.org\/wp-content\/uploads\/2023\/08\/Haiti_DGI-150x150.png 150w, https:\/\/credaf.org\/wp-content\/uploads\/2023\/08\/Haiti_DGI-768x768.png 768w, https:\/\/credaf.org\/wp-content\/uploads\/2023\/08\/Haiti_DGI-1536x1536.png 1536w, https:\/\/credaf.org\/wp-content\/uploads\/2023\/08\/Haiti_DGI-2048x2048.png 2048w\" sizes=\"(max-width: 300px) 100vw, 300px\" \/>\t\t\t\t\t\t\t\t\t\t\t\t\t\t\t<\/div>\n\t\t\t\t<\/div>\n\t\t<div class=\"elementor-element elementor-element-67b1c14 e-flex e-con-boxed wpr-particle-no wpr-jarallax-no wpr-parallax-no wpr-sticky-section-no wpr-equal-height-no e-con e-child\" data-id=\"67b1c14\" data-element_type=\"container\" data-e-type=\"container\">\n\t\t\t\t\t<div class=\"e-con-inner\">\n\t\t\t\t<div class=\"elementor-element elementor-element-e94cd2c elementor-widget elementor-widget-image\" data-id=\"e94cd2c\" data-element_type=\"widget\" data-e-type=\"widget\" data-widget_type=\"image.default\">\n\t\t\t\t<div class=\"elementor-widget-container\">\n\t\t\t\t\t\t\t\t\t\t\t\t\t\t\t<img decoding=\"async\" width=\"720\" height=\"540\" src=\"https:\/\/credaf.org\/wp-content\/uploads\/2023\/08\/HAITI.jpg\" class=\"attachment-large size-large wp-image-10096\" alt=\"\" srcset=\"https:\/\/credaf.org\/wp-content\/uploads\/2023\/08\/HAITI.jpg 914w, https:\/\/credaf.org\/wp-content\/uploads\/2023\/08\/HAITI-600x450.jpg 600w, https:\/\/credaf.org\/wp-content\/uploads\/2023\/08\/HAITI-300x225.jpg 300w, https:\/\/credaf.org\/wp-content\/uploads\/2023\/08\/HAITI-768x576.jpg 768w, https:\/\/credaf.org\/wp-content\/uploads\/2023\/08\/HAITI-80x60.jpg 80w\" sizes=\"(max-width: 720px) 100vw, 720px\" \/>\t\t\t\t\t\t\t\t\t\t\t\t\t\t\t<\/div>\n\t\t\t\t<\/div>\n\t\t\t\t\t<\/div>\n\t\t\t\t<\/div>\n\t\t\t\t\t<\/div>\n\t\t\t\t<\/div>\n\t\t\t\t<\/div>\n\t\t\t\t\t<\/div>\n\t\t\t\t<\/div>\n\t\t\t\t<\/div>\n\t\t<!-- AddThis Advanced Settings generic via filter on the_content --><!-- AddThis Share Buttons generic via filter on the_content --><!-- AddThis Related Posts generic via filter on the_content -->","protected":false},"excerpt":{"rendered":"<p>La R\u00e9publique d&rsquo;Ha\u00efti Nature du r\u00e9gime :\u00a0Pr\u00e9sidentielChef de l\u2019Etat : Gouvernement de M. Edgard Leblanc Fils (interim de la Pr\u00e9sidence depuis le 20 juillet 2021)Premier ministre : M. Garry Conille (depuis le\u00a03 juin 2024) Administration fiscale Direction g\u00e9n\u00e9rale des Imp\u00f4ts Directeur g\u00e9n\u00e9ral :\u00a0M. Jean Emmanuel CASS\u00c9USSite Internet: http:\/\/dgi.gouv.ht\/ La R\u00e9publique d&rsquo;Ha\u00efti\u00a0en quelques chiffres Capitale :\u00a0Port-au-PrinceSuperficie :\u00a028 773 km\u00b2Nombre d&rsquo;habitants :<\/p>","protected":false},"author":13,"featured_media":0,"parent":0,"menu_order":0,"comment_status":"closed","ping_status":"closed","template":"","meta":{"_acf_changed":false,"footnotes":""},"class_list":["post-1354","page","type-page","status-publish","hentry"],"acf":[],"yoast_head":"<!-- This site is optimized with the Yoast SEO plugin v27.4 - https:\/\/yoast.com\/product\/yoast-seo-wordpress\/ -->\n<title>Ha\u00efti -<\/title>\n<meta name=\"robots\" content=\"index, follow, max-snippet:-1, max-image-preview:large, max-video-preview:-1\" \/>\n<link rel=\"canonical\" href=\"https:\/\/credaf.org\/en\/haiti\/\" \/>\n<meta property=\"og:locale\" content=\"en_US\" \/>\n<meta property=\"og:type\" content=\"article\" \/>\n<meta property=\"og:title\" content=\"Ha\u00efti -\" \/>\n<meta property=\"og:description\" content=\"La R\u00e9publique d&rsquo;Ha\u00efti Nature du r\u00e9gime :\u00a0Pr\u00e9sidentielChef de l\u2019Etat : Gouvernement de M. Edgard Leblanc Fils (interim de la Pr\u00e9sidence depuis le 20 juillet 2021)Premier ministre : M. Garry Conille (depuis le\u00a03 juin 2024) Administration fiscale Direction g\u00e9n\u00e9rale des Imp\u00f4ts Directeur g\u00e9n\u00e9ral :\u00a0M. Jean Emmanuel CASS\u00c9USSite Internet: http:\/\/dgi.gouv.ht\/ La R\u00e9publique d&rsquo;Ha\u00efti\u00a0en quelques chiffres Capitale :\u00a0Port-au-PrinceSuperficie :\u00a028 773 km\u00b2Nombre d&rsquo;habitants :\" \/>\n<meta property=\"og:url\" content=\"https:\/\/credaf.org\/en\/haiti\/\" \/>\n<meta property=\"article:modified_time\" content=\"2024-06-24T00:47:00+00:00\" \/>\n<meta property=\"og:image\" content=\"https:\/\/credaf.org\/wp-content\/uploads\/2023\/08\/Haiti.png\" \/>\n<meta name=\"twitter:card\" content=\"summary_large_image\" \/>\n<meta name=\"twitter:label1\" content=\"Est. reading time\" \/>\n\t<meta name=\"twitter:data1\" content=\"1 minute\" \/>\n<script type=\"application\/ld+json\" class=\"yoast-schema-graph\">{\"@context\":\"https:\\\/\\\/schema.org\",\"@graph\":[{\"@type\":\"WebPage\",\"@id\":\"https:\\\/\\\/credaf.org\\\/haiti\\\/\",\"url\":\"https:\\\/\\\/credaf.org\\\/haiti\\\/\",\"name\":\"Ha\u00efti -\",\"isPartOf\":{\"@id\":\"https:\\\/\\\/credaf.org\\\/#website\"},\"primaryImageOfPage\":{\"@id\":\"https:\\\/\\\/credaf.org\\\/haiti\\\/#primaryimage\"},\"image\":{\"@id\":\"https:\\\/\\\/credaf.org\\\/haiti\\\/#primaryimage\"},\"thumbnailUrl\":\"https:\\\/\\\/credaf.org\\\/wp-content\\\/uploads\\\/2023\\\/08\\\/Haiti.png\",\"datePublished\":\"2016-11-04T14:37:02+00:00\",\"dateModified\":\"2024-06-24T00:47:00+00:00\",\"breadcrumb\":{\"@id\":\"https:\\\/\\\/credaf.org\\\/haiti\\\/#breadcrumb\"},\"inLanguage\":\"en-US\",\"potentialAction\":[{\"@type\":\"ReadAction\",\"target\":[\"https:\\\/\\\/credaf.org\\\/haiti\\\/\"]}]},{\"@type\":\"ImageObject\",\"inLanguage\":\"en-US\",\"@id\":\"https:\\\/\\\/credaf.org\\\/haiti\\\/#primaryimage\",\"url\":\"https:\\\/\\\/credaf.org\\\/wp-content\\\/uploads\\\/2023\\\/08\\\/Haiti.png\",\"contentUrl\":\"https:\\\/\\\/credaf.org\\\/wp-content\\\/uploads\\\/2023\\\/08\\\/Haiti.png\"},{\"@type\":\"BreadcrumbList\",\"@id\":\"https:\\\/\\\/credaf.org\\\/haiti\\\/#breadcrumb\",\"itemListElement\":[{\"@type\":\"ListItem\",\"position\":1,\"name\":\"Accueil\",\"item\":\"https:\\\/\\\/credaf.org\\\/\"},{\"@type\":\"ListItem\",\"position\":2,\"name\":\"Ha\u00efti\"}]},{\"@type\":\"WebSite\",\"@id\":\"https:\\\/\\\/credaf.org\\\/#website\",\"url\":\"https:\\\/\\\/credaf.org\\\/\",\"name\":\"\",\"description\":\"\",\"potentialAction\":[{\"@type\":\"SearchAction\",\"target\":{\"@type\":\"EntryPoint\",\"urlTemplate\":\"https:\\\/\\\/credaf.org\\\/?s={search_term_string}\"},\"query-input\":{\"@type\":\"PropertyValueSpecification\",\"valueRequired\":true,\"valueName\":\"search_term_string\"}}],\"inLanguage\":\"en-US\"}]}<\/script>\n<!-- \/ Yoast SEO plugin. -->","yoast_head_json":{"title":"Ha\u00efti -","robots":{"index":"index","follow":"follow","max-snippet":"max-snippet:-1","max-image-preview":"max-image-preview:large","max-video-preview":"max-video-preview:-1"},"canonical":"https:\/\/credaf.org\/en\/haiti\/","og_locale":"en_US","og_type":"article","og_title":"Ha\u00efti -","og_description":"La R\u00e9publique d&rsquo;Ha\u00efti Nature du r\u00e9gime :\u00a0Pr\u00e9sidentielChef de l\u2019Etat : Gouvernement de M. Edgard Leblanc Fils (interim de la Pr\u00e9sidence depuis le 20 juillet 2021)Premier ministre : M. Garry Conille (depuis le\u00a03 juin 2024) Administration fiscale Direction g\u00e9n\u00e9rale des Imp\u00f4ts Directeur g\u00e9n\u00e9ral :\u00a0M. Jean Emmanuel CASS\u00c9USSite Internet: http:\/\/dgi.gouv.ht\/ La R\u00e9publique d&rsquo;Ha\u00efti\u00a0en quelques chiffres Capitale :\u00a0Port-au-PrinceSuperficie :\u00a028 773 km\u00b2Nombre d&rsquo;habitants :","og_url":"https:\/\/credaf.org\/en\/haiti\/","article_modified_time":"2024-06-24T00:47:00+00:00","og_image":[{"url":"https:\/\/credaf.org\/wp-content\/uploads\/2023\/08\/Haiti.png","type":"","width":"","height":""}],"twitter_card":"summary_large_image","twitter_misc":{"Est. reading time":"1 minute"},"schema":{"@context":"https:\/\/schema.org","@graph":[{"@type":"WebPage","@id":"https:\/\/credaf.org\/haiti\/","url":"https:\/\/credaf.org\/haiti\/","name":"Ha\u00efti -","isPartOf":{"@id":"https:\/\/credaf.org\/#website"},"primaryImageOfPage":{"@id":"https:\/\/credaf.org\/haiti\/#primaryimage"},"image":{"@id":"https:\/\/credaf.org\/haiti\/#primaryimage"},"thumbnailUrl":"https:\/\/credaf.org\/wp-content\/uploads\/2023\/08\/Haiti.png","datePublished":"2016-11-04T14:37:02+00:00","dateModified":"2024-06-24T00:47:00+00:00","breadcrumb":{"@id":"https:\/\/credaf.org\/haiti\/#breadcrumb"},"inLanguage":"en-US","potentialAction":[{"@type":"ReadAction","target":["https:\/\/credaf.org\/haiti\/"]}]},{"@type":"ImageObject","inLanguage":"en-US","@id":"https:\/\/credaf.org\/haiti\/#primaryimage","url":"https:\/\/credaf.org\/wp-content\/uploads\/2023\/08\/Haiti.png","contentUrl":"https:\/\/credaf.org\/wp-content\/uploads\/2023\/08\/Haiti.png"},{"@type":"BreadcrumbList","@id":"https:\/\/credaf.org\/haiti\/#breadcrumb","itemListElement":[{"@type":"ListItem","position":1,"name":"Accueil","item":"https:\/\/credaf.org\/"},{"@type":"ListItem","position":2,"name":"Ha\u00efti"}]},{"@type":"WebSite","@id":"https:\/\/credaf.org\/#website","url":"https:\/\/credaf.org\/","name":"","description":"","potentialAction":[{"@type":"SearchAction","target":{"@type":"EntryPoint","urlTemplate":"https:\/\/credaf.org\/?s={search_term_string}"},"query-input":{"@type":"PropertyValueSpecification","valueRequired":true,"valueName":"search_term_string"}}],"inLanguage":"en-US"}]}},"rttpg_featured_image_url":null,"rttpg_author":{"display_name":"sgcredaf","author_link":"https:\/\/credaf.org\/en\/author\/sgcredaf\/"},"rttpg_comment":0,"rttpg_category":null,"rttpg_excerpt":"La R\u00e9publique d&rsquo;Ha\u00efti Nature du r\u00e9gime :\u00a0Pr\u00e9sidentielChef de l\u2019Etat : Gouvernement de M. Edgard Leblanc Fils (interim de la Pr\u00e9sidence depuis le 20 juillet 2021)Premier ministre : M. Garry Conille (depuis le\u00a03 juin 2024) Administration fiscale Direction g\u00e9n\u00e9rale des Imp\u00f4ts Directeur g\u00e9n\u00e9ral :\u00a0M. Jean Emmanuel CASS\u00c9USSite Internet: http:\/\/dgi.gouv.ht\/ La R\u00e9publique d&rsquo;Ha\u00efti\u00a0en quelques chiffres Capitale :\u00a0Port-au-PrinceSuperficie&hellip;","_links":{"self":[{"href":"https:\/\/credaf.org\/en\/wp-json\/wp\/v2\/pages\/1354","targetHints":{"allow":["GET"]}}],"collection":[{"href":"https:\/\/credaf.org\/en\/wp-json\/wp\/v2\/pages"}],"about":[{"href":"https:\/\/credaf.org\/en\/wp-json\/wp\/v2\/types\/page"}],"author":[{"embeddable":true,"href":"https:\/\/credaf.org\/en\/wp-json\/wp\/v2\/users\/13"}],"replies":[{"embeddable":true,"href":"https:\/\/credaf.org\/en\/wp-json\/wp\/v2\/comments?post=1354"}],"version-history":[{"count":0,"href":"https:\/\/credaf.org\/en\/wp-json\/wp\/v2\/pages\/1354\/revisions"}],"wp:attachment":[{"href":"https:\/\/credaf.org\/en\/wp-json\/wp\/v2\/media?parent=1354"}],"curies":[{"name":"wp","href":"https:\/\/api.w.org\/{rel}","templated":true}]}}