{"id":1371,"date":"2016-11-04T16:00:14","date_gmt":"2016-11-04T15:00:14","guid":{"rendered":"http:\/\/credaf.org\/?page_id=1371"},"modified":"2024-06-24T11:03:14","modified_gmt":"2024-06-24T09:03:14","slug":"madagascar","status":"publish","type":"page","link":"https:\/\/credaf.org\/en\/madagascar\/","title":{"rendered":"Madagascar"},"content":{"rendered":"<div data-elementor-type=\"wp-page\" data-elementor-id=\"1371\" class=\"elementor elementor-1371\">\n\t\t\t\t<div class=\"elementor-element elementor-element-9eb1b4f e-flex e-con-boxed wpr-particle-no wpr-jarallax-no wpr-parallax-no wpr-sticky-section-no wpr-equal-height-no e-con e-parent\" data-id=\"9eb1b4f\" data-element_type=\"container\" data-e-type=\"container\">\n\t\t\t\t\t<div class=\"e-con-inner\">\n\t\t\t\t<div class=\"elementor-element elementor-element-58f7103 elementor-widget elementor-widget-heading\" data-id=\"58f7103\" data-element_type=\"widget\" data-e-type=\"widget\" data-widget_type=\"heading.default\">\n\t\t\t\t<div class=\"elementor-widget-container\">\n\t\t\t\t\t<h2 class=\"elementor-heading-title elementor-size-default\">La R\u00e9publique de Madagascar<\/h2>\t\t\t\t<\/div>\n\t\t\t\t<\/div>\n\t\t\t\t\t<\/div>\n\t\t\t\t<\/div>\n\t\t<div class=\"elementor-element elementor-element-43c45e2 e-flex e-con-boxed wpr-particle-no wpr-jarallax-no wpr-parallax-no wpr-sticky-section-no wpr-equal-height-no e-con e-parent\" data-id=\"43c45e2\" data-element_type=\"container\" data-e-type=\"container\">\n\t\t\t\t\t<div class=\"e-con-inner\">\n\t\t<div class=\"elementor-element elementor-element-c98813a e-con-full e-flex wpr-particle-no wpr-jarallax-no wpr-parallax-no wpr-sticky-section-no wpr-equal-height-no e-con e-child\" data-id=\"c98813a\" data-element_type=\"container\" data-e-type=\"container\">\n\t\t\t\t<div class=\"elementor-element elementor-element-f95e741 elementor-widget elementor-widget-text-editor\" data-id=\"f95e741\" data-element_type=\"widget\" data-e-type=\"widget\" data-widget_type=\"text-editor.default\">\n\t\t\t\t<div class=\"elementor-widget-container\">\n\t\t\t\t\t\t\t\t\t<p><span style=\"font-weight: bold; color: var( --e-global-color-text ); font-family: var( --e-global-typography-text-font-family ), Sans-serif;\">Nature du r\u00e9gime :<\/span><span style=\"color: var( --e-global-color-text ); font-family: var( --e-global-typography-text-font-family ), Sans-serif; font-weight: var( --e-global-typography-text-font-weight );\">\u00a0Semi-Pr\u00e9sidentiel<br \/><\/span><span style=\"font-weight: bold;\">Chef de l\u2019Etat :<\/span>\u00a0M. Andry RAJOELINA <em>(depuis le 18 janvier 2019)<br \/><\/em><span style=\"font-weight: bold;\">Premier Ministre :<\/span>\u00a0M. Christian NTSAY <em>(depuis le 4 juin 2018)<\/em><\/p><h4>Administration fiscale<\/h4><p>Direction g\u00e9n\u00e9rale des Imp\u00f4ts<\/p><p><span style=\"font-weight: bold;\">Directeur g\u00e9n\u00e9ral : <\/span>M. Germain<br \/><span style=\"font-weight: bold;\">Site Internet: <\/span><a href=\"http:\/\/www.impots.mg\/\">www.impots.mg<\/a><\/p><p><a href=\"http:\/\/www.impots.mg\/fr\/3-organigramme\" target=\"_blank\" rel=\"noopener noreferrer\">Organigramme de la DGI de Madagascar<\/a><\/p><h4>Madagascar\u00a0en quelques chiffres<\/h4><p><span style=\"font-weight: bold;\">Capitale :<\/span>\u00a0Antananarivo<br \/><span style=\"font-weight: bold;\">Superficie :<\/span>\u00a0587 041 km\u00b2<br \/><span style=\"font-weight: bold;\">Nombre d\u2019habitants :<\/span> 31,057 millions (Ined, 2024)<br \/><span style=\"font-weight: bold;\">PIB\/hab :<\/span> 538,18 US$ (FMI, 2024)<\/p><p>L\u2019OCDE et le PNUD ont produit des publications sur les perspectives \u00e9conomiques des pays africains en partenariat avec la Banque africaine de d\u00e9veloppement.<\/p><p>Pour en savoir plus sur la situation \u00e9conomique de Madagascar,\u00a0<a href=\"https:\/\/www.afdb.org\/fr\/countries\/southern-africa\/madagascar\">click here<\/a>.<\/p>\t\t\t\t\t\t\t\t<\/div>\n\t\t\t\t<\/div>\n\t\t\t\t<\/div>\n\t\t<div class=\"elementor-element elementor-element-e9f6f8c e-con-full e-flex wpr-particle-no wpr-jarallax-no wpr-parallax-no wpr-sticky-section-no wpr-equal-height-no e-con e-child\" data-id=\"e9f6f8c\" data-element_type=\"container\" data-e-type=\"container\">\n\t\t<div class=\"elementor-element elementor-element-c947ddd e-flex e-con-boxed wpr-particle-no wpr-jarallax-no wpr-parallax-no wpr-sticky-section-no wpr-equal-height-no e-con e-child\" data-id=\"c947ddd\" data-element_type=\"container\" data-e-type=\"container\">\n\t\t\t\t\t<div class=\"e-con-inner\">\n\t\t\t\t<div class=\"elementor-element elementor-element-d861f5d elementor-widget elementor-widget-image\" data-id=\"d861f5d\" data-element_type=\"widget\" data-e-type=\"widget\" data-widget_type=\"image.default\">\n\t\t\t\t<div class=\"elementor-widget-container\">\n\t\t\t\t\t\t\t\t\t\t\t\t\t\t\t<img fetchpriority=\"high\" decoding=\"async\" width=\"300\" height=\"200\" src=\"https:\/\/credaf.org\/wp-content\/uploads\/2023\/08\/MADAGASCAR-300x200.jpg\" class=\"attachment-medium size-medium wp-image-10081\" alt=\"\" srcset=\"https:\/\/credaf.org\/wp-content\/uploads\/2023\/08\/MADAGASCAR-300x200.jpg 300w, https:\/\/credaf.org\/wp-content\/uploads\/2023\/08\/MADAGASCAR.jpg 384w\" sizes=\"(max-width: 300px) 100vw, 300px\" \/>\t\t\t\t\t\t\t\t\t\t\t\t\t\t\t<\/div>\n\t\t\t\t<\/div>\n\t\t\t\t\t<\/div>\n\t\t\t\t<\/div>\n\t\t<div class=\"elementor-element elementor-element-c8c587d e-flex e-con-boxed wpr-particle-no wpr-jarallax-no wpr-parallax-no wpr-sticky-section-no wpr-equal-height-no e-con e-child\" data-id=\"c8c587d\" data-element_type=\"container\" data-e-type=\"container\">\n\t\t\t\t\t<div class=\"e-con-inner\">\n\t\t\t\t<div class=\"elementor-element elementor-element-799990d elementor-widget elementor-widget-image\" data-id=\"799990d\" data-element_type=\"widget\" data-e-type=\"widget\" data-widget_type=\"image.default\">\n\t\t\t\t<div class=\"elementor-widget-container\">\n\t\t\t\t\t\t\t\t\t\t\t\t\t\t\t<img decoding=\"async\" width=\"283\" height=\"468\" src=\"https:\/\/credaf.org\/wp-content\/uploads\/2023\/08\/MADAGASCAR_C.jpg\" class=\"attachment-large size-large wp-image-10082\" alt=\"\" srcset=\"https:\/\/credaf.org\/wp-content\/uploads\/2023\/08\/MADAGASCAR_C.jpg 283w, https:\/\/credaf.org\/wp-content\/uploads\/2023\/08\/MADAGASCAR_C-181x300.jpg 181w\" sizes=\"(max-width: 283px) 100vw, 283px\" \/>\t\t\t\t\t\t\t\t\t\t\t\t\t\t\t<\/div>\n\t\t\t\t<\/div>\n\t\t\t\t\t<\/div>\n\t\t\t\t<\/div>\n\t\t\t\t<\/div>\n\t\t\t\t\t<\/div>\n\t\t\t\t<\/div>\n\t\t\t\t<\/div>\n\t\t<!-- AddThis Advanced Settings generic via filter on the_content --><!-- AddThis Share Buttons generic via filter on the_content --><!-- AddThis Related Posts generic via filter on the_content -->","protected":false},"excerpt":{"rendered":"<p>La R\u00e9publique de Madagascar Nature du r\u00e9gime :\u00a0Semi-Pr\u00e9sidentielChef de l\u2019Etat :\u00a0M. Andry RAJOELINA (depuis le 18 janvier 2019)Premier Ministre :\u00a0M. Christian NTSAY (depuis le 4 juin 2018) Administration fiscale Direction g\u00e9n\u00e9rale des Imp\u00f4ts Directeur g\u00e9n\u00e9ral : M. GermainSite Internet: www.impots.mg Organigramme de la DGI de Madagascar Madagascar\u00a0en quelques chiffres Capitale :\u00a0AntananarivoSuperficie :\u00a0587 041 km\u00b2Nombre d\u2019habitants : 31,057 millions (Ined, 2024)PIB\/hab<\/p>","protected":false},"author":13,"featured_media":0,"parent":0,"menu_order":0,"comment_status":"closed","ping_status":"closed","template":"","meta":{"_acf_changed":false,"footnotes":""},"class_list":["post-1371","page","type-page","status-publish","hentry"],"acf":[],"yoast_head":"<!-- This site is optimized with the Yoast SEO plugin v27.4 - https:\/\/yoast.com\/product\/yoast-seo-wordpress\/ -->\n<title>Madagascar -<\/title>\n<meta name=\"robots\" content=\"index, follow, max-snippet:-1, max-image-preview:large, max-video-preview:-1\" \/>\n<link rel=\"canonical\" href=\"https:\/\/credaf.org\/en\/madagascar\/\" \/>\n<meta property=\"og:locale\" content=\"en_US\" \/>\n<meta property=\"og:type\" content=\"article\" \/>\n<meta property=\"og:title\" content=\"Madagascar -\" \/>\n<meta property=\"og:description\" content=\"La R\u00e9publique de Madagascar Nature du r\u00e9gime :\u00a0Semi-Pr\u00e9sidentielChef de l\u2019Etat :\u00a0M. Andry RAJOELINA (depuis le 18 janvier 2019)Premier Ministre :\u00a0M. Christian NTSAY (depuis le 4 juin 2018) Administration fiscale Direction g\u00e9n\u00e9rale des Imp\u00f4ts Directeur g\u00e9n\u00e9ral : M. GermainSite Internet: www.impots.mg Organigramme de la DGI de Madagascar Madagascar\u00a0en quelques chiffres Capitale :\u00a0AntananarivoSuperficie :\u00a0587 041 km\u00b2Nombre d\u2019habitants : 31,057 millions (Ined, 2024)PIB\/hab\" \/>\n<meta property=\"og:url\" content=\"https:\/\/credaf.org\/en\/madagascar\/\" \/>\n<meta property=\"article:modified_time\" content=\"2024-06-24T09:03:14+00:00\" \/>\n<meta property=\"og:image\" content=\"https:\/\/credaf.org\/wp-content\/uploads\/2023\/08\/MADAGASCAR-300x200.jpg\" \/>\n<meta name=\"twitter:card\" content=\"summary_large_image\" \/>\n<meta name=\"twitter:label1\" content=\"Est. reading time\" \/>\n\t<meta name=\"twitter:data1\" content=\"1 minute\" \/>\n<script type=\"application\/ld+json\" class=\"yoast-schema-graph\">{\"@context\":\"https:\\\/\\\/schema.org\",\"@graph\":[{\"@type\":\"WebPage\",\"@id\":\"https:\\\/\\\/credaf.org\\\/en\\\/madagascar\\\/\",\"url\":\"https:\\\/\\\/credaf.org\\\/en\\\/madagascar\\\/\",\"name\":\"Madagascar -\",\"isPartOf\":{\"@id\":\"https:\\\/\\\/credaf.org\\\/#website\"},\"primaryImageOfPage\":{\"@id\":\"https:\\\/\\\/credaf.org\\\/en\\\/madagascar\\\/#primaryimage\"},\"image\":{\"@id\":\"https:\\\/\\\/credaf.org\\\/en\\\/madagascar\\\/#primaryimage\"},\"thumbnailUrl\":\"https:\\\/\\\/credaf.org\\\/wp-content\\\/uploads\\\/2023\\\/08\\\/MADAGASCAR-300x200.jpg\",\"datePublished\":\"2016-11-04T15:00:14+00:00\",\"dateModified\":\"2024-06-24T09:03:14+00:00\",\"breadcrumb\":{\"@id\":\"https:\\\/\\\/credaf.org\\\/en\\\/madagascar\\\/#breadcrumb\"},\"inLanguage\":\"en-US\",\"potentialAction\":[{\"@type\":\"ReadAction\",\"target\":[\"https:\\\/\\\/credaf.org\\\/en\\\/madagascar\\\/\"]}]},{\"@type\":\"ImageObject\",\"inLanguage\":\"en-US\",\"@id\":\"https:\\\/\\\/credaf.org\\\/en\\\/madagascar\\\/#primaryimage\",\"url\":\"https:\\\/\\\/credaf.org\\\/wp-content\\\/uploads\\\/2023\\\/08\\\/MADAGASCAR-300x200.jpg\",\"contentUrl\":\"https:\\\/\\\/credaf.org\\\/wp-content\\\/uploads\\\/2023\\\/08\\\/MADAGASCAR-300x200.jpg\"},{\"@type\":\"BreadcrumbList\",\"@id\":\"https:\\\/\\\/credaf.org\\\/en\\\/madagascar\\\/#breadcrumb\",\"itemListElement\":[{\"@type\":\"ListItem\",\"position\":1,\"name\":\"Accueil\",\"item\":\"https:\\\/\\\/credaf.org\\\/\"},{\"@type\":\"ListItem\",\"position\":2,\"name\":\"Madagascar\"}]},{\"@type\":\"WebSite\",\"@id\":\"https:\\\/\\\/credaf.org\\\/#website\",\"url\":\"https:\\\/\\\/credaf.org\\\/\",\"name\":\"\",\"description\":\"\",\"potentialAction\":[{\"@type\":\"SearchAction\",\"target\":{\"@type\":\"EntryPoint\",\"urlTemplate\":\"https:\\\/\\\/credaf.org\\\/?s={search_term_string}\"},\"query-input\":{\"@type\":\"PropertyValueSpecification\",\"valueRequired\":true,\"valueName\":\"search_term_string\"}}],\"inLanguage\":\"en-US\"}]}<\/script>\n<!-- \/ Yoast SEO plugin. -->","yoast_head_json":{"title":"Madagascar -","robots":{"index":"index","follow":"follow","max-snippet":"max-snippet:-1","max-image-preview":"max-image-preview:large","max-video-preview":"max-video-preview:-1"},"canonical":"https:\/\/credaf.org\/en\/madagascar\/","og_locale":"en_US","og_type":"article","og_title":"Madagascar -","og_description":"La R\u00e9publique de Madagascar Nature du r\u00e9gime :\u00a0Semi-Pr\u00e9sidentielChef de l\u2019Etat :\u00a0M. Andry RAJOELINA (depuis le 18 janvier 2019)Premier Ministre :\u00a0M. Christian NTSAY (depuis le 4 juin 2018) Administration fiscale Direction g\u00e9n\u00e9rale des Imp\u00f4ts Directeur g\u00e9n\u00e9ral : M. GermainSite Internet: www.impots.mg Organigramme de la DGI de Madagascar Madagascar\u00a0en quelques chiffres Capitale :\u00a0AntananarivoSuperficie :\u00a0587 041 km\u00b2Nombre d\u2019habitants : 31,057 millions (Ined, 2024)PIB\/hab","og_url":"https:\/\/credaf.org\/en\/madagascar\/","article_modified_time":"2024-06-24T09:03:14+00:00","og_image":[{"url":"https:\/\/credaf.org\/wp-content\/uploads\/2023\/08\/MADAGASCAR-300x200.jpg","type":"","width":"","height":""}],"twitter_card":"summary_large_image","twitter_misc":{"Est. reading time":"1 minute"},"schema":{"@context":"https:\/\/schema.org","@graph":[{"@type":"WebPage","@id":"https:\/\/credaf.org\/en\/madagascar\/","url":"https:\/\/credaf.org\/en\/madagascar\/","name":"Madagascar -","isPartOf":{"@id":"https:\/\/credaf.org\/#website"},"primaryImageOfPage":{"@id":"https:\/\/credaf.org\/en\/madagascar\/#primaryimage"},"image":{"@id":"https:\/\/credaf.org\/en\/madagascar\/#primaryimage"},"thumbnailUrl":"https:\/\/credaf.org\/wp-content\/uploads\/2023\/08\/MADAGASCAR-300x200.jpg","datePublished":"2016-11-04T15:00:14+00:00","dateModified":"2024-06-24T09:03:14+00:00","breadcrumb":{"@id":"https:\/\/credaf.org\/en\/madagascar\/#breadcrumb"},"inLanguage":"en-US","potentialAction":[{"@type":"ReadAction","target":["https:\/\/credaf.org\/en\/madagascar\/"]}]},{"@type":"ImageObject","inLanguage":"en-US","@id":"https:\/\/credaf.org\/en\/madagascar\/#primaryimage","url":"https:\/\/credaf.org\/wp-content\/uploads\/2023\/08\/MADAGASCAR-300x200.jpg","contentUrl":"https:\/\/credaf.org\/wp-content\/uploads\/2023\/08\/MADAGASCAR-300x200.jpg"},{"@type":"BreadcrumbList","@id":"https:\/\/credaf.org\/en\/madagascar\/#breadcrumb","itemListElement":[{"@type":"ListItem","position":1,"name":"Accueil","item":"https:\/\/credaf.org\/"},{"@type":"ListItem","position":2,"name":"Madagascar"}]},{"@type":"WebSite","@id":"https:\/\/credaf.org\/#website","url":"https:\/\/credaf.org\/","name":"","description":"","potentialAction":[{"@type":"SearchAction","target":{"@type":"EntryPoint","urlTemplate":"https:\/\/credaf.org\/?s={search_term_string}"},"query-input":{"@type":"PropertyValueSpecification","valueRequired":true,"valueName":"search_term_string"}}],"inLanguage":"en-US"}]}},"rttpg_featured_image_url":null,"rttpg_author":{"display_name":"sgcredaf","author_link":"https:\/\/credaf.org\/en\/author\/sgcredaf\/"},"rttpg_comment":0,"rttpg_category":null,"rttpg_excerpt":"La R\u00e9publique de Madagascar Nature du r\u00e9gime :\u00a0Semi-Pr\u00e9sidentielChef de l\u2019Etat :\u00a0M. Andry RAJOELINA (depuis le 18 janvier 2019)Premier Ministre :\u00a0M. Christian NTSAY (depuis le 4 juin 2018) Administration fiscale Direction g\u00e9n\u00e9rale des Imp\u00f4ts Directeur g\u00e9n\u00e9ral : M. GermainSite Internet: www.impots.mg Organigramme de la DGI de Madagascar Madagascar\u00a0en quelques chiffres Capitale :\u00a0AntananarivoSuperficie :\u00a0587 041 km\u00b2Nombre d\u2019habitants&hellip;","_links":{"self":[{"href":"https:\/\/credaf.org\/en\/wp-json\/wp\/v2\/pages\/1371","targetHints":{"allow":["GET"]}}],"collection":[{"href":"https:\/\/credaf.org\/en\/wp-json\/wp\/v2\/pages"}],"about":[{"href":"https:\/\/credaf.org\/en\/wp-json\/wp\/v2\/types\/page"}],"author":[{"embeddable":true,"href":"https:\/\/credaf.org\/en\/wp-json\/wp\/v2\/users\/13"}],"replies":[{"embeddable":true,"href":"https:\/\/credaf.org\/en\/wp-json\/wp\/v2\/comments?post=1371"}],"version-history":[{"count":0,"href":"https:\/\/credaf.org\/en\/wp-json\/wp\/v2\/pages\/1371\/revisions"}],"wp:attachment":[{"href":"https:\/\/credaf.org\/en\/wp-json\/wp\/v2\/media?parent=1371"}],"curies":[{"name":"wp","href":"https:\/\/api.w.org\/{rel}","templated":true}]}}