{"id":1385,"date":"2016-11-07T14:32:50","date_gmt":"2016-11-07T13:32:50","guid":{"rendered":"http:\/\/credaf.org\/?page_id=1385"},"modified":"2024-06-24T03:03:35","modified_gmt":"2024-06-24T01:03:35","slug":"mali","status":"publish","type":"page","link":"https:\/\/credaf.org\/en\/mali\/","title":{"rendered":"Mali"},"content":{"rendered":"<div data-elementor-type=\"wp-page\" data-elementor-id=\"1385\" class=\"elementor elementor-1385\">\n\t\t\t\t<div class=\"elementor-element elementor-element-2fb475d e-flex e-con-boxed wpr-particle-no wpr-jarallax-no wpr-parallax-no wpr-sticky-section-no e-con e-parent\" data-id=\"2fb475d\" data-element_type=\"container\" data-e-type=\"container\">\n\t\t\t\t\t<div class=\"e-con-inner\">\n\t\t\t\t<div class=\"elementor-element elementor-element-d3a2991 elementor-widget elementor-widget-heading\" data-id=\"d3a2991\" data-element_type=\"widget\" data-e-type=\"widget\" data-widget_type=\"heading.default\">\n\t\t\t\t<div class=\"elementor-widget-container\">\n\t\t\t\t\t<h2 class=\"elementor-heading-title elementor-size-default\">La R\u00e9publique du Mali<\/h2>\t\t\t\t<\/div>\n\t\t\t\t<\/div>\n\t\t\t\t\t<\/div>\n\t\t\t\t<\/div>\n\t\t<div class=\"elementor-element elementor-element-a40c160 e-flex e-con-boxed wpr-particle-no wpr-jarallax-no wpr-parallax-no wpr-sticky-section-no e-con e-parent\" data-id=\"a40c160\" data-element_type=\"container\" data-e-type=\"container\">\n\t\t\t\t\t<div class=\"e-con-inner\">\n\t\t<div class=\"elementor-element elementor-element-b91d119 e-con-full e-flex wpr-particle-no wpr-jarallax-no wpr-parallax-no wpr-sticky-section-no e-con e-child\" data-id=\"b91d119\" data-element_type=\"container\" data-e-type=\"container\">\n\t\t\t\t<div class=\"elementor-element elementor-element-4812dd1 elementor-widget elementor-widget-text-editor\" data-id=\"4812dd1\" data-element_type=\"widget\" data-e-type=\"widget\" data-widget_type=\"text-editor.default\">\n\t\t\t\t<div class=\"elementor-widget-container\">\n\t\t\t\t\t\t\t\t\t<p><span style=\"font-weight: bold; color: var( --e-global-color-text ); font-family: var( --e-global-typography-text-font-family ), Sans-serif;\">Nature du r\u00e9gime :<\/span><span style=\"color: var( --e-global-color-text ); font-family: var( --e-global-typography-text-font-family ), Sans-serif; font-weight: var( --e-global-typography-text-font-weight );\">\u00a0R\u00e9gime de transition<br \/><\/span><span style=\"font-weight: bold;\">Chef de l\u2019Etat :<\/span>\u00a0M. Assimi GO\u00cfTA <em>(depuis le 24 mai 2021)<br \/><\/em><span style=\"font-weight: bold;\">Premier ministre<\/span>\u00a0: M. Choguel Kokalla MA\u00cfGA <em>(depuis le 7 juin 2021)<\/em><\/p><h4>Administration fiscale<\/h4><p>Direction g\u00e9n\u00e9rale des Imp\u00f4ts<\/p><p><span style=\"font-weight: bold;\">Directeur g\u00e9n\u00e9ral<\/span>\u00a0: M. Mathias KONATE<br \/><strong>Site internet: <\/strong><a href=\"https:\/\/www.dgi.gouv.ml\/\">https:\/\/www.dgi.gouv.ml\/<\/a><\/p><h4>Le Mali en quelques chiffres<\/h4><p><span style=\"font-weight: bold;\">Capitale :<\/span>\u00a0Bamako<br \/><span style=\"font-weight: bold;\">Superficie :<\/span>\u00a01 241 238 km\u00b2<br \/><span style=\"font-weight: bold;\">Nombre d\u2019habitants :<\/span> 24,016 millions (Ined, 2024)<br \/><span style=\"font-weight: bold;\">PIB\/hab (estimation) :<\/span> 898 US$ (FMI, 2024)<\/p><p>L\u2019OCDE et le PNUD ont produit des publications sur les perspectives \u00e9conomiques des pays africains en partenariat avec la Banque africaine de d\u00e9veloppement.<\/p><p>Pour en savoir plus sur la situation \u00e9conomique du Mali,\u00a0<a href=\"https:\/\/www.afdb.org\/fr\/countries\/west-africa\/mali\">click here<\/a>.<\/p>\t\t\t\t\t\t\t\t<\/div>\n\t\t\t\t<\/div>\n\t\t\t\t<\/div>\n\t\t<div class=\"elementor-element elementor-element-ea5f13e e-con-full e-flex wpr-particle-no wpr-jarallax-no wpr-parallax-no wpr-sticky-section-no e-con e-child\" data-id=\"ea5f13e\" data-element_type=\"container\" data-e-type=\"container\">\n\t\t<div class=\"elementor-element elementor-element-45310c2 e-flex e-con-boxed wpr-particle-no wpr-jarallax-no wpr-parallax-no wpr-sticky-section-no e-con e-child\" data-id=\"45310c2\" data-element_type=\"container\" data-e-type=\"container\">\n\t\t\t\t\t<div class=\"e-con-inner\">\n\t\t\t\t<div class=\"elementor-element elementor-element-20beddf elementor-widget elementor-widget-image\" data-id=\"20beddf\" data-element_type=\"widget\" data-e-type=\"widget\" data-widget_type=\"image.default\">\n\t\t\t\t<div class=\"elementor-widget-container\">\n\t\t\t\t\t\t\t\t\t\t\t\t\t\t\t<img decoding=\"async\" width=\"125\" height=\"83\" src=\"https:\/\/credaf.org\/wp-content\/uploads\/2023\/08\/Mali.png\" class=\"attachment-large size-large wp-image-10072\" alt=\"\" \/>\t\t\t\t\t\t\t\t\t\t\t\t\t\t\t<\/div>\n\t\t\t\t<\/div>\n\t\t\t\t\t<\/div>\n\t\t\t\t<\/div>\n\t\t<div class=\"elementor-element elementor-element-560f4df e-flex e-con-boxed wpr-particle-no wpr-jarallax-no wpr-parallax-no wpr-sticky-section-no e-con e-child\" data-id=\"560f4df\" data-element_type=\"container\" data-e-type=\"container\">\n\t\t\t\t\t<div class=\"e-con-inner\">\n\t\t\t\t<div class=\"elementor-element elementor-element-e9cecf4 elementor-widget elementor-widget-image\" data-id=\"e9cecf4\" data-element_type=\"widget\" data-e-type=\"widget\" data-widget_type=\"image.default\">\n\t\t\t\t<div class=\"elementor-widget-container\">\n\t\t\t\t\t\t\t\t\t\t\t\t\t\t\t<img fetchpriority=\"high\" decoding=\"async\" width=\"300\" height=\"300\" src=\"https:\/\/credaf.org\/wp-content\/uploads\/2023\/08\/Mali_DGI-300x300.jpg\" class=\"attachment-medium size-medium wp-image-10073\" alt=\"\" srcset=\"https:\/\/credaf.org\/wp-content\/uploads\/2023\/08\/Mali_DGI-300x300.jpg 300w, https:\/\/credaf.org\/wp-content\/uploads\/2023\/08\/Mali_DGI-100x100.jpg 100w, https:\/\/credaf.org\/wp-content\/uploads\/2023\/08\/Mali_DGI-600x600.jpg 600w, https:\/\/credaf.org\/wp-content\/uploads\/2023\/08\/Mali_DGI-150x150.jpg 150w, https:\/\/credaf.org\/wp-content\/uploads\/2023\/08\/Mali_DGI-768x768.jpg 768w, https:\/\/credaf.org\/wp-content\/uploads\/2023\/08\/Mali_DGI.jpg 1000w\" sizes=\"(max-width: 300px) 100vw, 300px\" \/>\t\t\t\t\t\t\t\t\t\t\t\t\t\t\t<\/div>\n\t\t\t\t<\/div>\n\t\t\t\t\t<\/div>\n\t\t\t\t<\/div>\n\t\t<div class=\"elementor-element elementor-element-a4c2812 e-flex e-con-boxed wpr-particle-no wpr-jarallax-no wpr-parallax-no wpr-sticky-section-no e-con e-child\" data-id=\"a4c2812\" data-element_type=\"container\" data-e-type=\"container\">\n\t\t\t\t\t<div class=\"e-con-inner\">\n\t\t\t\t<div class=\"elementor-element elementor-element-d0ce59c elementor-widget elementor-widget-image\" data-id=\"d0ce59c\" data-element_type=\"widget\" data-e-type=\"widget\" data-widget_type=\"image.default\">\n\t\t\t\t<div class=\"elementor-widget-container\">\n\t\t\t\t\t\t\t\t\t\t\t\t\t\t\t<img decoding=\"async\" width=\"720\" height=\"722\" src=\"https:\/\/credaf.org\/wp-content\/uploads\/2023\/08\/MALI.jpg\" class=\"attachment-large size-large wp-image-10074\" alt=\"\" srcset=\"https:\/\/credaf.org\/wp-content\/uploads\/2023\/08\/MALI.jpg 886w, https:\/\/credaf.org\/wp-content\/uploads\/2023\/08\/MALI-300x300.jpg 300w, https:\/\/credaf.org\/wp-content\/uploads\/2023\/08\/MALI-100x100.jpg 100w, https:\/\/credaf.org\/wp-content\/uploads\/2023\/08\/MALI-600x602.jpg 600w, https:\/\/credaf.org\/wp-content\/uploads\/2023\/08\/MALI-150x150.jpg 150w, https:\/\/credaf.org\/wp-content\/uploads\/2023\/08\/MALI-768x771.jpg 768w\" sizes=\"(max-width: 720px) 100vw, 720px\" \/>\t\t\t\t\t\t\t\t\t\t\t\t\t\t\t<\/div>\n\t\t\t\t<\/div>\n\t\t\t\t\t<\/div>\n\t\t\t\t<\/div>\n\t\t\t\t<\/div>\n\t\t\t\t\t<\/div>\n\t\t\t\t<\/div>\n\t\t\t\t<\/div>\n\t\t<!-- AddThis Advanced Settings generic via filter on the_content --><!-- AddThis Share Buttons generic via filter on the_content --><!-- AddThis Related Posts generic via filter on the_content -->","protected":false},"excerpt":{"rendered":"<p>La R\u00e9publique du Mali Nature du r\u00e9gime :\u00a0R\u00e9gime de transitionChef de l\u2019Etat :\u00a0M. Assimi GO\u00cfTA (depuis le 24 mai 2021)Premier ministre\u00a0: M. Choguel Kokalla MA\u00cfGA (depuis le 7 juin 2021) Administration fiscale Direction g\u00e9n\u00e9rale des Imp\u00f4ts Directeur g\u00e9n\u00e9ral\u00a0: M. Mathias KONATESite internet: https:\/\/www.dgi.gouv.ml\/ Le Mali en quelques chiffres Capitale :\u00a0BamakoSuperficie :\u00a01 241 238 km\u00b2Nombre d\u2019habitants : 24,016 millions (Ined, 2024)PIB\/hab<\/p>","protected":false},"author":13,"featured_media":0,"parent":0,"menu_order":0,"comment_status":"closed","ping_status":"closed","template":"","meta":{"_acf_changed":false,"footnotes":""},"class_list":["post-1385","page","type-page","status-publish","hentry"],"acf":[],"yoast_head":"<!-- This site is optimized with the Yoast SEO plugin v27.3 - https:\/\/yoast.com\/product\/yoast-seo-wordpress\/ -->\n<title>Mali -<\/title>\n<meta name=\"robots\" content=\"index, follow, max-snippet:-1, max-image-preview:large, max-video-preview:-1\" \/>\n<link rel=\"canonical\" href=\"https:\/\/credaf.org\/en\/mali\/\" \/>\n<meta property=\"og:locale\" content=\"en_US\" \/>\n<meta property=\"og:type\" content=\"article\" \/>\n<meta property=\"og:title\" content=\"Mali -\" \/>\n<meta property=\"og:description\" content=\"La R\u00e9publique du Mali Nature du r\u00e9gime :\u00a0R\u00e9gime de transitionChef de l\u2019Etat :\u00a0M. Assimi GO\u00cfTA (depuis le 24 mai 2021)Premier ministre\u00a0: M. Choguel Kokalla MA\u00cfGA (depuis le 7 juin 2021) Administration fiscale Direction g\u00e9n\u00e9rale des Imp\u00f4ts Directeur g\u00e9n\u00e9ral\u00a0: M. Mathias KONATESite internet: https:\/\/www.dgi.gouv.ml\/ Le Mali en quelques chiffres Capitale :\u00a0BamakoSuperficie :\u00a01 241 238 km\u00b2Nombre d\u2019habitants : 24,016 millions (Ined, 2024)PIB\/hab\" \/>\n<meta property=\"og:url\" content=\"https:\/\/credaf.org\/en\/mali\/\" \/>\n<meta property=\"article:modified_time\" content=\"2024-06-24T01:03:35+00:00\" \/>\n<meta property=\"og:image\" content=\"https:\/\/credaf.org\/wp-content\/uploads\/2023\/08\/Mali.png\" \/>\n<meta name=\"twitter:card\" content=\"summary_large_image\" \/>\n<meta name=\"twitter:label1\" content=\"Est. reading time\" \/>\n\t<meta name=\"twitter:data1\" content=\"2 minutes\" \/>\n<script type=\"application\/ld+json\" class=\"yoast-schema-graph\">{\"@context\":\"https:\\\/\\\/schema.org\",\"@graph\":[{\"@type\":\"WebPage\",\"@id\":\"https:\\\/\\\/credaf.org\\\/mali\\\/\",\"url\":\"https:\\\/\\\/credaf.org\\\/mali\\\/\",\"name\":\"Mali -\",\"isPartOf\":{\"@id\":\"https:\\\/\\\/credaf.org\\\/#website\"},\"primaryImageOfPage\":{\"@id\":\"https:\\\/\\\/credaf.org\\\/mali\\\/#primaryimage\"},\"image\":{\"@id\":\"https:\\\/\\\/credaf.org\\\/mali\\\/#primaryimage\"},\"thumbnailUrl\":\"https:\\\/\\\/credaf.org\\\/wp-content\\\/uploads\\\/2023\\\/08\\\/Mali.png\",\"datePublished\":\"2016-11-07T13:32:50+00:00\",\"dateModified\":\"2024-06-24T01:03:35+00:00\",\"breadcrumb\":{\"@id\":\"https:\\\/\\\/credaf.org\\\/mali\\\/#breadcrumb\"},\"inLanguage\":\"en-US\",\"potentialAction\":[{\"@type\":\"ReadAction\",\"target\":[\"https:\\\/\\\/credaf.org\\\/mali\\\/\"]}]},{\"@type\":\"ImageObject\",\"inLanguage\":\"en-US\",\"@id\":\"https:\\\/\\\/credaf.org\\\/mali\\\/#primaryimage\",\"url\":\"https:\\\/\\\/credaf.org\\\/wp-content\\\/uploads\\\/2023\\\/08\\\/Mali.png\",\"contentUrl\":\"https:\\\/\\\/credaf.org\\\/wp-content\\\/uploads\\\/2023\\\/08\\\/Mali.png\"},{\"@type\":\"BreadcrumbList\",\"@id\":\"https:\\\/\\\/credaf.org\\\/mali\\\/#breadcrumb\",\"itemListElement\":[{\"@type\":\"ListItem\",\"position\":1,\"name\":\"Accueil\",\"item\":\"https:\\\/\\\/credaf.org\\\/\"},{\"@type\":\"ListItem\",\"position\":2,\"name\":\"Mali\"}]},{\"@type\":\"WebSite\",\"@id\":\"https:\\\/\\\/credaf.org\\\/#website\",\"url\":\"https:\\\/\\\/credaf.org\\\/\",\"name\":\"\",\"description\":\"\",\"potentialAction\":[{\"@type\":\"SearchAction\",\"target\":{\"@type\":\"EntryPoint\",\"urlTemplate\":\"https:\\\/\\\/credaf.org\\\/?s={search_term_string}\"},\"query-input\":{\"@type\":\"PropertyValueSpecification\",\"valueRequired\":true,\"valueName\":\"search_term_string\"}}],\"inLanguage\":\"en-US\"}]}<\/script>\n<!-- \/ Yoast SEO plugin. -->","yoast_head_json":{"title":"Mali -","robots":{"index":"index","follow":"follow","max-snippet":"max-snippet:-1","max-image-preview":"max-image-preview:large","max-video-preview":"max-video-preview:-1"},"canonical":"https:\/\/credaf.org\/en\/mali\/","og_locale":"en_US","og_type":"article","og_title":"Mali -","og_description":"La R\u00e9publique du Mali Nature du r\u00e9gime :\u00a0R\u00e9gime de transitionChef de l\u2019Etat :\u00a0M. Assimi GO\u00cfTA (depuis le 24 mai 2021)Premier ministre\u00a0: M. Choguel Kokalla MA\u00cfGA (depuis le 7 juin 2021) Administration fiscale Direction g\u00e9n\u00e9rale des Imp\u00f4ts Directeur g\u00e9n\u00e9ral\u00a0: M. Mathias KONATESite internet: https:\/\/www.dgi.gouv.ml\/ Le Mali en quelques chiffres Capitale :\u00a0BamakoSuperficie :\u00a01 241 238 km\u00b2Nombre d\u2019habitants : 24,016 millions (Ined, 2024)PIB\/hab","og_url":"https:\/\/credaf.org\/en\/mali\/","article_modified_time":"2024-06-24T01:03:35+00:00","og_image":[{"url":"https:\/\/credaf.org\/wp-content\/uploads\/2023\/08\/Mali.png","type":"","width":"","height":""}],"twitter_card":"summary_large_image","twitter_misc":{"Est. reading time":"2 minutes"},"schema":{"@context":"https:\/\/schema.org","@graph":[{"@type":"WebPage","@id":"https:\/\/credaf.org\/mali\/","url":"https:\/\/credaf.org\/mali\/","name":"Mali -","isPartOf":{"@id":"https:\/\/credaf.org\/#website"},"primaryImageOfPage":{"@id":"https:\/\/credaf.org\/mali\/#primaryimage"},"image":{"@id":"https:\/\/credaf.org\/mali\/#primaryimage"},"thumbnailUrl":"https:\/\/credaf.org\/wp-content\/uploads\/2023\/08\/Mali.png","datePublished":"2016-11-07T13:32:50+00:00","dateModified":"2024-06-24T01:03:35+00:00","breadcrumb":{"@id":"https:\/\/credaf.org\/mali\/#breadcrumb"},"inLanguage":"en-US","potentialAction":[{"@type":"ReadAction","target":["https:\/\/credaf.org\/mali\/"]}]},{"@type":"ImageObject","inLanguage":"en-US","@id":"https:\/\/credaf.org\/mali\/#primaryimage","url":"https:\/\/credaf.org\/wp-content\/uploads\/2023\/08\/Mali.png","contentUrl":"https:\/\/credaf.org\/wp-content\/uploads\/2023\/08\/Mali.png"},{"@type":"BreadcrumbList","@id":"https:\/\/credaf.org\/mali\/#breadcrumb","itemListElement":[{"@type":"ListItem","position":1,"name":"Accueil","item":"https:\/\/credaf.org\/"},{"@type":"ListItem","position":2,"name":"Mali"}]},{"@type":"WebSite","@id":"https:\/\/credaf.org\/#website","url":"https:\/\/credaf.org\/","name":"","description":"","potentialAction":[{"@type":"SearchAction","target":{"@type":"EntryPoint","urlTemplate":"https:\/\/credaf.org\/?s={search_term_string}"},"query-input":{"@type":"PropertyValueSpecification","valueRequired":true,"valueName":"search_term_string"}}],"inLanguage":"en-US"}]}},"rttpg_featured_image_url":null,"rttpg_author":{"display_name":"sgcredaf","author_link":"https:\/\/credaf.org\/en\/author\/sgcredaf\/"},"rttpg_comment":0,"rttpg_category":null,"rttpg_excerpt":"La R\u00e9publique du Mali Nature du r\u00e9gime :\u00a0R\u00e9gime de transitionChef de l\u2019Etat :\u00a0M. Assimi GO\u00cfTA (depuis le 24 mai 2021)Premier ministre\u00a0: M. Choguel Kokalla MA\u00cfGA (depuis le 7 juin 2021) Administration fiscale Direction g\u00e9n\u00e9rale des Imp\u00f4ts Directeur g\u00e9n\u00e9ral\u00a0: M. Mathias KONATESite internet: https:\/\/www.dgi.gouv.ml\/ Le Mali en quelques chiffres Capitale :\u00a0BamakoSuperficie :\u00a01 241 238 km\u00b2Nombre d\u2019habitants&hellip;","_links":{"self":[{"href":"https:\/\/credaf.org\/en\/wp-json\/wp\/v2\/pages\/1385","targetHints":{"allow":["GET"]}}],"collection":[{"href":"https:\/\/credaf.org\/en\/wp-json\/wp\/v2\/pages"}],"about":[{"href":"https:\/\/credaf.org\/en\/wp-json\/wp\/v2\/types\/page"}],"author":[{"embeddable":true,"href":"https:\/\/credaf.org\/en\/wp-json\/wp\/v2\/users\/13"}],"replies":[{"embeddable":true,"href":"https:\/\/credaf.org\/en\/wp-json\/wp\/v2\/comments?post=1385"}],"version-history":[{"count":0,"href":"https:\/\/credaf.org\/en\/wp-json\/wp\/v2\/pages\/1385\/revisions"}],"wp:attachment":[{"href":"https:\/\/credaf.org\/en\/wp-json\/wp\/v2\/media?parent=1385"}],"curies":[{"name":"wp","href":"https:\/\/api.w.org\/{rel}","templated":true}]}}