{"id":1393,"date":"2016-11-07T14:44:47","date_gmt":"2016-11-07T13:44:47","guid":{"rendered":"http:\/\/credaf.org\/?page_id=1393"},"modified":"2025-01-20T23:33:02","modified_gmt":"2025-01-20T22:33:02","slug":"maroc","status":"publish","type":"page","link":"https:\/\/credaf.org\/en\/maroc\/","title":{"rendered":"Mauritania"},"content":{"rendered":"<div data-elementor-type=\"wp-page\" data-elementor-id=\"1393\" class=\"elementor elementor-1393\">\n\t\t\t\t<div class=\"elementor-element elementor-element-94fefeb e-flex e-con-boxed wpr-particle-no wpr-jarallax-no wpr-parallax-no wpr-sticky-section-no wpr-equal-height-no e-con e-parent\" data-id=\"94fefeb\" data-element_type=\"container\" data-e-type=\"container\">\n\t\t\t\t\t<div class=\"e-con-inner\">\n\t\t\t\t<div class=\"elementor-element elementor-element-d7f64cd elementor-widget elementor-widget-heading\" data-id=\"d7f64cd\" data-element_type=\"widget\" data-e-type=\"widget\" data-widget_type=\"heading.default\">\n\t\t\t\t<div class=\"elementor-widget-container\">\n\t\t\t\t\t<h2 class=\"elementor-heading-title elementor-size-default\">Le Royaume du Maroc<\/h2>\t\t\t\t<\/div>\n\t\t\t\t<\/div>\n\t\t\t\t\t<\/div>\n\t\t\t\t<\/div>\n\t\t<div class=\"elementor-element elementor-element-278737b e-flex e-con-boxed wpr-particle-no wpr-jarallax-no wpr-parallax-no wpr-sticky-section-no wpr-equal-height-no e-con e-parent\" data-id=\"278737b\" data-element_type=\"container\" data-e-type=\"container\">\n\t\t\t\t\t<div class=\"e-con-inner\">\n\t\t<div class=\"elementor-element elementor-element-8f5118f e-con-full e-flex wpr-particle-no wpr-jarallax-no wpr-parallax-no wpr-sticky-section-no wpr-equal-height-no e-con e-child\" data-id=\"8f5118f\" data-element_type=\"container\" data-e-type=\"container\">\n\t\t\t\t<div class=\"elementor-element elementor-element-097b5e7 elementor-widget elementor-widget-text-editor\" data-id=\"097b5e7\" data-element_type=\"widget\" data-e-type=\"widget\" data-widget_type=\"text-editor.default\">\n\t\t\t\t<div class=\"elementor-widget-container\">\n\t\t\t\t\t\t\t\t\t<p><span style=\"font-weight: bold; color: var( --e-global-color-text ); font-family: var( --e-global-typography-text-font-family ), Sans-serif;\">Nature du r\u00e9gime :<\/span><span style=\"color: var( --e-global-color-text ); font-family: var( --e-global-typography-text-font-family ), Sans-serif; font-weight: var( --e-global-typography-text-font-weight );\">\u00a0Monarchie constitutionnelle parlementaire unitaire r\u00e9gionalis\u00e9e<br \/><\/span><span style=\"font-weight: bold;\">Roi :<\/span>\u00a0Mohammed VI <em>(intronis\u00e9 le 30 juillet 1999)<br \/><\/em><span style=\"font-weight: bold;\">Chef du Gouvernement :<\/span> M. Aziz Akhannouch (depuis le\u00a0<em>7 octobre 2021<\/em>)<\/p><h4><span style=\"color: #030303; font-family: Roboto; font-size: 24px; font-weight: 600;\">Administration fiscale<\/span><\/h4><p>Direction g\u00e9n\u00e9rale des Imp\u00f4ts<\/p><p><span style=\"font-weight: bold;\">Directeur g\u00e9n\u00e9ral<\/span> : M. Idrissi Kaitouni<br \/><span style=\"font-weight: bold;\">Site Internet: <\/span><a href=\"http:\/\/portail.tax.gov.ma\/wps\/portal\/DGI\/Accueil\/!ut\/p\/z1\/04_Sj9CPykssy0xPLMnMz0vMAfIjo8zizSwdnQ2NvQ18LEwMzQ0cXcOMA_x8zA0snAz0wwkp\">http:\/\/portail.tax.gov.ma<\/a><\/p><h4>Le Maroc en quelques chiffres<\/h4><p><span style=\"font-weight: bold;\">Capitale :<\/span>\u00a0Rabat<br \/><span style=\"font-weight: bold;\">Superficie :<\/span>\u00a0446 550 km\u00b2<br \/><span style=\"font-weight: bold;\">Nombre d&rsquo;habitants :<\/span> 38,211 millions (Ined, 2024)<br \/><span style=\"font-weight: bold;\">PIB\/hab :<\/span> 4 080 US$ (FMI, 2024)<\/p><p>Nos partenaires que sont l&rsquo;OCDE et le PNUD, r\u00e9digent, en collaboration avec le Groupe de la Banque Africaine de D\u00e9veloppement, des publications sur les perspectives \u00e9conomiques des pays africains.<\/p><p>Pour en savoir plus sur l&rsquo;\u00e9volution de la conjoncture \u00e9conomique du Maroc,\u00a0<a href=\"http:\/\/www.africaneconomicoutlook.org\/fr\/notes-pays\/maroc\" target=\"_blank\" rel=\"noopener noreferrer\">click here<\/a>.<\/p>\t\t\t\t\t\t\t\t<\/div>\n\t\t\t\t<\/div>\n\t\t\t\t<\/div>\n\t\t<div class=\"elementor-element elementor-element-63d6fd9 e-con-full e-flex wpr-particle-no wpr-jarallax-no wpr-parallax-no wpr-sticky-section-no wpr-equal-height-no e-con e-child\" data-id=\"63d6fd9\" data-element_type=\"container\" data-e-type=\"container\">\n\t\t<div class=\"elementor-element elementor-element-5d965d6 e-flex e-con-boxed wpr-particle-no wpr-jarallax-no wpr-parallax-no wpr-sticky-section-no wpr-equal-height-no e-con e-child\" data-id=\"5d965d6\" data-element_type=\"container\" data-e-type=\"container\">\n\t\t\t\t\t<div class=\"e-con-inner\">\n\t\t\t\t<div class=\"elementor-element elementor-element-4aeb6ad elementor-widget elementor-widget-image\" data-id=\"4aeb6ad\" data-element_type=\"widget\" data-e-type=\"widget\" data-widget_type=\"image.default\">\n\t\t\t\t<div class=\"elementor-widget-container\">\n\t\t\t\t\t\t\t\t\t\t\t\t\t\t\t<img decoding=\"async\" width=\"125\" height=\"83\" src=\"https:\/\/credaf.org\/wp-content\/uploads\/2023\/08\/Maroc.png\" class=\"attachment-large size-large wp-image-10064\" alt=\"\" \/>\t\t\t\t\t\t\t\t\t\t\t\t\t\t\t<\/div>\n\t\t\t\t<\/div>\n\t\t\t\t\t<\/div>\n\t\t\t\t<\/div>\n\t\t<div class=\"elementor-element elementor-element-08d84c6 e-flex e-con-boxed wpr-particle-no wpr-jarallax-no wpr-parallax-no wpr-sticky-section-no wpr-equal-height-no e-con e-child\" data-id=\"08d84c6\" data-element_type=\"container\" data-e-type=\"container\">\n\t\t\t\t\t<div class=\"e-con-inner\">\n\t\t\t\t<div class=\"elementor-element elementor-element-f593e64 elementor-widget elementor-widget-image\" data-id=\"f593e64\" data-element_type=\"widget\" data-e-type=\"widget\" data-widget_type=\"image.default\">\n\t\t\t\t<div class=\"elementor-widget-container\">\n\t\t\t\t\t\t\t\t\t\t\t\t\t\t\t<img decoding=\"async\" width=\"300\" height=\"140\" src=\"https:\/\/credaf.org\/wp-content\/uploads\/2023\/08\/Maroc_DGI-300x140.jpg\" class=\"attachment-medium size-medium wp-image-10065\" alt=\"\" srcset=\"https:\/\/credaf.org\/wp-content\/uploads\/2023\/08\/Maroc_DGI-300x140.jpg 300w, https:\/\/credaf.org\/wp-content\/uploads\/2023\/08\/Maroc_DGI-600x280.jpg 600w, https:\/\/credaf.org\/wp-content\/uploads\/2023\/08\/Maroc_DGI-1024x478.jpg 1024w, https:\/\/credaf.org\/wp-content\/uploads\/2023\/08\/Maroc_DGI-768x359.jpg 768w, https:\/\/credaf.org\/wp-content\/uploads\/2023\/08\/Maroc_DGI.jpg 1056w\" sizes=\"(max-width: 300px) 100vw, 300px\" \/>\t\t\t\t\t\t\t\t\t\t\t\t\t\t\t<\/div>\n\t\t\t\t<\/div>\n\t\t\t\t\t<\/div>\n\t\t\t\t<\/div>\n\t\t<div class=\"elementor-element elementor-element-8e29a05 e-flex e-con-boxed wpr-particle-no wpr-jarallax-no wpr-parallax-no wpr-sticky-section-no wpr-equal-height-no e-con e-child\" data-id=\"8e29a05\" data-element_type=\"container\" data-e-type=\"container\">\n\t\t\t\t\t<div class=\"e-con-inner\">\n\t\t\t\t\t<\/div>\n\t\t\t\t<\/div>\n\t\t\t\t<\/div>\n\t\t\t\t\t<\/div>\n\t\t\t\t<\/div>\n\t\t\t\t<\/div>\n\t\t<!-- AddThis Advanced Settings generic via filter on the_content --><!-- AddThis Share Buttons generic via filter on the_content --><!-- AddThis Related Posts generic via filter on the_content -->","protected":false},"excerpt":{"rendered":"<p>Le Royaume du Maroc Nature du r\u00e9gime :\u00a0Monarchie constitutionnelle parlementaire unitaire r\u00e9gionalis\u00e9eRoi :\u00a0Mohammed VI (intronis\u00e9 le 30 juillet 1999)Chef du Gouvernement : M. Aziz Akhannouch (depuis le\u00a07 octobre 2021) Administration fiscale Direction g\u00e9n\u00e9rale des Imp\u00f4ts Directeur g\u00e9n\u00e9ral : M. Idrissi KaitouniSite Internet: http:\/\/portail.tax.gov.ma Le Maroc en quelques chiffres Capitale :\u00a0RabatSuperficie :\u00a0446 550 km\u00b2Nombre d&rsquo;habitants : 38,211 millions (Ined, 2024)PIB\/hab :<\/p>","protected":false},"author":13,"featured_media":0,"parent":0,"menu_order":0,"comment_status":"closed","ping_status":"closed","template":"","meta":{"_acf_changed":false,"footnotes":""},"class_list":["post-1393","page","type-page","status-publish","hentry"],"acf":[],"yoast_head":"<!-- This site is optimized with the Yoast SEO plugin v27.4 - https:\/\/yoast.com\/product\/yoast-seo-wordpress\/ -->\n<title>Maroc -<\/title>\n<meta name=\"robots\" content=\"index, follow, max-snippet:-1, max-image-preview:large, max-video-preview:-1\" \/>\n<link rel=\"canonical\" href=\"https:\/\/credaf.org\/en\/maroc\/\" \/>\n<meta property=\"og:locale\" content=\"en_US\" \/>\n<meta property=\"og:type\" content=\"article\" \/>\n<meta property=\"og:title\" content=\"Maroc -\" \/>\n<meta property=\"og:description\" content=\"Le Royaume du Maroc Nature du r\u00e9gime :\u00a0Monarchie constitutionnelle parlementaire unitaire r\u00e9gionalis\u00e9eRoi :\u00a0Mohammed VI (intronis\u00e9 le 30 juillet 1999)Chef du Gouvernement : M. Aziz Akhannouch (depuis le\u00a07 octobre 2021) Administration fiscale Direction g\u00e9n\u00e9rale des Imp\u00f4ts Directeur g\u00e9n\u00e9ral : M. Idrissi KaitouniSite Internet: http:\/\/portail.tax.gov.ma Le Maroc en quelques chiffres Capitale :\u00a0RabatSuperficie :\u00a0446 550 km\u00b2Nombre d&rsquo;habitants : 38,211 millions (Ined, 2024)PIB\/hab :\" \/>\n<meta property=\"og:url\" content=\"https:\/\/credaf.org\/en\/maroc\/\" \/>\n<meta property=\"article:modified_time\" content=\"2025-01-20T22:33:02+00:00\" \/>\n<meta property=\"og:image\" content=\"https:\/\/credaf.org\/wp-content\/uploads\/2023\/08\/Maroc.png\" \/>\n<meta name=\"twitter:card\" content=\"summary_large_image\" \/>\n<meta name=\"twitter:label1\" content=\"Est. reading time\" \/>\n\t<meta name=\"twitter:data1\" content=\"2 minutes\" \/>\n<script type=\"application\/ld+json\" class=\"yoast-schema-graph\">{\"@context\":\"https:\\\/\\\/schema.org\",\"@graph\":[{\"@type\":\"WebPage\",\"@id\":\"https:\\\/\\\/credaf.org\\\/maroc\\\/\",\"url\":\"https:\\\/\\\/credaf.org\\\/maroc\\\/\",\"name\":\"Maroc -\",\"isPartOf\":{\"@id\":\"https:\\\/\\\/credaf.org\\\/#website\"},\"primaryImageOfPage\":{\"@id\":\"https:\\\/\\\/credaf.org\\\/maroc\\\/#primaryimage\"},\"image\":{\"@id\":\"https:\\\/\\\/credaf.org\\\/maroc\\\/#primaryimage\"},\"thumbnailUrl\":\"https:\\\/\\\/credaf.org\\\/wp-content\\\/uploads\\\/2023\\\/08\\\/Maroc.png\",\"datePublished\":\"2016-11-07T13:44:47+00:00\",\"dateModified\":\"2025-01-20T22:33:02+00:00\",\"breadcrumb\":{\"@id\":\"https:\\\/\\\/credaf.org\\\/maroc\\\/#breadcrumb\"},\"inLanguage\":\"en-US\",\"potentialAction\":[{\"@type\":\"ReadAction\",\"target\":[\"https:\\\/\\\/credaf.org\\\/maroc\\\/\"]}]},{\"@type\":\"ImageObject\",\"inLanguage\":\"en-US\",\"@id\":\"https:\\\/\\\/credaf.org\\\/maroc\\\/#primaryimage\",\"url\":\"https:\\\/\\\/credaf.org\\\/wp-content\\\/uploads\\\/2023\\\/08\\\/Maroc.png\",\"contentUrl\":\"https:\\\/\\\/credaf.org\\\/wp-content\\\/uploads\\\/2023\\\/08\\\/Maroc.png\"},{\"@type\":\"BreadcrumbList\",\"@id\":\"https:\\\/\\\/credaf.org\\\/maroc\\\/#breadcrumb\",\"itemListElement\":[{\"@type\":\"ListItem\",\"position\":1,\"name\":\"Accueil\",\"item\":\"https:\\\/\\\/credaf.org\\\/\"},{\"@type\":\"ListItem\",\"position\":2,\"name\":\"Maroc\"}]},{\"@type\":\"WebSite\",\"@id\":\"https:\\\/\\\/credaf.org\\\/#website\",\"url\":\"https:\\\/\\\/credaf.org\\\/\",\"name\":\"\",\"description\":\"\",\"potentialAction\":[{\"@type\":\"SearchAction\",\"target\":{\"@type\":\"EntryPoint\",\"urlTemplate\":\"https:\\\/\\\/credaf.org\\\/?s={search_term_string}\"},\"query-input\":{\"@type\":\"PropertyValueSpecification\",\"valueRequired\":true,\"valueName\":\"search_term_string\"}}],\"inLanguage\":\"en-US\"}]}<\/script>\n<!-- \/ Yoast SEO plugin. -->","yoast_head_json":{"title":"Maroc -","robots":{"index":"index","follow":"follow","max-snippet":"max-snippet:-1","max-image-preview":"max-image-preview:large","max-video-preview":"max-video-preview:-1"},"canonical":"https:\/\/credaf.org\/en\/maroc\/","og_locale":"en_US","og_type":"article","og_title":"Maroc -","og_description":"Le Royaume du Maroc Nature du r\u00e9gime :\u00a0Monarchie constitutionnelle parlementaire unitaire r\u00e9gionalis\u00e9eRoi :\u00a0Mohammed VI (intronis\u00e9 le 30 juillet 1999)Chef du Gouvernement : M. Aziz Akhannouch (depuis le\u00a07 octobre 2021) Administration fiscale Direction g\u00e9n\u00e9rale des Imp\u00f4ts Directeur g\u00e9n\u00e9ral : M. Idrissi KaitouniSite Internet: http:\/\/portail.tax.gov.ma Le Maroc en quelques chiffres Capitale :\u00a0RabatSuperficie :\u00a0446 550 km\u00b2Nombre d&rsquo;habitants : 38,211 millions (Ined, 2024)PIB\/hab :","og_url":"https:\/\/credaf.org\/en\/maroc\/","article_modified_time":"2025-01-20T22:33:02+00:00","og_image":[{"url":"https:\/\/credaf.org\/wp-content\/uploads\/2023\/08\/Maroc.png","type":"","width":"","height":""}],"twitter_card":"summary_large_image","twitter_misc":{"Est. reading time":"2 minutes"},"schema":{"@context":"https:\/\/schema.org","@graph":[{"@type":"WebPage","@id":"https:\/\/credaf.org\/maroc\/","url":"https:\/\/credaf.org\/maroc\/","name":"Maroc -","isPartOf":{"@id":"https:\/\/credaf.org\/#website"},"primaryImageOfPage":{"@id":"https:\/\/credaf.org\/maroc\/#primaryimage"},"image":{"@id":"https:\/\/credaf.org\/maroc\/#primaryimage"},"thumbnailUrl":"https:\/\/credaf.org\/wp-content\/uploads\/2023\/08\/Maroc.png","datePublished":"2016-11-07T13:44:47+00:00","dateModified":"2025-01-20T22:33:02+00:00","breadcrumb":{"@id":"https:\/\/credaf.org\/maroc\/#breadcrumb"},"inLanguage":"en-US","potentialAction":[{"@type":"ReadAction","target":["https:\/\/credaf.org\/maroc\/"]}]},{"@type":"ImageObject","inLanguage":"en-US","@id":"https:\/\/credaf.org\/maroc\/#primaryimage","url":"https:\/\/credaf.org\/wp-content\/uploads\/2023\/08\/Maroc.png","contentUrl":"https:\/\/credaf.org\/wp-content\/uploads\/2023\/08\/Maroc.png"},{"@type":"BreadcrumbList","@id":"https:\/\/credaf.org\/maroc\/#breadcrumb","itemListElement":[{"@type":"ListItem","position":1,"name":"Accueil","item":"https:\/\/credaf.org\/"},{"@type":"ListItem","position":2,"name":"Maroc"}]},{"@type":"WebSite","@id":"https:\/\/credaf.org\/#website","url":"https:\/\/credaf.org\/","name":"","description":"","potentialAction":[{"@type":"SearchAction","target":{"@type":"EntryPoint","urlTemplate":"https:\/\/credaf.org\/?s={search_term_string}"},"query-input":{"@type":"PropertyValueSpecification","valueRequired":true,"valueName":"search_term_string"}}],"inLanguage":"en-US"}]}},"rttpg_featured_image_url":null,"rttpg_author":{"display_name":"sgcredaf","author_link":"https:\/\/credaf.org\/en\/author\/sgcredaf\/"},"rttpg_comment":0,"rttpg_category":null,"rttpg_excerpt":"Le Royaume du Maroc Nature du r\u00e9gime :\u00a0Monarchie constitutionnelle parlementaire unitaire r\u00e9gionalis\u00e9eRoi :\u00a0Mohammed VI (intronis\u00e9 le 30 juillet 1999)Chef du Gouvernement : M. Aziz Akhannouch (depuis le\u00a07 octobre 2021) Administration fiscale Direction g\u00e9n\u00e9rale des Imp\u00f4ts Directeur g\u00e9n\u00e9ral : M. Idrissi KaitouniSite Internet: http:\/\/portail.tax.gov.ma Le Maroc en quelques chiffres Capitale :\u00a0RabatSuperficie :\u00a0446 550 km\u00b2Nombre d&rsquo;habitants :&hellip;","_links":{"self":[{"href":"https:\/\/credaf.org\/en\/wp-json\/wp\/v2\/pages\/1393","targetHints":{"allow":["GET"]}}],"collection":[{"href":"https:\/\/credaf.org\/en\/wp-json\/wp\/v2\/pages"}],"about":[{"href":"https:\/\/credaf.org\/en\/wp-json\/wp\/v2\/types\/page"}],"author":[{"embeddable":true,"href":"https:\/\/credaf.org\/en\/wp-json\/wp\/v2\/users\/13"}],"replies":[{"embeddable":true,"href":"https:\/\/credaf.org\/en\/wp-json\/wp\/v2\/comments?post=1393"}],"version-history":[{"count":0,"href":"https:\/\/credaf.org\/en\/wp-json\/wp\/v2\/pages\/1393\/revisions"}],"wp:attachment":[{"href":"https:\/\/credaf.org\/en\/wp-json\/wp\/v2\/media?parent=1393"}],"curies":[{"name":"wp","href":"https:\/\/api.w.org\/{rel}","templated":true}]}}