{"id":1400,"date":"2016-11-07T15:20:03","date_gmt":"2016-11-07T14:20:03","guid":{"rendered":"http:\/\/credaf.org\/?page_id=1400"},"modified":"2024-06-24T07:09:17","modified_gmt":"2024-06-24T05:09:17","slug":"mauritanie","status":"publish","type":"page","link":"https:\/\/credaf.org\/en\/mauritanie\/","title":{"rendered":"Mauritanie"},"content":{"rendered":"<div data-elementor-type=\"wp-page\" data-elementor-id=\"1400\" class=\"elementor elementor-1400\">\n\t\t\t\t<div class=\"elementor-element elementor-element-dc78e36 e-flex e-con-boxed wpr-particle-no wpr-jarallax-no wpr-parallax-no wpr-sticky-section-no wpr-equal-height-no e-con e-parent\" data-id=\"dc78e36\" data-element_type=\"container\" data-e-type=\"container\">\n\t\t\t\t\t<div class=\"e-con-inner\">\n\t\t\t\t<div class=\"elementor-element elementor-element-ee1346a elementor-widget elementor-widget-heading\" data-id=\"ee1346a\" data-element_type=\"widget\" data-e-type=\"widget\" data-widget_type=\"heading.default\">\n\t\t\t\t<div class=\"elementor-widget-container\">\n\t\t\t\t\t<h2 class=\"elementor-heading-title elementor-size-default\">La R\u00e9publique Islamique de Mauritanie<\/h2>\t\t\t\t<\/div>\n\t\t\t\t<\/div>\n\t\t\t\t\t<\/div>\n\t\t\t\t<\/div>\n\t\t<div class=\"elementor-element elementor-element-8adac10 e-flex e-con-boxed wpr-particle-no wpr-jarallax-no wpr-parallax-no wpr-sticky-section-no wpr-equal-height-no e-con e-parent\" data-id=\"8adac10\" data-element_type=\"container\" data-e-type=\"container\">\n\t\t\t\t\t<div class=\"e-con-inner\">\n\t\t<div class=\"elementor-element elementor-element-2228808 e-con-full e-flex wpr-particle-no wpr-jarallax-no wpr-parallax-no wpr-sticky-section-no wpr-equal-height-no e-con e-child\" data-id=\"2228808\" data-element_type=\"container\" data-e-type=\"container\">\n\t\t\t\t<div class=\"elementor-element elementor-element-c193adc elementor-widget elementor-widget-text-editor\" data-id=\"c193adc\" data-element_type=\"widget\" data-e-type=\"widget\" data-widget_type=\"text-editor.default\">\n\t\t\t\t<div class=\"elementor-widget-container\">\n\t\t\t\t\t\t\t\t\t<p><span style=\"font-weight: bold; color: var( --e-global-color-text ); font-family: var( --e-global-typography-text-font-family ), Sans-serif;\">Nature du r\u00e9gime :<\/span><span style=\"color: var( --e-global-color-text ); font-family: var( --e-global-typography-text-font-family ), Sans-serif; font-weight: var( --e-global-typography-text-font-weight );\">\u00a0R\u00e9publique islamique<br \/><\/span><span style=\"font-weight: bold;\">Chef de l\u2019Etat :<\/span> M. Mohamed Ould GHAZOUANI <em>(depuis le 1er ao\u00fbt 2019)<br \/><\/em><span style=\"font-weight: bold;\">Premier ministre<\/span>\u00a0: M. Mohamed Ould BILAL <em>(depuis le 6 ao\u00fbt 2020)<\/em><\/p><h4>Administration fiscale<\/h4><p>Direction g\u00e9n\u00e9rale des Imp\u00f4ts<\/p><p><span style=\"font-weight: bold;\">Directeur g\u00e9n\u00e9ral<\/span>\u00a0:\u00a0<span class=\"JsGRdQ\">M. Ely Ould Teiss<br \/><\/span><span style=\"font-weight: bold;\">Site internet: <\/span><a href=\"http:\/\/www.impots.gov.mr\/\">http:\/\/www.impots.gov.mr\/<\/a><\/p><h4>La Mauritanie en quelques chiffres<\/h4><p><span style=\"font-weight: bold;\">Capitale :<\/span>\u00a0Nouakchott<br \/><span style=\"font-weight: bold;\">Superficie :<\/span>\u00a01 030 700 km\u00b2<br \/><span style=\"font-weight: bold;\">Nombre d\u2019habitants :<\/span> 4,994 millions (Ined, 2024)<br \/><span style=\"font-weight: bold;\">PIB\/hab\u00a0 :<\/span> 2 350 US$ (FMI, 2024)<\/p><p>L\u2019OCDE et le PNUD ont produit des publications sur les perspectives \u00e9conomiques des pays africains en partenariat avec la Banque africaine de d\u00e9veloppement.<\/p><p>Pour en savoir plus sur la situation \u00e9conomique de la Mauritanie,\u00a0<a href=\"https:\/\/www.afdb.org\/fr\/countries\/north-africa\/mauritania\">click here<\/a>.<\/p>\t\t\t\t\t\t\t\t<\/div>\n\t\t\t\t<\/div>\n\t\t\t\t<\/div>\n\t\t<div class=\"elementor-element elementor-element-7f3887a e-con-full e-flex wpr-particle-no wpr-jarallax-no wpr-parallax-no wpr-sticky-section-no wpr-equal-height-no e-con e-child\" data-id=\"7f3887a\" data-element_type=\"container\" data-e-type=\"container\">\n\t\t<div class=\"elementor-element elementor-element-d3a4731 e-flex e-con-boxed wpr-particle-no wpr-jarallax-no wpr-parallax-no wpr-sticky-section-no wpr-equal-height-no e-con e-child\" data-id=\"d3a4731\" data-element_type=\"container\" data-e-type=\"container\">\n\t\t\t\t\t<div class=\"e-con-inner\">\n\t\t\t\t<div class=\"elementor-element elementor-element-286e856 elementor-widget elementor-widget-image\" data-id=\"286e856\" data-element_type=\"widget\" data-e-type=\"widget\" data-widget_type=\"image.default\">\n\t\t\t\t<div class=\"elementor-widget-container\">\n\t\t\t\t\t\t\t\t\t\t\t\t\t\t\t<img decoding=\"async\" width=\"150\" height=\"100\" src=\"https:\/\/credaf.org\/wp-content\/uploads\/2023\/08\/drapeau-mauritanie-e1643644526165.png\" class=\"attachment-large size-large wp-image-10054\" alt=\"\" \/>\t\t\t\t\t\t\t\t\t\t\t\t\t\t\t<\/div>\n\t\t\t\t<\/div>\n\t\t\t\t\t<\/div>\n\t\t\t\t<\/div>\n\t\t<div class=\"elementor-element elementor-element-8ae2164 e-flex e-con-boxed wpr-particle-no wpr-jarallax-no wpr-parallax-no wpr-sticky-section-no wpr-equal-height-no e-con e-child\" data-id=\"8ae2164\" data-element_type=\"container\" data-e-type=\"container\">\n\t\t\t\t\t<div class=\"e-con-inner\">\n\t\t\t\t<div class=\"elementor-element elementor-element-b33c074 elementor-widget elementor-widget-image\" data-id=\"b33c074\" data-element_type=\"widget\" data-e-type=\"widget\" data-widget_type=\"image.default\">\n\t\t\t\t<div class=\"elementor-widget-container\">\n\t\t\t\t\t\t\t\t\t\t\t\t\t\t\t<img decoding=\"async\" width=\"175\" height=\"175\" src=\"https:\/\/credaf.org\/wp-content\/uploads\/2023\/08\/Mauritanie-2-e1643644734753.jpg\" class=\"attachment-large size-large wp-image-10056\" alt=\"\" srcset=\"https:\/\/credaf.org\/wp-content\/uploads\/2023\/08\/Mauritanie-2-e1643644734753.jpg 175w, https:\/\/credaf.org\/wp-content\/uploads\/2023\/08\/Mauritanie-2-e1643644734753-100x100.jpg 100w, https:\/\/credaf.org\/wp-content\/uploads\/2023\/08\/Mauritanie-2-e1643644734753-150x150.jpg 150w\" sizes=\"(max-width: 175px) 100vw, 175px\" \/>\t\t\t\t\t\t\t\t\t\t\t\t\t\t\t<\/div>\n\t\t\t\t<\/div>\n\t\t\t\t\t<\/div>\n\t\t\t\t<\/div>\n\t\t<div class=\"elementor-element elementor-element-77b90ca e-flex e-con-boxed wpr-particle-no wpr-jarallax-no wpr-parallax-no wpr-sticky-section-no wpr-equal-height-no e-con e-child\" data-id=\"77b90ca\" data-element_type=\"container\" data-e-type=\"container\">\n\t\t\t\t\t<div class=\"e-con-inner\">\n\t\t\t\t<div class=\"elementor-element elementor-element-8ae8fc6 elementor-widget elementor-widget-image\" data-id=\"8ae8fc6\" data-element_type=\"widget\" data-e-type=\"widget\" data-widget_type=\"image.default\">\n\t\t\t\t<div class=\"elementor-widget-container\">\n\t\t\t\t\t\t\t\t\t\t\t\t\t\t\t<img fetchpriority=\"high\" decoding=\"async\" width=\"225\" height=\"225\" src=\"https:\/\/credaf.org\/wp-content\/uploads\/2023\/08\/Mauritanie.jpg\" class=\"attachment-large size-large wp-image-10055\" alt=\"\" srcset=\"https:\/\/credaf.org\/wp-content\/uploads\/2023\/08\/Mauritanie.jpg 225w, https:\/\/credaf.org\/wp-content\/uploads\/2023\/08\/Mauritanie-100x100.jpg 100w, https:\/\/credaf.org\/wp-content\/uploads\/2023\/08\/Mauritanie-150x150.jpg 150w\" sizes=\"(max-width: 225px) 100vw, 225px\" \/>\t\t\t\t\t\t\t\t\t\t\t\t\t\t\t<\/div>\n\t\t\t\t<\/div>\n\t\t\t\t\t<\/div>\n\t\t\t\t<\/div>\n\t\t\t\t<\/div>\n\t\t\t\t\t<\/div>\n\t\t\t\t<\/div>\n\t\t\t\t<section class=\"elementor-section elementor-top-section elementor-element elementor-element-547e1f3d elementor-section-boxed elementor-section-height-default elementor-section-height-default wpr-particle-no wpr-jarallax-no wpr-parallax-no wpr-sticky-section-no wpr-equal-height-no\" data-id=\"547e1f3d\" data-element_type=\"section\" data-e-type=\"section\">\n\t\t\t\t\t\t<div class=\"elementor-container elementor-column-gap-default\">\n\t\t\t\t\t<div class=\"elementor-column elementor-col-100 elementor-top-column elementor-element elementor-element-5ffd8318\" data-id=\"5ffd8318\" data-element_type=\"column\" data-e-type=\"column\">\n\t\t\t<div class=\"elementor-widget-wrap elementor-element-populated\">\n\t\t\t\t\t\t\t<\/div>\n\t\t<\/div>\n\t\t\t\t\t<\/div>\n\t\t<\/section>\n\t\t\t\t<\/div>\n\t\t<!-- AddThis Advanced Settings generic via filter on the_content --><!-- AddThis Share Buttons generic via filter on the_content --><!-- AddThis Related Posts generic via filter on the_content -->","protected":false},"excerpt":{"rendered":"<p>La R\u00e9publique Islamique de Mauritanie Nature du r\u00e9gime :\u00a0R\u00e9publique islamiqueChef de l\u2019Etat : M. Mohamed Ould GHAZOUANI (depuis le 1er ao\u00fbt 2019)Premier ministre\u00a0: M. Mohamed Ould BILAL (depuis le 6 ao\u00fbt 2020) Administration fiscale Direction g\u00e9n\u00e9rale des Imp\u00f4ts Directeur g\u00e9n\u00e9ral\u00a0:\u00a0M. Ely Ould TeissSite internet: http:\/\/www.impots.gov.mr\/ La Mauritanie en quelques chiffres Capitale :\u00a0NouakchottSuperficie :\u00a01 030 700 km\u00b2Nombre d\u2019habitants : 4,994 millions<\/p>","protected":false},"author":13,"featured_media":0,"parent":0,"menu_order":0,"comment_status":"closed","ping_status":"closed","template":"","meta":{"_acf_changed":false,"footnotes":""},"class_list":["post-1400","page","type-page","status-publish","hentry"],"acf":[],"yoast_head":"<!-- This site is optimized with the Yoast SEO plugin v27.4 - https:\/\/yoast.com\/product\/yoast-seo-wordpress\/ -->\n<title>Mauritanie -<\/title>\n<meta name=\"robots\" content=\"index, follow, max-snippet:-1, max-image-preview:large, max-video-preview:-1\" \/>\n<link rel=\"canonical\" href=\"https:\/\/credaf.org\/en\/mauritanie\/\" \/>\n<meta property=\"og:locale\" content=\"en_US\" \/>\n<meta property=\"og:type\" content=\"article\" \/>\n<meta property=\"og:title\" content=\"Mauritanie -\" \/>\n<meta property=\"og:description\" content=\"La R\u00e9publique Islamique de Mauritanie Nature du r\u00e9gime :\u00a0R\u00e9publique islamiqueChef de l\u2019Etat : M. Mohamed Ould GHAZOUANI (depuis le 1er ao\u00fbt 2019)Premier ministre\u00a0: M. Mohamed Ould BILAL (depuis le 6 ao\u00fbt 2020) Administration fiscale Direction g\u00e9n\u00e9rale des Imp\u00f4ts Directeur g\u00e9n\u00e9ral\u00a0:\u00a0M. Ely Ould TeissSite internet: http:\/\/www.impots.gov.mr\/ La Mauritanie en quelques chiffres Capitale :\u00a0NouakchottSuperficie :\u00a01 030 700 km\u00b2Nombre d\u2019habitants : 4,994 millions\" \/>\n<meta property=\"og:url\" content=\"https:\/\/credaf.org\/en\/mauritanie\/\" \/>\n<meta property=\"article:modified_time\" content=\"2024-06-24T05:09:17+00:00\" \/>\n<meta property=\"og:image\" content=\"https:\/\/credaf.org\/wp-content\/uploads\/2023\/08\/drapeau-mauritanie-e1643644526165.png\" \/>\n<meta name=\"twitter:card\" content=\"summary_large_image\" \/>\n<meta name=\"twitter:label1\" content=\"Est. reading time\" \/>\n\t<meta name=\"twitter:data1\" content=\"2 minutes\" \/>\n<script type=\"application\/ld+json\" class=\"yoast-schema-graph\">{\"@context\":\"https:\\\/\\\/schema.org\",\"@graph\":[{\"@type\":\"WebPage\",\"@id\":\"https:\\\/\\\/credaf.org\\\/mauritanie\\\/\",\"url\":\"https:\\\/\\\/credaf.org\\\/mauritanie\\\/\",\"name\":\"Mauritanie -\",\"isPartOf\":{\"@id\":\"https:\\\/\\\/credaf.org\\\/#website\"},\"primaryImageOfPage\":{\"@id\":\"https:\\\/\\\/credaf.org\\\/mauritanie\\\/#primaryimage\"},\"image\":{\"@id\":\"https:\\\/\\\/credaf.org\\\/mauritanie\\\/#primaryimage\"},\"thumbnailUrl\":\"https:\\\/\\\/credaf.org\\\/wp-content\\\/uploads\\\/2023\\\/08\\\/drapeau-mauritanie-e1643644526165.png\",\"datePublished\":\"2016-11-07T14:20:03+00:00\",\"dateModified\":\"2024-06-24T05:09:17+00:00\",\"breadcrumb\":{\"@id\":\"https:\\\/\\\/credaf.org\\\/mauritanie\\\/#breadcrumb\"},\"inLanguage\":\"en-US\",\"potentialAction\":[{\"@type\":\"ReadAction\",\"target\":[\"https:\\\/\\\/credaf.org\\\/mauritanie\\\/\"]}]},{\"@type\":\"ImageObject\",\"inLanguage\":\"en-US\",\"@id\":\"https:\\\/\\\/credaf.org\\\/mauritanie\\\/#primaryimage\",\"url\":\"https:\\\/\\\/credaf.org\\\/wp-content\\\/uploads\\\/2023\\\/08\\\/drapeau-mauritanie-e1643644526165.png\",\"contentUrl\":\"https:\\\/\\\/credaf.org\\\/wp-content\\\/uploads\\\/2023\\\/08\\\/drapeau-mauritanie-e1643644526165.png\"},{\"@type\":\"BreadcrumbList\",\"@id\":\"https:\\\/\\\/credaf.org\\\/mauritanie\\\/#breadcrumb\",\"itemListElement\":[{\"@type\":\"ListItem\",\"position\":1,\"name\":\"Accueil\",\"item\":\"https:\\\/\\\/credaf.org\\\/\"},{\"@type\":\"ListItem\",\"position\":2,\"name\":\"Mauritanie\"}]},{\"@type\":\"WebSite\",\"@id\":\"https:\\\/\\\/credaf.org\\\/#website\",\"url\":\"https:\\\/\\\/credaf.org\\\/\",\"name\":\"\",\"description\":\"\",\"potentialAction\":[{\"@type\":\"SearchAction\",\"target\":{\"@type\":\"EntryPoint\",\"urlTemplate\":\"https:\\\/\\\/credaf.org\\\/?s={search_term_string}\"},\"query-input\":{\"@type\":\"PropertyValueSpecification\",\"valueRequired\":true,\"valueName\":\"search_term_string\"}}],\"inLanguage\":\"en-US\"}]}<\/script>\n<!-- \/ Yoast SEO plugin. -->","yoast_head_json":{"title":"Mauritanie -","robots":{"index":"index","follow":"follow","max-snippet":"max-snippet:-1","max-image-preview":"max-image-preview:large","max-video-preview":"max-video-preview:-1"},"canonical":"https:\/\/credaf.org\/en\/mauritanie\/","og_locale":"en_US","og_type":"article","og_title":"Mauritanie -","og_description":"La R\u00e9publique Islamique de Mauritanie Nature du r\u00e9gime :\u00a0R\u00e9publique islamiqueChef de l\u2019Etat : M. Mohamed Ould GHAZOUANI (depuis le 1er ao\u00fbt 2019)Premier ministre\u00a0: M. Mohamed Ould BILAL (depuis le 6 ao\u00fbt 2020) Administration fiscale Direction g\u00e9n\u00e9rale des Imp\u00f4ts Directeur g\u00e9n\u00e9ral\u00a0:\u00a0M. Ely Ould TeissSite internet: http:\/\/www.impots.gov.mr\/ La Mauritanie en quelques chiffres Capitale :\u00a0NouakchottSuperficie :\u00a01 030 700 km\u00b2Nombre d\u2019habitants : 4,994 millions","og_url":"https:\/\/credaf.org\/en\/mauritanie\/","article_modified_time":"2024-06-24T05:09:17+00:00","og_image":[{"url":"https:\/\/credaf.org\/wp-content\/uploads\/2023\/08\/drapeau-mauritanie-e1643644526165.png","type":"","width":"","height":""}],"twitter_card":"summary_large_image","twitter_misc":{"Est. reading time":"2 minutes"},"schema":{"@context":"https:\/\/schema.org","@graph":[{"@type":"WebPage","@id":"https:\/\/credaf.org\/mauritanie\/","url":"https:\/\/credaf.org\/mauritanie\/","name":"Mauritanie -","isPartOf":{"@id":"https:\/\/credaf.org\/#website"},"primaryImageOfPage":{"@id":"https:\/\/credaf.org\/mauritanie\/#primaryimage"},"image":{"@id":"https:\/\/credaf.org\/mauritanie\/#primaryimage"},"thumbnailUrl":"https:\/\/credaf.org\/wp-content\/uploads\/2023\/08\/drapeau-mauritanie-e1643644526165.png","datePublished":"2016-11-07T14:20:03+00:00","dateModified":"2024-06-24T05:09:17+00:00","breadcrumb":{"@id":"https:\/\/credaf.org\/mauritanie\/#breadcrumb"},"inLanguage":"en-US","potentialAction":[{"@type":"ReadAction","target":["https:\/\/credaf.org\/mauritanie\/"]}]},{"@type":"ImageObject","inLanguage":"en-US","@id":"https:\/\/credaf.org\/mauritanie\/#primaryimage","url":"https:\/\/credaf.org\/wp-content\/uploads\/2023\/08\/drapeau-mauritanie-e1643644526165.png","contentUrl":"https:\/\/credaf.org\/wp-content\/uploads\/2023\/08\/drapeau-mauritanie-e1643644526165.png"},{"@type":"BreadcrumbList","@id":"https:\/\/credaf.org\/mauritanie\/#breadcrumb","itemListElement":[{"@type":"ListItem","position":1,"name":"Accueil","item":"https:\/\/credaf.org\/"},{"@type":"ListItem","position":2,"name":"Mauritanie"}]},{"@type":"WebSite","@id":"https:\/\/credaf.org\/#website","url":"https:\/\/credaf.org\/","name":"","description":"","potentialAction":[{"@type":"SearchAction","target":{"@type":"EntryPoint","urlTemplate":"https:\/\/credaf.org\/?s={search_term_string}"},"query-input":{"@type":"PropertyValueSpecification","valueRequired":true,"valueName":"search_term_string"}}],"inLanguage":"en-US"}]}},"rttpg_featured_image_url":null,"rttpg_author":{"display_name":"sgcredaf","author_link":"https:\/\/credaf.org\/en\/author\/sgcredaf\/"},"rttpg_comment":0,"rttpg_category":null,"rttpg_excerpt":"La R\u00e9publique Islamique de Mauritanie Nature du r\u00e9gime :\u00a0R\u00e9publique islamiqueChef de l\u2019Etat : M. Mohamed Ould GHAZOUANI (depuis le 1er ao\u00fbt 2019)Premier ministre\u00a0: M. Mohamed Ould BILAL (depuis le 6 ao\u00fbt 2020) Administration fiscale Direction g\u00e9n\u00e9rale des Imp\u00f4ts Directeur g\u00e9n\u00e9ral\u00a0:\u00a0M. Ely Ould TeissSite internet: http:\/\/www.impots.gov.mr\/ La Mauritanie en quelques chiffres Capitale :\u00a0NouakchottSuperficie :\u00a01 030 700&hellip;","_links":{"self":[{"href":"https:\/\/credaf.org\/en\/wp-json\/wp\/v2\/pages\/1400","targetHints":{"allow":["GET"]}}],"collection":[{"href":"https:\/\/credaf.org\/en\/wp-json\/wp\/v2\/pages"}],"about":[{"href":"https:\/\/credaf.org\/en\/wp-json\/wp\/v2\/types\/page"}],"author":[{"embeddable":true,"href":"https:\/\/credaf.org\/en\/wp-json\/wp\/v2\/users\/13"}],"replies":[{"embeddable":true,"href":"https:\/\/credaf.org\/en\/wp-json\/wp\/v2\/comments?post=1400"}],"version-history":[{"count":0,"href":"https:\/\/credaf.org\/en\/wp-json\/wp\/v2\/pages\/1400\/revisions"}],"wp:attachment":[{"href":"https:\/\/credaf.org\/en\/wp-json\/wp\/v2\/media?parent=1400"}],"curies":[{"name":"wp","href":"https:\/\/api.w.org\/{rel}","templated":true}]}}