{"id":141,"date":"2016-10-12T09:48:09","date_gmt":"2016-10-12T07:48:09","guid":{"rendered":"http:\/\/credaf.org\/?page_id=141"},"modified":"2024-06-20T11:28:04","modified_gmt":"2024-06-20T09:28:04","slug":"algerie","status":"publish","type":"page","link":"https:\/\/credaf.org\/en\/algerie\/","title":{"rendered":"Algeria"},"content":{"rendered":"<div data-elementor-type=\"wp-page\" data-elementor-id=\"141\" class=\"elementor elementor-141\">\n\t\t\t\t<div class=\"elementor-element elementor-element-cd1ce45 e-flex e-con-boxed wpr-particle-no wpr-jarallax-no wpr-parallax-no wpr-sticky-section-no e-con e-parent\" data-id=\"cd1ce45\" data-element_type=\"container\" data-e-type=\"container\">\n\t\t\t\t\t<div class=\"e-con-inner\">\n\t\t\t\t<div class=\"elementor-element elementor-element-3a49d74 elementor-widget elementor-widget-heading\" data-id=\"3a49d74\" data-element_type=\"widget\" data-e-type=\"widget\" data-widget_type=\"heading.default\">\n\t\t\t\t<div class=\"elementor-widget-container\">\n\t\t\t\t\t<h2 class=\"elementor-heading-title elementor-size-default\">La R\u00e9publique Alg\u00e9rienne D\u00e9mocratique et Populaire<\/h2>\t\t\t\t<\/div>\n\t\t\t\t<\/div>\n\t\t\t\t\t<\/div>\n\t\t\t\t<\/div>\n\t\t<div class=\"elementor-element elementor-element-6f72d8e e-flex e-con-boxed wpr-particle-no wpr-jarallax-no wpr-parallax-no wpr-sticky-section-no e-con e-parent\" data-id=\"6f72d8e\" data-element_type=\"container\" data-e-type=\"container\">\n\t\t\t\t\t<div class=\"e-con-inner\">\n\t\t<div class=\"elementor-element elementor-element-f31d1cd e-con-full e-flex wpr-particle-no wpr-jarallax-no wpr-parallax-no wpr-sticky-section-no e-con e-child\" data-id=\"f31d1cd\" data-element_type=\"container\" data-e-type=\"container\">\n\t\t\t\t<div class=\"elementor-element elementor-element-1dd0732 elementor-widget elementor-widget-text-editor\" data-id=\"1dd0732\" data-element_type=\"widget\" data-e-type=\"widget\" data-widget_type=\"text-editor.default\">\n\t\t\t\t<div class=\"elementor-widget-container\">\n\t\t\t\t\t\t\t\t\t<p style=\"text-align: left;\"><span style=\"color: var( --e-global-color-text ); font-family: var( --e-global-typography-text-font-family ), Sans-serif; text-align: var(--text-align); font-size: 15px;\"><strong>Nature du r\u00e9gime<\/strong>:<\/span><span style=\"color: var( --e-global-color-text ); font-family: var( --e-global-typography-text-font-family ), Sans-serif; font-weight: var( --e-global-typography-text-font-weight ); text-align: var(--text-align); font-size: 15px;\">\u00a0Pr\u00e9sidentiel<br \/><\/span><span style=\"font-weight: bold;\">Chef de l\u2019Etat:<\/span>\u00a0M. Abdelmadjid TEBBOUNE <em>(depuis le 19 d\u00e9cembre 2019)<br \/><\/em><span style=\"font-weight: bold;\">Chef du Gouvernement:<\/span> Nadir LARBAOUI <em>(depuis le 11 novembre 2023)<\/em><\/p><h4 style=\"text-align: left;\"><span style=\"color: #030303; font-family: Roboto; font-size: 24px; font-weight: 600;\">Administration fiscale<\/span><\/h4><p style=\"text-align: left;\">Direction g\u00e9n\u00e9rale des imp\u00f4ts<\/p><p style=\"text-align: left;\"><span style=\"font-weight: bold;\">Directeur g\u00e9n\u00e9ral<\/span>: Mme Amel ABDELLATIF<br \/><span style=\"font-weight: bold;\">Site Internet<\/span><span style=\"font-weight: bold;\">:\u00a0<\/span><a href=\"https:\/\/www.mfdgi.gov.dz\">https:\/\/www.mfdgi.gov.dz<\/a><\/p><h4 style=\"text-align: left;\"><span style=\"color: #030303; font-family: Roboto; font-size: 24px; font-weight: 600;\">L&rsquo;Alg\u00e9rie en quelques chiffres<\/span><\/h4><p style=\"text-align: left;\"><span style=\"font-weight: bold;\">Capitale:<\/span>\u00a0Alger<br \/><span style=\"font-weight: bold;\">Superficie:<\/span>\u00a02 381 741 km\u00b2<br \/><span style=\"font-weight: bold;\">Nombre d\u2019habitants:\u00a0<\/span>46,27 millions (Ined, 2024)<br \/><span style=\"font-weight: bold;\">PIB\/hab (estimation) : <\/span>5 720 US$ (FMI, 2024)<span style=\"font-weight: bold;\"><br \/><\/span><\/p><p style=\"text-align: left;\">L\u2019OCDE et le PNUD ont produit des publications sur les perspectives \u00e9conomiques des pays africains en partenariat avec la Banque africaine de d\u00e9veloppement.<\/p><p style=\"text-align: left;\">Pour en savoir plus sur la situation \u00e9conomique de l\u2019Alg\u00e9rie,\u00a0<a href=\"https:\/\/www.afdb.org\/fr\/pays-afrique-du-nord\/algerie\">click here<\/a><\/p>\t\t\t\t\t\t\t\t<\/div>\n\t\t\t\t<\/div>\n\t\t\t\t<\/div>\n\t\t<div class=\"elementor-element elementor-element-d86de48 e-con-full e-flex wpr-particle-no wpr-jarallax-no wpr-parallax-no wpr-sticky-section-no e-con e-child\" data-id=\"d86de48\" data-element_type=\"container\" data-e-type=\"container\">\n\t\t<div class=\"elementor-element elementor-element-2cab0a0 e-flex e-con-boxed wpr-particle-no wpr-jarallax-no wpr-parallax-no wpr-sticky-section-no e-con e-child\" data-id=\"2cab0a0\" data-element_type=\"container\" data-e-type=\"container\">\n\t\t\t\t\t<div class=\"e-con-inner\">\n\t\t\t\t<div class=\"elementor-element elementor-element-02c63cf elementor-widget elementor-widget-image\" data-id=\"02c63cf\" data-element_type=\"widget\" data-e-type=\"widget\" data-widget_type=\"image.default\">\n\t\t\t\t<div class=\"elementor-widget-container\">\n\t\t\t\t\t\t\t\t\t\t\t\t\t\t\t<img decoding=\"async\" width=\"123\" height=\"86\" src=\"https:\/\/credaf.org\/wp-content\/uploads\/2023\/08\/algerie3-flag.png\" class=\"attachment-large size-large wp-image-9951\" alt=\"\" \/>\t\t\t\t\t\t\t\t\t\t\t\t\t\t\t<\/div>\n\t\t\t\t<\/div>\n\t\t\t\t\t<\/div>\n\t\t\t\t<\/div>\n\t\t<div class=\"elementor-element elementor-element-6dc7473 e-flex e-con-boxed wpr-particle-no wpr-jarallax-no wpr-parallax-no wpr-sticky-section-no e-con e-child\" data-id=\"6dc7473\" data-element_type=\"container\" data-e-type=\"container\">\n\t\t\t\t\t<div class=\"e-con-inner\">\n\t\t\t\t<div class=\"elementor-element elementor-element-3c42d2a elementor-widget elementor-widget-image\" data-id=\"3c42d2a\" data-element_type=\"widget\" data-e-type=\"widget\" data-widget_type=\"image.default\">\n\t\t\t\t<div class=\"elementor-widget-container\">\n\t\t\t\t\t\t\t\t\t\t\t\t\t\t\t<img fetchpriority=\"high\" decoding=\"async\" width=\"245\" height=\"300\" src=\"https:\/\/credaf.org\/wp-content\/uploads\/2023\/08\/ALGERIE.jpg\" class=\"attachment-large size-large wp-image-9950\" alt=\"\" \/>\t\t\t\t\t\t\t\t\t\t\t\t\t\t\t<\/div>\n\t\t\t\t<\/div>\n\t\t<div class=\"elementor-element elementor-element-6b3ae62 e-flex e-con-boxed wpr-particle-no wpr-jarallax-no wpr-parallax-no wpr-sticky-section-no e-con e-child\" data-id=\"6b3ae62\" data-element_type=\"container\" data-e-type=\"container\">\n\t\t\t\t\t<div class=\"e-con-inner\">\n\t\t\t\t<div class=\"elementor-element elementor-element-9bd5c8f elementor-widget elementor-widget-image\" data-id=\"9bd5c8f\" data-element_type=\"widget\" data-e-type=\"widget\" data-widget_type=\"image.default\">\n\t\t\t\t<div class=\"elementor-widget-container\">\n\t\t\t\t\t\t\t\t\t\t\t\t\t\t\t<img decoding=\"async\" width=\"720\" height=\"718\" src=\"https:\/\/credaf.org\/wp-content\/uploads\/2023\/08\/Algerie-map.jpg\" class=\"attachment-large size-large wp-image-9952\" alt=\"\" srcset=\"https:\/\/credaf.org\/wp-content\/uploads\/2023\/08\/Algerie-map.jpg 873w, https:\/\/credaf.org\/wp-content\/uploads\/2023\/08\/Algerie-map-300x300.jpg 300w, https:\/\/credaf.org\/wp-content\/uploads\/2023\/08\/Algerie-map-100x100.jpg 100w, https:\/\/credaf.org\/wp-content\/uploads\/2023\/08\/Algerie-map-600x598.jpg 600w, https:\/\/credaf.org\/wp-content\/uploads\/2023\/08\/Algerie-map-150x150.jpg 150w, https:\/\/credaf.org\/wp-content\/uploads\/2023\/08\/Algerie-map-768x765.jpg 768w\" sizes=\"(max-width: 720px) 100vw, 720px\" \/>\t\t\t\t\t\t\t\t\t\t\t\t\t\t\t<\/div>\n\t\t\t\t<\/div>\n\t\t\t\t\t<\/div>\n\t\t\t\t<\/div>\n\t\t\t\t\t<\/div>\n\t\t\t\t<\/div>\n\t\t\t\t<\/div>\n\t\t\t\t\t<\/div>\n\t\t\t\t<\/div>\n\t\t\t\t<\/div>\n\t\t<!-- AddThis Advanced Settings generic via filter on the_content --><!-- AddThis Share Buttons generic via filter on the_content --><!-- AddThis Related Posts generic via filter on the_content -->","protected":false},"excerpt":{"rendered":"<p>La R\u00e9publique Alg\u00e9rienne D\u00e9mocratique et Populaire Nature du r\u00e9gime:\u00a0Pr\u00e9sidentielChef de l\u2019Etat:\u00a0M. Abdelmadjid TEBBOUNE (depuis le 19 d\u00e9cembre 2019)Chef du Gouvernement: Nadir LARBAOUI (depuis le 11 novembre 2023) Administration fiscale Direction g\u00e9n\u00e9rale des imp\u00f4ts Directeur g\u00e9n\u00e9ral: Mme Amel ABDELLATIFSite Internet:\u00a0https:\/\/www.mfdgi.gov.dz L&rsquo;Alg\u00e9rie en quelques chiffres Capitale:\u00a0AlgerSuperficie:\u00a02 381 741 km\u00b2Nombre d\u2019habitants:\u00a046,27 millions (Ined, 2024)PIB\/hab (estimation) : 5 720 US$ (FMI, 2024) L\u2019OCDE et<\/p>","protected":false},"author":13,"featured_media":0,"parent":0,"menu_order":0,"comment_status":"closed","ping_status":"closed","template":"","meta":{"_acf_changed":false,"footnotes":""},"class_list":["post-141","page","type-page","status-publish","hentry"],"acf":[],"yoast_head":"<!-- This site is optimized with the Yoast SEO plugin v27.3 - https:\/\/yoast.com\/product\/yoast-seo-wordpress\/ -->\n<title>Alg\u00e9rie -<\/title>\n<meta name=\"robots\" content=\"index, follow, max-snippet:-1, max-image-preview:large, max-video-preview:-1\" \/>\n<link rel=\"canonical\" href=\"https:\/\/credaf.org\/en\/algerie\/\" \/>\n<meta property=\"og:locale\" content=\"en_US\" \/>\n<meta property=\"og:type\" content=\"article\" \/>\n<meta property=\"og:title\" content=\"Alg\u00e9rie -\" \/>\n<meta property=\"og:description\" content=\"La R\u00e9publique Alg\u00e9rienne D\u00e9mocratique et Populaire Nature du r\u00e9gime:\u00a0Pr\u00e9sidentielChef de l\u2019Etat:\u00a0M. Abdelmadjid TEBBOUNE (depuis le 19 d\u00e9cembre 2019)Chef du Gouvernement: Nadir LARBAOUI (depuis le 11 novembre 2023) Administration fiscale Direction g\u00e9n\u00e9rale des imp\u00f4ts Directeur g\u00e9n\u00e9ral: Mme Amel ABDELLATIFSite Internet:\u00a0https:\/\/www.mfdgi.gov.dz L&rsquo;Alg\u00e9rie en quelques chiffres Capitale:\u00a0AlgerSuperficie:\u00a02 381 741 km\u00b2Nombre d\u2019habitants:\u00a046,27 millions (Ined, 2024)PIB\/hab (estimation) : 5 720 US$ (FMI, 2024) L\u2019OCDE et\" \/>\n<meta property=\"og:url\" content=\"https:\/\/credaf.org\/en\/algerie\/\" \/>\n<meta property=\"article:modified_time\" content=\"2024-06-20T09:28:04+00:00\" \/>\n<meta property=\"og:image\" content=\"https:\/\/credaf.org\/wp-content\/uploads\/2023\/08\/algerie3-flag.png\" \/>\n<meta name=\"twitter:card\" content=\"summary_large_image\" \/>\n<meta name=\"twitter:label1\" content=\"Est. reading time\" \/>\n\t<meta name=\"twitter:data1\" content=\"2 minutes\" \/>\n<script type=\"application\/ld+json\" class=\"yoast-schema-graph\">{\"@context\":\"https:\\\/\\\/schema.org\",\"@graph\":[{\"@type\":\"WebPage\",\"@id\":\"https:\\\/\\\/credaf.org\\\/en\\\/algerie\\\/\",\"url\":\"https:\\\/\\\/credaf.org\\\/en\\\/algerie\\\/\",\"name\":\"Alg\u00e9rie -\",\"isPartOf\":{\"@id\":\"https:\\\/\\\/credaf.org\\\/#website\"},\"primaryImageOfPage\":{\"@id\":\"https:\\\/\\\/credaf.org\\\/en\\\/algerie\\\/#primaryimage\"},\"image\":{\"@id\":\"https:\\\/\\\/credaf.org\\\/en\\\/algerie\\\/#primaryimage\"},\"thumbnailUrl\":\"https:\\\/\\\/credaf.org\\\/wp-content\\\/uploads\\\/2023\\\/08\\\/algerie3-flag.png\",\"datePublished\":\"2016-10-12T07:48:09+00:00\",\"dateModified\":\"2024-06-20T09:28:04+00:00\",\"breadcrumb\":{\"@id\":\"https:\\\/\\\/credaf.org\\\/en\\\/algerie\\\/#breadcrumb\"},\"inLanguage\":\"en-US\",\"potentialAction\":[{\"@type\":\"ReadAction\",\"target\":[\"https:\\\/\\\/credaf.org\\\/en\\\/algerie\\\/\"]}]},{\"@type\":\"ImageObject\",\"inLanguage\":\"en-US\",\"@id\":\"https:\\\/\\\/credaf.org\\\/en\\\/algerie\\\/#primaryimage\",\"url\":\"https:\\\/\\\/credaf.org\\\/wp-content\\\/uploads\\\/2023\\\/08\\\/algerie3-flag.png\",\"contentUrl\":\"https:\\\/\\\/credaf.org\\\/wp-content\\\/uploads\\\/2023\\\/08\\\/algerie3-flag.png\"},{\"@type\":\"BreadcrumbList\",\"@id\":\"https:\\\/\\\/credaf.org\\\/en\\\/algerie\\\/#breadcrumb\",\"itemListElement\":[{\"@type\":\"ListItem\",\"position\":1,\"name\":\"Accueil\",\"item\":\"https:\\\/\\\/credaf.org\\\/\"},{\"@type\":\"ListItem\",\"position\":2,\"name\":\"Alg\u00e9rie\"}]},{\"@type\":\"WebSite\",\"@id\":\"https:\\\/\\\/credaf.org\\\/#website\",\"url\":\"https:\\\/\\\/credaf.org\\\/\",\"name\":\"\",\"description\":\"\",\"potentialAction\":[{\"@type\":\"SearchAction\",\"target\":{\"@type\":\"EntryPoint\",\"urlTemplate\":\"https:\\\/\\\/credaf.org\\\/?s={search_term_string}\"},\"query-input\":{\"@type\":\"PropertyValueSpecification\",\"valueRequired\":true,\"valueName\":\"search_term_string\"}}],\"inLanguage\":\"en-US\"}]}<\/script>\n<!-- \/ Yoast SEO plugin. -->","yoast_head_json":{"title":"Alg\u00e9rie -","robots":{"index":"index","follow":"follow","max-snippet":"max-snippet:-1","max-image-preview":"max-image-preview:large","max-video-preview":"max-video-preview:-1"},"canonical":"https:\/\/credaf.org\/en\/algerie\/","og_locale":"en_US","og_type":"article","og_title":"Alg\u00e9rie -","og_description":"La R\u00e9publique Alg\u00e9rienne D\u00e9mocratique et Populaire Nature du r\u00e9gime:\u00a0Pr\u00e9sidentielChef de l\u2019Etat:\u00a0M. Abdelmadjid TEBBOUNE (depuis le 19 d\u00e9cembre 2019)Chef du Gouvernement: Nadir LARBAOUI (depuis le 11 novembre 2023) Administration fiscale Direction g\u00e9n\u00e9rale des imp\u00f4ts Directeur g\u00e9n\u00e9ral: Mme Amel ABDELLATIFSite Internet:\u00a0https:\/\/www.mfdgi.gov.dz L&rsquo;Alg\u00e9rie en quelques chiffres Capitale:\u00a0AlgerSuperficie:\u00a02 381 741 km\u00b2Nombre d\u2019habitants:\u00a046,27 millions (Ined, 2024)PIB\/hab (estimation) : 5 720 US$ (FMI, 2024) L\u2019OCDE et","og_url":"https:\/\/credaf.org\/en\/algerie\/","article_modified_time":"2024-06-20T09:28:04+00:00","og_image":[{"url":"https:\/\/credaf.org\/wp-content\/uploads\/2023\/08\/algerie3-flag.png","type":"","width":"","height":""}],"twitter_card":"summary_large_image","twitter_misc":{"Est. reading time":"2 minutes"},"schema":{"@context":"https:\/\/schema.org","@graph":[{"@type":"WebPage","@id":"https:\/\/credaf.org\/en\/algerie\/","url":"https:\/\/credaf.org\/en\/algerie\/","name":"Alg\u00e9rie -","isPartOf":{"@id":"https:\/\/credaf.org\/#website"},"primaryImageOfPage":{"@id":"https:\/\/credaf.org\/en\/algerie\/#primaryimage"},"image":{"@id":"https:\/\/credaf.org\/en\/algerie\/#primaryimage"},"thumbnailUrl":"https:\/\/credaf.org\/wp-content\/uploads\/2023\/08\/algerie3-flag.png","datePublished":"2016-10-12T07:48:09+00:00","dateModified":"2024-06-20T09:28:04+00:00","breadcrumb":{"@id":"https:\/\/credaf.org\/en\/algerie\/#breadcrumb"},"inLanguage":"en-US","potentialAction":[{"@type":"ReadAction","target":["https:\/\/credaf.org\/en\/algerie\/"]}]},{"@type":"ImageObject","inLanguage":"en-US","@id":"https:\/\/credaf.org\/en\/algerie\/#primaryimage","url":"https:\/\/credaf.org\/wp-content\/uploads\/2023\/08\/algerie3-flag.png","contentUrl":"https:\/\/credaf.org\/wp-content\/uploads\/2023\/08\/algerie3-flag.png"},{"@type":"BreadcrumbList","@id":"https:\/\/credaf.org\/en\/algerie\/#breadcrumb","itemListElement":[{"@type":"ListItem","position":1,"name":"Accueil","item":"https:\/\/credaf.org\/"},{"@type":"ListItem","position":2,"name":"Alg\u00e9rie"}]},{"@type":"WebSite","@id":"https:\/\/credaf.org\/#website","url":"https:\/\/credaf.org\/","name":"","description":"","potentialAction":[{"@type":"SearchAction","target":{"@type":"EntryPoint","urlTemplate":"https:\/\/credaf.org\/?s={search_term_string}"},"query-input":{"@type":"PropertyValueSpecification","valueRequired":true,"valueName":"search_term_string"}}],"inLanguage":"en-US"}]}},"rttpg_featured_image_url":null,"rttpg_author":{"display_name":"sgcredaf","author_link":"https:\/\/credaf.org\/en\/author\/sgcredaf\/"},"rttpg_comment":0,"rttpg_category":null,"rttpg_excerpt":"La R\u00e9publique Alg\u00e9rienne D\u00e9mocratique et Populaire Nature du r\u00e9gime:\u00a0Pr\u00e9sidentielChef de l\u2019Etat:\u00a0M. Abdelmadjid TEBBOUNE (depuis le 19 d\u00e9cembre 2019)Chef du Gouvernement: Nadir LARBAOUI (depuis le 11 novembre 2023) Administration fiscale Direction g\u00e9n\u00e9rale des imp\u00f4ts Directeur g\u00e9n\u00e9ral: Mme Amel ABDELLATIFSite Internet:\u00a0https:\/\/www.mfdgi.gov.dz L&rsquo;Alg\u00e9rie en quelques chiffres Capitale:\u00a0AlgerSuperficie:\u00a02 381 741 km\u00b2Nombre d\u2019habitants:\u00a046,27 millions (Ined, 2024)PIB\/hab (estimation) : 5 720&hellip;","_links":{"self":[{"href":"https:\/\/credaf.org\/en\/wp-json\/wp\/v2\/pages\/141","targetHints":{"allow":["GET"]}}],"collection":[{"href":"https:\/\/credaf.org\/en\/wp-json\/wp\/v2\/pages"}],"about":[{"href":"https:\/\/credaf.org\/en\/wp-json\/wp\/v2\/types\/page"}],"author":[{"embeddable":true,"href":"https:\/\/credaf.org\/en\/wp-json\/wp\/v2\/users\/13"}],"replies":[{"embeddable":true,"href":"https:\/\/credaf.org\/en\/wp-json\/wp\/v2\/comments?post=141"}],"version-history":[{"count":0,"href":"https:\/\/credaf.org\/en\/wp-json\/wp\/v2\/pages\/141\/revisions"}],"wp:attachment":[{"href":"https:\/\/credaf.org\/en\/wp-json\/wp\/v2\/media?parent=141"}],"curies":[{"name":"wp","href":"https:\/\/api.w.org\/{rel}","templated":true}]}}