{"id":1411,"date":"2016-11-07T15:34:52","date_gmt":"2016-11-07T14:34:52","guid":{"rendered":"http:\/\/credaf.org\/?page_id=1411"},"modified":"2024-06-24T07:19:24","modified_gmt":"2024-06-24T05:19:24","slug":"republique-centrafricaine","status":"publish","type":"page","link":"https:\/\/credaf.org\/en\/republique-centrafricaine\/","title":{"rendered":"R\u00e9publique Centrafricaine"},"content":{"rendered":"<div data-elementor-type=\"wp-page\" data-elementor-id=\"1411\" class=\"elementor elementor-1411\">\n\t\t\t\t<div class=\"elementor-element elementor-element-01d3968 e-flex e-con-boxed wpr-particle-no wpr-jarallax-no wpr-parallax-no wpr-sticky-section-no wpr-equal-height-no e-con e-parent\" data-id=\"01d3968\" data-element_type=\"container\" data-e-type=\"container\">\n\t\t\t\t\t<div class=\"e-con-inner\">\n\t\t\t\t<div class=\"elementor-element elementor-element-51e557d elementor-widget elementor-widget-heading\" data-id=\"51e557d\" data-element_type=\"widget\" data-e-type=\"widget\" data-widget_type=\"heading.default\">\n\t\t\t\t<div class=\"elementor-widget-container\">\n\t\t\t\t\t<h2 class=\"elementor-heading-title elementor-size-default\">La R\u00e9publique Centrafricaine<\/h2>\t\t\t\t<\/div>\n\t\t\t\t<\/div>\n\t\t\t\t\t<\/div>\n\t\t\t\t<\/div>\n\t\t<div class=\"elementor-element elementor-element-c087901 e-flex e-con-boxed wpr-particle-no wpr-jarallax-no wpr-parallax-no wpr-sticky-section-no wpr-equal-height-no e-con e-parent\" data-id=\"c087901\" data-element_type=\"container\" data-e-type=\"container\">\n\t\t\t\t\t<div class=\"e-con-inner\">\n\t\t<div class=\"elementor-element elementor-element-1c7dff1 e-con-full e-flex wpr-particle-no wpr-jarallax-no wpr-parallax-no wpr-sticky-section-no wpr-equal-height-no e-con e-child\" data-id=\"1c7dff1\" data-element_type=\"container\" data-e-type=\"container\">\n\t\t\t\t<div class=\"elementor-element elementor-element-ae2ff8d elementor-widget elementor-widget-text-editor\" data-id=\"ae2ff8d\" data-element_type=\"widget\" data-e-type=\"widget\" data-widget_type=\"text-editor.default\">\n\t\t\t\t<div class=\"elementor-widget-container\">\n\t\t\t\t\t\t\t\t\t<p><span style=\"font-weight: bold; color: var( --e-global-color-text ); font-family: var( --e-global-typography-text-font-family ), Sans-serif;\">Nature du r\u00e9gime :<\/span><span style=\"color: var( --e-global-color-text ); font-family: var( --e-global-typography-text-font-family ), Sans-serif; font-weight: var( --e-global-typography-text-font-weight );\">\u00a0Pr\u00e9sidentiel<br \/><\/span><span style=\"font-weight: bold;\">Chef de l\u2019Etat :<\/span>\u00a0M. Faustin-Archange TOUAD\u00c9RA <em>(depuis le 14 f\u00e9vrier 2016)<\/em><br \/><span style=\"font-weight: bold;\">Premier Ministre :<\/span> M. Felix Moloua (depuis le\u00a0<em>7 f\u00e9vrier 2022<\/em>)<\/p><h4><span style=\"color: #030303; font-family: Roboto; font-size: 24px; font-weight: 600;\">Administration fiscale<\/span><\/h4><p>Direction g\u00e9n\u00e9rale des Imp\u00f4ts<\/p><p><span style=\"font-weight: bold;\">Directeur g\u00e9n\u00e9ral<\/span>\u00a0<span style=\"font-weight: bold;\">:<\/span> M. Kobondji Douayh Romain<br \/><strong>Site Internet:<\/strong> <a href=\"http:\/\/www.finances-budget.cf\/\">http:\/\/www.finances-budget.cf\/<\/a><\/p><h4><span style=\"color: #030303; font-family: Roboto; font-size: 24px; font-weight: 600;\">La R\u00e9publique centrafricaine en quelques chiffres<\/span><\/h4><p><span style=\"font-weight: bold;\">Capitale :<\/span>\u00a0Bangui<br \/><span style=\"font-weight: bold;\">Superficie :<\/span>\u00a0622 984 km\u00b2<br \/><span style=\"font-weight: bold;\">Nombre d\u2019habitants :<\/span> 5,916 millions (Ined, 2024)<br \/><span style=\"font-weight: bold;\">PIB\/hab (estimation) :<\/span> 537,6 US$ (FMI, 2024)<\/p><p>L\u2019OCDE et le PNUD ont produit des publications sur les perspectives \u00e9conomiques des pays africains en partenariat avec la Banque africaine de d\u00e9veloppement.<\/p><p>Pour en savoir plus sur la situation \u00e9conomique de la R\u00e9publique centrafricaine,\u00a0<a href=\"https:\/\/www.afdb.org\/fr\/countries\/central-africa\/central-african-republic\">click here<\/a>.<\/p>\t\t\t\t\t\t\t\t<\/div>\n\t\t\t\t<\/div>\n\t\t\t\t<\/div>\n\t\t<div class=\"elementor-element elementor-element-cc72ca2 e-con-full e-flex wpr-particle-no wpr-jarallax-no wpr-parallax-no wpr-sticky-section-no wpr-equal-height-no e-con e-child\" data-id=\"cc72ca2\" data-element_type=\"container\" data-e-type=\"container\">\n\t\t<div class=\"elementor-element elementor-element-86077ca e-flex e-con-boxed wpr-particle-no wpr-jarallax-no wpr-parallax-no wpr-sticky-section-no wpr-equal-height-no e-con e-child\" data-id=\"86077ca\" data-element_type=\"container\" data-e-type=\"container\">\n\t\t\t\t\t<div class=\"e-con-inner\">\n\t\t\t\t<div class=\"elementor-element elementor-element-c5cfbb8 elementor-widget elementor-widget-image\" data-id=\"c5cfbb8\" data-element_type=\"widget\" data-e-type=\"widget\" data-widget_type=\"image.default\">\n\t\t\t\t<div class=\"elementor-widget-container\">\n\t\t\t\t\t\t\t\t\t\t\t\t\t\t\t<img decoding=\"async\" width=\"125\" height=\"83\" src=\"https:\/\/credaf.org\/wp-content\/uploads\/2023\/08\/RCA.png\" class=\"attachment-large size-large wp-image-10032\" alt=\"\" \/>\t\t\t\t\t\t\t\t\t\t\t\t\t\t\t<\/div>\n\t\t\t\t<\/div>\n\t\t\t\t\t<\/div>\n\t\t\t\t<\/div>\n\t\t<div class=\"elementor-element elementor-element-fde0b36 e-flex e-con-boxed wpr-particle-no wpr-jarallax-no wpr-parallax-no wpr-sticky-section-no wpr-equal-height-no e-con e-child\" data-id=\"fde0b36\" data-element_type=\"container\" data-e-type=\"container\">\n\t\t\t\t\t<div class=\"e-con-inner\">\n\t\t\t\t<div class=\"elementor-element elementor-element-964ea12 elementor-widget elementor-widget-image\" data-id=\"964ea12\" data-element_type=\"widget\" data-e-type=\"widget\" data-widget_type=\"image.default\">\n\t\t\t\t<div class=\"elementor-widget-container\">\n\t\t\t\t\t\t\t\t\t\t\t\t\t\t\t<img decoding=\"async\" width=\"150\" height=\"150\" src=\"https:\/\/credaf.org\/wp-content\/uploads\/2023\/08\/RCA-1-150x150.png\" class=\"attachment-thumbnail size-thumbnail wp-image-10033\" alt=\"\" srcset=\"https:\/\/credaf.org\/wp-content\/uploads\/2023\/08\/RCA-1-150x150.png 150w, https:\/\/credaf.org\/wp-content\/uploads\/2023\/08\/RCA-1-300x300.png 300w, https:\/\/credaf.org\/wp-content\/uploads\/2023\/08\/RCA-1-100x100.png 100w, https:\/\/credaf.org\/wp-content\/uploads\/2023\/08\/RCA-1.png 600w\" sizes=\"(max-width: 150px) 100vw, 150px\" \/>\t\t\t\t\t\t\t\t\t\t\t\t\t\t\t<\/div>\n\t\t\t\t<\/div>\n\t\t\t\t\t<\/div>\n\t\t\t\t<\/div>\n\t\t<div class=\"elementor-element elementor-element-5da0ddf e-flex e-con-boxed wpr-particle-no wpr-jarallax-no wpr-parallax-no wpr-sticky-section-no wpr-equal-height-no e-con e-child\" data-id=\"5da0ddf\" data-element_type=\"container\" data-e-type=\"container\">\n\t\t\t\t\t<div class=\"e-con-inner\">\n\t\t\t\t<div class=\"elementor-element elementor-element-f59b283 elementor-widget elementor-widget-image\" data-id=\"f59b283\" data-element_type=\"widget\" data-e-type=\"widget\" data-widget_type=\"image.default\">\n\t\t\t\t<div class=\"elementor-widget-container\">\n\t\t\t\t\t\t\t\t\t\t\t\t\t\t\t<img fetchpriority=\"high\" decoding=\"async\" width=\"265\" height=\"190\" src=\"https:\/\/credaf.org\/wp-content\/uploads\/2023\/08\/RCA.jpg\" class=\"attachment-large size-large wp-image-10031\" alt=\"\" \/>\t\t\t\t\t\t\t\t\t\t\t\t\t\t\t<\/div>\n\t\t\t\t<\/div>\n\t\t\t\t\t<\/div>\n\t\t\t\t<\/div>\n\t\t\t\t<\/div>\n\t\t\t\t\t<\/div>\n\t\t\t\t<\/div>\n\t\t\t\t<section class=\"elementor-section elementor-top-section elementor-element elementor-element-e5a85ef elementor-section-boxed elementor-section-height-default elementor-section-height-default wpr-particle-no wpr-jarallax-no wpr-parallax-no wpr-sticky-section-no wpr-equal-height-no\" data-id=\"e5a85ef\" data-element_type=\"section\" data-e-type=\"section\">\n\t\t\t\t\t\t<div class=\"elementor-container elementor-column-gap-default\">\n\t\t\t\t\t<div class=\"elementor-column elementor-col-100 elementor-top-column elementor-element elementor-element-ab199d4\" data-id=\"ab199d4\" data-element_type=\"column\" data-e-type=\"column\">\n\t\t\t<div class=\"elementor-widget-wrap elementor-element-populated\">\n\t\t\t\t\t\t\t<\/div>\n\t\t<\/div>\n\t\t\t\t\t<\/div>\n\t\t<\/section>\n\t\t\t\t<\/div>\n\t\t<!-- AddThis Advanced Settings generic via filter on the_content --><!-- AddThis Share Buttons generic via filter on the_content --><!-- AddThis Related Posts generic via filter on the_content -->","protected":false},"excerpt":{"rendered":"<p>La R\u00e9publique Centrafricaine Nature du r\u00e9gime :\u00a0Pr\u00e9sidentielChef de l\u2019Etat :\u00a0M. Faustin-Archange TOUAD\u00c9RA (depuis le 14 f\u00e9vrier 2016)Premier Ministre : M. Felix Moloua (depuis le\u00a07 f\u00e9vrier 2022) Administration fiscale Direction g\u00e9n\u00e9rale des Imp\u00f4ts Directeur g\u00e9n\u00e9ral\u00a0: M. Kobondji Douayh RomainSite Internet: http:\/\/www.finances-budget.cf\/ La R\u00e9publique centrafricaine en quelques chiffres Capitale :\u00a0BanguiSuperficie :\u00a0622 984 km\u00b2Nombre d\u2019habitants : 5,916 millions (Ined, 2024)PIB\/hab (estimation) : 537,6<\/p>","protected":false},"author":13,"featured_media":0,"parent":0,"menu_order":0,"comment_status":"closed","ping_status":"closed","template":"","meta":{"_acf_changed":false,"footnotes":""},"class_list":["post-1411","page","type-page","status-publish","hentry"],"acf":[],"yoast_head":"<!-- This site is optimized with the Yoast SEO plugin v27.4 - https:\/\/yoast.com\/product\/yoast-seo-wordpress\/ -->\n<title>R\u00e9publique Centrafricaine -<\/title>\n<meta name=\"robots\" content=\"index, follow, max-snippet:-1, max-image-preview:large, max-video-preview:-1\" \/>\n<link rel=\"canonical\" href=\"https:\/\/credaf.org\/en\/republique-centrafricaine\/\" \/>\n<meta property=\"og:locale\" content=\"en_US\" \/>\n<meta property=\"og:type\" content=\"article\" \/>\n<meta property=\"og:title\" content=\"R\u00e9publique Centrafricaine -\" \/>\n<meta property=\"og:description\" content=\"La R\u00e9publique Centrafricaine Nature du r\u00e9gime :\u00a0Pr\u00e9sidentielChef de l\u2019Etat :\u00a0M. Faustin-Archange TOUAD\u00c9RA (depuis le 14 f\u00e9vrier 2016)Premier Ministre : M. Felix Moloua (depuis le\u00a07 f\u00e9vrier 2022) Administration fiscale Direction g\u00e9n\u00e9rale des Imp\u00f4ts Directeur g\u00e9n\u00e9ral\u00a0: M. Kobondji Douayh RomainSite Internet: http:\/\/www.finances-budget.cf\/ La R\u00e9publique centrafricaine en quelques chiffres Capitale :\u00a0BanguiSuperficie :\u00a0622 984 km\u00b2Nombre d\u2019habitants : 5,916 millions (Ined, 2024)PIB\/hab (estimation) : 537,6\" \/>\n<meta property=\"og:url\" content=\"https:\/\/credaf.org\/en\/republique-centrafricaine\/\" \/>\n<meta property=\"article:modified_time\" content=\"2024-06-24T05:19:24+00:00\" \/>\n<meta property=\"og:image\" content=\"https:\/\/credaf.org\/wp-content\/uploads\/2023\/08\/RCA.png\" \/>\n<meta name=\"twitter:card\" content=\"summary_large_image\" \/>\n<meta name=\"twitter:label1\" content=\"Est. reading time\" \/>\n\t<meta name=\"twitter:data1\" content=\"2 minutes\" \/>\n<script type=\"application\/ld+json\" class=\"yoast-schema-graph\">{\"@context\":\"https:\\\/\\\/schema.org\",\"@graph\":[{\"@type\":\"WebPage\",\"@id\":\"https:\\\/\\\/credaf.org\\\/republique-centrafricaine\\\/\",\"url\":\"https:\\\/\\\/credaf.org\\\/republique-centrafricaine\\\/\",\"name\":\"R\u00e9publique Centrafricaine -\",\"isPartOf\":{\"@id\":\"https:\\\/\\\/credaf.org\\\/#website\"},\"primaryImageOfPage\":{\"@id\":\"https:\\\/\\\/credaf.org\\\/republique-centrafricaine\\\/#primaryimage\"},\"image\":{\"@id\":\"https:\\\/\\\/credaf.org\\\/republique-centrafricaine\\\/#primaryimage\"},\"thumbnailUrl\":\"https:\\\/\\\/credaf.org\\\/wp-content\\\/uploads\\\/2023\\\/08\\\/RCA.png\",\"datePublished\":\"2016-11-07T14:34:52+00:00\",\"dateModified\":\"2024-06-24T05:19:24+00:00\",\"breadcrumb\":{\"@id\":\"https:\\\/\\\/credaf.org\\\/republique-centrafricaine\\\/#breadcrumb\"},\"inLanguage\":\"en-US\",\"potentialAction\":[{\"@type\":\"ReadAction\",\"target\":[\"https:\\\/\\\/credaf.org\\\/republique-centrafricaine\\\/\"]}]},{\"@type\":\"ImageObject\",\"inLanguage\":\"en-US\",\"@id\":\"https:\\\/\\\/credaf.org\\\/republique-centrafricaine\\\/#primaryimage\",\"url\":\"https:\\\/\\\/credaf.org\\\/wp-content\\\/uploads\\\/2023\\\/08\\\/RCA.png\",\"contentUrl\":\"https:\\\/\\\/credaf.org\\\/wp-content\\\/uploads\\\/2023\\\/08\\\/RCA.png\"},{\"@type\":\"BreadcrumbList\",\"@id\":\"https:\\\/\\\/credaf.org\\\/republique-centrafricaine\\\/#breadcrumb\",\"itemListElement\":[{\"@type\":\"ListItem\",\"position\":1,\"name\":\"Accueil\",\"item\":\"https:\\\/\\\/credaf.org\\\/\"},{\"@type\":\"ListItem\",\"position\":2,\"name\":\"R\u00e9publique Centrafricaine\"}]},{\"@type\":\"WebSite\",\"@id\":\"https:\\\/\\\/credaf.org\\\/#website\",\"url\":\"https:\\\/\\\/credaf.org\\\/\",\"name\":\"\",\"description\":\"\",\"potentialAction\":[{\"@type\":\"SearchAction\",\"target\":{\"@type\":\"EntryPoint\",\"urlTemplate\":\"https:\\\/\\\/credaf.org\\\/?s={search_term_string}\"},\"query-input\":{\"@type\":\"PropertyValueSpecification\",\"valueRequired\":true,\"valueName\":\"search_term_string\"}}],\"inLanguage\":\"en-US\"}]}<\/script>\n<!-- \/ Yoast SEO plugin. -->","yoast_head_json":{"title":"R\u00e9publique Centrafricaine -","robots":{"index":"index","follow":"follow","max-snippet":"max-snippet:-1","max-image-preview":"max-image-preview:large","max-video-preview":"max-video-preview:-1"},"canonical":"https:\/\/credaf.org\/en\/republique-centrafricaine\/","og_locale":"en_US","og_type":"article","og_title":"R\u00e9publique Centrafricaine -","og_description":"La R\u00e9publique Centrafricaine Nature du r\u00e9gime :\u00a0Pr\u00e9sidentielChef de l\u2019Etat :\u00a0M. Faustin-Archange TOUAD\u00c9RA (depuis le 14 f\u00e9vrier 2016)Premier Ministre : M. Felix Moloua (depuis le\u00a07 f\u00e9vrier 2022) Administration fiscale Direction g\u00e9n\u00e9rale des Imp\u00f4ts Directeur g\u00e9n\u00e9ral\u00a0: M. Kobondji Douayh RomainSite Internet: http:\/\/www.finances-budget.cf\/ La R\u00e9publique centrafricaine en quelques chiffres Capitale :\u00a0BanguiSuperficie :\u00a0622 984 km\u00b2Nombre d\u2019habitants : 5,916 millions (Ined, 2024)PIB\/hab (estimation) : 537,6","og_url":"https:\/\/credaf.org\/en\/republique-centrafricaine\/","article_modified_time":"2024-06-24T05:19:24+00:00","og_image":[{"url":"https:\/\/credaf.org\/wp-content\/uploads\/2023\/08\/RCA.png","type":"","width":"","height":""}],"twitter_card":"summary_large_image","twitter_misc":{"Est. reading time":"2 minutes"},"schema":{"@context":"https:\/\/schema.org","@graph":[{"@type":"WebPage","@id":"https:\/\/credaf.org\/republique-centrafricaine\/","url":"https:\/\/credaf.org\/republique-centrafricaine\/","name":"R\u00e9publique Centrafricaine -","isPartOf":{"@id":"https:\/\/credaf.org\/#website"},"primaryImageOfPage":{"@id":"https:\/\/credaf.org\/republique-centrafricaine\/#primaryimage"},"image":{"@id":"https:\/\/credaf.org\/republique-centrafricaine\/#primaryimage"},"thumbnailUrl":"https:\/\/credaf.org\/wp-content\/uploads\/2023\/08\/RCA.png","datePublished":"2016-11-07T14:34:52+00:00","dateModified":"2024-06-24T05:19:24+00:00","breadcrumb":{"@id":"https:\/\/credaf.org\/republique-centrafricaine\/#breadcrumb"},"inLanguage":"en-US","potentialAction":[{"@type":"ReadAction","target":["https:\/\/credaf.org\/republique-centrafricaine\/"]}]},{"@type":"ImageObject","inLanguage":"en-US","@id":"https:\/\/credaf.org\/republique-centrafricaine\/#primaryimage","url":"https:\/\/credaf.org\/wp-content\/uploads\/2023\/08\/RCA.png","contentUrl":"https:\/\/credaf.org\/wp-content\/uploads\/2023\/08\/RCA.png"},{"@type":"BreadcrumbList","@id":"https:\/\/credaf.org\/republique-centrafricaine\/#breadcrumb","itemListElement":[{"@type":"ListItem","position":1,"name":"Accueil","item":"https:\/\/credaf.org\/"},{"@type":"ListItem","position":2,"name":"R\u00e9publique Centrafricaine"}]},{"@type":"WebSite","@id":"https:\/\/credaf.org\/#website","url":"https:\/\/credaf.org\/","name":"","description":"","potentialAction":[{"@type":"SearchAction","target":{"@type":"EntryPoint","urlTemplate":"https:\/\/credaf.org\/?s={search_term_string}"},"query-input":{"@type":"PropertyValueSpecification","valueRequired":true,"valueName":"search_term_string"}}],"inLanguage":"en-US"}]}},"rttpg_featured_image_url":null,"rttpg_author":{"display_name":"sgcredaf","author_link":"https:\/\/credaf.org\/en\/author\/sgcredaf\/"},"rttpg_comment":0,"rttpg_category":null,"rttpg_excerpt":"La R\u00e9publique Centrafricaine Nature du r\u00e9gime :\u00a0Pr\u00e9sidentielChef de l\u2019Etat :\u00a0M. Faustin-Archange TOUAD\u00c9RA (depuis le 14 f\u00e9vrier 2016)Premier Ministre : M. Felix Moloua (depuis le\u00a07 f\u00e9vrier 2022) Administration fiscale Direction g\u00e9n\u00e9rale des Imp\u00f4ts Directeur g\u00e9n\u00e9ral\u00a0: M. Kobondji Douayh RomainSite Internet: http:\/\/www.finances-budget.cf\/ La R\u00e9publique centrafricaine en quelques chiffres Capitale :\u00a0BanguiSuperficie :\u00a0622 984 km\u00b2Nombre d\u2019habitants : 5,916 millions&hellip;","_links":{"self":[{"href":"https:\/\/credaf.org\/en\/wp-json\/wp\/v2\/pages\/1411","targetHints":{"allow":["GET"]}}],"collection":[{"href":"https:\/\/credaf.org\/en\/wp-json\/wp\/v2\/pages"}],"about":[{"href":"https:\/\/credaf.org\/en\/wp-json\/wp\/v2\/types\/page"}],"author":[{"embeddable":true,"href":"https:\/\/credaf.org\/en\/wp-json\/wp\/v2\/users\/13"}],"replies":[{"embeddable":true,"href":"https:\/\/credaf.org\/en\/wp-json\/wp\/v2\/comments?post=1411"}],"version-history":[{"count":0,"href":"https:\/\/credaf.org\/en\/wp-json\/wp\/v2\/pages\/1411\/revisions"}],"wp:attachment":[{"href":"https:\/\/credaf.org\/en\/wp-json\/wp\/v2\/media?parent=1411"}],"curies":[{"name":"wp","href":"https:\/\/api.w.org\/{rel}","templated":true}]}}