{"id":1425,"date":"2016-11-07T16:00:18","date_gmt":"2016-11-07T15:00:18","guid":{"rendered":"http:\/\/credaf.org\/?page_id=1425"},"modified":"2024-06-24T07:30:45","modified_gmt":"2024-06-24T05:30:45","slug":"sao-tome-principe","status":"publish","type":"page","link":"https:\/\/credaf.org\/en\/sao-tome-principe\/","title":{"rendered":"Sao Tom\u00e9 &#038; Principe"},"content":{"rendered":"<div data-elementor-type=\"wp-page\" data-elementor-id=\"1425\" class=\"elementor elementor-1425\">\n\t\t\t\t<div class=\"elementor-element elementor-element-bffd6ba e-flex e-con-boxed wpr-particle-no wpr-jarallax-no wpr-parallax-no wpr-sticky-section-no wpr-equal-height-no e-con e-parent\" data-id=\"bffd6ba\" data-element_type=\"container\" data-e-type=\"container\">\n\t\t\t\t\t<div class=\"e-con-inner\">\n\t\t\t\t<div class=\"elementor-element elementor-element-6e89e77 elementor-widget elementor-widget-heading\" data-id=\"6e89e77\" data-element_type=\"widget\" data-e-type=\"widget\" data-widget_type=\"heading.default\">\n\t\t\t\t<div class=\"elementor-widget-container\">\n\t\t\t\t\t<h2 class=\"elementor-heading-title elementor-size-default\">La R\u00e9publique de Sao Tom\u00e9 &amp; Principe<\/h2>\t\t\t\t<\/div>\n\t\t\t\t<\/div>\n\t\t\t\t\t<\/div>\n\t\t\t\t<\/div>\n\t\t<div class=\"elementor-element elementor-element-3eca3f5 e-flex e-con-boxed wpr-particle-no wpr-jarallax-no wpr-parallax-no wpr-sticky-section-no wpr-equal-height-no e-con e-parent\" data-id=\"3eca3f5\" data-element_type=\"container\" data-e-type=\"container\">\n\t\t\t\t\t<div class=\"e-con-inner\">\n\t\t<div class=\"elementor-element elementor-element-d577430 e-con-full e-flex wpr-particle-no wpr-jarallax-no wpr-parallax-no wpr-sticky-section-no wpr-equal-height-no e-con e-child\" data-id=\"d577430\" data-element_type=\"container\" data-e-type=\"container\">\n\t\t\t\t<div class=\"elementor-element elementor-element-02dfab3 elementor-widget elementor-widget-text-editor\" data-id=\"02dfab3\" data-element_type=\"widget\" data-e-type=\"widget\" data-widget_type=\"text-editor.default\">\n\t\t\t\t<div class=\"elementor-widget-container\">\n\t\t\t\t\t\t\t\t\t<p><span style=\"font-weight: bold; color: var( --e-global-color-text ); font-family: var( --e-global-typography-text-font-family ), Sans-serif;\">Nature du r\u00e9gime :<\/span><span style=\"color: var( --e-global-color-text ); font-family: var( --e-global-typography-text-font-family ), Sans-serif; font-weight: var( --e-global-typography-text-font-weight );\">\u00a0Pr\u00e9sidentiel<br \/><\/span><span style=\"font-weight: bold;\">Chef de l\u2019\u00c9tat :<\/span> M. Carlos Vila Nova<br \/><span style=\"font-weight: bold;\">Premier ministre :<\/span> M. Patrice Trovoada<\/p><h4>Administration fiscale<\/h4><p>Direction des Imp\u00f4ts<\/p><p><span style=\"font-weight: bold;\">Directeur\u00a0<\/span>: M. Olinto SOUSA E COSTA<\/p><h4>Sao Tom\u00e9 &amp; Principe en quelques chiffres<\/h4><p><span style=\"font-weight: bold;\">Capitale :<\/span>\u00a0Sao Tom\u00e9<br \/><span style=\"font-weight: bold;\">Superficie :<\/span>\u00a01 001 km\u00b2<br \/><span style=\"font-weight: bold;\">Nombre d&rsquo;habitants :<\/span> 0,236 millions (Ined, 2024)<br \/><span style=\"font-weight: bold;\">PIB\/hab (estimation) :<\/span> 3,17 US$ (FMI, 2024)<\/p><p>Nos partenaires que sont l&rsquo;OCDE et le PNUD, r\u00e9digent, en collaboration avec le Groupe de la Banque Africaine de D\u00e9veloppement, des publications sur les perspectives \u00e9conomiques des pays africains.<\/p><p>Pour en savoir plus sur l&rsquo;\u00e9volution de la conjoncture \u00e9conomique de Sao Tom\u00e9 &amp; Principe,\u00a0<a href=\"https:\/\/www.afdb.org\/fr\/pays-afrique-australe\/sao-tome-et-principe\">click here<\/a>.<\/p>\t\t\t\t\t\t\t\t<\/div>\n\t\t\t\t<\/div>\n\t\t\t\t<\/div>\n\t\t<div class=\"elementor-element elementor-element-73e46f3 e-con-full e-flex wpr-particle-no wpr-jarallax-no wpr-parallax-no wpr-sticky-section-no wpr-equal-height-no e-con e-child\" data-id=\"73e46f3\" data-element_type=\"container\" data-e-type=\"container\">\n\t\t<div class=\"elementor-element elementor-element-d6ddbce e-flex e-con-boxed wpr-particle-no wpr-jarallax-no wpr-parallax-no wpr-sticky-section-no wpr-equal-height-no e-con e-child\" data-id=\"d6ddbce\" data-element_type=\"container\" data-e-type=\"container\">\n\t\t\t\t\t<div class=\"e-con-inner\">\n\t\t\t\t<div class=\"elementor-element elementor-element-2bef357 elementor-widget elementor-widget-image\" data-id=\"2bef357\" data-element_type=\"widget\" data-e-type=\"widget\" data-widget_type=\"image.default\">\n\t\t\t\t<div class=\"elementor-widget-container\">\n\t\t\t\t\t\t\t\t\t\t\t\t\t\t\t<img decoding=\"async\" width=\"300\" height=\"150\" src=\"https:\/\/credaf.org\/wp-content\/uploads\/2023\/08\/sao-tome-et-principe-300x150-1.png\" class=\"attachment-medium size-medium wp-image-10012\" alt=\"\" \/>\t\t\t\t\t\t\t\t\t\t\t\t\t\t\t<\/div>\n\t\t\t\t<\/div>\n\t\t\t\t\t<\/div>\n\t\t\t\t<\/div>\n\t\t<div class=\"elementor-element elementor-element-7c244db e-flex e-con-boxed wpr-particle-no wpr-jarallax-no wpr-parallax-no wpr-sticky-section-no wpr-equal-height-no e-con e-child\" data-id=\"7c244db\" data-element_type=\"container\" data-e-type=\"container\">\n\t\t\t\t\t<div class=\"e-con-inner\">\n\t\t\t\t<div class=\"elementor-element elementor-element-8ee1ec7 elementor-widget elementor-widget-image\" data-id=\"8ee1ec7\" data-element_type=\"widget\" data-e-type=\"widget\" data-widget_type=\"image.default\">\n\t\t\t\t<div class=\"elementor-widget-container\">\n\t\t\t\t\t\t\t\t\t\t\t\t\t\t\t<img fetchpriority=\"high\" decoding=\"async\" width=\"300\" height=\"264\" src=\"https:\/\/credaf.org\/wp-content\/uploads\/2023\/08\/Sao_Tome__Principe1-300x264.png\" class=\"attachment-medium size-medium wp-image-10010\" alt=\"\" srcset=\"https:\/\/credaf.org\/wp-content\/uploads\/2023\/08\/Sao_Tome__Principe1-300x264.png 300w, https:\/\/credaf.org\/wp-content\/uploads\/2023\/08\/Sao_Tome__Principe1.png 529w\" sizes=\"(max-width: 300px) 100vw, 300px\" \/>\t\t\t\t\t\t\t\t\t\t\t\t\t\t\t<\/div>\n\t\t\t\t<\/div>\n\t\t\t\t\t<\/div>\n\t\t\t\t<\/div>\n\t\t<div class=\"elementor-element elementor-element-dcc8cd2 e-flex e-con-boxed wpr-particle-no wpr-jarallax-no wpr-parallax-no wpr-sticky-section-no wpr-equal-height-no e-con e-child\" data-id=\"dcc8cd2\" data-element_type=\"container\" data-e-type=\"container\">\n\t\t\t\t\t<div class=\"e-con-inner\">\n\t\t\t\t<div class=\"elementor-element elementor-element-0f94191 elementor-widget elementor-widget-image\" data-id=\"0f94191\" data-element_type=\"widget\" data-e-type=\"widget\" data-widget_type=\"image.default\">\n\t\t\t\t<div class=\"elementor-widget-container\">\n\t\t\t\t\t\t\t\t\t\t\t\t\t\t\t<img decoding=\"async\" width=\"720\" height=\"720\" src=\"https:\/\/credaf.org\/wp-content\/uploads\/2023\/08\/Sao_Tome_et_Principe.gif\" class=\"attachment-large size-large wp-image-10011\" alt=\"\" \/>\t\t\t\t\t\t\t\t\t\t\t\t\t\t\t<\/div>\n\t\t\t\t<\/div>\n\t\t\t\t\t<\/div>\n\t\t\t\t<\/div>\n\t\t\t\t<\/div>\n\t\t\t\t\t<\/div>\n\t\t\t\t<\/div>\n\t\t\t\t<\/div>\n\t\t<!-- AddThis Advanced Settings generic via filter on the_content --><!-- AddThis Share Buttons generic via filter on the_content --><!-- AddThis Related Posts generic via filter on the_content -->","protected":false},"excerpt":{"rendered":"<p>La R\u00e9publique de Sao Tom\u00e9 &amp; Principe Nature du r\u00e9gime :\u00a0Pr\u00e9sidentielChef de l\u2019\u00c9tat : M. Carlos Vila NovaPremier ministre : M. Patrice Trovoada Administration fiscale Direction des Imp\u00f4ts Directeur\u00a0: M. Olinto SOUSA E COSTA Sao Tom\u00e9 &amp; Principe en quelques chiffres Capitale :\u00a0Sao Tom\u00e9Superficie :\u00a01 001 km\u00b2Nombre d&rsquo;habitants : 0,236 millions (Ined, 2024)PIB\/hab (estimation) : 3,17 US$ (FMI, 2024) Nos<\/p>","protected":false},"author":13,"featured_media":0,"parent":0,"menu_order":0,"comment_status":"closed","ping_status":"closed","template":"","meta":{"_acf_changed":false,"footnotes":""},"class_list":["post-1425","page","type-page","status-publish","hentry"],"acf":[],"yoast_head":"<!-- This site is optimized with the Yoast SEO plugin v27.4 - https:\/\/yoast.com\/product\/yoast-seo-wordpress\/ -->\n<title>Sao Tom\u00e9 &amp; Principe -<\/title>\n<meta name=\"robots\" content=\"index, follow, max-snippet:-1, max-image-preview:large, max-video-preview:-1\" \/>\n<link rel=\"canonical\" href=\"https:\/\/credaf.org\/en\/sao-tome-principe\/\" \/>\n<meta property=\"og:locale\" content=\"en_US\" \/>\n<meta property=\"og:type\" content=\"article\" \/>\n<meta property=\"og:title\" content=\"Sao Tom\u00e9 &amp; Principe -\" \/>\n<meta property=\"og:description\" content=\"La R\u00e9publique de Sao Tom\u00e9 &amp; Principe Nature du r\u00e9gime :\u00a0Pr\u00e9sidentielChef de l\u2019\u00c9tat : M. Carlos Vila NovaPremier ministre : M. Patrice Trovoada Administration fiscale Direction des Imp\u00f4ts Directeur\u00a0: M. Olinto SOUSA E COSTA Sao Tom\u00e9 &amp; Principe en quelques chiffres Capitale :\u00a0Sao Tom\u00e9Superficie :\u00a01 001 km\u00b2Nombre d&rsquo;habitants : 0,236 millions (Ined, 2024)PIB\/hab (estimation) : 3,17 US$ (FMI, 2024) Nos\" \/>\n<meta property=\"og:url\" content=\"https:\/\/credaf.org\/en\/sao-tome-principe\/\" \/>\n<meta property=\"article:modified_time\" content=\"2024-06-24T05:30:45+00:00\" \/>\n<meta property=\"og:image\" content=\"https:\/\/credaf.org\/wp-content\/uploads\/2023\/08\/sao-tome-et-principe-300x150-1.png\" \/>\n<meta name=\"twitter:card\" content=\"summary_large_image\" \/>\n<meta name=\"twitter:label1\" content=\"Est. reading time\" \/>\n\t<meta name=\"twitter:data1\" content=\"2 minutes\" \/>\n<script type=\"application\/ld+json\" class=\"yoast-schema-graph\">{\"@context\":\"https:\\\/\\\/schema.org\",\"@graph\":[{\"@type\":\"WebPage\",\"@id\":\"https:\\\/\\\/credaf.org\\\/sao-tome-principe\\\/\",\"url\":\"https:\\\/\\\/credaf.org\\\/sao-tome-principe\\\/\",\"name\":\"Sao Tom\u00e9 & Principe -\",\"isPartOf\":{\"@id\":\"https:\\\/\\\/credaf.org\\\/#website\"},\"primaryImageOfPage\":{\"@id\":\"https:\\\/\\\/credaf.org\\\/sao-tome-principe\\\/#primaryimage\"},\"image\":{\"@id\":\"https:\\\/\\\/credaf.org\\\/sao-tome-principe\\\/#primaryimage\"},\"thumbnailUrl\":\"https:\\\/\\\/credaf.org\\\/wp-content\\\/uploads\\\/2023\\\/08\\\/sao-tome-et-principe-300x150-1.png\",\"datePublished\":\"2016-11-07T15:00:18+00:00\",\"dateModified\":\"2024-06-24T05:30:45+00:00\",\"breadcrumb\":{\"@id\":\"https:\\\/\\\/credaf.org\\\/sao-tome-principe\\\/#breadcrumb\"},\"inLanguage\":\"en-US\",\"potentialAction\":[{\"@type\":\"ReadAction\",\"target\":[\"https:\\\/\\\/credaf.org\\\/sao-tome-principe\\\/\"]}]},{\"@type\":\"ImageObject\",\"inLanguage\":\"en-US\",\"@id\":\"https:\\\/\\\/credaf.org\\\/sao-tome-principe\\\/#primaryimage\",\"url\":\"https:\\\/\\\/credaf.org\\\/wp-content\\\/uploads\\\/2023\\\/08\\\/sao-tome-et-principe-300x150-1.png\",\"contentUrl\":\"https:\\\/\\\/credaf.org\\\/wp-content\\\/uploads\\\/2023\\\/08\\\/sao-tome-et-principe-300x150-1.png\"},{\"@type\":\"BreadcrumbList\",\"@id\":\"https:\\\/\\\/credaf.org\\\/sao-tome-principe\\\/#breadcrumb\",\"itemListElement\":[{\"@type\":\"ListItem\",\"position\":1,\"name\":\"Accueil\",\"item\":\"https:\\\/\\\/credaf.org\\\/\"},{\"@type\":\"ListItem\",\"position\":2,\"name\":\"Sao Tom\u00e9 &#038; Principe\"}]},{\"@type\":\"WebSite\",\"@id\":\"https:\\\/\\\/credaf.org\\\/#website\",\"url\":\"https:\\\/\\\/credaf.org\\\/\",\"name\":\"\",\"description\":\"\",\"potentialAction\":[{\"@type\":\"SearchAction\",\"target\":{\"@type\":\"EntryPoint\",\"urlTemplate\":\"https:\\\/\\\/credaf.org\\\/?s={search_term_string}\"},\"query-input\":{\"@type\":\"PropertyValueSpecification\",\"valueRequired\":true,\"valueName\":\"search_term_string\"}}],\"inLanguage\":\"en-US\"}]}<\/script>\n<!-- \/ Yoast SEO plugin. -->","yoast_head_json":{"title":"Sao Tom\u00e9 & Principe -","robots":{"index":"index","follow":"follow","max-snippet":"max-snippet:-1","max-image-preview":"max-image-preview:large","max-video-preview":"max-video-preview:-1"},"canonical":"https:\/\/credaf.org\/en\/sao-tome-principe\/","og_locale":"en_US","og_type":"article","og_title":"Sao Tom\u00e9 & Principe -","og_description":"La R\u00e9publique de Sao Tom\u00e9 &amp; Principe Nature du r\u00e9gime :\u00a0Pr\u00e9sidentielChef de l\u2019\u00c9tat : M. Carlos Vila NovaPremier ministre : M. Patrice Trovoada Administration fiscale Direction des Imp\u00f4ts Directeur\u00a0: M. Olinto SOUSA E COSTA Sao Tom\u00e9 &amp; Principe en quelques chiffres Capitale :\u00a0Sao Tom\u00e9Superficie :\u00a01 001 km\u00b2Nombre d&rsquo;habitants : 0,236 millions (Ined, 2024)PIB\/hab (estimation) : 3,17 US$ (FMI, 2024) Nos","og_url":"https:\/\/credaf.org\/en\/sao-tome-principe\/","article_modified_time":"2024-06-24T05:30:45+00:00","og_image":[{"url":"https:\/\/credaf.org\/wp-content\/uploads\/2023\/08\/sao-tome-et-principe-300x150-1.png","type":"","width":"","height":""}],"twitter_card":"summary_large_image","twitter_misc":{"Est. reading time":"2 minutes"},"schema":{"@context":"https:\/\/schema.org","@graph":[{"@type":"WebPage","@id":"https:\/\/credaf.org\/sao-tome-principe\/","url":"https:\/\/credaf.org\/sao-tome-principe\/","name":"Sao Tom\u00e9 & Principe -","isPartOf":{"@id":"https:\/\/credaf.org\/#website"},"primaryImageOfPage":{"@id":"https:\/\/credaf.org\/sao-tome-principe\/#primaryimage"},"image":{"@id":"https:\/\/credaf.org\/sao-tome-principe\/#primaryimage"},"thumbnailUrl":"https:\/\/credaf.org\/wp-content\/uploads\/2023\/08\/sao-tome-et-principe-300x150-1.png","datePublished":"2016-11-07T15:00:18+00:00","dateModified":"2024-06-24T05:30:45+00:00","breadcrumb":{"@id":"https:\/\/credaf.org\/sao-tome-principe\/#breadcrumb"},"inLanguage":"en-US","potentialAction":[{"@type":"ReadAction","target":["https:\/\/credaf.org\/sao-tome-principe\/"]}]},{"@type":"ImageObject","inLanguage":"en-US","@id":"https:\/\/credaf.org\/sao-tome-principe\/#primaryimage","url":"https:\/\/credaf.org\/wp-content\/uploads\/2023\/08\/sao-tome-et-principe-300x150-1.png","contentUrl":"https:\/\/credaf.org\/wp-content\/uploads\/2023\/08\/sao-tome-et-principe-300x150-1.png"},{"@type":"BreadcrumbList","@id":"https:\/\/credaf.org\/sao-tome-principe\/#breadcrumb","itemListElement":[{"@type":"ListItem","position":1,"name":"Accueil","item":"https:\/\/credaf.org\/"},{"@type":"ListItem","position":2,"name":"Sao Tom\u00e9 &#038; Principe"}]},{"@type":"WebSite","@id":"https:\/\/credaf.org\/#website","url":"https:\/\/credaf.org\/","name":"","description":"","potentialAction":[{"@type":"SearchAction","target":{"@type":"EntryPoint","urlTemplate":"https:\/\/credaf.org\/?s={search_term_string}"},"query-input":{"@type":"PropertyValueSpecification","valueRequired":true,"valueName":"search_term_string"}}],"inLanguage":"en-US"}]}},"rttpg_featured_image_url":null,"rttpg_author":{"display_name":"sgcredaf","author_link":"https:\/\/credaf.org\/en\/author\/sgcredaf\/"},"rttpg_comment":0,"rttpg_category":null,"rttpg_excerpt":"La R\u00e9publique de Sao Tom\u00e9 &amp; Principe Nature du r\u00e9gime :\u00a0Pr\u00e9sidentielChef de l\u2019\u00c9tat : M. Carlos Vila NovaPremier ministre : M. Patrice Trovoada Administration fiscale Direction des Imp\u00f4ts Directeur\u00a0: M. Olinto SOUSA E COSTA Sao Tom\u00e9 &amp; Principe en quelques chiffres Capitale :\u00a0Sao Tom\u00e9Superficie :\u00a01 001 km\u00b2Nombre d&rsquo;habitants : 0,236 millions (Ined, 2024)PIB\/hab (estimation) :&hellip;","_links":{"self":[{"href":"https:\/\/credaf.org\/en\/wp-json\/wp\/v2\/pages\/1425","targetHints":{"allow":["GET"]}}],"collection":[{"href":"https:\/\/credaf.org\/en\/wp-json\/wp\/v2\/pages"}],"about":[{"href":"https:\/\/credaf.org\/en\/wp-json\/wp\/v2\/types\/page"}],"author":[{"embeddable":true,"href":"https:\/\/credaf.org\/en\/wp-json\/wp\/v2\/users\/13"}],"replies":[{"embeddable":true,"href":"https:\/\/credaf.org\/en\/wp-json\/wp\/v2\/comments?post=1425"}],"version-history":[{"count":0,"href":"https:\/\/credaf.org\/en\/wp-json\/wp\/v2\/pages\/1425\/revisions"}],"wp:attachment":[{"href":"https:\/\/credaf.org\/en\/wp-json\/wp\/v2\/media?parent=1425"}],"curies":[{"name":"wp","href":"https:\/\/api.w.org\/{rel}","templated":true}]}}