{"id":1458,"date":"2016-11-15T10:44:40","date_gmt":"2016-11-15T09:44:40","guid":{"rendered":"http:\/\/credaf.org\/?page_id=1458"},"modified":"2024-06-24T07:38:31","modified_gmt":"2024-06-24T05:38:31","slug":"senegal","status":"publish","type":"page","link":"https:\/\/credaf.org\/en\/senegal\/","title":{"rendered":"S\u00e9n\u00e9gal"},"content":{"rendered":"<div data-elementor-type=\"wp-page\" data-elementor-id=\"1458\" class=\"elementor elementor-1458\">\n\t\t\t\t<div class=\"elementor-element elementor-element-7fbd131 e-flex e-con-boxed wpr-particle-no wpr-jarallax-no wpr-parallax-no wpr-sticky-section-no wpr-equal-height-no e-con e-parent\" data-id=\"7fbd131\" data-element_type=\"container\" data-e-type=\"container\">\n\t\t\t\t\t<div class=\"e-con-inner\">\n\t\t\t\t<div class=\"elementor-element elementor-element-b25fad7 elementor-widget elementor-widget-heading\" data-id=\"b25fad7\" data-element_type=\"widget\" data-e-type=\"widget\" data-widget_type=\"heading.default\">\n\t\t\t\t<div class=\"elementor-widget-container\">\n\t\t\t\t\t<h2 class=\"elementor-heading-title elementor-size-default\">La R\u00e9publique du S\u00e9n\u00e9gal<\/h2>\t\t\t\t<\/div>\n\t\t\t\t<\/div>\n\t\t\t\t\t<\/div>\n\t\t\t\t<\/div>\n\t\t<div class=\"elementor-element elementor-element-c785800 e-flex e-con-boxed wpr-particle-no wpr-jarallax-no wpr-parallax-no wpr-sticky-section-no wpr-equal-height-no e-con e-parent\" data-id=\"c785800\" data-element_type=\"container\" data-e-type=\"container\">\n\t\t\t\t\t<div class=\"e-con-inner\">\n\t\t<div class=\"elementor-element elementor-element-db74b95 e-con-full e-flex wpr-particle-no wpr-jarallax-no wpr-parallax-no wpr-sticky-section-no wpr-equal-height-no e-con e-child\" data-id=\"db74b95\" data-element_type=\"container\" data-e-type=\"container\">\n\t\t\t\t<div class=\"elementor-element elementor-element-b64be4a elementor-widget elementor-widget-text-editor\" data-id=\"b64be4a\" data-element_type=\"widget\" data-e-type=\"widget\" data-widget_type=\"text-editor.default\">\n\t\t\t\t<div class=\"elementor-widget-container\">\n\t\t\t\t\t\t\t\t\t<p><span style=\"font-weight: bold; color: var( --e-global-color-text ); font-family: var( --e-global-typography-text-font-family ), Sans-serif;\">Nature du r\u00e9gime :<\/span><span style=\"color: var( --e-global-color-text ); font-family: var( --e-global-typography-text-font-family ), Sans-serif; font-weight: var( --e-global-typography-text-font-weight );\">\u00a0Semi-Pr\u00e9sidentiel<br \/><\/span><span style=\"font-weight: bold;\">Chef de l\u2019Etat :<\/span> M. Bassirou Diomaye Faye (depuis le\u00a0<em>2 avril 2024<\/em>)<\/p><p><strong>Chef du gouvernement :<\/strong> Ousmane Sonko (depuis le <em>2 avril 2024<\/em>)<\/p><h4>Administration fiscale<\/h4><p>Direction g\u00e9n\u00e9rale des imp\u00f4ts et des domaines<\/p><p><span style=\"font-weight: bold;\">Directeur g\u00e9n\u00e9ral<\/span> : M. Abdoulaye Diagne<br \/><span style=\"font-weight: bold;\">Site Internet :\u00a0<\/span><a href=\"http:\/\/www.impotsetdomaines.gouv.sn\/\">http:\/\/www.impotsetdomaines.gouv.sn\u00a0<\/a><\/p><h4>Le S\u00e9n\u00e9gal en quelques chiffres<\/h4><p><span style=\"font-weight: bold;\">Capitale :<\/span>\u00a0Dakar<br \/><span style=\"font-weight: bold;\">Superficie :<\/span>\u00a0196 722 km\u00b2<br \/><span style=\"font-weight: bold;\">Nombre d\u2019habitants :<\/span> 18,222 millions (Ined, 2024)<br \/><span style=\"font-weight: bold;\">PIB\/hab :<\/span> 1,900 US$ (FMI, 2024)<\/p><p>L\u2019OCDE et le PNUD ont produit des publications sur les perspectives \u00e9conomiques des pays africains en partenariat avec la Banque africaine de d\u00e9veloppement.<\/p><p>Pour en savoir plus sur la situation \u00e9conomique du S\u00e9n\u00e9gal,\u00a0<a href=\"https:\/\/www.afdb.org\/fr\/countries\/west-africa\/senegal\">click here<\/a>.<\/p>\t\t\t\t\t\t\t\t<\/div>\n\t\t\t\t<\/div>\n\t\t\t\t<\/div>\n\t\t<div class=\"elementor-element elementor-element-c9ad19a e-con-full e-flex wpr-particle-no wpr-jarallax-no wpr-parallax-no wpr-sticky-section-no wpr-equal-height-no e-con e-child\" data-id=\"c9ad19a\" data-element_type=\"container\" data-e-type=\"container\">\n\t\t<div class=\"elementor-element elementor-element-51ad208 e-flex e-con-boxed wpr-particle-no wpr-jarallax-no wpr-parallax-no wpr-sticky-section-no wpr-equal-height-no e-con e-child\" data-id=\"51ad208\" data-element_type=\"container\" data-e-type=\"container\">\n\t\t\t\t\t<div class=\"e-con-inner\">\n\t\t\t\t<div class=\"elementor-element elementor-element-d64d701 elementor-widget elementor-widget-image\" data-id=\"d64d701\" data-element_type=\"widget\" data-e-type=\"widget\" data-widget_type=\"image.default\">\n\t\t\t\t<div class=\"elementor-widget-container\">\n\t\t\t\t\t\t\t\t\t\t\t\t\t\t\t<img fetchpriority=\"high\" decoding=\"async\" width=\"300\" height=\"200\" src=\"https:\/\/credaf.org\/wp-content\/uploads\/2023\/08\/SENEGAL-300x200.gif\" class=\"attachment-medium size-medium wp-image-10005\" alt=\"\" \/>\t\t\t\t\t\t\t\t\t\t\t\t\t\t\t<\/div>\n\t\t\t\t<\/div>\n\t\t\t\t\t<\/div>\n\t\t\t\t<\/div>\n\t\t<div class=\"elementor-element elementor-element-c56738b e-flex e-con-boxed wpr-particle-no wpr-jarallax-no wpr-parallax-no wpr-sticky-section-no wpr-equal-height-no e-con e-child\" data-id=\"c56738b\" data-element_type=\"container\" data-e-type=\"container\">\n\t\t\t\t\t<div class=\"e-con-inner\">\n\t\t\t\t<div class=\"elementor-element elementor-element-0dd00fc elementor-widget elementor-widget-image\" data-id=\"0dd00fc\" data-element_type=\"widget\" data-e-type=\"widget\" data-widget_type=\"image.default\">\n\t\t\t\t<div class=\"elementor-widget-container\">\n\t\t\t\t\t\t\t\t\t\t\t\t\t\t\t<img decoding=\"async\" width=\"300\" height=\"89\" src=\"https:\/\/credaf.org\/wp-content\/uploads\/2023\/08\/Senegal_DGID-300x89.png\" class=\"attachment-medium size-medium wp-image-10004\" alt=\"\" srcset=\"https:\/\/credaf.org\/wp-content\/uploads\/2023\/08\/Senegal_DGID-300x89.png 300w, https:\/\/credaf.org\/wp-content\/uploads\/2023\/08\/Senegal_DGID.png 470w\" sizes=\"(max-width: 300px) 100vw, 300px\" \/>\t\t\t\t\t\t\t\t\t\t\t\t\t\t\t<\/div>\n\t\t\t\t<\/div>\n\t\t\t\t\t<\/div>\n\t\t\t\t<\/div>\n\t\t<div class=\"elementor-element elementor-element-0a732c8 e-flex e-con-boxed wpr-particle-no wpr-jarallax-no wpr-parallax-no wpr-sticky-section-no wpr-equal-height-no e-con e-child\" data-id=\"0a732c8\" data-element_type=\"container\" data-e-type=\"container\">\n\t\t\t\t\t<div class=\"e-con-inner\">\n\t\t\t\t<div class=\"elementor-element elementor-element-5697bee elementor-widget elementor-widget-image\" data-id=\"5697bee\" data-element_type=\"widget\" data-e-type=\"widget\" data-widget_type=\"image.default\">\n\t\t\t\t<div class=\"elementor-widget-container\">\n\t\t\t\t\t\t\t\t\t\t\t\t\t\t\t<img decoding=\"async\" width=\"720\" height=\"520\" src=\"https:\/\/credaf.org\/wp-content\/uploads\/2023\/08\/SENEGAL-1024x740.jpg\" class=\"attachment-large size-large wp-image-10006\" alt=\"\" srcset=\"https:\/\/credaf.org\/wp-content\/uploads\/2023\/08\/SENEGAL-1024x740.jpg 1024w, https:\/\/credaf.org\/wp-content\/uploads\/2023\/08\/SENEGAL-600x433.jpg 600w, https:\/\/credaf.org\/wp-content\/uploads\/2023\/08\/SENEGAL-300x217.jpg 300w, https:\/\/credaf.org\/wp-content\/uploads\/2023\/08\/SENEGAL-768x555.jpg 768w, https:\/\/credaf.org\/wp-content\/uploads\/2023\/08\/SENEGAL.jpg 1134w\" sizes=\"(max-width: 720px) 100vw, 720px\" \/>\t\t\t\t\t\t\t\t\t\t\t\t\t\t\t<\/div>\n\t\t\t\t<\/div>\n\t\t\t\t\t<\/div>\n\t\t\t\t<\/div>\n\t\t\t\t<\/div>\n\t\t\t\t\t<\/div>\n\t\t\t\t<\/div>\n\t\t\t\t<\/div>\n\t\t<!-- AddThis Advanced Settings generic via filter on the_content --><!-- AddThis Share Buttons generic via filter on the_content --><!-- AddThis Related Posts generic via filter on the_content -->","protected":false},"excerpt":{"rendered":"<p>La R\u00e9publique du S\u00e9n\u00e9gal Nature du r\u00e9gime :\u00a0Semi-Pr\u00e9sidentielChef de l\u2019Etat : M. Bassirou Diomaye Faye (depuis le\u00a02 avril 2024) Chef du gouvernement : Ousmane Sonko (depuis le 2 avril 2024) Administration fiscale Direction g\u00e9n\u00e9rale des imp\u00f4ts et des domaines Directeur g\u00e9n\u00e9ral : M. Abdoulaye DiagneSite Internet :\u00a0http:\/\/www.impotsetdomaines.gouv.sn\u00a0 Le S\u00e9n\u00e9gal en quelques chiffres Capitale :\u00a0DakarSuperficie :\u00a0196 722 km\u00b2Nombre d\u2019habitants : 18,222<\/p>","protected":false},"author":13,"featured_media":0,"parent":0,"menu_order":0,"comment_status":"closed","ping_status":"closed","template":"","meta":{"_acf_changed":false,"footnotes":""},"class_list":["post-1458","page","type-page","status-publish","hentry"],"acf":[],"yoast_head":"<!-- This site is optimized with the Yoast SEO plugin v27.4 - https:\/\/yoast.com\/product\/yoast-seo-wordpress\/ -->\n<title>S\u00e9n\u00e9gal -<\/title>\n<meta name=\"robots\" content=\"index, follow, max-snippet:-1, max-image-preview:large, max-video-preview:-1\" \/>\n<link rel=\"canonical\" href=\"https:\/\/credaf.org\/en\/senegal\/\" \/>\n<meta property=\"og:locale\" content=\"en_US\" \/>\n<meta property=\"og:type\" content=\"article\" \/>\n<meta property=\"og:title\" content=\"S\u00e9n\u00e9gal -\" \/>\n<meta property=\"og:description\" content=\"La R\u00e9publique du S\u00e9n\u00e9gal Nature du r\u00e9gime :\u00a0Semi-Pr\u00e9sidentielChef de l\u2019Etat : M. Bassirou Diomaye Faye (depuis le\u00a02 avril 2024) Chef du gouvernement : Ousmane Sonko (depuis le 2 avril 2024) Administration fiscale Direction g\u00e9n\u00e9rale des imp\u00f4ts et des domaines Directeur g\u00e9n\u00e9ral : M. Abdoulaye DiagneSite Internet :\u00a0http:\/\/www.impotsetdomaines.gouv.sn\u00a0 Le S\u00e9n\u00e9gal en quelques chiffres Capitale :\u00a0DakarSuperficie :\u00a0196 722 km\u00b2Nombre d\u2019habitants : 18,222\" \/>\n<meta property=\"og:url\" content=\"https:\/\/credaf.org\/en\/senegal\/\" \/>\n<meta property=\"article:modified_time\" content=\"2024-06-24T05:38:31+00:00\" \/>\n<meta property=\"og:image\" content=\"https:\/\/credaf.org\/wp-content\/uploads\/2023\/08\/SENEGAL-300x200.gif\" \/>\n<meta name=\"twitter:card\" content=\"summary_large_image\" \/>\n<meta name=\"twitter:label1\" content=\"Est. reading time\" \/>\n\t<meta name=\"twitter:data1\" content=\"2 minutes\" \/>\n<script type=\"application\/ld+json\" class=\"yoast-schema-graph\">{\"@context\":\"https:\\\/\\\/schema.org\",\"@graph\":[{\"@type\":\"WebPage\",\"@id\":\"https:\\\/\\\/credaf.org\\\/senegal\\\/\",\"url\":\"https:\\\/\\\/credaf.org\\\/senegal\\\/\",\"name\":\"S\u00e9n\u00e9gal -\",\"isPartOf\":{\"@id\":\"https:\\\/\\\/credaf.org\\\/#website\"},\"primaryImageOfPage\":{\"@id\":\"https:\\\/\\\/credaf.org\\\/senegal\\\/#primaryimage\"},\"image\":{\"@id\":\"https:\\\/\\\/credaf.org\\\/senegal\\\/#primaryimage\"},\"thumbnailUrl\":\"https:\\\/\\\/credaf.org\\\/wp-content\\\/uploads\\\/2023\\\/08\\\/SENEGAL-300x200.gif\",\"datePublished\":\"2016-11-15T09:44:40+00:00\",\"dateModified\":\"2024-06-24T05:38:31+00:00\",\"breadcrumb\":{\"@id\":\"https:\\\/\\\/credaf.org\\\/senegal\\\/#breadcrumb\"},\"inLanguage\":\"en-US\",\"potentialAction\":[{\"@type\":\"ReadAction\",\"target\":[\"https:\\\/\\\/credaf.org\\\/senegal\\\/\"]}]},{\"@type\":\"ImageObject\",\"inLanguage\":\"en-US\",\"@id\":\"https:\\\/\\\/credaf.org\\\/senegal\\\/#primaryimage\",\"url\":\"https:\\\/\\\/credaf.org\\\/wp-content\\\/uploads\\\/2023\\\/08\\\/SENEGAL-300x200.gif\",\"contentUrl\":\"https:\\\/\\\/credaf.org\\\/wp-content\\\/uploads\\\/2023\\\/08\\\/SENEGAL-300x200.gif\"},{\"@type\":\"BreadcrumbList\",\"@id\":\"https:\\\/\\\/credaf.org\\\/senegal\\\/#breadcrumb\",\"itemListElement\":[{\"@type\":\"ListItem\",\"position\":1,\"name\":\"Accueil\",\"item\":\"https:\\\/\\\/credaf.org\\\/\"},{\"@type\":\"ListItem\",\"position\":2,\"name\":\"S\u00e9n\u00e9gal\"}]},{\"@type\":\"WebSite\",\"@id\":\"https:\\\/\\\/credaf.org\\\/#website\",\"url\":\"https:\\\/\\\/credaf.org\\\/\",\"name\":\"\",\"description\":\"\",\"potentialAction\":[{\"@type\":\"SearchAction\",\"target\":{\"@type\":\"EntryPoint\",\"urlTemplate\":\"https:\\\/\\\/credaf.org\\\/?s={search_term_string}\"},\"query-input\":{\"@type\":\"PropertyValueSpecification\",\"valueRequired\":true,\"valueName\":\"search_term_string\"}}],\"inLanguage\":\"en-US\"}]}<\/script>\n<!-- \/ Yoast SEO plugin. -->","yoast_head_json":{"title":"S\u00e9n\u00e9gal -","robots":{"index":"index","follow":"follow","max-snippet":"max-snippet:-1","max-image-preview":"max-image-preview:large","max-video-preview":"max-video-preview:-1"},"canonical":"https:\/\/credaf.org\/en\/senegal\/","og_locale":"en_US","og_type":"article","og_title":"S\u00e9n\u00e9gal -","og_description":"La R\u00e9publique du S\u00e9n\u00e9gal Nature du r\u00e9gime :\u00a0Semi-Pr\u00e9sidentielChef de l\u2019Etat : M. Bassirou Diomaye Faye (depuis le\u00a02 avril 2024) Chef du gouvernement : Ousmane Sonko (depuis le 2 avril 2024) Administration fiscale Direction g\u00e9n\u00e9rale des imp\u00f4ts et des domaines Directeur g\u00e9n\u00e9ral : M. Abdoulaye DiagneSite Internet :\u00a0http:\/\/www.impotsetdomaines.gouv.sn\u00a0 Le S\u00e9n\u00e9gal en quelques chiffres Capitale :\u00a0DakarSuperficie :\u00a0196 722 km\u00b2Nombre d\u2019habitants : 18,222","og_url":"https:\/\/credaf.org\/en\/senegal\/","article_modified_time":"2024-06-24T05:38:31+00:00","og_image":[{"url":"https:\/\/credaf.org\/wp-content\/uploads\/2023\/08\/SENEGAL-300x200.gif","type":"","width":"","height":""}],"twitter_card":"summary_large_image","twitter_misc":{"Est. reading time":"2 minutes"},"schema":{"@context":"https:\/\/schema.org","@graph":[{"@type":"WebPage","@id":"https:\/\/credaf.org\/senegal\/","url":"https:\/\/credaf.org\/senegal\/","name":"S\u00e9n\u00e9gal -","isPartOf":{"@id":"https:\/\/credaf.org\/#website"},"primaryImageOfPage":{"@id":"https:\/\/credaf.org\/senegal\/#primaryimage"},"image":{"@id":"https:\/\/credaf.org\/senegal\/#primaryimage"},"thumbnailUrl":"https:\/\/credaf.org\/wp-content\/uploads\/2023\/08\/SENEGAL-300x200.gif","datePublished":"2016-11-15T09:44:40+00:00","dateModified":"2024-06-24T05:38:31+00:00","breadcrumb":{"@id":"https:\/\/credaf.org\/senegal\/#breadcrumb"},"inLanguage":"en-US","potentialAction":[{"@type":"ReadAction","target":["https:\/\/credaf.org\/senegal\/"]}]},{"@type":"ImageObject","inLanguage":"en-US","@id":"https:\/\/credaf.org\/senegal\/#primaryimage","url":"https:\/\/credaf.org\/wp-content\/uploads\/2023\/08\/SENEGAL-300x200.gif","contentUrl":"https:\/\/credaf.org\/wp-content\/uploads\/2023\/08\/SENEGAL-300x200.gif"},{"@type":"BreadcrumbList","@id":"https:\/\/credaf.org\/senegal\/#breadcrumb","itemListElement":[{"@type":"ListItem","position":1,"name":"Accueil","item":"https:\/\/credaf.org\/"},{"@type":"ListItem","position":2,"name":"S\u00e9n\u00e9gal"}]},{"@type":"WebSite","@id":"https:\/\/credaf.org\/#website","url":"https:\/\/credaf.org\/","name":"","description":"","potentialAction":[{"@type":"SearchAction","target":{"@type":"EntryPoint","urlTemplate":"https:\/\/credaf.org\/?s={search_term_string}"},"query-input":{"@type":"PropertyValueSpecification","valueRequired":true,"valueName":"search_term_string"}}],"inLanguage":"en-US"}]}},"rttpg_featured_image_url":null,"rttpg_author":{"display_name":"sgcredaf","author_link":"https:\/\/credaf.org\/en\/author\/sgcredaf\/"},"rttpg_comment":0,"rttpg_category":null,"rttpg_excerpt":"La R\u00e9publique du S\u00e9n\u00e9gal Nature du r\u00e9gime :\u00a0Semi-Pr\u00e9sidentielChef de l\u2019Etat : M. Bassirou Diomaye Faye (depuis le\u00a02 avril 2024) Chef du gouvernement : Ousmane Sonko (depuis le 2 avril 2024) Administration fiscale Direction g\u00e9n\u00e9rale des imp\u00f4ts et des domaines Directeur g\u00e9n\u00e9ral : M. Abdoulaye DiagneSite Internet :\u00a0http:\/\/www.impotsetdomaines.gouv.sn\u00a0 Le S\u00e9n\u00e9gal en quelques chiffres Capitale :\u00a0DakarSuperficie :\u00a0196&hellip;","_links":{"self":[{"href":"https:\/\/credaf.org\/en\/wp-json\/wp\/v2\/pages\/1458","targetHints":{"allow":["GET"]}}],"collection":[{"href":"https:\/\/credaf.org\/en\/wp-json\/wp\/v2\/pages"}],"about":[{"href":"https:\/\/credaf.org\/en\/wp-json\/wp\/v2\/types\/page"}],"author":[{"embeddable":true,"href":"https:\/\/credaf.org\/en\/wp-json\/wp\/v2\/users\/13"}],"replies":[{"embeddable":true,"href":"https:\/\/credaf.org\/en\/wp-json\/wp\/v2\/comments?post=1458"}],"version-history":[{"count":0,"href":"https:\/\/credaf.org\/en\/wp-json\/wp\/v2\/pages\/1458\/revisions"}],"wp:attachment":[{"href":"https:\/\/credaf.org\/en\/wp-json\/wp\/v2\/media?parent=1458"}],"curies":[{"name":"wp","href":"https:\/\/api.w.org\/{rel}","templated":true}]}}