{"id":1466,"date":"2019-12-01T11:10:37","date_gmt":"2019-12-01T10:10:37","guid":{"rendered":"http:\/\/credaf.org\/?page_id=1466"},"modified":"2024-06-24T07:42:29","modified_gmt":"2024-06-24T05:42:29","slug":"tchad","status":"publish","type":"page","link":"https:\/\/credaf.org\/en\/tchad\/","title":{"rendered":"Tchad"},"content":{"rendered":"<div data-elementor-type=\"wp-page\" data-elementor-id=\"1466\" class=\"elementor elementor-1466\">\n\t\t\t\t<div class=\"elementor-element elementor-element-bbb8c53 e-flex e-con-boxed wpr-particle-no wpr-jarallax-no wpr-parallax-no wpr-sticky-section-no wpr-equal-height-no e-con e-parent\" data-id=\"bbb8c53\" data-element_type=\"container\" data-e-type=\"container\">\n\t\t\t\t\t<div class=\"e-con-inner\">\n\t\t\t\t<div class=\"elementor-element elementor-element-9530703 elementor-widget elementor-widget-heading\" data-id=\"9530703\" data-element_type=\"widget\" data-e-type=\"widget\" data-widget_type=\"heading.default\">\n\t\t\t\t<div class=\"elementor-widget-container\">\n\t\t\t\t\t<h2 class=\"elementor-heading-title elementor-size-default\">La R\u00e9publique du Tchad<\/h2>\t\t\t\t<\/div>\n\t\t\t\t<\/div>\n\t\t\t\t\t<\/div>\n\t\t\t\t<\/div>\n\t\t<div class=\"elementor-element elementor-element-caacc96 e-flex e-con-boxed wpr-particle-no wpr-jarallax-no wpr-parallax-no wpr-sticky-section-no wpr-equal-height-no e-con e-parent\" data-id=\"caacc96\" data-element_type=\"container\" data-e-type=\"container\">\n\t\t\t\t\t<div class=\"e-con-inner\">\n\t\t<div class=\"elementor-element elementor-element-46012e3 e-con-full e-flex wpr-particle-no wpr-jarallax-no wpr-parallax-no wpr-sticky-section-no wpr-equal-height-no e-con e-child\" data-id=\"46012e3\" data-element_type=\"container\" data-e-type=\"container\">\n\t\t\t\t<div class=\"elementor-element elementor-element-678dd76 elementor-widget elementor-widget-text-editor\" data-id=\"678dd76\" data-element_type=\"widget\" data-e-type=\"widget\" data-widget_type=\"text-editor.default\">\n\t\t\t\t<div class=\"elementor-widget-container\">\n\t\t\t\t\t\t\t\t\t<p><span style=\"font-weight: bold; color: var( --e-global-color-text ); font-family: var( --e-global-typography-text-font-family ), Sans-serif;\">Nature du r\u00e9gime :<\/span><span style=\"color: var( --e-global-color-text ); font-family: var( --e-global-typography-text-font-family ), Sans-serif; font-weight: var( --e-global-typography-text-font-weight );\">\u00a0Pr\u00e9sidentiel<br \/><\/span><span style=\"font-weight: bold;\">Chef de l\u2019Etat :\u00a0<\/span>M. Mahamat Idriss D\u00e9by<br \/><span style=\"font-weight: bold;\">Premier Ministre :\u00a0<\/span>M. Allamaye Halina<\/p><h4>Administration fiscale<\/h4><p>Direction g\u00e9n\u00e9rale des Imp\u00f4ts<\/p><p><span style=\"font-weight: bold;\">Directeur g\u00e9n\u00e9ral<\/span> : M. Mbairari Bari Henri<br \/><span style=\"font-weight: bold;\">Site Internet: <\/span><a href=\"https:\/\/credaf.org\/fr\/tchad\/dgi.td\">https:\/\/credaf.org\/fr\/tchad\/dgi.td<\/a><\/p><h4>Le Tchad en quelques chiffres<\/h4><p><span style=\"font-weight: bold;\">Capitale :<\/span>\u00a0N\u2019Djamena<br \/><span style=\"font-weight: bold;\">Superficie :<\/span>\u00a01 284 000 km\u00b2<br \/><span style=\"font-weight: bold;\">Nombre d\u2019habitants :<\/span> 18,847 millions (Ined, 2024)<br \/><span style=\"font-weight: bold;\">PIB\/hab :<\/span>\u00a01 010,67 US$ (FMI, 2022)<\/p><p>L\u2019OCDE et le PNUD ont produit des publications sur les perspectives \u00e9conomiques des pays africains en partenariat avec la Banque africaine de d\u00e9veloppement.<\/p><p>Pour en savoir plus sur la situation \u00e9conomique du Tchad,\u00a0<a href=\"https:\/\/www.afdb.org\/fr\/countries\/central-africa\/chad\">click here<\/a>.<\/p>\t\t\t\t\t\t\t\t<\/div>\n\t\t\t\t<\/div>\n\t\t\t\t<\/div>\n\t\t<div class=\"elementor-element elementor-element-02816b1 e-con-full e-flex wpr-particle-no wpr-jarallax-no wpr-parallax-no wpr-sticky-section-no wpr-equal-height-no e-con e-child\" data-id=\"02816b1\" data-element_type=\"container\" data-e-type=\"container\">\n\t\t<div class=\"elementor-element elementor-element-f182236 e-flex e-con-boxed wpr-particle-no wpr-jarallax-no wpr-parallax-no wpr-sticky-section-no wpr-equal-height-no e-con e-child\" data-id=\"f182236\" data-element_type=\"container\" data-e-type=\"container\">\n\t\t\t\t\t<div class=\"e-con-inner\">\n\t\t\t\t<div class=\"elementor-element elementor-element-2d0916d elementor-widget elementor-widget-image\" data-id=\"2d0916d\" data-element_type=\"widget\" data-e-type=\"widget\" data-widget_type=\"image.default\">\n\t\t\t\t<div class=\"elementor-widget-container\">\n\t\t\t\t\t\t\t\t\t\t\t\t\t\t\t<img decoding=\"async\" width=\"125\" height=\"83\" src=\"https:\/\/credaf.org\/wp-content\/uploads\/2023\/08\/Tchad.png\" class=\"attachment-large size-large wp-image-9996\" alt=\"\" \/>\t\t\t\t\t\t\t\t\t\t\t\t\t\t\t<\/div>\n\t\t\t\t<\/div>\n\t\t\t\t\t<\/div>\n\t\t\t\t<\/div>\n\t\t<div class=\"elementor-element elementor-element-567b894 e-flex e-con-boxed wpr-particle-no wpr-jarallax-no wpr-parallax-no wpr-sticky-section-no wpr-equal-height-no e-con e-child\" data-id=\"567b894\" data-element_type=\"container\" data-e-type=\"container\">\n\t\t\t\t\t<div class=\"e-con-inner\">\n\t\t\t\t<div class=\"elementor-element elementor-element-0054bab elementor-widget elementor-widget-image\" data-id=\"0054bab\" data-element_type=\"widget\" data-e-type=\"widget\" data-widget_type=\"image.default\">\n\t\t\t\t<div class=\"elementor-widget-container\">\n\t\t\t\t\t\t\t\t\t\t\t\t\t\t\t<img fetchpriority=\"high\" decoding=\"async\" width=\"300\" height=\"236\" src=\"https:\/\/credaf.org\/wp-content\/uploads\/2023\/08\/Tchad-1-300x236.png\" class=\"attachment-medium size-medium wp-image-9997\" alt=\"\" srcset=\"https:\/\/credaf.org\/wp-content\/uploads\/2023\/08\/Tchad-1-300x236.png 300w, https:\/\/credaf.org\/wp-content\/uploads\/2023\/08\/Tchad-1-600x471.png 600w, https:\/\/credaf.org\/wp-content\/uploads\/2023\/08\/Tchad-1.png 764w\" sizes=\"(max-width: 300px) 100vw, 300px\" \/>\t\t\t\t\t\t\t\t\t\t\t\t\t\t\t<\/div>\n\t\t\t\t<\/div>\n\t\t\t\t\t<\/div>\n\t\t\t\t<\/div>\n\t\t<div class=\"elementor-element elementor-element-9914016 e-flex e-con-boxed wpr-particle-no wpr-jarallax-no wpr-parallax-no wpr-sticky-section-no wpr-equal-height-no e-con e-child\" data-id=\"9914016\" data-element_type=\"container\" data-e-type=\"container\">\n\t\t\t\t\t<div class=\"e-con-inner\">\n\t\t\t\t<div class=\"elementor-element elementor-element-345a5ef elementor-widget elementor-widget-image\" data-id=\"345a5ef\" data-element_type=\"widget\" data-e-type=\"widget\" data-widget_type=\"image.default\">\n\t\t\t\t<div class=\"elementor-widget-container\">\n\t\t\t\t\t\t\t\t\t\t\t\t\t\t\t<img decoding=\"async\" width=\"195\" height=\"258\" src=\"https:\/\/credaf.org\/wp-content\/uploads\/2023\/08\/Tchad.jpg\" class=\"attachment-large size-large wp-image-9995\" alt=\"\" \/>\t\t\t\t\t\t\t\t\t\t\t\t\t\t\t<\/div>\n\t\t\t\t<\/div>\n\t\t\t\t\t<\/div>\n\t\t\t\t<\/div>\n\t\t\t\t<\/div>\n\t\t\t\t\t<\/div>\n\t\t\t\t<\/div>\n\t\t\t\t<\/div>\n\t\t<!-- AddThis Advanced Settings generic via filter on the_content --><!-- AddThis Share Buttons generic via filter on the_content --><!-- AddThis Related Posts generic via filter on the_content -->","protected":false},"excerpt":{"rendered":"<p>La R\u00e9publique du Tchad Nature du r\u00e9gime :\u00a0Pr\u00e9sidentielChef de l\u2019Etat :\u00a0M. Mahamat Idriss D\u00e9byPremier Ministre :\u00a0M. Allamaye Halina Administration fiscale Direction g\u00e9n\u00e9rale des Imp\u00f4ts Directeur g\u00e9n\u00e9ral : M. Mbairari Bari HenriSite Internet: https:\/\/credaf.org\/fr\/tchad\/dgi.td Le Tchad en quelques chiffres Capitale :\u00a0N\u2019DjamenaSuperficie :\u00a01 284 000 km\u00b2Nombre d\u2019habitants : 18,847 millions (Ined, 2024)PIB\/hab :\u00a01 010,67 US$ (FMI, 2022) L\u2019OCDE et le PNUD ont<\/p>","protected":false},"author":13,"featured_media":0,"parent":0,"menu_order":0,"comment_status":"closed","ping_status":"closed","template":"","meta":{"_acf_changed":false,"footnotes":""},"class_list":["post-1466","page","type-page","status-publish","hentry"],"acf":[],"yoast_head":"<!-- This site is optimized with the Yoast SEO plugin v27.4 - https:\/\/yoast.com\/product\/yoast-seo-wordpress\/ -->\n<title>Tchad -<\/title>\n<meta name=\"robots\" content=\"index, follow, max-snippet:-1, max-image-preview:large, max-video-preview:-1\" \/>\n<link rel=\"canonical\" href=\"https:\/\/credaf.org\/en\/tchad\/\" \/>\n<meta property=\"og:locale\" content=\"en_US\" \/>\n<meta property=\"og:type\" content=\"article\" \/>\n<meta property=\"og:title\" content=\"Tchad -\" \/>\n<meta property=\"og:description\" content=\"La R\u00e9publique du Tchad Nature du r\u00e9gime :\u00a0Pr\u00e9sidentielChef de l\u2019Etat :\u00a0M. Mahamat Idriss D\u00e9byPremier Ministre :\u00a0M. Allamaye Halina Administration fiscale Direction g\u00e9n\u00e9rale des Imp\u00f4ts Directeur g\u00e9n\u00e9ral : M. Mbairari Bari HenriSite Internet: https:\/\/credaf.org\/fr\/tchad\/dgi.td Le Tchad en quelques chiffres Capitale :\u00a0N\u2019DjamenaSuperficie :\u00a01 284 000 km\u00b2Nombre d\u2019habitants : 18,847 millions (Ined, 2024)PIB\/hab :\u00a01 010,67 US$ (FMI, 2022) L\u2019OCDE et le PNUD ont\" \/>\n<meta property=\"og:url\" content=\"https:\/\/credaf.org\/en\/tchad\/\" \/>\n<meta property=\"article:modified_time\" content=\"2024-06-24T05:42:29+00:00\" \/>\n<meta property=\"og:image\" content=\"https:\/\/credaf.org\/wp-content\/uploads\/2023\/08\/Tchad.png\" \/>\n<meta name=\"twitter:card\" content=\"summary_large_image\" \/>\n<meta name=\"twitter:label1\" content=\"Est. reading time\" \/>\n\t<meta name=\"twitter:data1\" content=\"2 minutes\" \/>\n<script type=\"application\/ld+json\" class=\"yoast-schema-graph\">{\"@context\":\"https:\\\/\\\/schema.org\",\"@graph\":[{\"@type\":\"WebPage\",\"@id\":\"https:\\\/\\\/credaf.org\\\/en\\\/tchad\\\/\",\"url\":\"https:\\\/\\\/credaf.org\\\/en\\\/tchad\\\/\",\"name\":\"Tchad -\",\"isPartOf\":{\"@id\":\"https:\\\/\\\/credaf.org\\\/#website\"},\"primaryImageOfPage\":{\"@id\":\"https:\\\/\\\/credaf.org\\\/en\\\/tchad\\\/#primaryimage\"},\"image\":{\"@id\":\"https:\\\/\\\/credaf.org\\\/en\\\/tchad\\\/#primaryimage\"},\"thumbnailUrl\":\"https:\\\/\\\/credaf.org\\\/wp-content\\\/uploads\\\/2023\\\/08\\\/Tchad.png\",\"datePublished\":\"2019-12-01T10:10:37+00:00\",\"dateModified\":\"2024-06-24T05:42:29+00:00\",\"breadcrumb\":{\"@id\":\"https:\\\/\\\/credaf.org\\\/en\\\/tchad\\\/#breadcrumb\"},\"inLanguage\":\"en-US\",\"potentialAction\":[{\"@type\":\"ReadAction\",\"target\":[\"https:\\\/\\\/credaf.org\\\/en\\\/tchad\\\/\"]}]},{\"@type\":\"ImageObject\",\"inLanguage\":\"en-US\",\"@id\":\"https:\\\/\\\/credaf.org\\\/en\\\/tchad\\\/#primaryimage\",\"url\":\"https:\\\/\\\/credaf.org\\\/wp-content\\\/uploads\\\/2023\\\/08\\\/Tchad.png\",\"contentUrl\":\"https:\\\/\\\/credaf.org\\\/wp-content\\\/uploads\\\/2023\\\/08\\\/Tchad.png\"},{\"@type\":\"BreadcrumbList\",\"@id\":\"https:\\\/\\\/credaf.org\\\/en\\\/tchad\\\/#breadcrumb\",\"itemListElement\":[{\"@type\":\"ListItem\",\"position\":1,\"name\":\"Accueil\",\"item\":\"https:\\\/\\\/credaf.org\\\/\"},{\"@type\":\"ListItem\",\"position\":2,\"name\":\"Tchad\"}]},{\"@type\":\"WebSite\",\"@id\":\"https:\\\/\\\/credaf.org\\\/#website\",\"url\":\"https:\\\/\\\/credaf.org\\\/\",\"name\":\"\",\"description\":\"\",\"potentialAction\":[{\"@type\":\"SearchAction\",\"target\":{\"@type\":\"EntryPoint\",\"urlTemplate\":\"https:\\\/\\\/credaf.org\\\/?s={search_term_string}\"},\"query-input\":{\"@type\":\"PropertyValueSpecification\",\"valueRequired\":true,\"valueName\":\"search_term_string\"}}],\"inLanguage\":\"en-US\"}]}<\/script>\n<!-- \/ Yoast SEO plugin. -->","yoast_head_json":{"title":"Tchad -","robots":{"index":"index","follow":"follow","max-snippet":"max-snippet:-1","max-image-preview":"max-image-preview:large","max-video-preview":"max-video-preview:-1"},"canonical":"https:\/\/credaf.org\/en\/tchad\/","og_locale":"en_US","og_type":"article","og_title":"Tchad -","og_description":"La R\u00e9publique du Tchad Nature du r\u00e9gime :\u00a0Pr\u00e9sidentielChef de l\u2019Etat :\u00a0M. Mahamat Idriss D\u00e9byPremier Ministre :\u00a0M. Allamaye Halina Administration fiscale Direction g\u00e9n\u00e9rale des Imp\u00f4ts Directeur g\u00e9n\u00e9ral : M. Mbairari Bari HenriSite Internet: https:\/\/credaf.org\/fr\/tchad\/dgi.td Le Tchad en quelques chiffres Capitale :\u00a0N\u2019DjamenaSuperficie :\u00a01 284 000 km\u00b2Nombre d\u2019habitants : 18,847 millions (Ined, 2024)PIB\/hab :\u00a01 010,67 US$ (FMI, 2022) L\u2019OCDE et le PNUD ont","og_url":"https:\/\/credaf.org\/en\/tchad\/","article_modified_time":"2024-06-24T05:42:29+00:00","og_image":[{"url":"https:\/\/credaf.org\/wp-content\/uploads\/2023\/08\/Tchad.png","type":"","width":"","height":""}],"twitter_card":"summary_large_image","twitter_misc":{"Est. reading time":"2 minutes"},"schema":{"@context":"https:\/\/schema.org","@graph":[{"@type":"WebPage","@id":"https:\/\/credaf.org\/en\/tchad\/","url":"https:\/\/credaf.org\/en\/tchad\/","name":"Tchad -","isPartOf":{"@id":"https:\/\/credaf.org\/#website"},"primaryImageOfPage":{"@id":"https:\/\/credaf.org\/en\/tchad\/#primaryimage"},"image":{"@id":"https:\/\/credaf.org\/en\/tchad\/#primaryimage"},"thumbnailUrl":"https:\/\/credaf.org\/wp-content\/uploads\/2023\/08\/Tchad.png","datePublished":"2019-12-01T10:10:37+00:00","dateModified":"2024-06-24T05:42:29+00:00","breadcrumb":{"@id":"https:\/\/credaf.org\/en\/tchad\/#breadcrumb"},"inLanguage":"en-US","potentialAction":[{"@type":"ReadAction","target":["https:\/\/credaf.org\/en\/tchad\/"]}]},{"@type":"ImageObject","inLanguage":"en-US","@id":"https:\/\/credaf.org\/en\/tchad\/#primaryimage","url":"https:\/\/credaf.org\/wp-content\/uploads\/2023\/08\/Tchad.png","contentUrl":"https:\/\/credaf.org\/wp-content\/uploads\/2023\/08\/Tchad.png"},{"@type":"BreadcrumbList","@id":"https:\/\/credaf.org\/en\/tchad\/#breadcrumb","itemListElement":[{"@type":"ListItem","position":1,"name":"Accueil","item":"https:\/\/credaf.org\/"},{"@type":"ListItem","position":2,"name":"Tchad"}]},{"@type":"WebSite","@id":"https:\/\/credaf.org\/#website","url":"https:\/\/credaf.org\/","name":"","description":"","potentialAction":[{"@type":"SearchAction","target":{"@type":"EntryPoint","urlTemplate":"https:\/\/credaf.org\/?s={search_term_string}"},"query-input":{"@type":"PropertyValueSpecification","valueRequired":true,"valueName":"search_term_string"}}],"inLanguage":"en-US"}]}},"rttpg_featured_image_url":null,"rttpg_author":{"display_name":"sgcredaf","author_link":"https:\/\/credaf.org\/en\/author\/sgcredaf\/"},"rttpg_comment":0,"rttpg_category":null,"rttpg_excerpt":"La R\u00e9publique du Tchad Nature du r\u00e9gime :\u00a0Pr\u00e9sidentielChef de l\u2019Etat :\u00a0M. Mahamat Idriss D\u00e9byPremier Ministre :\u00a0M. Allamaye Halina Administration fiscale Direction g\u00e9n\u00e9rale des Imp\u00f4ts Directeur g\u00e9n\u00e9ral : M. Mbairari Bari HenriSite Internet: https:\/\/credaf.org\/fr\/tchad\/dgi.td Le Tchad en quelques chiffres Capitale :\u00a0N\u2019DjamenaSuperficie :\u00a01 284 000 km\u00b2Nombre d\u2019habitants : 18,847 millions (Ined, 2024)PIB\/hab :\u00a01 010,67 US$ (FMI, 2022)&hellip;","_links":{"self":[{"href":"https:\/\/credaf.org\/en\/wp-json\/wp\/v2\/pages\/1466","targetHints":{"allow":["GET"]}}],"collection":[{"href":"https:\/\/credaf.org\/en\/wp-json\/wp\/v2\/pages"}],"about":[{"href":"https:\/\/credaf.org\/en\/wp-json\/wp\/v2\/types\/page"}],"author":[{"embeddable":true,"href":"https:\/\/credaf.org\/en\/wp-json\/wp\/v2\/users\/13"}],"replies":[{"embeddable":true,"href":"https:\/\/credaf.org\/en\/wp-json\/wp\/v2\/comments?post=1466"}],"version-history":[{"count":0,"href":"https:\/\/credaf.org\/en\/wp-json\/wp\/v2\/pages\/1466\/revisions"}],"wp:attachment":[{"href":"https:\/\/credaf.org\/en\/wp-json\/wp\/v2\/media?parent=1466"}],"curies":[{"name":"wp","href":"https:\/\/api.w.org\/{rel}","templated":true}]}}