{"id":1472,"date":"2016-11-15T11:24:42","date_gmt":"2016-11-15T10:24:42","guid":{"rendered":"http:\/\/credaf.org\/?page_id=1472"},"modified":"2024-06-24T11:14:05","modified_gmt":"2024-06-24T09:14:05","slug":"togo","status":"publish","type":"page","link":"https:\/\/credaf.org\/en\/togo\/","title":{"rendered":"Togo"},"content":{"rendered":"<div data-elementor-type=\"wp-page\" data-elementor-id=\"1472\" class=\"elementor elementor-1472\">\n\t\t\t\t<div class=\"elementor-element elementor-element-ffcd1a6 e-flex e-con-boxed wpr-particle-no wpr-jarallax-no wpr-parallax-no wpr-sticky-section-no wpr-equal-height-no e-con e-parent\" data-id=\"ffcd1a6\" data-element_type=\"container\" data-e-type=\"container\">\n\t\t\t\t\t<div class=\"e-con-inner\">\n\t\t\t\t<div class=\"elementor-element elementor-element-c4fd0e2 elementor-widget elementor-widget-heading\" data-id=\"c4fd0e2\" data-element_type=\"widget\" data-e-type=\"widget\" data-widget_type=\"heading.default\">\n\t\t\t\t<div class=\"elementor-widget-container\">\n\t\t\t\t\t<h2 class=\"elementor-heading-title elementor-size-default\">La R\u00e9publique togolaise<\/h2>\t\t\t\t<\/div>\n\t\t\t\t<\/div>\n\t\t\t\t\t<\/div>\n\t\t\t\t<\/div>\n\t\t<div class=\"elementor-element elementor-element-80ac564 e-flex e-con-boxed wpr-particle-no wpr-jarallax-no wpr-parallax-no wpr-sticky-section-no wpr-equal-height-no e-con e-parent\" data-id=\"80ac564\" data-element_type=\"container\" data-e-type=\"container\">\n\t\t\t\t\t<div class=\"e-con-inner\">\n\t\t<div class=\"elementor-element elementor-element-032d3c8 e-con-full e-flex wpr-particle-no wpr-jarallax-no wpr-parallax-no wpr-sticky-section-no wpr-equal-height-no e-con e-child\" data-id=\"032d3c8\" data-element_type=\"container\" data-e-type=\"container\">\n\t\t\t\t<div class=\"elementor-element elementor-element-9488476 elementor-widget elementor-widget-text-editor\" data-id=\"9488476\" data-element_type=\"widget\" data-e-type=\"widget\" data-widget_type=\"text-editor.default\">\n\t\t\t\t<div class=\"elementor-widget-container\">\n\t\t\t\t\t\t\t\t\t<p><span style=\"font-weight: bold; color: var( --e-global-color-text ); font-family: var( --e-global-typography-text-font-family ), Sans-serif;\">Nature du r\u00e9gime:<\/span><span style=\"color: var( --e-global-color-text ); font-family: var( --e-global-typography-text-font-family ), Sans-serif; font-weight: var( --e-global-typography-text-font-weight );\">\u00a0Pr\u00e9sidentiel<br \/><\/span><span style=\"font-weight: bold;\">Chef de l\u2019Etat:<\/span>\u00a0M. Faur\u00e9 GNASSINGB\u00c9 <em>(depuis le 4 mai 2005)<br \/><\/em><span style=\"font-weight: bold;\">Premier Ministre<\/span>: Mme Victoire TOM\u00c9GAH-DOGB\u00c9 <em>(depuis le 28 septembre 2020)<\/em><\/p><h4>Administration fiscale<\/h4><p>Togolese Office of Revenue<\/p><p><span style=\"font-weight: bold;\">Commissioner of Taxes :<\/span> M. Philippe Kokou TCHODIE<br \/><span style=\"font-weight: bold;\">Site Internet: <\/span><a href=\"https:\/\/www.otr.tg\/index.php\/fr\/\">https:\/\/www.otr.tg\/index.php\/fr\/<\/a><\/p><h4>Le Togo en quelques chiffres<\/h4><p><span style=\"font-weight: bold;\">Capitale :<\/span>\u00a0Lom\u00e9<br \/><span style=\"font-weight: bold;\">Superficie :<\/span>\u00a056 785 km\u00b2<br \/><span style=\"font-weight: bold;\">Nombre d\u2019habitants :<\/span> 9,261 millions (Ined, 2024)<br \/><span style=\"font-weight: bold;\">PIB\/hab :<\/span> 1 060,00 US$ (FMI, 2024)<\/p><p>L\u2019OCDE et le PNUD ont produit des publications sur les perspectives \u00e9conomiques des pays africains en partenariat avec la Banque africaine de d\u00e9veloppement.<\/p><p>Pour en savoir plus sur la situation \u00e9conomique du Togo,\u00a0<a href=\"https:\/\/www.afdb.org\/fr\/countries\/west-africa\/togo\">click here<\/a>.<\/p>\t\t\t\t\t\t\t\t<\/div>\n\t\t\t\t<\/div>\n\t\t\t\t<\/div>\n\t\t<div class=\"elementor-element elementor-element-46b2ab8 e-con-full e-flex wpr-particle-no wpr-jarallax-no wpr-parallax-no wpr-sticky-section-no wpr-equal-height-no e-con e-child\" data-id=\"46b2ab8\" data-element_type=\"container\" data-e-type=\"container\">\n\t\t<div class=\"elementor-element elementor-element-7d1a107 e-flex e-con-boxed wpr-particle-no wpr-jarallax-no wpr-parallax-no wpr-sticky-section-no wpr-equal-height-no e-con e-child\" data-id=\"7d1a107\" data-element_type=\"container\" data-e-type=\"container\">\n\t\t\t\t\t<div class=\"e-con-inner\">\n\t\t\t\t<div class=\"elementor-element elementor-element-b7caef0 elementor-widget elementor-widget-image\" data-id=\"b7caef0\" data-element_type=\"widget\" data-e-type=\"widget\" data-widget_type=\"image.default\">\n\t\t\t\t<div class=\"elementor-widget-container\">\n\t\t\t\t\t\t\t\t\t\t\t\t\t\t\t<img decoding=\"async\" width=\"125\" height=\"77\" src=\"https:\/\/credaf.org\/wp-content\/uploads\/2023\/08\/Togo.png\" class=\"attachment-large size-large wp-image-9987\" alt=\"\" \/>\t\t\t\t\t\t\t\t\t\t\t\t\t\t\t<\/div>\n\t\t\t\t<\/div>\n\t\t\t\t\t<\/div>\n\t\t\t\t<\/div>\n\t\t<div class=\"elementor-element elementor-element-b8dc4d0 e-flex e-con-boxed wpr-particle-no wpr-jarallax-no wpr-parallax-no wpr-sticky-section-no wpr-equal-height-no e-con e-child\" data-id=\"b8dc4d0\" data-element_type=\"container\" data-e-type=\"container\">\n\t\t\t\t\t<div class=\"e-con-inner\">\n\t\t\t\t<div class=\"elementor-element elementor-element-b7c1450 elementor-widget elementor-widget-image\" data-id=\"b7c1450\" data-element_type=\"widget\" data-e-type=\"widget\" data-widget_type=\"image.default\">\n\t\t\t\t<div class=\"elementor-widget-container\">\n\t\t\t\t\t\t\t\t\t\t\t\t\t\t\t<img decoding=\"async\" width=\"114\" height=\"94\" src=\"https:\/\/credaf.org\/wp-content\/uploads\/2023\/08\/Togo_OTR.jpg\" class=\"attachment-large size-large wp-image-9988\" alt=\"\" \/>\t\t\t\t\t\t\t\t\t\t\t\t\t\t\t<\/div>\n\t\t\t\t<\/div>\n\t\t\t\t\t<\/div>\n\t\t\t\t<\/div>\n\t\t<div class=\"elementor-element elementor-element-8128d49 e-flex e-con-boxed wpr-particle-no wpr-jarallax-no wpr-parallax-no wpr-sticky-section-no wpr-equal-height-no e-con e-child\" data-id=\"8128d49\" data-element_type=\"container\" data-e-type=\"container\">\n\t\t\t\t\t<div class=\"e-con-inner\">\n\t\t\t\t<div class=\"elementor-element elementor-element-4be019b elementor-widget elementor-widget-image\" data-id=\"4be019b\" data-element_type=\"widget\" data-e-type=\"widget\" data-widget_type=\"image.default\">\n\t\t\t\t<div class=\"elementor-widget-container\">\n\t\t\t\t\t\t\t\t\t\t\t\t\t\t\t<img fetchpriority=\"high\" decoding=\"async\" width=\"461\" height=\"1024\" src=\"https:\/\/credaf.org\/wp-content\/uploads\/2023\/08\/TOGO-461x1024.jpg\" class=\"attachment-large size-large wp-image-9986\" alt=\"\" srcset=\"https:\/\/credaf.org\/wp-content\/uploads\/2023\/08\/TOGO-461x1024.jpg 461w, https:\/\/credaf.org\/wp-content\/uploads\/2023\/08\/TOGO-600x1332.jpg 600w, https:\/\/credaf.org\/wp-content\/uploads\/2023\/08\/TOGO-135x300.jpg 135w, https:\/\/credaf.org\/wp-content\/uploads\/2023\/08\/TOGO-768x1705.jpg 768w, https:\/\/credaf.org\/wp-content\/uploads\/2023\/08\/TOGO-692x1536.jpg 692w, https:\/\/credaf.org\/wp-content\/uploads\/2023\/08\/TOGO.jpg 850w\" sizes=\"(max-width: 461px) 100vw, 461px\" \/>\t\t\t\t\t\t\t\t\t\t\t\t\t\t\t<\/div>\n\t\t\t\t<\/div>\n\t\t\t\t\t<\/div>\n\t\t\t\t<\/div>\n\t\t\t\t<\/div>\n\t\t\t\t\t<\/div>\n\t\t\t\t<\/div>\n\t\t\t\t<section class=\"elementor-section elementor-top-section elementor-element elementor-element-feafeda elementor-section-boxed elementor-section-height-default elementor-section-height-default wpr-particle-no wpr-jarallax-no wpr-parallax-no wpr-sticky-section-no wpr-equal-height-no\" data-id=\"feafeda\" data-element_type=\"section\" data-e-type=\"section\">\n\t\t\t\t\t\t<div class=\"elementor-container elementor-column-gap-default\">\n\t\t\t\t\t<div class=\"elementor-column elementor-col-100 elementor-top-column elementor-element elementor-element-7e3f8bc4\" data-id=\"7e3f8bc4\" data-element_type=\"column\" data-e-type=\"column\">\n\t\t\t<div class=\"elementor-widget-wrap elementor-element-populated\">\n\t\t\t\t\t\t\t<\/div>\n\t\t<\/div>\n\t\t\t\t\t<\/div>\n\t\t<\/section>\n\t\t\t\t<\/div>\n\t\t<!-- AddThis Advanced Settings generic via filter on the_content --><!-- AddThis Share Buttons generic via filter on the_content --><!-- AddThis Related Posts generic via filter on the_content -->","protected":false},"excerpt":{"rendered":"<p>La R\u00e9publique togolaise Nature du r\u00e9gime:\u00a0Pr\u00e9sidentielChef de l\u2019Etat:\u00a0M. Faur\u00e9 GNASSINGB\u00c9 (depuis le 4 mai 2005)Premier Ministre: Mme Victoire TOM\u00c9GAH-DOGB\u00c9 (depuis le 28 septembre 2020) Administration fiscale Togolese Office of Revenue Commissioner of Taxes : M. Philippe Kokou TCHODIESite Internet: https:\/\/www.otr.tg\/index.php\/fr\/ Le Togo en quelques chiffres Capitale :\u00a0Lom\u00e9Superficie :\u00a056 785 km\u00b2Nombre d\u2019habitants : 9,261 millions (Ined, 2024)PIB\/hab : 1 060,00 US$<\/p>","protected":false},"author":13,"featured_media":0,"parent":0,"menu_order":0,"comment_status":"closed","ping_status":"closed","template":"","meta":{"_acf_changed":false,"footnotes":""},"class_list":["post-1472","page","type-page","status-publish","hentry"],"acf":[],"yoast_head":"<!-- This site is optimized with the Yoast SEO plugin v27.4 - https:\/\/yoast.com\/product\/yoast-seo-wordpress\/ -->\n<title>Togo -<\/title>\n<meta name=\"robots\" content=\"index, follow, max-snippet:-1, max-image-preview:large, max-video-preview:-1\" \/>\n<link rel=\"canonical\" href=\"https:\/\/credaf.org\/en\/togo\/\" \/>\n<meta property=\"og:locale\" content=\"en_US\" \/>\n<meta property=\"og:type\" content=\"article\" \/>\n<meta property=\"og:title\" content=\"Togo -\" \/>\n<meta property=\"og:description\" content=\"La R\u00e9publique togolaise Nature du r\u00e9gime:\u00a0Pr\u00e9sidentielChef de l\u2019Etat:\u00a0M. Faur\u00e9 GNASSINGB\u00c9 (depuis le 4 mai 2005)Premier Ministre: Mme Victoire TOM\u00c9GAH-DOGB\u00c9 (depuis le 28 septembre 2020) Administration fiscale Togolese Office of Revenue Commissioner of Taxes : M. Philippe Kokou TCHODIESite Internet: https:\/\/www.otr.tg\/index.php\/fr\/ Le Togo en quelques chiffres Capitale :\u00a0Lom\u00e9Superficie :\u00a056 785 km\u00b2Nombre d\u2019habitants : 9,261 millions (Ined, 2024)PIB\/hab : 1 060,00 US$\" \/>\n<meta property=\"og:url\" content=\"https:\/\/credaf.org\/en\/togo\/\" \/>\n<meta property=\"article:modified_time\" content=\"2024-06-24T09:14:05+00:00\" \/>\n<meta property=\"og:image\" content=\"https:\/\/credaf.org\/wp-content\/uploads\/2023\/08\/Togo.png\" \/>\n<meta name=\"twitter:card\" content=\"summary_large_image\" \/>\n<meta name=\"twitter:label1\" content=\"Est. reading time\" \/>\n\t<meta name=\"twitter:data1\" content=\"2 minutes\" \/>\n<script type=\"application\/ld+json\" class=\"yoast-schema-graph\">{\"@context\":\"https:\\\/\\\/schema.org\",\"@graph\":[{\"@type\":\"WebPage\",\"@id\":\"https:\\\/\\\/credaf.org\\\/togo\\\/\",\"url\":\"https:\\\/\\\/credaf.org\\\/togo\\\/\",\"name\":\"Togo -\",\"isPartOf\":{\"@id\":\"https:\\\/\\\/credaf.org\\\/#website\"},\"primaryImageOfPage\":{\"@id\":\"https:\\\/\\\/credaf.org\\\/togo\\\/#primaryimage\"},\"image\":{\"@id\":\"https:\\\/\\\/credaf.org\\\/togo\\\/#primaryimage\"},\"thumbnailUrl\":\"https:\\\/\\\/credaf.org\\\/wp-content\\\/uploads\\\/2023\\\/08\\\/Togo.png\",\"datePublished\":\"2016-11-15T10:24:42+00:00\",\"dateModified\":\"2024-06-24T09:14:05+00:00\",\"breadcrumb\":{\"@id\":\"https:\\\/\\\/credaf.org\\\/togo\\\/#breadcrumb\"},\"inLanguage\":\"en-US\",\"potentialAction\":[{\"@type\":\"ReadAction\",\"target\":[\"https:\\\/\\\/credaf.org\\\/togo\\\/\"]}]},{\"@type\":\"ImageObject\",\"inLanguage\":\"en-US\",\"@id\":\"https:\\\/\\\/credaf.org\\\/togo\\\/#primaryimage\",\"url\":\"https:\\\/\\\/credaf.org\\\/wp-content\\\/uploads\\\/2023\\\/08\\\/Togo.png\",\"contentUrl\":\"https:\\\/\\\/credaf.org\\\/wp-content\\\/uploads\\\/2023\\\/08\\\/Togo.png\"},{\"@type\":\"BreadcrumbList\",\"@id\":\"https:\\\/\\\/credaf.org\\\/togo\\\/#breadcrumb\",\"itemListElement\":[{\"@type\":\"ListItem\",\"position\":1,\"name\":\"Accueil\",\"item\":\"https:\\\/\\\/credaf.org\\\/\"},{\"@type\":\"ListItem\",\"position\":2,\"name\":\"Togo\"}]},{\"@type\":\"WebSite\",\"@id\":\"https:\\\/\\\/credaf.org\\\/#website\",\"url\":\"https:\\\/\\\/credaf.org\\\/\",\"name\":\"\",\"description\":\"\",\"potentialAction\":[{\"@type\":\"SearchAction\",\"target\":{\"@type\":\"EntryPoint\",\"urlTemplate\":\"https:\\\/\\\/credaf.org\\\/?s={search_term_string}\"},\"query-input\":{\"@type\":\"PropertyValueSpecification\",\"valueRequired\":true,\"valueName\":\"search_term_string\"}}],\"inLanguage\":\"en-US\"}]}<\/script>\n<!-- \/ Yoast SEO plugin. -->","yoast_head_json":{"title":"Togo -","robots":{"index":"index","follow":"follow","max-snippet":"max-snippet:-1","max-image-preview":"max-image-preview:large","max-video-preview":"max-video-preview:-1"},"canonical":"https:\/\/credaf.org\/en\/togo\/","og_locale":"en_US","og_type":"article","og_title":"Togo -","og_description":"La R\u00e9publique togolaise Nature du r\u00e9gime:\u00a0Pr\u00e9sidentielChef de l\u2019Etat:\u00a0M. Faur\u00e9 GNASSINGB\u00c9 (depuis le 4 mai 2005)Premier Ministre: Mme Victoire TOM\u00c9GAH-DOGB\u00c9 (depuis le 28 septembre 2020) Administration fiscale Togolese Office of Revenue Commissioner of Taxes : M. Philippe Kokou TCHODIESite Internet: https:\/\/www.otr.tg\/index.php\/fr\/ Le Togo en quelques chiffres Capitale :\u00a0Lom\u00e9Superficie :\u00a056 785 km\u00b2Nombre d\u2019habitants : 9,261 millions (Ined, 2024)PIB\/hab : 1 060,00 US$","og_url":"https:\/\/credaf.org\/en\/togo\/","article_modified_time":"2024-06-24T09:14:05+00:00","og_image":[{"url":"https:\/\/credaf.org\/wp-content\/uploads\/2023\/08\/Togo.png","type":"","width":"","height":""}],"twitter_card":"summary_large_image","twitter_misc":{"Est. reading time":"2 minutes"},"schema":{"@context":"https:\/\/schema.org","@graph":[{"@type":"WebPage","@id":"https:\/\/credaf.org\/togo\/","url":"https:\/\/credaf.org\/togo\/","name":"Togo -","isPartOf":{"@id":"https:\/\/credaf.org\/#website"},"primaryImageOfPage":{"@id":"https:\/\/credaf.org\/togo\/#primaryimage"},"image":{"@id":"https:\/\/credaf.org\/togo\/#primaryimage"},"thumbnailUrl":"https:\/\/credaf.org\/wp-content\/uploads\/2023\/08\/Togo.png","datePublished":"2016-11-15T10:24:42+00:00","dateModified":"2024-06-24T09:14:05+00:00","breadcrumb":{"@id":"https:\/\/credaf.org\/togo\/#breadcrumb"},"inLanguage":"en-US","potentialAction":[{"@type":"ReadAction","target":["https:\/\/credaf.org\/togo\/"]}]},{"@type":"ImageObject","inLanguage":"en-US","@id":"https:\/\/credaf.org\/togo\/#primaryimage","url":"https:\/\/credaf.org\/wp-content\/uploads\/2023\/08\/Togo.png","contentUrl":"https:\/\/credaf.org\/wp-content\/uploads\/2023\/08\/Togo.png"},{"@type":"BreadcrumbList","@id":"https:\/\/credaf.org\/togo\/#breadcrumb","itemListElement":[{"@type":"ListItem","position":1,"name":"Accueil","item":"https:\/\/credaf.org\/"},{"@type":"ListItem","position":2,"name":"Togo"}]},{"@type":"WebSite","@id":"https:\/\/credaf.org\/#website","url":"https:\/\/credaf.org\/","name":"","description":"","potentialAction":[{"@type":"SearchAction","target":{"@type":"EntryPoint","urlTemplate":"https:\/\/credaf.org\/?s={search_term_string}"},"query-input":{"@type":"PropertyValueSpecification","valueRequired":true,"valueName":"search_term_string"}}],"inLanguage":"en-US"}]}},"rttpg_featured_image_url":null,"rttpg_author":{"display_name":"sgcredaf","author_link":"https:\/\/credaf.org\/en\/author\/sgcredaf\/"},"rttpg_comment":0,"rttpg_category":null,"rttpg_excerpt":"La R\u00e9publique togolaise Nature du r\u00e9gime:\u00a0Pr\u00e9sidentielChef de l\u2019Etat:\u00a0M. Faur\u00e9 GNASSINGB\u00c9 (depuis le 4 mai 2005)Premier Ministre: Mme Victoire TOM\u00c9GAH-DOGB\u00c9 (depuis le 28 septembre 2020) Administration fiscale Togolese Office of Revenue Commissioner of Taxes : M. Philippe Kokou TCHODIESite Internet: https:\/\/www.otr.tg\/index.php\/fr\/ Le Togo en quelques chiffres Capitale :\u00a0Lom\u00e9Superficie :\u00a056 785 km\u00b2Nombre d\u2019habitants : 9,261 millions (Ined,&hellip;","_links":{"self":[{"href":"https:\/\/credaf.org\/en\/wp-json\/wp\/v2\/pages\/1472","targetHints":{"allow":["GET"]}}],"collection":[{"href":"https:\/\/credaf.org\/en\/wp-json\/wp\/v2\/pages"}],"about":[{"href":"https:\/\/credaf.org\/en\/wp-json\/wp\/v2\/types\/page"}],"author":[{"embeddable":true,"href":"https:\/\/credaf.org\/en\/wp-json\/wp\/v2\/users\/13"}],"replies":[{"embeddable":true,"href":"https:\/\/credaf.org\/en\/wp-json\/wp\/v2\/comments?post=1472"}],"version-history":[{"count":0,"href":"https:\/\/credaf.org\/en\/wp-json\/wp\/v2\/pages\/1472\/revisions"}],"wp:attachment":[{"href":"https:\/\/credaf.org\/en\/wp-json\/wp\/v2\/media?parent=1472"}],"curies":[{"name":"wp","href":"https:\/\/api.w.org\/{rel}","templated":true}]}}