{"id":1480,"date":"2016-11-15T11:35:19","date_gmt":"2016-11-15T10:35:19","guid":{"rendered":"http:\/\/credaf.org\/?page_id=1480"},"modified":"2024-06-24T07:48:25","modified_gmt":"2024-06-24T05:48:25","slug":"tunisie","status":"publish","type":"page","link":"https:\/\/credaf.org\/en\/tunisie\/","title":{"rendered":"Tunisia"},"content":{"rendered":"<div data-elementor-type=\"wp-page\" data-elementor-id=\"1480\" class=\"elementor elementor-1480\">\n\t\t\t\t<div class=\"elementor-element elementor-element-56120a0 e-flex e-con-boxed wpr-particle-no wpr-jarallax-no wpr-parallax-no wpr-sticky-section-no wpr-equal-height-no e-con e-parent\" data-id=\"56120a0\" data-element_type=\"container\" data-e-type=\"container\">\n\t\t\t\t\t<div class=\"e-con-inner\">\n\t\t\t\t<div class=\"elementor-element elementor-element-9863fa2 elementor-widget elementor-widget-heading\" data-id=\"9863fa2\" data-element_type=\"widget\" data-e-type=\"widget\" data-widget_type=\"heading.default\">\n\t\t\t\t<div class=\"elementor-widget-container\">\n\t\t\t\t\t<h2 class=\"elementor-heading-title elementor-size-default\">La R\u00e9publique tunisienne<\/h2>\t\t\t\t<\/div>\n\t\t\t\t<\/div>\n\t\t\t\t\t<\/div>\n\t\t\t\t<\/div>\n\t\t<div class=\"elementor-element elementor-element-45a063f e-flex e-con-boxed wpr-particle-no wpr-jarallax-no wpr-parallax-no wpr-sticky-section-no wpr-equal-height-no e-con e-parent\" data-id=\"45a063f\" data-element_type=\"container\" data-e-type=\"container\">\n\t\t\t\t\t<div class=\"e-con-inner\">\n\t\t<div class=\"elementor-element elementor-element-b75844d e-con-full e-flex wpr-particle-no wpr-jarallax-no wpr-parallax-no wpr-sticky-section-no wpr-equal-height-no e-con e-child\" data-id=\"b75844d\" data-element_type=\"container\" data-e-type=\"container\">\n\t\t\t\t<div class=\"elementor-element elementor-element-9ca4f43 elementor-widget elementor-widget-text-editor\" data-id=\"9ca4f43\" data-element_type=\"widget\" data-e-type=\"widget\" data-widget_type=\"text-editor.default\">\n\t\t\t\t<div class=\"elementor-widget-container\">\n\t\t\t\t\t\t\t\t\t<p><span style=\"font-weight: bold;\">Nature du r\u00e9gime :<\/span>\u00a0Semi-pr\u00e9sidentiel<br \/><span style=\"font-weight: bold;\">Chef de l\u2019Etat :<\/span>\u00a0M. Ka\u00efs SA\u00cfED <em>(depuis le 23 octobre 2019)<br \/><\/em><span style=\"font-weight: bold;\">Chef du Gouvernement :<\/span> M. Ahmed Hachani (depuis le\u00a0<em>1er aout 2023<\/em>)<\/p><h4>Administration fiscale<\/h4><p>Direction g\u00e9n\u00e9rale des Imp\u00f4ts<\/p><p><span style=\"font-weight: bold;\">Directeur g\u00e9n\u00e9ral<\/span>: Direction g\u00e9n\u00e9rale des \u00c9tudes et de la L\u00e9gislation fiscale<br \/><span style=\"font-weight: bold;\">Directeur g\u00e9n\u00e9rale: <\/span><span class=\"JsGRdQ\">Mme Fatiha GHARBI<br \/><\/span><span style=\"font-weight: bold;\">Site Internet: <\/span><a href=\"http:\/\/www.finances.gov.tn\/index.php?option=com_content&amp;view=article&amp;id=104&amp;Itemid=521&amp;lang=fr\">http:\/\/www.finances.gov.tn<\/a><\/p><h4>La Tunisie en quelques chiffres<\/h4><p><span style=\"font-weight: bold;\">Capitale :<\/span>\u00a0Tunis<br \/><span style=\"font-weight: bold;\">Superficie :<\/span>\u00a0163 610 km\u00b2<br \/><span style=\"font-weight: bold;\">Nombre d\u2019habitants :<\/span> 12,565 millions (Ined, 2024)<br \/><span style=\"font-weight: bold;\">PIB\/hab :<\/span> 4 440 US$ (FMI, 2024)<\/p><p>L\u2019OCDE et le PNUD ont produit des publications sur les perspectives \u00e9conomiques des pays africains en partenariat avec la Banque africaine de d\u00e9veloppement.<\/p><p>Pour en savoir plus sur la situation \u00e9conomique de la Tunisie,\u00a0<a href=\"https:\/\/www.afdb.org\/fr\/pays-afrique-du-nord\/tunisie\">click here<\/a>.<\/p>\t\t\t\t\t\t\t\t<\/div>\n\t\t\t\t<\/div>\n\t\t\t\t<\/div>\n\t\t<div class=\"elementor-element elementor-element-ad27b0b e-con-full e-flex wpr-particle-no wpr-jarallax-no wpr-parallax-no wpr-sticky-section-no wpr-equal-height-no e-con e-child\" data-id=\"ad27b0b\" data-element_type=\"container\" data-e-type=\"container\">\n\t\t<div class=\"elementor-element elementor-element-f3fc0dd e-flex e-con-boxed wpr-particle-no wpr-jarallax-no wpr-parallax-no wpr-sticky-section-no wpr-equal-height-no e-con e-child\" data-id=\"f3fc0dd\" data-element_type=\"container\" data-e-type=\"container\">\n\t\t\t\t\t<div class=\"e-con-inner\">\n\t\t\t\t<div class=\"elementor-element elementor-element-f8b3958 elementor-widget elementor-widget-image\" data-id=\"f8b3958\" data-element_type=\"widget\" data-e-type=\"widget\" data-widget_type=\"image.default\">\n\t\t\t\t<div class=\"elementor-widget-container\">\n\t\t\t\t\t\t\t\t\t\t\t\t\t\t\t<img decoding=\"async\" width=\"125\" height=\"83\" src=\"https:\/\/credaf.org\/wp-content\/uploads\/2023\/08\/Tunisie.png\" class=\"attachment-large size-large wp-image-9978\" alt=\"\" \/>\t\t\t\t\t\t\t\t\t\t\t\t\t\t\t<\/div>\n\t\t\t\t<\/div>\n\t\t\t\t\t<\/div>\n\t\t\t\t<\/div>\n\t\t<div class=\"elementor-element elementor-element-1ce8068 e-flex e-con-boxed wpr-particle-no wpr-jarallax-no wpr-parallax-no wpr-sticky-section-no wpr-equal-height-no e-con e-child\" data-id=\"1ce8068\" data-element_type=\"container\" data-e-type=\"container\">\n\t\t\t\t\t<div class=\"e-con-inner\">\n\t\t\t\t<div class=\"elementor-element elementor-element-cdf589e elementor-widget elementor-widget-image\" data-id=\"cdf589e\" data-element_type=\"widget\" data-e-type=\"widget\" data-widget_type=\"image.default\">\n\t\t\t\t<div class=\"elementor-widget-container\">\n\t\t\t\t\t\t\t\t\t\t\t\t\t\t\t<img fetchpriority=\"high\" decoding=\"async\" width=\"300\" height=\"221\" src=\"https:\/\/credaf.org\/wp-content\/uploads\/2023\/08\/Tunisie_DGI-300x221.jpg\" class=\"attachment-medium size-medium wp-image-9979\" alt=\"\" srcset=\"https:\/\/credaf.org\/wp-content\/uploads\/2023\/08\/Tunisie_DGI-300x221.jpg 300w, https:\/\/credaf.org\/wp-content\/uploads\/2023\/08\/Tunisie_DGI-80x60.jpg 80w, https:\/\/credaf.org\/wp-content\/uploads\/2023\/08\/Tunisie_DGI.jpg 601w\" sizes=\"(max-width: 300px) 100vw, 300px\" \/>\t\t\t\t\t\t\t\t\t\t\t\t\t\t\t<\/div>\n\t\t\t\t<\/div>\n\t\t<div class=\"elementor-element elementor-element-2f19dfe e-flex e-con-boxed wpr-particle-no wpr-jarallax-no wpr-parallax-no wpr-sticky-section-no wpr-equal-height-no e-con e-child\" data-id=\"2f19dfe\" data-element_type=\"container\" data-e-type=\"container\">\n\t\t\t\t\t<div class=\"e-con-inner\">\n\t\t\t\t<div class=\"elementor-element elementor-element-b93d425 elementor-widget elementor-widget-image\" data-id=\"b93d425\" data-element_type=\"widget\" data-e-type=\"widget\" data-widget_type=\"image.default\">\n\t\t\t\t<div class=\"elementor-widget-container\">\n\t\t\t\t\t\t\t\t\t\t\t\t\t\t\t<img decoding=\"async\" width=\"588\" height=\"889\" src=\"https:\/\/credaf.org\/wp-content\/uploads\/2023\/08\/TUNISIE.jpg\" class=\"attachment-large size-large wp-image-9977\" alt=\"\" srcset=\"https:\/\/credaf.org\/wp-content\/uploads\/2023\/08\/TUNISIE.jpg 588w, https:\/\/credaf.org\/wp-content\/uploads\/2023\/08\/TUNISIE-198x300.jpg 198w\" sizes=\"(max-width: 588px) 100vw, 588px\" \/>\t\t\t\t\t\t\t\t\t\t\t\t\t\t\t<\/div>\n\t\t\t\t<\/div>\n\t\t\t\t\t<\/div>\n\t\t\t\t<\/div>\n\t\t\t\t\t<\/div>\n\t\t\t\t<\/div>\n\t\t\t\t<\/div>\n\t\t\t\t\t<\/div>\n\t\t\t\t<\/div>\n\t\t\t\t<\/div>\n\t\t<!-- AddThis Advanced Settings generic via filter on the_content --><!-- AddThis Share Buttons generic via filter on the_content --><!-- AddThis Related Posts generic via filter on the_content -->","protected":false},"excerpt":{"rendered":"<p>La R\u00e9publique tunisienne Nature du r\u00e9gime :\u00a0Semi-pr\u00e9sidentielChef de l\u2019Etat :\u00a0M. Ka\u00efs SA\u00cfED (depuis le 23 octobre 2019)Chef du Gouvernement : M. Ahmed Hachani (depuis le\u00a01er aout 2023) Administration fiscale Direction g\u00e9n\u00e9rale des Imp\u00f4ts Directeur g\u00e9n\u00e9ral: Direction g\u00e9n\u00e9rale des \u00c9tudes et de la L\u00e9gislation fiscaleDirecteur g\u00e9n\u00e9rale: Mme Fatiha GHARBISite Internet: http:\/\/www.finances.gov.tn La Tunisie en quelques chiffres Capitale :\u00a0TunisSuperficie :\u00a0163 610 km\u00b2Nombre<\/p>","protected":false},"author":13,"featured_media":0,"parent":0,"menu_order":0,"comment_status":"closed","ping_status":"closed","template":"","meta":{"_acf_changed":false,"footnotes":""},"class_list":["post-1480","page","type-page","status-publish","hentry"],"acf":[],"yoast_head":"<!-- This site is optimized with the Yoast SEO plugin v27.4 - https:\/\/yoast.com\/product\/yoast-seo-wordpress\/ -->\n<title>Tunisie -<\/title>\n<meta name=\"robots\" content=\"index, follow, max-snippet:-1, max-image-preview:large, max-video-preview:-1\" \/>\n<link rel=\"canonical\" href=\"https:\/\/credaf.org\/en\/tunisie\/\" \/>\n<meta property=\"og:locale\" content=\"en_US\" \/>\n<meta property=\"og:type\" content=\"article\" \/>\n<meta property=\"og:title\" content=\"Tunisie -\" \/>\n<meta property=\"og:description\" content=\"La R\u00e9publique tunisienne Nature du r\u00e9gime :\u00a0Semi-pr\u00e9sidentielChef de l\u2019Etat :\u00a0M. Ka\u00efs SA\u00cfED (depuis le 23 octobre 2019)Chef du Gouvernement : M. Ahmed Hachani (depuis le\u00a01er aout 2023) Administration fiscale Direction g\u00e9n\u00e9rale des Imp\u00f4ts Directeur g\u00e9n\u00e9ral: Direction g\u00e9n\u00e9rale des \u00c9tudes et de la L\u00e9gislation fiscaleDirecteur g\u00e9n\u00e9rale: Mme Fatiha GHARBISite Internet: http:\/\/www.finances.gov.tn La Tunisie en quelques chiffres Capitale :\u00a0TunisSuperficie :\u00a0163 610 km\u00b2Nombre\" \/>\n<meta property=\"og:url\" content=\"https:\/\/credaf.org\/en\/tunisie\/\" \/>\n<meta property=\"article:modified_time\" content=\"2024-06-24T05:48:25+00:00\" \/>\n<meta property=\"og:image\" content=\"https:\/\/credaf.org\/wp-content\/uploads\/2023\/08\/Tunisie.png\" \/>\n<meta name=\"twitter:card\" content=\"summary_large_image\" \/>\n<meta name=\"twitter:label1\" content=\"Est. reading time\" \/>\n\t<meta name=\"twitter:data1\" content=\"2 minutes\" \/>\n<script type=\"application\/ld+json\" class=\"yoast-schema-graph\">{\"@context\":\"https:\\\/\\\/schema.org\",\"@graph\":[{\"@type\":\"WebPage\",\"@id\":\"https:\\\/\\\/credaf.org\\\/tunisie\\\/\",\"url\":\"https:\\\/\\\/credaf.org\\\/tunisie\\\/\",\"name\":\"Tunisie -\",\"isPartOf\":{\"@id\":\"https:\\\/\\\/credaf.org\\\/#website\"},\"primaryImageOfPage\":{\"@id\":\"https:\\\/\\\/credaf.org\\\/tunisie\\\/#primaryimage\"},\"image\":{\"@id\":\"https:\\\/\\\/credaf.org\\\/tunisie\\\/#primaryimage\"},\"thumbnailUrl\":\"https:\\\/\\\/credaf.org\\\/wp-content\\\/uploads\\\/2023\\\/08\\\/Tunisie.png\",\"datePublished\":\"2016-11-15T10:35:19+00:00\",\"dateModified\":\"2024-06-24T05:48:25+00:00\",\"breadcrumb\":{\"@id\":\"https:\\\/\\\/credaf.org\\\/tunisie\\\/#breadcrumb\"},\"inLanguage\":\"en-US\",\"potentialAction\":[{\"@type\":\"ReadAction\",\"target\":[\"https:\\\/\\\/credaf.org\\\/tunisie\\\/\"]}]},{\"@type\":\"ImageObject\",\"inLanguage\":\"en-US\",\"@id\":\"https:\\\/\\\/credaf.org\\\/tunisie\\\/#primaryimage\",\"url\":\"https:\\\/\\\/credaf.org\\\/wp-content\\\/uploads\\\/2023\\\/08\\\/Tunisie.png\",\"contentUrl\":\"https:\\\/\\\/credaf.org\\\/wp-content\\\/uploads\\\/2023\\\/08\\\/Tunisie.png\"},{\"@type\":\"BreadcrumbList\",\"@id\":\"https:\\\/\\\/credaf.org\\\/tunisie\\\/#breadcrumb\",\"itemListElement\":[{\"@type\":\"ListItem\",\"position\":1,\"name\":\"Accueil\",\"item\":\"https:\\\/\\\/credaf.org\\\/\"},{\"@type\":\"ListItem\",\"position\":2,\"name\":\"Tunisie\"}]},{\"@type\":\"WebSite\",\"@id\":\"https:\\\/\\\/credaf.org\\\/#website\",\"url\":\"https:\\\/\\\/credaf.org\\\/\",\"name\":\"\",\"description\":\"\",\"potentialAction\":[{\"@type\":\"SearchAction\",\"target\":{\"@type\":\"EntryPoint\",\"urlTemplate\":\"https:\\\/\\\/credaf.org\\\/?s={search_term_string}\"},\"query-input\":{\"@type\":\"PropertyValueSpecification\",\"valueRequired\":true,\"valueName\":\"search_term_string\"}}],\"inLanguage\":\"en-US\"}]}<\/script>\n<!-- \/ Yoast SEO plugin. -->","yoast_head_json":{"title":"Tunisie -","robots":{"index":"index","follow":"follow","max-snippet":"max-snippet:-1","max-image-preview":"max-image-preview:large","max-video-preview":"max-video-preview:-1"},"canonical":"https:\/\/credaf.org\/en\/tunisie\/","og_locale":"en_US","og_type":"article","og_title":"Tunisie -","og_description":"La R\u00e9publique tunisienne Nature du r\u00e9gime :\u00a0Semi-pr\u00e9sidentielChef de l\u2019Etat :\u00a0M. Ka\u00efs SA\u00cfED (depuis le 23 octobre 2019)Chef du Gouvernement : M. Ahmed Hachani (depuis le\u00a01er aout 2023) Administration fiscale Direction g\u00e9n\u00e9rale des Imp\u00f4ts Directeur g\u00e9n\u00e9ral: Direction g\u00e9n\u00e9rale des \u00c9tudes et de la L\u00e9gislation fiscaleDirecteur g\u00e9n\u00e9rale: Mme Fatiha GHARBISite Internet: http:\/\/www.finances.gov.tn La Tunisie en quelques chiffres Capitale :\u00a0TunisSuperficie :\u00a0163 610 km\u00b2Nombre","og_url":"https:\/\/credaf.org\/en\/tunisie\/","article_modified_time":"2024-06-24T05:48:25+00:00","og_image":[{"url":"https:\/\/credaf.org\/wp-content\/uploads\/2023\/08\/Tunisie.png","type":"","width":"","height":""}],"twitter_card":"summary_large_image","twitter_misc":{"Est. reading time":"2 minutes"},"schema":{"@context":"https:\/\/schema.org","@graph":[{"@type":"WebPage","@id":"https:\/\/credaf.org\/tunisie\/","url":"https:\/\/credaf.org\/tunisie\/","name":"Tunisie -","isPartOf":{"@id":"https:\/\/credaf.org\/#website"},"primaryImageOfPage":{"@id":"https:\/\/credaf.org\/tunisie\/#primaryimage"},"image":{"@id":"https:\/\/credaf.org\/tunisie\/#primaryimage"},"thumbnailUrl":"https:\/\/credaf.org\/wp-content\/uploads\/2023\/08\/Tunisie.png","datePublished":"2016-11-15T10:35:19+00:00","dateModified":"2024-06-24T05:48:25+00:00","breadcrumb":{"@id":"https:\/\/credaf.org\/tunisie\/#breadcrumb"},"inLanguage":"en-US","potentialAction":[{"@type":"ReadAction","target":["https:\/\/credaf.org\/tunisie\/"]}]},{"@type":"ImageObject","inLanguage":"en-US","@id":"https:\/\/credaf.org\/tunisie\/#primaryimage","url":"https:\/\/credaf.org\/wp-content\/uploads\/2023\/08\/Tunisie.png","contentUrl":"https:\/\/credaf.org\/wp-content\/uploads\/2023\/08\/Tunisie.png"},{"@type":"BreadcrumbList","@id":"https:\/\/credaf.org\/tunisie\/#breadcrumb","itemListElement":[{"@type":"ListItem","position":1,"name":"Accueil","item":"https:\/\/credaf.org\/"},{"@type":"ListItem","position":2,"name":"Tunisie"}]},{"@type":"WebSite","@id":"https:\/\/credaf.org\/#website","url":"https:\/\/credaf.org\/","name":"","description":"","potentialAction":[{"@type":"SearchAction","target":{"@type":"EntryPoint","urlTemplate":"https:\/\/credaf.org\/?s={search_term_string}"},"query-input":{"@type":"PropertyValueSpecification","valueRequired":true,"valueName":"search_term_string"}}],"inLanguage":"en-US"}]}},"rttpg_featured_image_url":null,"rttpg_author":{"display_name":"sgcredaf","author_link":"https:\/\/credaf.org\/en\/author\/sgcredaf\/"},"rttpg_comment":0,"rttpg_category":null,"rttpg_excerpt":"La R\u00e9publique tunisienne Nature du r\u00e9gime :\u00a0Semi-pr\u00e9sidentielChef de l\u2019Etat :\u00a0M. Ka\u00efs SA\u00cfED (depuis le 23 octobre 2019)Chef du Gouvernement : M. Ahmed Hachani (depuis le\u00a01er aout 2023) Administration fiscale Direction g\u00e9n\u00e9rale des Imp\u00f4ts Directeur g\u00e9n\u00e9ral: Direction g\u00e9n\u00e9rale des \u00c9tudes et de la L\u00e9gislation fiscaleDirecteur g\u00e9n\u00e9rale: Mme Fatiha GHARBISite Internet: http:\/\/www.finances.gov.tn La Tunisie en quelques chiffres&hellip;","_links":{"self":[{"href":"https:\/\/credaf.org\/en\/wp-json\/wp\/v2\/pages\/1480","targetHints":{"allow":["GET"]}}],"collection":[{"href":"https:\/\/credaf.org\/en\/wp-json\/wp\/v2\/pages"}],"about":[{"href":"https:\/\/credaf.org\/en\/wp-json\/wp\/v2\/types\/page"}],"author":[{"embeddable":true,"href":"https:\/\/credaf.org\/en\/wp-json\/wp\/v2\/users\/13"}],"replies":[{"embeddable":true,"href":"https:\/\/credaf.org\/en\/wp-json\/wp\/v2\/comments?post=1480"}],"version-history":[{"count":0,"href":"https:\/\/credaf.org\/en\/wp-json\/wp\/v2\/pages\/1480\/revisions"}],"wp:attachment":[{"href":"https:\/\/credaf.org\/en\/wp-json\/wp\/v2\/media?parent=1480"}],"curies":[{"name":"wp","href":"https:\/\/api.w.org\/{rel}","templated":true}]}}