{"id":2309,"date":"2018-02-06T14:51:58","date_gmt":"2018-02-06T13:51:58","guid":{"rendered":"http:\/\/credaf.org\/?page_id=2309"},"modified":"2023-09-01T16:46:23","modified_gmt":"2023-09-01T14:46:23","slug":"oif","status":"publish","type":"page","link":"https:\/\/credaf.org\/en\/oif\/","title":{"rendered":"OIF"},"content":{"rendered":"<div data-elementor-type=\"wp-page\" data-elementor-id=\"2309\" class=\"elementor elementor-2309\">\n\t\t\t\t<div class=\"elementor-element elementor-element-01709ed e-flex e-con-boxed wpr-particle-no wpr-jarallax-no wpr-parallax-no wpr-sticky-section-no wpr-equal-height-no e-con e-parent\" data-id=\"01709ed\" data-element_type=\"container\" data-e-type=\"container\">\n\t\t\t\t\t<div class=\"e-con-inner\">\n\t\t\t\t<div class=\"elementor-element elementor-element-ebcaa02 elementor-widget elementor-widget-heading\" data-id=\"ebcaa02\" data-element_type=\"widget\" data-e-type=\"widget\" data-widget_type=\"heading.default\">\n\t\t\t\t<div class=\"elementor-widget-container\">\n\t\t\t\t\t<h2 class=\"elementor-heading-title elementor-size-default\">La Francophonie institutionnelle<\/h2>\t\t\t\t<\/div>\n\t\t\t\t<\/div>\n\t\t\t\t\t<\/div>\n\t\t\t\t<\/div>\n\t\t<div class=\"elementor-element elementor-element-ed47cdf e-flex e-con-boxed wpr-particle-no wpr-jarallax-no wpr-parallax-no wpr-sticky-section-no wpr-equal-height-no e-con e-parent\" data-id=\"ed47cdf\" data-element_type=\"container\" data-e-type=\"container\">\n\t\t\t\t\t<div class=\"e-con-inner\">\n\t\t\t\t<div class=\"elementor-element elementor-element-6d9e39c elementor-widget elementor-widget-text-editor\" data-id=\"6d9e39c\" data-element_type=\"widget\" data-e-type=\"widget\" data-widget_type=\"text-editor.default\">\n\t\t\t\t<div class=\"elementor-widget-container\">\n\t\t\t\t\t\t\t\t\t<p><span style=\"color: var( --e-global-color-text ); font-family: var( --e-global-typography-text-font-family ), Sans-serif; font-weight: var( --e-global-typography-text-font-weight );\">Depuis 1970 et la cr\u00e9ation de l\u2019agence de coop\u00e9ration culturelle et technique (ACCT) \u2013 devenue aujourd\u2019hui l\u2019<\/span><a class=\"spip_in\" style=\"background-color: #ffffff; font-family: var( --e-global-typography-text-font-family ), Sans-serif; font-weight: var( --e-global-typography-text-font-weight );\" href=\"https:\/\/www.francophonie.org\/\">Organisation internationale de la Francophonie (OIF)<\/a><span style=\"color: var( --e-global-color-text ); font-family: var( --e-global-typography-text-font-family ), Sans-serif; font-weight: var( --e-global-typography-text-font-weight );\">\u00a0\u2013 les francophones peuvent s\u2019appuyer sur un dispositif institutionnel vou\u00e9 \u00e0 promouvoir la langue fran\u00e7aise et les relations de coop\u00e9ration entre les 84 \u00c9tats et gouvernements membres ou observateurs de l\u2019OIF.<\/span><\/p><p>Ce dispositif est fix\u00e9 par la\u00a0<a class=\"spip_in\" href=\"https:\/\/www.francophonie.org\/\">Charte de la Francophonie<\/a>\u00a0adopt\u00e9e en 1997 au Sommet de Hanoi (Vietnam) et r\u00e9vis\u00e9e par la Conf\u00e9rence minist\u00e9rielle en 2005 \u00e0 Antananarivo (Madagascar)\u00a0:<\/p><p>\u2022 Le Sommet des chefs d\u2019\u00c9tat et de gouvernement \u2013 le\u00a0<a class=\"spip_in\" href=\"https:\/\/www.francophonie.org\/\">Sommet de la Francophonie<\/a>\u00a0\u2013, qui se r\u00e9unit tous les deux ans, est la plus haute des instances politiques d\u00e9cisionnelles.<\/p><p>\u2022 La\u00a0<a class=\"spip_in\" href=\"https:\/\/www.francophonie.org\/\">Secr\u00e9taire g\u00e9n\u00e9rale de la Francophonie<\/a>\u00a0est la cl\u00e9 de vo\u00fbte de ce dispositif.\u00a0<a class=\"spip_in\" href=\"https:\/\/www.francophonie.org\/\">Micha\u00eblle Jean<\/a>\u00a0a \u00e9t\u00e9 d\u00e9sign\u00e9e \u00e0 ce poste par le Sommet de la Francophonie en 2014 \u00e0 Dakar (S\u00e9n\u00e9gal).<\/p><p>\u2022 L\u2019<a class=\"spip_in\" href=\"https:\/\/www.francophonie.org\/\">Organisation internationale de la Francophonie<\/a>\u00a0met en \u0153uvre la coop\u00e9ration multilat\u00e9rale francophone au c\u00f4t\u00e9 de quatre op\u00e9rateurs\u00a0:<\/p><ul class=\"spip\"><li>l\u2019<u><a class=\"spip_in\" href=\"https:\/\/www.francophonie.org\/\">Agence universitaire de la Francophonie<\/a><\/u>\u00a0(AUF)<\/li><li><u><a class=\"spip_in\" href=\"https:\/\/www.francophonie.org\/\">TV5Monde<\/a><\/u>, la cha\u00eene internationale de t\u00e9l\u00e9vision<\/li><li>l\u2019<u><a class=\"spip_in\" href=\"https:\/\/www.francophonie.org\/\">Association internationale des maires francophones<\/a><\/u>\u00a0(AIMF)<\/li><li>l\u2019<u><a class=\"spip_in\" href=\"https:\/\/www.francophonie.org\/\">Universit\u00e9 Senghor d\u2019Alexandrie<\/a><\/u><\/li><\/ul><p>La Francophonie dispose aussi d\u2019un organe consultatif\u00a0: l\u2019<a class=\"spip_in\" href=\"https:\/\/www.francophonie.org\/\">Assembl\u00e9e parlementaire de la Francophonie<\/a>\u00a0(APF).<\/p>\t\t\t\t\t\t\t\t<\/div>\n\t\t\t\t<\/div>\n\t\t\t\t\t<\/div>\n\t\t\t\t<\/div>\n\t\t\t\t<\/div>\n\t\t<!-- AddThis Advanced Settings generic via filter on the_content --><!-- AddThis Share Buttons generic via filter on the_content --><!-- AddThis Related Posts generic via filter on the_content -->","protected":false},"excerpt":{"rendered":"<p>La Francophonie institutionnelle Depuis 1970 et la cr\u00e9ation de l\u2019agence de coop\u00e9ration culturelle et technique (ACCT) \u2013 devenue aujourd\u2019hui l\u2019Organisation internationale de la Francophonie (OIF)\u00a0\u2013 les francophones peuvent s\u2019appuyer sur un dispositif institutionnel vou\u00e9 \u00e0 promouvoir la langue fran\u00e7aise et les relations de coop\u00e9ration entre les 84 \u00c9tats et gouvernements membres ou observateurs de l\u2019OIF. Ce dispositif est fix\u00e9 par<\/p>","protected":false},"author":13,"featured_media":0,"parent":0,"menu_order":0,"comment_status":"closed","ping_status":"closed","template":"","meta":{"_acf_changed":false,"footnotes":""},"class_list":["post-2309","page","type-page","status-publish","hentry"],"acf":[],"yoast_head":"<!-- This site is optimized with the Yoast SEO plugin v27.4 - https:\/\/yoast.com\/product\/yoast-seo-wordpress\/ -->\n<title>OIF -<\/title>\n<meta name=\"robots\" content=\"index, follow, max-snippet:-1, max-image-preview:large, max-video-preview:-1\" \/>\n<link rel=\"canonical\" href=\"https:\/\/credaf.org\/en\/oif\/\" \/>\n<meta property=\"og:locale\" content=\"en_US\" \/>\n<meta property=\"og:type\" content=\"article\" \/>\n<meta property=\"og:title\" content=\"OIF -\" \/>\n<meta property=\"og:description\" content=\"La Francophonie institutionnelle Depuis 1970 et la cr\u00e9ation de l\u2019agence de coop\u00e9ration culturelle et technique (ACCT) \u2013 devenue aujourd\u2019hui l\u2019Organisation internationale de la Francophonie (OIF)\u00a0\u2013 les francophones peuvent s\u2019appuyer sur un dispositif institutionnel vou\u00e9 \u00e0 promouvoir la langue fran\u00e7aise et les relations de coop\u00e9ration entre les 84 \u00c9tats et gouvernements membres ou observateurs de l\u2019OIF. Ce dispositif est fix\u00e9 par\" \/>\n<meta property=\"og:url\" content=\"https:\/\/credaf.org\/en\/oif\/\" \/>\n<meta property=\"article:modified_time\" content=\"2023-09-01T14:46:23+00:00\" \/>\n<meta name=\"twitter:card\" content=\"summary_large_image\" \/>\n<meta name=\"twitter:label1\" content=\"Est. reading time\" \/>\n\t<meta name=\"twitter:data1\" content=\"2 minutes\" \/>\n<script type=\"application\/ld+json\" class=\"yoast-schema-graph\">{\"@context\":\"https:\\\/\\\/schema.org\",\"@graph\":[{\"@type\":\"WebPage\",\"@id\":\"https:\\\/\\\/credaf.org\\\/oif\\\/\",\"url\":\"https:\\\/\\\/credaf.org\\\/oif\\\/\",\"name\":\"OIF -\",\"isPartOf\":{\"@id\":\"https:\\\/\\\/credaf.org\\\/#website\"},\"datePublished\":\"2018-02-06T13:51:58+00:00\",\"dateModified\":\"2023-09-01T14:46:23+00:00\",\"breadcrumb\":{\"@id\":\"https:\\\/\\\/credaf.org\\\/oif\\\/#breadcrumb\"},\"inLanguage\":\"en-US\",\"potentialAction\":[{\"@type\":\"ReadAction\",\"target\":[\"https:\\\/\\\/credaf.org\\\/oif\\\/\"]}]},{\"@type\":\"BreadcrumbList\",\"@id\":\"https:\\\/\\\/credaf.org\\\/oif\\\/#breadcrumb\",\"itemListElement\":[{\"@type\":\"ListItem\",\"position\":1,\"name\":\"Accueil\",\"item\":\"https:\\\/\\\/credaf.org\\\/\"},{\"@type\":\"ListItem\",\"position\":2,\"name\":\"OIF\"}]},{\"@type\":\"WebSite\",\"@id\":\"https:\\\/\\\/credaf.org\\\/#website\",\"url\":\"https:\\\/\\\/credaf.org\\\/\",\"name\":\"\",\"description\":\"\",\"potentialAction\":[{\"@type\":\"SearchAction\",\"target\":{\"@type\":\"EntryPoint\",\"urlTemplate\":\"https:\\\/\\\/credaf.org\\\/?s={search_term_string}\"},\"query-input\":{\"@type\":\"PropertyValueSpecification\",\"valueRequired\":true,\"valueName\":\"search_term_string\"}}],\"inLanguage\":\"en-US\"}]}<\/script>\n<!-- \/ Yoast SEO plugin. -->","yoast_head_json":{"title":"OIF -","robots":{"index":"index","follow":"follow","max-snippet":"max-snippet:-1","max-image-preview":"max-image-preview:large","max-video-preview":"max-video-preview:-1"},"canonical":"https:\/\/credaf.org\/en\/oif\/","og_locale":"en_US","og_type":"article","og_title":"OIF -","og_description":"La Francophonie institutionnelle Depuis 1970 et la cr\u00e9ation de l\u2019agence de coop\u00e9ration culturelle et technique (ACCT) \u2013 devenue aujourd\u2019hui l\u2019Organisation internationale de la Francophonie (OIF)\u00a0\u2013 les francophones peuvent s\u2019appuyer sur un dispositif institutionnel vou\u00e9 \u00e0 promouvoir la langue fran\u00e7aise et les relations de coop\u00e9ration entre les 84 \u00c9tats et gouvernements membres ou observateurs de l\u2019OIF. Ce dispositif est fix\u00e9 par","og_url":"https:\/\/credaf.org\/en\/oif\/","article_modified_time":"2023-09-01T14:46:23+00:00","twitter_card":"summary_large_image","twitter_misc":{"Est. reading time":"2 minutes"},"schema":{"@context":"https:\/\/schema.org","@graph":[{"@type":"WebPage","@id":"https:\/\/credaf.org\/oif\/","url":"https:\/\/credaf.org\/oif\/","name":"OIF -","isPartOf":{"@id":"https:\/\/credaf.org\/#website"},"datePublished":"2018-02-06T13:51:58+00:00","dateModified":"2023-09-01T14:46:23+00:00","breadcrumb":{"@id":"https:\/\/credaf.org\/oif\/#breadcrumb"},"inLanguage":"en-US","potentialAction":[{"@type":"ReadAction","target":["https:\/\/credaf.org\/oif\/"]}]},{"@type":"BreadcrumbList","@id":"https:\/\/credaf.org\/oif\/#breadcrumb","itemListElement":[{"@type":"ListItem","position":1,"name":"Accueil","item":"https:\/\/credaf.org\/"},{"@type":"ListItem","position":2,"name":"OIF"}]},{"@type":"WebSite","@id":"https:\/\/credaf.org\/#website","url":"https:\/\/credaf.org\/","name":"","description":"","potentialAction":[{"@type":"SearchAction","target":{"@type":"EntryPoint","urlTemplate":"https:\/\/credaf.org\/?s={search_term_string}"},"query-input":{"@type":"PropertyValueSpecification","valueRequired":true,"valueName":"search_term_string"}}],"inLanguage":"en-US"}]}},"rttpg_featured_image_url":null,"rttpg_author":{"display_name":"sgcredaf","author_link":"https:\/\/credaf.org\/en\/author\/sgcredaf\/"},"rttpg_comment":0,"rttpg_category":null,"rttpg_excerpt":"La Francophonie institutionnelle Depuis 1970 et la cr\u00e9ation de l\u2019agence de coop\u00e9ration culturelle et technique (ACCT) \u2013 devenue aujourd\u2019hui l\u2019Organisation internationale de la Francophonie (OIF)\u00a0\u2013 les francophones peuvent s\u2019appuyer sur un dispositif institutionnel vou\u00e9 \u00e0 promouvoir la langue fran\u00e7aise et les relations de coop\u00e9ration entre les 84 \u00c9tats et gouvernements membres ou observateurs de l\u2019OIF.&hellip;","_links":{"self":[{"href":"https:\/\/credaf.org\/en\/wp-json\/wp\/v2\/pages\/2309","targetHints":{"allow":["GET"]}}],"collection":[{"href":"https:\/\/credaf.org\/en\/wp-json\/wp\/v2\/pages"}],"about":[{"href":"https:\/\/credaf.org\/en\/wp-json\/wp\/v2\/types\/page"}],"author":[{"embeddable":true,"href":"https:\/\/credaf.org\/en\/wp-json\/wp\/v2\/users\/13"}],"replies":[{"embeddable":true,"href":"https:\/\/credaf.org\/en\/wp-json\/wp\/v2\/comments?post=2309"}],"version-history":[{"count":0,"href":"https:\/\/credaf.org\/en\/wp-json\/wp\/v2\/pages\/2309\/revisions"}],"wp:attachment":[{"href":"https:\/\/credaf.org\/en\/wp-json\/wp\/v2\/media?parent=2309"}],"curies":[{"name":"wp","href":"https:\/\/api.w.org\/{rel}","templated":true}]}}