{"id":3253,"date":"2017-05-31T16:30:01","date_gmt":"2017-05-31T14:30:01","guid":{"rendered":"http:\/\/credaf.org\/?page_id=3253"},"modified":"2026-03-03T16:09:20","modified_gmt":"2026-03-03T15:09:20","slug":"guides-2","status":"publish","type":"page","link":"https:\/\/credaf.org\/en\/guides-2\/","title":{"rendered":"Guides"},"content":{"rendered":"<div data-elementor-type=\"wp-page\" data-elementor-id=\"3253\" class=\"elementor elementor-3253\">\n\t\t\t\t<div class=\"elementor-element elementor-element-734f6c87 e-flex e-con-boxed wpr-particle-no wpr-jarallax-no wpr-parallax-no wpr-sticky-section-no e-con e-parent\" data-id=\"734f6c87\" data-element_type=\"container\" data-e-type=\"container\">\n\t\t\t\t\t<div class=\"e-con-inner\">\n\t\t\t\t<div class=\"elementor-element elementor-element-450a20cc elementor-widget elementor-widget-text-editor\" data-id=\"450a20cc\" data-element_type=\"widget\" data-e-type=\"widget\" data-widget_type=\"text-editor.default\">\n\t\t\t\t<div class=\"elementor-widget-container\">\n\t\t\t\t\t\t\t\t\t<p>Retrouvez ci-dessous les guides pertinents publi\u00e9s par le CREDAF et\/ou ses partenaires :<\/p><p><a href=\"https:\/\/credaf.org\/wp-content\/uploads\/2026\/03\/Guide-sur-la-mise-en-place-de-la-facturation-electronique.pdf\" target=\"_blank\" rel=\"noopener\">2025 : Guide sur la mise en place de la facturation \u00e9lectronique<\/a><\/p><p><a href=\"https:\/\/credaf.org\/wp-content\/uploads\/2025\/10\/Guide-du-verificateur-Tome-1.pdf\" target=\"_blank\" rel=\"noopener\">2024 : Guide du v\u00e9rificateur &#8211; Tome 1<\/a><\/p><p><a href=\"https:\/\/credaf.org\/wp-content\/uploads\/2025\/10\/Guide-du-verificateur-Tome-2.pdf\" target=\"_blank\" rel=\"noopener\">2024 : Guide du v\u00e9rificateur &#8211; Tome 2<\/a><\/p><p><a href=\"https:\/\/credaf.org\/wp-content\/uploads\/2025\/10\/Guide-gouvernance-des-donnees.pdf\" target=\"_blank\" rel=\"noopener\">2024 : Gouvernance des donn\u00e9es pour les administrations fiscales<\/a><\/p><p><a href=\"https:\/\/credaf.org\/wp-content\/uploads\/2019\/02\/Guide-CREDAF-Securisation-des-recettes-fiscales-en-periode-de-crise.pdf\" target=\"_blank\" rel=\"noopener noreferrer\">2018 : Guide sur la s\u00e9curisation des recettes fiscales en p\u00e9riode de crise<\/a><\/p><p><a href=\"https:\/\/credaf.org\/wp-content\/uploads\/2019\/11\/Guide_CREDAF_industries_extractives.pdf\" target=\"_blank\" rel=\"noopener noreferrer\">2017 : Guide sur la fiscalit\u00e9 des industries extractives<\/a><\/p><p><a href=\"https:\/\/credaf.org\/wp-content\/uploads\/2017\/10\/2015_Evaluation_depenses_fiscales.pdf\" target=\"_blank\" rel=\"noopener noreferrer\">2015 : Guide sur l&rsquo;\u00e9valuation des d\u00e9penses fiscales<\/a><\/p><p><a href=\"https:\/\/credaf.org\/wp-content\/uploads\/2020\/07\/2014-Conventions-fiscales-internationales.pdf\" target=\"_blank\" rel=\"noopener noreferrer\">2014 : Guide sur les conventions fiscales internationales<\/a><\/p>\t\t\t\t\t\t\t\t<\/div>\n\t\t\t\t<\/div>\n\t\t\t\t\t<\/div>\n\t\t\t\t<\/div>\n\t\t\t\t<\/div>\n\t\t<!-- AddThis Advanced Settings generic via filter on the_content --><!-- AddThis Share Buttons generic via filter on the_content --><!-- AddThis Related Posts generic via filter on the_content -->","protected":false},"excerpt":{"rendered":"<p>Retrouvez ci-dessous les guides pertinents publi\u00e9s par le CREDAF et\/ou ses partenaires : 2025 : Guide sur la mise en place de la facturation \u00e9lectronique 2024 : Guide du v\u00e9rificateur &#8211; Tome 1 2024 : Guide du v\u00e9rificateur &#8211; Tome 2 2024 : Gouvernance des donn\u00e9es pour les administrations fiscales 2018 : Guide sur la s\u00e9curisation des recettes fiscales en<\/p>","protected":false},"author":13,"featured_media":0,"parent":0,"menu_order":0,"comment_status":"closed","ping_status":"closed","template":"","meta":{"_acf_changed":false,"footnotes":""},"class_list":["post-3253","page","type-page","status-publish","hentry"],"acf":[],"yoast_head":"<!-- This site is optimized with the Yoast SEO plugin v27.3 - https:\/\/yoast.com\/product\/yoast-seo-wordpress\/ -->\n<title>Guides -<\/title>\n<meta name=\"robots\" content=\"index, follow, max-snippet:-1, max-image-preview:large, max-video-preview:-1\" \/>\n<link rel=\"canonical\" href=\"https:\/\/credaf.org\/en\/guides-2\/\" \/>\n<meta property=\"og:locale\" content=\"en_US\" \/>\n<meta property=\"og:type\" content=\"article\" \/>\n<meta property=\"og:title\" content=\"Guides -\" \/>\n<meta property=\"og:description\" content=\"Retrouvez ci-dessous les guides pertinents publi\u00e9s par le CREDAF et\/ou ses partenaires : 2025 : Guide sur la mise en place de la facturation \u00e9lectronique 2024 : Guide du v\u00e9rificateur &#8211; Tome 1 2024 : Guide du v\u00e9rificateur &#8211; Tome 2 2024 : Gouvernance des donn\u00e9es pour les administrations fiscales 2018 : Guide sur la s\u00e9curisation des recettes fiscales en\" \/>\n<meta property=\"og:url\" content=\"https:\/\/credaf.org\/en\/guides-2\/\" \/>\n<meta property=\"article:modified_time\" content=\"2026-03-03T15:09:20+00:00\" \/>\n<meta name=\"twitter:card\" content=\"summary_large_image\" \/>\n<script type=\"application\/ld+json\" class=\"yoast-schema-graph\">{\"@context\":\"https:\\\/\\\/schema.org\",\"@graph\":[{\"@type\":\"WebPage\",\"@id\":\"https:\\\/\\\/credaf.org\\\/guides-2\\\/\",\"url\":\"https:\\\/\\\/credaf.org\\\/guides-2\\\/\",\"name\":\"Guides -\",\"isPartOf\":{\"@id\":\"https:\\\/\\\/credaf.org\\\/#website\"},\"datePublished\":\"2017-05-31T14:30:01+00:00\",\"dateModified\":\"2026-03-03T15:09:20+00:00\",\"breadcrumb\":{\"@id\":\"https:\\\/\\\/credaf.org\\\/guides-2\\\/#breadcrumb\"},\"inLanguage\":\"en-US\",\"potentialAction\":[{\"@type\":\"ReadAction\",\"target\":[\"https:\\\/\\\/credaf.org\\\/guides-2\\\/\"]}]},{\"@type\":\"BreadcrumbList\",\"@id\":\"https:\\\/\\\/credaf.org\\\/guides-2\\\/#breadcrumb\",\"itemListElement\":[{\"@type\":\"ListItem\",\"position\":1,\"name\":\"Accueil\",\"item\":\"https:\\\/\\\/credaf.org\\\/\"},{\"@type\":\"ListItem\",\"position\":2,\"name\":\"Guides\"}]},{\"@type\":\"WebSite\",\"@id\":\"https:\\\/\\\/credaf.org\\\/#website\",\"url\":\"https:\\\/\\\/credaf.org\\\/\",\"name\":\"\",\"description\":\"\",\"potentialAction\":[{\"@type\":\"SearchAction\",\"target\":{\"@type\":\"EntryPoint\",\"urlTemplate\":\"https:\\\/\\\/credaf.org\\\/?s={search_term_string}\"},\"query-input\":{\"@type\":\"PropertyValueSpecification\",\"valueRequired\":true,\"valueName\":\"search_term_string\"}}],\"inLanguage\":\"en-US\"}]}<\/script>\n<!-- \/ Yoast SEO plugin. -->","yoast_head_json":{"title":"Guides -","robots":{"index":"index","follow":"follow","max-snippet":"max-snippet:-1","max-image-preview":"max-image-preview:large","max-video-preview":"max-video-preview:-1"},"canonical":"https:\/\/credaf.org\/en\/guides-2\/","og_locale":"en_US","og_type":"article","og_title":"Guides -","og_description":"Retrouvez ci-dessous les guides pertinents publi\u00e9s par le CREDAF et\/ou ses partenaires : 2025 : Guide sur la mise en place de la facturation \u00e9lectronique 2024 : Guide du v\u00e9rificateur &#8211; Tome 1 2024 : Guide du v\u00e9rificateur &#8211; Tome 2 2024 : Gouvernance des donn\u00e9es pour les administrations fiscales 2018 : Guide sur la s\u00e9curisation des recettes fiscales en","og_url":"https:\/\/credaf.org\/en\/guides-2\/","article_modified_time":"2026-03-03T15:09:20+00:00","twitter_card":"summary_large_image","schema":{"@context":"https:\/\/schema.org","@graph":[{"@type":"WebPage","@id":"https:\/\/credaf.org\/guides-2\/","url":"https:\/\/credaf.org\/guides-2\/","name":"Guides -","isPartOf":{"@id":"https:\/\/credaf.org\/#website"},"datePublished":"2017-05-31T14:30:01+00:00","dateModified":"2026-03-03T15:09:20+00:00","breadcrumb":{"@id":"https:\/\/credaf.org\/guides-2\/#breadcrumb"},"inLanguage":"en-US","potentialAction":[{"@type":"ReadAction","target":["https:\/\/credaf.org\/guides-2\/"]}]},{"@type":"BreadcrumbList","@id":"https:\/\/credaf.org\/guides-2\/#breadcrumb","itemListElement":[{"@type":"ListItem","position":1,"name":"Accueil","item":"https:\/\/credaf.org\/"},{"@type":"ListItem","position":2,"name":"Guides"}]},{"@type":"WebSite","@id":"https:\/\/credaf.org\/#website","url":"https:\/\/credaf.org\/","name":"","description":"","potentialAction":[{"@type":"SearchAction","target":{"@type":"EntryPoint","urlTemplate":"https:\/\/credaf.org\/?s={search_term_string}"},"query-input":{"@type":"PropertyValueSpecification","valueRequired":true,"valueName":"search_term_string"}}],"inLanguage":"en-US"}]}},"rttpg_featured_image_url":null,"rttpg_author":{"display_name":"sgcredaf","author_link":"https:\/\/credaf.org\/en\/author\/sgcredaf\/"},"rttpg_comment":0,"rttpg_category":null,"rttpg_excerpt":"Retrouvez ci-dessous les guides pertinents publi\u00e9s par le CREDAF et\/ou ses partenaires : 2025 : Guide sur la mise en place de la facturation \u00e9lectronique 2024 : Guide du v\u00e9rificateur &#8211; Tome 1 2024 : Guide du v\u00e9rificateur &#8211; Tome 2 2024 : Gouvernance des donn\u00e9es pour les administrations fiscales 2018 : Guide sur la&hellip;","_links":{"self":[{"href":"https:\/\/credaf.org\/en\/wp-json\/wp\/v2\/pages\/3253","targetHints":{"allow":["GET"]}}],"collection":[{"href":"https:\/\/credaf.org\/en\/wp-json\/wp\/v2\/pages"}],"about":[{"href":"https:\/\/credaf.org\/en\/wp-json\/wp\/v2\/types\/page"}],"author":[{"embeddable":true,"href":"https:\/\/credaf.org\/en\/wp-json\/wp\/v2\/users\/13"}],"replies":[{"embeddable":true,"href":"https:\/\/credaf.org\/en\/wp-json\/wp\/v2\/comments?post=3253"}],"version-history":[{"count":27,"href":"https:\/\/credaf.org\/en\/wp-json\/wp\/v2\/pages\/3253\/revisions"}],"predecessor-version":[{"id":11397,"href":"https:\/\/credaf.org\/en\/wp-json\/wp\/v2\/pages\/3253\/revisions\/11397"}],"wp:attachment":[{"href":"https:\/\/credaf.org\/en\/wp-json\/wp\/v2\/media?parent=3253"}],"curies":[{"name":"wp","href":"https:\/\/api.w.org\/{rel}","templated":true}]}}