{"id":3323,"date":"2017-06-02T11:26:22","date_gmt":"2017-06-02T09:26:22","guid":{"rendered":"http:\/\/credaf.org\/?page_id=3323"},"modified":"2023-08-24T14:51:05","modified_gmt":"2023-08-24T12:51:05","slug":"partenaires-academiques","status":"publish","type":"page","link":"https:\/\/credaf.org\/en\/partenaires-academiques\/","title":{"rendered":"Academic partners"},"content":{"rendered":"<div data-elementor-type=\"wp-page\" data-elementor-id=\"3323\" class=\"elementor elementor-3323\">\n\t\t\t\t\t\t<section class=\"elementor-section elementor-top-section elementor-element elementor-element-13284c8 elementor-section-boxed elementor-section-height-default elementor-section-height-default wpr-particle-no wpr-jarallax-no wpr-parallax-no wpr-sticky-section-no wpr-equal-height-no\" data-id=\"13284c8\" data-element_type=\"section\" data-e-type=\"section\">\n\t\t\t\t\t\t<div class=\"elementor-container elementor-column-gap-default\">\n\t\t\t\t\t<div class=\"elementor-column elementor-col-100 elementor-top-column elementor-element elementor-element-60e3aa7f\" data-id=\"60e3aa7f\" data-element_type=\"column\" data-e-type=\"column\">\n\t\t\t<div class=\"elementor-widget-wrap elementor-element-populated\">\n\t\t\t\t\t\t<div class=\"elementor-element elementor-element-2a5178fd elementor-widget elementor-widget-text-editor\" data-id=\"2a5178fd\" data-element_type=\"widget\" data-e-type=\"widget\" data-widget_type=\"text-editor.default\">\n\t\t\t\t<div class=\"elementor-widget-container\">\n\t\t\t\t\t\t\t\t\t<p><span style=\"text-align: justify; color: var( --e-global-color-text ); font-family: var( --e-global-typography-text-font-family ), Sans-serif; font-weight: var( --e-global-typography-text-font-weight );\">\u00c0 ce jour, le CREDAF a conclu six accords de coop\u00e9ration avec le CIAT (2013), l&rsquo;OCDE (2015), le P\u00f4le \u00ab\u00a0Strat\u00e9gie de D\u00e9veloppement et Finances Publiques\u00a0\u00bb du PNUD bas\u00e9 \u00e0 Dakar (2016), l&rsquo;OIF (2017), la FERDI (2017) et l\u2019\u00c9cole des Mines de Paris (2017).<\/span><br><\/p>\n<p style=\"text-align: justify;\">Ces partenariats ont pour objectif de faciliter le dialogue et l&rsquo;\u00e9change d&rsquo;informations entre les membres sur les bonnes pratiques dans le domaine de la fiscalit\u00e9. Cette coop\u00e9ration internationale multilat\u00e9rale, qui est fond\u00e9e sur l&rsquo;int\u00e9r\u00eat commun et la mutualisation des exp\u00e9riences dans le domaine de la fiscalit\u00e9, se retrouve dans les objectifs des organisations.<\/p>\n<p><span style=\"color: rgb(3, 3, 3); font-family: Roboto; font-size: 24px; font-weight: 600;\">Academic partners<\/span><br><\/p>\n<p><span style=\"text-align: justify; color: var( --e-global-color-text ); font-family: var( --e-global-typography-text-font-family ), Sans-serif; font-weight: var( --e-global-typography-text-font-weight );\">Afin d&rsquo;en apprendre davantage sur les diff\u00e9rents partenaires du CREDAF, nous vous invitons \u00e0 lire nos fiches sur chacun de ces partenaires qui contribuent activement \u00e0 nos travaux et actions dans un esprit de partage et de mutualisation des bonnes pratiques.<\/span><\/p>\n<ul>\n<li><a href=\"https:\/\/credaf.org\/fr\/paristech\/\" target=\"_blank\" rel=\"noopener\">Ecole des Mines de Paris (Mines ParisTech)<\/a><\/li><\/ul>\n<ul>\n<li><a href=\"https:\/\/credaf.org\/fr\/ferdi\/\" target=\"_blank\" rel=\"noopener\">FERDI<\/a><\/li><\/ul>\t\t\t\t\t\t\t\t<\/div>\n\t\t\t\t<\/div>\n\t\t\t\t\t<\/div>\n\t\t<\/div>\n\t\t\t\t\t<\/div>\n\t\t<\/section>\n\t\t\t\t<\/div>\n\t\t<!-- AddThis Advanced Settings generic via filter on the_content --><!-- AddThis Share Buttons generic via filter on the_content --><!-- AddThis Related Posts generic via filter on the_content -->","protected":false},"excerpt":{"rendered":"<p>\u00c0 ce jour, le CREDAF a conclu six accords de coop\u00e9ration avec le CIAT (2013), l&rsquo;OCDE (2015), le P\u00f4le \u00ab\u00a0Strat\u00e9gie de D\u00e9veloppement et Finances Publiques\u00a0\u00bb du PNUD bas\u00e9 \u00e0 Dakar (2016), l&rsquo;OIF (2017), la FERDI (2017) et l\u2019\u00c9cole des Mines de Paris (2017). Ces partenariats ont pour objectif de faciliter le dialogue et l&rsquo;\u00e9change d&rsquo;informations entre les membres sur les<\/p>","protected":false},"author":13,"featured_media":0,"parent":0,"menu_order":0,"comment_status":"closed","ping_status":"closed","template":"","meta":{"_acf_changed":false,"footnotes":""},"class_list":["post-3323","page","type-page","status-publish","hentry"],"acf":[],"yoast_head":"<!-- This site is optimized with the Yoast SEO plugin v27.4 - https:\/\/yoast.com\/product\/yoast-seo-wordpress\/ -->\n<title>Partenaires acad\u00e9miques -<\/title>\n<meta name=\"robots\" content=\"index, follow, max-snippet:-1, max-image-preview:large, max-video-preview:-1\" \/>\n<link rel=\"canonical\" href=\"https:\/\/credaf.org\/en\/partenaires-academiques\/\" \/>\n<meta property=\"og:locale\" content=\"en_US\" \/>\n<meta property=\"og:type\" content=\"article\" \/>\n<meta property=\"og:title\" content=\"Partenaires acad\u00e9miques -\" \/>\n<meta property=\"og:description\" content=\"\u00c0 ce jour, le CREDAF a conclu six accords de coop\u00e9ration avec le CIAT (2013), l&rsquo;OCDE (2015), le P\u00f4le \u00ab\u00a0Strat\u00e9gie de D\u00e9veloppement et Finances Publiques\u00a0\u00bb du PNUD bas\u00e9 \u00e0 Dakar (2016), l&rsquo;OIF (2017), la FERDI (2017) et l\u2019\u00c9cole des Mines de Paris (2017). Ces partenariats ont pour objectif de faciliter le dialogue et l&rsquo;\u00e9change d&rsquo;informations entre les membres sur les\" \/>\n<meta property=\"og:url\" content=\"https:\/\/credaf.org\/en\/partenaires-academiques\/\" \/>\n<meta property=\"article:modified_time\" content=\"2023-08-24T12:51:05+00:00\" \/>\n<meta name=\"twitter:card\" content=\"summary_large_image\" \/>\n<meta name=\"twitter:label1\" content=\"Est. reading time\" \/>\n\t<meta name=\"twitter:data1\" content=\"1 minute\" \/>\n<script type=\"application\/ld+json\" class=\"yoast-schema-graph\">{\"@context\":\"https:\\\/\\\/schema.org\",\"@graph\":[{\"@type\":\"WebPage\",\"@id\":\"https:\\\/\\\/credaf.org\\\/partenaires-academiques\\\/\",\"url\":\"https:\\\/\\\/credaf.org\\\/partenaires-academiques\\\/\",\"name\":\"Partenaires acad\u00e9miques -\",\"isPartOf\":{\"@id\":\"https:\\\/\\\/credaf.org\\\/#website\"},\"datePublished\":\"2017-06-02T09:26:22+00:00\",\"dateModified\":\"2023-08-24T12:51:05+00:00\",\"breadcrumb\":{\"@id\":\"https:\\\/\\\/credaf.org\\\/partenaires-academiques\\\/#breadcrumb\"},\"inLanguage\":\"en-US\",\"potentialAction\":[{\"@type\":\"ReadAction\",\"target\":[\"https:\\\/\\\/credaf.org\\\/partenaires-academiques\\\/\"]}]},{\"@type\":\"BreadcrumbList\",\"@id\":\"https:\\\/\\\/credaf.org\\\/partenaires-academiques\\\/#breadcrumb\",\"itemListElement\":[{\"@type\":\"ListItem\",\"position\":1,\"name\":\"Accueil\",\"item\":\"https:\\\/\\\/credaf.org\\\/\"},{\"@type\":\"ListItem\",\"position\":2,\"name\":\"Partenaires acad\u00e9miques\"}]},{\"@type\":\"WebSite\",\"@id\":\"https:\\\/\\\/credaf.org\\\/#website\",\"url\":\"https:\\\/\\\/credaf.org\\\/\",\"name\":\"\",\"description\":\"\",\"potentialAction\":[{\"@type\":\"SearchAction\",\"target\":{\"@type\":\"EntryPoint\",\"urlTemplate\":\"https:\\\/\\\/credaf.org\\\/?s={search_term_string}\"},\"query-input\":{\"@type\":\"PropertyValueSpecification\",\"valueRequired\":true,\"valueName\":\"search_term_string\"}}],\"inLanguage\":\"en-US\"}]}<\/script>\n<!-- \/ Yoast SEO plugin. -->","yoast_head_json":{"title":"Partenaires acad\u00e9miques -","robots":{"index":"index","follow":"follow","max-snippet":"max-snippet:-1","max-image-preview":"max-image-preview:large","max-video-preview":"max-video-preview:-1"},"canonical":"https:\/\/credaf.org\/en\/partenaires-academiques\/","og_locale":"en_US","og_type":"article","og_title":"Partenaires acad\u00e9miques -","og_description":"\u00c0 ce jour, le CREDAF a conclu six accords de coop\u00e9ration avec le CIAT (2013), l&rsquo;OCDE (2015), le P\u00f4le \u00ab\u00a0Strat\u00e9gie de D\u00e9veloppement et Finances Publiques\u00a0\u00bb du PNUD bas\u00e9 \u00e0 Dakar (2016), l&rsquo;OIF (2017), la FERDI (2017) et l\u2019\u00c9cole des Mines de Paris (2017). Ces partenariats ont pour objectif de faciliter le dialogue et l&rsquo;\u00e9change d&rsquo;informations entre les membres sur les","og_url":"https:\/\/credaf.org\/en\/partenaires-academiques\/","article_modified_time":"2023-08-24T12:51:05+00:00","twitter_card":"summary_large_image","twitter_misc":{"Est. reading time":"1 minute"},"schema":{"@context":"https:\/\/schema.org","@graph":[{"@type":"WebPage","@id":"https:\/\/credaf.org\/partenaires-academiques\/","url":"https:\/\/credaf.org\/partenaires-academiques\/","name":"Partenaires acad\u00e9miques -","isPartOf":{"@id":"https:\/\/credaf.org\/#website"},"datePublished":"2017-06-02T09:26:22+00:00","dateModified":"2023-08-24T12:51:05+00:00","breadcrumb":{"@id":"https:\/\/credaf.org\/partenaires-academiques\/#breadcrumb"},"inLanguage":"en-US","potentialAction":[{"@type":"ReadAction","target":["https:\/\/credaf.org\/partenaires-academiques\/"]}]},{"@type":"BreadcrumbList","@id":"https:\/\/credaf.org\/partenaires-academiques\/#breadcrumb","itemListElement":[{"@type":"ListItem","position":1,"name":"Accueil","item":"https:\/\/credaf.org\/"},{"@type":"ListItem","position":2,"name":"Partenaires acad\u00e9miques"}]},{"@type":"WebSite","@id":"https:\/\/credaf.org\/#website","url":"https:\/\/credaf.org\/","name":"","description":"","potentialAction":[{"@type":"SearchAction","target":{"@type":"EntryPoint","urlTemplate":"https:\/\/credaf.org\/?s={search_term_string}"},"query-input":{"@type":"PropertyValueSpecification","valueRequired":true,"valueName":"search_term_string"}}],"inLanguage":"en-US"}]}},"rttpg_featured_image_url":null,"rttpg_author":{"display_name":"sgcredaf","author_link":"https:\/\/credaf.org\/en\/author\/sgcredaf\/"},"rttpg_comment":0,"rttpg_category":null,"rttpg_excerpt":"\u00c0 ce jour, le CREDAF a conclu six accords de coop\u00e9ration avec le CIAT (2013), l&rsquo;OCDE (2015), le P\u00f4le \u00ab\u00a0Strat\u00e9gie de D\u00e9veloppement et Finances Publiques\u00a0\u00bb du PNUD bas\u00e9 \u00e0 Dakar (2016), l&rsquo;OIF (2017), la FERDI (2017) et l\u2019\u00c9cole des Mines de Paris (2017). Ces partenariats ont pour objectif de faciliter le dialogue et l&rsquo;\u00e9change d&rsquo;informations&hellip;","_links":{"self":[{"href":"https:\/\/credaf.org\/en\/wp-json\/wp\/v2\/pages\/3323","targetHints":{"allow":["GET"]}}],"collection":[{"href":"https:\/\/credaf.org\/en\/wp-json\/wp\/v2\/pages"}],"about":[{"href":"https:\/\/credaf.org\/en\/wp-json\/wp\/v2\/types\/page"}],"author":[{"embeddable":true,"href":"https:\/\/credaf.org\/en\/wp-json\/wp\/v2\/users\/13"}],"replies":[{"embeddable":true,"href":"https:\/\/credaf.org\/en\/wp-json\/wp\/v2\/comments?post=3323"}],"version-history":[{"count":0,"href":"https:\/\/credaf.org\/en\/wp-json\/wp\/v2\/pages\/3323\/revisions"}],"wp:attachment":[{"href":"https:\/\/credaf.org\/en\/wp-json\/wp\/v2\/media?parent=3323"}],"curies":[{"name":"wp","href":"https:\/\/api.w.org\/{rel}","templated":true}]}}