{"id":369,"date":"2016-08-29T02:04:07","date_gmt":"2016-08-29T00:04:07","guid":{"rendered":"http:\/\/credaf.org\/?page_id=369"},"modified":"2024-06-24T10:34:52","modified_gmt":"2024-06-24T08:34:52","slug":"belgique","status":"publish","type":"page","link":"https:\/\/credaf.org\/en\/belgique\/","title":{"rendered":"Belgium"},"content":{"rendered":"<div data-elementor-type=\"wp-page\" data-elementor-id=\"369\" class=\"elementor elementor-369\">\n\t\t\t\t<div class=\"elementor-element elementor-element-f78c52d e-flex e-con-boxed wpr-particle-no wpr-jarallax-no wpr-parallax-no wpr-sticky-section-no wpr-equal-height-no e-con e-parent\" data-id=\"f78c52d\" data-element_type=\"container\" data-e-type=\"container\">\n\t\t\t\t\t<div class=\"e-con-inner\">\n\t\t\t\t<div class=\"elementor-element elementor-element-4a78213 elementor-widget elementor-widget-heading\" data-id=\"4a78213\" data-element_type=\"widget\" data-e-type=\"widget\" data-widget_type=\"heading.default\">\n\t\t\t\t<div class=\"elementor-widget-container\">\n\t\t\t\t\t<h2 class=\"elementor-heading-title elementor-size-default\">Le Royaume de Belgique<\/h2>\t\t\t\t<\/div>\n\t\t\t\t<\/div>\n\t\t\t\t\t<\/div>\n\t\t\t\t<\/div>\n\t\t<div class=\"elementor-element elementor-element-55759fb e-flex e-con-boxed wpr-particle-no wpr-jarallax-no wpr-parallax-no wpr-sticky-section-no wpr-equal-height-no e-con e-parent\" data-id=\"55759fb\" data-element_type=\"container\" data-e-type=\"container\">\n\t\t\t\t\t<div class=\"e-con-inner\">\n\t\t<div class=\"elementor-element elementor-element-18c2cde e-con-full e-flex wpr-particle-no wpr-jarallax-no wpr-parallax-no wpr-sticky-section-no wpr-equal-height-no e-con e-child\" data-id=\"18c2cde\" data-element_type=\"container\" data-e-type=\"container\">\n\t\t\t\t<div class=\"elementor-element elementor-element-e33215d elementor-widget elementor-widget-text-editor\" data-id=\"e33215d\" data-element_type=\"widget\" data-e-type=\"widget\" data-widget_type=\"text-editor.default\">\n\t\t\t\t<div class=\"elementor-widget-container\">\n\t\t\t\t\t\t\t\t\t<p style=\"text-align: left;\"><span style=\"color: var( --e-global-color-text ); font-family: var( --e-global-typography-text-font-family ), Sans-serif; text-align: var(--text-align); font-weight: bold;\">Nature du r\u00e9gime\u00a0:<\/span><span style=\"color: var( --e-global-color-text ); font-family: var( --e-global-typography-text-font-family ), Sans-serif; font-weight: var( --e-global-typography-text-font-weight ); text-align: var(--text-align);\">\u00a0\u00c9tat f\u00e9d\u00e9ral \u2013 Monarchie constitutionnelle<br \/><\/span><span style=\"font-weight: bold;\">Chef de l\u2019Etat\u00a0:<\/span>\u00a0Sa Majest\u00e9 le Roi PHILIPPE 1er <em>(depuis le 21 juillet 2013)<br \/><\/em><span style=\"font-weight: bold;\">Chef du gouvernement\u00a0:<\/span>\u00a0M. Alexander DE CROO <em>(Open VLD \u2013 parti lib\u00e9ral flamand) depuis le 1er octobre 2020)<\/em><\/p><h4 style=\"text-align: left;\">Administration fiscale<\/h4><p style=\"text-align: left;\"><span style=\"font-weight: bold;\">Administrateur g\u00e9n\u00e9ral de la fiscalit\u00e9<\/span> : M. Didier LEEMANS<br \/><span style=\"font-weight: bold;\">Site Internet: <\/span><a href=\"https:\/\/finances.belgium.be\/fr\">https:\/\/finances.belgium.be\/fr<\/a><\/p><h4 style=\"text-align: left;\"><span style=\"color: #030303; font-family: Roboto; font-size: 24px; font-weight: 600;\">La Belgique en quelques chiffres<\/span><\/h4><p style=\"text-align: left;\"><span style=\"font-weight: bold;\">Capitale :<\/span>\u00a0Bruxelles<br \/><span style=\"font-weight: bold;\">Superficie :<\/span>\u00a030 528 km\u00b2<br \/><span style=\"font-weight: bold;\">Nombre d&rsquo;habitants<\/span>\u00a0<span style=\"font-weight: bold;\">:<\/span> 11,763 millions (Statbel, 2024)<br \/><span style=\"font-weight: bold;\">PIB\/hab (estimation):<\/span> 55 540 US$ (FMI, 2024)<\/p>\t\t\t\t\t\t\t\t<\/div>\n\t\t\t\t<\/div>\n\t\t\t\t<\/div>\n\t\t<div class=\"elementor-element elementor-element-bd8293e e-con-full e-flex wpr-particle-no wpr-jarallax-no wpr-parallax-no wpr-sticky-section-no wpr-equal-height-no e-con e-child\" data-id=\"bd8293e\" data-element_type=\"container\" data-e-type=\"container\">\n\t\t<div class=\"elementor-element elementor-element-0242f34 e-flex e-con-boxed wpr-particle-no wpr-jarallax-no wpr-parallax-no wpr-sticky-section-no wpr-equal-height-no e-con e-child\" data-id=\"0242f34\" data-element_type=\"container\" data-e-type=\"container\">\n\t\t\t\t\t<div class=\"e-con-inner\">\n\t\t\t\t<div class=\"elementor-element elementor-element-ddf63cc elementor-widget elementor-widget-image\" data-id=\"ddf63cc\" data-element_type=\"widget\" data-e-type=\"widget\" data-widget_type=\"image.default\">\n\t\t\t\t<div class=\"elementor-widget-container\">\n\t\t\t\t\t\t\t\t\t\t\t\t\t\t\t<img decoding=\"async\" width=\"65\" height=\"73\" src=\"https:\/\/credaf.org\/wp-content\/uploads\/2023\/08\/Belgique_SPF-Finances.jpg\" class=\"attachment-large size-large wp-image-9962\" alt=\"\" \/>\t\t\t\t\t\t\t\t\t\t\t\t\t\t\t<\/div>\n\t\t\t\t<\/div>\n\t\t\t\t\t<\/div>\n\t\t\t\t<\/div>\n\t\t<div class=\"elementor-element elementor-element-a2a4aa3 e-flex e-con-boxed wpr-particle-no wpr-jarallax-no wpr-parallax-no wpr-sticky-section-no wpr-equal-height-no e-con e-child\" data-id=\"a2a4aa3\" data-element_type=\"container\" data-e-type=\"container\">\n\t\t\t\t\t<div class=\"e-con-inner\">\n\t\t\t\t<div class=\"elementor-element elementor-element-f9fb32e elementor-widget elementor-widget-image\" data-id=\"f9fb32e\" data-element_type=\"widget\" data-e-type=\"widget\" data-widget_type=\"image.default\">\n\t\t\t\t<div class=\"elementor-widget-container\">\n\t\t\t\t\t\t\t\t\t\t\t\t\t\t\t<img fetchpriority=\"high\" decoding=\"async\" width=\"720\" height=\"589\" src=\"https:\/\/credaf.org\/wp-content\/uploads\/2023\/08\/Belgique_carte.gif\" class=\"attachment-large size-large wp-image-9963\" alt=\"\" \/>\t\t\t\t\t\t\t\t\t\t\t\t\t\t\t<\/div>\n\t\t\t\t<\/div>\n\t\t\t\t\t<\/div>\n\t\t\t\t<\/div>\n\t\t\t\t<\/div>\n\t\t\t\t\t<\/div>\n\t\t\t\t<\/div>\n\t\t\t\t<section class=\"elementor-section elementor-top-section elementor-element elementor-element-6ffcf291 elementor-section-boxed elementor-section-height-default elementor-section-height-default wpr-particle-no wpr-jarallax-no wpr-parallax-no wpr-sticky-section-no wpr-equal-height-no\" data-id=\"6ffcf291\" data-element_type=\"section\" data-e-type=\"section\">\n\t\t\t\t\t\t<div class=\"elementor-container elementor-column-gap-default\">\n\t\t\t\t\t<div class=\"elementor-column elementor-col-100 elementor-top-column elementor-element elementor-element-fc7c9a8\" data-id=\"fc7c9a8\" data-element_type=\"column\" data-e-type=\"column\">\n\t\t\t<div class=\"elementor-widget-wrap elementor-element-populated\">\n\t\t\t\t\t\t\t<\/div>\n\t\t<\/div>\n\t\t\t\t\t<\/div>\n\t\t<\/section>\n\t\t\t\t<\/div>\n\t\t<!-- AddThis Advanced Settings generic via filter on the_content --><!-- AddThis Share Buttons generic via filter on the_content --><!-- AddThis Related Posts generic via filter on the_content -->","protected":false},"excerpt":{"rendered":"<p>Le Royaume de Belgique Nature du r\u00e9gime\u00a0:\u00a0\u00c9tat f\u00e9d\u00e9ral \u2013 Monarchie constitutionnelleChef de l\u2019Etat\u00a0:\u00a0Sa Majest\u00e9 le Roi PHILIPPE 1er (depuis le 21 juillet 2013)Chef du gouvernement\u00a0:\u00a0M. Alexander DE CROO (Open VLD \u2013 parti lib\u00e9ral flamand) depuis le 1er octobre 2020) Administration fiscale Administrateur g\u00e9n\u00e9ral de la fiscalit\u00e9 : M. Didier LEEMANSSite Internet: https:\/\/finances.belgium.be\/fr La Belgique en quelques chiffres Capitale :\u00a0BruxellesSuperficie :\u00a030<\/p>","protected":false},"author":13,"featured_media":0,"parent":0,"menu_order":0,"comment_status":"closed","ping_status":"closed","template":"","meta":{"_acf_changed":false,"footnotes":""},"class_list":["post-369","page","type-page","status-publish","hentry"],"acf":[],"yoast_head":"<!-- This site is optimized with the Yoast SEO plugin v27.4 - https:\/\/yoast.com\/product\/yoast-seo-wordpress\/ -->\n<title>Belgique -<\/title>\n<meta name=\"robots\" content=\"index, follow, max-snippet:-1, max-image-preview:large, max-video-preview:-1\" \/>\n<link rel=\"canonical\" href=\"https:\/\/credaf.org\/en\/belgique\/\" \/>\n<meta property=\"og:locale\" content=\"en_US\" \/>\n<meta property=\"og:type\" content=\"article\" \/>\n<meta property=\"og:title\" content=\"Belgique -\" \/>\n<meta property=\"og:description\" content=\"Le Royaume de Belgique Nature du r\u00e9gime\u00a0:\u00a0\u00c9tat f\u00e9d\u00e9ral \u2013 Monarchie constitutionnelleChef de l\u2019Etat\u00a0:\u00a0Sa Majest\u00e9 le Roi PHILIPPE 1er (depuis le 21 juillet 2013)Chef du gouvernement\u00a0:\u00a0M. Alexander DE CROO (Open VLD \u2013 parti lib\u00e9ral flamand) depuis le 1er octobre 2020) Administration fiscale Administrateur g\u00e9n\u00e9ral de la fiscalit\u00e9 : M. Didier LEEMANSSite Internet: https:\/\/finances.belgium.be\/fr La Belgique en quelques chiffres Capitale :\u00a0BruxellesSuperficie :\u00a030\" \/>\n<meta property=\"og:url\" content=\"https:\/\/credaf.org\/en\/belgique\/\" \/>\n<meta property=\"article:modified_time\" content=\"2024-06-24T08:34:52+00:00\" \/>\n<meta property=\"og:image\" content=\"https:\/\/credaf.org\/wp-content\/uploads\/2023\/08\/Belgique_SPF-Finances.jpg\" \/>\n<meta name=\"twitter:card\" content=\"summary_large_image\" \/>\n<meta name=\"twitter:label1\" content=\"Est. reading time\" \/>\n\t<meta name=\"twitter:data1\" content=\"1 minute\" \/>\n<script type=\"application\/ld+json\" class=\"yoast-schema-graph\">{\"@context\":\"https:\\\/\\\/schema.org\",\"@graph\":[{\"@type\":\"WebPage\",\"@id\":\"https:\\\/\\\/credaf.org\\\/belgique\\\/\",\"url\":\"https:\\\/\\\/credaf.org\\\/belgique\\\/\",\"name\":\"Belgique -\",\"isPartOf\":{\"@id\":\"https:\\\/\\\/credaf.org\\\/#website\"},\"primaryImageOfPage\":{\"@id\":\"https:\\\/\\\/credaf.org\\\/belgique\\\/#primaryimage\"},\"image\":{\"@id\":\"https:\\\/\\\/credaf.org\\\/belgique\\\/#primaryimage\"},\"thumbnailUrl\":\"https:\\\/\\\/credaf.org\\\/wp-content\\\/uploads\\\/2023\\\/08\\\/Belgique_SPF-Finances.jpg\",\"datePublished\":\"2016-08-29T00:04:07+00:00\",\"dateModified\":\"2024-06-24T08:34:52+00:00\",\"breadcrumb\":{\"@id\":\"https:\\\/\\\/credaf.org\\\/belgique\\\/#breadcrumb\"},\"inLanguage\":\"en-US\",\"potentialAction\":[{\"@type\":\"ReadAction\",\"target\":[\"https:\\\/\\\/credaf.org\\\/belgique\\\/\"]}]},{\"@type\":\"ImageObject\",\"inLanguage\":\"en-US\",\"@id\":\"https:\\\/\\\/credaf.org\\\/belgique\\\/#primaryimage\",\"url\":\"https:\\\/\\\/credaf.org\\\/wp-content\\\/uploads\\\/2023\\\/08\\\/Belgique_SPF-Finances.jpg\",\"contentUrl\":\"https:\\\/\\\/credaf.org\\\/wp-content\\\/uploads\\\/2023\\\/08\\\/Belgique_SPF-Finances.jpg\"},{\"@type\":\"BreadcrumbList\",\"@id\":\"https:\\\/\\\/credaf.org\\\/belgique\\\/#breadcrumb\",\"itemListElement\":[{\"@type\":\"ListItem\",\"position\":1,\"name\":\"Accueil\",\"item\":\"https:\\\/\\\/credaf.org\\\/\"},{\"@type\":\"ListItem\",\"position\":2,\"name\":\"Belgique\"}]},{\"@type\":\"WebSite\",\"@id\":\"https:\\\/\\\/credaf.org\\\/#website\",\"url\":\"https:\\\/\\\/credaf.org\\\/\",\"name\":\"\",\"description\":\"\",\"potentialAction\":[{\"@type\":\"SearchAction\",\"target\":{\"@type\":\"EntryPoint\",\"urlTemplate\":\"https:\\\/\\\/credaf.org\\\/?s={search_term_string}\"},\"query-input\":{\"@type\":\"PropertyValueSpecification\",\"valueRequired\":true,\"valueName\":\"search_term_string\"}}],\"inLanguage\":\"en-US\"}]}<\/script>\n<!-- \/ Yoast SEO plugin. -->","yoast_head_json":{"title":"Belgique -","robots":{"index":"index","follow":"follow","max-snippet":"max-snippet:-1","max-image-preview":"max-image-preview:large","max-video-preview":"max-video-preview:-1"},"canonical":"https:\/\/credaf.org\/en\/belgique\/","og_locale":"en_US","og_type":"article","og_title":"Belgique -","og_description":"Le Royaume de Belgique Nature du r\u00e9gime\u00a0:\u00a0\u00c9tat f\u00e9d\u00e9ral \u2013 Monarchie constitutionnelleChef de l\u2019Etat\u00a0:\u00a0Sa Majest\u00e9 le Roi PHILIPPE 1er (depuis le 21 juillet 2013)Chef du gouvernement\u00a0:\u00a0M. Alexander DE CROO (Open VLD \u2013 parti lib\u00e9ral flamand) depuis le 1er octobre 2020) Administration fiscale Administrateur g\u00e9n\u00e9ral de la fiscalit\u00e9 : M. Didier LEEMANSSite Internet: https:\/\/finances.belgium.be\/fr La Belgique en quelques chiffres Capitale :\u00a0BruxellesSuperficie :\u00a030","og_url":"https:\/\/credaf.org\/en\/belgique\/","article_modified_time":"2024-06-24T08:34:52+00:00","og_image":[{"url":"https:\/\/credaf.org\/wp-content\/uploads\/2023\/08\/Belgique_SPF-Finances.jpg","type":"","width":"","height":""}],"twitter_card":"summary_large_image","twitter_misc":{"Est. reading time":"1 minute"},"schema":{"@context":"https:\/\/schema.org","@graph":[{"@type":"WebPage","@id":"https:\/\/credaf.org\/belgique\/","url":"https:\/\/credaf.org\/belgique\/","name":"Belgique -","isPartOf":{"@id":"https:\/\/credaf.org\/#website"},"primaryImageOfPage":{"@id":"https:\/\/credaf.org\/belgique\/#primaryimage"},"image":{"@id":"https:\/\/credaf.org\/belgique\/#primaryimage"},"thumbnailUrl":"https:\/\/credaf.org\/wp-content\/uploads\/2023\/08\/Belgique_SPF-Finances.jpg","datePublished":"2016-08-29T00:04:07+00:00","dateModified":"2024-06-24T08:34:52+00:00","breadcrumb":{"@id":"https:\/\/credaf.org\/belgique\/#breadcrumb"},"inLanguage":"en-US","potentialAction":[{"@type":"ReadAction","target":["https:\/\/credaf.org\/belgique\/"]}]},{"@type":"ImageObject","inLanguage":"en-US","@id":"https:\/\/credaf.org\/belgique\/#primaryimage","url":"https:\/\/credaf.org\/wp-content\/uploads\/2023\/08\/Belgique_SPF-Finances.jpg","contentUrl":"https:\/\/credaf.org\/wp-content\/uploads\/2023\/08\/Belgique_SPF-Finances.jpg"},{"@type":"BreadcrumbList","@id":"https:\/\/credaf.org\/belgique\/#breadcrumb","itemListElement":[{"@type":"ListItem","position":1,"name":"Accueil","item":"https:\/\/credaf.org\/"},{"@type":"ListItem","position":2,"name":"Belgique"}]},{"@type":"WebSite","@id":"https:\/\/credaf.org\/#website","url":"https:\/\/credaf.org\/","name":"","description":"","potentialAction":[{"@type":"SearchAction","target":{"@type":"EntryPoint","urlTemplate":"https:\/\/credaf.org\/?s={search_term_string}"},"query-input":{"@type":"PropertyValueSpecification","valueRequired":true,"valueName":"search_term_string"}}],"inLanguage":"en-US"}]}},"rttpg_featured_image_url":null,"rttpg_author":{"display_name":"sgcredaf","author_link":"https:\/\/credaf.org\/en\/author\/sgcredaf\/"},"rttpg_comment":0,"rttpg_category":null,"rttpg_excerpt":"Le Royaume de Belgique Nature du r\u00e9gime\u00a0:\u00a0\u00c9tat f\u00e9d\u00e9ral \u2013 Monarchie constitutionnelleChef de l\u2019Etat\u00a0:\u00a0Sa Majest\u00e9 le Roi PHILIPPE 1er (depuis le 21 juillet 2013)Chef du gouvernement\u00a0:\u00a0M. Alexander DE CROO (Open VLD \u2013 parti lib\u00e9ral flamand) depuis le 1er octobre 2020) Administration fiscale Administrateur g\u00e9n\u00e9ral de la fiscalit\u00e9 : M. Didier LEEMANSSite Internet: https:\/\/finances.belgium.be\/fr La Belgique en&hellip;","_links":{"self":[{"href":"https:\/\/credaf.org\/en\/wp-json\/wp\/v2\/pages\/369","targetHints":{"allow":["GET"]}}],"collection":[{"href":"https:\/\/credaf.org\/en\/wp-json\/wp\/v2\/pages"}],"about":[{"href":"https:\/\/credaf.org\/en\/wp-json\/wp\/v2\/types\/page"}],"author":[{"embeddable":true,"href":"https:\/\/credaf.org\/en\/wp-json\/wp\/v2\/users\/13"}],"replies":[{"embeddable":true,"href":"https:\/\/credaf.org\/en\/wp-json\/wp\/v2\/comments?post=369"}],"version-history":[{"count":0,"href":"https:\/\/credaf.org\/en\/wp-json\/wp\/v2\/pages\/369\/revisions"}],"wp:attachment":[{"href":"https:\/\/credaf.org\/en\/wp-json\/wp\/v2\/media?parent=369"}],"curies":[{"name":"wp","href":"https:\/\/api.w.org\/{rel}","templated":true}]}}