{"id":370,"date":"2016-08-29T02:04:30","date_gmt":"2016-08-29T00:04:30","guid":{"rendered":"http:\/\/credaf.org\/?page_id=370"},"modified":"2024-06-20T11:50:45","modified_gmt":"2024-06-20T09:50:45","slug":"benin","status":"publish","type":"page","link":"https:\/\/credaf.org\/en\/benin\/","title":{"rendered":"Benin"},"content":{"rendered":"<div data-elementor-type=\"wp-page\" data-elementor-id=\"370\" class=\"elementor elementor-370\">\n\t\t\t\t<div class=\"elementor-element elementor-element-b2e5cc7 e-flex e-con-boxed wpr-particle-no wpr-jarallax-no wpr-parallax-no wpr-sticky-section-no wpr-equal-height-no e-con e-parent\" data-id=\"b2e5cc7\" data-element_type=\"container\" data-e-type=\"container\">\n\t\t\t\t\t<div class=\"e-con-inner\">\n\t\t\t\t<div class=\"elementor-element elementor-element-2f7563a elementor-widget elementor-widget-heading\" data-id=\"2f7563a\" data-element_type=\"widget\" data-e-type=\"widget\" data-widget_type=\"heading.default\">\n\t\t\t\t<div class=\"elementor-widget-container\">\n\t\t\t\t\t<h2 class=\"elementor-heading-title elementor-size-default\">La R\u00e9publique du B\u00e9nin<\/h2>\t\t\t\t<\/div>\n\t\t\t\t<\/div>\n\t\t\t\t\t<\/div>\n\t\t\t\t<\/div>\n\t\t<div class=\"elementor-element elementor-element-2968aa9 e-flex e-con-boxed wpr-particle-no wpr-jarallax-no wpr-parallax-no wpr-sticky-section-no wpr-equal-height-no e-con e-parent\" data-id=\"2968aa9\" data-element_type=\"container\" data-e-type=\"container\">\n\t\t\t\t\t<div class=\"e-con-inner\">\n\t\t<div class=\"elementor-element elementor-element-d8863bb e-con-full e-flex wpr-particle-no wpr-jarallax-no wpr-parallax-no wpr-sticky-section-no wpr-equal-height-no e-con e-child\" data-id=\"d8863bb\" data-element_type=\"container\" data-e-type=\"container\">\n\t\t\t\t<div class=\"elementor-element elementor-element-3d5f8b6 elementor-widget elementor-widget-text-editor\" data-id=\"3d5f8b6\" data-element_type=\"widget\" data-e-type=\"widget\" data-widget_type=\"text-editor.default\">\n\t\t\t\t<div class=\"elementor-widget-container\">\n\t\t\t\t\t\t\t\t\t<p style=\"text-align: left;\"><span style=\"font-weight: bold; color: var( --e-global-color-text ); font-family: var( --e-global-typography-text-font-family ), Sans-serif;\">Chef de l\u2019\u00c9tat et du Gouvernement\u00a0:<\/span><span style=\"color: var( --e-global-color-text ); font-family: var( --e-global-typography-text-font-family ), Sans-serif; font-weight: var( --e-global-typography-text-font-weight );\">\u00a0M. Patrice TALON (\u00e9lu le 20 mars 2016)<\/span><\/p><h4 style=\"text-align: left;\">Administration fiscale<\/h4><p style=\"text-align: left;\">Direction g\u00e9n\u00e9rale du Tr\u00e9sor et de la Comptabilit\u00e9 publique<\/p><p style=\"text-align: left;\"><span style=\"font-weight: bold;\">Directeur g\u00e9n\u00e9ral :<\/span>\u00a0<span class=\"JsGRdQ\">M. Nicolas YENOUSSI<br \/><\/span><span style=\"font-weight: bold;\">Site Internet: <\/span><a href=\"https:\/\/www.tresorbenin.bj\/\">https:\/\/www.tresorbenin.bj\/<\/a><\/p><h4 style=\"text-align: left;\">Le B\u00e9nin en quelques chiffres<\/h4><p style=\"text-align: left;\"><span style=\"font-weight: bold;\">Capitale :<\/span>\u00a0Porto Novo<br \/><span style=\"font-weight: bold;\">Superficie :<\/span>\u00a0114 763 km\u00b2<br \/><span style=\"font-weight: bold;\">Nombre d\u2019habitants :<\/span> 14,080 millions (Ined, 2024)<br \/><span style=\"font-weight: bold;\">PIB\/hab (estimation):<\/span> 1 510 US$ (FMI, 2024)<\/p><p style=\"text-align: left;\">L\u2019OCDE et le PNUD ont produit des publications sur les perspectives \u00e9conomiques des pays africains en partenariat avec la Banque africaine de d\u00e9veloppement.<\/p><p style=\"text-align: left;\">Pour en savoir plus sur la situation \u00e9conomique du B\u00e9nin,\u00a0<a href=\"https:\/\/www.afdb.org\/fr\/countries\/west-africa\/benin\">click here<\/a>.<\/p>\t\t\t\t\t\t\t\t<\/div>\n\t\t\t\t<\/div>\n\t\t\t\t<\/div>\n\t\t<div class=\"elementor-element elementor-element-1601cfc e-con-full e-flex wpr-particle-no wpr-jarallax-no wpr-parallax-no wpr-sticky-section-no wpr-equal-height-no e-con e-child\" data-id=\"1601cfc\" data-element_type=\"container\" data-e-type=\"container\">\n\t\t<div class=\"elementor-element elementor-element-eafd304 e-flex e-con-boxed wpr-particle-no wpr-jarallax-no wpr-parallax-no wpr-sticky-section-no wpr-equal-height-no e-con e-child\" data-id=\"eafd304\" data-element_type=\"container\" data-e-type=\"container\">\n\t\t\t\t\t<div class=\"e-con-inner\">\n\t\t\t\t<div class=\"elementor-element elementor-element-ecbd1fd elementor-widget elementor-widget-image\" data-id=\"ecbd1fd\" data-element_type=\"widget\" data-e-type=\"widget\" data-widget_type=\"image.default\">\n\t\t\t\t<div class=\"elementor-widget-container\">\n\t\t\t\t\t\t\t\t\t\t\t\t\t\t\t<img decoding=\"async\" width=\"125\" height=\"83\" src=\"https:\/\/credaf.org\/wp-content\/uploads\/2023\/08\/BENIN.jpg\" class=\"attachment-large size-large wp-image-10218\" alt=\"\" \/>\t\t\t\t\t\t\t\t\t\t\t\t\t\t\t<\/div>\n\t\t\t\t<\/div>\n\t\t\t\t\t<\/div>\n\t\t\t\t<\/div>\n\t\t<div class=\"elementor-element elementor-element-ccb1126 e-flex e-con-boxed wpr-particle-no wpr-jarallax-no wpr-parallax-no wpr-sticky-section-no wpr-equal-height-no e-con e-child\" data-id=\"ccb1126\" data-element_type=\"container\" data-e-type=\"container\">\n\t\t\t\t\t<div class=\"e-con-inner\">\n\t\t\t\t<div class=\"elementor-element elementor-element-907d03c elementor-widget elementor-widget-image\" data-id=\"907d03c\" data-element_type=\"widget\" data-e-type=\"widget\" data-widget_type=\"image.default\">\n\t\t\t\t<div class=\"elementor-widget-container\">\n\t\t\t\t\t\t\t\t\t\t\t\t\t\t\t<img decoding=\"async\" width=\"101\" height=\"101\" src=\"https:\/\/credaf.org\/wp-content\/uploads\/2023\/08\/Benin_DGI.jpg\" class=\"attachment-large size-large wp-image-10219\" alt=\"\" \/>\t\t\t\t\t\t\t\t\t\t\t\t\t\t\t<\/div>\n\t\t\t\t<\/div>\n\t\t\t\t\t<\/div>\n\t\t\t\t<\/div>\n\t\t<div class=\"elementor-element elementor-element-c01e42e e-flex e-con-boxed wpr-particle-no wpr-jarallax-no wpr-parallax-no wpr-sticky-section-no wpr-equal-height-no e-con e-child\" data-id=\"c01e42e\" data-element_type=\"container\" data-e-type=\"container\">\n\t\t\t\t\t<div class=\"e-con-inner\">\n\t\t\t\t<div class=\"elementor-element elementor-element-9351152 elementor-widget elementor-widget-image\" data-id=\"9351152\" data-element_type=\"widget\" data-e-type=\"widget\" data-widget_type=\"image.default\">\n\t\t\t\t<div class=\"elementor-widget-container\">\n\t\t\t\t\t\t\t\t\t\t\t\t\t\t\t<img fetchpriority=\"high\" decoding=\"async\" width=\"490\" height=\"888\" src=\"https:\/\/credaf.org\/wp-content\/uploads\/2023\/08\/Benin.gif\" class=\"attachment-large size-large wp-image-10220\" alt=\"\" \/>\t\t\t\t\t\t\t\t\t\t\t\t\t\t\t<\/div>\n\t\t\t\t<\/div>\n\t\t\t\t\t<\/div>\n\t\t\t\t<\/div>\n\t\t\t\t<\/div>\n\t\t\t\t\t<\/div>\n\t\t\t\t<\/div>\n\t\t\t\t<\/div>\n\t\t<!-- AddThis Advanced Settings generic via filter on the_content --><!-- AddThis Share Buttons generic via filter on the_content --><!-- AddThis Related Posts generic via filter on the_content -->","protected":false},"excerpt":{"rendered":"<p>La R\u00e9publique du B\u00e9nin Chef de l\u2019\u00c9tat et du Gouvernement\u00a0:\u00a0M. Patrice TALON (\u00e9lu le 20 mars 2016) Administration fiscale Direction g\u00e9n\u00e9rale du Tr\u00e9sor et de la Comptabilit\u00e9 publique Directeur g\u00e9n\u00e9ral :\u00a0M. Nicolas YENOUSSISite Internet: https:\/\/www.tresorbenin.bj\/ Le B\u00e9nin en quelques chiffres Capitale :\u00a0Porto NovoSuperficie :\u00a0114 763 km\u00b2Nombre d\u2019habitants : 14,080 millions (Ined, 2024)PIB\/hab (estimation): 1 510 US$ (FMI, 2024) L\u2019OCDE et<\/p>","protected":false},"author":13,"featured_media":0,"parent":0,"menu_order":0,"comment_status":"closed","ping_status":"closed","template":"","meta":{"_acf_changed":false,"footnotes":""},"class_list":["post-370","page","type-page","status-publish","hentry"],"acf":[],"yoast_head":"<!-- This site is optimized with the Yoast SEO plugin v27.4 - https:\/\/yoast.com\/product\/yoast-seo-wordpress\/ -->\n<title>B\u00e9nin -<\/title>\n<meta name=\"robots\" content=\"index, follow, max-snippet:-1, max-image-preview:large, max-video-preview:-1\" \/>\n<link rel=\"canonical\" href=\"https:\/\/credaf.org\/en\/benin\/\" \/>\n<meta property=\"og:locale\" content=\"en_US\" \/>\n<meta property=\"og:type\" content=\"article\" \/>\n<meta property=\"og:title\" content=\"B\u00e9nin -\" \/>\n<meta property=\"og:description\" content=\"La R\u00e9publique du B\u00e9nin Chef de l\u2019\u00c9tat et du Gouvernement\u00a0:\u00a0M. Patrice TALON (\u00e9lu le 20 mars 2016) Administration fiscale Direction g\u00e9n\u00e9rale du Tr\u00e9sor et de la Comptabilit\u00e9 publique Directeur g\u00e9n\u00e9ral :\u00a0M. Nicolas YENOUSSISite Internet: https:\/\/www.tresorbenin.bj\/ Le B\u00e9nin en quelques chiffres Capitale :\u00a0Porto NovoSuperficie :\u00a0114 763 km\u00b2Nombre d\u2019habitants : 14,080 millions (Ined, 2024)PIB\/hab (estimation): 1 510 US$ (FMI, 2024) L\u2019OCDE et\" \/>\n<meta property=\"og:url\" content=\"https:\/\/credaf.org\/en\/benin\/\" \/>\n<meta property=\"article:modified_time\" content=\"2024-06-20T09:50:45+00:00\" \/>\n<meta property=\"og:image\" content=\"https:\/\/credaf.org\/wp-content\/uploads\/2023\/08\/BENIN.jpg\" \/>\n<meta name=\"twitter:card\" content=\"summary_large_image\" \/>\n<meta name=\"twitter:label1\" content=\"Est. reading time\" \/>\n\t<meta name=\"twitter:data1\" content=\"2 minutes\" \/>\n<script type=\"application\/ld+json\" class=\"yoast-schema-graph\">{\"@context\":\"https:\\\/\\\/schema.org\",\"@graph\":[{\"@type\":\"WebPage\",\"@id\":\"https:\\\/\\\/credaf.org\\\/benin\\\/\",\"url\":\"https:\\\/\\\/credaf.org\\\/benin\\\/\",\"name\":\"B\u00e9nin -\",\"isPartOf\":{\"@id\":\"https:\\\/\\\/credaf.org\\\/#website\"},\"primaryImageOfPage\":{\"@id\":\"https:\\\/\\\/credaf.org\\\/benin\\\/#primaryimage\"},\"image\":{\"@id\":\"https:\\\/\\\/credaf.org\\\/benin\\\/#primaryimage\"},\"thumbnailUrl\":\"https:\\\/\\\/credaf.org\\\/wp-content\\\/uploads\\\/2023\\\/08\\\/BENIN.jpg\",\"datePublished\":\"2016-08-29T00:04:30+00:00\",\"dateModified\":\"2024-06-20T09:50:45+00:00\",\"breadcrumb\":{\"@id\":\"https:\\\/\\\/credaf.org\\\/benin\\\/#breadcrumb\"},\"inLanguage\":\"en-US\",\"potentialAction\":[{\"@type\":\"ReadAction\",\"target\":[\"https:\\\/\\\/credaf.org\\\/benin\\\/\"]}]},{\"@type\":\"ImageObject\",\"inLanguage\":\"en-US\",\"@id\":\"https:\\\/\\\/credaf.org\\\/benin\\\/#primaryimage\",\"url\":\"https:\\\/\\\/credaf.org\\\/wp-content\\\/uploads\\\/2023\\\/08\\\/BENIN.jpg\",\"contentUrl\":\"https:\\\/\\\/credaf.org\\\/wp-content\\\/uploads\\\/2023\\\/08\\\/BENIN.jpg\"},{\"@type\":\"BreadcrumbList\",\"@id\":\"https:\\\/\\\/credaf.org\\\/benin\\\/#breadcrumb\",\"itemListElement\":[{\"@type\":\"ListItem\",\"position\":1,\"name\":\"Accueil\",\"item\":\"https:\\\/\\\/credaf.org\\\/\"},{\"@type\":\"ListItem\",\"position\":2,\"name\":\"B\u00e9nin\"}]},{\"@type\":\"WebSite\",\"@id\":\"https:\\\/\\\/credaf.org\\\/#website\",\"url\":\"https:\\\/\\\/credaf.org\\\/\",\"name\":\"\",\"description\":\"\",\"potentialAction\":[{\"@type\":\"SearchAction\",\"target\":{\"@type\":\"EntryPoint\",\"urlTemplate\":\"https:\\\/\\\/credaf.org\\\/?s={search_term_string}\"},\"query-input\":{\"@type\":\"PropertyValueSpecification\",\"valueRequired\":true,\"valueName\":\"search_term_string\"}}],\"inLanguage\":\"en-US\"}]}<\/script>\n<!-- \/ Yoast SEO plugin. -->","yoast_head_json":{"title":"B\u00e9nin -","robots":{"index":"index","follow":"follow","max-snippet":"max-snippet:-1","max-image-preview":"max-image-preview:large","max-video-preview":"max-video-preview:-1"},"canonical":"https:\/\/credaf.org\/en\/benin\/","og_locale":"en_US","og_type":"article","og_title":"B\u00e9nin -","og_description":"La R\u00e9publique du B\u00e9nin Chef de l\u2019\u00c9tat et du Gouvernement\u00a0:\u00a0M. Patrice TALON (\u00e9lu le 20 mars 2016) Administration fiscale Direction g\u00e9n\u00e9rale du Tr\u00e9sor et de la Comptabilit\u00e9 publique Directeur g\u00e9n\u00e9ral :\u00a0M. Nicolas YENOUSSISite Internet: https:\/\/www.tresorbenin.bj\/ Le B\u00e9nin en quelques chiffres Capitale :\u00a0Porto NovoSuperficie :\u00a0114 763 km\u00b2Nombre d\u2019habitants : 14,080 millions (Ined, 2024)PIB\/hab (estimation): 1 510 US$ (FMI, 2024) L\u2019OCDE et","og_url":"https:\/\/credaf.org\/en\/benin\/","article_modified_time":"2024-06-20T09:50:45+00:00","og_image":[{"url":"https:\/\/credaf.org\/wp-content\/uploads\/2023\/08\/BENIN.jpg","type":"","width":"","height":""}],"twitter_card":"summary_large_image","twitter_misc":{"Est. reading time":"2 minutes"},"schema":{"@context":"https:\/\/schema.org","@graph":[{"@type":"WebPage","@id":"https:\/\/credaf.org\/benin\/","url":"https:\/\/credaf.org\/benin\/","name":"B\u00e9nin -","isPartOf":{"@id":"https:\/\/credaf.org\/#website"},"primaryImageOfPage":{"@id":"https:\/\/credaf.org\/benin\/#primaryimage"},"image":{"@id":"https:\/\/credaf.org\/benin\/#primaryimage"},"thumbnailUrl":"https:\/\/credaf.org\/wp-content\/uploads\/2023\/08\/BENIN.jpg","datePublished":"2016-08-29T00:04:30+00:00","dateModified":"2024-06-20T09:50:45+00:00","breadcrumb":{"@id":"https:\/\/credaf.org\/benin\/#breadcrumb"},"inLanguage":"en-US","potentialAction":[{"@type":"ReadAction","target":["https:\/\/credaf.org\/benin\/"]}]},{"@type":"ImageObject","inLanguage":"en-US","@id":"https:\/\/credaf.org\/benin\/#primaryimage","url":"https:\/\/credaf.org\/wp-content\/uploads\/2023\/08\/BENIN.jpg","contentUrl":"https:\/\/credaf.org\/wp-content\/uploads\/2023\/08\/BENIN.jpg"},{"@type":"BreadcrumbList","@id":"https:\/\/credaf.org\/benin\/#breadcrumb","itemListElement":[{"@type":"ListItem","position":1,"name":"Accueil","item":"https:\/\/credaf.org\/"},{"@type":"ListItem","position":2,"name":"B\u00e9nin"}]},{"@type":"WebSite","@id":"https:\/\/credaf.org\/#website","url":"https:\/\/credaf.org\/","name":"","description":"","potentialAction":[{"@type":"SearchAction","target":{"@type":"EntryPoint","urlTemplate":"https:\/\/credaf.org\/?s={search_term_string}"},"query-input":{"@type":"PropertyValueSpecification","valueRequired":true,"valueName":"search_term_string"}}],"inLanguage":"en-US"}]}},"rttpg_featured_image_url":null,"rttpg_author":{"display_name":"sgcredaf","author_link":"https:\/\/credaf.org\/en\/author\/sgcredaf\/"},"rttpg_comment":0,"rttpg_category":null,"rttpg_excerpt":"La R\u00e9publique du B\u00e9nin Chef de l\u2019\u00c9tat et du Gouvernement\u00a0:\u00a0M. Patrice TALON (\u00e9lu le 20 mars 2016) Administration fiscale Direction g\u00e9n\u00e9rale du Tr\u00e9sor et de la Comptabilit\u00e9 publique Directeur g\u00e9n\u00e9ral :\u00a0M. Nicolas YENOUSSISite Internet: https:\/\/www.tresorbenin.bj\/ Le B\u00e9nin en quelques chiffres Capitale :\u00a0Porto NovoSuperficie :\u00a0114 763 km\u00b2Nombre d\u2019habitants : 14,080 millions (Ined, 2024)PIB\/hab (estimation): 1 510&hellip;","_links":{"self":[{"href":"https:\/\/credaf.org\/en\/wp-json\/wp\/v2\/pages\/370","targetHints":{"allow":["GET"]}}],"collection":[{"href":"https:\/\/credaf.org\/en\/wp-json\/wp\/v2\/pages"}],"about":[{"href":"https:\/\/credaf.org\/en\/wp-json\/wp\/v2\/types\/page"}],"author":[{"embeddable":true,"href":"https:\/\/credaf.org\/en\/wp-json\/wp\/v2\/users\/13"}],"replies":[{"embeddable":true,"href":"https:\/\/credaf.org\/en\/wp-json\/wp\/v2\/comments?post=370"}],"version-history":[{"count":0,"href":"https:\/\/credaf.org\/en\/wp-json\/wp\/v2\/pages\/370\/revisions"}],"wp:attachment":[{"href":"https:\/\/credaf.org\/en\/wp-json\/wp\/v2\/media?parent=370"}],"curies":[{"name":"wp","href":"https:\/\/api.w.org\/{rel}","templated":true}]}}