{"id":375,"date":"2016-08-29T02:05:09","date_gmt":"2016-08-29T00:05:09","guid":{"rendered":"http:\/\/credaf.org\/?page_id=375"},"modified":"2024-06-20T13:20:16","modified_gmt":"2024-06-20T11:20:16","slug":"burundi","status":"publish","type":"page","link":"https:\/\/credaf.org\/en\/burundi\/","title":{"rendered":"Burundi"},"content":{"rendered":"<div data-elementor-type=\"wp-page\" data-elementor-id=\"375\" class=\"elementor elementor-375\">\n\t\t\t\t<div class=\"elementor-element elementor-element-57fe476 e-flex e-con-boxed wpr-particle-no wpr-jarallax-no wpr-parallax-no wpr-sticky-section-no wpr-equal-height-no e-con e-parent\" data-id=\"57fe476\" data-element_type=\"container\" data-e-type=\"container\">\n\t\t\t\t\t<div class=\"e-con-inner\">\n\t\t\t\t<div class=\"elementor-element elementor-element-115398e elementor-widget elementor-widget-heading\" data-id=\"115398e\" data-element_type=\"widget\" data-e-type=\"widget\" data-widget_type=\"heading.default\">\n\t\t\t\t<div class=\"elementor-widget-container\">\n\t\t\t\t\t<h2 class=\"elementor-heading-title elementor-size-default\">La R\u00e9publique du Burundi<\/h2>\t\t\t\t<\/div>\n\t\t\t\t<\/div>\n\t\t\t\t\t<\/div>\n\t\t\t\t<\/div>\n\t\t<div class=\"elementor-element elementor-element-9200070 e-flex e-con-boxed wpr-particle-no wpr-jarallax-no wpr-parallax-no wpr-sticky-section-no wpr-equal-height-no e-con e-parent\" data-id=\"9200070\" data-element_type=\"container\" data-e-type=\"container\">\n\t\t\t\t\t<div class=\"e-con-inner\">\n\t\t<div class=\"elementor-element elementor-element-dc14a0b e-con-full e-flex wpr-particle-no wpr-jarallax-no wpr-parallax-no wpr-sticky-section-no wpr-equal-height-no e-con e-child\" data-id=\"dc14a0b\" data-element_type=\"container\" data-e-type=\"container\">\n\t\t\t\t<div class=\"elementor-element elementor-element-9a9864b elementor-widget elementor-widget-text-editor\" data-id=\"9a9864b\" data-element_type=\"widget\" data-e-type=\"widget\" data-widget_type=\"text-editor.default\">\n\t\t\t\t<div class=\"elementor-widget-container\">\n\t\t\t\t\t\t\t\t\t<p style=\"text-align: left;\"><span style=\"font-weight: bold; color: var( --e-global-color-text ); font-family: var( --e-global-typography-text-font-family ), Sans-serif;\">Nature du r\u00e9gime\u00a0:<\/span><span style=\"color: var( --e-global-color-text ); font-family: var( --e-global-typography-text-font-family ), Sans-serif; font-weight: var( --e-global-typography-text-font-weight );\">\u00a0Pr\u00e9sidentiel<br \/><\/span><span style=\"font-weight: bold;\">Chef de l\u2019\u00c9tat :<\/span> M. \u00c9variste NDAYISHIMIYE (depuis le <em>18 juin 2020<\/em>)<br \/><span style=\"font-weight: bold;\">Chef du Gouvernement :<\/span> M. Gervais NDIRAKOBUCA (depuis le <em>7 septembre 2022<\/em>)<\/p><h4 style=\"text-align: left;\">Administration fiscale<\/h4><p style=\"text-align: left;\">Office Burundais des Recettes (OBR)<br \/><span style=\"font-weight: bold;\">Commissaire G\u00e9n\u00e9ral de l&rsquo;OBR :\u00a0<\/span>M. Jean-Claude MANIRAKIZA<br \/><span style=\"font-weight: bold;\">Site Internet: <\/span><a href=\"http:\/\/www.obr.bi\/\">www.obr.bi<\/a><\/p><h4 style=\"text-align: left;\">Le Burundi en quelques chiffres<\/h4><p style=\"text-align: left;\"><span style=\"font-weight: bold;\">Capitales :<\/span>\u00a0Gitega (politique),\u00a0 Bujumbura (\u00e9conomique)<br \/><span style=\"font-weight: bold;\">Superficie :<\/span>\u00a027 834 km\u00b2<br \/><span style=\"font-weight: bold;\">Nombre d&rsquo;habitants :<\/span> 13,592 millions (Ined, 2024)<br \/><span style=\"font-weight: bold;\">PIB\/hab (estimation) :<\/span> 230 US$ (FMI, 2024)<\/p><p style=\"text-align: left;\">Nos partenaires que sont l\u2019OCDE et le PNUD, r\u00e9digent, en collaboration avec le Groupe de la Banque Africaine de D\u00e9veloppement, des publications sur les perspectives \u00e9conomiques des pays africains.<\/p><p style=\"text-align: left;\">Pour en savoir plus sur l\u2019\u00e9volution de la conjoncture \u00e9conomique du Burundi,\u00a0<a href=\"https:\/\/www.afdb.org\/en\/countries\/east-africa\/burundi\" target=\"_blank\" rel=\"noopener noreferrer\">click here<\/a>.<\/p>\t\t\t\t\t\t\t\t<\/div>\n\t\t\t\t<\/div>\n\t\t\t\t<\/div>\n\t\t<div class=\"elementor-element elementor-element-5330043 e-con-full e-flex wpr-particle-no wpr-jarallax-no wpr-parallax-no wpr-sticky-section-no wpr-equal-height-no e-con e-child\" data-id=\"5330043\" data-element_type=\"container\" data-e-type=\"container\">\n\t\t<div class=\"elementor-element elementor-element-31bfd97 e-flex e-con-boxed wpr-particle-no wpr-jarallax-no wpr-parallax-no wpr-sticky-section-no wpr-equal-height-no e-con e-child\" data-id=\"31bfd97\" data-element_type=\"container\" data-e-type=\"container\">\n\t\t\t\t\t<div class=\"e-con-inner\">\n\t\t\t\t<div class=\"elementor-element elementor-element-2544062 elementor-widget elementor-widget-image\" data-id=\"2544062\" data-element_type=\"widget\" data-e-type=\"widget\" data-widget_type=\"image.default\">\n\t\t\t\t<div class=\"elementor-widget-container\">\n\t\t\t\t\t\t\t\t\t\t\t\t\t\t\t<img decoding=\"async\" width=\"125\" height=\"75\" src=\"https:\/\/credaf.org\/wp-content\/uploads\/2023\/08\/Burundi.png\" class=\"attachment-large size-large wp-image-10197\" alt=\"\" \/>\t\t\t\t\t\t\t\t\t\t\t\t\t\t\t<\/div>\n\t\t\t\t<\/div>\n\t\t\t\t\t<\/div>\n\t\t\t\t<\/div>\n\t\t<div class=\"elementor-element elementor-element-09c9aad e-flex e-con-boxed wpr-particle-no wpr-jarallax-no wpr-parallax-no wpr-sticky-section-no wpr-equal-height-no e-con e-child\" data-id=\"09c9aad\" data-element_type=\"container\" data-e-type=\"container\">\n\t\t\t\t\t<div class=\"e-con-inner\">\n\t\t\t\t<div class=\"elementor-element elementor-element-e583c81 elementor-widget elementor-widget-image\" data-id=\"e583c81\" data-element_type=\"widget\" data-e-type=\"widget\" data-widget_type=\"image.default\">\n\t\t\t\t<div class=\"elementor-widget-container\">\n\t\t\t\t\t\t\t\t\t\t\t\t\t\t\t<img fetchpriority=\"high\" decoding=\"async\" width=\"720\" height=\"146\" src=\"https:\/\/credaf.org\/wp-content\/uploads\/2023\/08\/Burundi_OBR-1024x208.jpg\" class=\"attachment-large size-large wp-image-10199\" alt=\"\" srcset=\"https:\/\/credaf.org\/wp-content\/uploads\/2023\/08\/Burundi_OBR-1024x208.jpg 1024w, https:\/\/credaf.org\/wp-content\/uploads\/2023\/08\/Burundi_OBR-600x122.jpg 600w, https:\/\/credaf.org\/wp-content\/uploads\/2023\/08\/Burundi_OBR-300x61.jpg 300w, https:\/\/credaf.org\/wp-content\/uploads\/2023\/08\/Burundi_OBR-768x156.jpg 768w, https:\/\/credaf.org\/wp-content\/uploads\/2023\/08\/Burundi_OBR.jpg 1505w\" sizes=\"(max-width: 720px) 100vw, 720px\" \/>\t\t\t\t\t\t\t\t\t\t\t\t\t\t\t<\/div>\n\t\t\t\t<\/div>\n\t\t\t\t\t<\/div>\n\t\t\t\t<\/div>\n\t\t<div class=\"elementor-element elementor-element-aa7c704 e-flex e-con-boxed wpr-particle-no wpr-jarallax-no wpr-parallax-no wpr-sticky-section-no wpr-equal-height-no e-con e-child\" data-id=\"aa7c704\" data-element_type=\"container\" data-e-type=\"container\">\n\t\t\t\t\t<div class=\"e-con-inner\">\n\t\t\t\t<div class=\"elementor-element elementor-element-eb7f343 elementor-widget elementor-widget-image\" data-id=\"eb7f343\" data-element_type=\"widget\" data-e-type=\"widget\" data-widget_type=\"image.default\">\n\t\t\t\t<div class=\"elementor-widget-container\">\n\t\t\t\t\t\t\t\t\t\t\t\t\t\t\t<img decoding=\"async\" width=\"720\" height=\"830\" src=\"https:\/\/credaf.org\/wp-content\/uploads\/2023\/08\/Burundi_carte.gif\" class=\"attachment-large size-large wp-image-10198\" alt=\"\" \/>\t\t\t\t\t\t\t\t\t\t\t\t\t\t\t<\/div>\n\t\t\t\t<\/div>\n\t\t\t\t\t<\/div>\n\t\t\t\t<\/div>\n\t\t\t\t<\/div>\n\t\t\t\t\t<\/div>\n\t\t\t\t<\/div>\n\t\t\t\t<\/div>\n\t\t<!-- AddThis Advanced Settings generic via filter on the_content --><!-- AddThis Share Buttons generic via filter on the_content --><!-- AddThis Related Posts generic via filter on the_content -->","protected":false},"excerpt":{"rendered":"<p>La R\u00e9publique du Burundi Nature du r\u00e9gime\u00a0:\u00a0Pr\u00e9sidentielChef de l\u2019\u00c9tat : M. \u00c9variste NDAYISHIMIYE (depuis le 18 juin 2020)Chef du Gouvernement : M. Gervais NDIRAKOBUCA (depuis le 7 septembre 2022) Administration fiscale Office Burundais des Recettes (OBR)Commissaire G\u00e9n\u00e9ral de l&rsquo;OBR :\u00a0M. Jean-Claude MANIRAKIZASite Internet: www.obr.bi Le Burundi en quelques chiffres Capitales :\u00a0Gitega (politique),\u00a0 Bujumbura (\u00e9conomique)Superficie :\u00a027 834 km\u00b2Nombre d&rsquo;habitants : 13,592<\/p>","protected":false},"author":13,"featured_media":0,"parent":0,"menu_order":0,"comment_status":"closed","ping_status":"closed","template":"","meta":{"_acf_changed":false,"footnotes":""},"class_list":["post-375","page","type-page","status-publish","hentry"],"acf":[],"yoast_head":"<!-- This site is optimized with the Yoast SEO plugin v27.4 - https:\/\/yoast.com\/product\/yoast-seo-wordpress\/ -->\n<title>Burundi -<\/title>\n<meta name=\"robots\" content=\"index, follow, max-snippet:-1, max-image-preview:large, max-video-preview:-1\" \/>\n<link rel=\"canonical\" href=\"https:\/\/credaf.org\/en\/burundi\/\" \/>\n<meta property=\"og:locale\" content=\"en_US\" \/>\n<meta property=\"og:type\" content=\"article\" \/>\n<meta property=\"og:title\" content=\"Burundi -\" \/>\n<meta property=\"og:description\" content=\"La R\u00e9publique du Burundi Nature du r\u00e9gime\u00a0:\u00a0Pr\u00e9sidentielChef de l\u2019\u00c9tat : M. \u00c9variste NDAYISHIMIYE (depuis le 18 juin 2020)Chef du Gouvernement : M. Gervais NDIRAKOBUCA (depuis le 7 septembre 2022) Administration fiscale Office Burundais des Recettes (OBR)Commissaire G\u00e9n\u00e9ral de l&rsquo;OBR :\u00a0M. Jean-Claude MANIRAKIZASite Internet: www.obr.bi Le Burundi en quelques chiffres Capitales :\u00a0Gitega (politique),\u00a0 Bujumbura (\u00e9conomique)Superficie :\u00a027 834 km\u00b2Nombre d&rsquo;habitants : 13,592\" \/>\n<meta property=\"og:url\" content=\"https:\/\/credaf.org\/en\/burundi\/\" \/>\n<meta property=\"article:modified_time\" content=\"2024-06-20T11:20:16+00:00\" \/>\n<meta property=\"og:image\" content=\"https:\/\/credaf.org\/wp-content\/uploads\/2023\/08\/Burundi.png\" \/>\n<meta name=\"twitter:card\" content=\"summary_large_image\" \/>\n<meta name=\"twitter:label1\" content=\"Est. reading time\" \/>\n\t<meta name=\"twitter:data1\" content=\"2 minutes\" \/>\n<script type=\"application\/ld+json\" class=\"yoast-schema-graph\">{\"@context\":\"https:\\\/\\\/schema.org\",\"@graph\":[{\"@type\":\"WebPage\",\"@id\":\"https:\\\/\\\/credaf.org\\\/burundi\\\/\",\"url\":\"https:\\\/\\\/credaf.org\\\/burundi\\\/\",\"name\":\"Burundi -\",\"isPartOf\":{\"@id\":\"https:\\\/\\\/credaf.org\\\/#website\"},\"primaryImageOfPage\":{\"@id\":\"https:\\\/\\\/credaf.org\\\/burundi\\\/#primaryimage\"},\"image\":{\"@id\":\"https:\\\/\\\/credaf.org\\\/burundi\\\/#primaryimage\"},\"thumbnailUrl\":\"https:\\\/\\\/credaf.org\\\/wp-content\\\/uploads\\\/2023\\\/08\\\/Burundi.png\",\"datePublished\":\"2016-08-29T00:05:09+00:00\",\"dateModified\":\"2024-06-20T11:20:16+00:00\",\"breadcrumb\":{\"@id\":\"https:\\\/\\\/credaf.org\\\/burundi\\\/#breadcrumb\"},\"inLanguage\":\"en-US\",\"potentialAction\":[{\"@type\":\"ReadAction\",\"target\":[\"https:\\\/\\\/credaf.org\\\/burundi\\\/\"]}]},{\"@type\":\"ImageObject\",\"inLanguage\":\"en-US\",\"@id\":\"https:\\\/\\\/credaf.org\\\/burundi\\\/#primaryimage\",\"url\":\"https:\\\/\\\/credaf.org\\\/wp-content\\\/uploads\\\/2023\\\/08\\\/Burundi.png\",\"contentUrl\":\"https:\\\/\\\/credaf.org\\\/wp-content\\\/uploads\\\/2023\\\/08\\\/Burundi.png\"},{\"@type\":\"BreadcrumbList\",\"@id\":\"https:\\\/\\\/credaf.org\\\/burundi\\\/#breadcrumb\",\"itemListElement\":[{\"@type\":\"ListItem\",\"position\":1,\"name\":\"Accueil\",\"item\":\"https:\\\/\\\/credaf.org\\\/\"},{\"@type\":\"ListItem\",\"position\":2,\"name\":\"Burundi\"}]},{\"@type\":\"WebSite\",\"@id\":\"https:\\\/\\\/credaf.org\\\/#website\",\"url\":\"https:\\\/\\\/credaf.org\\\/\",\"name\":\"\",\"description\":\"\",\"potentialAction\":[{\"@type\":\"SearchAction\",\"target\":{\"@type\":\"EntryPoint\",\"urlTemplate\":\"https:\\\/\\\/credaf.org\\\/?s={search_term_string}\"},\"query-input\":{\"@type\":\"PropertyValueSpecification\",\"valueRequired\":true,\"valueName\":\"search_term_string\"}}],\"inLanguage\":\"en-US\"}]}<\/script>\n<!-- \/ Yoast SEO plugin. -->","yoast_head_json":{"title":"Burundi -","robots":{"index":"index","follow":"follow","max-snippet":"max-snippet:-1","max-image-preview":"max-image-preview:large","max-video-preview":"max-video-preview:-1"},"canonical":"https:\/\/credaf.org\/en\/burundi\/","og_locale":"en_US","og_type":"article","og_title":"Burundi -","og_description":"La R\u00e9publique du Burundi Nature du r\u00e9gime\u00a0:\u00a0Pr\u00e9sidentielChef de l\u2019\u00c9tat : M. \u00c9variste NDAYISHIMIYE (depuis le 18 juin 2020)Chef du Gouvernement : M. Gervais NDIRAKOBUCA (depuis le 7 septembre 2022) Administration fiscale Office Burundais des Recettes (OBR)Commissaire G\u00e9n\u00e9ral de l&rsquo;OBR :\u00a0M. Jean-Claude MANIRAKIZASite Internet: www.obr.bi Le Burundi en quelques chiffres Capitales :\u00a0Gitega (politique),\u00a0 Bujumbura (\u00e9conomique)Superficie :\u00a027 834 km\u00b2Nombre d&rsquo;habitants : 13,592","og_url":"https:\/\/credaf.org\/en\/burundi\/","article_modified_time":"2024-06-20T11:20:16+00:00","og_image":[{"url":"https:\/\/credaf.org\/wp-content\/uploads\/2023\/08\/Burundi.png","type":"","width":"","height":""}],"twitter_card":"summary_large_image","twitter_misc":{"Est. reading time":"2 minutes"},"schema":{"@context":"https:\/\/schema.org","@graph":[{"@type":"WebPage","@id":"https:\/\/credaf.org\/burundi\/","url":"https:\/\/credaf.org\/burundi\/","name":"Burundi -","isPartOf":{"@id":"https:\/\/credaf.org\/#website"},"primaryImageOfPage":{"@id":"https:\/\/credaf.org\/burundi\/#primaryimage"},"image":{"@id":"https:\/\/credaf.org\/burundi\/#primaryimage"},"thumbnailUrl":"https:\/\/credaf.org\/wp-content\/uploads\/2023\/08\/Burundi.png","datePublished":"2016-08-29T00:05:09+00:00","dateModified":"2024-06-20T11:20:16+00:00","breadcrumb":{"@id":"https:\/\/credaf.org\/burundi\/#breadcrumb"},"inLanguage":"en-US","potentialAction":[{"@type":"ReadAction","target":["https:\/\/credaf.org\/burundi\/"]}]},{"@type":"ImageObject","inLanguage":"en-US","@id":"https:\/\/credaf.org\/burundi\/#primaryimage","url":"https:\/\/credaf.org\/wp-content\/uploads\/2023\/08\/Burundi.png","contentUrl":"https:\/\/credaf.org\/wp-content\/uploads\/2023\/08\/Burundi.png"},{"@type":"BreadcrumbList","@id":"https:\/\/credaf.org\/burundi\/#breadcrumb","itemListElement":[{"@type":"ListItem","position":1,"name":"Accueil","item":"https:\/\/credaf.org\/"},{"@type":"ListItem","position":2,"name":"Burundi"}]},{"@type":"WebSite","@id":"https:\/\/credaf.org\/#website","url":"https:\/\/credaf.org\/","name":"","description":"","potentialAction":[{"@type":"SearchAction","target":{"@type":"EntryPoint","urlTemplate":"https:\/\/credaf.org\/?s={search_term_string}"},"query-input":{"@type":"PropertyValueSpecification","valueRequired":true,"valueName":"search_term_string"}}],"inLanguage":"en-US"}]}},"rttpg_featured_image_url":null,"rttpg_author":{"display_name":"sgcredaf","author_link":"https:\/\/credaf.org\/en\/author\/sgcredaf\/"},"rttpg_comment":0,"rttpg_category":null,"rttpg_excerpt":"La R\u00e9publique du Burundi Nature du r\u00e9gime\u00a0:\u00a0Pr\u00e9sidentielChef de l\u2019\u00c9tat : M. \u00c9variste NDAYISHIMIYE (depuis le 18 juin 2020)Chef du Gouvernement : M. Gervais NDIRAKOBUCA (depuis le 7 septembre 2022) Administration fiscale Office Burundais des Recettes (OBR)Commissaire G\u00e9n\u00e9ral de l&rsquo;OBR :\u00a0M. Jean-Claude MANIRAKIZASite Internet: www.obr.bi Le Burundi en quelques chiffres Capitales :\u00a0Gitega (politique),\u00a0 Bujumbura (\u00e9conomique)Superficie :\u00a027&hellip;","_links":{"self":[{"href":"https:\/\/credaf.org\/en\/wp-json\/wp\/v2\/pages\/375","targetHints":{"allow":["GET"]}}],"collection":[{"href":"https:\/\/credaf.org\/en\/wp-json\/wp\/v2\/pages"}],"about":[{"href":"https:\/\/credaf.org\/en\/wp-json\/wp\/v2\/types\/page"}],"author":[{"embeddable":true,"href":"https:\/\/credaf.org\/en\/wp-json\/wp\/v2\/users\/13"}],"replies":[{"embeddable":true,"href":"https:\/\/credaf.org\/en\/wp-json\/wp\/v2\/comments?post=375"}],"version-history":[{"count":0,"href":"https:\/\/credaf.org\/en\/wp-json\/wp\/v2\/pages\/375\/revisions"}],"wp:attachment":[{"href":"https:\/\/credaf.org\/en\/wp-json\/wp\/v2\/media?parent=375"}],"curies":[{"name":"wp","href":"https:\/\/api.w.org\/{rel}","templated":true}]}}