{"id":376,"date":"2016-08-29T02:05:11","date_gmt":"2016-08-29T00:05:11","guid":{"rendered":"http:\/\/credaf.org\/?page_id=376"},"modified":"2024-06-20T13:37:20","modified_gmt":"2024-06-20T11:37:20","slug":"cambodge","status":"publish","type":"page","link":"https:\/\/credaf.org\/en\/cambodge\/","title":{"rendered":"Cambodge"},"content":{"rendered":"<div data-elementor-type=\"wp-page\" data-elementor-id=\"376\" class=\"elementor elementor-376\">\n\t\t\t\t<div class=\"elementor-element elementor-element-afc7916 e-flex e-con-boxed wpr-particle-no wpr-jarallax-no wpr-parallax-no wpr-sticky-section-no wpr-equal-height-no e-con e-parent\" data-id=\"afc7916\" data-element_type=\"container\" data-e-type=\"container\">\n\t\t\t\t\t<div class=\"e-con-inner\">\n\t\t\t\t<div class=\"elementor-element elementor-element-d51ab83 elementor-widget elementor-widget-heading\" data-id=\"d51ab83\" data-element_type=\"widget\" data-e-type=\"widget\" data-widget_type=\"heading.default\">\n\t\t\t\t<div class=\"elementor-widget-container\">\n\t\t\t\t\t<h2 class=\"elementor-heading-title elementor-size-default\">Le Royaume du Cambodge<\/h2>\t\t\t\t<\/div>\n\t\t\t\t<\/div>\n\t\t\t\t\t<\/div>\n\t\t\t\t<\/div>\n\t\t<div class=\"elementor-element elementor-element-392fb11 e-flex e-con-boxed wpr-particle-no wpr-jarallax-no wpr-parallax-no wpr-sticky-section-no wpr-equal-height-no e-con e-parent\" data-id=\"392fb11\" data-element_type=\"container\" data-e-type=\"container\">\n\t\t\t\t\t<div class=\"e-con-inner\">\n\t\t<div class=\"elementor-element elementor-element-df7e1a6 e-con-full e-flex wpr-particle-no wpr-jarallax-no wpr-parallax-no wpr-sticky-section-no wpr-equal-height-no e-con e-child\" data-id=\"df7e1a6\" data-element_type=\"container\" data-e-type=\"container\">\n\t\t\t\t<div class=\"elementor-element elementor-element-db58881 elementor-widget elementor-widget-text-editor\" data-id=\"db58881\" data-element_type=\"widget\" data-e-type=\"widget\" data-widget_type=\"text-editor.default\">\n\t\t\t\t<div class=\"elementor-widget-container\">\n\t\t\t\t\t\t\t\t\t<p style=\"text-align: left;\"><span style=\"font-weight: bold; color: var( --e-global-color-text ); font-family: var( --e-global-typography-text-font-family ), Sans-serif;\">Nature du r\u00e9gime\u00a0:<\/span><span style=\"color: var( --e-global-color-text ); font-family: var( --e-global-typography-text-font-family ), Sans-serif; font-weight: var( --e-global-typography-text-font-weight );\">\u00a0Monarchie constitutionnelle<br \/><\/span><span style=\"font-weight: bold;\">Chef de l\u2019Etat\u00a0:<\/span>\u00a0NORODOM SIHAMONI, r\u00e8gne depuis 2004<br \/><span style=\"font-weight: bold;\">Premier ministre\u00a0:<\/span> M. HUN Manet (depuis le <em>22 ao\u00fbt 2023<\/em>)<\/p><h4 style=\"text-align: left;\">Administration fiscale<\/h4><p style=\"text-align: left;\">Direction g\u00e9n\u00e9rale des Imp\u00f4ts<\/p><p style=\"text-align: left;\"><span style=\"font-weight: bold;\">Directeur<\/span>\u00a0<span style=\"font-weight: bold;\">g\u00e9n\u00e9ral :<\/span>\u00a0S.E. M. KONG Vibol<br \/><span style=\"font-weight: bold;\">Site Internet: <\/span><a href=\"http:\/\/www.mef.gov.kh\/about-ministry.html\">http:\/\/www.mef.gov.kh\/about-ministry.html<\/a><\/p><h4 style=\"text-align: left;\">Le Cambodge en quelques chiffres<\/h4><p style=\"text-align: left;\"><span style=\"font-weight: bold;\">Capitale :<\/span>\u00a0Phnom Penh<br \/><span style=\"font-weight: bold;\">Superficie :<\/span>\u00a0181 035 km\u00b2<br \/><span style=\"font-weight: bold;\">Nombre d&rsquo;habitants :<\/span> 17,122 millions (Ined, 2024)<br \/><span style=\"font-weight: bold;\">PIB\/hab (estimation) :<\/span> 2 630 US$ (FMI, 2024)<\/p>\t\t\t\t\t\t\t\t<\/div>\n\t\t\t\t<\/div>\n\t\t\t\t<\/div>\n\t\t<div class=\"elementor-element elementor-element-75cc572 e-con-full e-flex wpr-particle-no wpr-jarallax-no wpr-parallax-no wpr-sticky-section-no wpr-equal-height-no e-con e-child\" data-id=\"75cc572\" data-element_type=\"container\" data-e-type=\"container\">\n\t\t<div class=\"elementor-element elementor-element-6c4cf98 e-flex e-con-boxed wpr-particle-no wpr-jarallax-no wpr-parallax-no wpr-sticky-section-no wpr-equal-height-no e-con e-child\" data-id=\"6c4cf98\" data-element_type=\"container\" data-e-type=\"container\">\n\t\t\t\t\t<div class=\"e-con-inner\">\n\t\t\t\t<div class=\"elementor-element elementor-element-9c34035 elementor-widget elementor-widget-image\" data-id=\"9c34035\" data-element_type=\"widget\" data-e-type=\"widget\" data-widget_type=\"image.default\">\n\t\t\t\t<div class=\"elementor-widget-container\">\n\t\t\t\t\t\t\t\t\t\t\t\t\t\t\t<img decoding=\"async\" width=\"125\" height=\"83\" src=\"https:\/\/credaf.org\/wp-content\/uploads\/2023\/08\/Cambodge.png\" class=\"attachment-large size-large wp-image-10188\" alt=\"\" \/>\t\t\t\t\t\t\t\t\t\t\t\t\t\t\t<\/div>\n\t\t\t\t<\/div>\n\t\t\t\t\t<\/div>\n\t\t\t\t<\/div>\n\t\t<div class=\"elementor-element elementor-element-eef4cfe e-flex e-con-boxed wpr-particle-no wpr-jarallax-no wpr-parallax-no wpr-sticky-section-no wpr-equal-height-no e-con e-child\" data-id=\"eef4cfe\" data-element_type=\"container\" data-e-type=\"container\">\n\t\t\t\t\t<div class=\"e-con-inner\">\n\t\t\t\t<div class=\"elementor-element elementor-element-dd5726f elementor-widget elementor-widget-image\" data-id=\"dd5726f\" data-element_type=\"widget\" data-e-type=\"widget\" data-widget_type=\"image.default\">\n\t\t\t\t<div class=\"elementor-widget-container\">\n\t\t\t\t\t\t\t\t\t\t\t\t\t\t\t<img fetchpriority=\"high\" decoding=\"async\" width=\"262\" height=\"300\" src=\"https:\/\/credaf.org\/wp-content\/uploads\/2023\/08\/Cambodge-1-262x300.png\" class=\"attachment-medium size-medium wp-image-10190\" alt=\"\" srcset=\"https:\/\/credaf.org\/wp-content\/uploads\/2023\/08\/Cambodge-1-262x300.png 262w, https:\/\/credaf.org\/wp-content\/uploads\/2023\/08\/Cambodge-1.png 520w\" sizes=\"(max-width: 262px) 100vw, 262px\" \/>\t\t\t\t\t\t\t\t\t\t\t\t\t\t\t<\/div>\n\t\t\t\t<\/div>\n\t\t\t\t\t<\/div>\n\t\t\t\t<\/div>\n\t\t<div class=\"elementor-element elementor-element-72e5909 e-flex e-con-boxed wpr-particle-no wpr-jarallax-no wpr-parallax-no wpr-sticky-section-no wpr-equal-height-no e-con e-child\" data-id=\"72e5909\" data-element_type=\"container\" data-e-type=\"container\">\n\t\t\t\t\t<div class=\"e-con-inner\">\n\t\t\t\t<div class=\"elementor-element elementor-element-cbc3b89 elementor-widget elementor-widget-image\" data-id=\"cbc3b89\" data-element_type=\"widget\" data-e-type=\"widget\" data-widget_type=\"image.default\">\n\t\t\t\t<div class=\"elementor-widget-container\">\n\t\t\t\t\t\t\t\t\t\t\t\t\t\t\t<img decoding=\"async\" width=\"720\" height=\"720\" src=\"https:\/\/credaf.org\/wp-content\/uploads\/2023\/08\/Cambodge_carte.gif\" class=\"attachment-large size-large wp-image-10189\" alt=\"\" \/>\t\t\t\t\t\t\t\t\t\t\t\t\t\t\t<\/div>\n\t\t\t\t<\/div>\n\t\t\t\t\t<\/div>\n\t\t\t\t<\/div>\n\t\t\t\t<\/div>\n\t\t\t\t\t<\/div>\n\t\t\t\t<\/div>\n\t\t\t\t<\/div>\n\t\t<!-- AddThis Advanced Settings generic via filter on the_content --><!-- AddThis Share Buttons generic via filter on the_content --><!-- AddThis Related Posts generic via filter on the_content -->","protected":false},"excerpt":{"rendered":"<p>Le Royaume du Cambodge Nature du r\u00e9gime\u00a0:\u00a0Monarchie constitutionnelleChef de l\u2019Etat\u00a0:\u00a0NORODOM SIHAMONI, r\u00e8gne depuis 2004Premier ministre\u00a0: M. HUN Manet (depuis le 22 ao\u00fbt 2023) Administration fiscale Direction g\u00e9n\u00e9rale des Imp\u00f4ts Directeur\u00a0g\u00e9n\u00e9ral :\u00a0S.E. M. KONG VibolSite Internet: http:\/\/www.mef.gov.kh\/about-ministry.html Le Cambodge en quelques chiffres Capitale :\u00a0Phnom PenhSuperficie :\u00a0181 035 km\u00b2Nombre d&rsquo;habitants : 17,122 millions (Ined, 2024)PIB\/hab (estimation) : 2 630 US$ (FMI, 2024)<\/p>","protected":false},"author":13,"featured_media":0,"parent":0,"menu_order":0,"comment_status":"closed","ping_status":"closed","template":"","meta":{"_acf_changed":false,"footnotes":""},"class_list":["post-376","page","type-page","status-publish","hentry"],"acf":[],"yoast_head":"<!-- This site is optimized with the Yoast SEO plugin v27.4 - https:\/\/yoast.com\/product\/yoast-seo-wordpress\/ -->\n<title>Cambodge -<\/title>\n<meta name=\"robots\" content=\"index, follow, max-snippet:-1, max-image-preview:large, max-video-preview:-1\" \/>\n<link rel=\"canonical\" href=\"https:\/\/credaf.org\/en\/cambodge\/\" \/>\n<meta property=\"og:locale\" content=\"en_US\" \/>\n<meta property=\"og:type\" content=\"article\" \/>\n<meta property=\"og:title\" content=\"Cambodge -\" \/>\n<meta property=\"og:description\" content=\"Le Royaume du Cambodge Nature du r\u00e9gime\u00a0:\u00a0Monarchie constitutionnelleChef de l\u2019Etat\u00a0:\u00a0NORODOM SIHAMONI, r\u00e8gne depuis 2004Premier ministre\u00a0: M. HUN Manet (depuis le 22 ao\u00fbt 2023) Administration fiscale Direction g\u00e9n\u00e9rale des Imp\u00f4ts Directeur\u00a0g\u00e9n\u00e9ral :\u00a0S.E. M. KONG VibolSite Internet: http:\/\/www.mef.gov.kh\/about-ministry.html Le Cambodge en quelques chiffres Capitale :\u00a0Phnom PenhSuperficie :\u00a0181 035 km\u00b2Nombre d&rsquo;habitants : 17,122 millions (Ined, 2024)PIB\/hab (estimation) : 2 630 US$ (FMI, 2024)\" \/>\n<meta property=\"og:url\" content=\"https:\/\/credaf.org\/en\/cambodge\/\" \/>\n<meta property=\"article:modified_time\" content=\"2024-06-20T11:37:20+00:00\" \/>\n<meta property=\"og:image\" content=\"https:\/\/credaf.org\/wp-content\/uploads\/2023\/08\/Cambodge.png\" \/>\n<meta name=\"twitter:card\" content=\"summary_large_image\" \/>\n<meta name=\"twitter:label1\" content=\"Est. reading time\" \/>\n\t<meta name=\"twitter:data1\" content=\"1 minute\" \/>\n<script type=\"application\/ld+json\" class=\"yoast-schema-graph\">{\"@context\":\"https:\\\/\\\/schema.org\",\"@graph\":[{\"@type\":\"WebPage\",\"@id\":\"https:\\\/\\\/credaf.org\\\/cambodge\\\/\",\"url\":\"https:\\\/\\\/credaf.org\\\/cambodge\\\/\",\"name\":\"Cambodge -\",\"isPartOf\":{\"@id\":\"https:\\\/\\\/credaf.org\\\/#website\"},\"primaryImageOfPage\":{\"@id\":\"https:\\\/\\\/credaf.org\\\/cambodge\\\/#primaryimage\"},\"image\":{\"@id\":\"https:\\\/\\\/credaf.org\\\/cambodge\\\/#primaryimage\"},\"thumbnailUrl\":\"https:\\\/\\\/credaf.org\\\/wp-content\\\/uploads\\\/2023\\\/08\\\/Cambodge.png\",\"datePublished\":\"2016-08-29T00:05:11+00:00\",\"dateModified\":\"2024-06-20T11:37:20+00:00\",\"breadcrumb\":{\"@id\":\"https:\\\/\\\/credaf.org\\\/cambodge\\\/#breadcrumb\"},\"inLanguage\":\"en-US\",\"potentialAction\":[{\"@type\":\"ReadAction\",\"target\":[\"https:\\\/\\\/credaf.org\\\/cambodge\\\/\"]}]},{\"@type\":\"ImageObject\",\"inLanguage\":\"en-US\",\"@id\":\"https:\\\/\\\/credaf.org\\\/cambodge\\\/#primaryimage\",\"url\":\"https:\\\/\\\/credaf.org\\\/wp-content\\\/uploads\\\/2023\\\/08\\\/Cambodge.png\",\"contentUrl\":\"https:\\\/\\\/credaf.org\\\/wp-content\\\/uploads\\\/2023\\\/08\\\/Cambodge.png\"},{\"@type\":\"BreadcrumbList\",\"@id\":\"https:\\\/\\\/credaf.org\\\/cambodge\\\/#breadcrumb\",\"itemListElement\":[{\"@type\":\"ListItem\",\"position\":1,\"name\":\"Accueil\",\"item\":\"https:\\\/\\\/credaf.org\\\/\"},{\"@type\":\"ListItem\",\"position\":2,\"name\":\"Cambodge\"}]},{\"@type\":\"WebSite\",\"@id\":\"https:\\\/\\\/credaf.org\\\/#website\",\"url\":\"https:\\\/\\\/credaf.org\\\/\",\"name\":\"\",\"description\":\"\",\"potentialAction\":[{\"@type\":\"SearchAction\",\"target\":{\"@type\":\"EntryPoint\",\"urlTemplate\":\"https:\\\/\\\/credaf.org\\\/?s={search_term_string}\"},\"query-input\":{\"@type\":\"PropertyValueSpecification\",\"valueRequired\":true,\"valueName\":\"search_term_string\"}}],\"inLanguage\":\"en-US\"}]}<\/script>\n<!-- \/ Yoast SEO plugin. -->","yoast_head_json":{"title":"Cambodge -","robots":{"index":"index","follow":"follow","max-snippet":"max-snippet:-1","max-image-preview":"max-image-preview:large","max-video-preview":"max-video-preview:-1"},"canonical":"https:\/\/credaf.org\/en\/cambodge\/","og_locale":"en_US","og_type":"article","og_title":"Cambodge -","og_description":"Le Royaume du Cambodge Nature du r\u00e9gime\u00a0:\u00a0Monarchie constitutionnelleChef de l\u2019Etat\u00a0:\u00a0NORODOM SIHAMONI, r\u00e8gne depuis 2004Premier ministre\u00a0: M. HUN Manet (depuis le 22 ao\u00fbt 2023) Administration fiscale Direction g\u00e9n\u00e9rale des Imp\u00f4ts Directeur\u00a0g\u00e9n\u00e9ral :\u00a0S.E. M. KONG VibolSite Internet: http:\/\/www.mef.gov.kh\/about-ministry.html Le Cambodge en quelques chiffres Capitale :\u00a0Phnom PenhSuperficie :\u00a0181 035 km\u00b2Nombre d&rsquo;habitants : 17,122 millions (Ined, 2024)PIB\/hab (estimation) : 2 630 US$ (FMI, 2024)","og_url":"https:\/\/credaf.org\/en\/cambodge\/","article_modified_time":"2024-06-20T11:37:20+00:00","og_image":[{"url":"https:\/\/credaf.org\/wp-content\/uploads\/2023\/08\/Cambodge.png","type":"","width":"","height":""}],"twitter_card":"summary_large_image","twitter_misc":{"Est. reading time":"1 minute"},"schema":{"@context":"https:\/\/schema.org","@graph":[{"@type":"WebPage","@id":"https:\/\/credaf.org\/cambodge\/","url":"https:\/\/credaf.org\/cambodge\/","name":"Cambodge -","isPartOf":{"@id":"https:\/\/credaf.org\/#website"},"primaryImageOfPage":{"@id":"https:\/\/credaf.org\/cambodge\/#primaryimage"},"image":{"@id":"https:\/\/credaf.org\/cambodge\/#primaryimage"},"thumbnailUrl":"https:\/\/credaf.org\/wp-content\/uploads\/2023\/08\/Cambodge.png","datePublished":"2016-08-29T00:05:11+00:00","dateModified":"2024-06-20T11:37:20+00:00","breadcrumb":{"@id":"https:\/\/credaf.org\/cambodge\/#breadcrumb"},"inLanguage":"en-US","potentialAction":[{"@type":"ReadAction","target":["https:\/\/credaf.org\/cambodge\/"]}]},{"@type":"ImageObject","inLanguage":"en-US","@id":"https:\/\/credaf.org\/cambodge\/#primaryimage","url":"https:\/\/credaf.org\/wp-content\/uploads\/2023\/08\/Cambodge.png","contentUrl":"https:\/\/credaf.org\/wp-content\/uploads\/2023\/08\/Cambodge.png"},{"@type":"BreadcrumbList","@id":"https:\/\/credaf.org\/cambodge\/#breadcrumb","itemListElement":[{"@type":"ListItem","position":1,"name":"Accueil","item":"https:\/\/credaf.org\/"},{"@type":"ListItem","position":2,"name":"Cambodge"}]},{"@type":"WebSite","@id":"https:\/\/credaf.org\/#website","url":"https:\/\/credaf.org\/","name":"","description":"","potentialAction":[{"@type":"SearchAction","target":{"@type":"EntryPoint","urlTemplate":"https:\/\/credaf.org\/?s={search_term_string}"},"query-input":{"@type":"PropertyValueSpecification","valueRequired":true,"valueName":"search_term_string"}}],"inLanguage":"en-US"}]}},"rttpg_featured_image_url":null,"rttpg_author":{"display_name":"sgcredaf","author_link":"https:\/\/credaf.org\/en\/author\/sgcredaf\/"},"rttpg_comment":0,"rttpg_category":null,"rttpg_excerpt":"Le Royaume du Cambodge Nature du r\u00e9gime\u00a0:\u00a0Monarchie constitutionnelleChef de l\u2019Etat\u00a0:\u00a0NORODOM SIHAMONI, r\u00e8gne depuis 2004Premier ministre\u00a0: M. HUN Manet (depuis le 22 ao\u00fbt 2023) Administration fiscale Direction g\u00e9n\u00e9rale des Imp\u00f4ts Directeur\u00a0g\u00e9n\u00e9ral :\u00a0S.E. M. KONG VibolSite Internet: http:\/\/www.mef.gov.kh\/about-ministry.html Le Cambodge en quelques chiffres Capitale :\u00a0Phnom PenhSuperficie :\u00a0181 035 km\u00b2Nombre d&rsquo;habitants : 17,122 millions (Ined, 2024)PIB\/hab (estimation) :&hellip;","_links":{"self":[{"href":"https:\/\/credaf.org\/en\/wp-json\/wp\/v2\/pages\/376","targetHints":{"allow":["GET"]}}],"collection":[{"href":"https:\/\/credaf.org\/en\/wp-json\/wp\/v2\/pages"}],"about":[{"href":"https:\/\/credaf.org\/en\/wp-json\/wp\/v2\/types\/page"}],"author":[{"embeddable":true,"href":"https:\/\/credaf.org\/en\/wp-json\/wp\/v2\/users\/13"}],"replies":[{"embeddable":true,"href":"https:\/\/credaf.org\/en\/wp-json\/wp\/v2\/comments?post=376"}],"version-history":[{"count":0,"href":"https:\/\/credaf.org\/en\/wp-json\/wp\/v2\/pages\/376\/revisions"}],"wp:attachment":[{"href":"https:\/\/credaf.org\/en\/wp-json\/wp\/v2\/media?parent=376"}],"curies":[{"name":"wp","href":"https:\/\/api.w.org\/{rel}","templated":true}]}}