{"id":377,"date":"2016-08-29T02:05:12","date_gmt":"2016-08-29T00:05:12","guid":{"rendered":"http:\/\/credaf.org\/?page_id=377"},"modified":"2024-06-24T00:28:17","modified_gmt":"2024-06-23T22:28:17","slug":"cameroun","status":"publish","type":"page","link":"https:\/\/credaf.org\/en\/cameroun\/","title":{"rendered":"Cameroun"},"content":{"rendered":"<div data-elementor-type=\"wp-page\" data-elementor-id=\"377\" class=\"elementor elementor-377\">\n\t\t\t\t<div class=\"elementor-element elementor-element-08d91c3 e-flex e-con-boxed wpr-particle-no wpr-jarallax-no wpr-parallax-no wpr-sticky-section-no wpr-equal-height-no e-con e-parent\" data-id=\"08d91c3\" data-element_type=\"container\" data-e-type=\"container\">\n\t\t\t\t\t<div class=\"e-con-inner\">\n\t\t\t\t<div class=\"elementor-element elementor-element-56bd57c elementor-widget elementor-widget-heading\" data-id=\"56bd57c\" data-element_type=\"widget\" data-e-type=\"widget\" data-widget_type=\"heading.default\">\n\t\t\t\t<div class=\"elementor-widget-container\">\n\t\t\t\t\t<h2 class=\"elementor-heading-title elementor-size-default\">La R\u00e9publique du Cameroun<\/h2>\t\t\t\t<\/div>\n\t\t\t\t<\/div>\n\t\t\t\t\t<\/div>\n\t\t\t\t<\/div>\n\t\t<div class=\"elementor-element elementor-element-1f9bb5e e-flex e-con-boxed wpr-particle-no wpr-jarallax-no wpr-parallax-no wpr-sticky-section-no wpr-equal-height-no e-con e-parent\" data-id=\"1f9bb5e\" data-element_type=\"container\" data-e-type=\"container\">\n\t\t\t\t\t<div class=\"e-con-inner\">\n\t\t<div class=\"elementor-element elementor-element-65b7d85 e-con-full e-flex wpr-particle-no wpr-jarallax-no wpr-parallax-no wpr-sticky-section-no wpr-equal-height-no e-con e-child\" data-id=\"65b7d85\" data-element_type=\"container\" data-e-type=\"container\">\n\t\t\t\t<div class=\"elementor-element elementor-element-0dc98c3 elementor-widget elementor-widget-text-editor\" data-id=\"0dc98c3\" data-element_type=\"widget\" data-e-type=\"widget\" data-widget_type=\"text-editor.default\">\n\t\t\t\t<div class=\"elementor-widget-container\">\n\t\t\t\t\t\t\t\t\t<p style=\"text-align: left;\"><span style=\"font-weight: bold; color: var( --e-global-color-text ); font-family: var( --e-global-typography-text-font-family ), Sans-serif;\">Nature du r\u00e9gime :\u00a0<\/span><span style=\"color: var( --e-global-color-text ); font-family: var( --e-global-typography-text-font-family ), Sans-serif; font-weight: var( --e-global-typography-text-font-weight );\">R\u00e9publique<br \/><\/span><span style=\"font-weight: bold;\">Chef de l\u2019Etat\u00a0:<\/span>\u00a0M. Paul BIYA<br \/><span style=\"font-weight: bold;\">Chef du gouvernement\u00a0:<\/span>\u00a0M. Joseph DION NGUTE <\/p><h4 style=\"text-align: left;\">Administration fiscale<\/h4><p style=\"text-align: left;\">Direction g\u00e9n\u00e9rale du Tr\u00e9sor, de la Coop\u00e9ration financi\u00e8re et mon\u00e9taire<\/p><p style=\"text-align: left;\"><span style=\"font-weight: bold;\">Directeur g\u00e9n\u00e9ral<\/span>\u00a0:\u00a0<span class=\"JsGRdQ\">M. Roger Athanase MEYONG ABATH<br \/><\/span><span style=\"font-weight: bold;\">Site Internet: <\/span><a href=\"https:\/\/dgtcfm.cm\/\">https:\/\/dgtcfm.cm\/<\/a><\/p><h4 style=\"text-align: left;\">Le Cameroun en quelques chiffres<\/h4><p style=\"text-align: left;\"><span style=\"font-weight: bold;\">Capitale :<\/span>\u00a0Yaound\u00e9<br \/><span style=\"font-weight: bold;\">Superficie :<\/span>\u00a0475 442 km\u00b2<br \/><span style=\"font-weight: bold;\">Nombre d\u2019habitants :<\/span> 29,394 millions d\u2019habitants (Ined, 2024)<br \/><span style=\"font-weight: bold;\">PIB\/hab :<\/span> 1 810 US$ (FMI, 2024)<span style=\"font-weight: bold;\">\u00a0<\/span><\/p><p style=\"text-align: left;\">L\u2019OCDE et le PNUD ont produit des publications sur les perspectives \u00e9conomiques des pays africains en partenariat avec la Banque africaine de d\u00e9veloppement.<\/p><p style=\"text-align: left;\">Pour en savoir plus sur la situation \u00e9conomique du Cameroun,\u00a0<a href=\"https:\/\/www.afdb.org\/fr\/pays-afrique-centrale\/cameroun\">click here<\/a>.<\/p>\t\t\t\t\t\t\t\t<\/div>\n\t\t\t\t<\/div>\n\t\t\t\t<\/div>\n\t\t<div class=\"elementor-element elementor-element-a206dbb e-con-full e-flex wpr-particle-no wpr-jarallax-no wpr-parallax-no wpr-sticky-section-no wpr-equal-height-no e-con e-child\" data-id=\"a206dbb\" data-element_type=\"container\" data-e-type=\"container\">\n\t\t<div class=\"elementor-element elementor-element-aa1f28d e-flex e-con-boxed wpr-particle-no wpr-jarallax-no wpr-parallax-no wpr-sticky-section-no wpr-equal-height-no e-con e-child\" data-id=\"aa1f28d\" data-element_type=\"container\" data-e-type=\"container\">\n\t\t\t\t\t<div class=\"e-con-inner\">\n\t\t\t\t<div class=\"elementor-element elementor-element-5f2ec70 elementor-widget elementor-widget-image\" data-id=\"5f2ec70\" data-element_type=\"widget\" data-e-type=\"widget\" data-widget_type=\"image.default\">\n\t\t\t\t<div class=\"elementor-widget-container\">\n\t\t\t\t\t\t\t\t\t\t\t\t\t\t\t<img decoding=\"async\" width=\"125\" height=\"83\" src=\"https:\/\/credaf.org\/wp-content\/uploads\/2023\/08\/Cameroun.png\" class=\"attachment-large size-large wp-image-10179\" alt=\"\" \/>\t\t\t\t\t\t\t\t\t\t\t\t\t\t\t<\/div>\n\t\t\t\t<\/div>\n\t\t\t\t\t<\/div>\n\t\t\t\t<\/div>\n\t\t<div class=\"elementor-element elementor-element-6fed82c e-flex e-con-boxed wpr-particle-no wpr-jarallax-no wpr-parallax-no wpr-sticky-section-no wpr-equal-height-no e-con e-child\" data-id=\"6fed82c\" data-element_type=\"container\" data-e-type=\"container\">\n\t\t\t\t\t<div class=\"e-con-inner\">\n\t\t\t\t<div class=\"elementor-element elementor-element-706a2fd elementor-widget elementor-widget-image\" data-id=\"706a2fd\" data-element_type=\"widget\" data-e-type=\"widget\" data-widget_type=\"image.default\">\n\t\t\t\t<div class=\"elementor-widget-container\">\n\t\t\t\t\t\t\t\t\t\t\t\t\t\t\t<img fetchpriority=\"high\" decoding=\"async\" width=\"300\" height=\"242\" src=\"https:\/\/credaf.org\/wp-content\/uploads\/2023\/08\/Cameroun_DGI-300x242.jpg\" class=\"attachment-medium size-medium wp-image-10181\" alt=\"\" srcset=\"https:\/\/credaf.org\/wp-content\/uploads\/2023\/08\/Cameroun_DGI-300x242.jpg 300w, https:\/\/credaf.org\/wp-content\/uploads\/2023\/08\/Cameroun_DGI.jpg 386w\" sizes=\"(max-width: 300px) 100vw, 300px\" \/>\t\t\t\t\t\t\t\t\t\t\t\t\t\t\t<\/div>\n\t\t\t\t<\/div>\n\t\t\t\t\t<\/div>\n\t\t\t\t<\/div>\n\t\t<div class=\"elementor-element elementor-element-6976621 e-flex e-con-boxed wpr-particle-no wpr-jarallax-no wpr-parallax-no wpr-sticky-section-no wpr-equal-height-no e-con e-child\" data-id=\"6976621\" data-element_type=\"container\" data-e-type=\"container\">\n\t\t\t\t\t<div class=\"e-con-inner\">\n\t\t\t\t<div class=\"elementor-element elementor-element-0079f7e elementor-widget elementor-widget-image\" data-id=\"0079f7e\" data-element_type=\"widget\" data-e-type=\"widget\" data-widget_type=\"image.default\">\n\t\t\t\t<div class=\"elementor-widget-container\">\n\t\t\t\t\t\t\t\t\t\t\t\t\t\t\t<img decoding=\"async\" width=\"711\" height=\"888\" src=\"https:\/\/credaf.org\/wp-content\/uploads\/2023\/08\/Cameroun_carte.gif\" class=\"attachment-large size-large wp-image-10180\" alt=\"\" \/>\t\t\t\t\t\t\t\t\t\t\t\t\t\t\t<\/div>\n\t\t\t\t<\/div>\n\t\t\t\t\t<\/div>\n\t\t\t\t<\/div>\n\t\t\t\t<\/div>\n\t\t\t\t\t<\/div>\n\t\t\t\t<\/div>\n\t\t\t\t<\/div>\n\t\t<!-- AddThis Advanced Settings generic via filter on the_content --><!-- AddThis Share Buttons generic via filter on the_content --><!-- AddThis Related Posts generic via filter on the_content -->","protected":false},"excerpt":{"rendered":"<p>La R\u00e9publique du Cameroun Nature du r\u00e9gime :\u00a0R\u00e9publiqueChef de l\u2019Etat\u00a0:\u00a0M. Paul BIYAChef du gouvernement\u00a0:\u00a0M. Joseph DION NGUTE Administration fiscale Direction g\u00e9n\u00e9rale du Tr\u00e9sor, de la Coop\u00e9ration financi\u00e8re et mon\u00e9taire Directeur g\u00e9n\u00e9ral\u00a0:\u00a0M. Roger Athanase MEYONG ABATHSite Internet: https:\/\/dgtcfm.cm\/ Le Cameroun en quelques chiffres Capitale :\u00a0Yaound\u00e9Superficie :\u00a0475 442 km\u00b2Nombre d\u2019habitants : 29,394 millions d\u2019habitants (Ined, 2024)PIB\/hab : 1 810 US$ (FMI, 2024)\u00a0<\/p>","protected":false},"author":13,"featured_media":0,"parent":0,"menu_order":0,"comment_status":"closed","ping_status":"closed","template":"","meta":{"_acf_changed":false,"footnotes":""},"class_list":["post-377","page","type-page","status-publish","hentry"],"acf":[],"yoast_head":"<!-- This site is optimized with the Yoast SEO plugin v27.4 - https:\/\/yoast.com\/product\/yoast-seo-wordpress\/ -->\n<title>Cameroun -<\/title>\n<meta name=\"robots\" content=\"index, follow, max-snippet:-1, max-image-preview:large, max-video-preview:-1\" \/>\n<link rel=\"canonical\" href=\"https:\/\/credaf.org\/en\/cameroun\/\" \/>\n<meta property=\"og:locale\" content=\"en_US\" \/>\n<meta property=\"og:type\" content=\"article\" \/>\n<meta property=\"og:title\" content=\"Cameroun -\" \/>\n<meta property=\"og:description\" content=\"La R\u00e9publique du Cameroun Nature du r\u00e9gime :\u00a0R\u00e9publiqueChef de l\u2019Etat\u00a0:\u00a0M. Paul BIYAChef du gouvernement\u00a0:\u00a0M. Joseph DION NGUTE Administration fiscale Direction g\u00e9n\u00e9rale du Tr\u00e9sor, de la Coop\u00e9ration financi\u00e8re et mon\u00e9taire Directeur g\u00e9n\u00e9ral\u00a0:\u00a0M. Roger Athanase MEYONG ABATHSite Internet: https:\/\/dgtcfm.cm\/ Le Cameroun en quelques chiffres Capitale :\u00a0Yaound\u00e9Superficie :\u00a0475 442 km\u00b2Nombre d\u2019habitants : 29,394 millions d\u2019habitants (Ined, 2024)PIB\/hab : 1 810 US$ (FMI, 2024)\u00a0\" \/>\n<meta property=\"og:url\" content=\"https:\/\/credaf.org\/en\/cameroun\/\" \/>\n<meta property=\"article:modified_time\" content=\"2024-06-23T22:28:17+00:00\" \/>\n<meta property=\"og:image\" content=\"https:\/\/credaf.org\/wp-content\/uploads\/2023\/08\/Cameroun.png\" \/>\n<meta name=\"twitter:card\" content=\"summary_large_image\" \/>\n<meta name=\"twitter:label1\" content=\"Est. reading time\" \/>\n\t<meta name=\"twitter:data1\" content=\"2 minutes\" \/>\n<script type=\"application\/ld+json\" class=\"yoast-schema-graph\">{\"@context\":\"https:\\\/\\\/schema.org\",\"@graph\":[{\"@type\":\"WebPage\",\"@id\":\"https:\\\/\\\/credaf.org\\\/cameroun\\\/\",\"url\":\"https:\\\/\\\/credaf.org\\\/cameroun\\\/\",\"name\":\"Cameroun -\",\"isPartOf\":{\"@id\":\"https:\\\/\\\/credaf.org\\\/#website\"},\"primaryImageOfPage\":{\"@id\":\"https:\\\/\\\/credaf.org\\\/cameroun\\\/#primaryimage\"},\"image\":{\"@id\":\"https:\\\/\\\/credaf.org\\\/cameroun\\\/#primaryimage\"},\"thumbnailUrl\":\"https:\\\/\\\/credaf.org\\\/wp-content\\\/uploads\\\/2023\\\/08\\\/Cameroun.png\",\"datePublished\":\"2016-08-29T00:05:12+00:00\",\"dateModified\":\"2024-06-23T22:28:17+00:00\",\"breadcrumb\":{\"@id\":\"https:\\\/\\\/credaf.org\\\/cameroun\\\/#breadcrumb\"},\"inLanguage\":\"en-US\",\"potentialAction\":[{\"@type\":\"ReadAction\",\"target\":[\"https:\\\/\\\/credaf.org\\\/cameroun\\\/\"]}]},{\"@type\":\"ImageObject\",\"inLanguage\":\"en-US\",\"@id\":\"https:\\\/\\\/credaf.org\\\/cameroun\\\/#primaryimage\",\"url\":\"https:\\\/\\\/credaf.org\\\/wp-content\\\/uploads\\\/2023\\\/08\\\/Cameroun.png\",\"contentUrl\":\"https:\\\/\\\/credaf.org\\\/wp-content\\\/uploads\\\/2023\\\/08\\\/Cameroun.png\"},{\"@type\":\"BreadcrumbList\",\"@id\":\"https:\\\/\\\/credaf.org\\\/cameroun\\\/#breadcrumb\",\"itemListElement\":[{\"@type\":\"ListItem\",\"position\":1,\"name\":\"Accueil\",\"item\":\"https:\\\/\\\/credaf.org\\\/\"},{\"@type\":\"ListItem\",\"position\":2,\"name\":\"Cameroun\"}]},{\"@type\":\"WebSite\",\"@id\":\"https:\\\/\\\/credaf.org\\\/#website\",\"url\":\"https:\\\/\\\/credaf.org\\\/\",\"name\":\"\",\"description\":\"\",\"potentialAction\":[{\"@type\":\"SearchAction\",\"target\":{\"@type\":\"EntryPoint\",\"urlTemplate\":\"https:\\\/\\\/credaf.org\\\/?s={search_term_string}\"},\"query-input\":{\"@type\":\"PropertyValueSpecification\",\"valueRequired\":true,\"valueName\":\"search_term_string\"}}],\"inLanguage\":\"en-US\"}]}<\/script>\n<!-- \/ Yoast SEO plugin. -->","yoast_head_json":{"title":"Cameroun -","robots":{"index":"index","follow":"follow","max-snippet":"max-snippet:-1","max-image-preview":"max-image-preview:large","max-video-preview":"max-video-preview:-1"},"canonical":"https:\/\/credaf.org\/en\/cameroun\/","og_locale":"en_US","og_type":"article","og_title":"Cameroun -","og_description":"La R\u00e9publique du Cameroun Nature du r\u00e9gime :\u00a0R\u00e9publiqueChef de l\u2019Etat\u00a0:\u00a0M. Paul BIYAChef du gouvernement\u00a0:\u00a0M. Joseph DION NGUTE Administration fiscale Direction g\u00e9n\u00e9rale du Tr\u00e9sor, de la Coop\u00e9ration financi\u00e8re et mon\u00e9taire Directeur g\u00e9n\u00e9ral\u00a0:\u00a0M. Roger Athanase MEYONG ABATHSite Internet: https:\/\/dgtcfm.cm\/ Le Cameroun en quelques chiffres Capitale :\u00a0Yaound\u00e9Superficie :\u00a0475 442 km\u00b2Nombre d\u2019habitants : 29,394 millions d\u2019habitants (Ined, 2024)PIB\/hab : 1 810 US$ (FMI, 2024)\u00a0","og_url":"https:\/\/credaf.org\/en\/cameroun\/","article_modified_time":"2024-06-23T22:28:17+00:00","og_image":[{"url":"https:\/\/credaf.org\/wp-content\/uploads\/2023\/08\/Cameroun.png","type":"","width":"","height":""}],"twitter_card":"summary_large_image","twitter_misc":{"Est. reading time":"2 minutes"},"schema":{"@context":"https:\/\/schema.org","@graph":[{"@type":"WebPage","@id":"https:\/\/credaf.org\/cameroun\/","url":"https:\/\/credaf.org\/cameroun\/","name":"Cameroun -","isPartOf":{"@id":"https:\/\/credaf.org\/#website"},"primaryImageOfPage":{"@id":"https:\/\/credaf.org\/cameroun\/#primaryimage"},"image":{"@id":"https:\/\/credaf.org\/cameroun\/#primaryimage"},"thumbnailUrl":"https:\/\/credaf.org\/wp-content\/uploads\/2023\/08\/Cameroun.png","datePublished":"2016-08-29T00:05:12+00:00","dateModified":"2024-06-23T22:28:17+00:00","breadcrumb":{"@id":"https:\/\/credaf.org\/cameroun\/#breadcrumb"},"inLanguage":"en-US","potentialAction":[{"@type":"ReadAction","target":["https:\/\/credaf.org\/cameroun\/"]}]},{"@type":"ImageObject","inLanguage":"en-US","@id":"https:\/\/credaf.org\/cameroun\/#primaryimage","url":"https:\/\/credaf.org\/wp-content\/uploads\/2023\/08\/Cameroun.png","contentUrl":"https:\/\/credaf.org\/wp-content\/uploads\/2023\/08\/Cameroun.png"},{"@type":"BreadcrumbList","@id":"https:\/\/credaf.org\/cameroun\/#breadcrumb","itemListElement":[{"@type":"ListItem","position":1,"name":"Accueil","item":"https:\/\/credaf.org\/"},{"@type":"ListItem","position":2,"name":"Cameroun"}]},{"@type":"WebSite","@id":"https:\/\/credaf.org\/#website","url":"https:\/\/credaf.org\/","name":"","description":"","potentialAction":[{"@type":"SearchAction","target":{"@type":"EntryPoint","urlTemplate":"https:\/\/credaf.org\/?s={search_term_string}"},"query-input":{"@type":"PropertyValueSpecification","valueRequired":true,"valueName":"search_term_string"}}],"inLanguage":"en-US"}]}},"rttpg_featured_image_url":null,"rttpg_author":{"display_name":"sgcredaf","author_link":"https:\/\/credaf.org\/en\/author\/sgcredaf\/"},"rttpg_comment":0,"rttpg_category":null,"rttpg_excerpt":"La R\u00e9publique du Cameroun Nature du r\u00e9gime :\u00a0R\u00e9publiqueChef de l\u2019Etat\u00a0:\u00a0M. Paul BIYAChef du gouvernement\u00a0:\u00a0M. Joseph DION NGUTE Administration fiscale Direction g\u00e9n\u00e9rale du Tr\u00e9sor, de la Coop\u00e9ration financi\u00e8re et mon\u00e9taire Directeur g\u00e9n\u00e9ral\u00a0:\u00a0M. Roger Athanase MEYONG ABATHSite Internet: https:\/\/dgtcfm.cm\/ Le Cameroun en quelques chiffres Capitale :\u00a0Yaound\u00e9Superficie :\u00a0475 442 km\u00b2Nombre d\u2019habitants : 29,394 millions d\u2019habitants (Ined, 2024)PIB\/hab :&hellip;","_links":{"self":[{"href":"https:\/\/credaf.org\/en\/wp-json\/wp\/v2\/pages\/377","targetHints":{"allow":["GET"]}}],"collection":[{"href":"https:\/\/credaf.org\/en\/wp-json\/wp\/v2\/pages"}],"about":[{"href":"https:\/\/credaf.org\/en\/wp-json\/wp\/v2\/types\/page"}],"author":[{"embeddable":true,"href":"https:\/\/credaf.org\/en\/wp-json\/wp\/v2\/users\/13"}],"replies":[{"embeddable":true,"href":"https:\/\/credaf.org\/en\/wp-json\/wp\/v2\/comments?post=377"}],"version-history":[{"count":0,"href":"https:\/\/credaf.org\/en\/wp-json\/wp\/v2\/pages\/377\/revisions"}],"wp:attachment":[{"href":"https:\/\/credaf.org\/en\/wp-json\/wp\/v2\/media?parent=377"}],"curies":[{"name":"wp","href":"https:\/\/api.w.org\/{rel}","templated":true}]}}