{"id":384,"date":"2016-08-29T02:06:26","date_gmt":"2016-08-29T00:06:26","guid":{"rendered":"http:\/\/credaf.org\/?page_id=384"},"modified":"2024-06-24T10:48:22","modified_gmt":"2024-06-24T08:48:22","slug":"comores","status":"publish","type":"page","link":"https:\/\/credaf.org\/en\/comores\/","title":{"rendered":"Comores"},"content":{"rendered":"<div data-elementor-type=\"wp-page\" data-elementor-id=\"384\" class=\"elementor elementor-384\">\n\t\t\t\t<div class=\"elementor-element elementor-element-23cde2a e-flex e-con-boxed wpr-particle-no wpr-jarallax-no wpr-parallax-no wpr-sticky-section-no wpr-equal-height-no e-con e-parent\" data-id=\"23cde2a\" data-element_type=\"container\" data-e-type=\"container\">\n\t\t\t\t\t<div class=\"e-con-inner\">\n\t\t\t\t<div class=\"elementor-element elementor-element-00f3894 elementor-widget elementor-widget-heading\" data-id=\"00f3894\" data-element_type=\"widget\" data-e-type=\"widget\" data-widget_type=\"heading.default\">\n\t\t\t\t<div class=\"elementor-widget-container\">\n\t\t\t\t\t<h2 class=\"elementor-heading-title elementor-size-default\">L'Union des Comores<\/h2>\t\t\t\t<\/div>\n\t\t\t\t<\/div>\n\t\t\t\t\t<\/div>\n\t\t\t\t<\/div>\n\t\t<div class=\"elementor-element elementor-element-4550df8 e-flex e-con-boxed wpr-particle-no wpr-jarallax-no wpr-parallax-no wpr-sticky-section-no wpr-equal-height-no e-con e-parent\" data-id=\"4550df8\" data-element_type=\"container\" data-e-type=\"container\">\n\t\t\t\t\t<div class=\"e-con-inner\">\n\t\t<div class=\"elementor-element elementor-element-4801401 e-con-full e-flex wpr-particle-no wpr-jarallax-no wpr-parallax-no wpr-sticky-section-no wpr-equal-height-no e-con e-child\" data-id=\"4801401\" data-element_type=\"container\" data-e-type=\"container\">\n\t\t\t\t<div class=\"elementor-element elementor-element-432ae43 elementor-widget elementor-widget-text-editor\" data-id=\"432ae43\" data-element_type=\"widget\" data-e-type=\"widget\" data-widget_type=\"text-editor.default\">\n\t\t\t\t<div class=\"elementor-widget-container\">\n\t\t\t\t\t\t\t\t\t<p style=\"text-align: left;\"><span style=\"font-weight: bold; color: var( --e-global-color-text ); font-family: var( --e-global-typography-text-font-family ), Sans-serif;\">Nature du r\u00e9gime\u00a0:<\/span><span style=\"color: var( --e-global-color-text ); font-family: var( --e-global-typography-text-font-family ), Sans-serif; font-weight: var( --e-global-typography-text-font-weight );\"> Pr\u00e9sidentiel<br \/><\/span><span style=\"font-weight: bold;\">Chef de l\u2019\u00c9tat et du gouvernement\u00a0:<\/span> M. Azali ASSOUMANI <em>(depuis le 26 mai 2016)<\/em><\/p><h4 style=\"text-align: left;\"><span style=\"color: #030303; font-family: Roboto; font-size: 24px; font-weight: 600;\">Administration fiscale<\/span><\/h4><p style=\"text-align: left;\">Administration g\u00e9n\u00e9rale des Imp\u00f4ts et des Domaines<\/p><p style=\"text-align: left;\"><span style=\"font-weight: bold;\">Directeur g\u00e9n\u00e9ral<\/span> : M. Ahmed DJAFFAR<br \/><span style=\"font-weight: bold;\">Site Internet: <\/span><a href=\"https:\/\/www.agid.gouv.km\/fr\">https:\/\/www.agid.gouv.km\/fr<\/a><\/p><h4 style=\"text-align: left;\"><span style=\"color: #030303; font-family: Roboto; font-size: 24px; font-weight: 600; text-align: justify;\">Les Comores en quelques chiffres<\/span><\/h4><p style=\"text-align: left;\"><span style=\"font-weight: bold;\">Capitale :<\/span>\u00a0Moroni<br \/><span style=\"font-weight: bold;\">Superficie :<\/span>\u00a02 236 km\u00b2<br \/><span style=\"font-weight: bold;\">Nombre d\u2019habitants :<\/span> 0,868 millions (Ined, 2024)<br \/><span style=\"font-weight: bold;\">PIB\/hab :<\/span> 1 380 US$ (FMI, 2024)<\/p><p style=\"text-align: left;\">L\u2019OCDE et le PNUD ont produit des publications sur les perspectives \u00e9conomiques des pays africains en partenariat avec la Banque africaine de d\u00e9veloppement.<\/p><p style=\"text-align: left;\">Pour en savoir plus sur la situation \u00e9conomique des Comores,\u00a0<a href=\"https:\/\/www.afdb.org\/fr\/countries\/east-africa\/comoros\/comoros-economic-outlook\">click here<\/a>.<\/p>\t\t\t\t\t\t\t\t<\/div>\n\t\t\t\t<\/div>\n\t\t\t\t<\/div>\n\t\t<div class=\"elementor-element elementor-element-eb02d3c e-con-full e-flex wpr-particle-no wpr-jarallax-no wpr-parallax-no wpr-sticky-section-no wpr-equal-height-no e-con e-child\" data-id=\"eb02d3c\" data-element_type=\"container\" data-e-type=\"container\">\n\t\t<div class=\"elementor-element elementor-element-4becbdd e-flex e-con-boxed wpr-particle-no wpr-jarallax-no wpr-parallax-no wpr-sticky-section-no wpr-equal-height-no e-con e-child\" data-id=\"4becbdd\" data-element_type=\"container\" data-e-type=\"container\">\n\t\t\t\t\t<div class=\"e-con-inner\">\n\t\t\t\t<div class=\"elementor-element elementor-element-353ec59 elementor-widget elementor-widget-image\" data-id=\"353ec59\" data-element_type=\"widget\" data-e-type=\"widget\" data-widget_type=\"image.default\">\n\t\t\t\t<div class=\"elementor-widget-container\">\n\t\t\t\t\t\t\t\t\t\t\t\t\t\t\t<img decoding=\"async\" width=\"125\" height=\"75\" src=\"https:\/\/credaf.org\/wp-content\/uploads\/2023\/08\/Comores.png\" class=\"attachment-large size-large wp-image-10162\" alt=\"\" \/>\t\t\t\t\t\t\t\t\t\t\t\t\t\t\t<\/div>\n\t\t\t\t<\/div>\n\t\t\t\t\t<\/div>\n\t\t\t\t<\/div>\n\t\t<div class=\"elementor-element elementor-element-fddf42b e-flex e-con-boxed wpr-particle-no wpr-jarallax-no wpr-parallax-no wpr-sticky-section-no wpr-equal-height-no e-con e-child\" data-id=\"fddf42b\" data-element_type=\"container\" data-e-type=\"container\">\n\t\t\t\t\t<div class=\"e-con-inner\">\n\t\t\t\t<div class=\"elementor-element elementor-element-98dc973 elementor-widget elementor-widget-image\" data-id=\"98dc973\" data-element_type=\"widget\" data-e-type=\"widget\" data-widget_type=\"image.default\">\n\t\t\t\t<div class=\"elementor-widget-container\">\n\t\t\t\t\t\t\t\t\t\t\t\t\t\t\t<img decoding=\"async\" width=\"135\" height=\"80\" src=\"https:\/\/credaf.org\/wp-content\/uploads\/2023\/08\/Comores_AGID-1.jpg\" class=\"attachment-large size-large wp-image-10163\" alt=\"\" \/>\t\t\t\t\t\t\t\t\t\t\t\t\t\t\t<\/div>\n\t\t\t\t<\/div>\n\t\t\t\t\t<\/div>\n\t\t\t\t<\/div>\n\t\t<div class=\"elementor-element elementor-element-022fd58 e-flex e-con-boxed wpr-particle-no wpr-jarallax-no wpr-parallax-no wpr-sticky-section-no wpr-equal-height-no e-con e-child\" data-id=\"022fd58\" data-element_type=\"container\" data-e-type=\"container\">\n\t\t\t\t\t<div class=\"e-con-inner\">\n\t\t\t\t<div class=\"elementor-element elementor-element-7ed12c9 elementor-widget elementor-widget-image\" data-id=\"7ed12c9\" data-element_type=\"widget\" data-e-type=\"widget\" data-widget_type=\"image.default\">\n\t\t\t\t<div class=\"elementor-widget-container\">\n\t\t\t\t\t\t\t\t\t\t\t\t\t\t\t<img fetchpriority=\"high\" decoding=\"async\" width=\"512\" height=\"427\" src=\"https:\/\/credaf.org\/wp-content\/uploads\/2023\/08\/Comores.gif\" class=\"attachment-large size-large wp-image-10161\" alt=\"\" \/>\t\t\t\t\t\t\t\t\t\t\t\t\t\t\t<\/div>\n\t\t\t\t<\/div>\n\t\t\t\t\t<\/div>\n\t\t\t\t<\/div>\n\t\t\t\t<\/div>\n\t\t\t\t\t<\/div>\n\t\t\t\t<\/div>\n\t\t\t\t<\/div>\n\t\t<!-- AddThis Advanced Settings generic via filter on the_content --><!-- AddThis Share Buttons generic via filter on the_content --><!-- AddThis Related Posts generic via filter on the_content -->","protected":false},"excerpt":{"rendered":"<p>L&rsquo;Union des Comores Nature du r\u00e9gime\u00a0: Pr\u00e9sidentielChef de l\u2019\u00c9tat et du gouvernement\u00a0: M. Azali ASSOUMANI (depuis le 26 mai 2016) Administration fiscale Administration g\u00e9n\u00e9rale des Imp\u00f4ts et des Domaines Directeur g\u00e9n\u00e9ral : M. Ahmed DJAFFARSite Internet: https:\/\/www.agid.gouv.km\/fr Les Comores en quelques chiffres Capitale :\u00a0MoroniSuperficie :\u00a02 236 km\u00b2Nombre d\u2019habitants : 0,868 millions (Ined, 2024)PIB\/hab : 1 380 US$ (FMI, 2024) L\u2019OCDE<\/p>","protected":false},"author":13,"featured_media":0,"parent":0,"menu_order":0,"comment_status":"closed","ping_status":"closed","template":"","meta":{"_acf_changed":false,"footnotes":""},"class_list":["post-384","page","type-page","status-publish","hentry"],"acf":[],"yoast_head":"<!-- This site is optimized with the Yoast SEO plugin v27.4 - https:\/\/yoast.com\/product\/yoast-seo-wordpress\/ -->\n<title>Comores -<\/title>\n<meta name=\"robots\" content=\"index, follow, max-snippet:-1, max-image-preview:large, max-video-preview:-1\" \/>\n<link rel=\"canonical\" href=\"https:\/\/credaf.org\/en\/comores\/\" \/>\n<meta property=\"og:locale\" content=\"en_US\" \/>\n<meta property=\"og:type\" content=\"article\" \/>\n<meta property=\"og:title\" content=\"Comores -\" \/>\n<meta property=\"og:description\" content=\"L&rsquo;Union des Comores Nature du r\u00e9gime\u00a0: Pr\u00e9sidentielChef de l\u2019\u00c9tat et du gouvernement\u00a0: M. Azali ASSOUMANI (depuis le 26 mai 2016) Administration fiscale Administration g\u00e9n\u00e9rale des Imp\u00f4ts et des Domaines Directeur g\u00e9n\u00e9ral : M. Ahmed DJAFFARSite Internet: https:\/\/www.agid.gouv.km\/fr Les Comores en quelques chiffres Capitale :\u00a0MoroniSuperficie :\u00a02 236 km\u00b2Nombre d\u2019habitants : 0,868 millions (Ined, 2024)PIB\/hab : 1 380 US$ (FMI, 2024) L\u2019OCDE\" \/>\n<meta property=\"og:url\" content=\"https:\/\/credaf.org\/en\/comores\/\" \/>\n<meta property=\"article:modified_time\" content=\"2024-06-24T08:48:22+00:00\" \/>\n<meta property=\"og:image\" content=\"https:\/\/credaf.org\/wp-content\/uploads\/2023\/08\/Comores.png\" \/>\n<meta name=\"twitter:card\" content=\"summary_large_image\" \/>\n<meta name=\"twitter:label1\" content=\"Est. reading time\" \/>\n\t<meta name=\"twitter:data1\" content=\"2 minutes\" \/>\n<script type=\"application\/ld+json\" class=\"yoast-schema-graph\">{\"@context\":\"https:\\\/\\\/schema.org\",\"@graph\":[{\"@type\":\"WebPage\",\"@id\":\"https:\\\/\\\/credaf.org\\\/comores\\\/\",\"url\":\"https:\\\/\\\/credaf.org\\\/comores\\\/\",\"name\":\"Comores -\",\"isPartOf\":{\"@id\":\"https:\\\/\\\/credaf.org\\\/#website\"},\"primaryImageOfPage\":{\"@id\":\"https:\\\/\\\/credaf.org\\\/comores\\\/#primaryimage\"},\"image\":{\"@id\":\"https:\\\/\\\/credaf.org\\\/comores\\\/#primaryimage\"},\"thumbnailUrl\":\"https:\\\/\\\/credaf.org\\\/wp-content\\\/uploads\\\/2023\\\/08\\\/Comores.png\",\"datePublished\":\"2016-08-29T00:06:26+00:00\",\"dateModified\":\"2024-06-24T08:48:22+00:00\",\"breadcrumb\":{\"@id\":\"https:\\\/\\\/credaf.org\\\/comores\\\/#breadcrumb\"},\"inLanguage\":\"en-US\",\"potentialAction\":[{\"@type\":\"ReadAction\",\"target\":[\"https:\\\/\\\/credaf.org\\\/comores\\\/\"]}]},{\"@type\":\"ImageObject\",\"inLanguage\":\"en-US\",\"@id\":\"https:\\\/\\\/credaf.org\\\/comores\\\/#primaryimage\",\"url\":\"https:\\\/\\\/credaf.org\\\/wp-content\\\/uploads\\\/2023\\\/08\\\/Comores.png\",\"contentUrl\":\"https:\\\/\\\/credaf.org\\\/wp-content\\\/uploads\\\/2023\\\/08\\\/Comores.png\"},{\"@type\":\"BreadcrumbList\",\"@id\":\"https:\\\/\\\/credaf.org\\\/comores\\\/#breadcrumb\",\"itemListElement\":[{\"@type\":\"ListItem\",\"position\":1,\"name\":\"Accueil\",\"item\":\"https:\\\/\\\/credaf.org\\\/\"},{\"@type\":\"ListItem\",\"position\":2,\"name\":\"Comores\"}]},{\"@type\":\"WebSite\",\"@id\":\"https:\\\/\\\/credaf.org\\\/#website\",\"url\":\"https:\\\/\\\/credaf.org\\\/\",\"name\":\"\",\"description\":\"\",\"potentialAction\":[{\"@type\":\"SearchAction\",\"target\":{\"@type\":\"EntryPoint\",\"urlTemplate\":\"https:\\\/\\\/credaf.org\\\/?s={search_term_string}\"},\"query-input\":{\"@type\":\"PropertyValueSpecification\",\"valueRequired\":true,\"valueName\":\"search_term_string\"}}],\"inLanguage\":\"en-US\"}]}<\/script>\n<!-- \/ Yoast SEO plugin. -->","yoast_head_json":{"title":"Comores -","robots":{"index":"index","follow":"follow","max-snippet":"max-snippet:-1","max-image-preview":"max-image-preview:large","max-video-preview":"max-video-preview:-1"},"canonical":"https:\/\/credaf.org\/en\/comores\/","og_locale":"en_US","og_type":"article","og_title":"Comores -","og_description":"L&rsquo;Union des Comores Nature du r\u00e9gime\u00a0: Pr\u00e9sidentielChef de l\u2019\u00c9tat et du gouvernement\u00a0: M. Azali ASSOUMANI (depuis le 26 mai 2016) Administration fiscale Administration g\u00e9n\u00e9rale des Imp\u00f4ts et des Domaines Directeur g\u00e9n\u00e9ral : M. Ahmed DJAFFARSite Internet: https:\/\/www.agid.gouv.km\/fr Les Comores en quelques chiffres Capitale :\u00a0MoroniSuperficie :\u00a02 236 km\u00b2Nombre d\u2019habitants : 0,868 millions (Ined, 2024)PIB\/hab : 1 380 US$ (FMI, 2024) L\u2019OCDE","og_url":"https:\/\/credaf.org\/en\/comores\/","article_modified_time":"2024-06-24T08:48:22+00:00","og_image":[{"url":"https:\/\/credaf.org\/wp-content\/uploads\/2023\/08\/Comores.png","type":"","width":"","height":""}],"twitter_card":"summary_large_image","twitter_misc":{"Est. reading time":"2 minutes"},"schema":{"@context":"https:\/\/schema.org","@graph":[{"@type":"WebPage","@id":"https:\/\/credaf.org\/comores\/","url":"https:\/\/credaf.org\/comores\/","name":"Comores -","isPartOf":{"@id":"https:\/\/credaf.org\/#website"},"primaryImageOfPage":{"@id":"https:\/\/credaf.org\/comores\/#primaryimage"},"image":{"@id":"https:\/\/credaf.org\/comores\/#primaryimage"},"thumbnailUrl":"https:\/\/credaf.org\/wp-content\/uploads\/2023\/08\/Comores.png","datePublished":"2016-08-29T00:06:26+00:00","dateModified":"2024-06-24T08:48:22+00:00","breadcrumb":{"@id":"https:\/\/credaf.org\/comores\/#breadcrumb"},"inLanguage":"en-US","potentialAction":[{"@type":"ReadAction","target":["https:\/\/credaf.org\/comores\/"]}]},{"@type":"ImageObject","inLanguage":"en-US","@id":"https:\/\/credaf.org\/comores\/#primaryimage","url":"https:\/\/credaf.org\/wp-content\/uploads\/2023\/08\/Comores.png","contentUrl":"https:\/\/credaf.org\/wp-content\/uploads\/2023\/08\/Comores.png"},{"@type":"BreadcrumbList","@id":"https:\/\/credaf.org\/comores\/#breadcrumb","itemListElement":[{"@type":"ListItem","position":1,"name":"Accueil","item":"https:\/\/credaf.org\/"},{"@type":"ListItem","position":2,"name":"Comores"}]},{"@type":"WebSite","@id":"https:\/\/credaf.org\/#website","url":"https:\/\/credaf.org\/","name":"","description":"","potentialAction":[{"@type":"SearchAction","target":{"@type":"EntryPoint","urlTemplate":"https:\/\/credaf.org\/?s={search_term_string}"},"query-input":{"@type":"PropertyValueSpecification","valueRequired":true,"valueName":"search_term_string"}}],"inLanguage":"en-US"}]}},"rttpg_featured_image_url":null,"rttpg_author":{"display_name":"sgcredaf","author_link":"https:\/\/credaf.org\/en\/author\/sgcredaf\/"},"rttpg_comment":0,"rttpg_category":null,"rttpg_excerpt":"L&rsquo;Union des Comores Nature du r\u00e9gime\u00a0: Pr\u00e9sidentielChef de l\u2019\u00c9tat et du gouvernement\u00a0: M. Azali ASSOUMANI (depuis le 26 mai 2016) Administration fiscale Administration g\u00e9n\u00e9rale des Imp\u00f4ts et des Domaines Directeur g\u00e9n\u00e9ral : M. Ahmed DJAFFARSite Internet: https:\/\/www.agid.gouv.km\/fr Les Comores en quelques chiffres Capitale :\u00a0MoroniSuperficie :\u00a02 236 km\u00b2Nombre d\u2019habitants : 0,868 millions (Ined, 2024)PIB\/hab : 1&hellip;","_links":{"self":[{"href":"https:\/\/credaf.org\/en\/wp-json\/wp\/v2\/pages\/384","targetHints":{"allow":["GET"]}}],"collection":[{"href":"https:\/\/credaf.org\/en\/wp-json\/wp\/v2\/pages"}],"about":[{"href":"https:\/\/credaf.org\/en\/wp-json\/wp\/v2\/types\/page"}],"author":[{"embeddable":true,"href":"https:\/\/credaf.org\/en\/wp-json\/wp\/v2\/users\/13"}],"replies":[{"embeddable":true,"href":"https:\/\/credaf.org\/en\/wp-json\/wp\/v2\/comments?post=384"}],"version-history":[{"count":0,"href":"https:\/\/credaf.org\/en\/wp-json\/wp\/v2\/pages\/384\/revisions"}],"wp:attachment":[{"href":"https:\/\/credaf.org\/en\/wp-json\/wp\/v2\/media?parent=384"}],"curies":[{"name":"wp","href":"https:\/\/api.w.org\/{rel}","templated":true}]}}