{"id":386,"date":"2016-08-29T02:06:27","date_gmt":"2016-08-29T00:06:27","guid":{"rendered":"http:\/\/credaf.org\/?page_id=386"},"modified":"2024-06-24T10:57:17","modified_gmt":"2024-06-24T08:57:17","slug":"cote-divoire","status":"publish","type":"page","link":"https:\/\/credaf.org\/en\/cote-divoire\/","title":{"rendered":"Ivory Coast"},"content":{"rendered":"<div data-elementor-type=\"wp-page\" data-elementor-id=\"386\" class=\"elementor elementor-386\">\n\t\t\t\t<div class=\"elementor-element elementor-element-27f0f71 e-flex e-con-boxed wpr-particle-no wpr-jarallax-no wpr-parallax-no wpr-sticky-section-no wpr-equal-height-no e-con e-parent\" data-id=\"27f0f71\" data-element_type=\"container\" data-e-type=\"container\">\n\t\t\t\t\t<div class=\"e-con-inner\">\n\t\t\t\t<div class=\"elementor-element elementor-element-f96ceb4 elementor-widget elementor-widget-heading\" data-id=\"f96ceb4\" data-element_type=\"widget\" data-e-type=\"widget\" data-widget_type=\"heading.default\">\n\t\t\t\t<div class=\"elementor-widget-container\">\n\t\t\t\t\t<h2 class=\"elementor-heading-title elementor-size-default\">La R\u00e9publique de C\u00f4te d'Ivoire<\/h2>\t\t\t\t<\/div>\n\t\t\t\t<\/div>\n\t\t\t\t\t<\/div>\n\t\t\t\t<\/div>\n\t\t<div class=\"elementor-element elementor-element-2618994 e-flex e-con-boxed wpr-particle-no wpr-jarallax-no wpr-parallax-no wpr-sticky-section-no wpr-equal-height-no e-con e-parent\" data-id=\"2618994\" data-element_type=\"container\" data-e-type=\"container\">\n\t\t\t\t\t<div class=\"e-con-inner\">\n\t\t<div class=\"elementor-element elementor-element-04d9a3b e-con-full e-flex wpr-particle-no wpr-jarallax-no wpr-parallax-no wpr-sticky-section-no wpr-equal-height-no e-con e-child\" data-id=\"04d9a3b\" data-element_type=\"container\" data-e-type=\"container\">\n\t\t\t\t<div class=\"elementor-element elementor-element-4c7d445 elementor-widget elementor-widget-text-editor\" data-id=\"4c7d445\" data-element_type=\"widget\" data-e-type=\"widget\" data-widget_type=\"text-editor.default\">\n\t\t\t\t<div class=\"elementor-widget-container\">\n\t\t\t\t\t\t\t\t\t<p style=\"text-align: left;\"><span style=\"font-weight: bold; color: var( --e-global-color-text ); font-family: var( --e-global-typography-text-font-family ), Sans-serif;\">Gouvernement :<\/span><span style=\"color: var( --e-global-color-text ); font-family: var( --e-global-typography-text-font-family ), Sans-serif; font-weight: var( --e-global-typography-text-font-weight );\"> R\u00e9publique unitaire pr\u00e9sidentielle<br \/><\/span><span style=\"font-weight: bold;\">Pr\u00e9sident :<\/span>\u00a0M. Alassane OUATTARA<br \/><span style=\"font-weight: bold;\">Premier Ministre :<\/span> M. Robert BEUGR\u00c9 MAMB\u00c9<\/p><h4 style=\"text-align: left;\">Administration fiscale :<\/h4><p style=\"text-align: left;\">Direction g\u00e9n\u00e9rale du Tr\u00e9sor et de la Comptabilit\u00e9 publique<\/p><p style=\"text-align: left;\"><span style=\"font-weight: bold;\">Directeur g\u00e9n\u00e9ral<\/span>\u00a0: <span class=\"JsGRdQ\">M. Si\u00e9 Abou OUATTARA<\/span><\/p><p style=\"text-align: left;\"><span style=\"font-weight: bold;\">Site Internet: <\/span><a href=\"https:\/\/www.tresor.gouv.ci\/\">https:\/\/www.tresor.gouv.ci\/<\/a><\/p><h4 style=\"text-align: left;\">La C\u00f4te d&rsquo;Ivoire en quelques chiffres<\/h4><p style=\"text-align: left;\"><span style=\"font-weight: bold;\">Capitale :<\/span>\u00a0Yamoussoukro<br \/><span style=\"font-weight: bold;\">Superficie :<\/span>\u00a0322 462 km\u00b2<br \/><span style=\"font-weight: bold;\">Nombre d\u2019habitants<\/span> : 29,603 millions (Ined, 2024)<br \/><span style=\"font-weight: bold;\">PIB\/hab (estimation) :<\/span> 2 720 US$ (FMI, 2024)<\/p><p style=\"text-align: left;\">L\u2019OCDE et le PNUD ont produit des publications sur les perspectives \u00e9conomiques des pays africains en partenariat avec la Banque africaine de d\u00e9veloppement.<\/p><p style=\"text-align: left;\">Pour en savoir plus sur la situation \u00e9conomique de la C\u00f4te d\u2019Ivoire,\u00a0<a href=\"https:\/\/www.afdb.org\/fr\/pays-afrique-de-louest\/cote-divoire\">click here<\/a>.<\/p>\t\t\t\t\t\t\t\t<\/div>\n\t\t\t\t<\/div>\n\t\t\t\t<\/div>\n\t\t<div class=\"elementor-element elementor-element-c6e857c e-con-full e-flex wpr-particle-no wpr-jarallax-no wpr-parallax-no wpr-sticky-section-no wpr-equal-height-no e-con e-child\" data-id=\"c6e857c\" data-element_type=\"container\" data-e-type=\"container\">\n\t\t<div class=\"elementor-element elementor-element-f194c86 e-flex e-con-boxed wpr-particle-no wpr-jarallax-no wpr-parallax-no wpr-sticky-section-no wpr-equal-height-no e-con e-child\" data-id=\"f194c86\" data-element_type=\"container\" data-e-type=\"container\">\n\t\t\t\t\t<div class=\"e-con-inner\">\n\t\t\t\t<div class=\"elementor-element elementor-element-a26ab16 elementor-widget elementor-widget-image\" data-id=\"a26ab16\" data-element_type=\"widget\" data-e-type=\"widget\" data-widget_type=\"image.default\">\n\t\t\t\t<div class=\"elementor-widget-container\">\n\t\t\t\t\t\t\t\t\t\t\t\t\t\t\t<img fetchpriority=\"high\" decoding=\"async\" width=\"300\" height=\"200\" src=\"https:\/\/credaf.org\/wp-content\/uploads\/2023\/08\/COTEdIVOIRE-300x200.gif\" class=\"attachment-medium size-medium wp-image-10143\" alt=\"\" \/>\t\t\t\t\t\t\t\t\t\t\t\t\t\t\t<\/div>\n\t\t\t\t<\/div>\n\t\t\t\t\t<\/div>\n\t\t\t\t<\/div>\n\t\t<div class=\"elementor-element elementor-element-b058f70 e-flex e-con-boxed wpr-particle-no wpr-jarallax-no wpr-parallax-no wpr-sticky-section-no wpr-equal-height-no e-con e-child\" data-id=\"b058f70\" data-element_type=\"container\" data-e-type=\"container\">\n\t\t\t\t\t<div class=\"e-con-inner\">\n\t\t\t\t<div class=\"elementor-element elementor-element-51a1eb5 elementor-widget elementor-widget-image\" data-id=\"51a1eb5\" data-element_type=\"widget\" data-e-type=\"widget\" data-widget_type=\"image.default\">\n\t\t\t\t<div class=\"elementor-widget-container\">\n\t\t\t\t\t\t\t\t\t\t\t\t\t\t\t<img decoding=\"async\" width=\"162\" height=\"119\" src=\"https:\/\/credaf.org\/wp-content\/uploads\/2023\/08\/Cote-dIvoire_DGI-1.jpg\" class=\"attachment-large size-large wp-image-10144\" alt=\"\" srcset=\"https:\/\/credaf.org\/wp-content\/uploads\/2023\/08\/Cote-dIvoire_DGI-1.jpg 162w, https:\/\/credaf.org\/wp-content\/uploads\/2023\/08\/Cote-dIvoire_DGI-1-80x60.jpg 80w\" sizes=\"(max-width: 162px) 100vw, 162px\" \/>\t\t\t\t\t\t\t\t\t\t\t\t\t\t\t<\/div>\n\t\t\t\t<\/div>\n\t\t\t\t\t<\/div>\n\t\t\t\t<\/div>\n\t\t<div class=\"elementor-element elementor-element-75540f0 e-flex e-con-boxed wpr-particle-no wpr-jarallax-no wpr-parallax-no wpr-sticky-section-no wpr-equal-height-no e-con e-child\" data-id=\"75540f0\" data-element_type=\"container\" data-e-type=\"container\">\n\t\t\t\t\t<div class=\"e-con-inner\">\n\t\t\t\t<div class=\"elementor-element elementor-element-d88a561 elementor-widget elementor-widget-image\" data-id=\"d88a561\" data-element_type=\"widget\" data-e-type=\"widget\" data-widget_type=\"image.default\">\n\t\t\t\t<div class=\"elementor-widget-container\">\n\t\t\t\t\t\t\t\t\t\t\t\t\t\t\t<img decoding=\"async\" width=\"720\" height=\"720\" src=\"https:\/\/credaf.org\/wp-content\/uploads\/2023\/08\/COTE_D_IVOIRE.jpg\" class=\"attachment-large size-large wp-image-10145\" alt=\"\" srcset=\"https:\/\/credaf.org\/wp-content\/uploads\/2023\/08\/COTE_D_IVOIRE.jpg 888w, https:\/\/credaf.org\/wp-content\/uploads\/2023\/08\/COTE_D_IVOIRE-300x300.jpg 300w, https:\/\/credaf.org\/wp-content\/uploads\/2023\/08\/COTE_D_IVOIRE-100x100.jpg 100w, https:\/\/credaf.org\/wp-content\/uploads\/2023\/08\/COTE_D_IVOIRE-600x600.jpg 600w, https:\/\/credaf.org\/wp-content\/uploads\/2023\/08\/COTE_D_IVOIRE-150x150.jpg 150w, https:\/\/credaf.org\/wp-content\/uploads\/2023\/08\/COTE_D_IVOIRE-768x768.jpg 768w\" sizes=\"(max-width: 720px) 100vw, 720px\" \/>\t\t\t\t\t\t\t\t\t\t\t\t\t\t\t<\/div>\n\t\t\t\t<\/div>\n\t\t\t\t\t<\/div>\n\t\t\t\t<\/div>\n\t\t\t\t<\/div>\n\t\t\t\t\t<\/div>\n\t\t\t\t<\/div>\n\t\t\t\t<\/div>\n\t\t<!-- AddThis Advanced Settings generic via filter on the_content --><!-- AddThis Share Buttons generic via filter on the_content --><!-- AddThis Related Posts generic via filter on the_content -->","protected":false},"excerpt":{"rendered":"<p>La R\u00e9publique de C\u00f4te d&rsquo;Ivoire Gouvernement : R\u00e9publique unitaire pr\u00e9sidentiellePr\u00e9sident :\u00a0M. Alassane OUATTARAPremier Ministre : M. Robert BEUGR\u00c9 MAMB\u00c9 Administration fiscale : Direction g\u00e9n\u00e9rale du Tr\u00e9sor et de la Comptabilit\u00e9 publique Directeur g\u00e9n\u00e9ral\u00a0: M. Si\u00e9 Abou OUATTARA Site Internet: https:\/\/www.tresor.gouv.ci\/ La C\u00f4te d&rsquo;Ivoire en quelques chiffres Capitale :\u00a0YamoussoukroSuperficie :\u00a0322 462 km\u00b2Nombre d\u2019habitants : 29,603 millions (Ined, 2024)PIB\/hab (estimation) : 2<\/p>","protected":false},"author":13,"featured_media":0,"parent":0,"menu_order":0,"comment_status":"closed","ping_status":"closed","template":"","meta":{"_acf_changed":false,"footnotes":""},"class_list":["post-386","page","type-page","status-publish","hentry"],"acf":[],"yoast_head":"<!-- This site is optimized with the Yoast SEO plugin v27.4 - https:\/\/yoast.com\/product\/yoast-seo-wordpress\/ -->\n<title>C\u00f4te d&#039;Ivoire -<\/title>\n<meta name=\"robots\" content=\"index, follow, max-snippet:-1, max-image-preview:large, max-video-preview:-1\" \/>\n<link rel=\"canonical\" href=\"https:\/\/credaf.org\/en\/cote-divoire\/\" \/>\n<meta property=\"og:locale\" content=\"en_US\" \/>\n<meta property=\"og:type\" content=\"article\" \/>\n<meta property=\"og:title\" content=\"C\u00f4te d&#039;Ivoire -\" \/>\n<meta property=\"og:description\" content=\"La R\u00e9publique de C\u00f4te d&rsquo;Ivoire Gouvernement : R\u00e9publique unitaire pr\u00e9sidentiellePr\u00e9sident :\u00a0M. Alassane OUATTARAPremier Ministre : M. Robert BEUGR\u00c9 MAMB\u00c9 Administration fiscale : Direction g\u00e9n\u00e9rale du Tr\u00e9sor et de la Comptabilit\u00e9 publique Directeur g\u00e9n\u00e9ral\u00a0: M. Si\u00e9 Abou OUATTARA Site Internet: https:\/\/www.tresor.gouv.ci\/ La C\u00f4te d&rsquo;Ivoire en quelques chiffres Capitale :\u00a0YamoussoukroSuperficie :\u00a0322 462 km\u00b2Nombre d\u2019habitants : 29,603 millions (Ined, 2024)PIB\/hab (estimation) : 2\" \/>\n<meta property=\"og:url\" content=\"https:\/\/credaf.org\/en\/cote-divoire\/\" \/>\n<meta property=\"article:modified_time\" content=\"2024-06-24T08:57:17+00:00\" \/>\n<meta property=\"og:image\" content=\"https:\/\/credaf.org\/wp-content\/uploads\/2023\/08\/COTEdIVOIRE-300x200.gif\" \/>\n<meta name=\"twitter:card\" content=\"summary_large_image\" \/>\n<meta name=\"twitter:label1\" content=\"Est. reading time\" \/>\n\t<meta name=\"twitter:data1\" content=\"2 minutes\" \/>\n<script type=\"application\/ld+json\" class=\"yoast-schema-graph\">{\"@context\":\"https:\\\/\\\/schema.org\",\"@graph\":[{\"@type\":\"WebPage\",\"@id\":\"https:\\\/\\\/credaf.org\\\/cote-divoire\\\/\",\"url\":\"https:\\\/\\\/credaf.org\\\/cote-divoire\\\/\",\"name\":\"C\u00f4te d'Ivoire -\",\"isPartOf\":{\"@id\":\"https:\\\/\\\/credaf.org\\\/#website\"},\"primaryImageOfPage\":{\"@id\":\"https:\\\/\\\/credaf.org\\\/cote-divoire\\\/#primaryimage\"},\"image\":{\"@id\":\"https:\\\/\\\/credaf.org\\\/cote-divoire\\\/#primaryimage\"},\"thumbnailUrl\":\"https:\\\/\\\/credaf.org\\\/wp-content\\\/uploads\\\/2023\\\/08\\\/COTEdIVOIRE-300x200.gif\",\"datePublished\":\"2016-08-29T00:06:27+00:00\",\"dateModified\":\"2024-06-24T08:57:17+00:00\",\"breadcrumb\":{\"@id\":\"https:\\\/\\\/credaf.org\\\/cote-divoire\\\/#breadcrumb\"},\"inLanguage\":\"en-US\",\"potentialAction\":[{\"@type\":\"ReadAction\",\"target\":[\"https:\\\/\\\/credaf.org\\\/cote-divoire\\\/\"]}]},{\"@type\":\"ImageObject\",\"inLanguage\":\"en-US\",\"@id\":\"https:\\\/\\\/credaf.org\\\/cote-divoire\\\/#primaryimage\",\"url\":\"https:\\\/\\\/credaf.org\\\/wp-content\\\/uploads\\\/2023\\\/08\\\/COTEdIVOIRE-300x200.gif\",\"contentUrl\":\"https:\\\/\\\/credaf.org\\\/wp-content\\\/uploads\\\/2023\\\/08\\\/COTEdIVOIRE-300x200.gif\"},{\"@type\":\"BreadcrumbList\",\"@id\":\"https:\\\/\\\/credaf.org\\\/cote-divoire\\\/#breadcrumb\",\"itemListElement\":[{\"@type\":\"ListItem\",\"position\":1,\"name\":\"Accueil\",\"item\":\"https:\\\/\\\/credaf.org\\\/\"},{\"@type\":\"ListItem\",\"position\":2,\"name\":\"C\u00f4te d&rsquo;Ivoire\"}]},{\"@type\":\"WebSite\",\"@id\":\"https:\\\/\\\/credaf.org\\\/#website\",\"url\":\"https:\\\/\\\/credaf.org\\\/\",\"name\":\"\",\"description\":\"\",\"potentialAction\":[{\"@type\":\"SearchAction\",\"target\":{\"@type\":\"EntryPoint\",\"urlTemplate\":\"https:\\\/\\\/credaf.org\\\/?s={search_term_string}\"},\"query-input\":{\"@type\":\"PropertyValueSpecification\",\"valueRequired\":true,\"valueName\":\"search_term_string\"}}],\"inLanguage\":\"en-US\"}]}<\/script>\n<!-- \/ Yoast SEO plugin. -->","yoast_head_json":{"title":"C\u00f4te d'Ivoire -","robots":{"index":"index","follow":"follow","max-snippet":"max-snippet:-1","max-image-preview":"max-image-preview:large","max-video-preview":"max-video-preview:-1"},"canonical":"https:\/\/credaf.org\/en\/cote-divoire\/","og_locale":"en_US","og_type":"article","og_title":"C\u00f4te d'Ivoire -","og_description":"La R\u00e9publique de C\u00f4te d&rsquo;Ivoire Gouvernement : R\u00e9publique unitaire pr\u00e9sidentiellePr\u00e9sident :\u00a0M. Alassane OUATTARAPremier Ministre : M. Robert BEUGR\u00c9 MAMB\u00c9 Administration fiscale : Direction g\u00e9n\u00e9rale du Tr\u00e9sor et de la Comptabilit\u00e9 publique Directeur g\u00e9n\u00e9ral\u00a0: M. Si\u00e9 Abou OUATTARA Site Internet: https:\/\/www.tresor.gouv.ci\/ La C\u00f4te d&rsquo;Ivoire en quelques chiffres Capitale :\u00a0YamoussoukroSuperficie :\u00a0322 462 km\u00b2Nombre d\u2019habitants : 29,603 millions (Ined, 2024)PIB\/hab (estimation) : 2","og_url":"https:\/\/credaf.org\/en\/cote-divoire\/","article_modified_time":"2024-06-24T08:57:17+00:00","og_image":[{"url":"https:\/\/credaf.org\/wp-content\/uploads\/2023\/08\/COTEdIVOIRE-300x200.gif","type":"","width":"","height":""}],"twitter_card":"summary_large_image","twitter_misc":{"Est. reading time":"2 minutes"},"schema":{"@context":"https:\/\/schema.org","@graph":[{"@type":"WebPage","@id":"https:\/\/credaf.org\/cote-divoire\/","url":"https:\/\/credaf.org\/cote-divoire\/","name":"C\u00f4te d'Ivoire -","isPartOf":{"@id":"https:\/\/credaf.org\/#website"},"primaryImageOfPage":{"@id":"https:\/\/credaf.org\/cote-divoire\/#primaryimage"},"image":{"@id":"https:\/\/credaf.org\/cote-divoire\/#primaryimage"},"thumbnailUrl":"https:\/\/credaf.org\/wp-content\/uploads\/2023\/08\/COTEdIVOIRE-300x200.gif","datePublished":"2016-08-29T00:06:27+00:00","dateModified":"2024-06-24T08:57:17+00:00","breadcrumb":{"@id":"https:\/\/credaf.org\/cote-divoire\/#breadcrumb"},"inLanguage":"en-US","potentialAction":[{"@type":"ReadAction","target":["https:\/\/credaf.org\/cote-divoire\/"]}]},{"@type":"ImageObject","inLanguage":"en-US","@id":"https:\/\/credaf.org\/cote-divoire\/#primaryimage","url":"https:\/\/credaf.org\/wp-content\/uploads\/2023\/08\/COTEdIVOIRE-300x200.gif","contentUrl":"https:\/\/credaf.org\/wp-content\/uploads\/2023\/08\/COTEdIVOIRE-300x200.gif"},{"@type":"BreadcrumbList","@id":"https:\/\/credaf.org\/cote-divoire\/#breadcrumb","itemListElement":[{"@type":"ListItem","position":1,"name":"Accueil","item":"https:\/\/credaf.org\/"},{"@type":"ListItem","position":2,"name":"C\u00f4te d&rsquo;Ivoire"}]},{"@type":"WebSite","@id":"https:\/\/credaf.org\/#website","url":"https:\/\/credaf.org\/","name":"","description":"","potentialAction":[{"@type":"SearchAction","target":{"@type":"EntryPoint","urlTemplate":"https:\/\/credaf.org\/?s={search_term_string}"},"query-input":{"@type":"PropertyValueSpecification","valueRequired":true,"valueName":"search_term_string"}}],"inLanguage":"en-US"}]}},"rttpg_featured_image_url":null,"rttpg_author":{"display_name":"sgcredaf","author_link":"https:\/\/credaf.org\/en\/author\/sgcredaf\/"},"rttpg_comment":0,"rttpg_category":null,"rttpg_excerpt":"La R\u00e9publique de C\u00f4te d&rsquo;Ivoire Gouvernement : R\u00e9publique unitaire pr\u00e9sidentiellePr\u00e9sident :\u00a0M. Alassane OUATTARAPremier Ministre : M. Robert BEUGR\u00c9 MAMB\u00c9 Administration fiscale : Direction g\u00e9n\u00e9rale du Tr\u00e9sor et de la Comptabilit\u00e9 publique Directeur g\u00e9n\u00e9ral\u00a0: M. Si\u00e9 Abou OUATTARA Site Internet: https:\/\/www.tresor.gouv.ci\/ La C\u00f4te d&rsquo;Ivoire en quelques chiffres Capitale :\u00a0YamoussoukroSuperficie :\u00a0322 462 km\u00b2Nombre d\u2019habitants : 29,603 millions&hellip;","_links":{"self":[{"href":"https:\/\/credaf.org\/en\/wp-json\/wp\/v2\/pages\/386","targetHints":{"allow":["GET"]}}],"collection":[{"href":"https:\/\/credaf.org\/en\/wp-json\/wp\/v2\/pages"}],"about":[{"href":"https:\/\/credaf.org\/en\/wp-json\/wp\/v2\/types\/page"}],"author":[{"embeddable":true,"href":"https:\/\/credaf.org\/en\/wp-json\/wp\/v2\/users\/13"}],"replies":[{"embeddable":true,"href":"https:\/\/credaf.org\/en\/wp-json\/wp\/v2\/comments?post=386"}],"version-history":[{"count":0,"href":"https:\/\/credaf.org\/en\/wp-json\/wp\/v2\/pages\/386\/revisions"}],"wp:attachment":[{"href":"https:\/\/credaf.org\/en\/wp-json\/wp\/v2\/media?parent=386"}],"curies":[{"name":"wp","href":"https:\/\/api.w.org\/{rel}","templated":true}]}}