{"id":387,"date":"2016-08-29T02:06:28","date_gmt":"2016-08-29T00:06:28","guid":{"rendered":"http:\/\/credaf.org\/?page_id=387"},"modified":"2024-06-24T10:54:07","modified_gmt":"2024-06-24T08:54:07","slug":"djibouti","status":"publish","type":"page","link":"https:\/\/credaf.org\/en\/djibouti\/","title":{"rendered":"Djibouti"},"content":{"rendered":"<div data-elementor-type=\"wp-page\" data-elementor-id=\"387\" class=\"elementor elementor-387\">\n\t\t\t\t<div class=\"elementor-element elementor-element-762cab9 e-flex e-con-boxed wpr-particle-no wpr-jarallax-no wpr-parallax-no wpr-sticky-section-no wpr-equal-height-no e-con e-parent\" data-id=\"762cab9\" data-element_type=\"container\" data-e-type=\"container\">\n\t\t\t\t\t<div class=\"e-con-inner\">\n\t\t\t\t<div class=\"elementor-element elementor-element-1be028e elementor-widget elementor-widget-heading\" data-id=\"1be028e\" data-element_type=\"widget\" data-e-type=\"widget\" data-widget_type=\"heading.default\">\n\t\t\t\t<div class=\"elementor-widget-container\">\n\t\t\t\t\t<h2 class=\"elementor-heading-title elementor-size-default\">La R\u00e9publique de Djibouti<\/h2>\t\t\t\t<\/div>\n\t\t\t\t<\/div>\n\t\t\t\t\t<\/div>\n\t\t\t\t<\/div>\n\t\t<div class=\"elementor-element elementor-element-e9027bd e-flex e-con-boxed wpr-particle-no wpr-jarallax-no wpr-parallax-no wpr-sticky-section-no wpr-equal-height-no e-con e-parent\" data-id=\"e9027bd\" data-element_type=\"container\" data-e-type=\"container\">\n\t\t\t\t\t<div class=\"e-con-inner\">\n\t\t<div class=\"elementor-element elementor-element-86c89ee e-con-full e-flex wpr-particle-no wpr-jarallax-no wpr-parallax-no wpr-sticky-section-no wpr-equal-height-no e-con e-child\" data-id=\"86c89ee\" data-element_type=\"container\" data-e-type=\"container\">\n\t\t\t\t<div class=\"elementor-element elementor-element-f0a9ec3 elementor-widget elementor-widget-text-editor\" data-id=\"f0a9ec3\" data-element_type=\"widget\" data-e-type=\"widget\" data-widget_type=\"text-editor.default\">\n\t\t\t\t<div class=\"elementor-widget-container\">\n\t\t\t\t\t\t\t\t\t<p style=\"text-align: left;\"><span style=\"font-weight: bold; color: var( --e-global-color-text ); font-family: var( --e-global-typography-text-font-family ), Sans-serif;\">R\u00e9gime :<\/span><span style=\"color: var( --e-global-color-text ); font-family: var( --e-global-typography-text-font-family ), Sans-serif; font-weight: var( --e-global-typography-text-font-weight );\">\u00a0Semi-pr\u00e9sidentiel<br \/><\/span><span style=\"font-weight: bold;\">Chef de l\u2019Etat\u00a0:<\/span>\u00a0M. Ismail Omar GUELLEH <em>(1999, 2005, 2011)<br \/><\/em><span style=\"font-weight: bold;\">Premier ministre\u00a0:<\/span>\u00a0M. Abdoulkader Kamil MOHAMED<\/p><h4 style=\"text-align: left;\">Administration fiscale<\/h4><p style=\"text-align: left;\">Direction nationale du Tr\u00e9sor et de la Comptabilit\u00e9 publique<\/p><p style=\"text-align: left;\"><span style=\"font-weight: bold;\">Directeur g\u00e9n\u00e9ral :<\/span> <span class=\"JsGRdQ\">M.Mohamed Moussa Robleh<\/span><\/p><p style=\"text-align: left;\"><span style=\"font-weight: bold;\">Site Internet: <\/span><a href=\"http:\/\/www.ministere-finances.dj\/le_ministere_organitresor.html\">http:\/\/www.ministere-finances.dj\/<\/a><\/p><h4 style=\"text-align: left;\">Djibouti en quelques chiffres<\/h4><p style=\"text-align: left;\"><span style=\"font-weight: bold;\">Capitale :<\/span>\u00a0Djibouti-ville<br \/><span style=\"font-weight: bold;\">Superficie :<\/span>\u00a023 000 km\u00b2<br \/><span style=\"font-weight: bold;\">Nombre d&rsquo;habitants<\/span> : 1,152 million (Ined, 2024)<br \/><span style=\"font-weight: bold;\">PIB\/hab (estimation) :<\/span> 4 180 US$ (FMI, 2024)<\/p><p style=\"text-align: left;\">Nos partenaires que sont l\u2019OCDE et le PNUD, r\u00e9digent, en collaboration avec le Groupe de la Banque Africaine de D\u00e9veloppement, des publications sur les perspectives \u00e9conomiques des pays africains.<\/p><p style=\"text-align: left;\">Pour en savoir plus sur l\u2019\u00e9volution de la conjoncture \u00e9conomique de Djibouti,\u00a0<a href=\"http:\/\/www.africaneconomicoutlook.org\/fr\/notes-pays\/djibouti\" target=\"_blank\" rel=\"noopener noreferrer\">click here<\/a>.<\/p>\t\t\t\t\t\t\t\t<\/div>\n\t\t\t\t<\/div>\n\t\t\t\t<\/div>\n\t\t<div class=\"elementor-element elementor-element-bf68ffa e-con-full e-flex wpr-particle-no wpr-jarallax-no wpr-parallax-no wpr-sticky-section-no wpr-equal-height-no e-con e-child\" data-id=\"bf68ffa\" data-element_type=\"container\" data-e-type=\"container\">\n\t\t<div class=\"elementor-element elementor-element-21cfd63 e-flex e-con-boxed wpr-particle-no wpr-jarallax-no wpr-parallax-no wpr-sticky-section-no wpr-equal-height-no e-con e-child\" data-id=\"21cfd63\" data-element_type=\"container\" data-e-type=\"container\">\n\t\t\t\t\t<div class=\"e-con-inner\">\n\t\t\t\t<div class=\"elementor-element elementor-element-06c36f2 elementor-widget elementor-widget-image\" data-id=\"06c36f2\" data-element_type=\"widget\" data-e-type=\"widget\" data-widget_type=\"image.default\">\n\t\t\t\t<div class=\"elementor-widget-container\">\n\t\t\t\t\t\t\t\t\t\t\t\t\t\t\t<img decoding=\"async\" width=\"125\" height=\"83\" src=\"https:\/\/credaf.org\/wp-content\/uploads\/2023\/08\/Djibouti.png\" class=\"attachment-large size-large wp-image-10134\" alt=\"\" \/>\t\t\t\t\t\t\t\t\t\t\t\t\t\t\t<\/div>\n\t\t\t\t<\/div>\n\t\t\t\t\t<\/div>\n\t\t\t\t<\/div>\n\t\t<div class=\"elementor-element elementor-element-b9f4e84 e-flex e-con-boxed wpr-particle-no wpr-jarallax-no wpr-parallax-no wpr-sticky-section-no wpr-equal-height-no e-con e-child\" data-id=\"b9f4e84\" data-element_type=\"container\" data-e-type=\"container\">\n\t\t\t\t\t<div class=\"e-con-inner\">\n\t\t\t\t<div class=\"elementor-element elementor-element-9cbe830 elementor-widget elementor-widget-image\" data-id=\"9cbe830\" data-element_type=\"widget\" data-e-type=\"widget\" data-widget_type=\"image.default\">\n\t\t\t\t<div class=\"elementor-widget-container\">\n\t\t\t\t\t\t\t\t\t\t\t\t\t\t\t<img decoding=\"async\" width=\"73\" height=\"82\" src=\"https:\/\/credaf.org\/wp-content\/uploads\/2023\/08\/Djibouti_Mefip-1.png\" class=\"attachment-large size-large wp-image-10135\" alt=\"\" \/>\t\t\t\t\t\t\t\t\t\t\t\t\t\t\t<\/div>\n\t\t\t\t<\/div>\n\t\t\t\t\t<\/div>\n\t\t\t\t<\/div>\n\t\t<div class=\"elementor-element elementor-element-10c7ada e-flex e-con-boxed wpr-particle-no wpr-jarallax-no wpr-parallax-no wpr-sticky-section-no wpr-equal-height-no e-con e-child\" data-id=\"10c7ada\" data-element_type=\"container\" data-e-type=\"container\">\n\t\t\t\t\t<div class=\"e-con-inner\">\n\t\t\t\t<div class=\"elementor-element elementor-element-0d7d192 elementor-widget elementor-widget-image\" data-id=\"0d7d192\" data-element_type=\"widget\" data-e-type=\"widget\" data-widget_type=\"image.default\">\n\t\t\t\t<div class=\"elementor-widget-container\">\n\t\t\t\t\t\t\t\t\t\t\t\t\t\t\t<img fetchpriority=\"high\" decoding=\"async\" width=\"720\" height=\"788\" src=\"https:\/\/credaf.org\/wp-content\/uploads\/2023\/08\/Djibouti.gif\" class=\"attachment-large size-large wp-image-10136\" alt=\"\" \/>\t\t\t\t\t\t\t\t\t\t\t\t\t\t\t<\/div>\n\t\t\t\t<\/div>\n\t\t\t\t\t<\/div>\n\t\t\t\t<\/div>\n\t\t\t\t<\/div>\n\t\t\t\t\t<\/div>\n\t\t\t\t<\/div>\n\t\t\t\t<\/div>\n\t\t<!-- AddThis Advanced Settings generic via filter on the_content --><!-- AddThis Share Buttons generic via filter on the_content --><!-- AddThis Related Posts generic via filter on the_content -->","protected":false},"excerpt":{"rendered":"<p>La R\u00e9publique de Djibouti R\u00e9gime :\u00a0Semi-pr\u00e9sidentielChef de l\u2019Etat\u00a0:\u00a0M. Ismail Omar GUELLEH (1999, 2005, 2011)Premier ministre\u00a0:\u00a0M. Abdoulkader Kamil MOHAMED Administration fiscale Direction nationale du Tr\u00e9sor et de la Comptabilit\u00e9 publique Directeur g\u00e9n\u00e9ral : M.Mohamed Moussa Robleh Site Internet: http:\/\/www.ministere-finances.dj\/ Djibouti en quelques chiffres Capitale :\u00a0Djibouti-villeSuperficie :\u00a023 000 km\u00b2Nombre d&rsquo;habitants : 1,152 million (Ined, 2024)PIB\/hab (estimation) : 4 180 US$ (FMI, 2024)<\/p>","protected":false},"author":13,"featured_media":0,"parent":0,"menu_order":0,"comment_status":"closed","ping_status":"closed","template":"","meta":{"_acf_changed":false,"footnotes":""},"class_list":["post-387","page","type-page","status-publish","hentry"],"acf":[],"yoast_head":"<!-- This site is optimized with the Yoast SEO plugin v27.4 - https:\/\/yoast.com\/product\/yoast-seo-wordpress\/ -->\n<title>Djibouti -<\/title>\n<meta name=\"robots\" content=\"index, follow, max-snippet:-1, max-image-preview:large, max-video-preview:-1\" \/>\n<link rel=\"canonical\" href=\"https:\/\/credaf.org\/en\/djibouti\/\" \/>\n<meta property=\"og:locale\" content=\"en_US\" \/>\n<meta property=\"og:type\" content=\"article\" \/>\n<meta property=\"og:title\" content=\"Djibouti -\" \/>\n<meta property=\"og:description\" content=\"La R\u00e9publique de Djibouti R\u00e9gime :\u00a0Semi-pr\u00e9sidentielChef de l\u2019Etat\u00a0:\u00a0M. Ismail Omar GUELLEH (1999, 2005, 2011)Premier ministre\u00a0:\u00a0M. Abdoulkader Kamil MOHAMED Administration fiscale Direction nationale du Tr\u00e9sor et de la Comptabilit\u00e9 publique Directeur g\u00e9n\u00e9ral : M.Mohamed Moussa Robleh Site Internet: http:\/\/www.ministere-finances.dj\/ Djibouti en quelques chiffres Capitale :\u00a0Djibouti-villeSuperficie :\u00a023 000 km\u00b2Nombre d&rsquo;habitants : 1,152 million (Ined, 2024)PIB\/hab (estimation) : 4 180 US$ (FMI, 2024)\" \/>\n<meta property=\"og:url\" content=\"https:\/\/credaf.org\/en\/djibouti\/\" \/>\n<meta property=\"article:modified_time\" content=\"2024-06-24T08:54:07+00:00\" \/>\n<meta property=\"og:image\" content=\"https:\/\/credaf.org\/wp-content\/uploads\/2023\/08\/Djibouti.png\" \/>\n<meta name=\"twitter:card\" content=\"summary_large_image\" \/>\n<meta name=\"twitter:label1\" content=\"Est. reading time\" \/>\n\t<meta name=\"twitter:data1\" content=\"2 minutes\" \/>\n<script type=\"application\/ld+json\" class=\"yoast-schema-graph\">{\"@context\":\"https:\\\/\\\/schema.org\",\"@graph\":[{\"@type\":\"WebPage\",\"@id\":\"https:\\\/\\\/credaf.org\\\/djibouti\\\/\",\"url\":\"https:\\\/\\\/credaf.org\\\/djibouti\\\/\",\"name\":\"Djibouti -\",\"isPartOf\":{\"@id\":\"https:\\\/\\\/credaf.org\\\/#website\"},\"primaryImageOfPage\":{\"@id\":\"https:\\\/\\\/credaf.org\\\/djibouti\\\/#primaryimage\"},\"image\":{\"@id\":\"https:\\\/\\\/credaf.org\\\/djibouti\\\/#primaryimage\"},\"thumbnailUrl\":\"https:\\\/\\\/credaf.org\\\/wp-content\\\/uploads\\\/2023\\\/08\\\/Djibouti.png\",\"datePublished\":\"2016-08-29T00:06:28+00:00\",\"dateModified\":\"2024-06-24T08:54:07+00:00\",\"breadcrumb\":{\"@id\":\"https:\\\/\\\/credaf.org\\\/djibouti\\\/#breadcrumb\"},\"inLanguage\":\"en-US\",\"potentialAction\":[{\"@type\":\"ReadAction\",\"target\":[\"https:\\\/\\\/credaf.org\\\/djibouti\\\/\"]}]},{\"@type\":\"ImageObject\",\"inLanguage\":\"en-US\",\"@id\":\"https:\\\/\\\/credaf.org\\\/djibouti\\\/#primaryimage\",\"url\":\"https:\\\/\\\/credaf.org\\\/wp-content\\\/uploads\\\/2023\\\/08\\\/Djibouti.png\",\"contentUrl\":\"https:\\\/\\\/credaf.org\\\/wp-content\\\/uploads\\\/2023\\\/08\\\/Djibouti.png\"},{\"@type\":\"BreadcrumbList\",\"@id\":\"https:\\\/\\\/credaf.org\\\/djibouti\\\/#breadcrumb\",\"itemListElement\":[{\"@type\":\"ListItem\",\"position\":1,\"name\":\"Accueil\",\"item\":\"https:\\\/\\\/credaf.org\\\/\"},{\"@type\":\"ListItem\",\"position\":2,\"name\":\"Djibouti\"}]},{\"@type\":\"WebSite\",\"@id\":\"https:\\\/\\\/credaf.org\\\/#website\",\"url\":\"https:\\\/\\\/credaf.org\\\/\",\"name\":\"\",\"description\":\"\",\"potentialAction\":[{\"@type\":\"SearchAction\",\"target\":{\"@type\":\"EntryPoint\",\"urlTemplate\":\"https:\\\/\\\/credaf.org\\\/?s={search_term_string}\"},\"query-input\":{\"@type\":\"PropertyValueSpecification\",\"valueRequired\":true,\"valueName\":\"search_term_string\"}}],\"inLanguage\":\"en-US\"}]}<\/script>\n<!-- \/ Yoast SEO plugin. -->","yoast_head_json":{"title":"Djibouti -","robots":{"index":"index","follow":"follow","max-snippet":"max-snippet:-1","max-image-preview":"max-image-preview:large","max-video-preview":"max-video-preview:-1"},"canonical":"https:\/\/credaf.org\/en\/djibouti\/","og_locale":"en_US","og_type":"article","og_title":"Djibouti -","og_description":"La R\u00e9publique de Djibouti R\u00e9gime :\u00a0Semi-pr\u00e9sidentielChef de l\u2019Etat\u00a0:\u00a0M. Ismail Omar GUELLEH (1999, 2005, 2011)Premier ministre\u00a0:\u00a0M. Abdoulkader Kamil MOHAMED Administration fiscale Direction nationale du Tr\u00e9sor et de la Comptabilit\u00e9 publique Directeur g\u00e9n\u00e9ral : M.Mohamed Moussa Robleh Site Internet: http:\/\/www.ministere-finances.dj\/ Djibouti en quelques chiffres Capitale :\u00a0Djibouti-villeSuperficie :\u00a023 000 km\u00b2Nombre d&rsquo;habitants : 1,152 million (Ined, 2024)PIB\/hab (estimation) : 4 180 US$ (FMI, 2024)","og_url":"https:\/\/credaf.org\/en\/djibouti\/","article_modified_time":"2024-06-24T08:54:07+00:00","og_image":[{"url":"https:\/\/credaf.org\/wp-content\/uploads\/2023\/08\/Djibouti.png","type":"","width":"","height":""}],"twitter_card":"summary_large_image","twitter_misc":{"Est. reading time":"2 minutes"},"schema":{"@context":"https:\/\/schema.org","@graph":[{"@type":"WebPage","@id":"https:\/\/credaf.org\/djibouti\/","url":"https:\/\/credaf.org\/djibouti\/","name":"Djibouti -","isPartOf":{"@id":"https:\/\/credaf.org\/#website"},"primaryImageOfPage":{"@id":"https:\/\/credaf.org\/djibouti\/#primaryimage"},"image":{"@id":"https:\/\/credaf.org\/djibouti\/#primaryimage"},"thumbnailUrl":"https:\/\/credaf.org\/wp-content\/uploads\/2023\/08\/Djibouti.png","datePublished":"2016-08-29T00:06:28+00:00","dateModified":"2024-06-24T08:54:07+00:00","breadcrumb":{"@id":"https:\/\/credaf.org\/djibouti\/#breadcrumb"},"inLanguage":"en-US","potentialAction":[{"@type":"ReadAction","target":["https:\/\/credaf.org\/djibouti\/"]}]},{"@type":"ImageObject","inLanguage":"en-US","@id":"https:\/\/credaf.org\/djibouti\/#primaryimage","url":"https:\/\/credaf.org\/wp-content\/uploads\/2023\/08\/Djibouti.png","contentUrl":"https:\/\/credaf.org\/wp-content\/uploads\/2023\/08\/Djibouti.png"},{"@type":"BreadcrumbList","@id":"https:\/\/credaf.org\/djibouti\/#breadcrumb","itemListElement":[{"@type":"ListItem","position":1,"name":"Accueil","item":"https:\/\/credaf.org\/"},{"@type":"ListItem","position":2,"name":"Djibouti"}]},{"@type":"WebSite","@id":"https:\/\/credaf.org\/#website","url":"https:\/\/credaf.org\/","name":"","description":"","potentialAction":[{"@type":"SearchAction","target":{"@type":"EntryPoint","urlTemplate":"https:\/\/credaf.org\/?s={search_term_string}"},"query-input":{"@type":"PropertyValueSpecification","valueRequired":true,"valueName":"search_term_string"}}],"inLanguage":"en-US"}]}},"rttpg_featured_image_url":null,"rttpg_author":{"display_name":"sgcredaf","author_link":"https:\/\/credaf.org\/en\/author\/sgcredaf\/"},"rttpg_comment":0,"rttpg_category":null,"rttpg_excerpt":"La R\u00e9publique de Djibouti R\u00e9gime :\u00a0Semi-pr\u00e9sidentielChef de l\u2019Etat\u00a0:\u00a0M. Ismail Omar GUELLEH (1999, 2005, 2011)Premier ministre\u00a0:\u00a0M. Abdoulkader Kamil MOHAMED Administration fiscale Direction nationale du Tr\u00e9sor et de la Comptabilit\u00e9 publique Directeur g\u00e9n\u00e9ral : M.Mohamed Moussa Robleh Site Internet: http:\/\/www.ministere-finances.dj\/ Djibouti en quelques chiffres Capitale :\u00a0Djibouti-villeSuperficie :\u00a023 000 km\u00b2Nombre d&rsquo;habitants : 1,152 million (Ined, 2024)PIB\/hab (estimation) :&hellip;","_links":{"self":[{"href":"https:\/\/credaf.org\/en\/wp-json\/wp\/v2\/pages\/387","targetHints":{"allow":["GET"]}}],"collection":[{"href":"https:\/\/credaf.org\/en\/wp-json\/wp\/v2\/pages"}],"about":[{"href":"https:\/\/credaf.org\/en\/wp-json\/wp\/v2\/types\/page"}],"author":[{"embeddable":true,"href":"https:\/\/credaf.org\/en\/wp-json\/wp\/v2\/users\/13"}],"replies":[{"embeddable":true,"href":"https:\/\/credaf.org\/en\/wp-json\/wp\/v2\/comments?post=387"}],"version-history":[{"count":0,"href":"https:\/\/credaf.org\/en\/wp-json\/wp\/v2\/pages\/387\/revisions"}],"wp:attachment":[{"href":"https:\/\/credaf.org\/en\/wp-json\/wp\/v2\/media?parent=387"}],"curies":[{"name":"wp","href":"https:\/\/api.w.org\/{rel}","templated":true}]}}