{"id":388,"date":"2016-08-29T02:06:28","date_gmt":"2016-08-29T00:06:28","guid":{"rendered":"http:\/\/credaf.org\/?page_id=388"},"modified":"2024-06-24T01:47:42","modified_gmt":"2024-06-23T23:47:42","slug":"france","status":"publish","type":"page","link":"https:\/\/credaf.org\/en\/france\/","title":{"rendered":"France"},"content":{"rendered":"<div data-elementor-type=\"wp-page\" data-elementor-id=\"388\" class=\"elementor elementor-388\">\n\t\t\t\t<div class=\"elementor-element elementor-element-a3eb52f e-flex e-con-boxed wpr-particle-no wpr-jarallax-no wpr-parallax-no wpr-sticky-section-no wpr-equal-height-no e-con e-parent\" data-id=\"a3eb52f\" data-element_type=\"container\" data-e-type=\"container\">\n\t\t\t\t\t<div class=\"e-con-inner\">\n\t\t\t\t<div class=\"elementor-element elementor-element-21dc54a elementor-widget elementor-widget-heading\" data-id=\"21dc54a\" data-element_type=\"widget\" data-e-type=\"widget\" data-widget_type=\"heading.default\">\n\t\t\t\t<div class=\"elementor-widget-container\">\n\t\t\t\t\t<h2 class=\"elementor-heading-title elementor-size-default\">La R\u00e9publique Fran\u00e7aise<\/h2>\t\t\t\t<\/div>\n\t\t\t\t<\/div>\n\t\t\t\t\t<\/div>\n\t\t\t\t<\/div>\n\t\t<div class=\"elementor-element elementor-element-5c1f729 e-flex e-con-boxed wpr-particle-no wpr-jarallax-no wpr-parallax-no wpr-sticky-section-no wpr-equal-height-no e-con e-parent\" data-id=\"5c1f729\" data-element_type=\"container\" data-e-type=\"container\">\n\t\t\t\t\t<div class=\"e-con-inner\">\n\t\t<div class=\"elementor-element elementor-element-03305ef e-con-full e-flex wpr-particle-no wpr-jarallax-no wpr-parallax-no wpr-sticky-section-no wpr-equal-height-no e-con e-child\" data-id=\"03305ef\" data-element_type=\"container\" data-e-type=\"container\">\n\t\t\t\t<div class=\"elementor-element elementor-element-6cb0b57 elementor-widget elementor-widget-text-editor\" data-id=\"6cb0b57\" data-element_type=\"widget\" data-e-type=\"widget\" data-widget_type=\"text-editor.default\">\n\t\t\t\t<div class=\"elementor-widget-container\">\n\t\t\t\t\t\t\t\t\t<p><span style=\"font-weight: bold; color: var( --e-global-color-text ); font-family: var( --e-global-typography-text-font-family ), Sans-serif;\">Nature du r\u00e9gime :<\/span><span style=\"color: var( --e-global-color-text ); font-family: var( --e-global-typography-text-font-family ), Sans-serif; font-weight: var( --e-global-typography-text-font-weight );\"> Semi-pr\u00e9sidentiel<br \/><\/span><span style=\"font-weight: bold;\">Chef d\u2019\u00c9tat :<\/span>\u00a0M. Emmanuel MACRON <em>(depuis le 14 mai 2017)<br \/><\/em><span style=\"font-weight: bold;\">Chef du Gouvernement :<\/span> M. Gabriel Attal<\/p><h4>Administration fiscale<\/h4><p>Direction g\u00e9n\u00e9rale des Finances publiques<\/p><p><span style=\"font-weight: bold;\">Directeur g\u00e9n\u00e9ral<\/span>\u00a0: Madame Am\u00e9lie Verdier<br \/><span style=\"font-weight: bold;\">Site Internet: <\/span><a href=\"http:\/\/www.impots.gouv.fr\/\">http:\/\/www.impots.gouv.fr\/<span style=\"color: #030303; font-family: Roboto; font-size: 21px; font-weight: 600;\">\u00a0<\/span><\/a><\/p><h4>La France en quelques chiffres<\/h4><p><span style=\"font-weight: bold;\">Capitale :<\/span>\u00a0Paris<br \/><span style=\"font-weight: bold;\">Superficie :<\/span>\u00a0672\u00a0369 km\u00b2<br \/><span style=\"font-weight: bold;\">Nombre d\u2019habitants<\/span> : 68,373 millions (Insee, 2024)<br \/><span style=\"font-weight: bold;\">PIB\/hab :<\/span> 47 360 US$ (FMI, 2024)<\/p>\t\t\t\t\t\t\t\t<\/div>\n\t\t\t\t<\/div>\n\t\t\t\t<\/div>\n\t\t<div class=\"elementor-element elementor-element-c8637b2 e-con-full e-flex wpr-particle-no wpr-jarallax-no wpr-parallax-no wpr-sticky-section-no wpr-equal-height-no e-con e-child\" data-id=\"c8637b2\" data-element_type=\"container\" data-e-type=\"container\">\n\t\t<div class=\"elementor-element elementor-element-300ec3f e-flex e-con-boxed wpr-particle-no wpr-jarallax-no wpr-parallax-no wpr-sticky-section-no wpr-equal-height-no e-con e-child\" data-id=\"300ec3f\" data-element_type=\"container\" data-e-type=\"container\">\n\t\t\t\t\t<div class=\"e-con-inner\">\n\t\t\t\t<div class=\"elementor-element elementor-element-a4cdd3e elementor-widget elementor-widget-image\" data-id=\"a4cdd3e\" data-element_type=\"widget\" data-e-type=\"widget\" data-widget_type=\"image.default\">\n\t\t\t\t<div class=\"elementor-widget-container\">\n\t\t\t\t\t\t\t\t\t\t\t\t\t\t\t<img decoding=\"async\" width=\"125\" height=\"83\" src=\"https:\/\/credaf.org\/wp-content\/uploads\/2023\/08\/France.png\" class=\"attachment-large size-large wp-image-10128\" alt=\"\" \/>\t\t\t\t\t\t\t\t\t\t\t\t\t\t\t<\/div>\n\t\t\t\t<\/div>\n\t\t\t\t\t<\/div>\n\t\t\t\t<\/div>\n\t\t<div class=\"elementor-element elementor-element-5d631f4 e-flex e-con-boxed wpr-particle-no wpr-jarallax-no wpr-parallax-no wpr-sticky-section-no wpr-equal-height-no e-con e-child\" data-id=\"5d631f4\" data-element_type=\"container\" data-e-type=\"container\">\n\t\t\t\t\t<div class=\"e-con-inner\">\n\t\t\t\t<div class=\"elementor-element elementor-element-c9b1675 elementor-widget elementor-widget-image\" data-id=\"c9b1675\" data-element_type=\"widget\" data-e-type=\"widget\" data-widget_type=\"image.default\">\n\t\t\t\t<div class=\"elementor-widget-container\">\n\t\t\t\t\t\t\t\t\t\t\t\t\t\t\t<img fetchpriority=\"high\" decoding=\"async\" width=\"308\" height=\"195\" src=\"https:\/\/credaf.org\/wp-content\/uploads\/2023\/08\/France_DGFIP-1.jpg\" class=\"attachment-large size-large wp-image-10129\" alt=\"\" srcset=\"https:\/\/credaf.org\/wp-content\/uploads\/2023\/08\/France_DGFIP-1.jpg 308w, https:\/\/credaf.org\/wp-content\/uploads\/2023\/08\/France_DGFIP-1-300x190.jpg 300w\" sizes=\"(max-width: 308px) 100vw, 308px\" \/>\t\t\t\t\t\t\t\t\t\t\t\t\t\t\t<\/div>\n\t\t\t\t<\/div>\n\t\t\t\t\t<\/div>\n\t\t\t\t<\/div>\n\t\t<div class=\"elementor-element elementor-element-4a9d77a e-flex e-con-boxed wpr-particle-no wpr-jarallax-no wpr-parallax-no wpr-sticky-section-no wpr-equal-height-no e-con e-child\" data-id=\"4a9d77a\" data-element_type=\"container\" data-e-type=\"container\">\n\t\t\t\t\t<div class=\"e-con-inner\">\n\t\t\t\t<div class=\"elementor-element elementor-element-586c94e elementor-widget elementor-widget-image\" data-id=\"586c94e\" data-element_type=\"widget\" data-e-type=\"widget\" data-widget_type=\"image.default\">\n\t\t\t\t<div class=\"elementor-widget-container\">\n\t\t\t\t\t\t\t\t\t\t\t\t\t\t\t<img decoding=\"async\" width=\"690\" height=\"888\" src=\"https:\/\/credaf.org\/wp-content\/uploads\/2023\/08\/France.gif\" class=\"attachment-large size-large wp-image-10130\" alt=\"\" \/>\t\t\t\t\t\t\t\t\t\t\t\t\t\t\t<\/div>\n\t\t\t\t<\/div>\n\t\t\t\t\t<\/div>\n\t\t\t\t<\/div>\n\t\t\t\t<\/div>\n\t\t\t\t\t<\/div>\n\t\t\t\t<\/div>\n\t\t\t\t<section class=\"elementor-section elementor-top-section elementor-element elementor-element-7ce85fd7 elementor-section-boxed elementor-section-height-default elementor-section-height-default wpr-particle-no wpr-jarallax-no wpr-parallax-no wpr-sticky-section-no wpr-equal-height-no\" data-id=\"7ce85fd7\" data-element_type=\"section\" data-e-type=\"section\">\n\t\t\t\t\t\t<div class=\"elementor-container elementor-column-gap-default\">\n\t\t\t\t\t<div class=\"elementor-column elementor-col-100 elementor-top-column elementor-element elementor-element-3f92a5c7\" data-id=\"3f92a5c7\" data-element_type=\"column\" data-e-type=\"column\">\n\t\t\t<div class=\"elementor-widget-wrap elementor-element-populated\">\n\t\t\t\t\t\t\t<\/div>\n\t\t<\/div>\n\t\t\t\t\t<\/div>\n\t\t<\/section>\n\t\t\t\t<\/div>\n\t\t<!-- AddThis Advanced Settings generic via filter on the_content --><!-- AddThis Share Buttons generic via filter on the_content --><!-- AddThis Related Posts generic via filter on the_content -->","protected":false},"excerpt":{"rendered":"<p>La R\u00e9publique Fran\u00e7aise Nature du r\u00e9gime : Semi-pr\u00e9sidentielChef d\u2019\u00c9tat :\u00a0M. Emmanuel MACRON (depuis le 14 mai 2017)Chef du Gouvernement : M. Gabriel Attal Administration fiscale Direction g\u00e9n\u00e9rale des Finances publiques Directeur g\u00e9n\u00e9ral\u00a0: Madame Am\u00e9lie VerdierSite Internet: http:\/\/www.impots.gouv.fr\/\u00a0 La France en quelques chiffres Capitale :\u00a0ParisSuperficie :\u00a0672\u00a0369 km\u00b2Nombre d\u2019habitants : 68,373 millions (Insee, 2024)PIB\/hab : 47 360 US$ (FMI, 2024)<\/p>","protected":false},"author":13,"featured_media":0,"parent":0,"menu_order":0,"comment_status":"closed","ping_status":"closed","template":"","meta":{"_acf_changed":false,"footnotes":""},"class_list":["post-388","page","type-page","status-publish","hentry"],"acf":[],"yoast_head":"<!-- This site is optimized with the Yoast SEO plugin v27.4 - https:\/\/yoast.com\/product\/yoast-seo-wordpress\/ -->\n<title>France -<\/title>\n<meta name=\"robots\" content=\"index, follow, max-snippet:-1, max-image-preview:large, max-video-preview:-1\" \/>\n<link rel=\"canonical\" href=\"https:\/\/credaf.org\/en\/france\/\" \/>\n<meta property=\"og:locale\" content=\"en_US\" \/>\n<meta property=\"og:type\" content=\"article\" \/>\n<meta property=\"og:title\" content=\"France -\" \/>\n<meta property=\"og:description\" content=\"La R\u00e9publique Fran\u00e7aise Nature du r\u00e9gime : Semi-pr\u00e9sidentielChef d\u2019\u00c9tat :\u00a0M. Emmanuel MACRON (depuis le 14 mai 2017)Chef du Gouvernement : M. Gabriel Attal Administration fiscale Direction g\u00e9n\u00e9rale des Finances publiques Directeur g\u00e9n\u00e9ral\u00a0: Madame Am\u00e9lie VerdierSite Internet: http:\/\/www.impots.gouv.fr\/\u00a0 La France en quelques chiffres Capitale :\u00a0ParisSuperficie :\u00a0672\u00a0369 km\u00b2Nombre d\u2019habitants : 68,373 millions (Insee, 2024)PIB\/hab : 47 360 US$ (FMI, 2024)\" \/>\n<meta property=\"og:url\" content=\"https:\/\/credaf.org\/en\/france\/\" \/>\n<meta property=\"article:modified_time\" content=\"2024-06-23T23:47:42+00:00\" \/>\n<meta property=\"og:image\" content=\"https:\/\/credaf.org\/wp-content\/uploads\/2023\/08\/France.png\" \/>\n<meta name=\"twitter:card\" content=\"summary_large_image\" \/>\n<meta name=\"twitter:label1\" content=\"Est. reading time\" \/>\n\t<meta name=\"twitter:data1\" content=\"1 minute\" \/>\n<script type=\"application\/ld+json\" class=\"yoast-schema-graph\">{\"@context\":\"https:\\\/\\\/schema.org\",\"@graph\":[{\"@type\":\"WebPage\",\"@id\":\"https:\\\/\\\/credaf.org\\\/france\\\/\",\"url\":\"https:\\\/\\\/credaf.org\\\/france\\\/\",\"name\":\"France -\",\"isPartOf\":{\"@id\":\"https:\\\/\\\/credaf.org\\\/#website\"},\"primaryImageOfPage\":{\"@id\":\"https:\\\/\\\/credaf.org\\\/france\\\/#primaryimage\"},\"image\":{\"@id\":\"https:\\\/\\\/credaf.org\\\/france\\\/#primaryimage\"},\"thumbnailUrl\":\"https:\\\/\\\/credaf.org\\\/wp-content\\\/uploads\\\/2023\\\/08\\\/France.png\",\"datePublished\":\"2016-08-29T00:06:28+00:00\",\"dateModified\":\"2024-06-23T23:47:42+00:00\",\"breadcrumb\":{\"@id\":\"https:\\\/\\\/credaf.org\\\/france\\\/#breadcrumb\"},\"inLanguage\":\"en-US\",\"potentialAction\":[{\"@type\":\"ReadAction\",\"target\":[\"https:\\\/\\\/credaf.org\\\/france\\\/\"]}]},{\"@type\":\"ImageObject\",\"inLanguage\":\"en-US\",\"@id\":\"https:\\\/\\\/credaf.org\\\/france\\\/#primaryimage\",\"url\":\"https:\\\/\\\/credaf.org\\\/wp-content\\\/uploads\\\/2023\\\/08\\\/France.png\",\"contentUrl\":\"https:\\\/\\\/credaf.org\\\/wp-content\\\/uploads\\\/2023\\\/08\\\/France.png\"},{\"@type\":\"BreadcrumbList\",\"@id\":\"https:\\\/\\\/credaf.org\\\/france\\\/#breadcrumb\",\"itemListElement\":[{\"@type\":\"ListItem\",\"position\":1,\"name\":\"Accueil\",\"item\":\"https:\\\/\\\/credaf.org\\\/\"},{\"@type\":\"ListItem\",\"position\":2,\"name\":\"France\"}]},{\"@type\":\"WebSite\",\"@id\":\"https:\\\/\\\/credaf.org\\\/#website\",\"url\":\"https:\\\/\\\/credaf.org\\\/\",\"name\":\"\",\"description\":\"\",\"potentialAction\":[{\"@type\":\"SearchAction\",\"target\":{\"@type\":\"EntryPoint\",\"urlTemplate\":\"https:\\\/\\\/credaf.org\\\/?s={search_term_string}\"},\"query-input\":{\"@type\":\"PropertyValueSpecification\",\"valueRequired\":true,\"valueName\":\"search_term_string\"}}],\"inLanguage\":\"en-US\"}]}<\/script>\n<!-- \/ Yoast SEO plugin. -->","yoast_head_json":{"title":"France -","robots":{"index":"index","follow":"follow","max-snippet":"max-snippet:-1","max-image-preview":"max-image-preview:large","max-video-preview":"max-video-preview:-1"},"canonical":"https:\/\/credaf.org\/en\/france\/","og_locale":"en_US","og_type":"article","og_title":"France -","og_description":"La R\u00e9publique Fran\u00e7aise Nature du r\u00e9gime : Semi-pr\u00e9sidentielChef d\u2019\u00c9tat :\u00a0M. Emmanuel MACRON (depuis le 14 mai 2017)Chef du Gouvernement : M. Gabriel Attal Administration fiscale Direction g\u00e9n\u00e9rale des Finances publiques Directeur g\u00e9n\u00e9ral\u00a0: Madame Am\u00e9lie VerdierSite Internet: http:\/\/www.impots.gouv.fr\/\u00a0 La France en quelques chiffres Capitale :\u00a0ParisSuperficie :\u00a0672\u00a0369 km\u00b2Nombre d\u2019habitants : 68,373 millions (Insee, 2024)PIB\/hab : 47 360 US$ (FMI, 2024)","og_url":"https:\/\/credaf.org\/en\/france\/","article_modified_time":"2024-06-23T23:47:42+00:00","og_image":[{"url":"https:\/\/credaf.org\/wp-content\/uploads\/2023\/08\/France.png","type":"","width":"","height":""}],"twitter_card":"summary_large_image","twitter_misc":{"Est. reading time":"1 minute"},"schema":{"@context":"https:\/\/schema.org","@graph":[{"@type":"WebPage","@id":"https:\/\/credaf.org\/france\/","url":"https:\/\/credaf.org\/france\/","name":"France -","isPartOf":{"@id":"https:\/\/credaf.org\/#website"},"primaryImageOfPage":{"@id":"https:\/\/credaf.org\/france\/#primaryimage"},"image":{"@id":"https:\/\/credaf.org\/france\/#primaryimage"},"thumbnailUrl":"https:\/\/credaf.org\/wp-content\/uploads\/2023\/08\/France.png","datePublished":"2016-08-29T00:06:28+00:00","dateModified":"2024-06-23T23:47:42+00:00","breadcrumb":{"@id":"https:\/\/credaf.org\/france\/#breadcrumb"},"inLanguage":"en-US","potentialAction":[{"@type":"ReadAction","target":["https:\/\/credaf.org\/france\/"]}]},{"@type":"ImageObject","inLanguage":"en-US","@id":"https:\/\/credaf.org\/france\/#primaryimage","url":"https:\/\/credaf.org\/wp-content\/uploads\/2023\/08\/France.png","contentUrl":"https:\/\/credaf.org\/wp-content\/uploads\/2023\/08\/France.png"},{"@type":"BreadcrumbList","@id":"https:\/\/credaf.org\/france\/#breadcrumb","itemListElement":[{"@type":"ListItem","position":1,"name":"Accueil","item":"https:\/\/credaf.org\/"},{"@type":"ListItem","position":2,"name":"France"}]},{"@type":"WebSite","@id":"https:\/\/credaf.org\/#website","url":"https:\/\/credaf.org\/","name":"","description":"","potentialAction":[{"@type":"SearchAction","target":{"@type":"EntryPoint","urlTemplate":"https:\/\/credaf.org\/?s={search_term_string}"},"query-input":{"@type":"PropertyValueSpecification","valueRequired":true,"valueName":"search_term_string"}}],"inLanguage":"en-US"}]}},"rttpg_featured_image_url":null,"rttpg_author":{"display_name":"sgcredaf","author_link":"https:\/\/credaf.org\/en\/author\/sgcredaf\/"},"rttpg_comment":0,"rttpg_category":null,"rttpg_excerpt":"La R\u00e9publique Fran\u00e7aise Nature du r\u00e9gime : Semi-pr\u00e9sidentielChef d\u2019\u00c9tat :\u00a0M. Emmanuel MACRON (depuis le 14 mai 2017)Chef du Gouvernement : M. Gabriel Attal Administration fiscale Direction g\u00e9n\u00e9rale des Finances publiques Directeur g\u00e9n\u00e9ral\u00a0: Madame Am\u00e9lie VerdierSite Internet: http:\/\/www.impots.gouv.fr\/\u00a0 La France en quelques chiffres Capitale :\u00a0ParisSuperficie :\u00a0672\u00a0369 km\u00b2Nombre d\u2019habitants : 68,373 millions (Insee, 2024)PIB\/hab : 47 360&hellip;","_links":{"self":[{"href":"https:\/\/credaf.org\/en\/wp-json\/wp\/v2\/pages\/388","targetHints":{"allow":["GET"]}}],"collection":[{"href":"https:\/\/credaf.org\/en\/wp-json\/wp\/v2\/pages"}],"about":[{"href":"https:\/\/credaf.org\/en\/wp-json\/wp\/v2\/types\/page"}],"author":[{"embeddable":true,"href":"https:\/\/credaf.org\/en\/wp-json\/wp\/v2\/users\/13"}],"replies":[{"embeddable":true,"href":"https:\/\/credaf.org\/en\/wp-json\/wp\/v2\/comments?post=388"}],"version-history":[{"count":0,"href":"https:\/\/credaf.org\/en\/wp-json\/wp\/v2\/pages\/388\/revisions"}],"wp:attachment":[{"href":"https:\/\/credaf.org\/en\/wp-json\/wp\/v2\/media?parent=388"}],"curies":[{"name":"wp","href":"https:\/\/api.w.org\/{rel}","templated":true}]}}