{"id":430,"date":"2016-08-29T02:28:54","date_gmt":"2016-08-29T00:28:54","guid":{"rendered":"http:\/\/credaf.org\/?page_id=430"},"modified":"2024-10-30T15:52:34","modified_gmt":"2024-10-30T14:52:34","slug":"bureau-executif-credaf","status":"publish","type":"page","link":"https:\/\/credaf.org\/en\/bureau-executif-credaf\/","title":{"rendered":"CREDAF Executive Office"},"content":{"rendered":"<div data-elementor-type=\"wp-page\" data-elementor-id=\"430\" class=\"elementor elementor-430\">\n\t\t\t\t<div class=\"elementor-element elementor-element-4244b28 e-flex e-con-boxed wpr-particle-no wpr-jarallax-no wpr-parallax-no wpr-sticky-section-no wpr-equal-height-no e-con e-parent\" data-id=\"4244b28\" data-element_type=\"container\" data-e-type=\"container\">\n\t\t\t\t\t<div class=\"e-con-inner\">\n\t\t\t\t<div class=\"elementor-element elementor-element-ebbbd60 elementor-widget elementor-widget-heading\" data-id=\"ebbbd60\" data-element_type=\"widget\" data-e-type=\"widget\" data-widget_type=\"heading.default\">\n\t\t\t\t<div class=\"elementor-widget-container\">\n\t\t\t\t\t<h2 class=\"elementor-heading-title elementor-size-default\">CREDAF Executive Office<\/h2>\t\t\t\t<\/div>\n\t\t\t\t<\/div>\n\t\t\t\t\t<\/div>\n\t\t\t\t<\/div>\n\t\t<div class=\"elementor-element elementor-element-f4ac5c4 e-flex e-con-boxed wpr-particle-no wpr-jarallax-no wpr-parallax-no wpr-sticky-section-no wpr-equal-height-no e-con e-parent\" data-id=\"f4ac5c4\" data-element_type=\"container\" data-e-type=\"container\">\n\t\t\t\t\t<div class=\"e-con-inner\">\n\t\t\t\t<div class=\"elementor-element elementor-element-aee7e4a elementor-widget elementor-widget-text-editor\" data-id=\"aee7e4a\" data-element_type=\"widget\" data-e-type=\"widget\" data-widget_type=\"text-editor.default\">\n\t\t\t\t<div class=\"elementor-widget-container\">\n\t\t\t\t\t\t\t\t\t<p><span style=\"font-size: 24px; color: #be3737;\">The President<\/span><\/p><p class=\"MsoNormal\"><strong>M. Ludovic ITOUA<\/strong>,<br \/>Directeur G\u00e9n\u00e9ral de la Direction G\u00e9n\u00e9rale des Imp\u00f4ts et des Domaines du Congo<\/p><p><span style=\"font-size: 24px; color: #be3737;\">The Vice-President<\/span><\/p><p class=\"MsoNormal\"><strong><i>Barnab\u00e9 MUAKADI MUAMBA,<\/i><\/strong><\/p><p class=\"MsoNormal\">Directeur G\u00e9n\u00e9ral de la DGI RDC<\/p><p><span style=\"font-size: 24px; color: #be3737;\">The Administrators<\/span><\/p><p><span style=\"color: var( --e-global-color-text ); font-family: var( --e-global-typography-text-font-family ), Sans-serif; text-align: var(--text-align); font-weight: bold;\">M. Didier Leemans - BELGIUM\u00a0<\/span><span style=\"color: var( --e-global-color-text ); font-family: var( --e-global-typography-text-font-family ), Sans-serif; font-weight: var( --e-global-typography-text-font-weight ); text-align: var(--text-align);\">BELGIQUE<br \/><\/span><span style=\"color: var( --e-global-color-text ); font-family: var( --e-global-typography-text-font-family ), Sans-serif; text-align: var(--text-align); font-weight: bold;\">Mme Maryse Lavigne &#8211; <\/span><span style=\"color: var( --e-global-color-text ); font-family: var( --e-global-typography-text-font-family ), Sans-serif; font-weight: var( --e-global-typography-text-font-weight ); text-align: var(--text-align);\">CANADA<br \/><\/span><span style=\"font-weight: bold;\">Mme Ad\u00e8le LIEBER &#8211; <\/span>FRANCE<br \/><strong>M. Nicolas YENOUSSI<\/strong>, Administrateur, repr\u00e9sent\u00e9 par M. Benito GBOSSOME \u2013 B\u00e9nin<\/p><p><span style=\"color: #be3737; font-family: Roboto; font-size: 24px;\">Directors representing geographic areas<\/span><\/p><p><span style=\"font-weight: bold; color: var( --e-global-color-text ); font-family: var( --e-global-typography-text-font-family ), Sans-serif;\">Mme Amel ABDELLATIF\u00a0<\/span><span style=\"color: var( --e-global-color-text ); font-family: var( --e-global-typography-text-font-family ), Sans-serif; font-weight: var( --e-global-typography-text-font-weight );\">ALGERIA<\/span><span style=\"font-weight: bold; color: var( --e-global-color-text ); font-family: var( --e-global-typography-text-font-family ), Sans-serif;\">\u00a0&#8211;\u00a0<\/span><span style=\"color: var( --e-global-color-text ); font-family: var( --e-global-typography-text-font-family ), Sans-serif; font-weight: var( --e-global-typography-text-font-weight );\">ZONE MAGHREB<br \/><\/span><span style=\"font-weight: bold;\">M. Nicolas YENOUSSI<\/span>\u00a0(BENIN) - ZONE WEST AFRICA<br \/><span style=\"font-weight: bold;\">M. Ludovic ITOUA<\/span> (RDC) - ZONE CENTRAL AFRICA<\/p><p><span style=\"color: #be3737; font-family: Roboto; font-size: 24px;\">The Secretary General<\/span><\/p><p><span style=\"font-weight: bold;\">Mme Catherine LEMESLE<br \/><\/span><\/p><p><span style=\"color: #be3737; font-family: Roboto; font-size: 24px;\">The Deputy Secretary General<\/span><\/p><p><span style=\"font-weight: bold;\">M. Isma\u00efla DIALLO<\/span><\/p>\t\t\t\t\t\t\t\t<\/div>\n\t\t\t\t<\/div>\n\t\t\t\t\t<\/div>\n\t\t\t\t<\/div>\n\t\t\t\t<\/div>\n\t\t<!-- AddThis Advanced Settings generic via filter on the_content --><!-- AddThis Share Buttons generic via filter on the_content --><!-- AddThis Related Posts generic via filter on the_content -->","protected":false},"excerpt":{"rendered":"<p>Le Bureau \u00c9x\u00e9cutif du CREDAF Le Pr\u00e9sident M. Ludovic ITOUA,Directeur G\u00e9n\u00e9ral de la Direction G\u00e9n\u00e9rale des Imp\u00f4ts et des Domaines du Congo Le Vice Pr\u00e9sident Barnab\u00e9 MUAKADI MUAMBA, Directeur G\u00e9n\u00e9ral de la DGI RDC Les Administrateurs M. Didier Leemans &#8211;\u00a0BELGIQUEMme Maryse Lavigne &#8211; CANADAMme Ad\u00e8le LIEBER &#8211; FRANCEM. Nicolas YENOUSSI, Administrateur, repr\u00e9sent\u00e9 par M. Benito GBOSSOME \u2013 B\u00e9nin Les Administrateurs<\/p>","protected":false},"author":13,"featured_media":0,"parent":0,"menu_order":0,"comment_status":"closed","ping_status":"closed","template":"","meta":{"_acf_changed":false,"footnotes":""},"class_list":["post-430","page","type-page","status-publish","hentry"],"acf":[],"yoast_head":"<!-- This site is optimized with the Yoast SEO plugin v27.4 - https:\/\/yoast.com\/product\/yoast-seo-wordpress\/ -->\n<title>Bureau ex\u00e9cutif du CREDAF -<\/title>\n<meta name=\"robots\" content=\"index, follow, max-snippet:-1, max-image-preview:large, max-video-preview:-1\" \/>\n<link rel=\"canonical\" href=\"https:\/\/credaf.org\/en\/bureau-executif-credaf\/\" \/>\n<meta property=\"og:locale\" content=\"en_US\" \/>\n<meta property=\"og:type\" content=\"article\" \/>\n<meta property=\"og:title\" content=\"Bureau ex\u00e9cutif du CREDAF -\" \/>\n<meta property=\"og:description\" content=\"Le Bureau \u00c9x\u00e9cutif du CREDAF Le Pr\u00e9sident M. Ludovic ITOUA,Directeur G\u00e9n\u00e9ral de la Direction G\u00e9n\u00e9rale des Imp\u00f4ts et des Domaines du Congo Le Vice Pr\u00e9sident Barnab\u00e9 MUAKADI MUAMBA, Directeur G\u00e9n\u00e9ral de la DGI RDC Les Administrateurs M. Didier Leemans &#8211;\u00a0BELGIQUEMme Maryse Lavigne &#8211; CANADAMme Ad\u00e8le LIEBER &#8211; FRANCEM. Nicolas YENOUSSI, Administrateur, repr\u00e9sent\u00e9 par M. Benito GBOSSOME \u2013 B\u00e9nin Les Administrateurs\" \/>\n<meta property=\"og:url\" content=\"https:\/\/credaf.org\/en\/bureau-executif-credaf\/\" \/>\n<meta property=\"article:modified_time\" content=\"2024-10-30T14:52:34+00:00\" \/>\n<meta name=\"twitter:card\" content=\"summary_large_image\" \/>\n<meta name=\"twitter:label1\" content=\"Est. reading time\" \/>\n\t<meta name=\"twitter:data1\" content=\"1 minute\" \/>\n<script type=\"application\/ld+json\" class=\"yoast-schema-graph\">{\"@context\":\"https:\\\/\\\/schema.org\",\"@graph\":[{\"@type\":\"WebPage\",\"@id\":\"https:\\\/\\\/credaf.org\\\/bureau-executif-credaf\\\/\",\"url\":\"https:\\\/\\\/credaf.org\\\/bureau-executif-credaf\\\/\",\"name\":\"Bureau ex\u00e9cutif du CREDAF -\",\"isPartOf\":{\"@id\":\"https:\\\/\\\/credaf.org\\\/#website\"},\"datePublished\":\"2016-08-29T00:28:54+00:00\",\"dateModified\":\"2024-10-30T14:52:34+00:00\",\"breadcrumb\":{\"@id\":\"https:\\\/\\\/credaf.org\\\/bureau-executif-credaf\\\/#breadcrumb\"},\"inLanguage\":\"en-US\",\"potentialAction\":[{\"@type\":\"ReadAction\",\"target\":[\"https:\\\/\\\/credaf.org\\\/bureau-executif-credaf\\\/\"]}]},{\"@type\":\"BreadcrumbList\",\"@id\":\"https:\\\/\\\/credaf.org\\\/bureau-executif-credaf\\\/#breadcrumb\",\"itemListElement\":[{\"@type\":\"ListItem\",\"position\":1,\"name\":\"Accueil\",\"item\":\"https:\\\/\\\/credaf.org\\\/\"},{\"@type\":\"ListItem\",\"position\":2,\"name\":\"Bureau ex\u00e9cutif du CREDAF\"}]},{\"@type\":\"WebSite\",\"@id\":\"https:\\\/\\\/credaf.org\\\/#website\",\"url\":\"https:\\\/\\\/credaf.org\\\/\",\"name\":\"\",\"description\":\"\",\"potentialAction\":[{\"@type\":\"SearchAction\",\"target\":{\"@type\":\"EntryPoint\",\"urlTemplate\":\"https:\\\/\\\/credaf.org\\\/?s={search_term_string}\"},\"query-input\":{\"@type\":\"PropertyValueSpecification\",\"valueRequired\":true,\"valueName\":\"search_term_string\"}}],\"inLanguage\":\"en-US\"}]}<\/script>\n<!-- \/ Yoast SEO plugin. -->","yoast_head_json":{"title":"Bureau ex\u00e9cutif du CREDAF -","robots":{"index":"index","follow":"follow","max-snippet":"max-snippet:-1","max-image-preview":"max-image-preview:large","max-video-preview":"max-video-preview:-1"},"canonical":"https:\/\/credaf.org\/en\/bureau-executif-credaf\/","og_locale":"en_US","og_type":"article","og_title":"Bureau ex\u00e9cutif du CREDAF -","og_description":"Le Bureau \u00c9x\u00e9cutif du CREDAF Le Pr\u00e9sident M. Ludovic ITOUA,Directeur G\u00e9n\u00e9ral de la Direction G\u00e9n\u00e9rale des Imp\u00f4ts et des Domaines du Congo Le Vice Pr\u00e9sident Barnab\u00e9 MUAKADI MUAMBA, Directeur G\u00e9n\u00e9ral de la DGI RDC Les Administrateurs M. Didier Leemans &#8211;\u00a0BELGIQUEMme Maryse Lavigne &#8211; CANADAMme Ad\u00e8le LIEBER &#8211; FRANCEM. Nicolas YENOUSSI, Administrateur, repr\u00e9sent\u00e9 par M. Benito GBOSSOME \u2013 B\u00e9nin Les Administrateurs","og_url":"https:\/\/credaf.org\/en\/bureau-executif-credaf\/","article_modified_time":"2024-10-30T14:52:34+00:00","twitter_card":"summary_large_image","twitter_misc":{"Est. reading time":"1 minute"},"schema":{"@context":"https:\/\/schema.org","@graph":[{"@type":"WebPage","@id":"https:\/\/credaf.org\/bureau-executif-credaf\/","url":"https:\/\/credaf.org\/bureau-executif-credaf\/","name":"Bureau ex\u00e9cutif du CREDAF -","isPartOf":{"@id":"https:\/\/credaf.org\/#website"},"datePublished":"2016-08-29T00:28:54+00:00","dateModified":"2024-10-30T14:52:34+00:00","breadcrumb":{"@id":"https:\/\/credaf.org\/bureau-executif-credaf\/#breadcrumb"},"inLanguage":"en-US","potentialAction":[{"@type":"ReadAction","target":["https:\/\/credaf.org\/bureau-executif-credaf\/"]}]},{"@type":"BreadcrumbList","@id":"https:\/\/credaf.org\/bureau-executif-credaf\/#breadcrumb","itemListElement":[{"@type":"ListItem","position":1,"name":"Accueil","item":"https:\/\/credaf.org\/"},{"@type":"ListItem","position":2,"name":"Bureau ex\u00e9cutif du CREDAF"}]},{"@type":"WebSite","@id":"https:\/\/credaf.org\/#website","url":"https:\/\/credaf.org\/","name":"","description":"","potentialAction":[{"@type":"SearchAction","target":{"@type":"EntryPoint","urlTemplate":"https:\/\/credaf.org\/?s={search_term_string}"},"query-input":{"@type":"PropertyValueSpecification","valueRequired":true,"valueName":"search_term_string"}}],"inLanguage":"en-US"}]}},"rttpg_featured_image_url":null,"rttpg_author":{"display_name":"sgcredaf","author_link":"https:\/\/credaf.org\/en\/author\/sgcredaf\/"},"rttpg_comment":0,"rttpg_category":null,"rttpg_excerpt":"Le Bureau \u00c9x\u00e9cutif du CREDAF Le Pr\u00e9sident M. Ludovic ITOUA,Directeur G\u00e9n\u00e9ral de la Direction G\u00e9n\u00e9rale des Imp\u00f4ts et des Domaines du Congo Le Vice Pr\u00e9sident Barnab\u00e9 MUAKADI MUAMBA, Directeur G\u00e9n\u00e9ral de la DGI RDC Les Administrateurs M. Didier Leemans &#8211;\u00a0BELGIQUEMme Maryse Lavigne &#8211; CANADAMme Ad\u00e8le LIEBER &#8211; FRANCEM. Nicolas YENOUSSI, Administrateur, repr\u00e9sent\u00e9 par M. Benito&hellip;","_links":{"self":[{"href":"https:\/\/credaf.org\/en\/wp-json\/wp\/v2\/pages\/430","targetHints":{"allow":["GET"]}}],"collection":[{"href":"https:\/\/credaf.org\/en\/wp-json\/wp\/v2\/pages"}],"about":[{"href":"https:\/\/credaf.org\/en\/wp-json\/wp\/v2\/types\/page"}],"author":[{"embeddable":true,"href":"https:\/\/credaf.org\/en\/wp-json\/wp\/v2\/users\/13"}],"replies":[{"embeddable":true,"href":"https:\/\/credaf.org\/en\/wp-json\/wp\/v2\/comments?post=430"}],"version-history":[{"count":0,"href":"https:\/\/credaf.org\/en\/wp-json\/wp\/v2\/pages\/430\/revisions"}],"wp:attachment":[{"href":"https:\/\/credaf.org\/en\/wp-json\/wp\/v2\/media?parent=430"}],"curies":[{"name":"wp","href":"https:\/\/api.w.org\/{rel}","templated":true}]}}