{"id":431,"date":"2016-08-29T02:28:55","date_gmt":"2016-08-29T00:28:55","guid":{"rendered":"http:\/\/credaf.org\/?page_id=431"},"modified":"2025-04-24T19:58:22","modified_gmt":"2025-04-24T17:58:22","slug":"adhesion-2","status":"publish","type":"page","link":"https:\/\/credaf.org\/en\/adhesion-2\/","title":{"rendered":"Membership"},"content":{"rendered":"<div data-elementor-type=\"wp-page\" data-elementor-id=\"431\" class=\"elementor elementor-431\">\n\t\t\t\t\t\t<section class=\"elementor-section elementor-top-section elementor-element elementor-element-10959be9 elementor-section-boxed elementor-section-height-default elementor-section-height-default wpr-particle-no wpr-jarallax-no wpr-parallax-no wpr-sticky-section-no wpr-equal-height-no\" data-id=\"10959be9\" data-element_type=\"section\" data-e-type=\"section\">\n\t\t\t\t\t\t<div class=\"elementor-container elementor-column-gap-default\">\n\t\t\t\t\t<div class=\"elementor-column elementor-col-100 elementor-top-column elementor-element elementor-element-41d1448e\" data-id=\"41d1448e\" data-element_type=\"column\" data-e-type=\"column\">\n\t\t\t<div class=\"elementor-widget-wrap elementor-element-populated\">\n\t\t\t\t\t\t<div class=\"elementor-element elementor-element-754631a5 elementor-widget elementor-widget-text-editor\" data-id=\"754631a5\" data-element_type=\"widget\" data-e-type=\"widget\" data-widget_type=\"text-editor.default\">\n\t\t\t\t<div class=\"elementor-widget-container\">\n\t\t\t\t\t\t\t\t\t<p><strong style=\"color: #030303; font-family: Roboto; font-size: 32px;\">To become a member of CREDAF<\/strong><\/p><p><span style=\"color: var( --e-global-color-text ); font-family: var( --e-global-typography-text-font-family ), Sans-serif; font-weight: var( --e-global-typography-text-font-weight );\">The heads of tax administrations, accredited by their supervisory Minister, send a request to the CREDAF secretariat.<\/span><\/p><p><strong>A form will then be sent to them,<\/strong> accompagn\u00e9 des statuts du CREDAF. Une fois ce document compl\u00e9t\u00e9, il devra \u00eatre achemin\u00e9 au secr\u00e9tariat qui le remettra au Bureau pour l&rsquo;examen de la demande.<\/p><p><strong>Admissions are confirmed<\/strong> by the General Assembly which follows the Bureau meeting and which future members attend.<\/p><p><strong style=\"color: var( --e-global-color-text ); font-family: var( --e-global-typography-text-font-family ), Sans-serif;\">By their application for admission, future members undertake:<\/strong><\/p><p style=\"padding-left: 40px;\">&#8211; \u00e0 adh\u00e9rer aux statuts du CREDAF,<\/p><p style=\"padding-left: 40px;\">&#8211; \u00e0 coop\u00e9rer pour aider le CREDAF \u00e0 atteindre ses objectifs,<\/p><p style=\"padding-left: 40px;\">&#8211; \u00e0 faciliter les \u00e9changes d&rsquo;exp\u00e9riences et de documents,<\/p><p style=\"padding-left: 40px;\">&#8211; \u00e0 verser leur cotisation annuelle pour assurer le fonctionnement du CREDAF.<\/p>\t\t\t\t\t\t\t\t<\/div>\n\t\t\t\t<\/div>\n\t\t\t\t\t<\/div>\n\t\t<\/div>\n\t\t\t\t\t<\/div>\n\t\t<\/section>\n\t\t\t\t<\/div>\n\t\t<!-- AddThis Advanced Settings generic via filter on the_content --><!-- AddThis Share Buttons generic via filter on the_content --><!-- AddThis Related Posts generic via filter on the_content -->","protected":false},"excerpt":{"rendered":"<p>Pour devenir membre du CREDAF Les Dirigeants des administrations fiscales, accr\u00e9dit\u00e9s par leur Ministre de tutelle, adressent une demande au secr\u00e9tariat du CREDAF. Un formulaire leur sera alors adress\u00e9, accompagn\u00e9 des statuts du CREDAF. Une fois ce document compl\u00e9t\u00e9, il devra \u00eatre achemin\u00e9 au secr\u00e9tariat qui le remettra au Bureau pour l&rsquo;examen de la demande. Les admissions sont confirm\u00e9es par<\/p>","protected":false},"author":13,"featured_media":0,"parent":0,"menu_order":0,"comment_status":"closed","ping_status":"closed","template":"","meta":{"_acf_changed":false,"footnotes":""},"class_list":["post-431","page","type-page","status-publish","hentry"],"acf":[],"yoast_head":"<!-- This site is optimized with the Yoast SEO plugin v27.4 - https:\/\/yoast.com\/product\/yoast-seo-wordpress\/ -->\n<title>Adh\u00e9sion - Modalit\u00e9s pour devenir membre du CREDAF<\/title>\n<meta name=\"description\" content=\"Les Dirigeants des administrations fiscales, accr\u00e9dit\u00e9s par leur Ministre de tutelle, adressent une demande au secr\u00e9tariat du CREDAF. Un formulaire leur sera alors adress\u00e9, accompagn\u00e9 des statuts du Centre. Ce document compl\u00e9t\u00e9 sera renvoy\u00e9 au secr\u00e9tariat qui le remettra au Bureau pour examen de la demande.\" \/>\n<meta name=\"robots\" content=\"index, follow, max-snippet:-1, max-image-preview:large, max-video-preview:-1\" \/>\n<link rel=\"canonical\" href=\"https:\/\/credaf.org\/en\/adhesion-2\/\" \/>\n<meta property=\"og:locale\" content=\"en_US\" \/>\n<meta property=\"og:type\" content=\"article\" \/>\n<meta property=\"og:title\" content=\"Adh\u00e9sion - Modalit\u00e9s pour devenir membre du CREDAF\" \/>\n<meta property=\"og:description\" content=\"Les Dirigeants des administrations fiscales, accr\u00e9dit\u00e9s par leur Ministre de tutelle, adressent une demande au secr\u00e9tariat du CREDAF. Un formulaire leur sera alors adress\u00e9, accompagn\u00e9 des statuts du Centre. Ce document compl\u00e9t\u00e9 sera renvoy\u00e9 au secr\u00e9tariat qui le remettra au Bureau pour examen de la demande.\" \/>\n<meta property=\"og:url\" content=\"https:\/\/credaf.org\/en\/adhesion-2\/\" \/>\n<meta property=\"article:modified_time\" content=\"2025-04-24T17:58:22+00:00\" \/>\n<meta name=\"twitter:card\" content=\"summary_large_image\" \/>\n<meta name=\"twitter:label1\" content=\"Est. reading time\" \/>\n\t<meta name=\"twitter:data1\" content=\"1 minute\" \/>\n<script type=\"application\/ld+json\" class=\"yoast-schema-graph\">{\"@context\":\"https:\\\/\\\/schema.org\",\"@graph\":[{\"@type\":\"WebPage\",\"@id\":\"https:\\\/\\\/credaf.org\\\/adhesion-2\\\/\",\"url\":\"https:\\\/\\\/credaf.org\\\/adhesion-2\\\/\",\"name\":\"Adh\u00e9sion - Modalit\u00e9s pour devenir membre du CREDAF\",\"isPartOf\":{\"@id\":\"https:\\\/\\\/credaf.org\\\/#website\"},\"datePublished\":\"2016-08-29T00:28:55+00:00\",\"dateModified\":\"2025-04-24T17:58:22+00:00\",\"description\":\"Les Dirigeants des administrations fiscales, accr\u00e9dit\u00e9s par leur Ministre de tutelle, adressent une demande au secr\u00e9tariat du CREDAF. Un formulaire leur sera alors adress\u00e9, accompagn\u00e9 des statuts du Centre. Ce document compl\u00e9t\u00e9 sera renvoy\u00e9 au secr\u00e9tariat qui le remettra au Bureau pour examen de la demande.\",\"breadcrumb\":{\"@id\":\"https:\\\/\\\/credaf.org\\\/adhesion-2\\\/#breadcrumb\"},\"inLanguage\":\"en-US\",\"potentialAction\":[{\"@type\":\"ReadAction\",\"target\":[\"https:\\\/\\\/credaf.org\\\/adhesion-2\\\/\"]}]},{\"@type\":\"BreadcrumbList\",\"@id\":\"https:\\\/\\\/credaf.org\\\/adhesion-2\\\/#breadcrumb\",\"itemListElement\":[{\"@type\":\"ListItem\",\"position\":1,\"name\":\"Accueil\",\"item\":\"https:\\\/\\\/credaf.org\\\/\"},{\"@type\":\"ListItem\",\"position\":2,\"name\":\"Adh\u00e9sion\"}]},{\"@type\":\"WebSite\",\"@id\":\"https:\\\/\\\/credaf.org\\\/#website\",\"url\":\"https:\\\/\\\/credaf.org\\\/\",\"name\":\"\",\"description\":\"\",\"potentialAction\":[{\"@type\":\"SearchAction\",\"target\":{\"@type\":\"EntryPoint\",\"urlTemplate\":\"https:\\\/\\\/credaf.org\\\/?s={search_term_string}\"},\"query-input\":{\"@type\":\"PropertyValueSpecification\",\"valueRequired\":true,\"valueName\":\"search_term_string\"}}],\"inLanguage\":\"en-US\"}]}<\/script>\n<!-- \/ Yoast SEO plugin. -->","yoast_head_json":{"title":"Adh\u00e9sion - Modalit\u00e9s pour devenir membre du CREDAF","description":"Les Dirigeants des administrations fiscales, accr\u00e9dit\u00e9s par leur Ministre de tutelle, adressent une demande au secr\u00e9tariat du CREDAF. Un formulaire leur sera alors adress\u00e9, accompagn\u00e9 des statuts du Centre. Ce document compl\u00e9t\u00e9 sera renvoy\u00e9 au secr\u00e9tariat qui le remettra au Bureau pour examen de la demande.","robots":{"index":"index","follow":"follow","max-snippet":"max-snippet:-1","max-image-preview":"max-image-preview:large","max-video-preview":"max-video-preview:-1"},"canonical":"https:\/\/credaf.org\/en\/adhesion-2\/","og_locale":"en_US","og_type":"article","og_title":"Adh\u00e9sion - Modalit\u00e9s pour devenir membre du CREDAF","og_description":"Les Dirigeants des administrations fiscales, accr\u00e9dit\u00e9s par leur Ministre de tutelle, adressent une demande au secr\u00e9tariat du CREDAF. Un formulaire leur sera alors adress\u00e9, accompagn\u00e9 des statuts du Centre. Ce document compl\u00e9t\u00e9 sera renvoy\u00e9 au secr\u00e9tariat qui le remettra au Bureau pour examen de la demande.","og_url":"https:\/\/credaf.org\/en\/adhesion-2\/","article_modified_time":"2025-04-24T17:58:22+00:00","twitter_card":"summary_large_image","twitter_misc":{"Est. reading time":"1 minute"},"schema":{"@context":"https:\/\/schema.org","@graph":[{"@type":"WebPage","@id":"https:\/\/credaf.org\/adhesion-2\/","url":"https:\/\/credaf.org\/adhesion-2\/","name":"Adh\u00e9sion - Modalit\u00e9s pour devenir membre du CREDAF","isPartOf":{"@id":"https:\/\/credaf.org\/#website"},"datePublished":"2016-08-29T00:28:55+00:00","dateModified":"2025-04-24T17:58:22+00:00","description":"Les Dirigeants des administrations fiscales, accr\u00e9dit\u00e9s par leur Ministre de tutelle, adressent une demande au secr\u00e9tariat du CREDAF. Un formulaire leur sera alors adress\u00e9, accompagn\u00e9 des statuts du Centre. Ce document compl\u00e9t\u00e9 sera renvoy\u00e9 au secr\u00e9tariat qui le remettra au Bureau pour examen de la demande.","breadcrumb":{"@id":"https:\/\/credaf.org\/adhesion-2\/#breadcrumb"},"inLanguage":"en-US","potentialAction":[{"@type":"ReadAction","target":["https:\/\/credaf.org\/adhesion-2\/"]}]},{"@type":"BreadcrumbList","@id":"https:\/\/credaf.org\/adhesion-2\/#breadcrumb","itemListElement":[{"@type":"ListItem","position":1,"name":"Accueil","item":"https:\/\/credaf.org\/"},{"@type":"ListItem","position":2,"name":"Adh\u00e9sion"}]},{"@type":"WebSite","@id":"https:\/\/credaf.org\/#website","url":"https:\/\/credaf.org\/","name":"","description":"","potentialAction":[{"@type":"SearchAction","target":{"@type":"EntryPoint","urlTemplate":"https:\/\/credaf.org\/?s={search_term_string}"},"query-input":{"@type":"PropertyValueSpecification","valueRequired":true,"valueName":"search_term_string"}}],"inLanguage":"en-US"}]}},"rttpg_featured_image_url":null,"rttpg_author":{"display_name":"sgcredaf","author_link":"https:\/\/credaf.org\/en\/author\/sgcredaf\/"},"rttpg_comment":0,"rttpg_category":null,"rttpg_excerpt":"Pour devenir membre du CREDAF Les Dirigeants des administrations fiscales, accr\u00e9dit\u00e9s par leur Ministre de tutelle, adressent une demande au secr\u00e9tariat du CREDAF. Un formulaire leur sera alors adress\u00e9, accompagn\u00e9 des statuts du CREDAF. Une fois ce document compl\u00e9t\u00e9, il devra \u00eatre achemin\u00e9 au secr\u00e9tariat qui le remettra au Bureau pour l&rsquo;examen de la demande.&hellip;","_links":{"self":[{"href":"https:\/\/credaf.org\/en\/wp-json\/wp\/v2\/pages\/431","targetHints":{"allow":["GET"]}}],"collection":[{"href":"https:\/\/credaf.org\/en\/wp-json\/wp\/v2\/pages"}],"about":[{"href":"https:\/\/credaf.org\/en\/wp-json\/wp\/v2\/types\/page"}],"author":[{"embeddable":true,"href":"https:\/\/credaf.org\/en\/wp-json\/wp\/v2\/users\/13"}],"replies":[{"embeddable":true,"href":"https:\/\/credaf.org\/en\/wp-json\/wp\/v2\/comments?post=431"}],"version-history":[{"count":0,"href":"https:\/\/credaf.org\/en\/wp-json\/wp\/v2\/pages\/431\/revisions"}],"wp:attachment":[{"href":"https:\/\/credaf.org\/en\/wp-json\/wp\/v2\/media?parent=431"}],"curies":[{"name":"wp","href":"https:\/\/api.w.org\/{rel}","templated":true}]}}