{"id":436,"date":"2016-08-29T02:32:58","date_gmt":"2016-08-29T00:32:58","guid":{"rendered":"http:\/\/credaf.org\/?page_id=436"},"modified":"2024-12-03T19:25:39","modified_gmt":"2024-12-03T18:25:39","slug":"colloques","status":"publish","type":"page","link":"https:\/\/credaf.org\/en\/colloques\/","title":{"rendered":"Conferences"},"content":{"rendered":"<div data-elementor-type=\"wp-page\" data-elementor-id=\"436\" class=\"elementor elementor-436\">\n\t\t\t\t<div class=\"elementor-element elementor-element-b63f325 e-flex e-con-boxed wpr-particle-no wpr-jarallax-no wpr-parallax-no wpr-sticky-section-no wpr-equal-height-no e-con e-parent\" data-id=\"b63f325\" data-element_type=\"container\" data-e-type=\"container\">\n\t\t\t\t\t<div class=\"e-con-inner\">\n\t\t\t\t<div class=\"elementor-element elementor-element-0a50337 elementor-widget elementor-widget-heading\" data-id=\"0a50337\" data-element_type=\"widget\" data-e-type=\"widget\" data-widget_type=\"heading.default\">\n\t\t\t\t<div class=\"elementor-widget-container\">\n\t\t\t\t\t<h2 class=\"elementor-heading-title elementor-size-default\">CREDAF's Conferences<\/h2>\t\t\t\t<\/div>\n\t\t\t\t<\/div>\n\t\t\t\t\t<\/div>\n\t\t\t\t<\/div>\n\t\t<div class=\"elementor-element elementor-element-0dc1a57 e-flex e-con-boxed wpr-particle-no wpr-jarallax-no wpr-parallax-no wpr-sticky-section-no wpr-equal-height-no e-con e-parent\" data-id=\"0dc1a57\" data-element_type=\"container\" data-e-type=\"container\">\n\t\t\t\t\t<div class=\"e-con-inner\">\n\t\t\t\t<div class=\"elementor-element elementor-element-170213f elementor-widget elementor-widget-text-editor\" data-id=\"170213f\" data-element_type=\"widget\" data-e-type=\"widget\" data-widget_type=\"text-editor.default\">\n\t\t\t\t<div class=\"elementor-widget-container\">\n\t\t\t\t\t\t\t\t\t<p><span style=\"text-align: justify; color: var( --e-global-color-text ); font-family: var( --e-global-typography-text-font-family ), Sans-serif; font-weight: var( --e-global-typography-text-font-weight );\">The conference is the time of year when all the leaders of CREDAF member administrations and representatives of numerous international organizations, academics and even experts in the field of taxation come together. For three days, participants reflect, exchange and debate around the chosen theme(s).<\/span><\/p><p style=\"text-align: justify;\">To encourage reflection, round tables and presentations involving members of CREDAF and external experts precede the debates. The work also takes the form of workshops and commissions organized in sub-groups, which allow for more in-depth discussions.<\/p><p style=\"text-align: justify;\">The conference is also an opportunity to bring together the CREDAF General Assembly each year.<\/p>\t\t\t\t\t\t\t\t<\/div>\n\t\t\t\t<\/div>\n\t\t\t\t\t<\/div>\n\t\t\t\t<\/div>\n\t\t<div class=\"elementor-element elementor-element-029d24c e-flex e-con-boxed wpr-particle-no wpr-jarallax-no wpr-parallax-no wpr-sticky-section-no wpr-equal-height-no e-con e-parent\" data-id=\"029d24c\" data-element_type=\"container\" data-e-type=\"container\">\n\t\t\t\t\t<div class=\"e-con-inner\">\n\t\t\t\t<div class=\"elementor-element elementor-element-d12d9e0 elementor-widget-divider--view-line_text elementor-widget-divider--element-align-center elementor-widget elementor-widget-divider\" data-id=\"d12d9e0\" data-element_type=\"widget\" data-e-type=\"widget\" data-widget_type=\"divider.default\">\n\t\t\t\t<div class=\"elementor-widget-container\">\n\t\t\t\t\t\t\t<div class=\"elementor-divider\">\n\t\t\t<span class=\"elementor-divider-separator\">\n\t\t\t\t\t\t\t<span class=\"elementor-divider__text elementor-divider__element\">\n\t\t\t\tSUMMARY TABLE OF THEMES ADDRESSED DURING THE CONFERENCES\t\t\t\t<\/span>\n\t\t\t\t\t\t<\/span>\n\t\t<\/div>\n\t\t\t\t\t\t<\/div>\n\t\t\t\t<\/div>\n\t\t\t\t\t<\/div>\n\t\t\t\t<\/div>\n\t\t\t\t<section class=\"elementor-section elementor-top-section elementor-element elementor-element-1d709edc elementor-section-boxed elementor-section-height-default elementor-section-height-default wpr-particle-no wpr-jarallax-no wpr-parallax-no wpr-sticky-section-no wpr-equal-height-no\" data-id=\"1d709edc\" data-element_type=\"section\" data-e-type=\"section\">\n\t\t\t\t\t\t<div class=\"elementor-container elementor-column-gap-default\">\n\t\t\t\t\t<div class=\"elementor-column elementor-col-100 elementor-top-column elementor-element elementor-element-3723a2f8\" data-id=\"3723a2f8\" data-element_type=\"column\" data-e-type=\"column\">\n\t\t\t<div class=\"elementor-widget-wrap elementor-element-populated\">\n\t\t\t\t\t\t<div class=\"elementor-element elementor-element-22180df3 elementor-widget elementor-widget-text-editor\" data-id=\"22180df3\" data-element_type=\"widget\" data-e-type=\"widget\" data-widget_type=\"text-editor.default\">\n\t\t\t\t<div class=\"elementor-widget-container\">\n\t\t\t\t\t\t\t\t\t<p style=\"text-align: left;\"><span style=\"text-wrap: nowrap; color: var( --e-global-color-text ); font-family: var( --e-global-typography-text-font-family ), Sans-serif; font-weight: var( --e-global-typography-text-font-weight );\">Display<\/span><select class=\"\" name=\"tablepress-2_length\" aria-controls=\"tablepress-2\"><option value=\"10\">10<\/option><option value=\"25\">25<\/option><option value=\"50\">50<\/option><option value=\"100\">100<\/option><\/select><span style=\"text-wrap: nowrap; color: var( --e-global-color-text ); font-family: var( --e-global-typography-text-font-family ), Sans-serif; font-weight: var( --e-global-typography-text-font-weight );\">items<\/span><\/p><div id=\"tablepress-2_wrapper\" class=\"dataTables_wrapper no-footer\"><table class=\"jexcel jexcel_overflow\" cellspacing=\"0\" cellpadding=\"0\"><colgroup><col width=\"50\" \/><col width=\"170\" \/><col width=\"170\" \/><col width=\"170\" \/><\/colgroup><thead class=\"draggable resizable\"><tr><td class=\"jexcel_selectall\">\u00a0<\/td><td class=\"selected\" data-x=\"0\">A<\/td><td class=\"selected\" data-x=\"1\">B<\/td><td class=\"selected\" data-x=\"2\">C<\/td><\/tr><\/thead><tbody class=\"draggable resizable\"><tr class=\"head-row\" data-y=\"0\"><td class=\"jexcel_row\" data-y=\"0\">1<\/td><td class=\"\" data-x=\"0\" data-y=\"0\"><div>Ann\u00e9e<\/div><\/td><td data-x=\"1\" data-y=\"0\"><div>Country<\/div><\/td><td data-x=\"2\" data-y=\"0\"><div>Themes<\/div><\/td><\/tr><tr data-y=\"1\"><td class=\"jexcel_row\" data-y=\"1\">2<\/td><td data-x=\"0\" data-y=\"1\"><div>2024<\/div><\/td><td data-x=\"1\" data-y=\"1\"><div>IVORY COAST<\/div><\/td><td data-x=\"2\" data-y=\"1\"><div>L\u2019audit et le contr\u00f4le internes dans l\u2019administration fiscale.<\/div><\/td><\/tr><tr data-y=\"2\"><td class=\"jexcel_row\" data-y=\"2\">3<\/td><td data-x=\"0\" data-y=\"2\"><div>2022<\/div><\/td><td data-x=\"1\" data-y=\"2\"><div>FRANCE<\/div><\/td><td data-x=\"2\" data-y=\"2\"><div>La maitrise et la valorisation des donn\u00e9es, un enjeu fiscal strat\u00e9gique<\/div><\/td><\/tr><tr data-y=\"3\"><td class=\"jexcel_row\" data-y=\"3\">4<\/td><td data-x=\"0\" data-y=\"3\"><div>2019<\/div><\/td><td data-x=\"1\" data-y=\"3\"><div>CAMEROUN<\/div><\/td><td data-x=\"2\" data-y=\"3\"><div>Digital technology for broadening the tax base<\/div><\/td><\/tr><tr data-y=\"4\"><td class=\"jexcel_row\" data-y=\"4\">5<\/td><td data-x=\"0\" data-y=\"4\"><div>2018<\/div><\/td><td data-x=\"1\" data-y=\"4\"><div>HA\u00cfTI<\/div><\/td><td data-x=\"2\" data-y=\"4\"><div>Consent to tax and accountability<\/div><\/td><\/tr><tr data-y=\"5\"><td class=\"jexcel_row\" data-y=\"5\">6<\/td><td data-x=\"0\" data-y=\"5\"><div>2017<\/div><\/td><td data-x=\"1\" data-y=\"5\"><div>TOGO<\/div><\/td><td data-x=\"2\" data-y=\"5\"><div>Mobilization of tax resources<\/div><\/td><\/tr><tr data-y=\"6\"><td class=\"jexcel_row\" data-y=\"6\">7<\/td><td data-x=\"0\" data-y=\"6\"><div>2016<\/div><\/td><td data-x=\"1\" data-y=\"6\"><div>GABON<\/div><\/td><td data-x=\"2\" data-y=\"6\"><div>What HR strategies for a modern and efficient administration?<\/div><\/td><\/tr><tr data-y=\"7\"><td class=\"jexcel_row\" data-y=\"7\">8<\/td><td data-x=\"0\" data-y=\"7\"><div>2015<\/div><\/td><td data-x=\"1\" data-y=\"7\"><div>R\u00c9P. D\u00c9M. DU CONGO<\/div><\/td><td data-x=\"2\" data-y=\"7\"><div>VAT: Issues and problems<\/div><\/td><\/tr><tr data-y=\"8\"><td class=\"jexcel_row\" data-y=\"8\">9<\/td><td data-x=\"0\" data-y=\"8\"><div>2014<\/div><\/td><td data-x=\"1\" data-y=\"8\"><div>IVORY COAST<\/div><\/td><td data-x=\"2\" data-y=\"8\"><div>Internal audit and control<\/div><\/td><\/tr><tr data-y=\"9\"><td class=\"jexcel_row\" data-y=\"9\">10<\/td><td data-x=\"0\" data-y=\"9\"><div>2013<\/div><\/td><td data-x=\"1\" data-y=\"9\"><div>CONGO<\/div><\/td><td data-x=\"2\" data-y=\"9\"><div>International taxation<\/div><\/td><\/tr><tr data-y=\"10\"><td class=\"jexcel_row\" data-y=\"10\">11<\/td><td data-x=\"0\" data-y=\"10\"><div>2012<\/div><\/td><td data-x=\"1\" data-y=\"10\"><div>LEBANON<\/div><\/td><td data-x=\"2\" data-y=\"10\"><div>Computerization of tax administration<\/div><\/td><\/tr><tr data-y=\"11\"><td class=\"jexcel_row\" data-y=\"11\">12<\/td><td data-x=\"0\" data-y=\"11\"><div>2011<\/div><\/td><td data-x=\"1\" data-y=\"11\"><div>ALGERIA<\/div><\/td><td data-x=\"2\" data-y=\"11\"><div>Organization of tax administration and performance<\/div><\/td><\/tr><tr data-y=\"12\"><td class=\"jexcel_row\" data-y=\"12\">13<\/td><td data-x=\"0\" data-y=\"12\"><div>2010<\/div><\/td><td data-x=\"1\" data-y=\"12\"><div>S\u00c9N\u00c9GAL<\/div><\/td><td data-x=\"2\" data-y=\"12\"><div>The tax audit<\/div><\/td><\/tr><tr data-y=\"13\"><td class=\"jexcel_row\" data-y=\"13\">14<\/td><td data-x=\"0\" data-y=\"13\"><div>2009<\/div><\/td><td data-x=\"1\" data-y=\"13\"><div>CANADA<\/div><\/td><td data-x=\"2\" data-y=\"13\"><div>Administrative and jurisdictional tax litigation<\/div><\/td><\/tr><tr data-y=\"14\"><td class=\"jexcel_row\" data-y=\"14\">15<\/td><td data-x=\"0\" data-y=\"14\"><div>2008<\/div><\/td><td data-x=\"1\" data-y=\"14\"><div>B\u00c9NIN<\/div><\/td><td data-x=\"2\" data-y=\"14\"><div>L\u2019administration de service : la relation \u00e0 l\u2019usager et le civisme fiscal<\/div><\/td><\/tr><tr data-y=\"15\"><td class=\"jexcel_row\" data-y=\"15\">16<\/td><td data-x=\"0\" data-y=\"15\"><div>2007<\/div><\/td><td data-x=\"1\" data-y=\"15\"><div>TOGO<\/div><\/td><td data-x=\"2\" data-y=\"15\"><div>Le secteur informel<\/div><\/td><\/tr><tr data-y=\"16\"><td class=\"jexcel_row\" data-y=\"16\">17<\/td><td data-x=\"0\" data-y=\"16\"><div>2006<\/div><\/td><td data-x=\"1\" data-y=\"16\"><div>BELGIQUE<\/div><\/td><td data-x=\"2\" data-y=\"16\"><div>La gestion des ressources humaines<\/div><\/td><\/tr><tr data-y=\"17\"><td class=\"jexcel_row\" data-y=\"17\">18<\/td><td data-x=\"0\" data-y=\"17\"><div>2005<\/div><\/td><td data-x=\"1\" data-y=\"17\"><div>NIGER<\/div><\/td><td data-x=\"2\" data-y=\"17\"><div>L\u2019optimisation du rendement de la TVA<\/div><\/td><\/tr><tr data-y=\"18\"><td class=\"jexcel_row\" data-y=\"18\">19<\/td><td data-x=\"0\" data-y=\"18\"><div>2004<\/div><\/td><td data-x=\"1\" data-y=\"18\"><div>MOROCCO<\/div><\/td><td data-x=\"2\" data-y=\"18\"><div>La mise en \u0153uvre des orientations strat\u00e9giques de l\u2019administration fiscale L\u2019appui au contr\u00f4le fiscal L\u2019arbitrage des choix<\/div><\/td><\/tr><tr data-y=\"19\"><td class=\"jexcel_row\" data-y=\"19\">20<\/td><td data-x=\"0\" data-y=\"19\"><div>2003<\/div><\/td><td data-x=\"1\" data-y=\"19\"><div>MALI<\/div><\/td><td data-x=\"2\" data-y=\"19\"><div>La recherche d\u2019une plus grande performance de l\u2019administration fiscale Ordonnateurs et comptables La fiscalit\u00e9 locale<\/div><\/td><\/tr><tr data-y=\"20\"><td class=\"jexcel_row\" data-y=\"20\">21<\/td><td data-x=\"0\" data-y=\"20\"><div>2002<\/div><\/td><td data-x=\"1\" data-y=\"20\"><div>CAMEROUN<\/div><\/td><td data-x=\"2\" data-y=\"20\"><div>L\u2019administration fiscale au service du contribuable La refonte du syst\u00e8me d\u2019information (France) La modernisation de l\u2019administration fiscale (Belgique)<\/div><\/td><\/tr><tr data-y=\"21\"><td class=\"jexcel_row\" data-y=\"21\">22<\/td><td data-x=\"0\" data-y=\"21\"><div>2001<\/div><\/td><td data-x=\"1\" data-y=\"21\"><div>ALGERIA<\/div><\/td><td data-x=\"2\" data-y=\"21\"><div>L\u2019\u00e9volution strat\u00e9gique de l\u2019administration fiscale Le contrat d\u2019objectifs et de moyens L\u2019Agence des Douanes et du Revenu du Canada<\/div><\/td><\/tr><tr data-y=\"22\"><td class=\"jexcel_row\" data-y=\"22\">23<\/td><td data-x=\"0\" data-y=\"22\"><div>2000<\/div><\/td><td data-x=\"1\" data-y=\"22\"><div>TUNISIE<\/div><\/td><td data-x=\"2\" data-y=\"22\"><div>Le contr\u00f4le fiscal Les prix de transfert La direction des grandes entreprises<\/div><\/td><\/tr><tr data-y=\"23\"><td class=\"jexcel_row\" data-y=\"23\">24<\/td><td data-x=\"0\" data-y=\"23\"><div>1999<\/div><\/td><td data-x=\"1\" data-y=\"23\"><div>FRANCE<\/div><\/td><td data-x=\"2\" data-y=\"23\"><div>Le pilotage de l\u2019administration fiscale L\u2019optimisation du Recouvrement La gestion et le contr\u00f4le des P.M.E. La fiscalit\u00e9 et le commerce \u00e9lectronique<\/div><\/td><\/tr><tr data-y=\"24\"><td class=\"jexcel_row\" data-y=\"24\">25<\/td><td data-x=\"0\" data-y=\"24\"><div>1998<\/div><\/td><td data-x=\"1\" data-y=\"24\"><div>IVORY COAST<\/div><\/td><td data-x=\"2\" data-y=\"24\"><div>L\u2019optimisation de la TVA Les relations entre l\u2019Administration et les usagers (accueil, information, sensibilisation et \u00e9coute) La gestion des emplois Le centre de gestion agr\u00e9\u00e9 L\u2019informatisation des services fiscaux ivoiriens Le centre de gestion agr\u00e9\u00e9 \u00e0 travers le SYSCOA<\/div><\/td><\/tr><tr data-y=\"25\"><td class=\"jexcel_row\" data-y=\"25\">26<\/td><td data-x=\"0\" data-y=\"25\"><div>1997<\/div><\/td><td data-x=\"1\" data-y=\"25\"><div>B\u00c9NIN<\/div><\/td><td data-x=\"2\" data-y=\"25\"><div>Le contentieux de l\u2019imp\u00f4t La TVA, taux unique ou taux multiples, quel choix ? Le registre urbain foncier Le cadastre Evaluation du projet PIAF La d\u00e9valuation mon\u00e9taire et ses r\u00e9percussions sur la fiscalit\u00e9<\/div><\/td><\/tr><tr data-y=\"26\"><td class=\"jexcel_row\" data-y=\"26\">27<\/td><td data-x=\"0\" data-y=\"26\"><div>1996<\/div><\/td><td data-x=\"1\" data-y=\"26\"><div>MAURITANIE<\/div><\/td><td data-x=\"2\" data-y=\"26\"><div>La gestion de l\u2019assiette de l\u2019imp\u00f4t La s\u00e9curit\u00e9 de l\u2019imp\u00f4t L\u2019harmonisation fiscale europ\u00e9enne L\u2019harmonisation des fiscalistes au sein de l\u2019UEMOA Le r\u00f4le de l\u2019imp\u00f4t dans les programmes d\u2019ajustement structurel<\/div><\/td><\/tr><tr data-y=\"27\"><td class=\"jexcel_row\" data-y=\"27\">28<\/td><td data-x=\"0\" data-y=\"27\"><div>1995<\/div><\/td><td data-x=\"1\" data-y=\"27\"><div>BURKINA FASO<\/div><\/td><td data-x=\"2\" data-y=\"27\"><div>La gestion des ressources humaines Le contr\u00f4le des services Le consentement \u00e0 l\u2019imp\u00f4t Le secteur informel PIAF<\/div><\/td><\/tr><tr data-y=\"28\"><td class=\"jexcel_row\" data-y=\"28\">29<\/td><td data-x=\"0\" data-y=\"28\"><div>1994<\/div><\/td><td data-x=\"1\" data-y=\"28\"><div>BELGIQUE<\/div><\/td><td data-x=\"2\" data-y=\"28\"><div>La coh\u00e9rence globale du syst\u00e8me fiscal La lutte contre la fraude fiscale internationale La synergie entre administrations fiscales<\/div><\/td><\/tr><tr data-y=\"29\"><td class=\"jexcel_row\" data-y=\"29\">30<\/td><td data-x=\"0\" data-y=\"29\"><div>1993<\/div><\/td><td data-x=\"1\" data-y=\"29\"><div>GABON<\/div><\/td><td data-x=\"2\" data-y=\"29\"><div>La mobilisation des ressources (gestion des informations fonci\u00e8res, lutte contre le secteur informel)<\/div><\/td><\/tr><tr class=\"selected\" data-y=\"30\"><td class=\"jexcel_row\" data-y=\"30\">31<\/td><td class=\"highlight-selected highlight highlight-top highlight-left\" data-x=\"0\" data-y=\"30\"><div>1992<\/div><\/td><td class=\"highlight highlight-top\" data-x=\"1\" data-y=\"30\"><div>CANADA<\/div><\/td><td class=\"highlight highlight-top highlight-right\" data-x=\"2\" data-y=\"30\"><div>Les grands d\u00e9fis de l\u2019administration fiscale<\/div><\/td><\/tr><tr class=\"selected\" data-y=\"31\"><td class=\"jexcel_row\" data-y=\"31\">32<\/td><td class=\"highlight highlight-left\" data-x=\"0\" data-y=\"31\"><div>1991<\/div><\/td><td class=\"highlight\" data-x=\"1\" data-y=\"31\"><div>FRANCE<\/div><\/td><td class=\"highlight highlight-right\" data-x=\"2\" data-y=\"31\"><div>La formation professionnelle<\/div><\/td><\/tr><tr class=\"selected\" data-y=\"32\"><td class=\"jexcel_row\" data-y=\"32\">33<\/td><td class=\"highlight highlight-left\" data-x=\"0\" data-y=\"32\"><div>1990<\/div><\/td><td class=\"highlight\" data-x=\"1\" data-y=\"32\"><div>MOROCCO<\/div><\/td><td class=\"highlight highlight-right\" data-x=\"2\" data-y=\"32\"><div>Le r\u00f4le de la fiscalit\u00e9 dans le financement des collectivit\u00e9s locales L\u2019organisation de l\u2019administration fiscale<\/div><\/td><\/tr><tr class=\"selected\" data-y=\"33\"><td class=\"jexcel_row\" data-y=\"33\">34<\/td><td class=\"highlight highlight-left\" data-x=\"0\" data-y=\"33\"><div>1989<\/div><\/td><td class=\"highlight\" data-x=\"1\" data-y=\"33\"><div>S\u00c9N\u00c9GAL<\/div><\/td><td class=\"highlight highlight-right\" data-x=\"2\" data-y=\"33\"><div>Les relations entre administration et contribuable La fiscalisation du secteur informel L\u2019assistance administrative internationale en mati\u00e8re de lutte contre la fraude et l\u2019\u00e9vasion fiscales internationales<\/div><\/td><\/tr><tr class=\"selected\" data-y=\"34\"><td class=\"jexcel_row\" data-y=\"34\">35<\/td><td class=\"highlight highlight-left\" data-x=\"0\" data-y=\"34\"><div>1988<\/div><\/td><td class=\"highlight\" data-x=\"1\" data-y=\"34\"><div>CONGO<\/div><\/td><td class=\"highlight highlight-right\" data-x=\"2\" data-y=\"34\"><div>L\u2019introduction de la TVA Le recouvrement de l\u2019imp\u00f4t Les march\u00e9s financ\u00e9s par l\u2019ext\u00e9rieur<\/div><\/td><\/tr><tr class=\"selected\" data-y=\"35\"><td class=\"jexcel_row\" data-y=\"35\">36<\/td><td class=\"highlight highlight-left\" data-x=\"0\" data-y=\"35\"><div>1986<\/div><\/td><td class=\"highlight\" data-x=\"1\" data-y=\"35\"><div>TUNISIE<\/div><\/td><td class=\"highlight highlight-right\" data-x=\"2\" data-y=\"35\"><div>L\u2019utilisation de la micro informatique dans les services fiscaux La notion d\u2019\u00e9tablissement stable Fiscalit\u00e9 et exportations<\/div><\/td><\/tr><tr class=\"selected\" data-y=\"36\"><td class=\"jexcel_row\" data-y=\"36\">37<\/td><td class=\"highlight highlight-bottom highlight-left\" data-x=\"0\" data-y=\"36\"><div>1984<\/div><\/td><td class=\"highlight highlight-bottom\" data-x=\"1\" data-y=\"36\"><div>FRANCE<\/div><\/td><td class=\"highlight highlight-bottom highlight-right\" data-x=\"2\" data-y=\"36\"><div>Les modalit\u00e9s de l\u2019organisation et de la surveillance des services La retenue \u00e0 la source en mati\u00e8re d\u2019imp\u00f4t sur le revenu La m\u00e9thodologie permettant de mesurer les besoins des administrations fiscales<\/div><\/td><\/tr><\/tbody><\/table><\/div>\t\t\t\t\t\t\t\t<\/div>\n\t\t\t\t<\/div>\n\t\t\t\t\t<\/div>\n\t\t<\/div>\n\t\t\t\t\t<\/div>\n\t\t<\/section>\n\t\t\t\t<\/div>\n\t\t<!-- AddThis Advanced Settings generic via filter on the_content --><!-- AddThis Share Buttons generic via filter on the_content --><!-- AddThis Related Posts generic via filter on the_content -->","protected":false},"excerpt":{"rendered":"<p>Les Colloques du CREDAF Le colloque est le moment de l\u2019ann\u00e9e o\u00f9 se retrouvent tous les dirigeants des administrations membres du CREDAF et les repr\u00e9sentants de nombreuses organisations internationales, d\u2019universitaires ou encore d\u2019experts dans le domaine de la fiscalit\u00e9. Pendant trois jours, les participants r\u00e9fl\u00e9chissent, \u00e9changent, d\u00e9battent autour du (ou des) th\u00e8me(s) retenu(s). Pour favoriser la r\u00e9flexion, des tables rondes<\/p>","protected":false},"author":13,"featured_media":0,"parent":0,"menu_order":0,"comment_status":"closed","ping_status":"closed","template":"","meta":{"_acf_changed":false,"footnotes":""},"class_list":["post-436","page","type-page","status-publish","hentry"],"acf":[],"yoast_head":"<!-- This site is optimized with the Yoast SEO plugin v27.4 - https:\/\/yoast.com\/product\/yoast-seo-wordpress\/ -->\n<title>Colloques -<\/title>\n<meta name=\"robots\" content=\"index, follow, max-snippet:-1, max-image-preview:large, max-video-preview:-1\" \/>\n<link rel=\"canonical\" href=\"https:\/\/credaf.org\/en\/colloques\/\" \/>\n<meta property=\"og:locale\" content=\"en_US\" \/>\n<meta property=\"og:type\" content=\"article\" \/>\n<meta property=\"og:title\" content=\"Colloques -\" \/>\n<meta property=\"og:description\" content=\"Les Colloques du CREDAF Le colloque est le moment de l\u2019ann\u00e9e o\u00f9 se retrouvent tous les dirigeants des administrations membres du CREDAF et les repr\u00e9sentants de nombreuses organisations internationales, d\u2019universitaires ou encore d\u2019experts dans le domaine de la fiscalit\u00e9. Pendant trois jours, les participants r\u00e9fl\u00e9chissent, \u00e9changent, d\u00e9battent autour du (ou des) th\u00e8me(s) retenu(s). Pour favoriser la r\u00e9flexion, des tables rondes\" \/>\n<meta property=\"og:url\" content=\"https:\/\/credaf.org\/en\/colloques\/\" \/>\n<meta property=\"article:modified_time\" content=\"2024-12-03T18:25:39+00:00\" \/>\n<meta name=\"twitter:card\" content=\"summary_large_image\" \/>\n<meta name=\"twitter:label1\" content=\"Est. reading time\" \/>\n\t<meta name=\"twitter:data1\" content=\"2 minutes\" \/>\n<script type=\"application\/ld+json\" class=\"yoast-schema-graph\">{\"@context\":\"https:\\\/\\\/schema.org\",\"@graph\":[{\"@type\":\"WebPage\",\"@id\":\"https:\\\/\\\/credaf.org\\\/colloques\\\/\",\"url\":\"https:\\\/\\\/credaf.org\\\/colloques\\\/\",\"name\":\"Colloques -\",\"isPartOf\":{\"@id\":\"https:\\\/\\\/credaf.org\\\/#website\"},\"datePublished\":\"2016-08-29T00:32:58+00:00\",\"dateModified\":\"2024-12-03T18:25:39+00:00\",\"breadcrumb\":{\"@id\":\"https:\\\/\\\/credaf.org\\\/colloques\\\/#breadcrumb\"},\"inLanguage\":\"en-US\",\"potentialAction\":[{\"@type\":\"ReadAction\",\"target\":[\"https:\\\/\\\/credaf.org\\\/colloques\\\/\"]}]},{\"@type\":\"BreadcrumbList\",\"@id\":\"https:\\\/\\\/credaf.org\\\/colloques\\\/#breadcrumb\",\"itemListElement\":[{\"@type\":\"ListItem\",\"position\":1,\"name\":\"Accueil\",\"item\":\"https:\\\/\\\/credaf.org\\\/\"},{\"@type\":\"ListItem\",\"position\":2,\"name\":\"Colloques\"}]},{\"@type\":\"WebSite\",\"@id\":\"https:\\\/\\\/credaf.org\\\/#website\",\"url\":\"https:\\\/\\\/credaf.org\\\/\",\"name\":\"\",\"description\":\"\",\"potentialAction\":[{\"@type\":\"SearchAction\",\"target\":{\"@type\":\"EntryPoint\",\"urlTemplate\":\"https:\\\/\\\/credaf.org\\\/?s={search_term_string}\"},\"query-input\":{\"@type\":\"PropertyValueSpecification\",\"valueRequired\":true,\"valueName\":\"search_term_string\"}}],\"inLanguage\":\"en-US\"}]}<\/script>\n<!-- \/ Yoast SEO plugin. -->","yoast_head_json":{"title":"Colloques -","robots":{"index":"index","follow":"follow","max-snippet":"max-snippet:-1","max-image-preview":"max-image-preview:large","max-video-preview":"max-video-preview:-1"},"canonical":"https:\/\/credaf.org\/en\/colloques\/","og_locale":"en_US","og_type":"article","og_title":"Colloques -","og_description":"Les Colloques du CREDAF Le colloque est le moment de l\u2019ann\u00e9e o\u00f9 se retrouvent tous les dirigeants des administrations membres du CREDAF et les repr\u00e9sentants de nombreuses organisations internationales, d\u2019universitaires ou encore d\u2019experts dans le domaine de la fiscalit\u00e9. Pendant trois jours, les participants r\u00e9fl\u00e9chissent, \u00e9changent, d\u00e9battent autour du (ou des) th\u00e8me(s) retenu(s). Pour favoriser la r\u00e9flexion, des tables rondes","og_url":"https:\/\/credaf.org\/en\/colloques\/","article_modified_time":"2024-12-03T18:25:39+00:00","twitter_card":"summary_large_image","twitter_misc":{"Est. reading time":"2 minutes"},"schema":{"@context":"https:\/\/schema.org","@graph":[{"@type":"WebPage","@id":"https:\/\/credaf.org\/colloques\/","url":"https:\/\/credaf.org\/colloques\/","name":"Colloques -","isPartOf":{"@id":"https:\/\/credaf.org\/#website"},"datePublished":"2016-08-29T00:32:58+00:00","dateModified":"2024-12-03T18:25:39+00:00","breadcrumb":{"@id":"https:\/\/credaf.org\/colloques\/#breadcrumb"},"inLanguage":"en-US","potentialAction":[{"@type":"ReadAction","target":["https:\/\/credaf.org\/colloques\/"]}]},{"@type":"BreadcrumbList","@id":"https:\/\/credaf.org\/colloques\/#breadcrumb","itemListElement":[{"@type":"ListItem","position":1,"name":"Accueil","item":"https:\/\/credaf.org\/"},{"@type":"ListItem","position":2,"name":"Colloques"}]},{"@type":"WebSite","@id":"https:\/\/credaf.org\/#website","url":"https:\/\/credaf.org\/","name":"","description":"","potentialAction":[{"@type":"SearchAction","target":{"@type":"EntryPoint","urlTemplate":"https:\/\/credaf.org\/?s={search_term_string}"},"query-input":{"@type":"PropertyValueSpecification","valueRequired":true,"valueName":"search_term_string"}}],"inLanguage":"en-US"}]}},"rttpg_featured_image_url":null,"rttpg_author":{"display_name":"sgcredaf","author_link":"https:\/\/credaf.org\/en\/author\/sgcredaf\/"},"rttpg_comment":0,"rttpg_category":null,"rttpg_excerpt":"Les Colloques du CREDAF Le colloque est le moment de l\u2019ann\u00e9e o\u00f9 se retrouvent tous les dirigeants des administrations membres du CREDAF et les repr\u00e9sentants de nombreuses organisations internationales, d\u2019universitaires ou encore d\u2019experts dans le domaine de la fiscalit\u00e9. Pendant trois jours, les participants r\u00e9fl\u00e9chissent, \u00e9changent, d\u00e9battent autour du (ou des) th\u00e8me(s) retenu(s). Pour favoriser&hellip;","_links":{"self":[{"href":"https:\/\/credaf.org\/en\/wp-json\/wp\/v2\/pages\/436","targetHints":{"allow":["GET"]}}],"collection":[{"href":"https:\/\/credaf.org\/en\/wp-json\/wp\/v2\/pages"}],"about":[{"href":"https:\/\/credaf.org\/en\/wp-json\/wp\/v2\/types\/page"}],"author":[{"embeddable":true,"href":"https:\/\/credaf.org\/en\/wp-json\/wp\/v2\/users\/13"}],"replies":[{"embeddable":true,"href":"https:\/\/credaf.org\/en\/wp-json\/wp\/v2\/comments?post=436"}],"version-history":[{"count":0,"href":"https:\/\/credaf.org\/en\/wp-json\/wp\/v2\/pages\/436\/revisions"}],"wp:attachment":[{"href":"https:\/\/credaf.org\/en\/wp-json\/wp\/v2\/media?parent=436"}],"curies":[{"name":"wp","href":"https:\/\/api.w.org\/{rel}","templated":true}]}}