{"id":437,"date":"2016-08-29T02:32:59","date_gmt":"2016-08-29T00:32:59","guid":{"rendered":"http:\/\/credaf.org\/?page_id=437"},"modified":"2023-08-31T19:02:54","modified_gmt":"2023-08-31T17:02:54","slug":"seminaires","status":"publish","type":"page","link":"https:\/\/credaf.org\/en\/seminaires\/","title":{"rendered":"Seminars"},"content":{"rendered":"<div data-elementor-type=\"wp-page\" data-elementor-id=\"437\" class=\"elementor elementor-437\">\n\t\t\t\t<div class=\"elementor-element elementor-element-9a9c2a8 e-flex e-con-boxed wpr-particle-no wpr-jarallax-no wpr-parallax-no wpr-sticky-section-no wpr-column-slider-no wpr-equal-height-no e-con e-parent\" data-id=\"9a9c2a8\" data-element_type=\"container\" data-e-type=\"container\">\n\t\t\t\t\t<div class=\"e-con-inner\">\n\t\t\t\t<div class=\"elementor-element elementor-element-4d3692f elementor-widget elementor-widget-heading\" data-id=\"4d3692f\" data-element_type=\"widget\" data-e-type=\"widget\" data-widget_type=\"heading.default\">\n\t\t\t\t<div class=\"elementor-widget-container\">\n\t\t\t\t\t<h2 class=\"elementor-heading-title elementor-size-default\">CREDAF's Seminars<\/h2>\t\t\t\t<\/div>\n\t\t\t\t<\/div>\n\t\t\t\t\t<\/div>\n\t\t\t\t<\/div>\n\t\t<div class=\"elementor-element elementor-element-f0de240 e-flex e-con-boxed wpr-particle-no wpr-jarallax-no wpr-parallax-no wpr-sticky-section-no wpr-column-slider-no wpr-equal-height-no e-con e-parent\" data-id=\"f0de240\" data-element_type=\"container\" data-e-type=\"container\">\n\t\t\t\t\t<div class=\"e-con-inner\">\n\t\t\t\t<div class=\"elementor-element elementor-element-9219989 elementor-widget elementor-widget-text-editor\" data-id=\"9219989\" data-element_type=\"widget\" data-e-type=\"widget\" data-widget_type=\"text-editor.default\">\n\t\t\t\t<div class=\"elementor-widget-container\">\n\t\t\t\t\t\t\t\t\t<p style=\"text-align: left;\"><span style=\"color: var( --e-global-color-text ); font-family: var( --e-global-typography-text-font-family ), Sans-serif; font-weight: var( --e-global-typography-text-font-weight );\">CREDAF organizes at least three Directors\u2019 seminars each year.<\/span><\/p><p>The format of these events is different from that of the conference. Indeed, the seminars alternate plenary sessions and workshop work on a specific theme selected by the General Assembly, on the proposal of the Executive Office.<\/p><p>Generally reserved for CREDAF members, they are aimed at senior executives and their colleagues.<\/p>\t\t\t\t\t\t\t\t<\/div>\n\t\t\t\t<\/div>\n\t\t\t\t\t<\/div>\n\t\t\t\t<\/div>\n\t\t<div class=\"elementor-element elementor-element-90ec59f e-flex e-con-boxed wpr-particle-no wpr-jarallax-no wpr-parallax-no wpr-sticky-section-no wpr-column-slider-no wpr-equal-height-no e-con e-parent\" data-id=\"90ec59f\" data-element_type=\"container\" data-e-type=\"container\">\n\t\t\t\t\t<div class=\"e-con-inner\">\n\t\t\t\t<div class=\"elementor-element elementor-element-aeffce4 elementor-widget-divider--view-line_text elementor-widget-divider--element-align-center elementor-widget elementor-widget-divider\" data-id=\"aeffce4\" data-element_type=\"widget\" data-e-type=\"widget\" data-widget_type=\"divider.default\">\n\t\t\t\t<div class=\"elementor-widget-container\">\n\t\t\t\t\t\t\t<div class=\"elementor-divider\">\n\t\t\t<span class=\"elementor-divider-separator\">\n\t\t\t\t\t\t\t<span class=\"elementor-divider__text elementor-divider__element\">\n\t\t\t\tSUMMARY TABLE OF SEMINARS ORGANIZED BY CREDAF\t\t\t\t<\/span>\n\t\t\t\t\t\t<\/span>\n\t\t<\/div>\n\t\t\t\t\t\t<\/div>\n\t\t\t\t<\/div>\n\t\t\t\t\t<\/div>\n\t\t\t\t<\/div>\n\t\t\t\t<section class=\"elementor-section elementor-top-section elementor-element elementor-element-1a32bf94 elementor-section-boxed elementor-section-height-default elementor-section-height-default wpr-particle-no wpr-jarallax-no wpr-parallax-no wpr-sticky-section-no wpr-column-slider-no wpr-equal-height-no\" data-id=\"1a32bf94\" data-element_type=\"section\" data-e-type=\"section\">\n\t\t\t\t\t\t<div class=\"elementor-container elementor-column-gap-default\">\n\t\t\t\t\t<div class=\"elementor-column elementor-col-100 elementor-top-column elementor-element elementor-element-714ce8bc\" data-id=\"714ce8bc\" data-element_type=\"column\" data-e-type=\"column\">\n\t\t\t<div class=\"elementor-widget-wrap elementor-element-populated\">\n\t\t\t\t\t\t<div class=\"elementor-element elementor-element-367e7160 elementor-widget elementor-widget-text-editor\" data-id=\"367e7160\" data-element_type=\"widget\" data-e-type=\"widget\" data-widget_type=\"text-editor.default\">\n\t\t\t\t<div class=\"elementor-widget-container\">\n\t\t\t\t\t\t\t\t\t<p><\/p>\n<p><span style=\"color: var( --e-global-color-text ); font-family: var( --e-global-typography-text-font-family ), Sans-serif; font-weight: var( --e-global-typography-text-font-weight ); text-wrap: nowrap;\">Display<\/span><select class=\"\" name=\"tablepress-4_length\" aria-controls=\"tablepress-4\"><option value=\"10\">10<\/option><option value=\"25\">25<\/option><option value=\"50\">50<\/option><option value=\"100\">100<\/option><\/select><span style=\"color: var( --e-global-color-text ); font-family: var( --e-global-typography-text-font-family ), Sans-serif; font-weight: var( --e-global-typography-text-font-weight ); text-wrap: nowrap;\">items<\/span><br><\/p>\n<div id=\"tablepress-4_wrapper\" class=\"dataTables_wrapper no-footer\">\n<table id=\"tablepress-4\" class=\"tablepress tablepress-id-4 dataTable no-footer\" style=\"height: 912px;\" role=\"grid\">\n<caption style=\"caption-side: bottom; text-align: left; border: none; background: none; margin: 0; padding: 0;\"><a href=\"https:\/\/credaf.org\/wp-admin\/admin.php?page=tablepress&action=edit&table_id=4\" rel=\"nofollow\">Modifier<\/a><\/caption>\n<thead>\n<tr class=\"row-1 odd\" style=\"height: 24px;\" role=\"row\">\n<th class=\"column-1 sorting\" style=\"width: 52.5px; height: 24px;\" tabindex=\"0\" aria-controls=\"tablepress-4\" aria-label=\"Year: enable to sort the column in ascending order\">Ann\u00e9e<\/th>\n<th class=\"column-2 sorting\" style=\"width: 111.833px; height: 24px;\" tabindex=\"0\" aria-controls=\"tablepress-4\" aria-label=\"Pays: activer pour trier la colonne par ordre croissant\">Country<\/th>\n<th class=\"column-3 sorting\" style=\"width: 340.9px; height: 24px;\" tabindex=\"0\" aria-controls=\"tablepress-4\" aria-label=\"Th\u00e8mes: activer pour trier la colonne par ordre croissant\">Themes<\/th>\n<th class=\"column-4 sorting\" style=\"width: 174.767px; height: 24px;\" tabindex=\"0\" aria-controls=\"tablepress-4\" aria-label=\"Animation: activer pour trier la colonne par ordre croissant\">Animation<\/th>\n<\/tr>\n<\/thead>\n<tbody class=\"row-hover\">\n<tr style=\"height: 24px;\">\n<td style=\"height: 24px; width: 52.5px;\">2022<\/td>\n<td style=\"height: 24px; width: 111.833px;\">TOGO<\/td>\n<td style=\"height: 24px; width: 340.9px;\">La mise en place et la gestion d\u2019unit\u00e9s op\u00e9rationnelles d\u2019\u00e9change de renseignements<\/td>\n<td style=\"height: 24px; width: 174.767px;\">\u00a0<\/td>\n<\/tr>\n<tr style=\"height: 24px;\">\n<td style=\"height: 24px; width: 52.5px;\">2022<\/td>\n<td style=\"height: 24px; width: 111.833px;\">RDC<\/td>\n<td style=\"height: 24px; width: 340.9px;\">The development of partnerships<\/td>\n<td style=\"height: 24px; width: 174.767px;\">\u00a0<\/td>\n<\/tr>\n<tr style=\"height: 24px;\">\n<td style=\"height: 24px; width: 52.5px;\">2022<\/td>\n<td style=\"height: 24px; width: 111.833px;\">Webinaire<\/td>\n<td style=\"height: 24px; width: 340.9px;\">Taxation of online commerce with VAT<\/td>\n<td style=\"height: 24px; width: 174.767px;\">\u00a0<\/td>\n<\/tr>\n<tr style=\"height: 24px;\">\n<td style=\"height: 24px; width: 52.5px;\">2021<\/td>\n<td style=\"height: 24px; width: 111.833px;\">Webinaire<\/td>\n<td style=\"height: 24px; width: 340.9px;\">Taxation of the digital economy: issues linked to the application of new international tax rules<\/td>\n<td style=\"height: 24px; width: 174.767px;\">\u00a0<\/td>\n<\/tr>\n<tr style=\"height: 72px;\">\n<td style=\"height: 72px; width: 52.5px;\">2021<\/td>\n<td style=\"height: 72px; width: 111.833px;\">BENIN<\/td>\n<td style=\"height: 72px; width: 340.9px;\">Tax audit in the digital age: challenges and opportunities<\/td>\n<td style=\"height: 72px; width: 174.767px;\">\u00a0<\/td>\n<\/tr>\n<tr style=\"height: 48px;\">\n<td style=\"height: 48px; width: 52.5px;\">2020<\/td>\n<td style=\"height: 48px; width: 111.833px;\">Webinaire<\/td>\n<td style=\"height: 48px; width: 340.9px;\">Post-covid-19 taxation: collect more and promote recovery<\/td>\n<td style=\"height: 48px; width: 174.767px;\">\u00a0<\/td>\n<\/tr>\n<tr style=\"height: 72px;\">\n<td style=\"height: 72px; width: 52.5px;\">2019<\/td>\n<td style=\"height: 72px; width: 111.833px;\">SENEGAL<\/td>\n<td style=\"height: 72px; width: 340.9px;\">Les d\u00e9fis fiscaux pos\u00e9s par la num\u00e9risation de l\u2019\u00e9conomie et la mise en oeuvre des mesures BEPS<\/td>\n<td style=\"height: 72px; width: 174.767px;\">\u00a0<\/td>\n<\/tr>\n<tr style=\"height: 24px;\">\n<td style=\"height: 24px; width: 52.5px;\">2019<\/td>\n<td style=\"height: 24px; width: 111.833px;\">MADAGASCAR<\/td>\n<td style=\"height: 24px; width: 340.9px;\">Le contr\u00f4le fiscal \u2013 Travailler ensemble<\/td>\n<td style=\"height: 24px; width: 174.767px;\">\u00a0<\/td>\n<\/tr>\n<tr style=\"height: 72px;\">\n<td style=\"height: 72px; width: 52.5px;\">2019<\/td>\n<td style=\"height: 72px; width: 111.833px;\">FRANCE<\/td>\n<td style=\"height: 72px; width: 340.9px;\">La ma\u00eetrise et la valorisation des donn\u00e9es : d\u00e9fis et opportunit\u00e9s pour l\u2019\u00e9largissement de l\u2019assiette fiscale<\/td>\n<td style=\"height: 72px; width: 174.767px;\">\u00a0<\/td>\n<\/tr>\n<tr class=\"row-2 even\" style=\"height: 72px;\">\n<td class=\"column-1\" style=\"height: 72px; width: 52.5px;\">2018<\/td>\n<td class=\"column-2\" style=\"height: 72px; width: 111.833px;\">ALGERIA<\/td>\n<td class=\"column-3\" style=\"height: 72px; width: 340.9px;\">Etat des lieux et diagnostic des solutions num\u00e9riques au service de l\u2019\u00e9largissement de l\u2019assiette fiscale<\/td>\n<td class=\"column-4\" style=\"height: 72px; width: 174.767px;\">France\/Algeria<\/td>\n<\/tr>\n<tr class=\"row-3 odd\" style=\"height: 48px;\">\n<td class=\"column-1\" style=\"height: 48px; width: 52.5px;\">2018<\/td>\n<td class=\"column-2\" style=\"height: 48px; width: 111.833px;\">TOGO<\/td>\n<td class=\"column-3\" style=\"height: 48px; width: 340.9px;\">Am\u00e9liorer l\u2019efficacit\u00e9 de l\u2019action en recouvrement : les voies d\u2019ex\u00e9cution<\/td>\n<td class=\"column-4\" style=\"height: 48px; width: 174.767px;\">\u00a0<\/td>\n<\/tr>\n<tr class=\"row-4 even\" style=\"height: 48px;\">\n<td class=\"column-1\" style=\"height: 48px; width: 52.5px;\">2018<\/td>\n<td class=\"column-2\" style=\"height: 48px; width: 111.833px;\">BURKINA FASO<\/td>\n<td class=\"column-3\" style=\"height: 48px; width: 340.9px;\">Transfer Pricing Workshop<\/td>\n<td class=\"column-4\" style=\"height: 48px; width: 174.767px;\">France\/OCDE<\/td>\n<\/tr>\n<tr class=\"row-5 odd\" style=\"height: 24px;\">\n<td class=\"column-1\" style=\"height: 24px; width: 52.5px;\">2017<\/td>\n<td class=\"column-2\" style=\"height: 24px; width: 111.833px;\">CONGO<\/td>\n<td class=\"column-3\" style=\"height: 24px; width: 340.9px;\">Transfer Pricing Workshop<\/td>\n<td class=\"column-4\" style=\"height: 24px; width: 174.767px;\">France\/OCDE<\/td>\n<\/tr>\n<tr class=\"row-6 even\" style=\"height: 48px;\">\n<td class=\"column-1\" style=\"height: 48px; width: 52.5px;\">2017<\/td>\n<td class=\"column-2\" style=\"height: 48px; width: 111.833px;\">CANADA<\/td>\n<td class=\"column-3\" style=\"height: 48px; width: 340.9px;\">Ethics and integrity<\/td>\n<td class=\"column-4\" style=\"height: 48px; width: 174.767px;\">Canada Revenue Agency\/Revenu Qu\u00e9bec<\/td>\n<\/tr>\n<tr class=\"row-7 odd\" style=\"height: 48px;\">\n<td class=\"column-1\" style=\"height: 48px; width: 52.5px;\">2017<\/td>\n<td class=\"column-2\" style=\"height: 48px; width: 111.833px;\">B\u00c9NIN<\/td>\n<td class=\"column-3\" style=\"height: 48px; width: 340.9px;\">The issues raised by complex activities<\/td>\n<td class=\"column-4\" style=\"height: 48px; width: 174.767px;\">Cameroun\/France<\/td>\n<\/tr>\n<tr class=\"row-8 even\" style=\"height: 72px;\">\n<td class=\"column-1\" style=\"height: 72px; width: 52.5px;\">2016<\/td>\n<td class=\"column-2\" style=\"height: 72px; width: 111.833px;\">S\u00c9N\u00c9GAL<\/td>\n<td class=\"column-3\" style=\"height: 72px; width: 340.9px;\">Documentation prix de transfert, \u00e9valuation des risques et r\u00e9gime de protection \u2013 L\u2019\u00e9change de renseignements (automatique\/\u00e0 la demande)<\/td>\n<td class=\"column-4\" style=\"height: 72px; width: 174.767px;\">France\/OCDE<\/td>\n<\/tr>\n<tr class=\"row-9 odd\" style=\"height: 48px;\">\n<td class=\"column-1\" style=\"height: 48px; width: 52.5px;\">2016<\/td>\n<td class=\"column-2\" style=\"height: 48px; width: 111.833px;\">GUIN\u00c9E<\/td>\n<td class=\"column-3\" style=\"height: 48px; width: 340.9px;\">Training: tool for capacity building and support for reforms<\/td>\n<td class=\"column-4\" style=\"height: 48px; width: 174.767px;\">Algeria\/Tunisia<\/td>\n<\/tr>\n<tr class=\"row-10 even\" style=\"height: 24px;\">\n<td class=\"column-1\" style=\"height: 24px; width: 52.5px;\">2016<\/td>\n<td class=\"column-2\" style=\"height: 24px; width: 111.833px;\">MADAGASCAR<\/td>\n<td class=\"column-3\" style=\"height: 24px; width: 340.9px;\">Recovery<\/td>\n<td class=\"column-4\" style=\"height: 24px; width: 174.767px;\">France\/Togo<\/td>\n<\/tr>\n<tr class=\"row-11 odd\" style=\"height: 72px;\">\n<td class=\"column-1\" style=\"height: 72px; width: 52.5px;\">2015<\/td>\n<td class=\"column-2\" style=\"height: 72px; width: 111.833px;\">GABON<\/td>\n<td class=\"column-3\" style=\"height: 72px; width: 340.9px;\">Transfer pricing training seminar: transfer pricing aspects of business restructuring and intangible assets<\/td>\n<td class=\"column-4\" style=\"height: 72px; width: 174.767px;\">France\/OCDE<\/td>\n<\/tr>\n<\/tbody>\n<\/table>\n<div id=\"tablepress-4_paginate\" class=\"dataTables_paginate paging_simple\"><a id=\"tablepress-4_previous\" class=\"paginate_button previous disabled\" tabindex=\"-1\" aria-controls=\"tablepress-4\" data-dt-idx=\"0\"><\/a>Previous<a id=\"tablepress-4_next\" class=\"paginate_button next\" tabindex=\"0\" aria-controls=\"tablepress-4\" data-dt-idx=\"1\"><\/a>Next<\/div>\n<\/div>\t\t\t\t\t\t\t\t<\/div>\n\t\t\t\t<\/div>\n\t\t\t\t\t<\/div>\n\t\t<\/div>\n\t\t\t\t\t<\/div>\n\t\t<\/section>\n\t\t\t\t<\/div>\n\t\t<!-- AddThis Advanced Settings generic via filter on the_content --><!-- AddThis Share Buttons generic via filter on the_content --><!-- AddThis Related Posts generic via filter on the_content -->","protected":false},"excerpt":{"rendered":"<p>Les S\u00e9minaires du CREDAF Le CREDAF organise chaque ann\u00e9e au moins trois s\u00e9minaires de Directeurs. Le format de ces \u00e9v\u00e9nements est diff\u00e9rent de celui du colloque. En effet, les s\u00e9minaires alternent les s\u00e9ances pl\u00e9ni\u00e8res et les travaux en ateliers sur un th\u00e8me pr\u00e9cis retenu par l\u2019Assembl\u00e9e g\u00e9n\u00e9rale, sur proposition du Bureau ex\u00e9cutif. G\u00e9n\u00e9ralement r\u00e9serv\u00e9s aux membres du CREDAF, ils s\u2019adressent<\/p>","protected":false},"author":13,"featured_media":0,"parent":0,"menu_order":0,"comment_status":"closed","ping_status":"closed","template":"","meta":{"_acf_changed":false,"footnotes":""},"class_list":["post-437","page","type-page","status-publish","hentry"],"acf":[],"yoast_head":"<!-- This site is optimized with the Yoast SEO plugin v27.6 - https:\/\/yoast.com\/product\/yoast-seo-wordpress\/ -->\n<title>S\u00e9minaires -<\/title>\n<meta name=\"robots\" content=\"index, follow, max-snippet:-1, max-image-preview:large, max-video-preview:-1\" \/>\n<link rel=\"canonical\" href=\"https:\/\/credaf.org\/en\/seminaires\/\" \/>\n<meta property=\"og:locale\" content=\"en_US\" \/>\n<meta property=\"og:type\" content=\"article\" \/>\n<meta property=\"og:title\" content=\"S\u00e9minaires -\" \/>\n<meta property=\"og:description\" content=\"Les S\u00e9minaires du CREDAF Le CREDAF organise chaque ann\u00e9e au moins trois s\u00e9minaires de Directeurs. Le format de ces \u00e9v\u00e9nements est diff\u00e9rent de celui du colloque. En effet, les s\u00e9minaires alternent les s\u00e9ances pl\u00e9ni\u00e8res et les travaux en ateliers sur un th\u00e8me pr\u00e9cis retenu par l\u2019Assembl\u00e9e g\u00e9n\u00e9rale, sur proposition du Bureau ex\u00e9cutif. G\u00e9n\u00e9ralement r\u00e9serv\u00e9s aux membres du CREDAF, ils s\u2019adressent\" \/>\n<meta property=\"og:url\" content=\"https:\/\/credaf.org\/en\/seminaires\/\" \/>\n<meta property=\"article:modified_time\" content=\"2023-08-31T17:02:54+00:00\" \/>\n<meta name=\"twitter:card\" content=\"summary_large_image\" \/>\n<meta name=\"twitter:label1\" content=\"Est. reading time\" \/>\n\t<meta name=\"twitter:data1\" content=\"2 minutes\" \/>\n<script type=\"application\/ld+json\" class=\"yoast-schema-graph\">{\"@context\":\"https:\\\/\\\/schema.org\",\"@graph\":[{\"@type\":\"WebPage\",\"@id\":\"https:\\\/\\\/credaf.org\\\/en\\\/seminaires\\\/\",\"url\":\"https:\\\/\\\/credaf.org\\\/en\\\/seminaires\\\/\",\"name\":\"S\u00e9minaires -\",\"isPartOf\":{\"@id\":\"https:\\\/\\\/credaf.org\\\/#website\"},\"datePublished\":\"2016-08-29T00:32:59+00:00\",\"dateModified\":\"2023-08-31T17:02:54+00:00\",\"breadcrumb\":{\"@id\":\"https:\\\/\\\/credaf.org\\\/en\\\/seminaires\\\/#breadcrumb\"},\"inLanguage\":\"en-US\",\"potentialAction\":[{\"@type\":\"ReadAction\",\"target\":[\"https:\\\/\\\/credaf.org\\\/en\\\/seminaires\\\/\"]}]},{\"@type\":\"BreadcrumbList\",\"@id\":\"https:\\\/\\\/credaf.org\\\/en\\\/seminaires\\\/#breadcrumb\",\"itemListElement\":[{\"@type\":\"ListItem\",\"position\":1,\"name\":\"Accueil\",\"item\":\"https:\\\/\\\/credaf.org\\\/\"},{\"@type\":\"ListItem\",\"position\":2,\"name\":\"S\u00e9minaires\"}]},{\"@type\":\"WebSite\",\"@id\":\"https:\\\/\\\/credaf.org\\\/#website\",\"url\":\"https:\\\/\\\/credaf.org\\\/\",\"name\":\"\",\"description\":\"\",\"potentialAction\":[{\"@type\":\"SearchAction\",\"target\":{\"@type\":\"EntryPoint\",\"urlTemplate\":\"https:\\\/\\\/credaf.org\\\/?s={search_term_string}\"},\"query-input\":{\"@type\":\"PropertyValueSpecification\",\"valueRequired\":true,\"valueName\":\"search_term_string\"}}],\"inLanguage\":\"en-US\"}]}<\/script>\n<!-- \/ Yoast SEO plugin. -->","yoast_head_json":{"title":"S\u00e9minaires -","robots":{"index":"index","follow":"follow","max-snippet":"max-snippet:-1","max-image-preview":"max-image-preview:large","max-video-preview":"max-video-preview:-1"},"canonical":"https:\/\/credaf.org\/en\/seminaires\/","og_locale":"en_US","og_type":"article","og_title":"S\u00e9minaires -","og_description":"Les S\u00e9minaires du CREDAF Le CREDAF organise chaque ann\u00e9e au moins trois s\u00e9minaires de Directeurs. Le format de ces \u00e9v\u00e9nements est diff\u00e9rent de celui du colloque. En effet, les s\u00e9minaires alternent les s\u00e9ances pl\u00e9ni\u00e8res et les travaux en ateliers sur un th\u00e8me pr\u00e9cis retenu par l\u2019Assembl\u00e9e g\u00e9n\u00e9rale, sur proposition du Bureau ex\u00e9cutif. G\u00e9n\u00e9ralement r\u00e9serv\u00e9s aux membres du CREDAF, ils s\u2019adressent","og_url":"https:\/\/credaf.org\/en\/seminaires\/","article_modified_time":"2023-08-31T17:02:54+00:00","twitter_card":"summary_large_image","twitter_misc":{"Est. reading time":"2 minutes"},"schema":{"@context":"https:\/\/schema.org","@graph":[{"@type":"WebPage","@id":"https:\/\/credaf.org\/en\/seminaires\/","url":"https:\/\/credaf.org\/en\/seminaires\/","name":"S\u00e9minaires -","isPartOf":{"@id":"https:\/\/credaf.org\/#website"},"datePublished":"2016-08-29T00:32:59+00:00","dateModified":"2023-08-31T17:02:54+00:00","breadcrumb":{"@id":"https:\/\/credaf.org\/en\/seminaires\/#breadcrumb"},"inLanguage":"en-US","potentialAction":[{"@type":"ReadAction","target":["https:\/\/credaf.org\/en\/seminaires\/"]}]},{"@type":"BreadcrumbList","@id":"https:\/\/credaf.org\/en\/seminaires\/#breadcrumb","itemListElement":[{"@type":"ListItem","position":1,"name":"Accueil","item":"https:\/\/credaf.org\/"},{"@type":"ListItem","position":2,"name":"S\u00e9minaires"}]},{"@type":"WebSite","@id":"https:\/\/credaf.org\/#website","url":"https:\/\/credaf.org\/","name":"","description":"","potentialAction":[{"@type":"SearchAction","target":{"@type":"EntryPoint","urlTemplate":"https:\/\/credaf.org\/?s={search_term_string}"},"query-input":{"@type":"PropertyValueSpecification","valueRequired":true,"valueName":"search_term_string"}}],"inLanguage":"en-US"}]}},"rttpg_featured_image_url":null,"rttpg_author":{"display_name":"sgcredaf","author_link":"https:\/\/credaf.org\/en\/author\/sgcredaf\/"},"rttpg_comment":0,"rttpg_category":null,"rttpg_excerpt":"Les S\u00e9minaires du CREDAF Le CREDAF organise chaque ann\u00e9e au moins trois s\u00e9minaires de Directeurs. Le format de ces \u00e9v\u00e9nements est diff\u00e9rent de celui du colloque. En effet, les s\u00e9minaires alternent les s\u00e9ances pl\u00e9ni\u00e8res et les travaux en ateliers sur un th\u00e8me pr\u00e9cis retenu par l\u2019Assembl\u00e9e g\u00e9n\u00e9rale, sur proposition du Bureau ex\u00e9cutif. G\u00e9n\u00e9ralement r\u00e9serv\u00e9s aux&hellip;","_links":{"self":[{"href":"https:\/\/credaf.org\/en\/wp-json\/wp\/v2\/pages\/437","targetHints":{"allow":["GET"]}}],"collection":[{"href":"https:\/\/credaf.org\/en\/wp-json\/wp\/v2\/pages"}],"about":[{"href":"https:\/\/credaf.org\/en\/wp-json\/wp\/v2\/types\/page"}],"author":[{"embeddable":true,"href":"https:\/\/credaf.org\/en\/wp-json\/wp\/v2\/users\/13"}],"replies":[{"embeddable":true,"href":"https:\/\/credaf.org\/en\/wp-json\/wp\/v2\/comments?post=437"}],"version-history":[{"count":0,"href":"https:\/\/credaf.org\/en\/wp-json\/wp\/v2\/pages\/437\/revisions"}],"wp:attachment":[{"href":"https:\/\/credaf.org\/en\/wp-json\/wp\/v2\/media?parent=437"}],"curies":[{"name":"wp","href":"https:\/\/api.w.org\/{rel}","templated":true}]}}