{"id":438,"date":"2019-12-01T02:33:00","date_gmt":"2019-12-01T01:33:00","guid":{"rendered":"http:\/\/credaf.org\/?page_id=438"},"modified":"2023-08-31T19:07:15","modified_gmt":"2023-08-31T17:07:15","slug":"groupes-de-travail","status":"publish","type":"page","link":"https:\/\/credaf.org\/en\/groupes-de-travail\/","title":{"rendered":"Working groups"},"content":{"rendered":"<div data-elementor-type=\"wp-page\" data-elementor-id=\"438\" class=\"elementor elementor-438\">\n\t\t\t\t<div class=\"elementor-element elementor-element-4c85422 e-flex e-con-boxed wpr-particle-no wpr-jarallax-no wpr-parallax-no wpr-sticky-section-no wpr-equal-height-no e-con e-parent\" data-id=\"4c85422\" data-element_type=\"container\" data-e-type=\"container\">\n\t\t\t\t\t<div class=\"e-con-inner\">\n\t\t\t\t<div class=\"elementor-element elementor-element-fbffe41 elementor-widget elementor-widget-text-editor\" data-id=\"fbffe41\" data-element_type=\"widget\" data-e-type=\"widget\" data-widget_type=\"text-editor.default\">\n\t\t\t\t<div class=\"elementor-widget-container\">\n\t\t\t\t\t\t\t\t\t<p style=\"text-align: left;\"><span style=\"text-align: justify; color: var( --e-global-color-text ); font-family: var( --e-global-typography-text-font-family ), Sans-serif; font-weight: var( --e-global-typography-text-font-weight );\">The General Assembly determines each year, after a proposal from the Executive Board, a technical and practical work theme which is entrusted to the study of a working group.<\/span><\/p><p style=\"text-align: justify;\">This group is made up of a small team of experts from CREDAF member countries, which meets twice, a few months apart. Depending on the theme chosen, representatives of regional or national organizations may be associated with the work.<\/p><p style=\"text-align: justify;\">The working group aims to develop specific documentation on the chosen theme, which most of the time takes the form of a practical guide.<\/p><p style=\"text-align: justify;\">Each member of the group is responsible for writing a contribution which will be used in the design of the final document.<\/p><p style=\"text-align: justify;\">The guide developed by the current working group is presented each year during the conference. It is then broadcast in all member countries.<\/p>\t\t\t\t\t\t\t\t<\/div>\n\t\t\t\t<\/div>\n\t\t\t\t\t<\/div>\n\t\t\t\t<\/div>\n\t\t<div class=\"elementor-element elementor-element-5d70f64 e-flex e-con-boxed wpr-particle-no wpr-jarallax-no wpr-parallax-no wpr-sticky-section-no wpr-equal-height-no e-con e-parent\" data-id=\"5d70f64\" data-element_type=\"container\" data-e-type=\"container\">\n\t\t\t\t\t<div class=\"e-con-inner\">\n\t\t\t\t<div class=\"elementor-element elementor-element-61d8b48 elementor-widget-divider--view-line_text elementor-widget-divider--element-align-center elementor-widget elementor-widget-divider\" data-id=\"61d8b48\" data-element_type=\"widget\" data-e-type=\"widget\" data-widget_type=\"divider.default\">\n\t\t\t\t<div class=\"elementor-widget-container\">\n\t\t\t\t\t\t\t<div class=\"elementor-divider\">\n\t\t\t<span class=\"elementor-divider-separator\">\n\t\t\t\t\t\t\t<span class=\"elementor-divider__text elementor-divider__element\">\n\t\t\t\tTHEMES ADDRESSED BY THE WORKING GROUPS\t\t\t\t<\/span>\n\t\t\t\t\t\t<\/span>\n\t\t<\/div>\n\t\t\t\t\t\t<\/div>\n\t\t\t\t<\/div>\n\t\t\t\t\t<\/div>\n\t\t\t\t<\/div>\n\t\t\t\t<section class=\"elementor-section elementor-top-section elementor-element elementor-element-43de91f0 elementor-section-boxed elementor-section-height-default elementor-section-height-default wpr-particle-no wpr-jarallax-no wpr-parallax-no wpr-sticky-section-no wpr-equal-height-no\" data-id=\"43de91f0\" data-element_type=\"section\" data-e-type=\"section\">\n\t\t\t\t\t\t<div class=\"elementor-container elementor-column-gap-default\">\n\t\t\t\t\t<div class=\"elementor-column elementor-col-100 elementor-top-column elementor-element elementor-element-2c6fd21f\" data-id=\"2c6fd21f\" data-element_type=\"column\" data-e-type=\"column\">\n\t\t\t<div class=\"elementor-widget-wrap elementor-element-populated\">\n\t\t\t\t\t\t<div class=\"elementor-element elementor-element-551f9286 elementor-widget elementor-widget-text-editor\" data-id=\"551f9286\" data-element_type=\"widget\" data-e-type=\"widget\" data-widget_type=\"text-editor.default\">\n\t\t\t\t<div class=\"elementor-widget-container\">\n\t\t\t\t\t\t\t\t\t<p>\u00a0<\/p><h3><span style=\"color: var( --e-global-color-text ); font-family: var( --e-global-typography-text-font-family ), Sans-serif; font-weight: var( --e-global-typography-text-font-weight ); font-size: 15px;\">\n<table id=\"tablepress-6\" class=\"tablepress tablepress-id-6\">\n<thead>\n<tr class=\"row-1\">\n\t<th class=\"column-1\">Ann\u00e9e<\/th><th class=\"column-2\">Country<\/th><th class=\"column-3\">Themes<\/th><th class=\"column-4\">Animation<\/th>\n<\/tr>\n<\/thead>\n<tbody class=\"row-striping row-hover\">\n<tr class=\"row-2\">\n\t<td class=\"column-1\">2018<br \/>\n2017<\/td><td class=\"column-2\">BURUNDI<br \/>\nIVORY COAST\/FRANCE <\/td><td class=\"column-3\">Development of a methodological assistance guide on \u201csecuring tax collection in times of crisis\u201d<\/td><td class=\"column-4\">FERDI\/France<br \/>\nFERDI\/P\u00f4le Dakar <\/td>\n<\/tr>\n<tr class=\"row-3\">\n\t<td class=\"column-1\">2016<\/td><td class=\"column-2\">HAITI\/TUNISIA<\/td><td class=\"column-3\">Development of a methodological guide on \u201cTaxation of extractive industries\u201d<\/td><td class=\"column-4\">Ivory Coast\/France<\/td>\n<\/tr>\n<tr class=\"row-4\">\n\t<td class=\"column-1\">2015<\/td><td class=\"column-2\">BURUNDI\/MADAGASCAR<\/td><td class=\"column-3\">Development of a guide to help with \u201cVAT credit refunds\u201d<\/td><td class=\"column-4\">Senegal\/P\u00f4le Dakar<\/td>\n<\/tr>\n<tr class=\"row-5\">\n\t<td class=\"column-1\">2014<\/td><td class=\"column-2\">MOROCCO\/COMORES<\/td><td class=\"column-3\">Development of a guide to help evaluate tax expenditures<\/td><td class=\"column-4\">Belgium\/Morocco<\/td>\n<\/tr>\n<tr class=\"row-6\">\n\t<td class=\"column-1\">2013\/2014<\/td><td class=\"column-2\">ALGERIA\/BURKINA FASO<\/td><td class=\"column-3\">Development of a guide to help with the implementation of tax conventions<\/td><td class=\"column-4\">Belgium\/Senegal<\/td>\n<\/tr>\n<tr class=\"row-7\">\n\t<td class=\"column-1\">2012\/2013<\/td><td class=\"column-2\">MAURITANIE\/GABON<\/td><td class=\"column-3\">Development of a guide to help define needs and prerequisites for computerization  <\/td><td class=\"column-4\">Canada\/France<\/td>\n<\/tr>\n<tr class=\"row-8\">\n\t<td class=\"column-1\">2011\/2012<\/td><td class=\"column-2\">MOROCCO\/GUIN\u00c9E<\/td><td class=\"column-3\">Development of a guide to assist in the contractualization of objectives <\/td><td class=\"column-4\">B\u00e9nin\/France<\/td>\n<\/tr>\n<tr class=\"row-9\">\n\t<td class=\"column-1\">2010\/2011<\/td><td class=\"column-2\">BURKINA FASO\/RCA<\/td><td class=\"column-3\">Development of an auditor\u2019s guide <\/td><td class=\"column-4\">France\/Niger\/RCA<\/td>\n<\/tr>\n<tr class=\"row-10\">\n\t<td class=\"column-1\">2009\/2010<\/td><td class=\"column-2\">TCHAD\/CONGO<\/td><td class=\"column-3\">Development of a guide to litigation procedures<\/td><td class=\"column-4\">France\/Morocco<\/td>\n<\/tr>\n<tr class=\"row-11\">\n\t<td class=\"column-1\">2008\/2009<\/td><td class=\"column-2\">BURUNDI\/CANADA<\/td><td class=\"column-3\">Development of a taxpayer charter<\/td><td class=\"column-4\">Mali<\/td>\n<\/tr>\n<tr class=\"row-12\">\n\t<td class=\"column-1\">2007\/2008<\/td><td class=\"column-2\">BELGIQUE\/TOGO<\/td><td class=\"column-3\">\u00c9laboration d\u2019un guide des modalit\u00e9s et proc\u00e9dures de fiscalisation du secteur informel<\/td><td class=\"column-4\">Algeria<\/td>\n<\/tr>\n<tr class=\"row-13\">\n\t<td class=\"column-1\">2006\/2007<\/td><td class=\"column-2\">TUNISIE\/NIGER<\/td><td class=\"column-3\">\u00c9laboration d\u2019une charte d\u00e9ontologique<\/td><td class=\"column-4\">Ivory Coast<\/td>\n<\/tr>\n<tr class=\"row-14\">\n\t<td class=\"column-1\">2005\/2006<\/td><td class=\"column-2\">CONGO\/FRANCE<\/td><td class=\"column-3\">\u00c9l\u00e9ments de m\u00e9thodologie du contr\u00f4le de la TVA<\/td><td class=\"column-4\">S\u00e9n\u00e9gal<\/td>\n<\/tr>\n<tr class=\"row-15\">\n\t<td class=\"column-1\">2003\/2004<\/td><td class=\"column-2\">NIGER\/BELGIQUE<\/td><td class=\"column-3\">La conception d\u2019un dispositif d\u2019indicateurs de performance<\/td><td class=\"column-4\">Cameroun<\/td>\n<\/tr>\n<tr class=\"row-16\">\n\t<td class=\"column-1\">2003<\/td><td class=\"column-2\">CAMEROUN\/FRANCE<\/td><td class=\"column-3\">La mise en place d\u2019un sch\u00e9ma directeur informatique<\/td><td class=\"column-4\">Mauritania<\/td>\n<\/tr>\n<\/tbody>\n<\/table>\n<!-- #tablepress-6 from cache --><\/span><\/h3>\t\t\t\t\t\t\t\t<\/div>\n\t\t\t\t<\/div>\n\t\t\t\t\t<\/div>\n\t\t<\/div>\n\t\t\t\t\t<\/div>\n\t\t<\/section>\n\t\t\t\t<\/div>\n\t\t<!-- AddThis Advanced Settings generic via filter on the_content --><!-- AddThis Share Buttons generic via filter on the_content --><!-- AddThis Related Posts generic via filter on the_content -->","protected":false},"excerpt":{"rendered":"<p>L\u2019Assembl\u00e9e g\u00e9n\u00e9rale d\u00e9termine chaque ann\u00e9e, apr\u00e8s proposition du Bureau ex\u00e9cutif, un th\u00e8me de travail technique et pratique qui est confi\u00e9 \u00e0 l\u2019\u00e9tude d\u2019un groupe de travail. Ce groupe est compos\u00e9 d&rsquo;une \u00e9quipe restreinte d\u2019experts issus de des pays membres du CREDAF, qui est r\u00e9unie \u00e0 deux reprises, \u00e0 quelques mois d\u2019intervalle. En fonction du th\u00e8me retenu, des repr\u00e9sentants d\u2019organisations r\u00e9gionales<\/p>","protected":false},"author":13,"featured_media":0,"parent":0,"menu_order":0,"comment_status":"closed","ping_status":"closed","template":"","meta":{"_acf_changed":false,"footnotes":""},"class_list":["post-438","page","type-page","status-publish","hentry"],"acf":[],"yoast_head":"<!-- This site is optimized with the Yoast SEO plugin v27.4 - https:\/\/yoast.com\/product\/yoast-seo-wordpress\/ -->\n<title>Groupes de travail -<\/title>\n<meta name=\"robots\" content=\"index, follow, max-snippet:-1, max-image-preview:large, max-video-preview:-1\" \/>\n<link rel=\"canonical\" href=\"https:\/\/credaf.org\/en\/groupes-de-travail\/\" \/>\n<meta property=\"og:locale\" content=\"en_US\" \/>\n<meta property=\"og:type\" content=\"article\" \/>\n<meta property=\"og:title\" content=\"Groupes de travail -\" \/>\n<meta property=\"og:description\" content=\"L\u2019Assembl\u00e9e g\u00e9n\u00e9rale d\u00e9termine chaque ann\u00e9e, apr\u00e8s proposition du Bureau ex\u00e9cutif, un th\u00e8me de travail technique et pratique qui est confi\u00e9 \u00e0 l\u2019\u00e9tude d\u2019un groupe de travail. Ce groupe est compos\u00e9 d&rsquo;une \u00e9quipe restreinte d\u2019experts issus de des pays membres du CREDAF, qui est r\u00e9unie \u00e0 deux reprises, \u00e0 quelques mois d\u2019intervalle. En fonction du th\u00e8me retenu, des repr\u00e9sentants d\u2019organisations r\u00e9gionales\" \/>\n<meta property=\"og:url\" content=\"https:\/\/credaf.org\/en\/groupes-de-travail\/\" \/>\n<meta property=\"article:modified_time\" content=\"2023-08-31T17:07:15+00:00\" \/>\n<meta name=\"twitter:card\" content=\"summary_large_image\" \/>\n<meta name=\"twitter:label1\" content=\"Est. reading time\" \/>\n\t<meta name=\"twitter:data1\" content=\"1 minute\" \/>\n<script type=\"application\/ld+json\" class=\"yoast-schema-graph\">{\"@context\":\"https:\\\/\\\/schema.org\",\"@graph\":[{\"@type\":\"WebPage\",\"@id\":\"https:\\\/\\\/credaf.org\\\/en\\\/groupes-de-travail\\\/\",\"url\":\"https:\\\/\\\/credaf.org\\\/en\\\/groupes-de-travail\\\/\",\"name\":\"Groupes de travail -\",\"isPartOf\":{\"@id\":\"https:\\\/\\\/credaf.org\\\/#website\"},\"datePublished\":\"2019-12-01T01:33:00+00:00\",\"dateModified\":\"2023-08-31T17:07:15+00:00\",\"breadcrumb\":{\"@id\":\"https:\\\/\\\/credaf.org\\\/en\\\/groupes-de-travail\\\/#breadcrumb\"},\"inLanguage\":\"en-US\",\"potentialAction\":[{\"@type\":\"ReadAction\",\"target\":[\"https:\\\/\\\/credaf.org\\\/en\\\/groupes-de-travail\\\/\"]}]},{\"@type\":\"BreadcrumbList\",\"@id\":\"https:\\\/\\\/credaf.org\\\/en\\\/groupes-de-travail\\\/#breadcrumb\",\"itemListElement\":[{\"@type\":\"ListItem\",\"position\":1,\"name\":\"Accueil\",\"item\":\"https:\\\/\\\/credaf.org\\\/\"},{\"@type\":\"ListItem\",\"position\":2,\"name\":\"Groupes de travail\"}]},{\"@type\":\"WebSite\",\"@id\":\"https:\\\/\\\/credaf.org\\\/#website\",\"url\":\"https:\\\/\\\/credaf.org\\\/\",\"name\":\"\",\"description\":\"\",\"potentialAction\":[{\"@type\":\"SearchAction\",\"target\":{\"@type\":\"EntryPoint\",\"urlTemplate\":\"https:\\\/\\\/credaf.org\\\/?s={search_term_string}\"},\"query-input\":{\"@type\":\"PropertyValueSpecification\",\"valueRequired\":true,\"valueName\":\"search_term_string\"}}],\"inLanguage\":\"en-US\"}]}<\/script>\n<!-- \/ Yoast SEO plugin. -->","yoast_head_json":{"title":"Groupes de travail -","robots":{"index":"index","follow":"follow","max-snippet":"max-snippet:-1","max-image-preview":"max-image-preview:large","max-video-preview":"max-video-preview:-1"},"canonical":"https:\/\/credaf.org\/en\/groupes-de-travail\/","og_locale":"en_US","og_type":"article","og_title":"Groupes de travail -","og_description":"L\u2019Assembl\u00e9e g\u00e9n\u00e9rale d\u00e9termine chaque ann\u00e9e, apr\u00e8s proposition du Bureau ex\u00e9cutif, un th\u00e8me de travail technique et pratique qui est confi\u00e9 \u00e0 l\u2019\u00e9tude d\u2019un groupe de travail. Ce groupe est compos\u00e9 d&rsquo;une \u00e9quipe restreinte d\u2019experts issus de des pays membres du CREDAF, qui est r\u00e9unie \u00e0 deux reprises, \u00e0 quelques mois d\u2019intervalle. En fonction du th\u00e8me retenu, des repr\u00e9sentants d\u2019organisations r\u00e9gionales","og_url":"https:\/\/credaf.org\/en\/groupes-de-travail\/","article_modified_time":"2023-08-31T17:07:15+00:00","twitter_card":"summary_large_image","twitter_misc":{"Est. reading time":"1 minute"},"schema":{"@context":"https:\/\/schema.org","@graph":[{"@type":"WebPage","@id":"https:\/\/credaf.org\/en\/groupes-de-travail\/","url":"https:\/\/credaf.org\/en\/groupes-de-travail\/","name":"Groupes de travail -","isPartOf":{"@id":"https:\/\/credaf.org\/#website"},"datePublished":"2019-12-01T01:33:00+00:00","dateModified":"2023-08-31T17:07:15+00:00","breadcrumb":{"@id":"https:\/\/credaf.org\/en\/groupes-de-travail\/#breadcrumb"},"inLanguage":"en-US","potentialAction":[{"@type":"ReadAction","target":["https:\/\/credaf.org\/en\/groupes-de-travail\/"]}]},{"@type":"BreadcrumbList","@id":"https:\/\/credaf.org\/en\/groupes-de-travail\/#breadcrumb","itemListElement":[{"@type":"ListItem","position":1,"name":"Accueil","item":"https:\/\/credaf.org\/"},{"@type":"ListItem","position":2,"name":"Groupes de travail"}]},{"@type":"WebSite","@id":"https:\/\/credaf.org\/#website","url":"https:\/\/credaf.org\/","name":"","description":"","potentialAction":[{"@type":"SearchAction","target":{"@type":"EntryPoint","urlTemplate":"https:\/\/credaf.org\/?s={search_term_string}"},"query-input":{"@type":"PropertyValueSpecification","valueRequired":true,"valueName":"search_term_string"}}],"inLanguage":"en-US"}]}},"rttpg_featured_image_url":null,"rttpg_author":{"display_name":"sgcredaf","author_link":"https:\/\/credaf.org\/en\/author\/sgcredaf\/"},"rttpg_comment":0,"rttpg_category":null,"rttpg_excerpt":"L\u2019Assembl\u00e9e g\u00e9n\u00e9rale d\u00e9termine chaque ann\u00e9e, apr\u00e8s proposition du Bureau ex\u00e9cutif, un th\u00e8me de travail technique et pratique qui est confi\u00e9 \u00e0 l\u2019\u00e9tude d\u2019un groupe de travail. Ce groupe est compos\u00e9 d&rsquo;une \u00e9quipe restreinte d\u2019experts issus de des pays membres du CREDAF, qui est r\u00e9unie \u00e0 deux reprises, \u00e0 quelques mois d\u2019intervalle. En fonction du th\u00e8me&hellip;","_links":{"self":[{"href":"https:\/\/credaf.org\/en\/wp-json\/wp\/v2\/pages\/438","targetHints":{"allow":["GET"]}}],"collection":[{"href":"https:\/\/credaf.org\/en\/wp-json\/wp\/v2\/pages"}],"about":[{"href":"https:\/\/credaf.org\/en\/wp-json\/wp\/v2\/types\/page"}],"author":[{"embeddable":true,"href":"https:\/\/credaf.org\/en\/wp-json\/wp\/v2\/users\/13"}],"replies":[{"embeddable":true,"href":"https:\/\/credaf.org\/en\/wp-json\/wp\/v2\/comments?post=438"}],"version-history":[{"count":0,"href":"https:\/\/credaf.org\/en\/wp-json\/wp\/v2\/pages\/438\/revisions"}],"wp:attachment":[{"href":"https:\/\/credaf.org\/en\/wp-json\/wp\/v2\/media?parent=438"}],"curies":[{"name":"wp","href":"https:\/\/api.w.org\/{rel}","templated":true}]}}