{"id":440,"date":"2016-08-29T02:33:01","date_gmt":"2016-08-29T00:33:01","guid":{"rendered":"http:\/\/credaf.org\/?page_id=440"},"modified":"2023-08-31T19:15:59","modified_gmt":"2023-08-31T17:15:59","slug":"formations","status":"publish","type":"page","link":"https:\/\/credaf.org\/en\/formations\/","title":{"rendered":"Trainers training"},"content":{"rendered":"<div data-elementor-type=\"wp-page\" data-elementor-id=\"440\" class=\"elementor elementor-440\">\n\t\t\t\t<div class=\"elementor-element elementor-element-a591f1c e-flex e-con-boxed wpr-particle-no wpr-jarallax-no wpr-parallax-no wpr-sticky-section-no wpr-equal-height-no e-con e-parent\" data-id=\"a591f1c\" data-element_type=\"container\" data-e-type=\"container\">\n\t\t\t\t\t<div class=\"e-con-inner\">\n\t\t\t\t<div class=\"elementor-element elementor-element-41c49e7 elementor-widget elementor-widget-text-editor\" data-id=\"41c49e7\" data-element_type=\"widget\" data-e-type=\"widget\" data-widget_type=\"text-editor.default\">\n\t\t\t\t<div class=\"elementor-widget-container\">\n\t\t\t\t\t\t\t\t\t<p><span style=\"color: var( --e-global-color-text ); font-family: var( --e-global-typography-text-font-family ), Sans-serif; font-weight: var( --e-global-typography-text-font-weight );\">In order to enable the implementation of the guides produced by each working group, CREDAF organizes training seminars for trainers.<\/span><\/p><p>Ces s\u00e9minaires, r\u00e9serv\u00e9s aux membres du CREDAF, alternent les s\u00e9ances pl\u00e9ni\u00e8res et les travaux pratiques en ateliers afin de permettre aux participants d\u2019appr\u00e9hender le guide et de mettre en place, de retour dans leurs pays respectifs, la formation du personnel de leur administration.<\/p>\t\t\t\t\t\t\t\t<\/div>\n\t\t\t\t<\/div>\n\t\t\t\t\t<\/div>\n\t\t\t\t<\/div>\n\t\t<div class=\"elementor-element elementor-element-fa5f3bd e-flex e-con-boxed wpr-particle-no wpr-jarallax-no wpr-parallax-no wpr-sticky-section-no wpr-equal-height-no e-con e-parent\" data-id=\"fa5f3bd\" data-element_type=\"container\" data-e-type=\"container\">\n\t\t\t\t\t<div class=\"e-con-inner\">\n\t\t\t\t<div class=\"elementor-element elementor-element-93a457f elementor-widget-divider--view-line_text elementor-widget-divider--element-align-center elementor-widget elementor-widget-divider\" data-id=\"93a457f\" data-element_type=\"widget\" data-e-type=\"widget\" data-widget_type=\"divider.default\">\n\t\t\t\t<div class=\"elementor-widget-container\">\n\t\t\t\t\t\t\t<div class=\"elementor-divider\">\n\t\t\t<span class=\"elementor-divider-separator\">\n\t\t\t\t\t\t\t<span class=\"elementor-divider__text elementor-divider__element\">\n\t\t\t\tTRAINING SESSIONS FOR TRAINERS\t\t\t\t<\/span>\n\t\t\t\t\t\t<\/span>\n\t\t<\/div>\n\t\t\t\t\t\t<\/div>\n\t\t\t\t<\/div>\n\t\t\t\t\t<\/div>\n\t\t\t\t<\/div>\n\t\t\t\t<section class=\"elementor-section elementor-top-section elementor-element elementor-element-26176327 elementor-section-boxed elementor-section-height-default elementor-section-height-default wpr-particle-no wpr-jarallax-no wpr-parallax-no wpr-sticky-section-no wpr-equal-height-no\" data-id=\"26176327\" data-element_type=\"section\" data-e-type=\"section\">\n\t\t\t\t\t\t<div class=\"elementor-container elementor-column-gap-default\">\n\t\t\t\t\t<div class=\"elementor-column elementor-col-100 elementor-top-column elementor-element elementor-element-4e27cbfe\" data-id=\"4e27cbfe\" data-element_type=\"column\" data-e-type=\"column\">\n\t\t\t<div class=\"elementor-widget-wrap elementor-element-populated\">\n\t\t\t\t\t\t<div class=\"elementor-element elementor-element-446f668a elementor-widget elementor-widget-text-editor\" data-id=\"446f668a\" data-element_type=\"widget\" data-e-type=\"widget\" data-widget_type=\"text-editor.default\">\n\t\t\t\t<div class=\"elementor-widget-container\">\n\t\t\t\t\t\t\t\t\t<p>\u00a0<\/p><p><span style=\"color: var( --e-global-color-text ); font-family: var( --e-global-typography-text-font-family ), Sans-serif; font-weight: var( --e-global-typography-text-font-weight );\">\n<table id=\"tablepress-5\" class=\"tablepress tablepress-id-5\">\n<thead>\n<tr class=\"row-1\">\n\t<th class=\"column-1\">Ann\u00e9e<\/th><th class=\"column-2\">Country<\/th><th class=\"column-3\">Themes<\/th><th class=\"column-4\">Animation<\/th>\n<\/tr>\n<\/thead>\n<tbody class=\"row-striping row-hover\">\n<tr class=\"row-2\">\n\t<td class=\"column-1\">2017<\/td><td class=\"column-2\">BURKINA FASO<\/td><td class=\"column-3\">Support for the guide on \u201cTaxation of extractive industries\u201d<\/td><td class=\"column-4\">Ivory Coast\/France<\/td>\n<\/tr>\n<tr class=\"row-3\">\n\t<td class=\"column-1\">2016<\/td><td class=\"column-2\">MOROCCO<\/td><td class=\"column-3\">Support for the help guide for \u201cVAT credit refunds\u201d<\/td><td class=\"column-4\">S\u00e9n\u00e9gal\/P\u00f4le de Dakar<\/td>\n<\/tr>\n<tr class=\"row-4\">\n\t<td class=\"column-1\">2015<\/td><td class=\"column-2\">HA\u00cfTI<\/td><td class=\"column-3\">Support for the help guide for evaluating tax expenditures<\/td><td class=\"column-4\">Belgium\/Morocco<\/td>\n<\/tr>\n<tr class=\"row-5\">\n\t<td class=\"column-1\">2014<\/td><td class=\"column-2\">R\u00c9P. D\u00c9M. DU CONGO<\/td><td class=\"column-3\">Support for the guide on the implementation of tax conventions<\/td><td class=\"column-4\">Belgium\/Senegal<\/td>\n<\/tr>\n<tr class=\"row-6\">\n\t<td class=\"column-1\">2013<\/td><td class=\"column-2\">CANADA<\/td><td class=\"column-3\">Support for the guide on the definition of functional needs and prerequisites for computerization <\/td><td class=\"column-4\">Canada\/France<\/td>\n<\/tr>\n<tr class=\"row-7\">\n\t<td class=\"column-1\">2012<\/td><td class=\"column-2\">NIGER<\/td><td class=\"column-3\">Methods for implementing a guide to contractualization of objectives <\/td><td class=\"column-4\">B\u00e9nin\/France<\/td>\n<\/tr>\n<tr class=\"row-8\">\n\t<td class=\"column-1\">2011<\/td><td class=\"column-2\">CONGO<\/td><td class=\"column-3\">Methods for implementing an auditor\u2019s guide <\/td><td class=\"column-4\">France\/Guin\u00e9e<\/td>\n<\/tr>\n<tr class=\"row-9\">\n\t<td class=\"column-1\">2010<\/td><td class=\"column-2\">ALGERIA<\/td><td class=\"column-3\">Modalities for implementing a guide to litigation procedures<\/td><td class=\"column-4\">France\/Morocco<\/td>\n<\/tr>\n<tr class=\"row-10\">\n\t<td class=\"column-1\">2009<\/td><td class=\"column-2\">LEBANON<\/td><td class=\"column-3\">Modalities for implementing a taxpayer charter<\/td><td class=\"column-4\">Canada\/Mali<\/td>\n<\/tr>\n<tr class=\"row-11\">\n\t<td class=\"column-1\">2008<\/td><td class=\"column-2\">IVORY COAST<\/td><td class=\"column-3\">Modalities for implementing the ethics guide for tax administration officials<\/td><td class=\"column-4\">Ivory Coast\/France<\/td>\n<\/tr>\n<\/tbody>\n<\/table>\n<!-- #tablepress-5 from cache --><\/span><\/p>\t\t\t\t\t\t\t\t<\/div>\n\t\t\t\t<\/div>\n\t\t\t\t\t<\/div>\n\t\t<\/div>\n\t\t\t\t\t<\/div>\n\t\t<\/section>\n\t\t\t\t<\/div>\n\t\t<!-- AddThis Advanced Settings generic via filter on the_content --><!-- AddThis Share Buttons generic via filter on the_content --><!-- AddThis Related Posts generic via filter on the_content -->","protected":false},"excerpt":{"rendered":"<p>Afin de permettre la mise en \u0153uvre des guides produits par chaque groupe de travail, le CREDAF organise des s\u00e9minaires de formation de formateurs. Ces s\u00e9minaires, r\u00e9serv\u00e9s aux membres du CREDAF, alternent les s\u00e9ances pl\u00e9ni\u00e8res et les travaux pratiques en ateliers afin de permettre aux participants d\u2019appr\u00e9hender le guide et de mettre en place, de retour dans leurs pays respectifs,<\/p>","protected":false},"author":13,"featured_media":0,"parent":0,"menu_order":0,"comment_status":"closed","ping_status":"closed","template":"","meta":{"_acf_changed":false,"footnotes":""},"class_list":["post-440","page","type-page","status-publish","hentry"],"acf":[],"yoast_head":"<!-- This site is optimized with the Yoast SEO plugin v27.4 - https:\/\/yoast.com\/product\/yoast-seo-wordpress\/ -->\n<title>Formations de formateurs -<\/title>\n<meta name=\"robots\" content=\"index, follow, max-snippet:-1, max-image-preview:large, max-video-preview:-1\" \/>\n<link rel=\"canonical\" href=\"https:\/\/credaf.org\/en\/formations\/\" \/>\n<meta property=\"og:locale\" content=\"en_US\" \/>\n<meta property=\"og:type\" content=\"article\" \/>\n<meta property=\"og:title\" content=\"Formations de formateurs -\" \/>\n<meta property=\"og:description\" content=\"Afin de permettre la mise en \u0153uvre des guides produits par chaque groupe de travail, le CREDAF organise des s\u00e9minaires de formation de formateurs. Ces s\u00e9minaires, r\u00e9serv\u00e9s aux membres du CREDAF, alternent les s\u00e9ances pl\u00e9ni\u00e8res et les travaux pratiques en ateliers afin de permettre aux participants d\u2019appr\u00e9hender le guide et de mettre en place, de retour dans leurs pays respectifs,\" \/>\n<meta property=\"og:url\" content=\"https:\/\/credaf.org\/en\/formations\/\" \/>\n<meta property=\"article:modified_time\" content=\"2023-08-31T17:15:59+00:00\" \/>\n<meta name=\"twitter:card\" content=\"summary_large_image\" \/>\n<meta name=\"twitter:label1\" content=\"Est. reading time\" \/>\n\t<meta name=\"twitter:data1\" content=\"1 minute\" \/>\n<script type=\"application\/ld+json\" class=\"yoast-schema-graph\">{\"@context\":\"https:\\\/\\\/schema.org\",\"@graph\":[{\"@type\":\"WebPage\",\"@id\":\"https:\\\/\\\/credaf.org\\\/en\\\/formations\\\/\",\"url\":\"https:\\\/\\\/credaf.org\\\/en\\\/formations\\\/\",\"name\":\"Formations de formateurs -\",\"isPartOf\":{\"@id\":\"https:\\\/\\\/credaf.org\\\/#website\"},\"datePublished\":\"2016-08-29T00:33:01+00:00\",\"dateModified\":\"2023-08-31T17:15:59+00:00\",\"breadcrumb\":{\"@id\":\"https:\\\/\\\/credaf.org\\\/en\\\/formations\\\/#breadcrumb\"},\"inLanguage\":\"en-US\",\"potentialAction\":[{\"@type\":\"ReadAction\",\"target\":[\"https:\\\/\\\/credaf.org\\\/en\\\/formations\\\/\"]}]},{\"@type\":\"BreadcrumbList\",\"@id\":\"https:\\\/\\\/credaf.org\\\/en\\\/formations\\\/#breadcrumb\",\"itemListElement\":[{\"@type\":\"ListItem\",\"position\":1,\"name\":\"Accueil\",\"item\":\"https:\\\/\\\/credaf.org\\\/\"},{\"@type\":\"ListItem\",\"position\":2,\"name\":\"Formations de formateurs\"}]},{\"@type\":\"WebSite\",\"@id\":\"https:\\\/\\\/credaf.org\\\/#website\",\"url\":\"https:\\\/\\\/credaf.org\\\/\",\"name\":\"\",\"description\":\"\",\"potentialAction\":[{\"@type\":\"SearchAction\",\"target\":{\"@type\":\"EntryPoint\",\"urlTemplate\":\"https:\\\/\\\/credaf.org\\\/?s={search_term_string}\"},\"query-input\":{\"@type\":\"PropertyValueSpecification\",\"valueRequired\":true,\"valueName\":\"search_term_string\"}}],\"inLanguage\":\"en-US\"}]}<\/script>\n<!-- \/ Yoast SEO plugin. -->","yoast_head_json":{"title":"Formations de formateurs -","robots":{"index":"index","follow":"follow","max-snippet":"max-snippet:-1","max-image-preview":"max-image-preview:large","max-video-preview":"max-video-preview:-1"},"canonical":"https:\/\/credaf.org\/en\/formations\/","og_locale":"en_US","og_type":"article","og_title":"Formations de formateurs -","og_description":"Afin de permettre la mise en \u0153uvre des guides produits par chaque groupe de travail, le CREDAF organise des s\u00e9minaires de formation de formateurs. Ces s\u00e9minaires, r\u00e9serv\u00e9s aux membres du CREDAF, alternent les s\u00e9ances pl\u00e9ni\u00e8res et les travaux pratiques en ateliers afin de permettre aux participants d\u2019appr\u00e9hender le guide et de mettre en place, de retour dans leurs pays respectifs,","og_url":"https:\/\/credaf.org\/en\/formations\/","article_modified_time":"2023-08-31T17:15:59+00:00","twitter_card":"summary_large_image","twitter_misc":{"Est. reading time":"1 minute"},"schema":{"@context":"https:\/\/schema.org","@graph":[{"@type":"WebPage","@id":"https:\/\/credaf.org\/en\/formations\/","url":"https:\/\/credaf.org\/en\/formations\/","name":"Formations de formateurs -","isPartOf":{"@id":"https:\/\/credaf.org\/#website"},"datePublished":"2016-08-29T00:33:01+00:00","dateModified":"2023-08-31T17:15:59+00:00","breadcrumb":{"@id":"https:\/\/credaf.org\/en\/formations\/#breadcrumb"},"inLanguage":"en-US","potentialAction":[{"@type":"ReadAction","target":["https:\/\/credaf.org\/en\/formations\/"]}]},{"@type":"BreadcrumbList","@id":"https:\/\/credaf.org\/en\/formations\/#breadcrumb","itemListElement":[{"@type":"ListItem","position":1,"name":"Accueil","item":"https:\/\/credaf.org\/"},{"@type":"ListItem","position":2,"name":"Formations de formateurs"}]},{"@type":"WebSite","@id":"https:\/\/credaf.org\/#website","url":"https:\/\/credaf.org\/","name":"","description":"","potentialAction":[{"@type":"SearchAction","target":{"@type":"EntryPoint","urlTemplate":"https:\/\/credaf.org\/?s={search_term_string}"},"query-input":{"@type":"PropertyValueSpecification","valueRequired":true,"valueName":"search_term_string"}}],"inLanguage":"en-US"}]}},"rttpg_featured_image_url":null,"rttpg_author":{"display_name":"sgcredaf","author_link":"https:\/\/credaf.org\/en\/author\/sgcredaf\/"},"rttpg_comment":0,"rttpg_category":null,"rttpg_excerpt":"Afin de permettre la mise en \u0153uvre des guides produits par chaque groupe de travail, le CREDAF organise des s\u00e9minaires de formation de formateurs. Ces s\u00e9minaires, r\u00e9serv\u00e9s aux membres du CREDAF, alternent les s\u00e9ances pl\u00e9ni\u00e8res et les travaux pratiques en ateliers afin de permettre aux participants d\u2019appr\u00e9hender le guide et de mettre en place, de&hellip;","_links":{"self":[{"href":"https:\/\/credaf.org\/en\/wp-json\/wp\/v2\/pages\/440","targetHints":{"allow":["GET"]}}],"collection":[{"href":"https:\/\/credaf.org\/en\/wp-json\/wp\/v2\/pages"}],"about":[{"href":"https:\/\/credaf.org\/en\/wp-json\/wp\/v2\/types\/page"}],"author":[{"embeddable":true,"href":"https:\/\/credaf.org\/en\/wp-json\/wp\/v2\/users\/13"}],"replies":[{"embeddable":true,"href":"https:\/\/credaf.org\/en\/wp-json\/wp\/v2\/comments?post=440"}],"version-history":[{"count":0,"href":"https:\/\/credaf.org\/en\/wp-json\/wp\/v2\/pages\/440\/revisions"}],"wp:attachment":[{"href":"https:\/\/credaf.org\/en\/wp-json\/wp\/v2\/media?parent=440"}],"curies":[{"name":"wp","href":"https:\/\/api.w.org\/{rel}","templated":true}]}}