{"id":4530,"date":"2017-11-22T16:15:13","date_gmt":"2017-11-22T15:15:13","guid":{"rendered":"http:\/\/credaf.org\/?page_id=4530"},"modified":"2022-01-03T16:33:34","modified_gmt":"2022-01-03T15:33:34","slug":"statistiques-recettes-publiques-afrique-2017-2eme-edition","status":"publish","type":"page","link":"https:\/\/credaf.org\/en\/statistiques-recettes-publiques-afrique-2017-2eme-edition\/","title":{"rendered":"Statistiques des recettes publiques en Afrique 2017 \u2013 2\u00e8me \u00e9dition"},"content":{"rendered":"<p>[et_pb_section bb_built=\u00a0\u00bb1\u2033][et_pb_row][et_pb_column type=\u00a0\u00bb4_4\u2033][et_pb_text]<\/p>\n<p><img decoding=\"async\" class=\"wp-image-4539 aligncenter\" src=\"https:\/\/credaf.org\/wp-content\/uploads\/2017\/11\/Statistiques_recettes.jpg\" alt=\"\" width=\"105\" height=\"134\" \/><\/p>\n<p>Nous sommes heureux de vous annoncer la publication r\u00e9cente de la deuxi\u00e8me \u00e9dition des <em>Statistiques des recettes publiques en Afrique <\/em>produite par l\u2019Organisation de coop\u00e9ration et d\u00e9veloppement \u00e9conomiques (OCDE), le Forum africain d\u2019administration fiscale (ATAF) et la Commission de l\u2019union africaine (CUA), avec l\u2019appui du CREDAF, de la Banque africaine de d\u00e9veloppement (BAfD) et de l\u2019Organisation mondiale des douanes (OMD).<\/p>\n<p>Le rapport des <a href=\"http:\/\/www.oecd.org\/fr\/fiscalite\/revenue-statistics-in-africa-2017-9789264280854-en-fr.htm\"><em>Statistiques des recettes publiques en Afrique 2017<\/em><\/a><em> (<\/em>OCDE\/ATAF\/CUA, 2017) fournit des donn\u00e9es internationalement comparables sur les recettes fiscales et non fiscales de 16\u00a0pays africains, soit deux fois plus que la premi\u00e8re \u00e9dition\u00a0: Afrique du Sud, Cabo Verde, Cameroun, C\u00f4te d\u2019Ivoire, Ghana, Kenya, Maroc, Maurice, Niger, Ouganda, R\u00e9publique d\u00e9mocratique du Congo, Rwanda, S\u00e9n\u00e9gal, Swaziland, Togo et Tunisie.<\/p>\n<p><!--more-->Ce rapport montre que la mobilisation des ressources domestiques progresse de fa\u00e7on constante dans les pays africains. En 2015, le ratio moyen des recettes fiscales rapport\u00e9es au PIB pour les 16 pays couverts par cette seconde \u00e9dition du rapport ressortait \u00e0 19.1 %, soit une hausse de 0.4 point par rapport \u00e0 2014. Tous les pays ont vu leurs recettes fiscales cro\u00eetre en pourcentage du PIB depuis 2000, avec une progression de 5.0 points en moyenne.<\/p>\n<p>Pour toute question sur cette initiative et les modalit\u00e9s d\u2019une participation \u00e9ventuelle aux futures \u00e9ditions, vous pouvez contacter <a href=\"mailto:RevenueStatistics@oecd.org\">RevenueStatistics@oecd.org<\/a><\/p>\n<p>Une brochure est aussi disponible en suivant le lien <a href=\"https:\/\/www.oecd.org\/fr\/fiscalite\/politiques-fiscales\/\">http:\/\/www.oecd.org\/fr\/fiscalite\/politiques-fiscales\/statistiques-recettes-publiques-afrique-brochure.pdf<\/a><\/p>\n<p>[\/et_pb_text][\/et_pb_column][\/et_pb_row][\/et_pb_section]<\/p>\n<!-- AddThis Advanced Settings generic via filter on the_content --><!-- AddThis Share Buttons generic via filter on the_content --><!-- AddThis Related Posts generic via filter on the_content -->","protected":false},"excerpt":{"rendered":"<p>[et_pb_section bb_built=\u00a0\u00bb1\u2033][et_pb_row][et_pb_column type=\u00a0\u00bb4_4\u2033][et_pb_text] Nous sommes heureux de vous annoncer la publication r\u00e9cente de la deuxi\u00e8me \u00e9dition des Statistiques des recettes publiques en Afrique produite par l\u2019Organisation de coop\u00e9ration et d\u00e9veloppement \u00e9conomiques (OCDE), le Forum africain d\u2019administration fiscale (ATAF) et la Commission de l\u2019union africaine (CUA), avec l\u2019appui du CREDAF, de la Banque africaine de d\u00e9veloppement (BAfD) et de l\u2019Organisation mondiale<\/p>\n","protected":false},"author":13,"featured_media":0,"parent":0,"menu_order":0,"comment_status":"closed","ping_status":"closed","template":"template\/template-events.php","meta":{"_acf_changed":false,"footnotes":""},"class_list":["post-4530","page","type-page","status-publish","hentry"],"acf":[],"yoast_head":"<!-- This site is optimized with the Yoast SEO plugin v27.5 - https:\/\/yoast.com\/product\/yoast-seo-wordpress\/ -->\n<title>Statistiques des recettes publiques en Afrique 2017 \u2013 2\u00e8me \u00e9dition -<\/title>\n<meta name=\"robots\" content=\"index, follow, max-snippet:-1, max-image-preview:large, max-video-preview:-1\" \/>\n<link rel=\"canonical\" href=\"https:\/\/credaf.org\/en\/statistiques-recettes-publiques-afrique-2017-2eme-edition\/\" \/>\n<meta property=\"og:locale\" content=\"en_US\" \/>\n<meta property=\"og:type\" content=\"article\" \/>\n<meta property=\"og:title\" content=\"Statistiques des recettes publiques en Afrique 2017 \u2013 2\u00e8me \u00e9dition -\" \/>\n<meta property=\"og:description\" content=\"[et_pb_section bb_built=\u00a0\u00bb1\u2033][et_pb_row][et_pb_column type=\u00a0\u00bb4_4\u2033][et_pb_text] Nous sommes heureux de vous annoncer la publication r\u00e9cente de la deuxi\u00e8me \u00e9dition des Statistiques des recettes publiques en Afrique produite par l\u2019Organisation de coop\u00e9ration et d\u00e9veloppement \u00e9conomiques (OCDE), le Forum africain d\u2019administration fiscale (ATAF) et la Commission de l\u2019union africaine (CUA), avec l\u2019appui du CREDAF, de la Banque africaine de d\u00e9veloppement (BAfD) et de l\u2019Organisation mondiale\" \/>\n<meta property=\"og:url\" content=\"https:\/\/credaf.org\/en\/statistiques-recettes-publiques-afrique-2017-2eme-edition\/\" \/>\n<meta property=\"article:modified_time\" content=\"2022-01-03T15:33:34+00:00\" \/>\n<meta property=\"og:image\" content=\"https:\/\/credaf.org\/wp-content\/uploads\/2017\/11\/Statistiques_recettes.jpg\" \/>\n<meta name=\"twitter:card\" content=\"summary_large_image\" \/>\n<meta name=\"twitter:label1\" content=\"Est. reading time\" \/>\n\t<meta name=\"twitter:data1\" content=\"1 minute\" \/>\n<script type=\"application\/ld+json\" class=\"yoast-schema-graph\">{\"@context\":\"https:\\\/\\\/schema.org\",\"@graph\":[{\"@type\":\"WebPage\",\"@id\":\"https:\\\/\\\/credaf.org\\\/statistiques-recettes-publiques-afrique-2017-2eme-edition\\\/\",\"url\":\"https:\\\/\\\/credaf.org\\\/statistiques-recettes-publiques-afrique-2017-2eme-edition\\\/\",\"name\":\"Statistiques des recettes publiques en Afrique 2017 \u2013 2\u00e8me \u00e9dition -\",\"isPartOf\":{\"@id\":\"https:\\\/\\\/credaf.org\\\/#website\"},\"primaryImageOfPage\":{\"@id\":\"https:\\\/\\\/credaf.org\\\/statistiques-recettes-publiques-afrique-2017-2eme-edition\\\/#primaryimage\"},\"image\":{\"@id\":\"https:\\\/\\\/credaf.org\\\/statistiques-recettes-publiques-afrique-2017-2eme-edition\\\/#primaryimage\"},\"thumbnailUrl\":\"https:\\\/\\\/credaf.org\\\/wp-content\\\/uploads\\\/2017\\\/11\\\/Statistiques_recettes.jpg\",\"datePublished\":\"2017-11-22T15:15:13+00:00\",\"dateModified\":\"2022-01-03T15:33:34+00:00\",\"breadcrumb\":{\"@id\":\"https:\\\/\\\/credaf.org\\\/statistiques-recettes-publiques-afrique-2017-2eme-edition\\\/#breadcrumb\"},\"inLanguage\":\"en-US\",\"potentialAction\":[{\"@type\":\"ReadAction\",\"target\":[\"https:\\\/\\\/credaf.org\\\/statistiques-recettes-publiques-afrique-2017-2eme-edition\\\/\"]}]},{\"@type\":\"ImageObject\",\"inLanguage\":\"en-US\",\"@id\":\"https:\\\/\\\/credaf.org\\\/statistiques-recettes-publiques-afrique-2017-2eme-edition\\\/#primaryimage\",\"url\":\"https:\\\/\\\/credaf.org\\\/wp-content\\\/uploads\\\/2017\\\/11\\\/Statistiques_recettes.jpg\",\"contentUrl\":\"https:\\\/\\\/credaf.org\\\/wp-content\\\/uploads\\\/2017\\\/11\\\/Statistiques_recettes.jpg\"},{\"@type\":\"BreadcrumbList\",\"@id\":\"https:\\\/\\\/credaf.org\\\/statistiques-recettes-publiques-afrique-2017-2eme-edition\\\/#breadcrumb\",\"itemListElement\":[{\"@type\":\"ListItem\",\"position\":1,\"name\":\"Accueil\",\"item\":\"https:\\\/\\\/credaf.org\\\/\"},{\"@type\":\"ListItem\",\"position\":2,\"name\":\"Statistiques des recettes publiques en Afrique 2017 \u2013 2\u00e8me \u00e9dition\"}]},{\"@type\":\"WebSite\",\"@id\":\"https:\\\/\\\/credaf.org\\\/#website\",\"url\":\"https:\\\/\\\/credaf.org\\\/\",\"name\":\"\",\"description\":\"\",\"potentialAction\":[{\"@type\":\"SearchAction\",\"target\":{\"@type\":\"EntryPoint\",\"urlTemplate\":\"https:\\\/\\\/credaf.org\\\/?s={search_term_string}\"},\"query-input\":{\"@type\":\"PropertyValueSpecification\",\"valueRequired\":true,\"valueName\":\"search_term_string\"}}],\"inLanguage\":\"en-US\"}]}<\/script>\n<!-- \/ Yoast SEO plugin. -->","yoast_head_json":{"title":"Statistiques des recettes publiques en Afrique 2017 \u2013 2\u00e8me \u00e9dition -","robots":{"index":"index","follow":"follow","max-snippet":"max-snippet:-1","max-image-preview":"max-image-preview:large","max-video-preview":"max-video-preview:-1"},"canonical":"https:\/\/credaf.org\/en\/statistiques-recettes-publiques-afrique-2017-2eme-edition\/","og_locale":"en_US","og_type":"article","og_title":"Statistiques des recettes publiques en Afrique 2017 \u2013 2\u00e8me \u00e9dition -","og_description":"[et_pb_section bb_built=\u00a0\u00bb1\u2033][et_pb_row][et_pb_column type=\u00a0\u00bb4_4\u2033][et_pb_text] Nous sommes heureux de vous annoncer la publication r\u00e9cente de la deuxi\u00e8me \u00e9dition des Statistiques des recettes publiques en Afrique produite par l\u2019Organisation de coop\u00e9ration et d\u00e9veloppement \u00e9conomiques (OCDE), le Forum africain d\u2019administration fiscale (ATAF) et la Commission de l\u2019union africaine (CUA), avec l\u2019appui du CREDAF, de la Banque africaine de d\u00e9veloppement (BAfD) et de l\u2019Organisation mondiale","og_url":"https:\/\/credaf.org\/en\/statistiques-recettes-publiques-afrique-2017-2eme-edition\/","article_modified_time":"2022-01-03T15:33:34+00:00","og_image":[{"url":"https:\/\/credaf.org\/wp-content\/uploads\/2017\/11\/Statistiques_recettes.jpg","type":"","width":"","height":""}],"twitter_card":"summary_large_image","twitter_misc":{"Est. reading time":"1 minute"},"schema":{"@context":"https:\/\/schema.org","@graph":[{"@type":"WebPage","@id":"https:\/\/credaf.org\/statistiques-recettes-publiques-afrique-2017-2eme-edition\/","url":"https:\/\/credaf.org\/statistiques-recettes-publiques-afrique-2017-2eme-edition\/","name":"Statistiques des recettes publiques en Afrique 2017 \u2013 2\u00e8me \u00e9dition -","isPartOf":{"@id":"https:\/\/credaf.org\/#website"},"primaryImageOfPage":{"@id":"https:\/\/credaf.org\/statistiques-recettes-publiques-afrique-2017-2eme-edition\/#primaryimage"},"image":{"@id":"https:\/\/credaf.org\/statistiques-recettes-publiques-afrique-2017-2eme-edition\/#primaryimage"},"thumbnailUrl":"https:\/\/credaf.org\/wp-content\/uploads\/2017\/11\/Statistiques_recettes.jpg","datePublished":"2017-11-22T15:15:13+00:00","dateModified":"2022-01-03T15:33:34+00:00","breadcrumb":{"@id":"https:\/\/credaf.org\/statistiques-recettes-publiques-afrique-2017-2eme-edition\/#breadcrumb"},"inLanguage":"en-US","potentialAction":[{"@type":"ReadAction","target":["https:\/\/credaf.org\/statistiques-recettes-publiques-afrique-2017-2eme-edition\/"]}]},{"@type":"ImageObject","inLanguage":"en-US","@id":"https:\/\/credaf.org\/statistiques-recettes-publiques-afrique-2017-2eme-edition\/#primaryimage","url":"https:\/\/credaf.org\/wp-content\/uploads\/2017\/11\/Statistiques_recettes.jpg","contentUrl":"https:\/\/credaf.org\/wp-content\/uploads\/2017\/11\/Statistiques_recettes.jpg"},{"@type":"BreadcrumbList","@id":"https:\/\/credaf.org\/statistiques-recettes-publiques-afrique-2017-2eme-edition\/#breadcrumb","itemListElement":[{"@type":"ListItem","position":1,"name":"Accueil","item":"https:\/\/credaf.org\/"},{"@type":"ListItem","position":2,"name":"Statistiques des recettes publiques en Afrique 2017 \u2013 2\u00e8me \u00e9dition"}]},{"@type":"WebSite","@id":"https:\/\/credaf.org\/#website","url":"https:\/\/credaf.org\/","name":"","description":"","potentialAction":[{"@type":"SearchAction","target":{"@type":"EntryPoint","urlTemplate":"https:\/\/credaf.org\/?s={search_term_string}"},"query-input":{"@type":"PropertyValueSpecification","valueRequired":true,"valueName":"search_term_string"}}],"inLanguage":"en-US"}]}},"rttpg_featured_image_url":null,"rttpg_author":{"display_name":"sgcredaf","author_link":"https:\/\/credaf.org\/en\/author\/sgcredaf\/"},"rttpg_comment":0,"rttpg_category":null,"rttpg_excerpt":"[et_pb_section bb_built=\u00a0\u00bb1\u2033][et_pb_row][et_pb_column type=\u00a0\u00bb4_4\u2033][et_pb_text] Nous sommes heureux de vous annoncer la publication r\u00e9cente de la deuxi\u00e8me \u00e9dition des Statistiques des recettes publiques en Afrique produite par l\u2019Organisation de coop\u00e9ration et d\u00e9veloppement \u00e9conomiques (OCDE), le Forum africain d\u2019administration fiscale (ATAF) et la Commission de l\u2019union africaine (CUA), avec l\u2019appui du CREDAF, de la Banque africaine de d\u00e9veloppement&hellip;","_links":{"self":[{"href":"https:\/\/credaf.org\/en\/wp-json\/wp\/v2\/pages\/4530","targetHints":{"allow":["GET"]}}],"collection":[{"href":"https:\/\/credaf.org\/en\/wp-json\/wp\/v2\/pages"}],"about":[{"href":"https:\/\/credaf.org\/en\/wp-json\/wp\/v2\/types\/page"}],"author":[{"embeddable":true,"href":"https:\/\/credaf.org\/en\/wp-json\/wp\/v2\/users\/13"}],"replies":[{"embeddable":true,"href":"https:\/\/credaf.org\/en\/wp-json\/wp\/v2\/comments?post=4530"}],"version-history":[{"count":0,"href":"https:\/\/credaf.org\/en\/wp-json\/wp\/v2\/pages\/4530\/revisions"}],"wp:attachment":[{"href":"https:\/\/credaf.org\/en\/wp-json\/wp\/v2\/media?parent=4530"}],"curies":[{"name":"wp","href":"https:\/\/api.w.org\/{rel}","templated":true}]}}