{"id":517,"date":"2016-08-30T10:27:04","date_gmt":"2016-08-30T08:27:04","guid":{"rendered":"http:\/\/credaf.org\/?page_id=517"},"modified":"2025-08-26T15:24:50","modified_gmt":"2025-08-26T13:24:50","slug":"historique","status":"publish","type":"page","link":"https:\/\/credaf.org\/en\/historique\/","title":{"rendered":"Historical"},"content":{"rendered":"<div data-elementor-type=\"wp-page\" data-elementor-id=\"517\" class=\"elementor elementor-517\">\n\t\t\t\t\t\t<section class=\"elementor-section elementor-top-section elementor-element elementor-element-476fee91 elementor-section-boxed elementor-section-height-default elementor-section-height-default wpr-particle-no wpr-jarallax-no wpr-parallax-no wpr-sticky-section-no wpr-equal-height-no\" data-id=\"476fee91\" data-element_type=\"section\" data-e-type=\"section\">\n\t\t\t\t\t\t<div class=\"elementor-container elementor-column-gap-default\">\n\t\t\t\t\t<div class=\"elementor-column elementor-col-100 elementor-top-column elementor-element elementor-element-4727bd03\" data-id=\"4727bd03\" data-element_type=\"column\" data-e-type=\"column\">\n\t\t\t<div class=\"elementor-widget-wrap elementor-element-populated\">\n\t\t\t\t\t\t<div class=\"elementor-element elementor-element-ddea9b elementor-widget elementor-widget-text-editor\" data-id=\"ddea9b\" data-element_type=\"widget\" data-e-type=\"widget\" data-widget_type=\"text-editor.default\">\n\t\t\t\t<div class=\"elementor-widget-container\">\n\t\t\t\t\t\t\t\t\t<h3>The birth of CREDAF<\/h3><p style=\"text-align: justify\">It was at the request of the French Directorate General of Taxes that the <strong>1972<\/strong> and <strong>1978<\/strong>, in Paris, the first two meetings bringing together around ten countries from the French-speaking African zone.<\/p><p style=\"text-align: justify\">The first two meetings, informal, made it possible to measure the importance of exchanges of experiences for those responsible for tax administrations in the areas falling within their competence: application of tax legislation, organization of services, staff training or, again, mutual assistance\u2026<\/p><p style=\"text-align: justify\">Their 3rd meeting took place in Abidjan where the wish was expressed to form an association, in order to give a permanent basis to these periodic gatherings.<\/p><p style=\"text-align: justify\">The constitutive act and statutes of CREDAF were prepared in Yaound\u00e9 in <strong>1982<\/strong>.<\/p><h3>The founding countries<\/h3><p style=\"text-align: justify\">Benin, Burkina Faso, Cameroon, Ivory Coast, Djibouti, France, Gabon, Lebanon, Mali, Morocco, Niger, Senegal, Chad, Togo and Tunisia.<\/p>\t\t\t\t\t\t\t\t<\/div>\n\t\t\t\t<\/div>\n\t\t\t\t\t<\/div>\n\t\t<\/div>\n\t\t\t\t\t<\/div>\n\t\t<\/section>\n\t\t\t\t<\/div>\n\t\t<!-- AddThis Advanced Settings generic via filter on the_content --><!-- AddThis Share Buttons generic via filter on the_content --><!-- AddThis Related Posts generic via filter on the_content -->","protected":false},"excerpt":{"rendered":"<p>La naissance du CREDAF C\u2019est \u00e0 la demande de la Direction g\u00e9n\u00e9rale des imp\u00f4ts fran\u00e7aise, qu\u2019ont eu lieu en 1972 et 1978, \u00e0 Paris, les deux premi\u00e8res r\u00e9unions rassemblant une dizaine de pays de la zone africaine francophone. Les deux premi\u00e8res rencontres, informelles, ont permis de mesurer l\u2019importance des \u00e9changes d\u2019exp\u00e9riences pour les responsables des administrations fiscales dans les domaines<\/p>","protected":false},"author":13,"featured_media":0,"parent":0,"menu_order":0,"comment_status":"closed","ping_status":"closed","template":"","meta":{"_acf_changed":false,"footnotes":""},"class_list":["post-517","page","type-page","status-publish","hentry"],"acf":[],"yoast_head":"<!-- This site is optimized with the Yoast SEO plugin v27.4 - https:\/\/yoast.com\/product\/yoast-seo-wordpress\/ -->\n<title>Historique -<\/title>\n<meta name=\"robots\" content=\"index, follow, max-snippet:-1, max-image-preview:large, max-video-preview:-1\" \/>\n<link rel=\"canonical\" href=\"https:\/\/credaf.org\/en\/historique\/\" \/>\n<meta property=\"og:locale\" content=\"en_US\" \/>\n<meta property=\"og:type\" content=\"article\" \/>\n<meta property=\"og:title\" content=\"Historique -\" \/>\n<meta property=\"og:description\" content=\"La naissance du CREDAF C\u2019est \u00e0 la demande de la Direction g\u00e9n\u00e9rale des imp\u00f4ts fran\u00e7aise, qu\u2019ont eu lieu en 1972 et 1978, \u00e0 Paris, les deux premi\u00e8res r\u00e9unions rassemblant une dizaine de pays de la zone africaine francophone. Les deux premi\u00e8res rencontres, informelles, ont permis de mesurer l\u2019importance des \u00e9changes d\u2019exp\u00e9riences pour les responsables des administrations fiscales dans les domaines\" \/>\n<meta property=\"og:url\" content=\"https:\/\/credaf.org\/en\/historique\/\" \/>\n<meta property=\"article:modified_time\" content=\"2025-08-26T13:24:50+00:00\" \/>\n<meta name=\"twitter:card\" content=\"summary_large_image\" \/>\n<meta name=\"twitter:label1\" content=\"Est. reading time\" \/>\n\t<meta name=\"twitter:data1\" content=\"1 minute\" \/>\n<script type=\"application\/ld+json\" class=\"yoast-schema-graph\">{\"@context\":\"https:\\\/\\\/schema.org\",\"@graph\":[{\"@type\":\"WebPage\",\"@id\":\"https:\\\/\\\/credaf.org\\\/en\\\/historique\\\/\",\"url\":\"https:\\\/\\\/credaf.org\\\/en\\\/historique\\\/\",\"name\":\"Historique -\",\"isPartOf\":{\"@id\":\"https:\\\/\\\/credaf.org\\\/#website\"},\"datePublished\":\"2016-08-30T08:27:04+00:00\",\"dateModified\":\"2025-08-26T13:24:50+00:00\",\"breadcrumb\":{\"@id\":\"https:\\\/\\\/credaf.org\\\/en\\\/historique\\\/#breadcrumb\"},\"inLanguage\":\"en-US\",\"potentialAction\":[{\"@type\":\"ReadAction\",\"target\":[\"https:\\\/\\\/credaf.org\\\/en\\\/historique\\\/\"]}]},{\"@type\":\"BreadcrumbList\",\"@id\":\"https:\\\/\\\/credaf.org\\\/en\\\/historique\\\/#breadcrumb\",\"itemListElement\":[{\"@type\":\"ListItem\",\"position\":1,\"name\":\"Accueil\",\"item\":\"https:\\\/\\\/credaf.org\\\/\"},{\"@type\":\"ListItem\",\"position\":2,\"name\":\"Historique\"}]},{\"@type\":\"WebSite\",\"@id\":\"https:\\\/\\\/credaf.org\\\/#website\",\"url\":\"https:\\\/\\\/credaf.org\\\/\",\"name\":\"\",\"description\":\"\",\"potentialAction\":[{\"@type\":\"SearchAction\",\"target\":{\"@type\":\"EntryPoint\",\"urlTemplate\":\"https:\\\/\\\/credaf.org\\\/?s={search_term_string}\"},\"query-input\":{\"@type\":\"PropertyValueSpecification\",\"valueRequired\":true,\"valueName\":\"search_term_string\"}}],\"inLanguage\":\"en-US\"}]}<\/script>\n<!-- \/ Yoast SEO plugin. -->","yoast_head_json":{"title":"Historique -","robots":{"index":"index","follow":"follow","max-snippet":"max-snippet:-1","max-image-preview":"max-image-preview:large","max-video-preview":"max-video-preview:-1"},"canonical":"https:\/\/credaf.org\/en\/historique\/","og_locale":"en_US","og_type":"article","og_title":"Historique -","og_description":"La naissance du CREDAF C\u2019est \u00e0 la demande de la Direction g\u00e9n\u00e9rale des imp\u00f4ts fran\u00e7aise, qu\u2019ont eu lieu en 1972 et 1978, \u00e0 Paris, les deux premi\u00e8res r\u00e9unions rassemblant une dizaine de pays de la zone africaine francophone. Les deux premi\u00e8res rencontres, informelles, ont permis de mesurer l\u2019importance des \u00e9changes d\u2019exp\u00e9riences pour les responsables des administrations fiscales dans les domaines","og_url":"https:\/\/credaf.org\/en\/historique\/","article_modified_time":"2025-08-26T13:24:50+00:00","twitter_card":"summary_large_image","twitter_misc":{"Est. reading time":"1 minute"},"schema":{"@context":"https:\/\/schema.org","@graph":[{"@type":"WebPage","@id":"https:\/\/credaf.org\/en\/historique\/","url":"https:\/\/credaf.org\/en\/historique\/","name":"Historique -","isPartOf":{"@id":"https:\/\/credaf.org\/#website"},"datePublished":"2016-08-30T08:27:04+00:00","dateModified":"2025-08-26T13:24:50+00:00","breadcrumb":{"@id":"https:\/\/credaf.org\/en\/historique\/#breadcrumb"},"inLanguage":"en-US","potentialAction":[{"@type":"ReadAction","target":["https:\/\/credaf.org\/en\/historique\/"]}]},{"@type":"BreadcrumbList","@id":"https:\/\/credaf.org\/en\/historique\/#breadcrumb","itemListElement":[{"@type":"ListItem","position":1,"name":"Accueil","item":"https:\/\/credaf.org\/"},{"@type":"ListItem","position":2,"name":"Historique"}]},{"@type":"WebSite","@id":"https:\/\/credaf.org\/#website","url":"https:\/\/credaf.org\/","name":"","description":"","potentialAction":[{"@type":"SearchAction","target":{"@type":"EntryPoint","urlTemplate":"https:\/\/credaf.org\/?s={search_term_string}"},"query-input":{"@type":"PropertyValueSpecification","valueRequired":true,"valueName":"search_term_string"}}],"inLanguage":"en-US"}]}},"rttpg_featured_image_url":null,"rttpg_author":{"display_name":"sgcredaf","author_link":"https:\/\/credaf.org\/en\/author\/sgcredaf\/"},"rttpg_comment":0,"rttpg_category":null,"rttpg_excerpt":"La naissance du CREDAF C\u2019est \u00e0 la demande de la Direction g\u00e9n\u00e9rale des imp\u00f4ts fran\u00e7aise, qu\u2019ont eu lieu en 1972 et 1978, \u00e0 Paris, les deux premi\u00e8res r\u00e9unions rassemblant une dizaine de pays de la zone africaine francophone. Les deux premi\u00e8res rencontres, informelles, ont permis de mesurer l\u2019importance des \u00e9changes d\u2019exp\u00e9riences pour les responsables des&hellip;","_links":{"self":[{"href":"https:\/\/credaf.org\/en\/wp-json\/wp\/v2\/pages\/517","targetHints":{"allow":["GET"]}}],"collection":[{"href":"https:\/\/credaf.org\/en\/wp-json\/wp\/v2\/pages"}],"about":[{"href":"https:\/\/credaf.org\/en\/wp-json\/wp\/v2\/types\/page"}],"author":[{"embeddable":true,"href":"https:\/\/credaf.org\/en\/wp-json\/wp\/v2\/users\/13"}],"replies":[{"embeddable":true,"href":"https:\/\/credaf.org\/en\/wp-json\/wp\/v2\/comments?post=517"}],"version-history":[{"count":6,"href":"https:\/\/credaf.org\/en\/wp-json\/wp\/v2\/pages\/517\/revisions"}],"predecessor-version":[{"id":11173,"href":"https:\/\/credaf.org\/en\/wp-json\/wp\/v2\/pages\/517\/revisions\/11173"}],"wp:attachment":[{"href":"https:\/\/credaf.org\/en\/wp-json\/wp\/v2\/media?parent=517"}],"curies":[{"name":"wp","href":"https:\/\/api.w.org\/{rel}","templated":true}]}}