{"id":527,"date":"2016-08-30T11:48:46","date_gmt":"2016-08-30T09:48:46","guid":{"rendered":"http:\/\/credaf.org\/?page_id=527"},"modified":"2025-04-24T20:25:17","modified_gmt":"2025-04-24T18:25:17","slug":"actions","status":"publish","type":"page","link":"https:\/\/credaf.org\/en\/actions\/","title":{"rendered":"Presentation of actions"},"content":{"rendered":"<div data-elementor-type=\"wp-page\" data-elementor-id=\"527\" class=\"elementor elementor-527\">\n\t\t\t\t<div class=\"elementor-element elementor-element-c184f09 e-flex e-con-boxed wpr-particle-no wpr-jarallax-no wpr-parallax-no wpr-sticky-section-no wpr-equal-height-no e-con e-parent\" data-id=\"c184f09\" data-element_type=\"container\" data-e-type=\"container\">\n\t\t\t\t\t<div class=\"e-con-inner\">\n\t\t\t\t<div class=\"elementor-element elementor-element-0aa2542 elementor-widget elementor-widget-heading\" data-id=\"0aa2542\" data-element_type=\"widget\" data-e-type=\"widget\" data-widget_type=\"heading.default\">\n\t\t\t\t<div class=\"elementor-widget-container\">\n\t\t\t\t\t<h2 class=\"elementor-heading-title elementor-size-default\">Presentation of actions<\/h2>\t\t\t\t<\/div>\n\t\t\t\t<\/div>\n\t\t\t\t\t<\/div>\n\t\t\t\t<\/div>\n\t\t<div class=\"elementor-element elementor-element-7e57c22 e-flex e-con-boxed wpr-particle-no wpr-jarallax-no wpr-parallax-no wpr-sticky-section-no wpr-equal-height-no e-con e-parent\" data-id=\"7e57c22\" data-element_type=\"container\" data-e-type=\"container\">\n\t\t\t\t\t<div class=\"e-con-inner\">\n\t\t\t\t<div class=\"elementor-element elementor-element-4674a24 elementor-widget elementor-widget-text-editor\" data-id=\"4674a24\" data-element_type=\"widget\" data-e-type=\"widget\" data-widget_type=\"text-editor.default\">\n\t\t\t\t<div class=\"elementor-widget-container\">\n\t\t\t\t\t\t\t\t\t<h4><span style=\"color: #be3737; font-size: 22px; font-weight: bold; text-align: justify; font-family: var( --e-global-typography-text-font-family ), Sans-serif;\">Around ten annual events<\/span><\/h4><p>Chaque ann\u00e9e, le CREDAF organise pr\u00e8s d\u2019une dizaine d\u2019\u00e9v\u00e9nements internationaux tels que conf\u00e9rence, s\u00e9minaires de Directeurs, groupes de travail et autres r\u00e9unions th\u00e9matiques. Ces \u00e9v\u00e9nements ont lieu tour \u00e0 tour dans chacun des pays membres.<\/p><h4><span style=\"color: #be3737;\">The Annual Conference<\/span><\/h4><p>La conf\u00e9rence est l&rsquo;\u00e9v\u00e9nement annuel o\u00f9 se retrouvent tous les dirigeants des administrations membres du CREDAF et les repr\u00e9sentants de nombreuses organisations internationales, d\u2019universitaires ou encore d\u2019experts dans le domaine de la fiscalit\u00e9. Pendant trois jours, les participants r\u00e9fl\u00e9chissent, \u00e9changent et d\u00e9battent autour du (ou des) th\u00e8me(s) retenu(s).<\/p><p>Pour favoriser la r\u00e9flexion, des tables rondes et des expos\u00e9s auxquels participent des membres du CREDAF et des experts externes pr\u00e9c\u00e8dent les d\u00e9bats. Les travaux prennent \u00e9galement la forme d\u2019ateliers et de commissions organis\u00e9s en sous-groupes, lesquels permettent des \u00e9changes plus nourris.<\/p><p>La conf\u00e9rence annuelle est \u00e9galement l\u2019occasion de r\u00e9unir l\u2019Assembl\u00e9e g\u00e9n\u00e9rale du CREDAF.<\/p><h4><span style=\"color: #be3737;\">Directors\u2019 seminars<\/span><\/h4><p>CREDAF organizes at least three Directors\u2019 seminars each year.<\/p><p>The format of these events is different from that of the conference. Indeed, the seminars alternate plenary sessions and workshop work on a specific theme selected by the General Assembly, on the proposal of the Executive Office.<\/p><p>G\u00e9n\u00e9ralement r\u00e9serv\u00e9s aux membres du CREDAF, ces s\u00e9minaires s\u2019adressent aux cadres dirigeants et \u00e0 leurs collaborateurs.<\/p><h4><span style=\"color: #be3737;\">Working group meetings<\/span><\/h4><p>The General Assembly determines each year, after a proposal from the Executive Board, a technical and practical work theme which is entrusted to the study of a working group.<\/p><p>Ce groupe est compos\u00e9 d&rsquo;une \u00e9quipe restreinte d\u2019experts issus des pays membres du CREDAF, qui se r\u00e9unie \u00e0 deux reprises, \u00e0 quelques mois d\u2019intervalle. En fonction du th\u00e8me retenu, des repr\u00e9sentants d\u2019organisations r\u00e9gionales ou nationales peuvent \u00eatre associ\u00e9s aux travaux.<\/p><p>Le groupe de travail a pour objectif d&rsquo;\u00e9laborer une documentation sp\u00e9cifique sur le th\u00e8me retenu, ce qui prend g\u00e9n\u00e9ralement la forme d\u2019un guide pratique.<\/p><p>Chaque membre du groupe est charg\u00e9 de contribuer \u00e0 la conception du document final.<\/p><p>Le guide \u00e9labor\u00e9 par le groupe de travail en cours est pr\u00e9sent\u00e9 chaque ann\u00e9e lors du colloque. Il est ensuite mis \u00e0 la disposition de tous les pays membres.<\/p>\t\t\t\t\t\t\t\t<\/div>\n\t\t\t\t<\/div>\n\t\t\t\t\t<\/div>\n\t\t\t\t<\/div>\n\t\t\t\t<\/div>\n\t\t<!-- AddThis Advanced Settings generic via filter on the_content --><!-- AddThis Share Buttons generic via filter on the_content --><!-- AddThis Related Posts generic via filter on the_content -->","protected":false},"excerpt":{"rendered":"<p>Pr\u00e9sentation des actions du CREDAF Une dizaine d\u2019\u00e9v\u00e9nements annuels Chaque ann\u00e9e, le CREDAF organise pr\u00e8s d\u2019une dizaine d\u2019\u00e9v\u00e9nements internationaux tels que conf\u00e9rence, s\u00e9minaires de Directeurs, groupes de travail et autres r\u00e9unions th\u00e9matiques. Ces \u00e9v\u00e9nements ont lieu tour \u00e0 tour dans chacun des pays membres. La conf\u00e9rence annuelle La conf\u00e9rence est l&rsquo;\u00e9v\u00e9nement annuel o\u00f9 se retrouvent tous les dirigeants des administrations<\/p>","protected":false},"author":13,"featured_media":0,"parent":0,"menu_order":0,"comment_status":"closed","ping_status":"closed","template":"","meta":{"_acf_changed":false,"footnotes":""},"class_list":["post-527","page","type-page","status-publish","hentry"],"acf":[],"yoast_head":"<!-- This site is optimized with the Yoast SEO plugin v27.4 - https:\/\/yoast.com\/product\/yoast-seo-wordpress\/ -->\n<title>Pr\u00e9sentation des actions -<\/title>\n<meta name=\"robots\" content=\"index, follow, max-snippet:-1, max-image-preview:large, max-video-preview:-1\" \/>\n<link rel=\"canonical\" href=\"https:\/\/credaf.org\/en\/actions\/\" \/>\n<meta property=\"og:locale\" content=\"en_US\" \/>\n<meta property=\"og:type\" content=\"article\" \/>\n<meta property=\"og:title\" content=\"Pr\u00e9sentation des actions -\" \/>\n<meta property=\"og:description\" content=\"Pr\u00e9sentation des actions du CREDAF Une dizaine d\u2019\u00e9v\u00e9nements annuels Chaque ann\u00e9e, le CREDAF organise pr\u00e8s d\u2019une dizaine d\u2019\u00e9v\u00e9nements internationaux tels que conf\u00e9rence, s\u00e9minaires de Directeurs, groupes de travail et autres r\u00e9unions th\u00e9matiques. Ces \u00e9v\u00e9nements ont lieu tour \u00e0 tour dans chacun des pays membres. La conf\u00e9rence annuelle La conf\u00e9rence est l&rsquo;\u00e9v\u00e9nement annuel o\u00f9 se retrouvent tous les dirigeants des administrations\" \/>\n<meta property=\"og:url\" content=\"https:\/\/credaf.org\/en\/actions\/\" \/>\n<meta property=\"article:modified_time\" content=\"2025-04-24T18:25:17+00:00\" \/>\n<meta name=\"twitter:card\" content=\"summary_large_image\" \/>\n<meta name=\"twitter:label1\" content=\"Est. reading time\" \/>\n\t<meta name=\"twitter:data1\" content=\"2 minutes\" \/>\n<script type=\"application\/ld+json\" class=\"yoast-schema-graph\">{\"@context\":\"https:\\\/\\\/schema.org\",\"@graph\":[{\"@type\":\"WebPage\",\"@id\":\"https:\\\/\\\/credaf.org\\\/actions\\\/\",\"url\":\"https:\\\/\\\/credaf.org\\\/actions\\\/\",\"name\":\"Pr\u00e9sentation des actions -\",\"isPartOf\":{\"@id\":\"https:\\\/\\\/credaf.org\\\/#website\"},\"datePublished\":\"2016-08-30T09:48:46+00:00\",\"dateModified\":\"2025-04-24T18:25:17+00:00\",\"breadcrumb\":{\"@id\":\"https:\\\/\\\/credaf.org\\\/actions\\\/#breadcrumb\"},\"inLanguage\":\"en-US\",\"potentialAction\":[{\"@type\":\"ReadAction\",\"target\":[\"https:\\\/\\\/credaf.org\\\/actions\\\/\"]}]},{\"@type\":\"BreadcrumbList\",\"@id\":\"https:\\\/\\\/credaf.org\\\/actions\\\/#breadcrumb\",\"itemListElement\":[{\"@type\":\"ListItem\",\"position\":1,\"name\":\"Accueil\",\"item\":\"https:\\\/\\\/credaf.org\\\/\"},{\"@type\":\"ListItem\",\"position\":2,\"name\":\"Pr\u00e9sentation des actions\"}]},{\"@type\":\"WebSite\",\"@id\":\"https:\\\/\\\/credaf.org\\\/#website\",\"url\":\"https:\\\/\\\/credaf.org\\\/\",\"name\":\"\",\"description\":\"\",\"potentialAction\":[{\"@type\":\"SearchAction\",\"target\":{\"@type\":\"EntryPoint\",\"urlTemplate\":\"https:\\\/\\\/credaf.org\\\/?s={search_term_string}\"},\"query-input\":{\"@type\":\"PropertyValueSpecification\",\"valueRequired\":true,\"valueName\":\"search_term_string\"}}],\"inLanguage\":\"en-US\"}]}<\/script>\n<!-- \/ Yoast SEO plugin. -->","yoast_head_json":{"title":"Pr\u00e9sentation des actions -","robots":{"index":"index","follow":"follow","max-snippet":"max-snippet:-1","max-image-preview":"max-image-preview:large","max-video-preview":"max-video-preview:-1"},"canonical":"https:\/\/credaf.org\/en\/actions\/","og_locale":"en_US","og_type":"article","og_title":"Pr\u00e9sentation des actions -","og_description":"Pr\u00e9sentation des actions du CREDAF Une dizaine d\u2019\u00e9v\u00e9nements annuels Chaque ann\u00e9e, le CREDAF organise pr\u00e8s d\u2019une dizaine d\u2019\u00e9v\u00e9nements internationaux tels que conf\u00e9rence, s\u00e9minaires de Directeurs, groupes de travail et autres r\u00e9unions th\u00e9matiques. Ces \u00e9v\u00e9nements ont lieu tour \u00e0 tour dans chacun des pays membres. La conf\u00e9rence annuelle La conf\u00e9rence est l&rsquo;\u00e9v\u00e9nement annuel o\u00f9 se retrouvent tous les dirigeants des administrations","og_url":"https:\/\/credaf.org\/en\/actions\/","article_modified_time":"2025-04-24T18:25:17+00:00","twitter_card":"summary_large_image","twitter_misc":{"Est. reading time":"2 minutes"},"schema":{"@context":"https:\/\/schema.org","@graph":[{"@type":"WebPage","@id":"https:\/\/credaf.org\/actions\/","url":"https:\/\/credaf.org\/actions\/","name":"Pr\u00e9sentation des actions -","isPartOf":{"@id":"https:\/\/credaf.org\/#website"},"datePublished":"2016-08-30T09:48:46+00:00","dateModified":"2025-04-24T18:25:17+00:00","breadcrumb":{"@id":"https:\/\/credaf.org\/actions\/#breadcrumb"},"inLanguage":"en-US","potentialAction":[{"@type":"ReadAction","target":["https:\/\/credaf.org\/actions\/"]}]},{"@type":"BreadcrumbList","@id":"https:\/\/credaf.org\/actions\/#breadcrumb","itemListElement":[{"@type":"ListItem","position":1,"name":"Accueil","item":"https:\/\/credaf.org\/"},{"@type":"ListItem","position":2,"name":"Pr\u00e9sentation des actions"}]},{"@type":"WebSite","@id":"https:\/\/credaf.org\/#website","url":"https:\/\/credaf.org\/","name":"","description":"","potentialAction":[{"@type":"SearchAction","target":{"@type":"EntryPoint","urlTemplate":"https:\/\/credaf.org\/?s={search_term_string}"},"query-input":{"@type":"PropertyValueSpecification","valueRequired":true,"valueName":"search_term_string"}}],"inLanguage":"en-US"}]}},"rttpg_featured_image_url":null,"rttpg_author":{"display_name":"sgcredaf","author_link":"https:\/\/credaf.org\/en\/author\/sgcredaf\/"},"rttpg_comment":0,"rttpg_category":null,"rttpg_excerpt":"Pr\u00e9sentation des actions du CREDAF Une dizaine d\u2019\u00e9v\u00e9nements annuels Chaque ann\u00e9e, le CREDAF organise pr\u00e8s d\u2019une dizaine d\u2019\u00e9v\u00e9nements internationaux tels que conf\u00e9rence, s\u00e9minaires de Directeurs, groupes de travail et autres r\u00e9unions th\u00e9matiques. Ces \u00e9v\u00e9nements ont lieu tour \u00e0 tour dans chacun des pays membres. La conf\u00e9rence annuelle La conf\u00e9rence est l&rsquo;\u00e9v\u00e9nement annuel o\u00f9 se retrouvent&hellip;","_links":{"self":[{"href":"https:\/\/credaf.org\/en\/wp-json\/wp\/v2\/pages\/527","targetHints":{"allow":["GET"]}}],"collection":[{"href":"https:\/\/credaf.org\/en\/wp-json\/wp\/v2\/pages"}],"about":[{"href":"https:\/\/credaf.org\/en\/wp-json\/wp\/v2\/types\/page"}],"author":[{"embeddable":true,"href":"https:\/\/credaf.org\/en\/wp-json\/wp\/v2\/users\/13"}],"replies":[{"embeddable":true,"href":"https:\/\/credaf.org\/en\/wp-json\/wp\/v2\/comments?post=527"}],"version-history":[{"count":0,"href":"https:\/\/credaf.org\/en\/wp-json\/wp\/v2\/pages\/527\/revisions"}],"wp:attachment":[{"href":"https:\/\/credaf.org\/en\/wp-json\/wp\/v2\/media?parent=527"}],"curies":[{"name":"wp","href":"https:\/\/api.w.org\/{rel}","templated":true}]}}