{"id":5448,"date":"2018-01-31T19:13:44","date_gmt":"2018-01-31T18:13:44","guid":{"rendered":"http:\/\/credaf.org\/?page_id=5448"},"modified":"2018-03-14T17:46:18","modified_gmt":"2018-03-14T16:46:18","slug":"academic-partners","status":"publish","type":"page","link":"https:\/\/credaf.org\/en\/academic-partners\/","title":{"rendered":"Academic partners"},"content":{"rendered":"<p>[et_pb_section bb_built=\u00a0\u00bb1&Prime; fullwidth=\u00a0\u00bbon\u00a0\u00bb specialty=\u00a0\u00bboff\u00a0\u00bb][et_pb_fullwidth_header _builder_version=\u00a0\u00bb3.0.93&Prime; title=\u00a0\u00bbAcademic partners\u00a0\u00bb background_image=\u00a0\u00bbhttps:\/\/credaf.org\/wp-content\/uploads\/2018\/01\/page-Pres-fond.png\u00a0\u00bb text_orientation=\u00a0\u00bbleft\u00a0\u00bb header_fullscreen=\u00a0\u00bboff\u00a0\u00bb header_scroll_down=\u00a0\u00bboff\u00a0\u00bb image_orientation=\u00a0\u00bbcenter\u00a0\u00bb background_layout=\u00a0\u00bblight\u00a0\u00bb content_orientation=\u00a0\u00bbcenter\u00a0\u00bb title_text_align=\u00a0\u00bbcenter\u00a0\u00bb custom_button_one=\u00a0\u00bboff\u00a0\u00bb button_one_icon_placement=\u00a0\u00bbright\u00a0\u00bb custom_button_two=\u00a0\u00bboff\u00a0\u00bb button_two_icon_placement=\u00a0\u00bbright\u00a0\u00bb title_font=\u00a0\u00bbSource Sans Pro|300|||||||\u00a0\u00bb title_font_size=\u00a0\u00bb55px\u00a0\u00bb custom_padding=\u00a0\u00bb50px||50px|\u00a0\u00bb \/][\/et_pb_section][et_pb_section bb_built=\u00a0\u00bb1&Prime; fullwidth=\u00a0\u00bboff\u00a0\u00bb specialty=\u00a0\u00bboff\u00a0\u00bb][et_pb_row background_position=\u00a0\u00bbtop_left\u00a0\u00bb background_repeat=\u00a0\u00bbrepeat\u00a0\u00bb background_size=\u00a0\u00bbinitial\u00a0\u00bb][et_pb_column type=\u00a0\u00bb3_4&Prime;][et_pb_text background_layout=\u00a0\u00bblight\u00a0\u00bb background_position=\u00a0\u00bbtop_left\u00a0\u00bb background_repeat=\u00a0\u00bbrepeat\u00a0\u00bb background_size=\u00a0\u00bbinitial\u00a0\u00bb _builder_version=\u00a0\u00bb3.0.93&Prime; module_alignment=\u00a0\u00bbleft\u00a0\u00bb]<\/p>\n<p style=\"text-align: justify;\">Depuis 2012, le Secr\u00e9tariat G\u00e9n\u00e9ral du CREDAF a nou\u00e9 des contacts avec les organisations internationales pour lesquelles il est aujourd&rsquo;hui un partenaire \u00e0 part enti\u00e8re.<\/p>\n<p style=\"text-align: justify;\">\u00c0 ce jour, le CREDAF a conclu six accords de coop\u00e9ration avec le CIAT (2013), l&rsquo;OCDE (2015), le P\u00f4le \u00ab\u00a0Strat\u00e9gie de D\u00e9veloppement et Finances Publiques\u00a0\u00bb du PNUD bas\u00e9 \u00e0 Dakar (2016), l&rsquo;OIF (2017), la FERDI (2017) et l\u2019\u00c9cole des Mines de Paris (2017).<\/p>\n<p style=\"text-align: justify;\">Ces partenariats ont pour objectif de faciliter le dialogue et l&rsquo;\u00e9change d&rsquo;informations entre les membres sur les bonnes pratiques dans le domaine de la fiscalit\u00e9. Cette coop\u00e9ration internationale multilat\u00e9rale, qui est fond\u00e9e sur l&rsquo;int\u00e9r\u00eat commun et la mutualisation des exp\u00e9riences dans le domaine de la fiscalit\u00e9, se retrouve dans les objectifs des organisations.<\/p>\n<p>[\/et_pb_text][\/et_pb_column][et_pb_column type=\u00a0\u00bb1_4&Prime;][\/et_pb_column][\/et_pb_row][et_pb_row make_fullwidth=\u00a0\u00bboff\u00a0\u00bb use_custom_width=\u00a0\u00bboff\u00a0\u00bb width_unit=\u00a0\u00bbon\u00a0\u00bb use_custom_gutter=\u00a0\u00bboff\u00a0\u00bb padding_mobile=\u00a0\u00bboff\u00a0\u00bb allow_player_pause=\u00a0\u00bboff\u00a0\u00bb parallax=\u00a0\u00bboff\u00a0\u00bb parallax_method=\u00a0\u00bboff\u00a0\u00bb make_equal=\u00a0\u00bboff\u00a0\u00bb parallax_1=\u00a0\u00bboff\u00a0\u00bb parallax_method_1=\u00a0\u00bboff\u00a0\u00bb column_padding_mobile=\u00a0\u00bbon\u00a0\u00bb module_id_1=\u00a0\u00bbnos-membres\u00a0\u00bb background_position=\u00a0\u00bbtop_left\u00a0\u00bb background_repeat=\u00a0\u00bbrepeat\u00a0\u00bb background_size=\u00a0\u00bbinitial\u00a0\u00bb][et_pb_column type=\u00a0\u00bb4_4&Prime;][et_pb_text background_layout=\u00a0\u00bblight\u00a0\u00bb text_orientation=\u00a0\u00bbleft\u00a0\u00bb border_style=\u00a0\u00bbsolid\u00a0\u00bb background_position=\u00a0\u00bbtop_left\u00a0\u00bb background_repeat=\u00a0\u00bbrepeat\u00a0\u00bb background_size=\u00a0\u00bbinitial\u00a0\u00bb _builder_version=\u00a0\u00bb3.0.49&Prime; module_alignment=\u00a0\u00bbleft\u00a0\u00bb]<\/p>\n<h2>Partenaires universitaires<\/h2>\n<p>[\/et_pb_text][et_pb_text background_layout=\u00a0\u00bblight\u00a0\u00bb text_orientation=\u00a0\u00bbleft\u00a0\u00bb border_style=\u00a0\u00bbsolid\u00a0\u00bb background_position=\u00a0\u00bbtop_left\u00a0\u00bb background_repeat=\u00a0\u00bbrepeat\u00a0\u00bb background_size=\u00a0\u00bbinitial\u00a0\u00bb _builder_version=\u00a0\u00bb3.0.49&Prime; module_alignment=\u00a0\u00bbleft\u00a0\u00bb]<\/p>\n<p style=\"text-align: justify;\">Afin d&rsquo;en apprendre davantage sur les diff\u00e9rents partenaires du CREDAF, nous vous invitons \u00e0 lire nos fiches sur chacun des partenaires universitaires qui contribuent activement \u00e0 nos travaux et actions dans un esprit de partage et de mutualisation des bonnes pratiques.<\/p>\n<p>[\/et_pb_text][et_pb_text background_layout=\u00a0\u00bblight\u00a0\u00bb text_orientation=\u00a0\u00bbleft\u00a0\u00bb use_border_color=\u00a0\u00bboff\u00a0\u00bb border_color=\u00a0\u00bb#ffffff\u00a0\u00bb border_style=\u00a0\u00bbsolid\u00a0\u00bb background_position=\u00a0\u00bbtop_left\u00a0\u00bb background_repeat=\u00a0\u00bbrepeat\u00a0\u00bb background_size=\u00a0\u00bbinitial\u00a0\u00bb _builder_version=\u00a0\u00bb3.0.49&Prime; module_alignment=\u00a0\u00bbleft\u00a0\u00bb \/][et_pb_text background_layout=\u00a0\u00bblight\u00a0\u00bb background_position=\u00a0\u00bbtop_left\u00a0\u00bb background_repeat=\u00a0\u00bbrepeat\u00a0\u00bb background_size=\u00a0\u00bbinitial\u00a0\u00bb _builder_version=\u00a0\u00bb3.0.93&Prime; module_alignment=\u00a0\u00bbleft\u00a0\u00bb]<\/p>\n<p>&nbsp;<\/p>\n<ul>\n<li><a href=\"http:\/\/www.mines-paristech.eu\/\" target=\"_blank\" rel=\"noopener\">Mines ParisTech<\/a><\/li>\n<\/ul>\n<p>&nbsp;<\/p>\n<ul>\n<li><a href=\"http:\/\/www.ferdi.fr\/en\/node\" target=\"_blank\" rel=\"noopener\">FERDI<\/a><\/li>\n<\/ul>\n<p>[\/et_pb_text][\/et_pb_column][\/et_pb_row][\/et_pb_section]<\/p>\n<!-- AddThis Advanced Settings generic via filter on the_content --><!-- AddThis Share Buttons generic via filter on the_content --><!-- AddThis Related Posts generic via filter on the_content -->","protected":false},"excerpt":{"rendered":"<p>[et_pb_section bb_built=\u00a0\u00bb1&Prime; fullwidth=\u00a0\u00bbon\u00a0\u00bb specialty=\u00a0\u00bboff\u00a0\u00bb][et_pb_fullwidth_header _builder_version=\u00a0\u00bb3.0.93&Prime; title=\u00a0\u00bbAcademic partners\u00a0\u00bb background_image=\u00a0\u00bbhttps:\/\/credaf.org\/wp-content\/uploads\/2018\/01\/page-Pres-fond.png\u00a0\u00bb text_orientation=\u00a0\u00bbleft\u00a0\u00bb header_fullscreen=\u00a0\u00bboff\u00a0\u00bb header_scroll_down=\u00a0\u00bboff\u00a0\u00bb image_orientation=\u00a0\u00bbcenter\u00a0\u00bb background_layout=\u00a0\u00bblight\u00a0\u00bb content_orientation=\u00a0\u00bbcenter\u00a0\u00bb title_text_align=\u00a0\u00bbcenter\u00a0\u00bb custom_button_one=\u00a0\u00bboff\u00a0\u00bb button_one_icon_placement=\u00a0\u00bbright\u00a0\u00bb custom_button_two=\u00a0\u00bboff\u00a0\u00bb button_two_icon_placement=\u00a0\u00bbright\u00a0\u00bb title_font=\u00a0\u00bbSource Sans Pro|300|||||||\u00a0\u00bb title_font_size=\u00a0\u00bb55px\u00a0\u00bb custom_padding=\u00a0\u00bb50px||50px|\u00a0\u00bb \/][\/et_pb_section][et_pb_section bb_built=\u00a0\u00bb1&Prime; fullwidth=\u00a0\u00bboff\u00a0\u00bb specialty=\u00a0\u00bboff\u00a0\u00bb][et_pb_row background_position=\u00a0\u00bbtop_left\u00a0\u00bb background_repeat=\u00a0\u00bbrepeat\u00a0\u00bb background_size=\u00a0\u00bbinitial\u00a0\u00bb][et_pb_column type=\u00a0\u00bb3_4&Prime;][et_pb_text background_layout=\u00a0\u00bblight\u00a0\u00bb background_position=\u00a0\u00bbtop_left\u00a0\u00bb background_repeat=\u00a0\u00bbrepeat\u00a0\u00bb background_size=\u00a0\u00bbinitial\u00a0\u00bb _builder_version=\u00a0\u00bb3.0.93&Prime; module_alignment=\u00a0\u00bbleft\u00a0\u00bb] Depuis 2012, le Secr\u00e9tariat G\u00e9n\u00e9ral du CREDAF a nou\u00e9 des contacts avec les organisations internationales pour lesquelles il est aujourd&rsquo;hui un partenaire<\/p>\n","protected":false},"author":13,"featured_media":0,"parent":0,"menu_order":0,"comment_status":"closed","ping_status":"closed","template":"","meta":{"_acf_changed":false,"footnotes":""},"class_list":["post-5448","page","type-page","status-publish","hentry"],"acf":[],"yoast_head":"<!-- This site is optimized with the Yoast SEO plugin v27.3 - https:\/\/yoast.com\/product\/yoast-seo-wordpress\/ -->\n<title>Academic partners -<\/title>\n<meta name=\"robots\" content=\"index, follow, max-snippet:-1, max-image-preview:large, max-video-preview:-1\" \/>\n<link rel=\"canonical\" href=\"https:\/\/credaf.org\/en\/academic-partners\/\" \/>\n<meta property=\"og:locale\" content=\"en_US\" \/>\n<meta property=\"og:type\" content=\"article\" \/>\n<meta property=\"og:title\" content=\"Academic partners -\" \/>\n<meta property=\"og:description\" content=\"[et_pb_section bb_built=\u00a0\u00bb1&Prime; fullwidth=\u00a0\u00bbon\u00a0\u00bb specialty=\u00a0\u00bboff\u00a0\u00bb][et_pb_fullwidth_header _builder_version=\u00a0\u00bb3.0.93&Prime; title=\u00a0\u00bbAcademic partners\u00a0\u00bb background_image=\u00a0\u00bbhttps:\/\/credaf.org\/wp-content\/uploads\/2018\/01\/page-Pres-fond.png\u00a0\u00bb text_orientation=\u00a0\u00bbleft\u00a0\u00bb header_fullscreen=\u00a0\u00bboff\u00a0\u00bb header_scroll_down=\u00a0\u00bboff\u00a0\u00bb image_orientation=\u00a0\u00bbcenter\u00a0\u00bb background_layout=\u00a0\u00bblight\u00a0\u00bb content_orientation=\u00a0\u00bbcenter\u00a0\u00bb title_text_align=\u00a0\u00bbcenter\u00a0\u00bb custom_button_one=\u00a0\u00bboff\u00a0\u00bb button_one_icon_placement=\u00a0\u00bbright\u00a0\u00bb custom_button_two=\u00a0\u00bboff\u00a0\u00bb button_two_icon_placement=\u00a0\u00bbright\u00a0\u00bb title_font=\u00a0\u00bbSource Sans Pro|300|||||||\u00a0\u00bb title_font_size=\u00a0\u00bb55px\u00a0\u00bb custom_padding=\u00a0\u00bb50px||50px|\u00a0\u00bb \/][\/et_pb_section][et_pb_section bb_built=\u00a0\u00bb1&Prime; fullwidth=\u00a0\u00bboff\u00a0\u00bb specialty=\u00a0\u00bboff\u00a0\u00bb][et_pb_row background_position=\u00a0\u00bbtop_left\u00a0\u00bb background_repeat=\u00a0\u00bbrepeat\u00a0\u00bb background_size=\u00a0\u00bbinitial\u00a0\u00bb][et_pb_column type=\u00a0\u00bb3_4&Prime;][et_pb_text background_layout=\u00a0\u00bblight\u00a0\u00bb background_position=\u00a0\u00bbtop_left\u00a0\u00bb background_repeat=\u00a0\u00bbrepeat\u00a0\u00bb background_size=\u00a0\u00bbinitial\u00a0\u00bb _builder_version=\u00a0\u00bb3.0.93&Prime; module_alignment=\u00a0\u00bbleft\u00a0\u00bb] Depuis 2012, le Secr\u00e9tariat G\u00e9n\u00e9ral du CREDAF a nou\u00e9 des contacts avec les organisations internationales pour lesquelles il est aujourd&rsquo;hui un partenaire\" \/>\n<meta property=\"og:url\" content=\"https:\/\/credaf.org\/en\/academic-partners\/\" \/>\n<meta property=\"article:modified_time\" content=\"2018-03-14T16:46:18+00:00\" \/>\n<meta name=\"twitter:card\" content=\"summary_large_image\" \/>\n<meta name=\"twitter:label1\" content=\"Est. reading time\" \/>\n\t<meta name=\"twitter:data1\" content=\"3 minutes\" \/>\n<script type=\"application\/ld+json\" class=\"yoast-schema-graph\">{\"@context\":\"https:\\\/\\\/schema.org\",\"@graph\":[{\"@type\":\"WebPage\",\"@id\":\"https:\\\/\\\/credaf.org\\\/academic-partners\\\/\",\"url\":\"https:\\\/\\\/credaf.org\\\/academic-partners\\\/\",\"name\":\"Academic partners -\",\"isPartOf\":{\"@id\":\"https:\\\/\\\/credaf.org\\\/#website\"},\"datePublished\":\"2018-01-31T18:13:44+00:00\",\"dateModified\":\"2018-03-14T16:46:18+00:00\",\"breadcrumb\":{\"@id\":\"https:\\\/\\\/credaf.org\\\/academic-partners\\\/#breadcrumb\"},\"inLanguage\":\"en-US\",\"potentialAction\":[{\"@type\":\"ReadAction\",\"target\":[\"https:\\\/\\\/credaf.org\\\/academic-partners\\\/\"]}]},{\"@type\":\"BreadcrumbList\",\"@id\":\"https:\\\/\\\/credaf.org\\\/academic-partners\\\/#breadcrumb\",\"itemListElement\":[{\"@type\":\"ListItem\",\"position\":1,\"name\":\"Accueil\",\"item\":\"https:\\\/\\\/credaf.org\\\/\"},{\"@type\":\"ListItem\",\"position\":2,\"name\":\"Academic partners\"}]},{\"@type\":\"WebSite\",\"@id\":\"https:\\\/\\\/credaf.org\\\/#website\",\"url\":\"https:\\\/\\\/credaf.org\\\/\",\"name\":\"\",\"description\":\"\",\"potentialAction\":[{\"@type\":\"SearchAction\",\"target\":{\"@type\":\"EntryPoint\",\"urlTemplate\":\"https:\\\/\\\/credaf.org\\\/?s={search_term_string}\"},\"query-input\":{\"@type\":\"PropertyValueSpecification\",\"valueRequired\":true,\"valueName\":\"search_term_string\"}}],\"inLanguage\":\"en-US\"}]}<\/script>\n<!-- \/ Yoast SEO plugin. -->","yoast_head_json":{"title":"Academic partners -","robots":{"index":"index","follow":"follow","max-snippet":"max-snippet:-1","max-image-preview":"max-image-preview:large","max-video-preview":"max-video-preview:-1"},"canonical":"https:\/\/credaf.org\/en\/academic-partners\/","og_locale":"en_US","og_type":"article","og_title":"Academic partners -","og_description":"[et_pb_section bb_built=\u00a0\u00bb1&Prime; fullwidth=\u00a0\u00bbon\u00a0\u00bb specialty=\u00a0\u00bboff\u00a0\u00bb][et_pb_fullwidth_header _builder_version=\u00a0\u00bb3.0.93&Prime; title=\u00a0\u00bbAcademic partners\u00a0\u00bb background_image=\u00a0\u00bbhttps:\/\/credaf.org\/wp-content\/uploads\/2018\/01\/page-Pres-fond.png\u00a0\u00bb text_orientation=\u00a0\u00bbleft\u00a0\u00bb header_fullscreen=\u00a0\u00bboff\u00a0\u00bb header_scroll_down=\u00a0\u00bboff\u00a0\u00bb image_orientation=\u00a0\u00bbcenter\u00a0\u00bb background_layout=\u00a0\u00bblight\u00a0\u00bb content_orientation=\u00a0\u00bbcenter\u00a0\u00bb title_text_align=\u00a0\u00bbcenter\u00a0\u00bb custom_button_one=\u00a0\u00bboff\u00a0\u00bb button_one_icon_placement=\u00a0\u00bbright\u00a0\u00bb custom_button_two=\u00a0\u00bboff\u00a0\u00bb button_two_icon_placement=\u00a0\u00bbright\u00a0\u00bb title_font=\u00a0\u00bbSource Sans Pro|300|||||||\u00a0\u00bb title_font_size=\u00a0\u00bb55px\u00a0\u00bb custom_padding=\u00a0\u00bb50px||50px|\u00a0\u00bb \/][\/et_pb_section][et_pb_section bb_built=\u00a0\u00bb1&Prime; fullwidth=\u00a0\u00bboff\u00a0\u00bb specialty=\u00a0\u00bboff\u00a0\u00bb][et_pb_row background_position=\u00a0\u00bbtop_left\u00a0\u00bb background_repeat=\u00a0\u00bbrepeat\u00a0\u00bb background_size=\u00a0\u00bbinitial\u00a0\u00bb][et_pb_column type=\u00a0\u00bb3_4&Prime;][et_pb_text background_layout=\u00a0\u00bblight\u00a0\u00bb background_position=\u00a0\u00bbtop_left\u00a0\u00bb background_repeat=\u00a0\u00bbrepeat\u00a0\u00bb background_size=\u00a0\u00bbinitial\u00a0\u00bb _builder_version=\u00a0\u00bb3.0.93&Prime; module_alignment=\u00a0\u00bbleft\u00a0\u00bb] Depuis 2012, le Secr\u00e9tariat G\u00e9n\u00e9ral du CREDAF a nou\u00e9 des contacts avec les organisations internationales pour lesquelles il est aujourd&rsquo;hui un partenaire","og_url":"https:\/\/credaf.org\/en\/academic-partners\/","article_modified_time":"2018-03-14T16:46:18+00:00","twitter_card":"summary_large_image","twitter_misc":{"Est. reading time":"3 minutes"},"schema":{"@context":"https:\/\/schema.org","@graph":[{"@type":"WebPage","@id":"https:\/\/credaf.org\/academic-partners\/","url":"https:\/\/credaf.org\/academic-partners\/","name":"Academic partners -","isPartOf":{"@id":"https:\/\/credaf.org\/#website"},"datePublished":"2018-01-31T18:13:44+00:00","dateModified":"2018-03-14T16:46:18+00:00","breadcrumb":{"@id":"https:\/\/credaf.org\/academic-partners\/#breadcrumb"},"inLanguage":"en-US","potentialAction":[{"@type":"ReadAction","target":["https:\/\/credaf.org\/academic-partners\/"]}]},{"@type":"BreadcrumbList","@id":"https:\/\/credaf.org\/academic-partners\/#breadcrumb","itemListElement":[{"@type":"ListItem","position":1,"name":"Accueil","item":"https:\/\/credaf.org\/"},{"@type":"ListItem","position":2,"name":"Academic partners"}]},{"@type":"WebSite","@id":"https:\/\/credaf.org\/#website","url":"https:\/\/credaf.org\/","name":"","description":"","potentialAction":[{"@type":"SearchAction","target":{"@type":"EntryPoint","urlTemplate":"https:\/\/credaf.org\/?s={search_term_string}"},"query-input":{"@type":"PropertyValueSpecification","valueRequired":true,"valueName":"search_term_string"}}],"inLanguage":"en-US"}]}},"rttpg_featured_image_url":null,"rttpg_author":{"display_name":"sgcredaf","author_link":"https:\/\/credaf.org\/en\/author\/sgcredaf\/"},"rttpg_comment":0,"rttpg_category":null,"rttpg_excerpt":"[et_pb_section bb_built=\u00a0\u00bb1&Prime; fullwidth=\u00a0\u00bbon\u00a0\u00bb specialty=\u00a0\u00bboff\u00a0\u00bb][et_pb_fullwidth_header _builder_version=\u00a0\u00bb3.0.93&Prime; title=\u00a0\u00bbAcademic partners\u00a0\u00bb background_image=\u00a0\u00bbhttps:\/\/credaf.org\/wp-content\/uploads\/2018\/01\/page-Pres-fond.png\u00a0\u00bb text_orientation=\u00a0\u00bbleft\u00a0\u00bb header_fullscreen=\u00a0\u00bboff\u00a0\u00bb header_scroll_down=\u00a0\u00bboff\u00a0\u00bb image_orientation=\u00a0\u00bbcenter\u00a0\u00bb background_layout=\u00a0\u00bblight\u00a0\u00bb content_orientation=\u00a0\u00bbcenter\u00a0\u00bb title_text_align=\u00a0\u00bbcenter\u00a0\u00bb custom_button_one=\u00a0\u00bboff\u00a0\u00bb button_one_icon_placement=\u00a0\u00bbright\u00a0\u00bb custom_button_two=\u00a0\u00bboff\u00a0\u00bb button_two_icon_placement=\u00a0\u00bbright\u00a0\u00bb title_font=\u00a0\u00bbSource Sans Pro|300|||||||\u00a0\u00bb title_font_size=\u00a0\u00bb55px\u00a0\u00bb custom_padding=\u00a0\u00bb50px||50px|\u00a0\u00bb \/][\/et_pb_section][et_pb_section bb_built=\u00a0\u00bb1&Prime; fullwidth=\u00a0\u00bboff\u00a0\u00bb specialty=\u00a0\u00bboff\u00a0\u00bb][et_pb_row background_position=\u00a0\u00bbtop_left\u00a0\u00bb background_repeat=\u00a0\u00bbrepeat\u00a0\u00bb background_size=\u00a0\u00bbinitial\u00a0\u00bb][et_pb_column type=\u00a0\u00bb3_4&Prime;][et_pb_text background_layout=\u00a0\u00bblight\u00a0\u00bb background_position=\u00a0\u00bbtop_left\u00a0\u00bb background_repeat=\u00a0\u00bbrepeat\u00a0\u00bb background_size=\u00a0\u00bbinitial\u00a0\u00bb _builder_version=\u00a0\u00bb3.0.93&Prime; module_alignment=\u00a0\u00bbleft\u00a0\u00bb] Depuis 2012, le Secr\u00e9tariat G\u00e9n\u00e9ral du CREDAF a nou\u00e9 des contacts avec les organisations internationales pour lesquelles&hellip;","_links":{"self":[{"href":"https:\/\/credaf.org\/en\/wp-json\/wp\/v2\/pages\/5448","targetHints":{"allow":["GET"]}}],"collection":[{"href":"https:\/\/credaf.org\/en\/wp-json\/wp\/v2\/pages"}],"about":[{"href":"https:\/\/credaf.org\/en\/wp-json\/wp\/v2\/types\/page"}],"author":[{"embeddable":true,"href":"https:\/\/credaf.org\/en\/wp-json\/wp\/v2\/users\/13"}],"replies":[{"embeddable":true,"href":"https:\/\/credaf.org\/en\/wp-json\/wp\/v2\/comments?post=5448"}],"version-history":[{"count":0,"href":"https:\/\/credaf.org\/en\/wp-json\/wp\/v2\/pages\/5448\/revisions"}],"wp:attachment":[{"href":"https:\/\/credaf.org\/en\/wp-json\/wp\/v2\/media?parent=5448"}],"curies":[{"name":"wp","href":"https:\/\/api.w.org\/{rel}","templated":true}]}}