{"id":750,"date":"2016-10-06T15:35:30","date_gmt":"2016-10-06T13:35:30","guid":{"rendered":"http:\/\/credaf.org\/?page_id=750"},"modified":"2023-09-21T17:13:05","modified_gmt":"2023-09-21T15:13:05","slug":"actualites","status":"publish","type":"page","link":"https:\/\/credaf.org\/en\/actualites\/","title":{"rendered":"News"},"content":{"rendered":"<div data-elementor-type=\"wp-page\" data-elementor-id=\"750\" class=\"elementor elementor-750\">\n\t\t\t\t<div class=\"elementor-element elementor-element-1985ac3 e-flex e-con-boxed wpr-particle-no wpr-jarallax-no wpr-parallax-no wpr-sticky-section-no wpr-equal-height-no e-con e-parent\" data-id=\"1985ac3\" data-element_type=\"container\" data-e-type=\"container\">\n\t\t\t\t\t<div class=\"e-con-inner\">\n\t\t\t\t<div class=\"elementor-element elementor-element-b1e9436 elementor-widget elementor-widget-wp-widget-gutener_latest_post\" data-id=\"b1e9436\" data-element_type=\"widget\" data-e-type=\"widget\" data-widget_type=\"wp-widget-gutener_latest_post.default\">\n\t\t\t\t<div class=\"elementor-widget-container\">\n\t\t\t\t\t\t\t<!-- sidebar category slide widget -->\r\n\t\t<section class=\"wrapper sidebar-item latest-posts-widget left-thumb-widget\">\r\n\t\t\t<h5>Recent articles<\/h5>\r\n\t\t\t<div class=\"widget-content\">\r\n\t\t\t\t\t<article class=\"post\">\r\n\t\t    \r\n\t\t   \r\n\t\t\t<div class=\"post-content\">\r\n\t\t\t\t<h3 class=\"entry-title\">\r\n\t\t\t\t\t<a href=\"https:\/\/credaf.org\/en\/seminaire-preparatoire-a-la-conference-annuelle-2026-paris-du-8-au-10-avril-2026\/\">\r\n\t\t\t\t\t\tS\u00e9minaire pr\u00e9paratoire \u00e0 la conf\u00e9rence annuelle 2026, Paris du 8 au 10 avril 2026\t\t\t\t\t<\/a>\r\n\t\t\t\t<\/h3>\r\n\t\t\t\t<div class=\"entry-meta\">\r\n\t\t\t\t\t\t\t\t\t\t\t  <span class=\"posted-on\">\r\n\t\t\t\t\t\t       <a href=\"https:\/\/credaf.org\/en\/2026\/04\/16\/\" >\r\n\t\t\t\t\t\t            <time datetime=\"2026-04-16T16:14:41+02:00\">\r\n\t\t\t\t\t\t            \tApr 04, 2026\t\t\t\t\t\t            <\/time>\r\n\t\t\t\t\t\t       <\/a>\r\n\t\t\t\t\t\t  <\/span>\r\n\t\t\t\t\t\t  <span class=\"comments-link\">\r\n\t\t\t\t\t\t   <a href=\"https:\/\/credaf.org\/en\/seminaire-preparatoire-a-la-conference-annuelle-2026-paris-du-8-au-10-avril-2026\/#respond\">\r\n\t\t\t\t\t\t\t   \t0\t\t\t\t\t\t   <\/a>\r\n\t\t\t\t\t\t<\/span>\r\n\t\t\t\t \t\t\t\t\t<\/div>\r\n\t\t\t<\/div>\r\n\t\t<\/article>\r\n\t\t\t\t<article class=\"post\">\r\n\t\t    \r\n\t\t   \r\n\t\t\t<div class=\"post-content\">\r\n\t\t\t\t<h3 class=\"entry-title\">\r\n\t\t\t\t\t<a href=\"https:\/\/credaf.org\/en\/capsule-de-veille-rq-enap-nouvelle-zelande-fin-du-projet-de-transformation-numerique\/\">\r\n\t\t\t\t\t\tCapsule de veille RQ-ENAP \u2013 Nouvelle-Z\u00e9lande : fin du projet de transformation num\u00e9rique\t\t\t\t\t<\/a>\r\n\t\t\t\t<\/h3>\r\n\t\t\t\t<div class=\"entry-meta\">\r\n\t\t\t\t\t\t\t\t\t\t\t  <span class=\"posted-on\">\r\n\t\t\t\t\t\t       <a href=\"https:\/\/credaf.org\/en\/2026\/03\/19\/\" >\r\n\t\t\t\t\t\t            <time datetime=\"2026-03-19T18:11:38+01:00\">\r\n\t\t\t\t\t\t            \tMar 03, 2026\t\t\t\t\t\t            <\/time>\r\n\t\t\t\t\t\t       <\/a>\r\n\t\t\t\t\t\t  <\/span>\r\n\t\t\t\t\t\t  <span class=\"comments-link\">\r\n\t\t\t\t\t\t   <a href=\"https:\/\/credaf.org\/en\/capsule-de-veille-rq-enap-nouvelle-zelande-fin-du-projet-de-transformation-numerique\/#respond\">\r\n\t\t\t\t\t\t\t   \t0\t\t\t\t\t\t   <\/a>\r\n\t\t\t\t\t\t<\/span>\r\n\t\t\t\t \t\t\t\t\t<\/div>\r\n\t\t\t<\/div>\r\n\t\t<\/article>\r\n\t\t\t\t<article class=\"post\">\r\n\t\t    \r\n\t\t   \r\n\t\t\t<div class=\"post-content\">\r\n\t\t\t\t<h3 class=\"entry-title\">\r\n\t\t\t\t\t<a href=\"https:\/\/credaf.org\/en\/capsule-de-veille-rq-enap-ocde-degre-de-maturite-de-la-transformation-numerique-des-agences-fiscales\/\">\r\n\t\t\t\t\t\tCapsule de veille RQ-ENAP \u2013 OCDE : degr\u00e9 de maturit\u00e9 de la transformation num\u00e9rique des agences fiscales\t\t\t\t\t<\/a>\r\n\t\t\t\t<\/h3>\r\n\t\t\t\t<div class=\"entry-meta\">\r\n\t\t\t\t\t\t\t\t\t\t\t  <span class=\"posted-on\">\r\n\t\t\t\t\t\t       <a href=\"https:\/\/credaf.org\/en\/2026\/02\/12\/\" >\r\n\t\t\t\t\t\t            <time datetime=\"2026-02-12T10:06:16+01:00\">\r\n\t\t\t\t\t\t            \tFeb 02, 2026\t\t\t\t\t\t            <\/time>\r\n\t\t\t\t\t\t       <\/a>\r\n\t\t\t\t\t\t  <\/span>\r\n\t\t\t\t\t\t  <span class=\"comments-link\">\r\n\t\t\t\t\t\t   <a href=\"https:\/\/credaf.org\/en\/capsule-de-veille-rq-enap-ocde-degre-de-maturite-de-la-transformation-numerique-des-agences-fiscales\/#respond\">\r\n\t\t\t\t\t\t\t   \t0\t\t\t\t\t\t   <\/a>\r\n\t\t\t\t\t\t<\/span>\r\n\t\t\t\t \t\t\t\t\t<\/div>\r\n\t\t\t<\/div>\r\n\t\t<\/article>\r\n\t\t\t\t<article class=\"post\">\r\n\t\t    \r\n\t\t   \r\n\t\t\t<div class=\"post-content\">\r\n\t\t\t\t<h3 class=\"entry-title\">\r\n\t\t\t\t\t<a href=\"https:\/\/credaf.org\/en\/ocde-credaf-2e-edition-de-la-conference-regionale-sur-la-fiscalite-pour-les-pays-francophones\/\">\r\n\t\t\t\t\t\tOCDE-CREDAF &#8211; 2e \u00e9dition de la conf\u00e9rence r\u00e9gionale sur la fiscalit\u00e9 pour les pays francophones\t\t\t\t\t<\/a>\r\n\t\t\t\t<\/h3>\r\n\t\t\t\t<div class=\"entry-meta\">\r\n\t\t\t\t\t\t\t\t\t\t\t  <span class=\"posted-on\">\r\n\t\t\t\t\t\t       <a href=\"https:\/\/credaf.org\/en\/2026\/01\/12\/\" >\r\n\t\t\t\t\t\t            <time datetime=\"2026-01-12T10:46:03+01:00\">\r\n\t\t\t\t\t\t            \tJan 01, 2026\t\t\t\t\t\t            <\/time>\r\n\t\t\t\t\t\t       <\/a>\r\n\t\t\t\t\t\t  <\/span>\r\n\t\t\t\t\t\t  <span class=\"comments-link\">\r\n\t\t\t\t\t\t   <a href=\"https:\/\/credaf.org\/en\/ocde-credaf-2e-edition-de-la-conference-regionale-sur-la-fiscalite-pour-les-pays-francophones\/#respond\">\r\n\t\t\t\t\t\t\t   \t0\t\t\t\t\t\t   <\/a>\r\n\t\t\t\t\t\t<\/span>\r\n\t\t\t\t \t\t\t\t\t<\/div>\r\n\t\t\t<\/div>\r\n\t\t<\/article>\r\n\t\t\t\t<article class=\"post\">\r\n\t\t    \r\n\t\t   \r\n\t\t\t<div class=\"post-content\">\r\n\t\t\t\t<h3 class=\"entry-title\">\r\n\t\t\t\t\t<a href=\"https:\/\/credaf.org\/en\/capsule-de-veille-rq-enap-ocde-civisme-fiscal-des-multinationales\/\">\r\n\t\t\t\t\t\tCapsule de veille RQ-ENAP \u2013 OCDE : civisme fiscal des multinationales\t\t\t\t\t<\/a>\r\n\t\t\t\t<\/h3>\r\n\t\t\t\t<div class=\"entry-meta\">\r\n\t\t\t\t\t\t\t\t\t\t\t  <span class=\"posted-on\">\r\n\t\t\t\t\t\t       <a href=\"https:\/\/credaf.org\/en\/2026\/01\/12\/\" >\r\n\t\t\t\t\t\t            <time datetime=\"2026-01-12T10:35:42+01:00\">\r\n\t\t\t\t\t\t            \tJan 01, 2026\t\t\t\t\t\t            <\/time>\r\n\t\t\t\t\t\t       <\/a>\r\n\t\t\t\t\t\t  <\/span>\r\n\t\t\t\t\t\t  <span class=\"comments-link\">\r\n\t\t\t\t\t\t   <a href=\"https:\/\/credaf.org\/en\/capsule-de-veille-rq-enap-ocde-civisme-fiscal-des-multinationales\/#respond\">\r\n\t\t\t\t\t\t\t   \t0\t\t\t\t\t\t   <\/a>\r\n\t\t\t\t\t\t<\/span>\r\n\t\t\t\t \t\t\t\t\t<\/div>\r\n\t\t\t<\/div>\r\n\t\t<\/article>\r\n\t\t\t\t\t<\/div>\r\n\t\t<\/section>\r\n\t\t\t\t\t\t<\/div>\n\t\t\t\t<\/div>\n\t\t\t\t\t<\/div>\n\t\t\t\t<\/div>\n\t\t\t\t<\/div>\n\t\t<!-- AddThis Advanced Settings generic via filter on the_content --><!-- AddThis Share Buttons generic via filter on the_content --><!-- AddThis Related Posts generic via filter on the_content -->","protected":false},"excerpt":{"rendered":"","protected":false},"author":13,"featured_media":0,"parent":0,"menu_order":0,"comment_status":"closed","ping_status":"closed","template":"","meta":{"_acf_changed":false,"footnotes":""},"class_list":["post-750","page","type-page","status-publish","hentry"],"acf":[],"yoast_head":"<!-- This site is optimized with the Yoast SEO plugin v27.4 - https:\/\/yoast.com\/product\/yoast-seo-wordpress\/ -->\n<title>CREDAF - Retrouvez dans cette rubrique toutes les actualit\u00e9s du CREDAF<\/title>\n<meta name=\"description\" content=\"CREDAF - Retrouvez dans cette rubrique toutes les actualit\u00e9s du CREDAF, le colloque, les s\u00e9minaires, les groupes de travail...\" \/>\n<meta name=\"robots\" content=\"index, follow, max-snippet:-1, max-image-preview:large, max-video-preview:-1\" \/>\n<link rel=\"canonical\" href=\"https:\/\/credaf.org\/en\/actualites\/\" \/>\n<meta property=\"og:locale\" content=\"en_US\" \/>\n<meta property=\"og:type\" content=\"article\" \/>\n<meta property=\"og:title\" content=\"CREDAF - Retrouvez dans cette rubrique toutes les actualit\u00e9s du CREDAF\" \/>\n<meta property=\"og:description\" content=\"CREDAF - Retrouvez dans cette rubrique toutes les actualit\u00e9s du CREDAF, le colloque, les s\u00e9minaires, les groupes de travail...\" \/>\n<meta property=\"og:url\" content=\"https:\/\/credaf.org\/en\/actualites\/\" \/>\n<meta property=\"article:modified_time\" content=\"2023-09-21T15:13:05+00:00\" \/>\n<meta name=\"twitter:card\" content=\"summary_large_image\" \/>\n<meta name=\"twitter:label1\" content=\"Est. reading time\" \/>\n\t<meta name=\"twitter:data1\" content=\"1 minute\" \/>\n<script type=\"application\/ld+json\" class=\"yoast-schema-graph\">{\"@context\":\"https:\\\/\\\/schema.org\",\"@graph\":[{\"@type\":\"WebPage\",\"@id\":\"https:\\\/\\\/credaf.org\\\/actualites\\\/\",\"url\":\"https:\\\/\\\/credaf.org\\\/actualites\\\/\",\"name\":\"CREDAF - Retrouvez dans cette rubrique toutes les actualit\u00e9s du CREDAF\",\"isPartOf\":{\"@id\":\"https:\\\/\\\/credaf.org\\\/#website\"},\"datePublished\":\"2016-10-06T13:35:30+00:00\",\"dateModified\":\"2023-09-21T15:13:05+00:00\",\"description\":\"CREDAF - Retrouvez dans cette rubrique toutes les actualit\u00e9s du CREDAF, le colloque, les s\u00e9minaires, les groupes de travail...\",\"breadcrumb\":{\"@id\":\"https:\\\/\\\/credaf.org\\\/actualites\\\/#breadcrumb\"},\"inLanguage\":\"en-US\",\"potentialAction\":[{\"@type\":\"ReadAction\",\"target\":[\"https:\\\/\\\/credaf.org\\\/actualites\\\/\"]}]},{\"@type\":\"BreadcrumbList\",\"@id\":\"https:\\\/\\\/credaf.org\\\/actualites\\\/#breadcrumb\",\"itemListElement\":[{\"@type\":\"ListItem\",\"position\":1,\"name\":\"Accueil\",\"item\":\"https:\\\/\\\/credaf.org\\\/\"},{\"@type\":\"ListItem\",\"position\":2,\"name\":\"Actualit\u00e9s\"}]},{\"@type\":\"WebSite\",\"@id\":\"https:\\\/\\\/credaf.org\\\/#website\",\"url\":\"https:\\\/\\\/credaf.org\\\/\",\"name\":\"\",\"description\":\"\",\"potentialAction\":[{\"@type\":\"SearchAction\",\"target\":{\"@type\":\"EntryPoint\",\"urlTemplate\":\"https:\\\/\\\/credaf.org\\\/?s={search_term_string}\"},\"query-input\":{\"@type\":\"PropertyValueSpecification\",\"valueRequired\":true,\"valueName\":\"search_term_string\"}}],\"inLanguage\":\"en-US\"}]}<\/script>\n<!-- \/ Yoast SEO plugin. -->","yoast_head_json":{"title":"CREDAF - Retrouvez dans cette rubrique toutes les actualit\u00e9s du CREDAF","description":"CREDAF - Retrouvez dans cette rubrique toutes les actualit\u00e9s du CREDAF, le colloque, les s\u00e9minaires, les groupes de travail...","robots":{"index":"index","follow":"follow","max-snippet":"max-snippet:-1","max-image-preview":"max-image-preview:large","max-video-preview":"max-video-preview:-1"},"canonical":"https:\/\/credaf.org\/en\/actualites\/","og_locale":"en_US","og_type":"article","og_title":"CREDAF - Retrouvez dans cette rubrique toutes les actualit\u00e9s du CREDAF","og_description":"CREDAF - Retrouvez dans cette rubrique toutes les actualit\u00e9s du CREDAF, le colloque, les s\u00e9minaires, les groupes de travail...","og_url":"https:\/\/credaf.org\/en\/actualites\/","article_modified_time":"2023-09-21T15:13:05+00:00","twitter_card":"summary_large_image","twitter_misc":{"Est. reading time":"1 minute"},"schema":{"@context":"https:\/\/schema.org","@graph":[{"@type":"WebPage","@id":"https:\/\/credaf.org\/actualites\/","url":"https:\/\/credaf.org\/actualites\/","name":"CREDAF - Retrouvez dans cette rubrique toutes les actualit\u00e9s du CREDAF","isPartOf":{"@id":"https:\/\/credaf.org\/#website"},"datePublished":"2016-10-06T13:35:30+00:00","dateModified":"2023-09-21T15:13:05+00:00","description":"CREDAF - Retrouvez dans cette rubrique toutes les actualit\u00e9s du CREDAF, le colloque, les s\u00e9minaires, les groupes de travail...","breadcrumb":{"@id":"https:\/\/credaf.org\/actualites\/#breadcrumb"},"inLanguage":"en-US","potentialAction":[{"@type":"ReadAction","target":["https:\/\/credaf.org\/actualites\/"]}]},{"@type":"BreadcrumbList","@id":"https:\/\/credaf.org\/actualites\/#breadcrumb","itemListElement":[{"@type":"ListItem","position":1,"name":"Accueil","item":"https:\/\/credaf.org\/"},{"@type":"ListItem","position":2,"name":"Actualit\u00e9s"}]},{"@type":"WebSite","@id":"https:\/\/credaf.org\/#website","url":"https:\/\/credaf.org\/","name":"","description":"","potentialAction":[{"@type":"SearchAction","target":{"@type":"EntryPoint","urlTemplate":"https:\/\/credaf.org\/?s={search_term_string}"},"query-input":{"@type":"PropertyValueSpecification","valueRequired":true,"valueName":"search_term_string"}}],"inLanguage":"en-US"}]}},"rttpg_featured_image_url":null,"rttpg_author":{"display_name":"sgcredaf","author_link":"https:\/\/credaf.org\/en\/author\/sgcredaf\/"},"rttpg_comment":0,"rttpg_category":"","rttpg_excerpt":null,"_links":{"self":[{"href":"https:\/\/credaf.org\/en\/wp-json\/wp\/v2\/pages\/750","targetHints":{"allow":["GET"]}}],"collection":[{"href":"https:\/\/credaf.org\/en\/wp-json\/wp\/v2\/pages"}],"about":[{"href":"https:\/\/credaf.org\/en\/wp-json\/wp\/v2\/types\/page"}],"author":[{"embeddable":true,"href":"https:\/\/credaf.org\/en\/wp-json\/wp\/v2\/users\/13"}],"replies":[{"embeddable":true,"href":"https:\/\/credaf.org\/en\/wp-json\/wp\/v2\/comments?post=750"}],"version-history":[{"count":0,"href":"https:\/\/credaf.org\/en\/wp-json\/wp\/v2\/pages\/750\/revisions"}],"wp:attachment":[{"href":"https:\/\/credaf.org\/en\/wp-json\/wp\/v2\/media?parent=750"}],"curies":[{"name":"wp","href":"https:\/\/api.w.org\/{rel}","templated":true}]}}