{"id":997,"date":"2019-12-05T17:56:39","date_gmt":"2019-12-05T16:56:39","guid":{"rendered":"http:\/\/credaf.org\/?page_id=997"},"modified":"2026-01-12T11:20:21","modified_gmt":"2026-01-12T10:20:21","slug":"agenda","status":"publish","type":"page","link":"https:\/\/credaf.org\/en\/agenda\/","title":{"rendered":"Calendar"},"content":{"rendered":"<div data-elementor-type=\"wp-page\" data-elementor-id=\"997\" class=\"elementor elementor-997\">\n\t\t\t\t<div class=\"elementor-element elementor-element-ec817c1 e-flex e-con-boxed wpr-particle-no wpr-jarallax-no wpr-parallax-no wpr-sticky-section-no e-con e-parent\" data-id=\"ec817c1\" data-element_type=\"container\" data-e-type=\"container\">\n\t\t\t\t\t<div class=\"e-con-inner\">\n\t\t\t\t<div class=\"elementor-element elementor-element-154c3b2 elementor-widget-divider--view-line_text elementor-widget-divider--element-align-center elementor-widget elementor-widget-divider\" data-id=\"154c3b2\" data-element_type=\"widget\" data-e-type=\"widget\" data-widget_type=\"divider.default\">\n\t\t\t\t<div class=\"elementor-widget-container\">\n\t\t\t\t\t\t\t<div class=\"elementor-divider\">\n\t\t\t<span class=\"elementor-divider-separator\">\n\t\t\t\t\t\t\t<span class=\"elementor-divider__text elementor-divider__element\">\n\t\t\t\tPROGRAMS\t\t\t\t<\/span>\n\t\t\t\t\t\t<\/span>\n\t\t<\/div>\n\t\t\t\t\t\t<\/div>\n\t\t\t\t<\/div>\n\t\t\t\t\t<\/div>\n\t\t\t\t<\/div>\n\t\t<div class=\"elementor-element elementor-element-4478b10 e-flex e-con-boxed wpr-particle-no wpr-jarallax-no wpr-parallax-no wpr-sticky-section-no e-con e-parent\" data-id=\"4478b10\" data-element_type=\"container\" data-e-type=\"container\">\n\t\t\t\t\t<div class=\"e-con-inner\">\n\t\t\t\t<div class=\"elementor-element elementor-element-d832039 elementor-widget elementor-widget-text-editor\" data-id=\"d832039\" data-element_type=\"widget\" data-e-type=\"widget\" data-widget_type=\"text-editor.default\">\n\t\t\t\t<div class=\"elementor-widget-container\">\n\t\t\t\t\t\t\t\t\t<ul><li><a href=\"https:\/\/credaf.org\/wp-content\/uploads\/2026\/01\/Programme_2025-2026.pdf\" target=\"_blank\" rel=\"noopener\">T\u00e9l\u00e9charger le programme_2025-2026<\/a><\/li><li><a href=\"https:\/\/credaf.org\/wp-content\/uploads\/2024\/10\/Programme_2024-2025-2.pdf\" target=\"_blank\" rel=\"noopener\">T\u00e9l\u00e9charger le Programme_2024-2025<\/a><\/li><li><a href=\"https:\/\/credaf.org\/wp-content\/uploads\/2023\/09\/Programme_2023-2024.pdf\">T\u00e9l\u00e9charger le Programme_2023-2024<\/a><\/li><li><a style=\"color: #086abd;background-color: #ffffff;font-family: var( --e-global-typography-text-font-family ), Sans-serif\" href=\"https:\/\/credaf.org\/wp-content\/uploads\/2023\/02\/Programme_2023.pdf\" target=\"_blank\" rel=\"noopener\">T\u00e9l\u00e9charger le Programme_2023<\/a><\/li><li><a style=\"background-color: #ffffff;font-family: var( --e-global-typography-text-font-family ), Sans-serif;font-weight: var( --e-global-typography-text-font-weight )\" href=\"https:\/\/credaf.org\/wp-content\/uploads\/2022\/10\/Programme_2022.pdf\" target=\"_blank\" rel=\"noopener\">T\u00e9l\u00e9charger le Programme_2022<\/a><\/li><li><a style=\"background-color: #ffffff;font-family: var( --e-global-typography-text-font-family ), Sans-serif;font-weight: var( --e-global-typography-text-font-weight )\" href=\"https:\/\/credaf.org\/wp-content\/uploads\/2022\/01\/Programme_2021.pdf\" target=\"_blank\" rel=\"noopener\">T\u00e9l\u00e9charger le Programme_2021<\/a><\/li><li><a style=\"background-color: #ffffff;font-family: var( --e-global-typography-text-font-family ), Sans-serif;font-weight: var( --e-global-typography-text-font-weight )\" href=\"https:\/\/credaf.org\/wp-content\/uploads\/2021\/09\/Programme_2020.pdf\" target=\"_blank\" rel=\"noopener\">T\u00e9l\u00e9charger le Programme_2020<\/a><\/li><li><a style=\"background-color: #ffffff;font-family: var( --e-global-typography-text-font-family ), Sans-serif;font-weight: var( --e-global-typography-text-font-weight )\" href=\"https:\/\/credaf.org\/wp-content\/uploads\/2021\/09\/Programme_2019.pdf\" target=\"_blank\" rel=\"noopener\">T\u00e9l\u00e9charger le Programme_2019<\/a><\/li><\/ul>\t\t\t\t\t\t\t\t<\/div>\n\t\t\t\t<\/div>\n\t\t\t\t\t<\/div>\n\t\t\t\t<\/div>\n\t\t\t\t<\/div>\n\t\t<!-- AddThis Advanced Settings generic via filter on the_content --><!-- AddThis Share Buttons generic via filter on the_content --><!-- AddThis Related Posts generic via filter on the_content -->","protected":false},"excerpt":{"rendered":"<p>PROGRAMMES T\u00e9l\u00e9charger le programme_2025-2026 T\u00e9l\u00e9charger le Programme_2024-2025 T\u00e9l\u00e9charger le Programme_2023-2024 T\u00e9l\u00e9charger le Programme_2023 T\u00e9l\u00e9charger le Programme_2022 T\u00e9l\u00e9charger le Programme_2021 T\u00e9l\u00e9charger le Programme_2020 T\u00e9l\u00e9charger le Programme_2019<\/p>","protected":false},"author":13,"featured_media":0,"parent":0,"menu_order":0,"comment_status":"closed","ping_status":"closed","template":"","meta":{"_acf_changed":false,"footnotes":""},"class_list":["post-997","page","type-page","status-publish","hentry"],"acf":[],"yoast_head":"<!-- This site is optimized with the Yoast SEO plugin v27.3 - https:\/\/yoast.com\/product\/yoast-seo-wordpress\/ -->\n<title>Agenda -<\/title>\n<meta name=\"robots\" content=\"index, follow, max-snippet:-1, max-image-preview:large, max-video-preview:-1\" \/>\n<link rel=\"canonical\" href=\"https:\/\/credaf.org\/en\/agenda\/\" \/>\n<meta property=\"og:locale\" content=\"en_US\" \/>\n<meta property=\"og:type\" content=\"article\" \/>\n<meta property=\"og:title\" content=\"Agenda -\" \/>\n<meta property=\"og:description\" content=\"PROGRAMMES T\u00e9l\u00e9charger le programme_2025-2026 T\u00e9l\u00e9charger le Programme_2024-2025 T\u00e9l\u00e9charger le Programme_2023-2024 T\u00e9l\u00e9charger le Programme_2023 T\u00e9l\u00e9charger le Programme_2022 T\u00e9l\u00e9charger le Programme_2021 T\u00e9l\u00e9charger le Programme_2020 T\u00e9l\u00e9charger le Programme_2019\" \/>\n<meta property=\"og:url\" content=\"https:\/\/credaf.org\/en\/agenda\/\" \/>\n<meta property=\"article:modified_time\" content=\"2026-01-12T10:20:21+00:00\" \/>\n<meta name=\"twitter:card\" content=\"summary_large_image\" \/>\n<meta name=\"twitter:label1\" content=\"Est. reading time\" \/>\n\t<meta name=\"twitter:data1\" content=\"1 minute\" \/>\n<script type=\"application\/ld+json\" class=\"yoast-schema-graph\">{\"@context\":\"https:\\\/\\\/schema.org\",\"@graph\":[{\"@type\":\"WebPage\",\"@id\":\"https:\\\/\\\/credaf.org\\\/agenda\\\/\",\"url\":\"https:\\\/\\\/credaf.org\\\/agenda\\\/\",\"name\":\"Agenda -\",\"isPartOf\":{\"@id\":\"https:\\\/\\\/credaf.org\\\/#website\"},\"datePublished\":\"2019-12-05T16:56:39+00:00\",\"dateModified\":\"2026-01-12T10:20:21+00:00\",\"breadcrumb\":{\"@id\":\"https:\\\/\\\/credaf.org\\\/agenda\\\/#breadcrumb\"},\"inLanguage\":\"en-US\",\"potentialAction\":[{\"@type\":\"ReadAction\",\"target\":[\"https:\\\/\\\/credaf.org\\\/agenda\\\/\"]}]},{\"@type\":\"BreadcrumbList\",\"@id\":\"https:\\\/\\\/credaf.org\\\/agenda\\\/#breadcrumb\",\"itemListElement\":[{\"@type\":\"ListItem\",\"position\":1,\"name\":\"Accueil\",\"item\":\"https:\\\/\\\/credaf.org\\\/\"},{\"@type\":\"ListItem\",\"position\":2,\"name\":\"Agenda\"}]},{\"@type\":\"WebSite\",\"@id\":\"https:\\\/\\\/credaf.org\\\/#website\",\"url\":\"https:\\\/\\\/credaf.org\\\/\",\"name\":\"\",\"description\":\"\",\"potentialAction\":[{\"@type\":\"SearchAction\",\"target\":{\"@type\":\"EntryPoint\",\"urlTemplate\":\"https:\\\/\\\/credaf.org\\\/?s={search_term_string}\"},\"query-input\":{\"@type\":\"PropertyValueSpecification\",\"valueRequired\":true,\"valueName\":\"search_term_string\"}}],\"inLanguage\":\"en-US\"}]}<\/script>\n<!-- \/ Yoast SEO plugin. -->","yoast_head_json":{"title":"Agenda -","robots":{"index":"index","follow":"follow","max-snippet":"max-snippet:-1","max-image-preview":"max-image-preview:large","max-video-preview":"max-video-preview:-1"},"canonical":"https:\/\/credaf.org\/en\/agenda\/","og_locale":"en_US","og_type":"article","og_title":"Agenda -","og_description":"PROGRAMMES T\u00e9l\u00e9charger le programme_2025-2026 T\u00e9l\u00e9charger le Programme_2024-2025 T\u00e9l\u00e9charger le Programme_2023-2024 T\u00e9l\u00e9charger le Programme_2023 T\u00e9l\u00e9charger le Programme_2022 T\u00e9l\u00e9charger le Programme_2021 T\u00e9l\u00e9charger le Programme_2020 T\u00e9l\u00e9charger le Programme_2019","og_url":"https:\/\/credaf.org\/en\/agenda\/","article_modified_time":"2026-01-12T10:20:21+00:00","twitter_card":"summary_large_image","twitter_misc":{"Est. reading time":"1 minute"},"schema":{"@context":"https:\/\/schema.org","@graph":[{"@type":"WebPage","@id":"https:\/\/credaf.org\/agenda\/","url":"https:\/\/credaf.org\/agenda\/","name":"Agenda -","isPartOf":{"@id":"https:\/\/credaf.org\/#website"},"datePublished":"2019-12-05T16:56:39+00:00","dateModified":"2026-01-12T10:20:21+00:00","breadcrumb":{"@id":"https:\/\/credaf.org\/agenda\/#breadcrumb"},"inLanguage":"en-US","potentialAction":[{"@type":"ReadAction","target":["https:\/\/credaf.org\/agenda\/"]}]},{"@type":"BreadcrumbList","@id":"https:\/\/credaf.org\/agenda\/#breadcrumb","itemListElement":[{"@type":"ListItem","position":1,"name":"Accueil","item":"https:\/\/credaf.org\/"},{"@type":"ListItem","position":2,"name":"Agenda"}]},{"@type":"WebSite","@id":"https:\/\/credaf.org\/#website","url":"https:\/\/credaf.org\/","name":"","description":"","potentialAction":[{"@type":"SearchAction","target":{"@type":"EntryPoint","urlTemplate":"https:\/\/credaf.org\/?s={search_term_string}"},"query-input":{"@type":"PropertyValueSpecification","valueRequired":true,"valueName":"search_term_string"}}],"inLanguage":"en-US"}]}},"rttpg_featured_image_url":null,"rttpg_author":{"display_name":"sgcredaf","author_link":"https:\/\/credaf.org\/en\/author\/sgcredaf\/"},"rttpg_comment":0,"rttpg_category":null,"rttpg_excerpt":"PROGRAMMES T\u00e9l\u00e9charger le programme_2025-2026 T\u00e9l\u00e9charger le Programme_2024-2025 T\u00e9l\u00e9charger le Programme_2023-2024 T\u00e9l\u00e9charger le Programme_2023 T\u00e9l\u00e9charger le Programme_2022 T\u00e9l\u00e9charger le Programme_2021 T\u00e9l\u00e9charger le Programme_2020 T\u00e9l\u00e9charger le Programme_2019","_links":{"self":[{"href":"https:\/\/credaf.org\/en\/wp-json\/wp\/v2\/pages\/997","targetHints":{"allow":["GET"]}}],"collection":[{"href":"https:\/\/credaf.org\/en\/wp-json\/wp\/v2\/pages"}],"about":[{"href":"https:\/\/credaf.org\/en\/wp-json\/wp\/v2\/types\/page"}],"author":[{"embeddable":true,"href":"https:\/\/credaf.org\/en\/wp-json\/wp\/v2\/users\/13"}],"replies":[{"embeddable":true,"href":"https:\/\/credaf.org\/en\/wp-json\/wp\/v2\/comments?post=997"}],"version-history":[{"count":14,"href":"https:\/\/credaf.org\/en\/wp-json\/wp\/v2\/pages\/997\/revisions"}],"predecessor-version":[{"id":11385,"href":"https:\/\/credaf.org\/en\/wp-json\/wp\/v2\/pages\/997\/revisions\/11385"}],"wp:attachment":[{"href":"https:\/\/credaf.org\/en\/wp-json\/wp\/v2\/media?parent=997"}],"curies":[{"name":"wp","href":"https:\/\/api.w.org\/{rel}","templated":true}]}}